{"id":327746,"date":"2024-05-07T12:11:03","date_gmt":"2024-05-07T11:11:03","guid":{"rendered":"https:\/\/www.purejewels.com\/?post_type=product&#038;p=327746"},"modified":"2026-01-07T05:53:49","modified_gmt":"2026-01-07T05:53:49","slug":"kadinlar-icin-22-ayar-altin-yuzuk-33663","status":"publish","type":"product","link":"https:\/\/www.purejewels.com\/tr\/product\/22-carat-gold-ring-for-women-33663\/","title":{"rendered":"Kad\u0131nlar i\u00e7in 22 Ayar Alt\u0131n Y\u00fcz\u00fck"},"content":{"rendered":"<p>Bu y\u00fcz\u00fck 22 ayar alt\u0131ndan yap\u0131lm\u0131\u015ft\u0131r ve 2,4 gr a\u011f\u0131rl\u0131\u011f\u0131ndad\u0131r. Bu zarif alt\u0131n y\u00fcz\u00fck, pembe k\u00fcbik zirkon ta\u015flarla s\u00fcslenmi\u015f 22 ayar alt\u0131ndan \u00fcretilmi\u015ftir. Bu <a href=\"https:\/\/www.purejewels.com\/tr\/product\/22ct-yellow-gold-cz-ring-51205\/\">22 ayar alt\u0131n y\u00fcz\u00fck<\/a> d\u00fc\u011f\u00fcnlerden tatil partilerine kadar resmi durumlar i\u00e7in m\u00fckemmeldir. \u00d6m\u00fcr boyu dayanacak kadar dayan\u0131kl\u0131d\u0131r. Bunlar <a href=\"https:\/\/www.purejewels.com\/tr\/product-category\/22ct-gold-jewellery\/gold-rings\/\">halkalar<\/a> istifleme f\u0131rsatlar\u0131 ve hatta tek ba\u015flar\u0131na ifade vermek i\u00e7in m\u00fckemmeldir! Alt\u0131n y\u00fcz\u00fck t\u00fcm boylarda mevcuttur.<\/p>","protected":false},"excerpt":{"rendered":"<p>&nbsp;<\/p>\n<ul>\n<li>22 Ayar Alt\u0131n CZ Y\u00fcz\u00fck<\/li>\n<li>Pembe ile\u00a0<span id=\"urn:enhancement-ef0fa8f8\" class=\"textannotation\">K\u00fcbik zirkonya<\/span>\u00a0ta\u015flar<\/li>\n<li>A\u011f\u0131rl\u0131k 2,4 gms<\/li>\n<li>Y\u00fcz\u00fck \u00d6l\u00e7\u00fcs\u00fc. L<\/li>\n<li><span id=\"urn:enhancement-b80a25bb\" class=\"textannotation\">SKU<\/span>. 33663<\/li>\n<li>T\u00fcm Boyutlarda Mevcuttur (Ek boyutlar i\u00e7in l\u00fctfen sorunuz)<\/li>\n<li>B\u00fct\u00fcn\u00a0<span id=\"urn:enhancement-48edcf47\" class=\"textannotation\">\u00fcr\u00fcnler<\/span>\u00a0Londra taraf\u0131ndan damgalanm\u0131\u015ft\u0131r\u00a0<span id=\"urn:enhancement-452a3ce\" class=\"textannotation\">Tahlil Ofisi<\/span><\/li>\n<li>Sunum ile Birlikte Gelir\u00a0<span id=\"urn:enhancement-ac5abee4\" class=\"textannotation\">Kutu<\/span><\/li>\n<li>Teslimat Dahil<\/li>\n<li>T\u00fcm fiyatlara KDV dahildir<\/li>\n<li>Alt\u0131n Y\u00fcz\u00fck Koleksiyonumuzu Ke\u015ffedin<\/li>\n<li>Benzer Asya d\u00fc\u011f\u00fcnlerini ke\u015ffetmek i\u00e7in bize ula\u015f\u0131n\u00a0<span id=\"urn:enhancement-1162a1de\" class=\"textannotation\">halkalar<\/span><\/li>\n<\/ul>\n<p>&nbsp;<\/p>","protected":false},"featured_media":319516,"comment_status":"closed","ping_status":"closed","template":"","meta":{"_eb_attr":"","_crsspst_to_jayantr4sg-hostcom":true},"product_brand":[],"product_cat":[1791,1559,1785,1235,5343,1783,5338,1569,1573,1574,5349],"product_tag":[1430,64],"class_list":{"0":"post-327746","1":"product","2":"type-product","3":"status-publish","4":"has-post-thumbnail","6":"product_cat-anniversary-gifts","7":"product_cat-birthday-gifts","8":"product_cat-daily-wear-rings","9":"product_cat-gold-rings","10":"product_cat-jewellery-under-550","11":"product_cat-ladies-rings","12":"product_cat-shop-by-price","13":"product_cat-valentine-day-gifts","14":"product_cat-wedding-gifts","15":"product_cat-womens-jewellery","16":"product_cat-yellow-gold-jewellery","17":"product_tag-diwali-gift","18":"product_tag-rings","20":"first","21":"outofstock","22":"taxable","23":"shipping-taxable","24":"product-type-simple","25":"add-to-wishlist-before_image"},"yoast_head":"<!-- This site is optimized with the Yoast SEO plugin v27.5 - https:\/\/yoast.com\/product\/yoast-seo-wordpress\/ -->\n<title>Shop this Stunning 22ct gold CZ Ring at PureJewels UK<\/title>\n<meta name=\"description\" content=\"Buy Gold Rings Online at the best price in the UK. Buy your favorite Gold Ring from our 22ct gold jewelry collection in the UK. Exclusive Jewellery Designs.\" \/>\n<meta name=\"robots\" content=\"index, follow, max-snippet:-1, max-image-preview:large, max-video-preview:-1\" \/>\n<link rel=\"canonical\" href=\"https:\/\/www.purejewels.com\/tr\/urun\/kadinlar-icin-22-ayar-altin-yuzuk-33663\/\" \/>\n<meta property=\"og:locale\" content=\"tr_TR\" \/>\n<meta property=\"og:type\" content=\"article\" \/>\n<meta property=\"og:title\" content=\"Shop this Stunning 22ct gold CZ Ring at PureJewels UK\" \/>\n<meta property=\"og:description\" content=\"Buy Gold Rings Online at the best price in the UK. Buy your favorite Gold Ring from our 22ct gold jewelry collection in the UK. Exclusive Jewellery Designs.\" \/>\n<meta property=\"og:url\" content=\"https:\/\/www.purejewels.com\/tr\/urun\/kadinlar-icin-22-ayar-altin-yuzuk-33663\/\" \/>\n<meta property=\"og:site_name\" content=\"PureJewels UK\" \/>\n<meta property=\"article:modified_time\" content=\"2026-01-07T05:53:49+00:00\" \/>\n<meta property=\"og:image\" content=\"https:\/\/www.purejewels.com\/wp-content\/uploads\/2020\/11\/33224-01.jpg\" \/>\n\t<meta property=\"og:image:width\" content=\"1000\" \/>\n\t<meta property=\"og:image:height\" content=\"1000\" \/>\n\t<meta property=\"og:image:type\" content=\"image\/jpeg\" \/>\n<meta name=\"twitter:card\" content=\"summary_large_image\" \/>\n<meta name=\"twitter:label1\" content=\"Tahmini okuma s\u00fcresi\" \/>\n\t<meta name=\"twitter:data1\" content=\"1 dakika\" \/>\n<script type=\"application\/ld+json\" class=\"yoast-schema-graph\">{\"@context\":\"https:\\\/\\\/schema.org\",\"@graph\":[{\"@type\":[\"WebPage\",\"ItemPage\"],\"@id\":\"https:\\\/\\\/www.purejewels.com\\\/product\\\/22-carat-gold-ring-for-women-33663\\\/\",\"url\":\"https:\\\/\\\/www.purejewels.com\\\/product\\\/22-carat-gold-ring-for-women-33663\\\/\",\"name\":\"Shop this Stunning 22ct gold CZ Ring at PureJewels UK\",\"isPartOf\":{\"@id\":\"https:\\\/\\\/www.purejewels.com\\\/#website\"},\"primaryImageOfPage\":{\"@id\":\"https:\\\/\\\/www.purejewels.com\\\/product\\\/22-carat-gold-ring-for-women-33663\\\/#primaryimage\"},\"image\":{\"@id\":\"https:\\\/\\\/www.purejewels.com\\\/product\\\/22-carat-gold-ring-for-women-33663\\\/#primaryimage\"},\"thumbnailUrl\":\"https:\\\/\\\/static.purejewels.com\\\/wp-content\\\/uploads\\\/2020\\\/11\\\/33224-01.jpg\",\"datePublished\":\"2024-05-07T11:11:03+00:00\",\"dateModified\":\"2026-01-07T05:53:49+00:00\",\"description\":\"Buy Gold Rings Online at the best price in the UK. Buy your favorite Gold Ring from our 22ct gold jewelry collection in the UK. Exclusive Jewellery Designs.\",\"breadcrumb\":{\"@id\":\"https:\\\/\\\/www.purejewels.com\\\/product\\\/22-carat-gold-ring-for-women-33663\\\/#breadcrumb\"},\"inLanguage\":\"tr\",\"potentialAction\":[{\"@type\":\"ReadAction\",\"target\":[\"https:\\\/\\\/www.purejewels.com\\\/product\\\/22-carat-gold-ring-for-women-33663\\\/\"]}]},{\"@type\":\"ImageObject\",\"inLanguage\":\"tr\",\"@id\":\"https:\\\/\\\/www.purejewels.com\\\/product\\\/22-carat-gold-ring-for-women-33663\\\/#primaryimage\",\"url\":\"https:\\\/\\\/static.purejewels.com\\\/wp-content\\\/uploads\\\/2020\\\/11\\\/33224-01.jpg\",\"contentUrl\":\"https:\\\/\\\/static.purejewels.com\\\/wp-content\\\/uploads\\\/2020\\\/11\\\/33224-01.jpg\",\"width\":1000,\"height\":1000,\"caption\":\"22ct Gold CZ Ring 33224-01\"},{\"@type\":\"BreadcrumbList\",\"@id\":\"https:\\\/\\\/www.purejewels.com\\\/product\\\/22-carat-gold-ring-for-women-33663\\\/#breadcrumb\",\"itemListElement\":[{\"@type\":\"ListItem\",\"position\":1,\"name\":\"Home\",\"item\":\"https:\\\/\\\/www.purejewels.com\\\/\"},{\"@type\":\"ListItem\",\"position\":2,\"name\":\"Shop\",\"item\":\"https:\\\/\\\/www.purejewels.com\\\/shop\\\/\"},{\"@type\":\"ListItem\",\"position\":3,\"name\":\"22 carat Gold Ring for Women\"}]},{\"@type\":\"WebSite\",\"@id\":\"https:\\\/\\\/www.purejewels.com\\\/#website\",\"url\":\"https:\\\/\\\/www.purejewels.com\\\/\",\"name\":\"PureJewels UK\",\"description\":\"Share the Love\",\"publisher\":{\"@id\":\"https:\\\/\\\/www.purejewels.com\\\/#organization\"},\"potentialAction\":[{\"@type\":\"SearchAction\",\"target\":{\"@type\":\"EntryPoint\",\"urlTemplate\":\"https:\\\/\\\/www.purejewels.com\\\/?s={search_term_string}\"},\"query-input\":{\"@type\":\"PropertyValueSpecification\",\"valueRequired\":true,\"valueName\":\"search_term_string\"}}],\"inLanguage\":\"tr\"},{\"@type\":\"Organization\",\"@id\":\"https:\\\/\\\/www.purejewels.com\\\/#organization\",\"name\":\"PureJewels UK\",\"url\":\"https:\\\/\\\/www.purejewels.com\\\/\",\"logo\":{\"@type\":\"ImageObject\",\"inLanguage\":\"tr\",\"@id\":\"https:\\\/\\\/www.purejewels.com\\\/#\\\/schema\\\/logo\\\/image\\\/\",\"url\":\"https:\\\/\\\/static.purejewels.com\\\/wp-content\\\/uploads\\\/2020\\\/11\\\/Logo-PJ-New-1.png\",\"contentUrl\":\"https:\\\/\\\/static.purejewels.com\\\/wp-content\\\/uploads\\\/2020\\\/11\\\/Logo-PJ-New-1.png\",\"width\":150,\"height\":80,\"caption\":\"PureJewels UK\"},\"image\":{\"@id\":\"https:\\\/\\\/www.purejewels.com\\\/#\\\/schema\\\/logo\\\/image\\\/\"}}]}<\/script>\n<!-- \/ Yoast SEO plugin. -->","yoast_head_json":{"title":"PureJewels UK'de bu \u00e7arp\u0131c\u0131 22 ayar alt\u0131n CZ y\u00fcz\u00fc\u011f\u00fc sat\u0131n al\u0131n","description":"Alt\u0131n Y\u00fcz\u00fckleri \u0130ngiltere'de en iyi fiyatla Online sat\u0131n al\u0131n. \u0130ngiltere'deki 22 ayar alt\u0131n tak\u0131 koleksiyonumuzdan en sevdi\u011finiz Alt\u0131n Y\u00fcz\u00fc\u011f\u00fc sat\u0131n al\u0131n. \u00d6zel M\u00fccevher Tasar\u0131mlar\u0131.","robots":{"index":"index","follow":"follow","max-snippet":"max-snippet:-1","max-image-preview":"max-image-preview:large","max-video-preview":"max-video-preview:-1"},"canonical":"https:\/\/www.purejewels.com\/tr\/urun\/kadinlar-icin-22-ayar-altin-yuzuk-33663\/","og_locale":"tr_TR","og_type":"article","og_title":"Shop this Stunning 22ct gold CZ Ring at PureJewels UK","og_description":"Buy Gold Rings Online at the best price in the UK. Buy your favorite Gold Ring from our 22ct gold jewelry collection in the UK. Exclusive Jewellery Designs.","og_url":"https:\/\/www.purejewels.com\/tr\/urun\/kadinlar-icin-22-ayar-altin-yuzuk-33663\/","og_site_name":"PureJewels UK","article_modified_time":"2026-01-07T05:53:49+00:00","og_image":[{"width":1000,"height":1000,"url":"https:\/\/www.purejewels.com\/wp-content\/uploads\/2020\/11\/33224-01.jpg","type":"image\/jpeg"}],"twitter_card":"summary_large_image","twitter_misc":{"Tahmini okuma s\u00fcresi":"1 dakika"},"schema":{"@context":"https:\/\/schema.org","@graph":[{"@type":["WebPage","ItemPage"],"@id":"https:\/\/www.purejewels.com\/product\/22-carat-gold-ring-for-women-33663\/","url":"https:\/\/www.purejewels.com\/product\/22-carat-gold-ring-for-women-33663\/","name":"PureJewels UK'de bu \u00e7arp\u0131c\u0131 22 ayar alt\u0131n CZ y\u00fcz\u00fc\u011f\u00fc sat\u0131n al\u0131n","isPartOf":{"@id":"https:\/\/www.purejewels.com\/#website"},"primaryImageOfPage":{"@id":"https:\/\/www.purejewels.com\/product\/22-carat-gold-ring-for-women-33663\/#primaryimage"},"image":{"@id":"https:\/\/www.purejewels.com\/product\/22-carat-gold-ring-for-women-33663\/#primaryimage"},"thumbnailUrl":"https:\/\/static.purejewels.com\/wp-content\/uploads\/2020\/11\/33224-01.jpg","datePublished":"2024-05-07T11:11:03+00:00","dateModified":"2026-01-07T05:53:49+00:00","description":"Alt\u0131n Y\u00fcz\u00fckleri \u0130ngiltere'de en iyi fiyatla Online sat\u0131n al\u0131n. \u0130ngiltere'deki 22 ayar alt\u0131n tak\u0131 koleksiyonumuzdan en sevdi\u011finiz Alt\u0131n Y\u00fcz\u00fc\u011f\u00fc sat\u0131n al\u0131n. \u00d6zel M\u00fccevher Tasar\u0131mlar\u0131.","breadcrumb":{"@id":"https:\/\/www.purejewels.com\/product\/22-carat-gold-ring-for-women-33663\/#breadcrumb"},"inLanguage":"tr","potentialAction":[{"@type":"ReadAction","target":["https:\/\/www.purejewels.com\/product\/22-carat-gold-ring-for-women-33663\/"]}]},{"@type":"ImageObject","inLanguage":"tr","@id":"https:\/\/www.purejewels.com\/product\/22-carat-gold-ring-for-women-33663\/#primaryimage","url":"https:\/\/static.purejewels.com\/wp-content\/uploads\/2020\/11\/33224-01.jpg","contentUrl":"https:\/\/static.purejewels.com\/wp-content\/uploads\/2020\/11\/33224-01.jpg","width":1000,"height":1000,"caption":"22ct Gold CZ Ring 33224-01"},{"@type":"BreadcrumbList","@id":"https:\/\/www.purejewels.com\/product\/22-carat-gold-ring-for-women-33663\/#breadcrumb","itemListElement":[{"@type":"ListItem","position":1,"name":"Home","item":"https:\/\/www.purejewels.com\/"},{"@type":"ListItem","position":2,"name":"Shop","item":"https:\/\/www.purejewels.com\/shop\/"},{"@type":"ListItem","position":3,"name":"22 carat Gold Ring for Women"}]},{"@type":"WebSite","@id":"https:\/\/www.purejewels.com\/#website","url":"https:\/\/www.purejewels.com\/","name":"PureJewels \u0130ngiltere","description":"Sevgiyi Payla\u015f\u0131n","publisher":{"@id":"https:\/\/www.purejewels.com\/#organization"},"potentialAction":[{"@type":"SearchAction","target":{"@type":"EntryPoint","urlTemplate":"https:\/\/www.purejewels.com\/?s={search_term_string}"},"query-input":{"@type":"PropertyValueSpecification","valueRequired":true,"valueName":"search_term_string"}}],"inLanguage":"tr"},{"@type":"Organization","@id":"https:\/\/www.purejewels.com\/#organization","name":"PureJewels \u0130ngiltere","url":"https:\/\/www.purejewels.com\/","logo":{"@type":"ImageObject","inLanguage":"tr","@id":"https:\/\/www.purejewels.com\/#\/schema\/logo\/image\/","url":"https:\/\/static.purejewels.com\/wp-content\/uploads\/2020\/11\/Logo-PJ-New-1.png","contentUrl":"https:\/\/static.purejewels.com\/wp-content\/uploads\/2020\/11\/Logo-PJ-New-1.png","width":150,"height":80,"caption":"PureJewels UK"},"image":{"@id":"https:\/\/www.purejewels.com\/#\/schema\/logo\/image\/"}}]}},"_links":{"self":[{"href":"https:\/\/www.purejewels.com\/tr\/wp-json\/wp\/v2\/product\/327746","targetHints":{"allow":["GET"]}}],"collection":[{"href":"https:\/\/www.purejewels.com\/tr\/wp-json\/wp\/v2\/product"}],"about":[{"href":"https:\/\/www.purejewels.com\/tr\/wp-json\/wp\/v2\/types\/product"}],"replies":[{"embeddable":true,"href":"https:\/\/www.purejewels.com\/tr\/wp-json\/wp\/v2\/comments?post=327746"}],"version-history":[{"count":2,"href":"https:\/\/www.purejewels.com\/tr\/wp-json\/wp\/v2\/product\/327746\/revisions"}],"predecessor-version":[{"id":366667,"href":"https:\/\/www.purejewels.com\/tr\/wp-json\/wp\/v2\/product\/327746\/revisions\/366667"}],"wp:featuredmedia":[{"embeddable":true,"href":"https:\/\/www.purejewels.com\/tr\/wp-json\/wp\/v2\/media\/319516"}],"wp:attachment":[{"href":"https:\/\/www.purejewels.com\/tr\/wp-json\/wp\/v2\/media?parent=327746"}],"wp:term":[{"taxonomy":"product_brand","embeddable":true,"href":"https:\/\/www.purejewels.com\/tr\/wp-json\/wp\/v2\/product_brand?post=327746"},{"taxonomy":"product_cat","embeddable":true,"href":"https:\/\/www.purejewels.com\/tr\/wp-json\/wp\/v2\/product_cat?post=327746"},{"taxonomy":"product_tag","embeddable":true,"href":"https:\/\/www.purejewels.com\/tr\/wp-json\/wp\/v2\/product_tag?post=327746"}],"curies":[{"name":"wp","href":"https:\/\/api.w.org\/{rel}","templated":true}]}}