{"id":327767,"date":"2021-11-02T11:19:53","date_gmt":"2021-11-02T11:19:53","guid":{"rendered":"https:\/\/www.purejewels.com\/?post_type=product&#038;p=327767"},"modified":"2025-06-28T18:51:05","modified_gmt":"2025-06-28T17:51:05","slug":"kadinlar-icin-altin-kupe","status":"publish","type":"product","link":"https:\/\/www.purejewels.com\/tr\/product\/gold-earring-for-women\/","title":{"rendered":"Kad\u0131nlar i\u00e7in Alt\u0131n K\u00fcpe"},"content":{"rendered":"<p>Bunlarla l\u00fcks\u00fcn tad\u0131na var\u0131n <a href=\"https:\/\/www.purejewels.com\/tr\/armari-collection\/\">alt\u0131n k\u00fcpeler<\/a>. 22 ayar alt\u0131ndan \u00fcretilen bu tak\u0131lar\u0131 asla \u00e7\u0131karmak istemeyeceksiniz! Hafif ve kulaklar\u0131n\u0131za takmas\u0131 kolay olan bu y\u00fcksek kaliteli par\u00e7alar, her m\u00fccevher koleksiyonuna m\u00fckemmel bir ektir. Alt\u0131n paslanmaya kar\u015f\u0131 son derece dayan\u0131kl\u0131d\u0131r, bu nedenle bu g\u00fczel par\u00e7alar zarar g\u00f6rmeden sonsuza kadar dayanacakt\u0131r. Bu alt\u0131n <a href=\"https:\/\/www.purejewels.com\/tr\/product-category\/22ct-gold-jewellery\/gold-earrings\/\">K\u00fcpeler<\/a> 22 ayar sar\u0131 alt\u0131ndan \u00fcretilmi\u015f ve antik bir g\u00f6r\u00fcn\u00fcm kazand\u0131r\u0131lm\u0131\u015ft\u0131r.<\/p>","protected":false},"excerpt":{"rendered":"<ul>\n<li>Antik Kaplamal\u0131 22 Ayar Alt\u0131n K\u00fcpe<\/li>\n<li>Rozet Koleksiyonu<\/li>\n<li>A\u011f\u0131rl\u0131k 3 gms<\/li>\n<li>SKU. 40579<\/li>\n<li>T\u00fcm fiyatlara KDV dahildir<\/li>\n<li>T\u00fcm \u00fcr\u00fcnlerimiz Londra Tahlil Ofisi taraf\u0131ndan damgalanm\u0131\u015ft\u0131r<\/li>\n<li>Sunum Kutusu ile Birlikte Gelir<\/li>\n<li>Teslimat Dahil<\/li>\n<li>Forest Gate, Londra, Birle\u015fik Krall\u0131k'taki ma\u011fazam\u0131zda bulunan t\u00fcm yeni k\u00fcpe \u00e7e\u015fitlerini g\u00f6rmek i\u00e7in bizimle sohbet edin \/Whats app<\/li>\n<\/ul>","protected":false},"featured_media":327981,"comment_status":"closed","ping_status":"closed","template":"","meta":{"_eb_attr":"","_crsspst_to_jayantr4sg-hostcom":false},"product_brand":[],"product_cat":[1791,1559,236,1793,1254,1570,1656,1577,1573,1574],"product_tag":[1430],"class_list":{"0":"post-327767","1":"product","2":"type-product","3":"status-publish","4":"has-post-thumbnail","6":"product_cat-anniversary-gifts","7":"product_cat-birthday-gifts","8":"product_cat-collections","9":"product_cat-diwali-gifts","10":"product_cat-gold-earrings","11":"product_cat-mothers-day-gifts","12":"product_cat-rosettes-collections","13":"product_cat-stud-earrings","14":"product_cat-wedding-gifts","15":"product_cat-womens-jewellery","16":"product_tag-diwali-gift","18":"first","19":"outofstock","20":"taxable","21":"shipping-taxable","22":"product-type-simple","23":"add-to-wishlist-before_image"},"yoast_head":"<!-- This site is optimized with the Yoast SEO plugin v27.5 - https:\/\/yoast.com\/product\/yoast-seo-wordpress\/ -->\n<title>Buy these stunning 22ct Gold Earring at PureJewels UK<\/title>\n<meta name=\"description\" content=\"Shop these Classic pair of Gold earrings with an antique finish. These can be worn every day, at work, or on special occasions. Free Delivery.\" \/>\n<meta name=\"robots\" content=\"index, follow, max-snippet:-1, max-image-preview:large, max-video-preview:-1\" \/>\n<link rel=\"canonical\" href=\"https:\/\/www.purejewels.com\/tr\/urun\/kadinlar-icin-altin-kupe\/\" \/>\n<meta property=\"og:locale\" content=\"tr_TR\" \/>\n<meta property=\"og:type\" content=\"article\" \/>\n<meta property=\"og:title\" content=\"Buy these stunning 22ct Gold Earring at PureJewels UK\" \/>\n<meta property=\"og:description\" content=\"Shop these Classic pair of Gold earrings with an antique finish. These can be worn every day, at work, or on special occasions. Free Delivery.\" \/>\n<meta property=\"og:url\" content=\"https:\/\/www.purejewels.com\/tr\/urun\/kadinlar-icin-altin-kupe\/\" \/>\n<meta property=\"og:site_name\" content=\"PureJewels UK\" \/>\n<meta property=\"article:modified_time\" content=\"2025-06-28T17:51:05+00:00\" \/>\n<meta property=\"og:image\" content=\"https:\/\/www.purejewels.com\/wp-content\/uploads\/2021\/10\/40579-1.jpg\" \/>\n\t<meta property=\"og:image:width\" content=\"1000\" \/>\n\t<meta property=\"og:image:height\" content=\"1000\" \/>\n\t<meta property=\"og:image:type\" content=\"image\/jpeg\" \/>\n<meta name=\"twitter:card\" content=\"summary_large_image\" \/>\n<meta name=\"twitter:label1\" content=\"Tahmini okuma s\u00fcresi\" \/>\n\t<meta name=\"twitter:data1\" content=\"1 dakika\" \/>\n<script type=\"application\/ld+json\" class=\"yoast-schema-graph\">{\"@context\":\"https:\\\/\\\/schema.org\",\"@graph\":[{\"@type\":[\"WebPage\",\"ItemPage\"],\"@id\":\"https:\\\/\\\/www.purejewels.com\\\/product\\\/gold-earring-for-women\\\/\",\"url\":\"https:\\\/\\\/www.purejewels.com\\\/product\\\/gold-earring-for-women\\\/\",\"name\":\"Buy these stunning 22ct Gold Earring at PureJewels UK\",\"isPartOf\":{\"@id\":\"https:\\\/\\\/www.purejewels.com\\\/#website\"},\"primaryImageOfPage\":{\"@id\":\"https:\\\/\\\/www.purejewels.com\\\/product\\\/gold-earring-for-women\\\/#primaryimage\"},\"image\":{\"@id\":\"https:\\\/\\\/www.purejewels.com\\\/product\\\/gold-earring-for-women\\\/#primaryimage\"},\"thumbnailUrl\":\"https:\\\/\\\/static.purejewels.com\\\/wp-content\\\/uploads\\\/2021\\\/10\\\/40579-1.jpg\",\"datePublished\":\"2021-11-02T11:19:53+00:00\",\"dateModified\":\"2025-06-28T17:51:05+00:00\",\"description\":\"Shop these Classic pair of Gold earrings with an antique finish. These can be worn every day, at work, or on special occasions. Free Delivery.\",\"breadcrumb\":{\"@id\":\"https:\\\/\\\/www.purejewels.com\\\/product\\\/gold-earring-for-women\\\/#breadcrumb\"},\"inLanguage\":\"tr\",\"potentialAction\":[{\"@type\":\"ReadAction\",\"target\":[\"https:\\\/\\\/www.purejewels.com\\\/product\\\/gold-earring-for-women\\\/\"]}]},{\"@type\":\"ImageObject\",\"inLanguage\":\"tr\",\"@id\":\"https:\\\/\\\/www.purejewels.com\\\/product\\\/gold-earring-for-women\\\/#primaryimage\",\"url\":\"https:\\\/\\\/static.purejewels.com\\\/wp-content\\\/uploads\\\/2021\\\/10\\\/40579-1.jpg\",\"contentUrl\":\"https:\\\/\\\/static.purejewels.com\\\/wp-content\\\/uploads\\\/2021\\\/10\\\/40579-1.jpg\",\"width\":1000,\"height\":1000,\"caption\":\"22ct Gold Stud Earring 40579-1\"},{\"@type\":\"BreadcrumbList\",\"@id\":\"https:\\\/\\\/www.purejewels.com\\\/product\\\/gold-earring-for-women\\\/#breadcrumb\",\"itemListElement\":[{\"@type\":\"ListItem\",\"position\":1,\"name\":\"Home\",\"item\":\"https:\\\/\\\/www.purejewels.com\\\/\"},{\"@type\":\"ListItem\",\"position\":2,\"name\":\"Shop\",\"item\":\"https:\\\/\\\/www.purejewels.com\\\/shop\\\/\"},{\"@type\":\"ListItem\",\"position\":3,\"name\":\"Gold Earring for Women\"}]},{\"@type\":\"WebSite\",\"@id\":\"https:\\\/\\\/www.purejewels.com\\\/#website\",\"url\":\"https:\\\/\\\/www.purejewels.com\\\/\",\"name\":\"PureJewels UK\",\"description\":\"Share the Love\",\"publisher\":{\"@id\":\"https:\\\/\\\/www.purejewels.com\\\/#organization\"},\"potentialAction\":[{\"@type\":\"SearchAction\",\"target\":{\"@type\":\"EntryPoint\",\"urlTemplate\":\"https:\\\/\\\/www.purejewels.com\\\/?s={search_term_string}\"},\"query-input\":{\"@type\":\"PropertyValueSpecification\",\"valueRequired\":true,\"valueName\":\"search_term_string\"}}],\"inLanguage\":\"tr\"},{\"@type\":\"Organization\",\"@id\":\"https:\\\/\\\/www.purejewels.com\\\/#organization\",\"name\":\"PureJewels UK\",\"url\":\"https:\\\/\\\/www.purejewels.com\\\/\",\"logo\":{\"@type\":\"ImageObject\",\"inLanguage\":\"tr\",\"@id\":\"https:\\\/\\\/www.purejewels.com\\\/#\\\/schema\\\/logo\\\/image\\\/\",\"url\":\"https:\\\/\\\/static.purejewels.com\\\/wp-content\\\/uploads\\\/2020\\\/11\\\/Logo-PJ-New-1.png\",\"contentUrl\":\"https:\\\/\\\/static.purejewels.com\\\/wp-content\\\/uploads\\\/2020\\\/11\\\/Logo-PJ-New-1.png\",\"width\":150,\"height\":80,\"caption\":\"PureJewels UK\"},\"image\":{\"@id\":\"https:\\\/\\\/www.purejewels.com\\\/#\\\/schema\\\/logo\\\/image\\\/\"}}]}<\/script>\n<!-- \/ Yoast SEO plugin. -->","yoast_head_json":{"title":"Bu \u00e7arp\u0131c\u0131 22 ayar alt\u0131n k\u00fcpeleri PureJewels UK'den sat\u0131n al\u0131n","description":"Antika kaplamal\u0131 bu Klasik Alt\u0131n k\u00fcpe \u00e7iftini sat\u0131n al\u0131n. Bunlar her g\u00fcn, i\u015fte veya \u00f6zel g\u00fcnlerde tak\u0131labilir. \u00dccretsiz Teslimat.","robots":{"index":"index","follow":"follow","max-snippet":"max-snippet:-1","max-image-preview":"max-image-preview:large","max-video-preview":"max-video-preview:-1"},"canonical":"https:\/\/www.purejewels.com\/tr\/urun\/kadinlar-icin-altin-kupe\/","og_locale":"tr_TR","og_type":"article","og_title":"Buy these stunning 22ct Gold Earring at PureJewels UK","og_description":"Shop these Classic pair of Gold earrings with an antique finish. These can be worn every day, at work, or on special occasions. Free Delivery.","og_url":"https:\/\/www.purejewels.com\/tr\/urun\/kadinlar-icin-altin-kupe\/","og_site_name":"PureJewels UK","article_modified_time":"2025-06-28T17:51:05+00:00","og_image":[{"width":1000,"height":1000,"url":"https:\/\/www.purejewels.com\/wp-content\/uploads\/2021\/10\/40579-1.jpg","type":"image\/jpeg"}],"twitter_card":"summary_large_image","twitter_misc":{"Tahmini okuma s\u00fcresi":"1 dakika"},"schema":{"@context":"https:\/\/schema.org","@graph":[{"@type":["WebPage","ItemPage"],"@id":"https:\/\/www.purejewels.com\/product\/gold-earring-for-women\/","url":"https:\/\/www.purejewels.com\/product\/gold-earring-for-women\/","name":"Bu \u00e7arp\u0131c\u0131 22 ayar alt\u0131n k\u00fcpeleri PureJewels UK'den sat\u0131n al\u0131n","isPartOf":{"@id":"https:\/\/www.purejewels.com\/#website"},"primaryImageOfPage":{"@id":"https:\/\/www.purejewels.com\/product\/gold-earring-for-women\/#primaryimage"},"image":{"@id":"https:\/\/www.purejewels.com\/product\/gold-earring-for-women\/#primaryimage"},"thumbnailUrl":"https:\/\/static.purejewels.com\/wp-content\/uploads\/2021\/10\/40579-1.jpg","datePublished":"2021-11-02T11:19:53+00:00","dateModified":"2025-06-28T17:51:05+00:00","description":"Antika kaplamal\u0131 bu Klasik Alt\u0131n k\u00fcpe \u00e7iftini sat\u0131n al\u0131n. Bunlar her g\u00fcn, i\u015fte veya \u00f6zel g\u00fcnlerde tak\u0131labilir. \u00dccretsiz Teslimat.","breadcrumb":{"@id":"https:\/\/www.purejewels.com\/product\/gold-earring-for-women\/#breadcrumb"},"inLanguage":"tr","potentialAction":[{"@type":"ReadAction","target":["https:\/\/www.purejewels.com\/product\/gold-earring-for-women\/"]}]},{"@type":"ImageObject","inLanguage":"tr","@id":"https:\/\/www.purejewels.com\/product\/gold-earring-for-women\/#primaryimage","url":"https:\/\/static.purejewels.com\/wp-content\/uploads\/2021\/10\/40579-1.jpg","contentUrl":"https:\/\/static.purejewels.com\/wp-content\/uploads\/2021\/10\/40579-1.jpg","width":1000,"height":1000,"caption":"22ct Gold Stud Earring 40579-1"},{"@type":"BreadcrumbList","@id":"https:\/\/www.purejewels.com\/product\/gold-earring-for-women\/#breadcrumb","itemListElement":[{"@type":"ListItem","position":1,"name":"Home","item":"https:\/\/www.purejewels.com\/"},{"@type":"ListItem","position":2,"name":"Shop","item":"https:\/\/www.purejewels.com\/shop\/"},{"@type":"ListItem","position":3,"name":"Gold Earring for Women"}]},{"@type":"WebSite","@id":"https:\/\/www.purejewels.com\/#website","url":"https:\/\/www.purejewels.com\/","name":"PureJewels \u0130ngiltere","description":"Sevgiyi Payla\u015f\u0131n","publisher":{"@id":"https:\/\/www.purejewels.com\/#organization"},"potentialAction":[{"@type":"SearchAction","target":{"@type":"EntryPoint","urlTemplate":"https:\/\/www.purejewels.com\/?s={search_term_string}"},"query-input":{"@type":"PropertyValueSpecification","valueRequired":true,"valueName":"search_term_string"}}],"inLanguage":"tr"},{"@type":"Organization","@id":"https:\/\/www.purejewels.com\/#organization","name":"PureJewels \u0130ngiltere","url":"https:\/\/www.purejewels.com\/","logo":{"@type":"ImageObject","inLanguage":"tr","@id":"https:\/\/www.purejewels.com\/#\/schema\/logo\/image\/","url":"https:\/\/static.purejewels.com\/wp-content\/uploads\/2020\/11\/Logo-PJ-New-1.png","contentUrl":"https:\/\/static.purejewels.com\/wp-content\/uploads\/2020\/11\/Logo-PJ-New-1.png","width":150,"height":80,"caption":"PureJewels UK"},"image":{"@id":"https:\/\/www.purejewels.com\/#\/schema\/logo\/image\/"}}]}},"_links":{"self":[{"href":"https:\/\/www.purejewels.com\/tr\/wp-json\/wp\/v2\/product\/327767","targetHints":{"allow":["GET"]}}],"collection":[{"href":"https:\/\/www.purejewels.com\/tr\/wp-json\/wp\/v2\/product"}],"about":[{"href":"https:\/\/www.purejewels.com\/tr\/wp-json\/wp\/v2\/types\/product"}],"replies":[{"embeddable":true,"href":"https:\/\/www.purejewels.com\/tr\/wp-json\/wp\/v2\/comments?post=327767"}],"version-history":[{"count":1,"href":"https:\/\/www.purejewels.com\/tr\/wp-json\/wp\/v2\/product\/327767\/revisions"}],"predecessor-version":[{"id":388482,"href":"https:\/\/www.purejewels.com\/tr\/wp-json\/wp\/v2\/product\/327767\/revisions\/388482"}],"wp:featuredmedia":[{"embeddable":true,"href":"https:\/\/www.purejewels.com\/tr\/wp-json\/wp\/v2\/media\/327981"}],"wp:attachment":[{"href":"https:\/\/www.purejewels.com\/tr\/wp-json\/wp\/v2\/media?parent=327767"}],"wp:term":[{"taxonomy":"product_brand","embeddable":true,"href":"https:\/\/www.purejewels.com\/tr\/wp-json\/wp\/v2\/product_brand?post=327767"},{"taxonomy":"product_cat","embeddable":true,"href":"https:\/\/www.purejewels.com\/tr\/wp-json\/wp\/v2\/product_cat?post=327767"},{"taxonomy":"product_tag","embeddable":true,"href":"https:\/\/www.purejewels.com\/tr\/wp-json\/wp\/v2\/product_tag?post=327767"}],"curies":[{"name":"wp","href":"https:\/\/api.w.org\/{rel}","templated":true}]}}