{"id":327769,"date":"2021-11-02T11:36:22","date_gmt":"2021-11-02T11:36:22","guid":{"rendered":"https:\/\/www.purejewels.com\/?post_type=product&#038;p=327769"},"modified":"2025-12-08T10:56:44","modified_gmt":"2025-12-08T10:56:44","slug":"kadin-ciplak-kupe-40583","status":"publish","type":"product","link":"https:\/\/www.purejewels.com\/tr\/product\/womens-stud-earring-40583\/","title":{"rendered":"Kad\u0131n Saplama K\u00fcpe"},"content":{"rendered":"<p><strong>Tasar\u0131m<\/strong><\/p>\n<p>Bu 22 ayar alt\u0131n saplama k\u00fcpeler, Rosettes Koleksiyonunun kutlama ruhunu yans\u0131tan s\u00fcsl\u00fc paisley ve \u00e7i\u00e7ek motifleriyle s\u00fcslenmi\u015ftir. Her bir saplama, derinlik ve boyut kazand\u0131ran katmanl\u0131 detaylarla \u015fekillendirilmi\u015f olup, k\u00fcpelere etkileyici bir siluet kazand\u0131rmaktad\u0131r. Antik kaplama, alt\u0131n\u0131n parlakl\u0131\u011f\u0131n\u0131 yumu\u015fat\u0131r ve tasar\u0131m\u0131n her k\u0131vr\u0131m\u0131n\u0131 ve konturunu vurgular.<\/p>\n<p><strong>Zanaatkarl\u0131k<\/strong><\/p>\n<p>Y\u00fcksek safl\u0131kta 22 ayar alt\u0131ndan el i\u015f\u00e7ili\u011fi ile \u00fcretilen bu k\u00fcpeler, geleneksel zanaatkarl\u0131k tekniklerinden esinlenerek ince doku, oyma ve oyma boncuk i\u015f\u00e7ili\u011fi ile dikkat \u00e7ekiyor. Antik kaplama, y\u00fczeye zamans\u0131z bir karakter katarken, g\u00fcvenli saplama ba\u011flant\u0131s\u0131 g\u00fcn boyu rahatl\u0131k sa\u011flar. K\u00fcpeler, safl\u0131klar\u0131n\u0131 ve PureJewels'in zanaatkarl\u0131k standartlar\u0131na uygunlu\u011funu teyit eden Birle\u015fik Krall\u0131k damgas\u0131 ile damgalanm\u0131\u015ft\u0131r.<\/p>\n<p><strong>\u015eekillendirme &amp; Hediyele\u015fme<\/strong><\/p>\n<p>Zengin detaylar\u0131 ve sembolizmiyle bu k\u00fcpeler, hem klasik hem de \u015fenlikli k\u0131yafetlerle g\u00fczel bir uyum sa\u011flar. S\u0131cak antik parlakl\u0131klar\u0131, onlar\u0131 kutlamalar, d\u00fc\u011f\u00fcnler veya g\u00fcnl\u00fck tak\u0131lara anlaml\u0131 bir ek olarak ideal hale getirir. Miras\u0131 ve sanat\u0131 onurland\u0131ran, \u00f6zel anlar\u0131 ve ki\u015fisel d\u00f6n\u00fcm noktalar\u0131n\u0131 kutlamak i\u00e7in m\u00fckemmel, \u00f6zenle se\u00e7ilmi\u015f bir hediye.<\/p>","protected":false},"excerpt":{"rendered":"<p>Rosettes Koleksiyonundan ilham alan \u00e7i\u00e7ek ve paisley motifleriyle, antika kaplamal\u0131, \u00f6zenle i\u015flenmi\u015f 22 ayar alt\u0131n saplama k\u00fcpeler. \u0130ngiltere'de damgal\u0131.<\/p>\n<ul>\n<li>Antik Kaplama ile 22 Ayar Alt\u0131n Saplama K\u00fcpe<\/li>\n<li>Rozet Koleksiyonumuzdan<\/li>\n<li>A\u011f\u0131rl\u0131k 3,5 gms<\/li>\n<li>SKU. 40583<\/li>\n<li>T\u00fcm fiyatlara KDV dahildir<\/li>\n<li>T\u00fcm \u00fcr\u00fcnlerimiz Londra Tahlil Ofisi taraf\u0131ndan damgalanm\u0131\u015ft\u0131r<\/li>\n<li>Sunum Kutusu ile Birlikte Gelir<\/li>\n<li>Teslimat Dahil<\/li>\n<li>Forest Gate, Londra, Birle\u015fik Krall\u0131k'taki ma\u011fazam\u0131zda bulunan t\u00fcm yeni k\u00fcpe \u00e7e\u015fitlerini g\u00f6r\u00fcnt\u00fclemek i\u00e7in bizimle sohbet edin \/ Whats app<\/li>\n<\/ul>","protected":false},"featured_media":327988,"comment_status":"closed","ping_status":"closed","template":"","meta":{"_eb_attr":"","_crsspst_to_jayantr4sg-hostcom":false},"product_brand":[],"product_cat":[1791,1559,236,1793,1792,1254,1656,1577,1574],"product_tag":[1430],"class_list":{"0":"post-327769","1":"product","2":"type-product","3":"status-publish","4":"has-post-thumbnail","6":"product_cat-anniversary-gifts","7":"product_cat-birthday-gifts","8":"product_cat-collections","9":"product_cat-diwali-gifts","10":"product_cat-festival-gifts","11":"product_cat-gold-earrings","12":"product_cat-rosettes-collections","13":"product_cat-stud-earrings","14":"product_cat-womens-jewellery","15":"product_tag-diwali-gift","17":"first","18":"outofstock","19":"taxable","20":"shipping-taxable","21":"product-type-simple","22":"add-to-wishlist-before_image"},"yoast_head":"<!-- This site is optimized with the Yoast SEO plugin v27.5 - https:\/\/yoast.com\/product\/yoast-seo-wordpress\/ -->\n<title>Antique Floral Stud Earrings in 22ct Gold | PureJewels Design<\/title>\n<meta name=\"description\" content=\"Embrace timeless tradition with these antique-style floral stud earrings in 22ct gold. Intricately detailed with paisley and blossom motifs \u2014 rooted in heritage.\" \/>\n<meta name=\"robots\" content=\"index, follow, max-snippet:-1, max-image-preview:large, max-video-preview:-1\" \/>\n<link rel=\"canonical\" href=\"https:\/\/www.purejewels.com\/tr\/urun\/kadin-ciplak-kupe-40583\/\" \/>\n<meta property=\"og:locale\" content=\"tr_TR\" \/>\n<meta property=\"og:type\" content=\"article\" \/>\n<meta property=\"og:title\" content=\"Antique Floral Stud Earrings in 22ct Gold | PureJewels Design\" \/>\n<meta property=\"og:description\" content=\"Embrace timeless tradition with these antique-style floral stud earrings in 22ct gold. Intricately detailed with paisley and blossom motifs \u2014 rooted in heritage.\" \/>\n<meta property=\"og:url\" content=\"https:\/\/www.purejewels.com\/tr\/urun\/kadin-ciplak-kupe-40583\/\" \/>\n<meta property=\"og:site_name\" content=\"PureJewels UK\" \/>\n<meta property=\"article:modified_time\" content=\"2025-12-08T10:56:44+00:00\" \/>\n<meta property=\"og:image\" content=\"https:\/\/static.purejewels.com\/wp-content\/uploads\/2021\/10\/40583-1.jpg\" \/>\n\t<meta property=\"og:image:width\" content=\"1000\" \/>\n\t<meta property=\"og:image:height\" content=\"1000\" \/>\n\t<meta property=\"og:image:type\" content=\"image\/jpeg\" \/>\n<meta name=\"twitter:card\" content=\"summary_large_image\" \/>\n<meta name=\"twitter:label1\" content=\"Tahmini okuma s\u00fcresi\" \/>\n\t<meta name=\"twitter:data1\" content=\"1 dakika\" \/>\n<script type=\"application\/ld+json\" class=\"yoast-schema-graph\">{\"@context\":\"https:\\\/\\\/schema.org\",\"@graph\":[{\"@type\":[\"WebPage\",\"ItemPage\"],\"@id\":\"https:\\\/\\\/www.purejewels.com\\\/product\\\/womens-stud-earring-40583\\\/\",\"url\":\"https:\\\/\\\/www.purejewels.com\\\/product\\\/womens-stud-earring-40583\\\/\",\"name\":\"Antique Floral Stud Earrings in 22ct Gold | PureJewels Design\",\"isPartOf\":{\"@id\":\"https:\\\/\\\/www.purejewels.com\\\/#website\"},\"primaryImageOfPage\":{\"@id\":\"https:\\\/\\\/www.purejewels.com\\\/product\\\/womens-stud-earring-40583\\\/#primaryimage\"},\"image\":{\"@id\":\"https:\\\/\\\/www.purejewels.com\\\/product\\\/womens-stud-earring-40583\\\/#primaryimage\"},\"thumbnailUrl\":\"https:\\\/\\\/static.purejewels.com\\\/wp-content\\\/uploads\\\/2021\\\/10\\\/40583-1.jpg\",\"datePublished\":\"2021-11-02T11:36:22+00:00\",\"dateModified\":\"2025-12-08T10:56:44+00:00\",\"description\":\"Embrace timeless tradition with these antique-style floral stud earrings in 22ct gold. Intricately detailed with paisley and blossom motifs \u2014 rooted in heritage.\",\"breadcrumb\":{\"@id\":\"https:\\\/\\\/www.purejewels.com\\\/product\\\/womens-stud-earring-40583\\\/#breadcrumb\"},\"inLanguage\":\"tr\",\"potentialAction\":[{\"@type\":\"ReadAction\",\"target\":[\"https:\\\/\\\/www.purejewels.com\\\/product\\\/womens-stud-earring-40583\\\/\"]}]},{\"@type\":\"ImageObject\",\"inLanguage\":\"tr\",\"@id\":\"https:\\\/\\\/www.purejewels.com\\\/product\\\/womens-stud-earring-40583\\\/#primaryimage\",\"url\":\"https:\\\/\\\/static.purejewels.com\\\/wp-content\\\/uploads\\\/2021\\\/10\\\/40583-1.jpg\",\"contentUrl\":\"https:\\\/\\\/static.purejewels.com\\\/wp-content\\\/uploads\\\/2021\\\/10\\\/40583-1.jpg\",\"width\":1000,\"height\":1000,\"caption\":\"22ct Gold Earring 40583-1\"},{\"@type\":\"BreadcrumbList\",\"@id\":\"https:\\\/\\\/www.purejewels.com\\\/product\\\/womens-stud-earring-40583\\\/#breadcrumb\",\"itemListElement\":[{\"@type\":\"ListItem\",\"position\":1,\"name\":\"Home\",\"item\":\"https:\\\/\\\/www.purejewels.com\\\/\"},{\"@type\":\"ListItem\",\"position\":2,\"name\":\"Shop\",\"item\":\"https:\\\/\\\/www.purejewels.com\\\/shop\\\/\"},{\"@type\":\"ListItem\",\"position\":3,\"name\":\"Women&#8217;s Stud Earring\"}]},{\"@type\":\"WebSite\",\"@id\":\"https:\\\/\\\/www.purejewels.com\\\/#website\",\"url\":\"https:\\\/\\\/www.purejewels.com\\\/\",\"name\":\"PureJewels UK\",\"description\":\"Share the Love\",\"publisher\":{\"@id\":\"https:\\\/\\\/www.purejewels.com\\\/#organization\"},\"potentialAction\":[{\"@type\":\"SearchAction\",\"target\":{\"@type\":\"EntryPoint\",\"urlTemplate\":\"https:\\\/\\\/www.purejewels.com\\\/?s={search_term_string}\"},\"query-input\":{\"@type\":\"PropertyValueSpecification\",\"valueRequired\":true,\"valueName\":\"search_term_string\"}}],\"inLanguage\":\"tr\"},{\"@type\":\"Organization\",\"@id\":\"https:\\\/\\\/www.purejewels.com\\\/#organization\",\"name\":\"PureJewels UK\",\"url\":\"https:\\\/\\\/www.purejewels.com\\\/\",\"logo\":{\"@type\":\"ImageObject\",\"inLanguage\":\"tr\",\"@id\":\"https:\\\/\\\/www.purejewels.com\\\/#\\\/schema\\\/logo\\\/image\\\/\",\"url\":\"https:\\\/\\\/static.purejewels.com\\\/wp-content\\\/uploads\\\/2020\\\/11\\\/Logo-PJ-New-1.png\",\"contentUrl\":\"https:\\\/\\\/static.purejewels.com\\\/wp-content\\\/uploads\\\/2020\\\/11\\\/Logo-PJ-New-1.png\",\"width\":150,\"height\":80,\"caption\":\"PureJewels UK\"},\"image\":{\"@id\":\"https:\\\/\\\/www.purejewels.com\\\/#\\\/schema\\\/logo\\\/image\\\/\"}}]}<\/script>\n<!-- \/ Yoast SEO plugin. -->","yoast_head_json":{"title":"Antik \u00c7i\u00e7ekli 22 Ayar Alt\u0131n Saplama K\u00fcpe | PureJewels Design","description":"22 ayar alt\u0131ndan bu antik tarz \u00e7i\u00e7ekli k\u00fcpelerle zamans\u0131z gelene\u011fi kucaklay\u0131n. \u015eal ve \u00e7i\u00e7ek motifleriyle incelikle detayland\u0131r\u0131lm\u0131\u015f bu k\u00fcpeler, k\u00f6kl\u00fc bir mirasa sahiptir.","robots":{"index":"index","follow":"follow","max-snippet":"max-snippet:-1","max-image-preview":"max-image-preview:large","max-video-preview":"max-video-preview:-1"},"canonical":"https:\/\/www.purejewels.com\/tr\/urun\/kadin-ciplak-kupe-40583\/","og_locale":"tr_TR","og_type":"article","og_title":"Antique Floral Stud Earrings in 22ct Gold | PureJewels Design","og_description":"Embrace timeless tradition with these antique-style floral stud earrings in 22ct gold. Intricately detailed with paisley and blossom motifs \u2014 rooted in heritage.","og_url":"https:\/\/www.purejewels.com\/tr\/urun\/kadin-ciplak-kupe-40583\/","og_site_name":"PureJewels UK","article_modified_time":"2025-12-08T10:56:44+00:00","og_image":[{"width":1000,"height":1000,"url":"https:\/\/static.purejewels.com\/wp-content\/uploads\/2021\/10\/40583-1.jpg","type":"image\/jpeg"}],"twitter_card":"summary_large_image","twitter_misc":{"Tahmini okuma s\u00fcresi":"1 dakika"},"schema":{"@context":"https:\/\/schema.org","@graph":[{"@type":["WebPage","ItemPage"],"@id":"https:\/\/www.purejewels.com\/product\/womens-stud-earring-40583\/","url":"https:\/\/www.purejewels.com\/product\/womens-stud-earring-40583\/","name":"Antik \u00c7i\u00e7ekli 22 Ayar Alt\u0131n Saplama K\u00fcpe | PureJewels Design","isPartOf":{"@id":"https:\/\/www.purejewels.com\/#website"},"primaryImageOfPage":{"@id":"https:\/\/www.purejewels.com\/product\/womens-stud-earring-40583\/#primaryimage"},"image":{"@id":"https:\/\/www.purejewels.com\/product\/womens-stud-earring-40583\/#primaryimage"},"thumbnailUrl":"https:\/\/static.purejewels.com\/wp-content\/uploads\/2021\/10\/40583-1.jpg","datePublished":"2021-11-02T11:36:22+00:00","dateModified":"2025-12-08T10:56:44+00:00","description":"22 ayar alt\u0131ndan bu antik tarz \u00e7i\u00e7ekli k\u00fcpelerle zamans\u0131z gelene\u011fi kucaklay\u0131n. \u015eal ve \u00e7i\u00e7ek motifleriyle incelikle detayland\u0131r\u0131lm\u0131\u015f bu k\u00fcpeler, k\u00f6kl\u00fc bir mirasa sahiptir.","breadcrumb":{"@id":"https:\/\/www.purejewels.com\/product\/womens-stud-earring-40583\/#breadcrumb"},"inLanguage":"tr","potentialAction":[{"@type":"ReadAction","target":["https:\/\/www.purejewels.com\/product\/womens-stud-earring-40583\/"]}]},{"@type":"ImageObject","inLanguage":"tr","@id":"https:\/\/www.purejewels.com\/product\/womens-stud-earring-40583\/#primaryimage","url":"https:\/\/static.purejewels.com\/wp-content\/uploads\/2021\/10\/40583-1.jpg","contentUrl":"https:\/\/static.purejewels.com\/wp-content\/uploads\/2021\/10\/40583-1.jpg","width":1000,"height":1000,"caption":"22ct Gold Earring 40583-1"},{"@type":"BreadcrumbList","@id":"https:\/\/www.purejewels.com\/product\/womens-stud-earring-40583\/#breadcrumb","itemListElement":[{"@type":"ListItem","position":1,"name":"Home","item":"https:\/\/www.purejewels.com\/"},{"@type":"ListItem","position":2,"name":"Shop","item":"https:\/\/www.purejewels.com\/shop\/"},{"@type":"ListItem","position":3,"name":"Women&#8217;s Stud Earring"}]},{"@type":"WebSite","@id":"https:\/\/www.purejewels.com\/#website","url":"https:\/\/www.purejewels.com\/","name":"PureJewels \u0130ngiltere","description":"Sevgiyi Payla\u015f\u0131n","publisher":{"@id":"https:\/\/www.purejewels.com\/#organization"},"potentialAction":[{"@type":"SearchAction","target":{"@type":"EntryPoint","urlTemplate":"https:\/\/www.purejewels.com\/?s={search_term_string}"},"query-input":{"@type":"PropertyValueSpecification","valueRequired":true,"valueName":"search_term_string"}}],"inLanguage":"tr"},{"@type":"Organization","@id":"https:\/\/www.purejewels.com\/#organization","name":"PureJewels \u0130ngiltere","url":"https:\/\/www.purejewels.com\/","logo":{"@type":"ImageObject","inLanguage":"tr","@id":"https:\/\/www.purejewels.com\/#\/schema\/logo\/image\/","url":"https:\/\/static.purejewels.com\/wp-content\/uploads\/2020\/11\/Logo-PJ-New-1.png","contentUrl":"https:\/\/static.purejewels.com\/wp-content\/uploads\/2020\/11\/Logo-PJ-New-1.png","width":150,"height":80,"caption":"PureJewels UK"},"image":{"@id":"https:\/\/www.purejewels.com\/#\/schema\/logo\/image\/"}}]}},"_links":{"self":[{"href":"https:\/\/www.purejewels.com\/tr\/wp-json\/wp\/v2\/product\/327769","targetHints":{"allow":["GET"]}}],"collection":[{"href":"https:\/\/www.purejewels.com\/tr\/wp-json\/wp\/v2\/product"}],"about":[{"href":"https:\/\/www.purejewels.com\/tr\/wp-json\/wp\/v2\/types\/product"}],"replies":[{"embeddable":true,"href":"https:\/\/www.purejewels.com\/tr\/wp-json\/wp\/v2\/comments?post=327769"}],"version-history":[{"count":3,"href":"https:\/\/www.purejewels.com\/tr\/wp-json\/wp\/v2\/product\/327769\/revisions"}],"predecessor-version":[{"id":422654,"href":"https:\/\/www.purejewels.com\/tr\/wp-json\/wp\/v2\/product\/327769\/revisions\/422654"}],"wp:featuredmedia":[{"embeddable":true,"href":"https:\/\/www.purejewels.com\/tr\/wp-json\/wp\/v2\/media\/327988"}],"wp:attachment":[{"href":"https:\/\/www.purejewels.com\/tr\/wp-json\/wp\/v2\/media?parent=327769"}],"wp:term":[{"taxonomy":"product_brand","embeddable":true,"href":"https:\/\/www.purejewels.com\/tr\/wp-json\/wp\/v2\/product_brand?post=327769"},{"taxonomy":"product_cat","embeddable":true,"href":"https:\/\/www.purejewels.com\/tr\/wp-json\/wp\/v2\/product_cat?post=327769"},{"taxonomy":"product_tag","embeddable":true,"href":"https:\/\/www.purejewels.com\/tr\/wp-json\/wp\/v2\/product_tag?post=327769"}],"curies":[{"name":"wp","href":"https:\/\/api.w.org\/{rel}","templated":true}]}}