{"id":327772,"date":"2021-11-02T11:44:25","date_gmt":"2021-11-02T11:44:25","guid":{"rendered":"https:\/\/www.purejewels.com\/?post_type=product&#038;p=327772"},"modified":"2025-11-06T05:09:10","modified_gmt":"2025-11-06T05:09:10","slug":"22-ayar-altin-kupe-49592","status":"publish","type":"product","link":"https:\/\/www.purejewels.com\/tr\/product\/stud-earring-in-22ct-gold\/","title":{"rendered":"22 Ayar Alt\u0131n Saplama K\u00fcpe"},"content":{"rendered":"<p>Bunlar\u0131n zamans\u0131z \u015f\u0131kl\u0131\u011f\u0131n\u0131 ke\u015ffedin <a href=\"https:\/\/www.purejewels.com\/tr\/product-category\/22ct-gold-jewellery\/\">22 karat<\/a> alt\u0131n <a href=\"https:\/\/www.purejewels.com\/tr\/product-category\/22ct-gold-jewellery\/gold-earrings\/\">K\u00fcpeler<\/a> antika kaplamal\u0131 \u00e7\u0131t\u00e7\u0131tlar. Her bir saplama 3,1 gram a\u011f\u0131rl\u0131\u011f\u0131ndad\u0131r ve titizlikle m\u00fckemmel bir \u015fekilde i\u015flenmi\u015ftir. London Assay Office damgas\u0131, bu \u00e7arp\u0131c\u0131 k\u00fcpelerde kullan\u0131lan alt\u0131n\u0131n orijinalli\u011fini ve kalitesini garanti eder.<\/p>\n<p>Bu zarif \u00e7\u0131t\u00e7\u0131tlar g\u00fczel bir sunum kutusunda gelir ve onlar\u0131 herhangi bir \u00f6zel durum i\u00e7in m\u00fckemmel bir hediye haline getirir. Sipari\u015finizin g\u00fcvenli ve emniyetli bir \u015fekilde ula\u015fmas\u0131n\u0131 sa\u011flamak i\u00e7in her sat\u0131n alma i\u015flemine \u00fccretsiz takipli teslimat dahildir.<\/p>\n<p>PureJewels UK'de, \u00e7ok \u00e7e\u015fitli y\u00fcksek kaliteli alt\u0131n tak\u0131lar sunmaktan gurur duyuyoruz. Forest Gate, Londra, Birle\u015fik Krall\u0131k'taki ma\u011fazam\u0131zda en yeni k\u00fcpe koleksiyonumuzu ke\u015ffetmek i\u00e7in bizimle veya WhatsApp ile sohbet edin. \u0130ster sevdikleriniz i\u00e7in bir hediye ar\u0131yor olun, ister kendinizi \u015f\u0131martmak istiyor olun, bu 22 ayar alt\u0131n k\u00fcpelerin fark yarataca\u011f\u0131ndan emin olabilirsiniz.<\/p>\n<p>Bu g\u00fczel k\u00fcpeleri koleksiyonunuza ekleme f\u0131rsat\u0131n\u0131 ka\u00e7\u0131rmay\u0131n.<\/span><\/p>","protected":false},"excerpt":{"rendered":"<ul>\n<li>Antik Kaplamal\u0131 22 Ayar Alt\u0131n K\u00fcpe<\/li>\n<li>A\u011f\u0131rl\u0131k 3,1 gms<\/li>\n<li>SKU. 40586<\/li>\n<li>T\u00fcm fiyatlara KDV dahildir<\/li>\n<li>T\u00fcm \u00fcr\u00fcnlerimiz Londra Tahlil Ofisi taraf\u0131ndan damgalanm\u0131\u015ft\u0131r<\/li>\n<li>Sunum Kutusu ile Birlikte Gelir<\/li>\n<li>Teslimat Dahil<\/li>\n<li>Forest Gate, Londra, \u0130ngiltere'deki ma\u011fazam\u0131zda bulunan t\u00fcm yeni Yeni k\u00fcpe \u00e7e\u015fitlerini g\u00f6r\u00fcnt\u00fclemek i\u00e7in bizimle sohbet edin \/ Whats app<\/li>\n<\/ul>","protected":false},"featured_media":333745,"comment_status":"closed","ping_status":"closed","template":"","meta":{"_eb_attr":"","_crsspst_to_jayantr4sg-hostcom":false},"product_brand":[],"product_cat":[1791,1559,236,1793,1792,1254,1570,1656,5274,1577,1573,1574],"product_tag":[1430],"class_list":{"0":"post-327772","1":"product","2":"type-product","3":"status-publish","4":"has-post-thumbnail","6":"product_cat-anniversary-gifts","7":"product_cat-birthday-gifts","8":"product_cat-collections","9":"product_cat-diwali-gifts","10":"product_cat-festival-gifts","11":"product_cat-gold-earrings","12":"product_cat-mothers-day-gifts","13":"product_cat-rosettes-collections","14":"product_cat-rosettes-earring","15":"product_cat-stud-earrings","16":"product_cat-wedding-gifts","17":"product_cat-womens-jewellery","18":"product_tag-diwali-gift","20":"first","21":"outofstock","22":"taxable","23":"shipping-taxable","24":"product-type-simple","25":"add-to-wishlist-before_image"},"yoast_head":"<!-- This site is optimized with the Yoast SEO plugin v27.5 - https:\/\/yoast.com\/product\/yoast-seo-wordpress\/ -->\n<title>Shop these Beautiful 22ct gold Studs at PureJewels UK<\/title>\n<meta name=\"description\" content=\"Discover 22ct gold studs in the UK. Pick these beautifully crafted gold studs. Perfect for everyday wear. Free &amp; secure Delivery.\" \/>\n<meta name=\"robots\" content=\"index, follow, max-snippet:-1, max-image-preview:large, max-video-preview:-1\" \/>\n<link rel=\"canonical\" href=\"https:\/\/www.purejewels.com\/tr\/urun\/22-ayar-altin-kupe-49592\/\" \/>\n<meta property=\"og:locale\" content=\"tr_TR\" \/>\n<meta property=\"og:type\" content=\"article\" \/>\n<meta property=\"og:title\" content=\"Shop these Beautiful 22ct gold Studs at PureJewels UK\" \/>\n<meta property=\"og:description\" content=\"Discover 22ct gold studs in the UK. Pick these beautifully crafted gold studs. Perfect for everyday wear. Free &amp; secure Delivery.\" \/>\n<meta property=\"og:url\" content=\"https:\/\/www.purejewels.com\/tr\/urun\/22-ayar-altin-kupe-49592\/\" \/>\n<meta property=\"og:site_name\" content=\"PureJewels UK\" \/>\n<meta property=\"article:modified_time\" content=\"2025-11-06T05:09:10+00:00\" \/>\n<meta property=\"og:image\" content=\"https:\/\/www.purejewels.com\/wp-content\/uploads\/2021\/11\/40586-2.jpg\" \/>\n\t<meta property=\"og:image:width\" content=\"1000\" \/>\n\t<meta property=\"og:image:height\" content=\"1000\" \/>\n\t<meta property=\"og:image:type\" content=\"image\/jpeg\" \/>\n<meta name=\"twitter:card\" content=\"summary_large_image\" \/>\n<meta name=\"twitter:label1\" content=\"Tahmini okuma s\u00fcresi\" \/>\n\t<meta name=\"twitter:data1\" content=\"1 dakika\" \/>\n<script type=\"application\/ld+json\" class=\"yoast-schema-graph\">{\"@context\":\"https:\\\/\\\/schema.org\",\"@graph\":[{\"@type\":[\"WebPage\",\"ItemPage\"],\"@id\":\"https:\\\/\\\/www.purejewels.com\\\/product\\\/stud-earring-in-22ct-gold\\\/\",\"url\":\"https:\\\/\\\/www.purejewels.com\\\/product\\\/stud-earring-in-22ct-gold\\\/\",\"name\":\"Shop these Beautiful 22ct gold Studs at PureJewels UK\",\"isPartOf\":{\"@id\":\"https:\\\/\\\/www.purejewels.com\\\/#website\"},\"primaryImageOfPage\":{\"@id\":\"https:\\\/\\\/www.purejewels.com\\\/product\\\/stud-earring-in-22ct-gold\\\/#primaryimage\"},\"image\":{\"@id\":\"https:\\\/\\\/www.purejewels.com\\\/product\\\/stud-earring-in-22ct-gold\\\/#primaryimage\"},\"thumbnailUrl\":\"https:\\\/\\\/static.purejewels.com\\\/wp-content\\\/uploads\\\/2021\\\/11\\\/40586-2.jpg\",\"datePublished\":\"2021-11-02T11:44:25+00:00\",\"dateModified\":\"2025-11-06T05:09:10+00:00\",\"description\":\"Discover 22ct gold studs in the UK. Pick these beautifully crafted gold studs. Perfect for everyday wear. Free & secure Delivery.\",\"breadcrumb\":{\"@id\":\"https:\\\/\\\/www.purejewels.com\\\/product\\\/stud-earring-in-22ct-gold\\\/#breadcrumb\"},\"inLanguage\":\"tr\",\"potentialAction\":[{\"@type\":\"ReadAction\",\"target\":[\"https:\\\/\\\/www.purejewels.com\\\/product\\\/stud-earring-in-22ct-gold\\\/\"]}]},{\"@type\":\"ImageObject\",\"inLanguage\":\"tr\",\"@id\":\"https:\\\/\\\/www.purejewels.com\\\/product\\\/stud-earring-in-22ct-gold\\\/#primaryimage\",\"url\":\"https:\\\/\\\/static.purejewels.com\\\/wp-content\\\/uploads\\\/2021\\\/11\\\/40586-2.jpg\",\"contentUrl\":\"https:\\\/\\\/static.purejewels.com\\\/wp-content\\\/uploads\\\/2021\\\/11\\\/40586-2.jpg\",\"width\":1000,\"height\":1000,\"caption\":\"22ct Gold Stud Earring 40586-2\"},{\"@type\":\"BreadcrumbList\",\"@id\":\"https:\\\/\\\/www.purejewels.com\\\/product\\\/stud-earring-in-22ct-gold\\\/#breadcrumb\",\"itemListElement\":[{\"@type\":\"ListItem\",\"position\":1,\"name\":\"Home\",\"item\":\"https:\\\/\\\/www.purejewels.com\\\/\"},{\"@type\":\"ListItem\",\"position\":2,\"name\":\"Shop\",\"item\":\"https:\\\/\\\/www.purejewels.com\\\/shop\\\/\"},{\"@type\":\"ListItem\",\"position\":3,\"name\":\"Stud Earring in 22 carat Gold\"}]},{\"@type\":\"WebSite\",\"@id\":\"https:\\\/\\\/www.purejewels.com\\\/#website\",\"url\":\"https:\\\/\\\/www.purejewels.com\\\/\",\"name\":\"PureJewels UK\",\"description\":\"Share the Love\",\"publisher\":{\"@id\":\"https:\\\/\\\/www.purejewels.com\\\/#organization\"},\"potentialAction\":[{\"@type\":\"SearchAction\",\"target\":{\"@type\":\"EntryPoint\",\"urlTemplate\":\"https:\\\/\\\/www.purejewels.com\\\/?s={search_term_string}\"},\"query-input\":{\"@type\":\"PropertyValueSpecification\",\"valueRequired\":true,\"valueName\":\"search_term_string\"}}],\"inLanguage\":\"tr\"},{\"@type\":\"Organization\",\"@id\":\"https:\\\/\\\/www.purejewels.com\\\/#organization\",\"name\":\"PureJewels UK\",\"url\":\"https:\\\/\\\/www.purejewels.com\\\/\",\"logo\":{\"@type\":\"ImageObject\",\"inLanguage\":\"tr\",\"@id\":\"https:\\\/\\\/www.purejewels.com\\\/#\\\/schema\\\/logo\\\/image\\\/\",\"url\":\"https:\\\/\\\/static.purejewels.com\\\/wp-content\\\/uploads\\\/2020\\\/11\\\/Logo-PJ-New-1.png\",\"contentUrl\":\"https:\\\/\\\/static.purejewels.com\\\/wp-content\\\/uploads\\\/2020\\\/11\\\/Logo-PJ-New-1.png\",\"width\":150,\"height\":80,\"caption\":\"PureJewels UK\"},\"image\":{\"@id\":\"https:\\\/\\\/www.purejewels.com\\\/#\\\/schema\\\/logo\\\/image\\\/\"}}]}<\/script>\n<!-- \/ Yoast SEO plugin. -->","yoast_head_json":{"title":"PureJewels UK'de bu G\u00fczel 22 ayar alt\u0131n \u00c7\u0131t\u00e7\u0131tlar\u0131 sat\u0131n al\u0131n","description":"\u0130ngiltere'deki 22 ayar alt\u0131n \u00e7\u0131t\u00e7\u0131tlar\u0131 ke\u015ffedin. Bu g\u00fczel i\u015flenmi\u015f alt\u0131n \u00e7\u0131t\u00e7\u0131tlar\u0131 se\u00e7in. G\u00fcnl\u00fck kullan\u0131m i\u00e7in m\u00fckemmel. \u00dccretsiz ve g\u00fcvenli Teslimat.","robots":{"index":"index","follow":"follow","max-snippet":"max-snippet:-1","max-image-preview":"max-image-preview:large","max-video-preview":"max-video-preview:-1"},"canonical":"https:\/\/www.purejewels.com\/tr\/urun\/22-ayar-altin-kupe-49592\/","og_locale":"tr_TR","og_type":"article","og_title":"Shop these Beautiful 22ct gold Studs at PureJewels UK","og_description":"Discover 22ct gold studs in the UK. Pick these beautifully crafted gold studs. Perfect for everyday wear. Free & secure Delivery.","og_url":"https:\/\/www.purejewels.com\/tr\/urun\/22-ayar-altin-kupe-49592\/","og_site_name":"PureJewels UK","article_modified_time":"2025-11-06T05:09:10+00:00","og_image":[{"width":1000,"height":1000,"url":"https:\/\/www.purejewels.com\/wp-content\/uploads\/2021\/11\/40586-2.jpg","type":"image\/jpeg"}],"twitter_card":"summary_large_image","twitter_misc":{"Tahmini okuma s\u00fcresi":"1 dakika"},"schema":{"@context":"https:\/\/schema.org","@graph":[{"@type":["WebPage","ItemPage"],"@id":"https:\/\/www.purejewels.com\/product\/stud-earring-in-22ct-gold\/","url":"https:\/\/www.purejewels.com\/product\/stud-earring-in-22ct-gold\/","name":"PureJewels UK'de bu G\u00fczel 22 ayar alt\u0131n \u00c7\u0131t\u00e7\u0131tlar\u0131 sat\u0131n al\u0131n","isPartOf":{"@id":"https:\/\/www.purejewels.com\/#website"},"primaryImageOfPage":{"@id":"https:\/\/www.purejewels.com\/product\/stud-earring-in-22ct-gold\/#primaryimage"},"image":{"@id":"https:\/\/www.purejewels.com\/product\/stud-earring-in-22ct-gold\/#primaryimage"},"thumbnailUrl":"https:\/\/static.purejewels.com\/wp-content\/uploads\/2021\/11\/40586-2.jpg","datePublished":"2021-11-02T11:44:25+00:00","dateModified":"2025-11-06T05:09:10+00:00","description":"\u0130ngiltere'deki 22 ayar alt\u0131n \u00e7\u0131t\u00e7\u0131tlar\u0131 ke\u015ffedin. Bu g\u00fczel i\u015flenmi\u015f alt\u0131n \u00e7\u0131t\u00e7\u0131tlar\u0131 se\u00e7in. G\u00fcnl\u00fck kullan\u0131m i\u00e7in m\u00fckemmel. \u00dccretsiz ve g\u00fcvenli Teslimat.","breadcrumb":{"@id":"https:\/\/www.purejewels.com\/product\/stud-earring-in-22ct-gold\/#breadcrumb"},"inLanguage":"tr","potentialAction":[{"@type":"ReadAction","target":["https:\/\/www.purejewels.com\/product\/stud-earring-in-22ct-gold\/"]}]},{"@type":"ImageObject","inLanguage":"tr","@id":"https:\/\/www.purejewels.com\/product\/stud-earring-in-22ct-gold\/#primaryimage","url":"https:\/\/static.purejewels.com\/wp-content\/uploads\/2021\/11\/40586-2.jpg","contentUrl":"https:\/\/static.purejewels.com\/wp-content\/uploads\/2021\/11\/40586-2.jpg","width":1000,"height":1000,"caption":"22ct Gold Stud Earring 40586-2"},{"@type":"BreadcrumbList","@id":"https:\/\/www.purejewels.com\/product\/stud-earring-in-22ct-gold\/#breadcrumb","itemListElement":[{"@type":"ListItem","position":1,"name":"Home","item":"https:\/\/www.purejewels.com\/"},{"@type":"ListItem","position":2,"name":"Shop","item":"https:\/\/www.purejewels.com\/shop\/"},{"@type":"ListItem","position":3,"name":"Stud Earring in 22 carat Gold"}]},{"@type":"WebSite","@id":"https:\/\/www.purejewels.com\/#website","url":"https:\/\/www.purejewels.com\/","name":"PureJewels \u0130ngiltere","description":"Sevgiyi Payla\u015f\u0131n","publisher":{"@id":"https:\/\/www.purejewels.com\/#organization"},"potentialAction":[{"@type":"SearchAction","target":{"@type":"EntryPoint","urlTemplate":"https:\/\/www.purejewels.com\/?s={search_term_string}"},"query-input":{"@type":"PropertyValueSpecification","valueRequired":true,"valueName":"search_term_string"}}],"inLanguage":"tr"},{"@type":"Organization","@id":"https:\/\/www.purejewels.com\/#organization","name":"PureJewels \u0130ngiltere","url":"https:\/\/www.purejewels.com\/","logo":{"@type":"ImageObject","inLanguage":"tr","@id":"https:\/\/www.purejewels.com\/#\/schema\/logo\/image\/","url":"https:\/\/static.purejewels.com\/wp-content\/uploads\/2020\/11\/Logo-PJ-New-1.png","contentUrl":"https:\/\/static.purejewels.com\/wp-content\/uploads\/2020\/11\/Logo-PJ-New-1.png","width":150,"height":80,"caption":"PureJewels UK"},"image":{"@id":"https:\/\/www.purejewels.com\/#\/schema\/logo\/image\/"}}]}},"_links":{"self":[{"href":"https:\/\/www.purejewels.com\/tr\/wp-json\/wp\/v2\/product\/327772","targetHints":{"allow":["GET"]}}],"collection":[{"href":"https:\/\/www.purejewels.com\/tr\/wp-json\/wp\/v2\/product"}],"about":[{"href":"https:\/\/www.purejewels.com\/tr\/wp-json\/wp\/v2\/types\/product"}],"replies":[{"embeddable":true,"href":"https:\/\/www.purejewels.com\/tr\/wp-json\/wp\/v2\/comments?post=327772"}],"version-history":[{"count":2,"href":"https:\/\/www.purejewels.com\/tr\/wp-json\/wp\/v2\/product\/327772\/revisions"}],"predecessor-version":[{"id":420276,"href":"https:\/\/www.purejewels.com\/tr\/wp-json\/wp\/v2\/product\/327772\/revisions\/420276"}],"wp:featuredmedia":[{"embeddable":true,"href":"https:\/\/www.purejewels.com\/tr\/wp-json\/wp\/v2\/media\/333745"}],"wp:attachment":[{"href":"https:\/\/www.purejewels.com\/tr\/wp-json\/wp\/v2\/media?parent=327772"}],"wp:term":[{"taxonomy":"product_brand","embeddable":true,"href":"https:\/\/www.purejewels.com\/tr\/wp-json\/wp\/v2\/product_brand?post=327772"},{"taxonomy":"product_cat","embeddable":true,"href":"https:\/\/www.purejewels.com\/tr\/wp-json\/wp\/v2\/product_cat?post=327772"},{"taxonomy":"product_tag","embeddable":true,"href":"https:\/\/www.purejewels.com\/tr\/wp-json\/wp\/v2\/product_tag?post=327772"}],"curies":[{"name":"wp","href":"https:\/\/api.w.org\/{rel}","templated":true}]}}