{"id":327779,"date":"2021-10-28T11:50:05","date_gmt":"2021-10-28T10:50:05","guid":{"rendered":"https:\/\/www.purejewels.com\/?post_type=product&#038;p=327779"},"modified":"2025-11-20T05:59:04","modified_gmt":"2025-11-20T05:59:04","slug":"kadinlar-icin-altin-kolye-40590","status":"publish","type":"product","link":"https:\/\/www.purejewels.com\/tr\/product\/gold-pendant-for-women-40590\/","title":{"rendered":"Kad\u0131nlar i\u00e7in 22 ayar alt\u0131n antika paisley kolye ucu"},"content":{"rendered":"<p>Hint gelene\u011fine dayanan <strong data-start=\"191\" data-end=\"228\">22 ayar alt\u0131n antika paisley kolye ucu<\/strong> zamans\u0131z zanaatkarl\u0131\u011fa \u00e7arp\u0131c\u0131 bir sayg\u0131 duru\u015fudur. Kolye, y\u00fczy\u0131llar s\u00fcren tasar\u0131m miras\u0131n\u0131 yans\u0131tan zengin antika bir kaplamayla i\u015flenmi\u015f, karma\u015f\u0131k paisley ve \u00e7i\u00e7ek motiflerine sahiptir. Her k\u0131vr\u0131m ve nokta klasik s\u00fcslemeleri \u00e7a\u011fr\u0131\u015ft\u0131rarak bu par\u00e7ay\u0131 k\u00fclt\u00fcrel etkinlikler, d\u00fc\u011f\u00fcnler veya anlaml\u0131 bir aile yadigar\u0131 hediye olarak ideal hale getirir. Saf 22 ayar alt\u0131ndan i\u015flenmi\u015f bu par\u00e7a, derin k\u00fclt\u00fcrel yank\u0131larla zarafeti somutla\u015ft\u0131r\u0131r.<\/p>","protected":false},"excerpt":{"rendered":"<ul>\n<li>Antik kaplamal\u0131 22 ayar alt\u0131n kolye ucu<\/li>\n<li>A\u011f\u0131rl\u0131k 1,5 gms<\/li>\n<li>SKU. 40590<\/li>\n<li>Zincir Fiyata Dahil De\u011fildir<\/li>\n<li>Resimde g\u00f6sterilen Zincir bir\u00a0<strong>Tilki Kuyru\u011fu Zinciri<\/strong><\/li>\n<li>T\u00fcm fiyatlara KDV dahildir<\/li>\n<li>T\u00fcm \u00fcr\u00fcnlerimiz London Assay Office taraf\u0131ndan damgalanm\u0131\u015ft\u0131r<\/li>\n<li>T\u00fcm Alt\u0131n kolyelerimiz Sunum Kutusu ile birlikte gelir<\/li>\n<li>Teslimat Dahil<\/li>\n<li>Hint Alt\u0131n Kolye setleri koleksiyonumuzu g\u00f6rmek i\u00e7in bize ula\u015f\u0131n \/ bizimle sohbet edin<\/li>\n<\/ul>","protected":false},"featured_media":327997,"comment_status":"closed","ping_status":"closed","template":"","meta":{"_eb_attr":"","_crsspst_to_jayantr4sg-hostcom":false},"product_brand":[],"product_cat":[1791,1559,236,1255,1767,1570,1656,1573,1574],"product_tag":[1430],"class_list":{"0":"post-327779","1":"product","2":"type-product","3":"status-publish","4":"has-post-thumbnail","6":"product_cat-anniversary-gifts","7":"product_cat-birthday-gifts","8":"product_cat-collections","9":"product_cat-gold-pendants","10":"product_cat-ladies-pendants","11":"product_cat-mothers-day-gifts","12":"product_cat-rosettes-collections","13":"product_cat-wedding-gifts","14":"product_cat-womens-jewellery","15":"product_tag-diwali-gift","17":"first","18":"onbackorder","19":"taxable","20":"shipping-taxable","21":"product-type-simple","22":"add-to-wishlist-before_image"},"yoast_head":"<!-- This site is optimized with the Yoast SEO plugin v27.5 - https:\/\/yoast.com\/product\/yoast-seo-wordpress\/ -->\n<title>22ct Gold Antique Paisley Pendant for Women | PureJewels<\/title>\n<meta name=\"description\" content=\"Traditional paisley pendant in 22ct antique-finish gold. A timeless design inspired by Indian heritage\u2014perfect for weddings, cultural wear, and gifting.\" \/>\n<meta name=\"robots\" content=\"index, follow, max-snippet:-1, max-image-preview:large, max-video-preview:-1\" \/>\n<link rel=\"canonical\" href=\"https:\/\/www.purejewels.com\/tr\/urun\/kadinlar-icin-altin-kolye-40590\/\" \/>\n<meta property=\"og:locale\" content=\"tr_TR\" \/>\n<meta property=\"og:type\" content=\"article\" \/>\n<meta property=\"og:title\" content=\"22ct Gold Antique Paisley Pendant for Women | PureJewels\" \/>\n<meta property=\"og:description\" content=\"Traditional paisley pendant in 22ct antique-finish gold. A timeless design inspired by Indian heritage\u2014perfect for weddings, cultural wear, and gifting.\" \/>\n<meta property=\"og:url\" content=\"https:\/\/www.purejewels.com\/tr\/urun\/kadinlar-icin-altin-kolye-40590\/\" \/>\n<meta property=\"og:site_name\" content=\"PureJewels UK\" \/>\n<meta property=\"article:modified_time\" content=\"2025-11-20T05:59:04+00:00\" \/>\n<meta property=\"og:image\" content=\"https:\/\/www.purejewels.com\/wp-content\/uploads\/2021\/10\/40590-1.jpg\" \/>\n\t<meta property=\"og:image:width\" content=\"1000\" \/>\n\t<meta property=\"og:image:height\" content=\"1000\" \/>\n\t<meta property=\"og:image:type\" content=\"image\/jpeg\" \/>\n<meta name=\"twitter:card\" content=\"summary_large_image\" \/>\n<meta name=\"twitter:label1\" content=\"Tahmini okuma s\u00fcresi\" \/>\n\t<meta name=\"twitter:data1\" content=\"1 dakika\" \/>\n<script type=\"application\/ld+json\" class=\"yoast-schema-graph\">{\"@context\":\"https:\\\/\\\/schema.org\",\"@graph\":[{\"@type\":[\"WebPage\",\"ItemPage\"],\"@id\":\"https:\\\/\\\/www.purejewels.com\\\/product\\\/gold-pendant-for-women-40590\\\/\",\"url\":\"https:\\\/\\\/www.purejewels.com\\\/product\\\/gold-pendant-for-women-40590\\\/\",\"name\":\"22ct Gold Antique Paisley Pendant for Women | PureJewels\",\"isPartOf\":{\"@id\":\"https:\\\/\\\/www.purejewels.com\\\/#website\"},\"primaryImageOfPage\":{\"@id\":\"https:\\\/\\\/www.purejewels.com\\\/product\\\/gold-pendant-for-women-40590\\\/#primaryimage\"},\"image\":{\"@id\":\"https:\\\/\\\/www.purejewels.com\\\/product\\\/gold-pendant-for-women-40590\\\/#primaryimage\"},\"thumbnailUrl\":\"https:\\\/\\\/static.purejewels.com\\\/wp-content\\\/uploads\\\/2021\\\/10\\\/40590-1.jpg\",\"datePublished\":\"2021-10-28T10:50:05+00:00\",\"dateModified\":\"2025-11-20T05:59:04+00:00\",\"description\":\"Traditional paisley pendant in 22ct antique-finish gold. A timeless design inspired by Indian heritage\u2014perfect for weddings, cultural wear, and gifting.\",\"breadcrumb\":{\"@id\":\"https:\\\/\\\/www.purejewels.com\\\/product\\\/gold-pendant-for-women-40590\\\/#breadcrumb\"},\"inLanguage\":\"tr\",\"potentialAction\":[{\"@type\":\"ReadAction\",\"target\":[\"https:\\\/\\\/www.purejewels.com\\\/product\\\/gold-pendant-for-women-40590\\\/\"]}]},{\"@type\":\"ImageObject\",\"inLanguage\":\"tr\",\"@id\":\"https:\\\/\\\/www.purejewels.com\\\/product\\\/gold-pendant-for-women-40590\\\/#primaryimage\",\"url\":\"https:\\\/\\\/static.purejewels.com\\\/wp-content\\\/uploads\\\/2021\\\/10\\\/40590-1.jpg\",\"contentUrl\":\"https:\\\/\\\/static.purejewels.com\\\/wp-content\\\/uploads\\\/2021\\\/10\\\/40590-1.jpg\",\"width\":1000,\"height\":1000,\"caption\":\"Gold Pendant for Women 40590-1\"},{\"@type\":\"BreadcrumbList\",\"@id\":\"https:\\\/\\\/www.purejewels.com\\\/product\\\/gold-pendant-for-women-40590\\\/#breadcrumb\",\"itemListElement\":[{\"@type\":\"ListItem\",\"position\":1,\"name\":\"Home\",\"item\":\"https:\\\/\\\/www.purejewels.com\\\/\"},{\"@type\":\"ListItem\",\"position\":2,\"name\":\"Shop\",\"item\":\"https:\\\/\\\/www.purejewels.com\\\/shop\\\/\"},{\"@type\":\"ListItem\",\"position\":3,\"name\":\"22ct Gold Antique Paisley Pendant for Women\"}]},{\"@type\":\"WebSite\",\"@id\":\"https:\\\/\\\/www.purejewels.com\\\/#website\",\"url\":\"https:\\\/\\\/www.purejewels.com\\\/\",\"name\":\"PureJewels UK\",\"description\":\"Share the Love\",\"publisher\":{\"@id\":\"https:\\\/\\\/www.purejewels.com\\\/#organization\"},\"potentialAction\":[{\"@type\":\"SearchAction\",\"target\":{\"@type\":\"EntryPoint\",\"urlTemplate\":\"https:\\\/\\\/www.purejewels.com\\\/?s={search_term_string}\"},\"query-input\":{\"@type\":\"PropertyValueSpecification\",\"valueRequired\":true,\"valueName\":\"search_term_string\"}}],\"inLanguage\":\"tr\"},{\"@type\":\"Organization\",\"@id\":\"https:\\\/\\\/www.purejewels.com\\\/#organization\",\"name\":\"PureJewels UK\",\"url\":\"https:\\\/\\\/www.purejewels.com\\\/\",\"logo\":{\"@type\":\"ImageObject\",\"inLanguage\":\"tr\",\"@id\":\"https:\\\/\\\/www.purejewels.com\\\/#\\\/schema\\\/logo\\\/image\\\/\",\"url\":\"https:\\\/\\\/static.purejewels.com\\\/wp-content\\\/uploads\\\/2020\\\/11\\\/Logo-PJ-New-1.png\",\"contentUrl\":\"https:\\\/\\\/static.purejewels.com\\\/wp-content\\\/uploads\\\/2020\\\/11\\\/Logo-PJ-New-1.png\",\"width\":150,\"height\":80,\"caption\":\"PureJewels UK\"},\"image\":{\"@id\":\"https:\\\/\\\/www.purejewels.com\\\/#\\\/schema\\\/logo\\\/image\\\/\"}}]}<\/script>\n<!-- \/ Yoast SEO plugin. -->","yoast_head_json":{"title":"Kad\u0131nlar i\u00e7in 22 ayar alt\u0131n antika paisley kolye | PureJewels","description":"22 ayar antika kaplama alt\u0131n geleneksel paisley kolye ucu. Hint miras\u0131ndan ilham alan zamans\u0131z bir tasar\u0131m \u2014 d\u00fc\u011f\u00fcnler, k\u00fclt\u00fcrel k\u0131yafetler ve hediye etmek i\u00e7in m\u00fckemmel.","robots":{"index":"index","follow":"follow","max-snippet":"max-snippet:-1","max-image-preview":"max-image-preview:large","max-video-preview":"max-video-preview:-1"},"canonical":"https:\/\/www.purejewels.com\/tr\/urun\/kadinlar-icin-altin-kolye-40590\/","og_locale":"tr_TR","og_type":"article","og_title":"22ct Gold Antique Paisley Pendant for Women | PureJewels","og_description":"Traditional paisley pendant in 22ct antique-finish gold. A timeless design inspired by Indian heritage\u2014perfect for weddings, cultural wear, and gifting.","og_url":"https:\/\/www.purejewels.com\/tr\/urun\/kadinlar-icin-altin-kolye-40590\/","og_site_name":"PureJewels UK","article_modified_time":"2025-11-20T05:59:04+00:00","og_image":[{"width":1000,"height":1000,"url":"https:\/\/www.purejewels.com\/wp-content\/uploads\/2021\/10\/40590-1.jpg","type":"image\/jpeg"}],"twitter_card":"summary_large_image","twitter_misc":{"Tahmini okuma s\u00fcresi":"1 dakika"},"schema":{"@context":"https:\/\/schema.org","@graph":[{"@type":["WebPage","ItemPage"],"@id":"https:\/\/www.purejewels.com\/product\/gold-pendant-for-women-40590\/","url":"https:\/\/www.purejewels.com\/product\/gold-pendant-for-women-40590\/","name":"Kad\u0131nlar i\u00e7in 22 ayar alt\u0131n antika paisley kolye | PureJewels","isPartOf":{"@id":"https:\/\/www.purejewels.com\/#website"},"primaryImageOfPage":{"@id":"https:\/\/www.purejewels.com\/product\/gold-pendant-for-women-40590\/#primaryimage"},"image":{"@id":"https:\/\/www.purejewels.com\/product\/gold-pendant-for-women-40590\/#primaryimage"},"thumbnailUrl":"https:\/\/static.purejewels.com\/wp-content\/uploads\/2021\/10\/40590-1.jpg","datePublished":"2021-10-28T10:50:05+00:00","dateModified":"2025-11-20T05:59:04+00:00","description":"22 ayar antika kaplama alt\u0131n geleneksel paisley kolye ucu. Hint miras\u0131ndan ilham alan zamans\u0131z bir tasar\u0131m \u2014 d\u00fc\u011f\u00fcnler, k\u00fclt\u00fcrel k\u0131yafetler ve hediye etmek i\u00e7in m\u00fckemmel.","breadcrumb":{"@id":"https:\/\/www.purejewels.com\/product\/gold-pendant-for-women-40590\/#breadcrumb"},"inLanguage":"tr","potentialAction":[{"@type":"ReadAction","target":["https:\/\/www.purejewels.com\/product\/gold-pendant-for-women-40590\/"]}]},{"@type":"ImageObject","inLanguage":"tr","@id":"https:\/\/www.purejewels.com\/product\/gold-pendant-for-women-40590\/#primaryimage","url":"https:\/\/static.purejewels.com\/wp-content\/uploads\/2021\/10\/40590-1.jpg","contentUrl":"https:\/\/static.purejewels.com\/wp-content\/uploads\/2021\/10\/40590-1.jpg","width":1000,"height":1000,"caption":"Gold Pendant for Women 40590-1"},{"@type":"BreadcrumbList","@id":"https:\/\/www.purejewels.com\/product\/gold-pendant-for-women-40590\/#breadcrumb","itemListElement":[{"@type":"ListItem","position":1,"name":"Home","item":"https:\/\/www.purejewels.com\/"},{"@type":"ListItem","position":2,"name":"Shop","item":"https:\/\/www.purejewels.com\/shop\/"},{"@type":"ListItem","position":3,"name":"22ct Gold Antique Paisley Pendant for Women"}]},{"@type":"WebSite","@id":"https:\/\/www.purejewels.com\/#website","url":"https:\/\/www.purejewels.com\/","name":"PureJewels \u0130ngiltere","description":"Sevgiyi Payla\u015f\u0131n","publisher":{"@id":"https:\/\/www.purejewels.com\/#organization"},"potentialAction":[{"@type":"SearchAction","target":{"@type":"EntryPoint","urlTemplate":"https:\/\/www.purejewels.com\/?s={search_term_string}"},"query-input":{"@type":"PropertyValueSpecification","valueRequired":true,"valueName":"search_term_string"}}],"inLanguage":"tr"},{"@type":"Organization","@id":"https:\/\/www.purejewels.com\/#organization","name":"PureJewels \u0130ngiltere","url":"https:\/\/www.purejewels.com\/","logo":{"@type":"ImageObject","inLanguage":"tr","@id":"https:\/\/www.purejewels.com\/#\/schema\/logo\/image\/","url":"https:\/\/static.purejewels.com\/wp-content\/uploads\/2020\/11\/Logo-PJ-New-1.png","contentUrl":"https:\/\/static.purejewels.com\/wp-content\/uploads\/2020\/11\/Logo-PJ-New-1.png","width":150,"height":80,"caption":"PureJewels UK"},"image":{"@id":"https:\/\/www.purejewels.com\/#\/schema\/logo\/image\/"}}]}},"_links":{"self":[{"href":"https:\/\/www.purejewels.com\/tr\/wp-json\/wp\/v2\/product\/327779","targetHints":{"allow":["GET"]}}],"collection":[{"href":"https:\/\/www.purejewels.com\/tr\/wp-json\/wp\/v2\/product"}],"about":[{"href":"https:\/\/www.purejewels.com\/tr\/wp-json\/wp\/v2\/types\/product"}],"replies":[{"embeddable":true,"href":"https:\/\/www.purejewels.com\/tr\/wp-json\/wp\/v2\/comments?post=327779"}],"version-history":[{"count":3,"href":"https:\/\/www.purejewels.com\/tr\/wp-json\/wp\/v2\/product\/327779\/revisions"}],"predecessor-version":[{"id":421487,"href":"https:\/\/www.purejewels.com\/tr\/wp-json\/wp\/v2\/product\/327779\/revisions\/421487"}],"wp:featuredmedia":[{"embeddable":true,"href":"https:\/\/www.purejewels.com\/tr\/wp-json\/wp\/v2\/media\/327997"}],"wp:attachment":[{"href":"https:\/\/www.purejewels.com\/tr\/wp-json\/wp\/v2\/media?parent=327779"}],"wp:term":[{"taxonomy":"product_brand","embeddable":true,"href":"https:\/\/www.purejewels.com\/tr\/wp-json\/wp\/v2\/product_brand?post=327779"},{"taxonomy":"product_cat","embeddable":true,"href":"https:\/\/www.purejewels.com\/tr\/wp-json\/wp\/v2\/product_cat?post=327779"},{"taxonomy":"product_tag","embeddable":true,"href":"https:\/\/www.purejewels.com\/tr\/wp-json\/wp\/v2\/product_tag?post=327779"}],"curies":[{"name":"wp","href":"https:\/\/api.w.org\/{rel}","templated":true}]}}