{"id":327798,"date":"2021-10-28T12:45:42","date_gmt":"2021-10-28T11:45:42","guid":{"rendered":"https:\/\/www.purejewels.com\/?post_type=product&#038;p=327798"},"modified":"2026-04-29T06:54:14","modified_gmt":"2026-04-29T05:54:14","slug":"22-ayar-altin-khanda-kolye-52061","status":"publish","type":"product","link":"https:\/\/www.purejewels.com\/tr\/product\/22-carat-gold-khanda-pendant-52061\/","title":{"rendered":"22 Ayar Alt\u0131n Khanda Kolye"},"content":{"rendered":"<p>\u0130nanc\u0131n\u0131z\u0131 ve miras\u0131n\u0131z\u0131, saf alt\u0131ndan titizlikle haz\u0131rlanm\u0131\u015f ve orijinalli\u011fi damgalanm\u0131\u015f 22 Ayar Alt\u0131n Khanda Kolyemizle kutlay\u0131n. Sayg\u0131 duyulan Sih Khanda sembol\u00fcn\u00fc i\u00e7eren bu kolye ucu g\u00fcc\u00fc, birli\u011fi ve ruhani ba\u011fl\u0131l\u0131\u011f\u0131 temsil eder. G\u00fcnl\u00fck kullan\u0131m veya hediye i\u00e7in zamans\u0131z bir par\u00e7a olan bu kolye, k\u00fclt\u00fcrel gururu derinden yans\u0131t\u0131yor.<\/p>","protected":false},"excerpt":{"rendered":"<p>Sih inanc\u0131n\u0131, g\u00fcc\u00fcn\u00fc ve birli\u011fini simgeleyen 22 Ayar Alt\u0131n Khanda Kolye.<br data-start=\"766\" data-end=\"769\" \/>Parlak saf alt\u0131ndan \u00fcretilmi\u015f anlaml\u0131 bir ba\u011fl\u0131l\u0131k ifadesi.<\/p>\n<p><strong>Malzeme:<\/strong>\u00a022 Ayar Alt\u0131n<strong><br \/>\nHallmark:\u00a0<\/strong>\u0130ngiliz Damgas\u0131<strong><br \/>\n<\/strong><strong>Br\u00fct A\u011f\u0131rl\u0131k: <\/strong>3.3 Gms<strong><br \/>\nSKU:\u00a0<\/strong>52061<\/p>\n<p><strong>Fiyat ve Teslimat<\/strong>:KDV ve teslimat \u00fccretleri dahil<br \/>\n<strong>Not<\/strong>: Zincir dahil de\u011fildir<\/p>\n<p><a href=\"https:\/\/www.purejewels.com\/tr\/i%cc%87ade-poli%cc%87ti%cc%87kasi\/\">\u0130ade Politikas\u0131<\/a><\/p>","protected":false},"featured_media":402252,"comment_status":"closed","ping_status":"closed","template":"","meta":{"_eb_attr":"","_crsspst_to_jayantr4sg-hostcom":true},"product_brand":[],"product_cat":[1559,1571,1792,1229,1255,1572,1701],"product_tag":[],"class_list":{"0":"post-327798","1":"product","2":"type-product","3":"status-publish","4":"has-post-thumbnail","6":"product_cat-birthday-gifts","7":"product_cat-fathers-day-gifts","8":"product_cat-festival-gifts","9":"product_cat-22ct-gold-jewellery","10":"product_cat-gold-pendants","11":"product_cat-mens-jewellery","12":"product_cat-religious-pendants","14":"first","15":"instock","16":"taxable","17":"shipping-taxable","18":"purchasable","19":"product-type-simple","20":"add-to-wishlist-before_image"},"yoast_head":"<!-- This site is optimized with the Yoast SEO plugin v27.5 - https:\/\/yoast.com\/product\/yoast-seo-wordpress\/ -->\n<title>22ct Gold Khanda Pendant | Sikh Religious Pendant \u2013 PureJewels<\/title>\n<meta name=\"description\" content=\"22ct Yellow Gold Khanda Pendant, a powerful Sikh symbol of strength and faith. Expertly handcrafted, this gold religious pendant is hallmarked and timeless.\" \/>\n<meta name=\"robots\" content=\"index, follow, max-snippet:-1, max-image-preview:large, max-video-preview:-1\" \/>\n<link rel=\"canonical\" href=\"https:\/\/www.purejewels.com\/tr\/urun\/22-ayar-altin-khanda-kolye-52061\/\" \/>\n<meta property=\"og:locale\" content=\"tr_TR\" \/>\n<meta property=\"og:type\" content=\"article\" \/>\n<meta property=\"og:title\" content=\"22ct Gold Khanda Pendant | Sikh Religious Pendant \u2013 PureJewels\" \/>\n<meta property=\"og:description\" content=\"22ct Yellow Gold Khanda Pendant, a powerful Sikh symbol of strength and faith. Expertly handcrafted, this gold religious pendant is hallmarked and timeless.\" \/>\n<meta property=\"og:url\" content=\"https:\/\/www.purejewels.com\/tr\/urun\/22-ayar-altin-khanda-kolye-52061\/\" \/>\n<meta property=\"og:site_name\" content=\"PureJewels UK\" \/>\n<meta property=\"article:modified_time\" content=\"2026-04-29T05:54:14+00:00\" \/>\n<meta property=\"og:image\" content=\"https:\/\/static.purejewels.com\/wp-content\/uploads\/2021\/10\/SKU-52061.png\" \/>\n\t<meta property=\"og:image:width\" content=\"1000\" \/>\n\t<meta property=\"og:image:height\" content=\"1000\" \/>\n\t<meta property=\"og:image:type\" content=\"image\/png\" \/>\n<meta name=\"twitter:card\" content=\"summary_large_image\" \/>\n<meta name=\"twitter:label1\" content=\"Tahmini okuma s\u00fcresi\" \/>\n\t<meta name=\"twitter:data1\" content=\"1 dakika\" \/>\n<script type=\"application\/ld+json\" class=\"yoast-schema-graph\">{\"@context\":\"https:\\\/\\\/schema.org\",\"@graph\":[{\"@type\":[\"WebPage\",\"ItemPage\"],\"@id\":\"https:\\\/\\\/www.purejewels.com\\\/product\\\/22-carat-gold-khanda-pendant-52061\\\/\",\"url\":\"https:\\\/\\\/www.purejewels.com\\\/product\\\/22-carat-gold-khanda-pendant-52061\\\/\",\"name\":\"22ct Gold Khanda Pendant | Sikh Religious Pendant \u2013 PureJewels\",\"isPartOf\":{\"@id\":\"https:\\\/\\\/www.purejewels.com\\\/#website\"},\"primaryImageOfPage\":{\"@id\":\"https:\\\/\\\/www.purejewels.com\\\/product\\\/22-carat-gold-khanda-pendant-52061\\\/#primaryimage\"},\"image\":{\"@id\":\"https:\\\/\\\/www.purejewels.com\\\/product\\\/22-carat-gold-khanda-pendant-52061\\\/#primaryimage\"},\"thumbnailUrl\":\"https:\\\/\\\/static.purejewels.com\\\/wp-content\\\/uploads\\\/2021\\\/10\\\/SKU-52061.png\",\"datePublished\":\"2021-10-28T11:45:42+00:00\",\"dateModified\":\"2026-04-29T05:54:14+00:00\",\"description\":\"22ct Yellow Gold Khanda Pendant, a powerful Sikh symbol of strength and faith. Expertly handcrafted, this gold religious pendant is hallmarked and timeless.\",\"breadcrumb\":{\"@id\":\"https:\\\/\\\/www.purejewels.com\\\/product\\\/22-carat-gold-khanda-pendant-52061\\\/#breadcrumb\"},\"inLanguage\":\"tr\",\"potentialAction\":[{\"@type\":\"ReadAction\",\"target\":[\"https:\\\/\\\/www.purejewels.com\\\/product\\\/22-carat-gold-khanda-pendant-52061\\\/\"]}]},{\"@type\":\"ImageObject\",\"inLanguage\":\"tr\",\"@id\":\"https:\\\/\\\/www.purejewels.com\\\/product\\\/22-carat-gold-khanda-pendant-52061\\\/#primaryimage\",\"url\":\"https:\\\/\\\/static.purejewels.com\\\/wp-content\\\/uploads\\\/2021\\\/10\\\/SKU-52061.png\",\"contentUrl\":\"https:\\\/\\\/static.purejewels.com\\\/wp-content\\\/uploads\\\/2021\\\/10\\\/SKU-52061.png\",\"width\":1000,\"height\":1000,\"caption\":\"22ct Khanda Pendant\"},{\"@type\":\"BreadcrumbList\",\"@id\":\"https:\\\/\\\/www.purejewels.com\\\/product\\\/22-carat-gold-khanda-pendant-52061\\\/#breadcrumb\",\"itemListElement\":[{\"@type\":\"ListItem\",\"position\":1,\"name\":\"Home\",\"item\":\"https:\\\/\\\/www.purejewels.com\\\/\"},{\"@type\":\"ListItem\",\"position\":2,\"name\":\"Shop\",\"item\":\"https:\\\/\\\/www.purejewels.com\\\/shop\\\/\"},{\"@type\":\"ListItem\",\"position\":3,\"name\":\"22 carat Gold Khanda Pendant\"}]},{\"@type\":\"WebSite\",\"@id\":\"https:\\\/\\\/www.purejewels.com\\\/#website\",\"url\":\"https:\\\/\\\/www.purejewels.com\\\/\",\"name\":\"PureJewels UK\",\"description\":\"Share the Love\",\"publisher\":{\"@id\":\"https:\\\/\\\/www.purejewels.com\\\/#organization\"},\"potentialAction\":[{\"@type\":\"SearchAction\",\"target\":{\"@type\":\"EntryPoint\",\"urlTemplate\":\"https:\\\/\\\/www.purejewels.com\\\/?s={search_term_string}\"},\"query-input\":{\"@type\":\"PropertyValueSpecification\",\"valueRequired\":true,\"valueName\":\"search_term_string\"}}],\"inLanguage\":\"tr\"},{\"@type\":\"Organization\",\"@id\":\"https:\\\/\\\/www.purejewels.com\\\/#organization\",\"name\":\"PureJewels UK\",\"url\":\"https:\\\/\\\/www.purejewels.com\\\/\",\"logo\":{\"@type\":\"ImageObject\",\"inLanguage\":\"tr\",\"@id\":\"https:\\\/\\\/www.purejewels.com\\\/#\\\/schema\\\/logo\\\/image\\\/\",\"url\":\"https:\\\/\\\/static.purejewels.com\\\/wp-content\\\/uploads\\\/2020\\\/11\\\/Logo-PJ-New-1.png\",\"contentUrl\":\"https:\\\/\\\/static.purejewels.com\\\/wp-content\\\/uploads\\\/2020\\\/11\\\/Logo-PJ-New-1.png\",\"width\":150,\"height\":80,\"caption\":\"PureJewels UK\"},\"image\":{\"@id\":\"https:\\\/\\\/www.purejewels.com\\\/#\\\/schema\\\/logo\\\/image\\\/\"}}]}<\/script>\n<!-- \/ Yoast SEO plugin. -->","yoast_head_json":{"title":"22 Ayar Alt\u0131n Khanda Kolye | Sih Dini Kolye - PureJewels","description":"22 Ayar Sar\u0131 Alt\u0131n Khanda Kolye, g\u00fc\u00e7l\u00fc bir Sih g\u00fc\u00e7 ve inan\u00e7 sembol\u00fcd\u00fcr. Ustal\u0131kla el i\u015f\u00e7ili\u011fiyle \u00fcretilen bu alt\u0131n dini kolye, damgal\u0131 ve zamans\u0131zd\u0131r.","robots":{"index":"index","follow":"follow","max-snippet":"max-snippet:-1","max-image-preview":"max-image-preview:large","max-video-preview":"max-video-preview:-1"},"canonical":"https:\/\/www.purejewels.com\/tr\/urun\/22-ayar-altin-khanda-kolye-52061\/","og_locale":"tr_TR","og_type":"article","og_title":"22ct Gold Khanda Pendant | Sikh Religious Pendant \u2013 PureJewels","og_description":"22ct Yellow Gold Khanda Pendant, a powerful Sikh symbol of strength and faith. Expertly handcrafted, this gold religious pendant is hallmarked and timeless.","og_url":"https:\/\/www.purejewels.com\/tr\/urun\/22-ayar-altin-khanda-kolye-52061\/","og_site_name":"PureJewels UK","article_modified_time":"2026-04-29T05:54:14+00:00","og_image":[{"width":1000,"height":1000,"url":"https:\/\/static.purejewels.com\/wp-content\/uploads\/2021\/10\/SKU-52061.png","type":"image\/png"}],"twitter_card":"summary_large_image","twitter_misc":{"Tahmini okuma s\u00fcresi":"1 dakika"},"schema":{"@context":"https:\/\/schema.org","@graph":[{"@type":["WebPage","ItemPage"],"@id":"https:\/\/www.purejewels.com\/product\/22-carat-gold-khanda-pendant-52061\/","url":"https:\/\/www.purejewels.com\/product\/22-carat-gold-khanda-pendant-52061\/","name":"22 Ayar Alt\u0131n Khanda Kolye | Sih Dini Kolye - PureJewels","isPartOf":{"@id":"https:\/\/www.purejewels.com\/#website"},"primaryImageOfPage":{"@id":"https:\/\/www.purejewels.com\/product\/22-carat-gold-khanda-pendant-52061\/#primaryimage"},"image":{"@id":"https:\/\/www.purejewels.com\/product\/22-carat-gold-khanda-pendant-52061\/#primaryimage"},"thumbnailUrl":"https:\/\/static.purejewels.com\/wp-content\/uploads\/2021\/10\/SKU-52061.png","datePublished":"2021-10-28T11:45:42+00:00","dateModified":"2026-04-29T05:54:14+00:00","description":"22 Ayar Sar\u0131 Alt\u0131n Khanda Kolye, g\u00fc\u00e7l\u00fc bir Sih g\u00fc\u00e7 ve inan\u00e7 sembol\u00fcd\u00fcr. Ustal\u0131kla el i\u015f\u00e7ili\u011fiyle \u00fcretilen bu alt\u0131n dini kolye, damgal\u0131 ve zamans\u0131zd\u0131r.","breadcrumb":{"@id":"https:\/\/www.purejewels.com\/product\/22-carat-gold-khanda-pendant-52061\/#breadcrumb"},"inLanguage":"tr","potentialAction":[{"@type":"ReadAction","target":["https:\/\/www.purejewels.com\/product\/22-carat-gold-khanda-pendant-52061\/"]}]},{"@type":"ImageObject","inLanguage":"tr","@id":"https:\/\/www.purejewels.com\/product\/22-carat-gold-khanda-pendant-52061\/#primaryimage","url":"https:\/\/static.purejewels.com\/wp-content\/uploads\/2021\/10\/SKU-52061.png","contentUrl":"https:\/\/static.purejewels.com\/wp-content\/uploads\/2021\/10\/SKU-52061.png","width":1000,"height":1000,"caption":"22ct Khanda Pendant"},{"@type":"BreadcrumbList","@id":"https:\/\/www.purejewels.com\/product\/22-carat-gold-khanda-pendant-52061\/#breadcrumb","itemListElement":[{"@type":"ListItem","position":1,"name":"Home","item":"https:\/\/www.purejewels.com\/"},{"@type":"ListItem","position":2,"name":"Shop","item":"https:\/\/www.purejewels.com\/shop\/"},{"@type":"ListItem","position":3,"name":"22 carat Gold Khanda Pendant"}]},{"@type":"WebSite","@id":"https:\/\/www.purejewels.com\/#website","url":"https:\/\/www.purejewels.com\/","name":"PureJewels \u0130ngiltere","description":"Sevgiyi Payla\u015f\u0131n","publisher":{"@id":"https:\/\/www.purejewels.com\/#organization"},"potentialAction":[{"@type":"SearchAction","target":{"@type":"EntryPoint","urlTemplate":"https:\/\/www.purejewels.com\/?s={search_term_string}"},"query-input":{"@type":"PropertyValueSpecification","valueRequired":true,"valueName":"search_term_string"}}],"inLanguage":"tr"},{"@type":"Organization","@id":"https:\/\/www.purejewels.com\/#organization","name":"PureJewels \u0130ngiltere","url":"https:\/\/www.purejewels.com\/","logo":{"@type":"ImageObject","inLanguage":"tr","@id":"https:\/\/www.purejewels.com\/#\/schema\/logo\/image\/","url":"https:\/\/static.purejewels.com\/wp-content\/uploads\/2020\/11\/Logo-PJ-New-1.png","contentUrl":"https:\/\/static.purejewels.com\/wp-content\/uploads\/2020\/11\/Logo-PJ-New-1.png","width":150,"height":80,"caption":"PureJewels UK"},"image":{"@id":"https:\/\/www.purejewels.com\/#\/schema\/logo\/image\/"}}]}},"_links":{"self":[{"href":"https:\/\/www.purejewels.com\/tr\/wp-json\/wp\/v2\/product\/327798","targetHints":{"allow":["GET"]}}],"collection":[{"href":"https:\/\/www.purejewels.com\/tr\/wp-json\/wp\/v2\/product"}],"about":[{"href":"https:\/\/www.purejewels.com\/tr\/wp-json\/wp\/v2\/types\/product"}],"replies":[{"embeddable":true,"href":"https:\/\/www.purejewels.com\/tr\/wp-json\/wp\/v2\/comments?post=327798"}],"version-history":[{"count":4,"href":"https:\/\/www.purejewels.com\/tr\/wp-json\/wp\/v2\/product\/327798\/revisions"}],"predecessor-version":[{"id":429146,"href":"https:\/\/www.purejewels.com\/tr\/wp-json\/wp\/v2\/product\/327798\/revisions\/429146"}],"wp:featuredmedia":[{"embeddable":true,"href":"https:\/\/www.purejewels.com\/tr\/wp-json\/wp\/v2\/media\/402252"}],"wp:attachment":[{"href":"https:\/\/www.purejewels.com\/tr\/wp-json\/wp\/v2\/media?parent=327798"}],"wp:term":[{"taxonomy":"product_brand","embeddable":true,"href":"https:\/\/www.purejewels.com\/tr\/wp-json\/wp\/v2\/product_brand?post=327798"},{"taxonomy":"product_cat","embeddable":true,"href":"https:\/\/www.purejewels.com\/tr\/wp-json\/wp\/v2\/product_cat?post=327798"},{"taxonomy":"product_tag","embeddable":true,"href":"https:\/\/www.purejewels.com\/tr\/wp-json\/wp\/v2\/product_tag?post=327798"}],"curies":[{"name":"wp","href":"https:\/\/api.w.org\/{rel}","templated":true}]}}