{"id":327817,"date":"2021-10-29T04:52:25","date_gmt":"2021-10-29T03:52:25","guid":{"rendered":"https:\/\/www.purejewels.com\/?post_type=product&#038;p=327817"},"modified":"2024-09-13T05:34:47","modified_gmt":"2024-09-13T04:34:47","slug":"22-ayar-altin-fantezi-zincir-34366","status":"publish","type":"product","link":"https:\/\/www.purejewels.com\/tr\/product\/22-carat-gold-fancy-chain-34366\/","title":{"rendered":"22 Ayar Alt\u0131n | S\u00fcsl\u00fc Zincir | 18 \u0130n\u00e7 | 1,7mm Kal\u0131nl\u0131k"},"content":{"rendered":"<p>Kaliteli bir alt\u0131n zincir ar\u0131yorsan\u0131z, size sunduklar\u0131m\u0131zdan ba\u015fkas\u0131na bakmay\u0131n! 22 ayar alt\u0131nla, alt\u0131n\u0131n en \u00fcst seviyede oldu\u011funu bilirsiniz. Bu \u015fans\u0131 kendinizden uzak tutmay\u0131n. Bitmeden al\u0131n! T\u00fcm Birle\u015fik Krall\u0131k'a teslimat yap\u0131yoruz. Bayanlar i\u00e7in bu alt\u0131n zincir alt\u0131n da vesilelerle hediye edilebilir. Bu alt\u0131n zincirler 22 ayar alt\u0131ndan \u00fcretilmi\u015ftir. Alt\u0131n y\u00fczy\u0131llard\u0131r var ve a\u015fk\u0131m\u0131z\u0131 ilan etmenin zaman\u0131 geldi Bu zinciri alt\u0131n kolyelerle e\u015fle\u015ftirebilir veya hatta tek ba\u015f\u0131na takabilirsiniz!<\/p>","protected":false},"excerpt":{"rendered":"<ul>\n<li>22 Ayar Alt\u0131n Fantezi Zincir<\/li>\n<li>A\u011f\u0131rl\u0131k 6 gms<\/li>\n<li>Uzunluk: 18\u2033 in\u00e7<\/li>\n<li>Kal\u0131nl\u0131k 1,7 mm<\/li>\n<li>SKU. 34366<\/li>\n<li>T\u00fcm fiyatlara KDV dahildir<\/li>\n<li>Londra Tahlil Ofisi Taraf\u0131ndan Damgalanm\u0131\u015f 22 Ayar Alt\u0131n<\/li>\n<li>Sunum Kutusu ile Birlikte Gelir<\/li>\n<li>Teslimat Dahil<\/li>\n<\/ul>","protected":false},"featured_media":327818,"comment_status":"closed","ping_status":"closed","template":"","meta":{"_eb_attr":"","_crsspst_to_jayantr4sg-hostcom":false},"product_brand":[],"product_cat":[5014,1791,1559,1793,1773,1573,1574],"product_tag":[65,1430],"class_list":{"0":"post-327817","1":"product","2":"type-product","3":"status-publish","4":"has-post-thumbnail","6":"product_cat-18-inch-ladies-chain","7":"product_cat-anniversary-gifts","8":"product_cat-birthday-gifts","9":"product_cat-diwali-gifts","10":"product_cat-ladies-chains","11":"product_cat-wedding-gifts","12":"product_cat-womens-jewellery","13":"product_tag-chains","14":"product_tag-diwali-gift","16":"first","17":"outofstock","18":"taxable","19":"shipping-taxable","20":"product-type-simple","21":"add-to-wishlist-before_image"},"yoast_head":"<!-- This site is optimized with the Yoast SEO plugin v27.5 - https:\/\/yoast.com\/product\/yoast-seo-wordpress\/ -->\n<title>Shop this 22 carat Gold Fancy Chain at PureJewels<\/title>\n<meta name=\"description\" content=\"Grab the latest deals only at PureJewels UK. Buy 22ct Gold Chain. Perfect for everyday. Pair it with your fav pendant. Fast delivery.\" \/>\n<meta name=\"robots\" content=\"index, follow, max-snippet:-1, max-image-preview:large, max-video-preview:-1\" \/>\n<link rel=\"canonical\" href=\"https:\/\/www.purejewels.com\/tr\/urun\/22-ayar-altin-fantezi-zincir-34366\/\" \/>\n<meta property=\"og:locale\" content=\"tr_TR\" \/>\n<meta property=\"og:type\" content=\"article\" \/>\n<meta property=\"og:title\" content=\"Shop this 22 carat Gold Fancy Chain at PureJewels\" \/>\n<meta property=\"og:description\" content=\"Grab the latest deals only at PureJewels UK. Buy 22ct Gold Chain. Perfect for everyday. Pair it with your fav pendant. Fast delivery.\" \/>\n<meta property=\"og:url\" content=\"https:\/\/www.purejewels.com\/tr\/urun\/22-ayar-altin-fantezi-zincir-34366\/\" \/>\n<meta property=\"og:site_name\" content=\"PureJewels UK\" \/>\n<meta property=\"article:modified_time\" content=\"2024-09-13T04:34:47+00:00\" \/>\n<meta property=\"og:image\" content=\"https:\/\/www.purejewels.com\/wp-content\/uploads\/2021\/10\/343661.jpg\" \/>\n\t<meta property=\"og:image:width\" content=\"1000\" \/>\n\t<meta property=\"og:image:height\" content=\"1000\" \/>\n\t<meta property=\"og:image:type\" content=\"image\/jpeg\" \/>\n<meta name=\"twitter:card\" content=\"summary_large_image\" \/>\n<meta name=\"twitter:label1\" content=\"Tahmini okuma s\u00fcresi\" \/>\n\t<meta name=\"twitter:data1\" content=\"1 dakika\" \/>\n<script type=\"application\/ld+json\" class=\"yoast-schema-graph\">{\"@context\":\"https:\\\/\\\/schema.org\",\"@graph\":[{\"@type\":[\"WebPage\",\"ItemPage\"],\"@id\":\"https:\\\/\\\/www.purejewels.com\\\/product\\\/22-carat-gold-fancy-chain-34366\\\/\",\"url\":\"https:\\\/\\\/www.purejewels.com\\\/product\\\/22-carat-gold-fancy-chain-34366\\\/\",\"name\":\"Shop this 22 carat Gold Fancy Chain at PureJewels\",\"isPartOf\":{\"@id\":\"https:\\\/\\\/www.purejewels.com\\\/#website\"},\"primaryImageOfPage\":{\"@id\":\"https:\\\/\\\/www.purejewels.com\\\/product\\\/22-carat-gold-fancy-chain-34366\\\/#primaryimage\"},\"image\":{\"@id\":\"https:\\\/\\\/www.purejewels.com\\\/product\\\/22-carat-gold-fancy-chain-34366\\\/#primaryimage\"},\"thumbnailUrl\":\"https:\\\/\\\/static.purejewels.com\\\/wp-content\\\/uploads\\\/2021\\\/10\\\/343661.jpg\",\"datePublished\":\"2021-10-29T03:52:25+00:00\",\"dateModified\":\"2024-09-13T04:34:47+00:00\",\"description\":\"Grab the latest deals only at PureJewels UK. Buy 22ct Gold Chain. Perfect for everyday. Pair it with your fav pendant. Fast delivery.\",\"breadcrumb\":{\"@id\":\"https:\\\/\\\/www.purejewels.com\\\/product\\\/22-carat-gold-fancy-chain-34366\\\/#breadcrumb\"},\"inLanguage\":\"tr\",\"potentialAction\":[{\"@type\":\"ReadAction\",\"target\":[\"https:\\\/\\\/www.purejewels.com\\\/product\\\/22-carat-gold-fancy-chain-34366\\\/\"]}]},{\"@type\":\"ImageObject\",\"inLanguage\":\"tr\",\"@id\":\"https:\\\/\\\/www.purejewels.com\\\/product\\\/22-carat-gold-fancy-chain-34366\\\/#primaryimage\",\"url\":\"https:\\\/\\\/static.purejewels.com\\\/wp-content\\\/uploads\\\/2021\\\/10\\\/343661.jpg\",\"contentUrl\":\"https:\\\/\\\/static.purejewels.com\\\/wp-content\\\/uploads\\\/2021\\\/10\\\/343661.jpg\",\"width\":1000,\"height\":1000,\"caption\":\"22ct Gold Chain 343661\"},{\"@type\":\"BreadcrumbList\",\"@id\":\"https:\\\/\\\/www.purejewels.com\\\/product\\\/22-carat-gold-fancy-chain-34366\\\/#breadcrumb\",\"itemListElement\":[{\"@type\":\"ListItem\",\"position\":1,\"name\":\"Home\",\"item\":\"https:\\\/\\\/www.purejewels.com\\\/\"},{\"@type\":\"ListItem\",\"position\":2,\"name\":\"Shop\",\"item\":\"https:\\\/\\\/www.purejewels.com\\\/shop\\\/\"},{\"@type\":\"ListItem\",\"position\":3,\"name\":\"22ct Gold | Fancy Chain | 18 Inches | 1.7mm Thick\"}]},{\"@type\":\"WebSite\",\"@id\":\"https:\\\/\\\/www.purejewels.com\\\/#website\",\"url\":\"https:\\\/\\\/www.purejewels.com\\\/\",\"name\":\"PureJewels UK\",\"description\":\"Share the Love\",\"publisher\":{\"@id\":\"https:\\\/\\\/www.purejewels.com\\\/#organization\"},\"potentialAction\":[{\"@type\":\"SearchAction\",\"target\":{\"@type\":\"EntryPoint\",\"urlTemplate\":\"https:\\\/\\\/www.purejewels.com\\\/?s={search_term_string}\"},\"query-input\":{\"@type\":\"PropertyValueSpecification\",\"valueRequired\":true,\"valueName\":\"search_term_string\"}}],\"inLanguage\":\"tr\"},{\"@type\":\"Organization\",\"@id\":\"https:\\\/\\\/www.purejewels.com\\\/#organization\",\"name\":\"PureJewels UK\",\"url\":\"https:\\\/\\\/www.purejewels.com\\\/\",\"logo\":{\"@type\":\"ImageObject\",\"inLanguage\":\"tr\",\"@id\":\"https:\\\/\\\/www.purejewels.com\\\/#\\\/schema\\\/logo\\\/image\\\/\",\"url\":\"https:\\\/\\\/static.purejewels.com\\\/wp-content\\\/uploads\\\/2020\\\/11\\\/Logo-PJ-New-1.png\",\"contentUrl\":\"https:\\\/\\\/static.purejewels.com\\\/wp-content\\\/uploads\\\/2020\\\/11\\\/Logo-PJ-New-1.png\",\"width\":150,\"height\":80,\"caption\":\"PureJewels UK\"},\"image\":{\"@id\":\"https:\\\/\\\/www.purejewels.com\\\/#\\\/schema\\\/logo\\\/image\\\/\"}}]}<\/script>\n<!-- \/ Yoast SEO plugin. -->","yoast_head_json":{"title":"PureJewels'te bu 22 ayar Alt\u0131n Fantezi Zinciri sat\u0131n al\u0131n","description":"Sadece PureJewels UK'de en son f\u0131rsatlar\u0131 yakalay\u0131n. 22 Ayar Alt\u0131n Zincir sat\u0131n al\u0131n. G\u00fcnl\u00fck kullan\u0131m i\u00e7in m\u00fckemmel. En sevdi\u011finiz kolye ile e\u015fle\u015ftirin. H\u0131zl\u0131 teslimat.","robots":{"index":"index","follow":"follow","max-snippet":"max-snippet:-1","max-image-preview":"max-image-preview:large","max-video-preview":"max-video-preview:-1"},"canonical":"https:\/\/www.purejewels.com\/tr\/urun\/22-ayar-altin-fantezi-zincir-34366\/","og_locale":"tr_TR","og_type":"article","og_title":"Shop this 22 carat Gold Fancy Chain at PureJewels","og_description":"Grab the latest deals only at PureJewels UK. Buy 22ct Gold Chain. Perfect for everyday. Pair it with your fav pendant. Fast delivery.","og_url":"https:\/\/www.purejewels.com\/tr\/urun\/22-ayar-altin-fantezi-zincir-34366\/","og_site_name":"PureJewels UK","article_modified_time":"2024-09-13T04:34:47+00:00","og_image":[{"width":1000,"height":1000,"url":"https:\/\/www.purejewels.com\/wp-content\/uploads\/2021\/10\/343661.jpg","type":"image\/jpeg"}],"twitter_card":"summary_large_image","twitter_misc":{"Tahmini okuma s\u00fcresi":"1 dakika"},"schema":{"@context":"https:\/\/schema.org","@graph":[{"@type":["WebPage","ItemPage"],"@id":"https:\/\/www.purejewels.com\/product\/22-carat-gold-fancy-chain-34366\/","url":"https:\/\/www.purejewels.com\/product\/22-carat-gold-fancy-chain-34366\/","name":"PureJewels'te bu 22 ayar Alt\u0131n Fantezi Zinciri sat\u0131n al\u0131n","isPartOf":{"@id":"https:\/\/www.purejewels.com\/#website"},"primaryImageOfPage":{"@id":"https:\/\/www.purejewels.com\/product\/22-carat-gold-fancy-chain-34366\/#primaryimage"},"image":{"@id":"https:\/\/www.purejewels.com\/product\/22-carat-gold-fancy-chain-34366\/#primaryimage"},"thumbnailUrl":"https:\/\/static.purejewels.com\/wp-content\/uploads\/2021\/10\/343661.jpg","datePublished":"2021-10-29T03:52:25+00:00","dateModified":"2024-09-13T04:34:47+00:00","description":"Sadece PureJewels UK'de en son f\u0131rsatlar\u0131 yakalay\u0131n. 22 Ayar Alt\u0131n Zincir sat\u0131n al\u0131n. G\u00fcnl\u00fck kullan\u0131m i\u00e7in m\u00fckemmel. En sevdi\u011finiz kolye ile e\u015fle\u015ftirin. H\u0131zl\u0131 teslimat.","breadcrumb":{"@id":"https:\/\/www.purejewels.com\/product\/22-carat-gold-fancy-chain-34366\/#breadcrumb"},"inLanguage":"tr","potentialAction":[{"@type":"ReadAction","target":["https:\/\/www.purejewels.com\/product\/22-carat-gold-fancy-chain-34366\/"]}]},{"@type":"ImageObject","inLanguage":"tr","@id":"https:\/\/www.purejewels.com\/product\/22-carat-gold-fancy-chain-34366\/#primaryimage","url":"https:\/\/static.purejewels.com\/wp-content\/uploads\/2021\/10\/343661.jpg","contentUrl":"https:\/\/static.purejewels.com\/wp-content\/uploads\/2021\/10\/343661.jpg","width":1000,"height":1000,"caption":"22ct Gold Chain 343661"},{"@type":"BreadcrumbList","@id":"https:\/\/www.purejewels.com\/product\/22-carat-gold-fancy-chain-34366\/#breadcrumb","itemListElement":[{"@type":"ListItem","position":1,"name":"Home","item":"https:\/\/www.purejewels.com\/"},{"@type":"ListItem","position":2,"name":"Shop","item":"https:\/\/www.purejewels.com\/shop\/"},{"@type":"ListItem","position":3,"name":"22ct Gold | Fancy Chain | 18 Inches | 1.7mm Thick"}]},{"@type":"WebSite","@id":"https:\/\/www.purejewels.com\/#website","url":"https:\/\/www.purejewels.com\/","name":"PureJewels \u0130ngiltere","description":"Sevgiyi Payla\u015f\u0131n","publisher":{"@id":"https:\/\/www.purejewels.com\/#organization"},"potentialAction":[{"@type":"SearchAction","target":{"@type":"EntryPoint","urlTemplate":"https:\/\/www.purejewels.com\/?s={search_term_string}"},"query-input":{"@type":"PropertyValueSpecification","valueRequired":true,"valueName":"search_term_string"}}],"inLanguage":"tr"},{"@type":"Organization","@id":"https:\/\/www.purejewels.com\/#organization","name":"PureJewels \u0130ngiltere","url":"https:\/\/www.purejewels.com\/","logo":{"@type":"ImageObject","inLanguage":"tr","@id":"https:\/\/www.purejewels.com\/#\/schema\/logo\/image\/","url":"https:\/\/static.purejewels.com\/wp-content\/uploads\/2020\/11\/Logo-PJ-New-1.png","contentUrl":"https:\/\/static.purejewels.com\/wp-content\/uploads\/2020\/11\/Logo-PJ-New-1.png","width":150,"height":80,"caption":"PureJewels UK"},"image":{"@id":"https:\/\/www.purejewels.com\/#\/schema\/logo\/image\/"}}]}},"_links":{"self":[{"href":"https:\/\/www.purejewels.com\/tr\/wp-json\/wp\/v2\/product\/327817","targetHints":{"allow":["GET"]}}],"collection":[{"href":"https:\/\/www.purejewels.com\/tr\/wp-json\/wp\/v2\/product"}],"about":[{"href":"https:\/\/www.purejewels.com\/tr\/wp-json\/wp\/v2\/types\/product"}],"replies":[{"embeddable":true,"href":"https:\/\/www.purejewels.com\/tr\/wp-json\/wp\/v2\/comments?post=327817"}],"version-history":[{"count":1,"href":"https:\/\/www.purejewels.com\/tr\/wp-json\/wp\/v2\/product\/327817\/revisions"}],"predecessor-version":[{"id":371907,"href":"https:\/\/www.purejewels.com\/tr\/wp-json\/wp\/v2\/product\/327817\/revisions\/371907"}],"wp:featuredmedia":[{"embeddable":true,"href":"https:\/\/www.purejewels.com\/tr\/wp-json\/wp\/v2\/media\/327818"}],"wp:attachment":[{"href":"https:\/\/www.purejewels.com\/tr\/wp-json\/wp\/v2\/media?parent=327817"}],"wp:term":[{"taxonomy":"product_brand","embeddable":true,"href":"https:\/\/www.purejewels.com\/tr\/wp-json\/wp\/v2\/product_brand?post=327817"},{"taxonomy":"product_cat","embeddable":true,"href":"https:\/\/www.purejewels.com\/tr\/wp-json\/wp\/v2\/product_cat?post=327817"},{"taxonomy":"product_tag","embeddable":true,"href":"https:\/\/www.purejewels.com\/tr\/wp-json\/wp\/v2\/product_tag?post=327817"}],"curies":[{"name":"wp","href":"https:\/\/api.w.org\/{rel}","templated":true}]}}