{"id":327940,"date":"2025-06-01T05:30:44","date_gmt":"2025-06-01T04:30:44","guid":{"rendered":"https:\/\/www.purejewels.com\/?post_type=product&#038;p=327940"},"modified":"2026-02-06T12:57:05","modified_gmt":"2026-02-06T12:57:05","slug":"22-ayar-altin-bali-kupe-51223","status":"publish","type":"product","link":"https:\/\/www.purejewels.com\/tr\/product\/22ct-gold-bali-earring-51223\/","title":{"rendered":"CZ Ta\u015fl\u0131 Halka K\u00fcpe"},"content":{"rendered":"<p data-start=\"145\" data-end=\"230\"><strong data-start=\"145\" data-end=\"187\">22 Ayar Alt\u0131n K\u00fcbik Zirkon Halka K\u00fcpe<\/strong><br data-start=\"187\" data-end=\"190\" \/><em data-start=\"190\" data-end=\"230\">Zarafetle I\u015f\u0131ldayan. G\u00fcndelik \u015e\u0131kl\u0131k.<\/em><\/p>\n<p data-start=\"232\" data-end=\"494\">Narin ama \u0131\u015f\u0131lt\u0131l\u0131 bu 22 Ayar Alt\u0131n Halka K\u00fcpeler, zarif sadeli\u011fin \u00f6z\u00fcn\u00fc yakalayan titizlikle yerle\u015ftirilmi\u015f k\u00fcbik zirkon ta\u015flarla s\u00fcslenmi\u015ftir. S\u0131cak sar\u0131 alt\u0131ndan \u00fcretilmi\u015f ve y\u00fcksek cila ile tamamlanm\u0131\u015f bu k\u00fcpeler, her harekette zarif bir \u0131\u015f\u0131lt\u0131 sunar.<\/p>\n<p data-start=\"496\" data-end=\"808\">Klasik halka silueti rahatl\u0131k i\u00e7in nazik\u00e7e \u015fekillendirilirken, pav\u00e9 tarz\u0131 ayar ince elmaslar\u0131n cazibesini taklit eden ince bir parlakl\u0131k katar. \u0130ster g\u00fcnl\u00fck bir ihtiya\u00e7 olarak tak\u0131ls\u0131n, ister bayramlarda kullan\u0131ls\u0131n, bu k\u00fcpeler \u0131\u015f\u0131lt\u0131l\u0131 bir dokunu\u015fla zamans\u0131z tasar\u0131m\u0131 takdir edenlere hitap ediyor.<\/p>\n<p data-start=\"810\" data-end=\"822\"><strong data-start=\"810\" data-end=\"822\">Detaylar:<\/strong><\/p>\n<ul data-start=\"823\" data-end=\"1056\">\n<li data-start=\"823\" data-end=\"861\">\n<p data-start=\"825\" data-end=\"861\">Metal: 22 Ayar Sar\u0131 Alt\u0131n (damgal\u0131)<\/p>\n<\/li>\n<li data-start=\"862\" data-end=\"896\">\n<p data-start=\"864\" data-end=\"896\">Ta\u015f: Y\u00fcksek dereceli K\u00fcbik Zirkonya<\/p>\n<\/li>\n<li data-start=\"897\" data-end=\"935\">\n<p data-start=\"899\" data-end=\"935\">Stil: G\u00fcvenli tokal\u0131 mente\u015feli halka<\/p>\n<\/li>\n<li data-start=\"936\" data-end=\"991\">\n<p data-start=\"938\" data-end=\"991\">Kaplama: Ta\u015f s\u00fcslemeli ayna cilal\u0131 alt\u0131n<\/p>\n<\/li>\n<li data-start=\"992\" data-end=\"1056\">\n<p data-start=\"994\" data-end=\"1056\">Kullan\u0131m i\u00e7in uygundur: G\u00fcnl\u00fck kullan\u0131m, hediye veya hafif t\u00f6rensel s\u00fcsleme<\/p>\n<\/li>\n<\/ul>","protected":false},"excerpt":{"rendered":"<p>I\u015f\u0131lt\u0131l\u0131 22 ayar alt\u0131ndan \u00fcretilen bu zarif halka k\u00fcpeler, zarif ve g\u00fcnl\u00fck bir \u0131\u015f\u0131lt\u0131 i\u00e7in par\u0131ldayan k\u00fcbik zirkonya i\u00e7erir. G\u00fcvenli bir toka ile zamans\u0131z bir tasar\u0131m; hem g\u00fcnl\u00fck kullan\u0131m hem de hafif kutlamalar i\u00e7in m\u00fckemmel.<\/p>\n<p><strong>Malzeme:<\/strong>\u00a022 Ayar Alt\u0131n<strong><br \/>\nHallmark:\u00a0<\/strong>\u0130ngiliz Damgas\u0131<strong><br \/>\n<\/strong><strong>Br\u00fct A\u011f\u0131rl\u0131k: <\/strong>3.48 Gms<strong><br \/>\nSKU: <\/strong>51223, 53013<\/p>\n<p><strong>Fiyat ve Teslimat<\/strong>:KDV ve teslimat \u00fccreti dahil<\/p>\n<p><a href=\"https:\/\/www.purejewels.com\/tr\/i%cc%87ade-poli%cc%87ti%cc%87kasi\/\">\u0130ade Politikas\u0131<\/a><\/p>","protected":false},"featured_media":400990,"comment_status":"closed","ping_status":"closed","template":"","meta":{"_eb_attr":"","_crsspst_to_jayantr4sg-hostcom":true},"product_brand":[],"product_cat":[1791,1559,1793,1254,1229,1579,5344,1570,5338,1569,1574,5349],"product_tag":[1430],"class_list":{"0":"post-327940","1":"product","2":"type-product","3":"status-publish","4":"has-post-thumbnail","6":"product_cat-anniversary-gifts","7":"product_cat-birthday-gifts","8":"product_cat-diwali-gifts","9":"product_cat-gold-earrings","10":"product_cat-22ct-gold-jewellery","11":"product_cat-hoop-earrings","12":"product_cat-jewellery-under-750","13":"product_cat-mothers-day-gifts","14":"product_cat-shop-by-price","15":"product_cat-valentine-day-gifts","16":"product_cat-womens-jewellery","17":"product_cat-yellow-gold-jewellery","18":"product_tag-diwali-gift","20":"first","21":"instock","22":"taxable","23":"shipping-taxable","24":"purchasable","25":"product-type-simple","26":"add-to-wishlist-before_image"},"yoast_head":"<!-- This site is optimized with the Yoast SEO plugin v27.4 - https:\/\/yoast.com\/product\/yoast-seo-wordpress\/ -->\n<title>22ct Gold Bali Earring with CZ Stone | PureJewels UK<\/title>\n<meta name=\"description\" content=\"Elevate your style with these exquisite 22ct gold Bali earrings, adorned with sparkling CZ stones. Perfect for the discerning woman who appreciates timeless elegance.\" \/>\n<meta name=\"robots\" content=\"index, follow, max-snippet:-1, max-image-preview:large, max-video-preview:-1\" \/>\n<link rel=\"canonical\" href=\"https:\/\/www.purejewels.com\/tr\/urun\/22-ayar-altin-bali-kupe-51223\/\" \/>\n<meta property=\"og:locale\" content=\"tr_TR\" \/>\n<meta property=\"og:type\" content=\"article\" \/>\n<meta property=\"og:title\" content=\"22ct Gold Bali Earring with CZ Stone | PureJewels UK\" \/>\n<meta property=\"og:description\" content=\"Elevate your style with these exquisite 22ct gold Bali earrings, adorned with sparkling CZ stones. Perfect for the discerning woman who appreciates timeless elegance.\" \/>\n<meta property=\"og:url\" content=\"https:\/\/www.purejewels.com\/tr\/urun\/22-ayar-altin-bali-kupe-51223\/\" \/>\n<meta property=\"og:site_name\" content=\"PureJewels UK\" \/>\n<meta property=\"article:modified_time\" content=\"2026-02-06T12:57:05+00:00\" \/>\n<meta property=\"og:image\" content=\"https:\/\/static.purejewels.com\/wp-content\/uploads\/2024\/10\/SKU51223-1.png\" \/>\n\t<meta property=\"og:image:width\" content=\"1000\" \/>\n\t<meta property=\"og:image:height\" content=\"1000\" \/>\n\t<meta property=\"og:image:type\" content=\"image\/png\" \/>\n<meta name=\"twitter:card\" content=\"summary_large_image\" \/>\n<meta name=\"twitter:label1\" content=\"Tahmini okuma s\u00fcresi\" \/>\n\t<meta name=\"twitter:data1\" content=\"1 dakika\" \/>\n<script type=\"application\/ld+json\" class=\"yoast-schema-graph\">{\"@context\":\"https:\\\/\\\/schema.org\",\"@graph\":[{\"@type\":[\"WebPage\",\"ItemPage\"],\"@id\":\"https:\\\/\\\/www.purejewels.com\\\/product\\\/22ct-gold-bali-earring-51223\\\/\",\"url\":\"https:\\\/\\\/www.purejewels.com\\\/product\\\/22ct-gold-bali-earring-51223\\\/\",\"name\":\"22ct Gold Bali Earring with CZ Stone | PureJewels UK\",\"isPartOf\":{\"@id\":\"https:\\\/\\\/www.purejewels.com\\\/#website\"},\"primaryImageOfPage\":{\"@id\":\"https:\\\/\\\/www.purejewels.com\\\/product\\\/22ct-gold-bali-earring-51223\\\/#primaryimage\"},\"image\":{\"@id\":\"https:\\\/\\\/www.purejewels.com\\\/product\\\/22ct-gold-bali-earring-51223\\\/#primaryimage\"},\"thumbnailUrl\":\"https:\\\/\\\/static.purejewels.com\\\/wp-content\\\/uploads\\\/2024\\\/10\\\/SKU51223-1.png\",\"datePublished\":\"2025-06-01T04:30:44+00:00\",\"dateModified\":\"2026-02-06T12:57:05+00:00\",\"description\":\"Elevate your style with these exquisite 22ct gold Bali earrings, adorned with sparkling CZ stones. Perfect for the discerning woman who appreciates timeless elegance.\",\"breadcrumb\":{\"@id\":\"https:\\\/\\\/www.purejewels.com\\\/product\\\/22ct-gold-bali-earring-51223\\\/#breadcrumb\"},\"inLanguage\":\"tr\",\"potentialAction\":[{\"@type\":\"ReadAction\",\"target\":[\"https:\\\/\\\/www.purejewels.com\\\/product\\\/22ct-gold-bali-earring-51223\\\/\"]}]},{\"@type\":\"ImageObject\",\"inLanguage\":\"tr\",\"@id\":\"https:\\\/\\\/www.purejewels.com\\\/product\\\/22ct-gold-bali-earring-51223\\\/#primaryimage\",\"url\":\"https:\\\/\\\/static.purejewels.com\\\/wp-content\\\/uploads\\\/2024\\\/10\\\/SKU51223-1.png\",\"contentUrl\":\"https:\\\/\\\/static.purejewels.com\\\/wp-content\\\/uploads\\\/2024\\\/10\\\/SKU51223-1.png\",\"width\":1000,\"height\":1000,\"caption\":\"22ct Gold Bali Earring with CZ Stone\"},{\"@type\":\"BreadcrumbList\",\"@id\":\"https:\\\/\\\/www.purejewels.com\\\/product\\\/22ct-gold-bali-earring-51223\\\/#breadcrumb\",\"itemListElement\":[{\"@type\":\"ListItem\",\"position\":1,\"name\":\"Home\",\"item\":\"https:\\\/\\\/www.purejewels.com\\\/\"},{\"@type\":\"ListItem\",\"position\":2,\"name\":\"Shop\",\"item\":\"https:\\\/\\\/www.purejewels.com\\\/shop\\\/\"},{\"@type\":\"ListItem\",\"position\":3,\"name\":\"Hoop Earring with CZ Stones\"}]},{\"@type\":\"WebSite\",\"@id\":\"https:\\\/\\\/www.purejewels.com\\\/#website\",\"url\":\"https:\\\/\\\/www.purejewels.com\\\/\",\"name\":\"PureJewels UK\",\"description\":\"Share the Love\",\"publisher\":{\"@id\":\"https:\\\/\\\/www.purejewels.com\\\/#organization\"},\"potentialAction\":[{\"@type\":\"SearchAction\",\"target\":{\"@type\":\"EntryPoint\",\"urlTemplate\":\"https:\\\/\\\/www.purejewels.com\\\/?s={search_term_string}\"},\"query-input\":{\"@type\":\"PropertyValueSpecification\",\"valueRequired\":true,\"valueName\":\"search_term_string\"}}],\"inLanguage\":\"tr\"},{\"@type\":\"Organization\",\"@id\":\"https:\\\/\\\/www.purejewels.com\\\/#organization\",\"name\":\"PureJewels UK\",\"url\":\"https:\\\/\\\/www.purejewels.com\\\/\",\"logo\":{\"@type\":\"ImageObject\",\"inLanguage\":\"tr\",\"@id\":\"https:\\\/\\\/www.purejewels.com\\\/#\\\/schema\\\/logo\\\/image\\\/\",\"url\":\"https:\\\/\\\/static.purejewels.com\\\/wp-content\\\/uploads\\\/2020\\\/11\\\/Logo-PJ-New-1.png\",\"contentUrl\":\"https:\\\/\\\/static.purejewels.com\\\/wp-content\\\/uploads\\\/2020\\\/11\\\/Logo-PJ-New-1.png\",\"width\":150,\"height\":80,\"caption\":\"PureJewels UK\"},\"image\":{\"@id\":\"https:\\\/\\\/www.purejewels.com\\\/#\\\/schema\\\/logo\\\/image\\\/\"}}]}<\/script>\n<!-- \/ Yoast SEO plugin. -->","yoast_head_json":{"title":"CZ Ta\u015fl\u0131 22 Ayar Alt\u0131n Bali K\u00fcpe | PureJewels UK","description":"I\u015f\u0131lt\u0131l\u0131 CZ ta\u015flarla s\u00fcslenmi\u015f bu zarif 22 ayar alt\u0131n Bali k\u00fcpelerle stilinizi y\u00fckseltin. Zamans\u0131z zarafeti takdir eden se\u00e7ici kad\u0131nlar i\u00e7in m\u00fckemmel.","robots":{"index":"index","follow":"follow","max-snippet":"max-snippet:-1","max-image-preview":"max-image-preview:large","max-video-preview":"max-video-preview:-1"},"canonical":"https:\/\/www.purejewels.com\/tr\/urun\/22-ayar-altin-bali-kupe-51223\/","og_locale":"tr_TR","og_type":"article","og_title":"22ct Gold Bali Earring with CZ Stone | PureJewels UK","og_description":"Elevate your style with these exquisite 22ct gold Bali earrings, adorned with sparkling CZ stones. Perfect for the discerning woman who appreciates timeless elegance.","og_url":"https:\/\/www.purejewels.com\/tr\/urun\/22-ayar-altin-bali-kupe-51223\/","og_site_name":"PureJewels UK","article_modified_time":"2026-02-06T12:57:05+00:00","og_image":[{"width":1000,"height":1000,"url":"https:\/\/static.purejewels.com\/wp-content\/uploads\/2024\/10\/SKU51223-1.png","type":"image\/png"}],"twitter_card":"summary_large_image","twitter_misc":{"Tahmini okuma s\u00fcresi":"1 dakika"},"schema":{"@context":"https:\/\/schema.org","@graph":[{"@type":["WebPage","ItemPage"],"@id":"https:\/\/www.purejewels.com\/product\/22ct-gold-bali-earring-51223\/","url":"https:\/\/www.purejewels.com\/product\/22ct-gold-bali-earring-51223\/","name":"CZ Ta\u015fl\u0131 22 Ayar Alt\u0131n Bali K\u00fcpe | PureJewels UK","isPartOf":{"@id":"https:\/\/www.purejewels.com\/#website"},"primaryImageOfPage":{"@id":"https:\/\/www.purejewels.com\/product\/22ct-gold-bali-earring-51223\/#primaryimage"},"image":{"@id":"https:\/\/www.purejewels.com\/product\/22ct-gold-bali-earring-51223\/#primaryimage"},"thumbnailUrl":"https:\/\/static.purejewels.com\/wp-content\/uploads\/2024\/10\/SKU51223-1.png","datePublished":"2025-06-01T04:30:44+00:00","dateModified":"2026-02-06T12:57:05+00:00","description":"I\u015f\u0131lt\u0131l\u0131 CZ ta\u015flarla s\u00fcslenmi\u015f bu zarif 22 ayar alt\u0131n Bali k\u00fcpelerle stilinizi y\u00fckseltin. Zamans\u0131z zarafeti takdir eden se\u00e7ici kad\u0131nlar i\u00e7in m\u00fckemmel.","breadcrumb":{"@id":"https:\/\/www.purejewels.com\/product\/22ct-gold-bali-earring-51223\/#breadcrumb"},"inLanguage":"tr","potentialAction":[{"@type":"ReadAction","target":["https:\/\/www.purejewels.com\/product\/22ct-gold-bali-earring-51223\/"]}]},{"@type":"ImageObject","inLanguage":"tr","@id":"https:\/\/www.purejewels.com\/product\/22ct-gold-bali-earring-51223\/#primaryimage","url":"https:\/\/static.purejewels.com\/wp-content\/uploads\/2024\/10\/SKU51223-1.png","contentUrl":"https:\/\/static.purejewels.com\/wp-content\/uploads\/2024\/10\/SKU51223-1.png","width":1000,"height":1000,"caption":"22ct Gold Bali Earring with CZ Stone"},{"@type":"BreadcrumbList","@id":"https:\/\/www.purejewels.com\/product\/22ct-gold-bali-earring-51223\/#breadcrumb","itemListElement":[{"@type":"ListItem","position":1,"name":"Home","item":"https:\/\/www.purejewels.com\/"},{"@type":"ListItem","position":2,"name":"Shop","item":"https:\/\/www.purejewels.com\/shop\/"},{"@type":"ListItem","position":3,"name":"Hoop Earring with CZ Stones"}]},{"@type":"WebSite","@id":"https:\/\/www.purejewels.com\/#website","url":"https:\/\/www.purejewels.com\/","name":"PureJewels \u0130ngiltere","description":"Sevgiyi Payla\u015f\u0131n","publisher":{"@id":"https:\/\/www.purejewels.com\/#organization"},"potentialAction":[{"@type":"SearchAction","target":{"@type":"EntryPoint","urlTemplate":"https:\/\/www.purejewels.com\/?s={search_term_string}"},"query-input":{"@type":"PropertyValueSpecification","valueRequired":true,"valueName":"search_term_string"}}],"inLanguage":"tr"},{"@type":"Organization","@id":"https:\/\/www.purejewels.com\/#organization","name":"PureJewels \u0130ngiltere","url":"https:\/\/www.purejewels.com\/","logo":{"@type":"ImageObject","inLanguage":"tr","@id":"https:\/\/www.purejewels.com\/#\/schema\/logo\/image\/","url":"https:\/\/static.purejewels.com\/wp-content\/uploads\/2020\/11\/Logo-PJ-New-1.png","contentUrl":"https:\/\/static.purejewels.com\/wp-content\/uploads\/2020\/11\/Logo-PJ-New-1.png","width":150,"height":80,"caption":"PureJewels UK"},"image":{"@id":"https:\/\/www.purejewels.com\/#\/schema\/logo\/image\/"}}]}},"_links":{"self":[{"href":"https:\/\/www.purejewels.com\/tr\/wp-json\/wp\/v2\/product\/327940","targetHints":{"allow":["GET"]}}],"collection":[{"href":"https:\/\/www.purejewels.com\/tr\/wp-json\/wp\/v2\/product"}],"about":[{"href":"https:\/\/www.purejewels.com\/tr\/wp-json\/wp\/v2\/types\/product"}],"replies":[{"embeddable":true,"href":"https:\/\/www.purejewels.com\/tr\/wp-json\/wp\/v2\/comments?post=327940"}],"version-history":[{"count":5,"href":"https:\/\/www.purejewels.com\/tr\/wp-json\/wp\/v2\/product\/327940\/revisions"}],"predecessor-version":[{"id":417048,"href":"https:\/\/www.purejewels.com\/tr\/wp-json\/wp\/v2\/product\/327940\/revisions\/417048"}],"wp:featuredmedia":[{"embeddable":true,"href":"https:\/\/www.purejewels.com\/tr\/wp-json\/wp\/v2\/media\/400990"}],"wp:attachment":[{"href":"https:\/\/www.purejewels.com\/tr\/wp-json\/wp\/v2\/media?parent=327940"}],"wp:term":[{"taxonomy":"product_brand","embeddable":true,"href":"https:\/\/www.purejewels.com\/tr\/wp-json\/wp\/v2\/product_brand?post=327940"},{"taxonomy":"product_cat","embeddable":true,"href":"https:\/\/www.purejewels.com\/tr\/wp-json\/wp\/v2\/product_cat?post=327940"},{"taxonomy":"product_tag","embeddable":true,"href":"https:\/\/www.purejewels.com\/tr\/wp-json\/wp\/v2\/product_tag?post=327940"}],"curies":[{"name":"wp","href":"https:\/\/api.w.org\/{rel}","templated":true}]}}