{"id":327947,"date":"2024-05-15T08:30:10","date_gmt":"2024-05-15T07:30:10","guid":{"rendered":"https:\/\/www.purejewels.com\/?post_type=product&#038;p=327947"},"modified":"2026-01-06T08:45:52","modified_gmt":"2026-01-06T08:45:52","slug":"22-ayar-altin-gerdanlik-kolye-40924","status":"publish","type":"product","link":"https:\/\/www.purejewels.com\/tr\/product\/22ct-gold-choker-necklace-40924\/","title":{"rendered":"Rodyum Kaplamal\u0131 22 Ayar Alt\u0131n Gerdanl\u0131k Kolye"},"content":{"rendered":"<p>[vc_row][vc_column][vc_column_text]<\/p>\n<h3><strong><b>Design<\/b><\/strong><\/h3>\n<p>This magnificent <a href=\"https:\/\/www.purejewels.com\/tr\/product\/22ct-gold-jali-filigree-ring-jali-collection-31926\/\">22ct<\/a> <a href=\"https:\/\/www.purejewels.com\/tr\/product\/22-carat-gold-choker-necklace-5\/\">Gold Choker<\/a> Necklace by PureJewels, with gold and rhodium baubles, displays a sparkling and glamorous texture. The <a href=\"https:\/\/www.purejewels.com\/tr\/product\/22ct-gold-fancy-choker-chain-with-pendant-18-inch-43022\/\">choker<\/a> necklace is followed with delicately dangling balls adding a delicacy to the entire Jewellery piece.<\/p>\n<h3><strong><b>Inspiration<\/b><\/strong><\/h3>\n<p>This choker necklace is designed to be different, to stand out and express your individuality, it will no sooner become your favourite and come in the pieces most worn and loved by you. The delicacy with a modern twist is the key feature that will bring shine to your life. It finds its inspiration from the Ganthan Work, a technique that has been around for ages for its delicacy and exquisite <a href=\"https:\/\/www.purejewels.com\/tr\/a-guide-to-die-stamping\/\">craftsmanship<\/a>.<\/p>\n<h3><strong><b>Style<\/b><\/strong><\/h3>\n<p>No matter where you fall on the spectrum between minimalism and maximalism, you can choose to wear this choker necklace with numerous outfits for office wear, evening out or even a dinner party at home.[\/vc_column_text][\/vc_column][\/vc_row]<\/p>\n","protected":false},"excerpt":{"rendered":"<div class=\"woocommerce-product-details__short-description\">\n<ul>\n<li>Rodyum kaplamal\u0131 gerdanl\u0131k kolye<\/li>\n<li>22 ayar Sar\u0131 Alt\u0131n<\/li>\n<li>A\u011f\u0131rl\u0131k 12,3 gms<\/li>\n<li>SKU. 40924<\/li>\n<li>Uzunluk 16,25 \u0130n\u00e7<\/li>\n<li>T\u00fcm fiyatlara KDV dahildir<\/li>\n<li>T\u00fcm \u00dcr\u00fcnlerimiz Londra Tahlil Ofisi Taraf\u0131ndan Damgalanm\u0131\u015ft\u0131r<\/li>\n<li>T\u00fcm setler Sunum Kutusu ile birlikte gelir<\/li>\n<li>Teslimat Dahil<\/li>\n<li>\u00dcr\u00fcn videosu i\u00e7in bize ula\u015f\u0131n \/ bizimle canl\u0131 sohbet edin<\/li>\n<\/ul>\n<\/div>\n<p>&nbsp;<\/p>","protected":false},"featured_media":319862,"comment_status":"closed","ping_status":"closed","template":"","meta":{"_eb_attr":"","_crsspst_to_jayantr4sg-hostcom":true},"product_brand":[],"product_cat":[1791,1559,1698,1782,1475,1573,1574],"product_tag":[],"class_list":{"0":"post-327947","1":"product","2":"type-product","3":"status-publish","4":"has-post-thumbnail","6":"product_cat-anniversary-gifts","7":"product_cat-birthday-gifts","8":"product_cat-choker-chains","9":"product_cat-choker-necklaces","10":"product_cat-gold-chains","11":"product_cat-wedding-gifts","12":"product_cat-womens-jewellery","14":"first","15":"outofstock","16":"taxable","17":"shipping-taxable","18":"product-type-simple","19":"add-to-wishlist-before_image"},"yoast_head":"<!-- This site is optimized with the Yoast SEO plugin v27.5 - https:\/\/yoast.com\/product\/yoast-seo-wordpress\/ -->\n<title>22 Carat Gold Choker Necklace With Rhodium Finish | PureJewels<\/title>\n<meta name=\"description\" content=\"Check out our Choker Necklace with Rhodium finish in 22Carat Yellow Gold. Length of the necklace is 16 Inches.\" \/>\n<meta name=\"robots\" content=\"index, follow, max-snippet:-1, max-image-preview:large, max-video-preview:-1\" \/>\n<link rel=\"canonical\" href=\"https:\/\/www.purejewels.com\/tr\/urun\/22-ayar-altin-gerdanlik-kolye-40924\/\" \/>\n<meta property=\"og:locale\" content=\"tr_TR\" \/>\n<meta property=\"og:type\" content=\"article\" \/>\n<meta property=\"og:title\" content=\"22 Carat Gold Choker Necklace With Rhodium Finish | PureJewels\" \/>\n<meta property=\"og:description\" content=\"Check out our Choker Necklace with Rhodium finish in 22Carat Yellow Gold. Length of the necklace is 16 Inches.\" \/>\n<meta property=\"og:url\" content=\"https:\/\/www.purejewels.com\/tr\/urun\/22-ayar-altin-gerdanlik-kolye-40924\/\" \/>\n<meta property=\"og:site_name\" content=\"PureJewels UK\" \/>\n<meta property=\"article:modified_time\" content=\"2026-01-06T08:45:52+00:00\" \/>\n<meta property=\"og:image\" content=\"https:\/\/www.purejewels.com\/wp-content\/uploads\/2020\/09\/32973-1.jpg\" \/>\n\t<meta property=\"og:image:width\" content=\"1000\" \/>\n\t<meta property=\"og:image:height\" content=\"1000\" \/>\n\t<meta property=\"og:image:type\" content=\"image\/jpeg\" \/>\n<meta name=\"twitter:card\" content=\"summary_large_image\" \/>\n<meta name=\"twitter:label1\" content=\"Tahmini okuma s\u00fcresi\" \/>\n\t<meta name=\"twitter:data1\" content=\"1 dakika\" \/>\n<script type=\"application\/ld+json\" class=\"yoast-schema-graph\">{\"@context\":\"https:\\\/\\\/schema.org\",\"@graph\":[{\"@type\":[\"WebPage\",\"ItemPage\"],\"@id\":\"https:\\\/\\\/www.purejewels.com\\\/product\\\/22ct-gold-choker-necklace-40924\\\/\",\"url\":\"https:\\\/\\\/www.purejewels.com\\\/product\\\/22ct-gold-choker-necklace-40924\\\/\",\"name\":\"22 Carat Gold Choker Necklace With Rhodium Finish | PureJewels\",\"isPartOf\":{\"@id\":\"https:\\\/\\\/www.purejewels.com\\\/#website\"},\"primaryImageOfPage\":{\"@id\":\"https:\\\/\\\/www.purejewels.com\\\/product\\\/22ct-gold-choker-necklace-40924\\\/#primaryimage\"},\"image\":{\"@id\":\"https:\\\/\\\/www.purejewels.com\\\/product\\\/22ct-gold-choker-necklace-40924\\\/#primaryimage\"},\"thumbnailUrl\":\"https:\\\/\\\/static.purejewels.com\\\/wp-content\\\/uploads\\\/2020\\\/09\\\/32973-1.jpg\",\"datePublished\":\"2024-05-15T07:30:10+00:00\",\"dateModified\":\"2026-01-06T08:45:52+00:00\",\"description\":\"Check out our Choker Necklace with Rhodium finish in 22Carat Yellow Gold. Length of the necklace is 16 Inches.\",\"breadcrumb\":{\"@id\":\"https:\\\/\\\/www.purejewels.com\\\/product\\\/22ct-gold-choker-necklace-40924\\\/#breadcrumb\"},\"inLanguage\":\"tr\",\"potentialAction\":[{\"@type\":\"ReadAction\",\"target\":[\"https:\\\/\\\/www.purejewels.com\\\/product\\\/22ct-gold-choker-necklace-40924\\\/\"]}]},{\"@type\":\"ImageObject\",\"inLanguage\":\"tr\",\"@id\":\"https:\\\/\\\/www.purejewels.com\\\/product\\\/22ct-gold-choker-necklace-40924\\\/#primaryimage\",\"url\":\"https:\\\/\\\/static.purejewels.com\\\/wp-content\\\/uploads\\\/2020\\\/09\\\/32973-1.jpg\",\"contentUrl\":\"https:\\\/\\\/static.purejewels.com\\\/wp-content\\\/uploads\\\/2020\\\/09\\\/32973-1.jpg\",\"width\":1000,\"height\":1000},{\"@type\":\"BreadcrumbList\",\"@id\":\"https:\\\/\\\/www.purejewels.com\\\/product\\\/22ct-gold-choker-necklace-40924\\\/#breadcrumb\",\"itemListElement\":[{\"@type\":\"ListItem\",\"position\":1,\"name\":\"Home\",\"item\":\"https:\\\/\\\/www.purejewels.com\\\/\"},{\"@type\":\"ListItem\",\"position\":2,\"name\":\"Shop\",\"item\":\"https:\\\/\\\/www.purejewels.com\\\/shop\\\/\"},{\"@type\":\"ListItem\",\"position\":3,\"name\":\"22ct Gold Choker Necklace With Rhodium Finish\"}]},{\"@type\":\"WebSite\",\"@id\":\"https:\\\/\\\/www.purejewels.com\\\/#website\",\"url\":\"https:\\\/\\\/www.purejewels.com\\\/\",\"name\":\"PureJewels UK\",\"description\":\"Share the Love\",\"publisher\":{\"@id\":\"https:\\\/\\\/www.purejewels.com\\\/#organization\"},\"potentialAction\":[{\"@type\":\"SearchAction\",\"target\":{\"@type\":\"EntryPoint\",\"urlTemplate\":\"https:\\\/\\\/www.purejewels.com\\\/?s={search_term_string}\"},\"query-input\":{\"@type\":\"PropertyValueSpecification\",\"valueRequired\":true,\"valueName\":\"search_term_string\"}}],\"inLanguage\":\"tr\"},{\"@type\":\"Organization\",\"@id\":\"https:\\\/\\\/www.purejewels.com\\\/#organization\",\"name\":\"PureJewels UK\",\"url\":\"https:\\\/\\\/www.purejewels.com\\\/\",\"logo\":{\"@type\":\"ImageObject\",\"inLanguage\":\"tr\",\"@id\":\"https:\\\/\\\/www.purejewels.com\\\/#\\\/schema\\\/logo\\\/image\\\/\",\"url\":\"https:\\\/\\\/static.purejewels.com\\\/wp-content\\\/uploads\\\/2020\\\/11\\\/Logo-PJ-New-1.png\",\"contentUrl\":\"https:\\\/\\\/static.purejewels.com\\\/wp-content\\\/uploads\\\/2020\\\/11\\\/Logo-PJ-New-1.png\",\"width\":150,\"height\":80,\"caption\":\"PureJewels UK\"},\"image\":{\"@id\":\"https:\\\/\\\/www.purejewels.com\\\/#\\\/schema\\\/logo\\\/image\\\/\"}}]}<\/script>\n<!-- \/ Yoast SEO plugin. -->","yoast_head_json":{"title":"Rodyum Kaplamal\u0131 22 Ayar Alt\u0131n Gerdanl\u0131k Kolye | PureJewels","description":"22Karat Sar\u0131 Alt\u0131n Rodyum kaplamal\u0131 Gerdanl\u0131k Kolyemize g\u00f6z at\u0131n. Kolyenin uzunlu\u011fu 16 \u0130n\u00e7'tir.","robots":{"index":"index","follow":"follow","max-snippet":"max-snippet:-1","max-image-preview":"max-image-preview:large","max-video-preview":"max-video-preview:-1"},"canonical":"https:\/\/www.purejewels.com\/tr\/urun\/22-ayar-altin-gerdanlik-kolye-40924\/","og_locale":"tr_TR","og_type":"article","og_title":"22 Carat Gold Choker Necklace With Rhodium Finish | PureJewels","og_description":"Check out our Choker Necklace with Rhodium finish in 22Carat Yellow Gold. Length of the necklace is 16 Inches.","og_url":"https:\/\/www.purejewels.com\/tr\/urun\/22-ayar-altin-gerdanlik-kolye-40924\/","og_site_name":"PureJewels UK","article_modified_time":"2026-01-06T08:45:52+00:00","og_image":[{"width":1000,"height":1000,"url":"https:\/\/www.purejewels.com\/wp-content\/uploads\/2020\/09\/32973-1.jpg","type":"image\/jpeg"}],"twitter_card":"summary_large_image","twitter_misc":{"Tahmini okuma s\u00fcresi":"1 dakika"},"schema":{"@context":"https:\/\/schema.org","@graph":[{"@type":["WebPage","ItemPage"],"@id":"https:\/\/www.purejewels.com\/product\/22ct-gold-choker-necklace-40924\/","url":"https:\/\/www.purejewels.com\/product\/22ct-gold-choker-necklace-40924\/","name":"Rodyum Kaplamal\u0131 22 Ayar Alt\u0131n Gerdanl\u0131k Kolye | PureJewels","isPartOf":{"@id":"https:\/\/www.purejewels.com\/#website"},"primaryImageOfPage":{"@id":"https:\/\/www.purejewels.com\/product\/22ct-gold-choker-necklace-40924\/#primaryimage"},"image":{"@id":"https:\/\/www.purejewels.com\/product\/22ct-gold-choker-necklace-40924\/#primaryimage"},"thumbnailUrl":"https:\/\/static.purejewels.com\/wp-content\/uploads\/2020\/09\/32973-1.jpg","datePublished":"2024-05-15T07:30:10+00:00","dateModified":"2026-01-06T08:45:52+00:00","description":"22Karat Sar\u0131 Alt\u0131n Rodyum kaplamal\u0131 Gerdanl\u0131k Kolyemize g\u00f6z at\u0131n. Kolyenin uzunlu\u011fu 16 \u0130n\u00e7'tir.","breadcrumb":{"@id":"https:\/\/www.purejewels.com\/product\/22ct-gold-choker-necklace-40924\/#breadcrumb"},"inLanguage":"tr","potentialAction":[{"@type":"ReadAction","target":["https:\/\/www.purejewels.com\/product\/22ct-gold-choker-necklace-40924\/"]}]},{"@type":"ImageObject","inLanguage":"tr","@id":"https:\/\/www.purejewels.com\/product\/22ct-gold-choker-necklace-40924\/#primaryimage","url":"https:\/\/static.purejewels.com\/wp-content\/uploads\/2020\/09\/32973-1.jpg","contentUrl":"https:\/\/static.purejewels.com\/wp-content\/uploads\/2020\/09\/32973-1.jpg","width":1000,"height":1000},{"@type":"BreadcrumbList","@id":"https:\/\/www.purejewels.com\/product\/22ct-gold-choker-necklace-40924\/#breadcrumb","itemListElement":[{"@type":"ListItem","position":1,"name":"Home","item":"https:\/\/www.purejewels.com\/"},{"@type":"ListItem","position":2,"name":"Shop","item":"https:\/\/www.purejewels.com\/shop\/"},{"@type":"ListItem","position":3,"name":"22ct Gold Choker Necklace With Rhodium Finish"}]},{"@type":"WebSite","@id":"https:\/\/www.purejewels.com\/#website","url":"https:\/\/www.purejewels.com\/","name":"PureJewels \u0130ngiltere","description":"Sevgiyi Payla\u015f\u0131n","publisher":{"@id":"https:\/\/www.purejewels.com\/#organization"},"potentialAction":[{"@type":"SearchAction","target":{"@type":"EntryPoint","urlTemplate":"https:\/\/www.purejewels.com\/?s={search_term_string}"},"query-input":{"@type":"PropertyValueSpecification","valueRequired":true,"valueName":"search_term_string"}}],"inLanguage":"tr"},{"@type":"Organization","@id":"https:\/\/www.purejewels.com\/#organization","name":"PureJewels \u0130ngiltere","url":"https:\/\/www.purejewels.com\/","logo":{"@type":"ImageObject","inLanguage":"tr","@id":"https:\/\/www.purejewels.com\/#\/schema\/logo\/image\/","url":"https:\/\/static.purejewels.com\/wp-content\/uploads\/2020\/11\/Logo-PJ-New-1.png","contentUrl":"https:\/\/static.purejewels.com\/wp-content\/uploads\/2020\/11\/Logo-PJ-New-1.png","width":150,"height":80,"caption":"PureJewels UK"},"image":{"@id":"https:\/\/www.purejewels.com\/#\/schema\/logo\/image\/"}}]}},"_links":{"self":[{"href":"https:\/\/www.purejewels.com\/tr\/wp-json\/wp\/v2\/product\/327947","targetHints":{"allow":["GET"]}}],"collection":[{"href":"https:\/\/www.purejewels.com\/tr\/wp-json\/wp\/v2\/product"}],"about":[{"href":"https:\/\/www.purejewels.com\/tr\/wp-json\/wp\/v2\/types\/product"}],"replies":[{"embeddable":true,"href":"https:\/\/www.purejewels.com\/tr\/wp-json\/wp\/v2\/comments?post=327947"}],"version-history":[{"count":1,"href":"https:\/\/www.purejewels.com\/tr\/wp-json\/wp\/v2\/product\/327947\/revisions"}],"predecessor-version":[{"id":362737,"href":"https:\/\/www.purejewels.com\/tr\/wp-json\/wp\/v2\/product\/327947\/revisions\/362737"}],"wp:featuredmedia":[{"embeddable":true,"href":"https:\/\/www.purejewels.com\/tr\/wp-json\/wp\/v2\/media\/319862"}],"wp:attachment":[{"href":"https:\/\/www.purejewels.com\/tr\/wp-json\/wp\/v2\/media?parent=327947"}],"wp:term":[{"taxonomy":"product_brand","embeddable":true,"href":"https:\/\/www.purejewels.com\/tr\/wp-json\/wp\/v2\/product_brand?post=327947"},{"taxonomy":"product_cat","embeddable":true,"href":"https:\/\/www.purejewels.com\/tr\/wp-json\/wp\/v2\/product_cat?post=327947"},{"taxonomy":"product_tag","embeddable":true,"href":"https:\/\/www.purejewels.com\/tr\/wp-json\/wp\/v2\/product_tag?post=327947"}],"curies":[{"name":"wp","href":"https:\/\/api.w.org\/{rel}","templated":true}]}}