{"id":328169,"date":"2021-11-08T09:33:55","date_gmt":"2021-11-08T09:33:55","guid":{"rendered":"https:\/\/www.purejewels.com\/?post_type=product&#038;p=328169"},"modified":"2026-01-07T04:34:16","modified_gmt":"2026-01-07T04:34:16","slug":"22-ayar-altin-tilki-kuyrugu-zincir-46078","status":"publish","type":"product","link":"https:\/\/www.purejewels.com\/tr\/product\/22ct-gold-foxtail-chain-46078\/","title":{"rendered":"22 Ayar Alt\u0131n | \u0130\u00e7i Bo\u015f Tilki Kuyru\u011fu Zincir | 18 \u0130n\u00e7"},"content":{"rendered":"<h4 data-start=\"607\" data-end=\"632\"><strong data-start=\"612\" data-end=\"630\">Tasar\u0131m Konsepti<\/strong><\/h4>\n<p data-start=\"633\" data-end=\"993\">Tilki kuyru\u011fu zinciri, karma\u015f\u0131k dokusu ve zamans\u0131z \u00e7ekicili\u011fiyle uzun s\u00fcredir hayranl\u0131k uyand\u0131r\u0131yor. PureJewels, bu i\u00e7i bo\u015f bask\u0131da tasar\u0131m\u0131 modern bir dokunu\u015fla yeniden tasarl\u0131yor; kendine \u00f6zg\u00fc dokuma desenini korurken g\u00fcnl\u00fck kullan\u0131m i\u00e7in daha hafif bir his sunuyor. G\u00f6r\u00fcn\u00fc\u015f\u00fc g\u00fc\u00e7l\u00fc ama a\u011f\u0131rl\u0131\u011f\u0131 narin olan bu tasar\u0131m dengeyi, uyumlulu\u011fu ve zahmetsiz stili simgeliyor.<\/p>\n<hr data-start=\"995\" data-end=\"998\" \/>\n<h4 data-start=\"1000\" data-end=\"1024\"><strong data-start=\"1005\" data-end=\"1022\">Zanaatkarl\u0131k<\/strong><\/h4>\n<p data-start=\"1025\" data-end=\"1461\">Ustal\u0131kla el i\u015f\u00e7ili\u011fi ile \u0131\u015f\u0131lt\u0131l\u0131 <a href=\"https:\/\/www.purejewels.com\/tr\/product\/22ct-gold-jali-filigree-ring-jali-collection-31926\/\">22ct<\/a> alt\u0131n olan bu zincir, esnek ve ak\u0131c\u0131 bir form olu\u015fturmak i\u00e7in hassasiyetle birbirine ba\u011flanan imza tilki kuyru\u011fu \u00f6rg\u00fcs\u00fcn\u00fc sergiliyor. 2,2 mm kal\u0131nl\u0131\u011f\u0131yla cesur ve l\u00fcks bir profil sunarken, i\u00e7i bo\u015f yap\u0131s\u0131 uzun s\u00fcreli kullan\u0131m i\u00e7in hafif ve rahat kalmas\u0131n\u0131 sa\u011flar. Her bir par\u00e7a Londra Tahlil Ofisi taraf\u0131ndan damgalanarak safl\u0131k, \u00f6zg\u00fcnl\u00fck ve kal\u0131c\u0131 kaliteyi garanti eder.<\/p>\n<hr data-start=\"1463\" data-end=\"1466\" \/>\n<h4 data-start=\"1468\" data-end=\"1492\"><strong data-start=\"1473\" data-end=\"1490\">Stil Fikirleri<\/strong><\/h4>\n<p data-start=\"1493\" data-end=\"1857\">\u0130fade sadeli\u011fini tercih edenler i\u00e7in ideal olan bu zincir, odak par\u00e7as\u0131 olarak tek ba\u015f\u0131na tak\u0131ld\u0131\u011f\u0131nda \u0131\u015f\u0131l \u0131\u015f\u0131l parlar. K\u00f6pr\u00fcc\u00fck kemi\u011fine zarif bir \u015fekilde yerle\u015ftirilen 18 in\u00e7lik uzunlu\u011fu, onu hem g\u00fcnl\u00fck k\u0131yafetler hem de gece k\u0131yafetleri i\u00e7in m\u00fckemmel k\u0131lar. Daha ki\u015fisel bir dokunu\u015f i\u00e7in alt\u0131n bir kolye ucuyla e\u015fle\u015ftirin veya dokulu, \u00e7a\u011fda\u015f bir g\u00f6r\u00fcn\u00fcm olu\u015fturmak i\u00e7in daha ince zincirlerle katmanlay\u0131n.<\/p>","protected":false},"excerpt":{"rendered":"<p data-start=\"230\" data-end=\"490\">Cesur ama hafif bir klasik olan bu 22 ayar alt\u0131n i\u00e7i bo\u015f tilki kuyru\u011fu zincir, a\u015f\u0131r\u0131 a\u011f\u0131rl\u0131k olmadan \u00e7arp\u0131c\u0131 bir \u015f\u0131kl\u0131k i\u00e7in \u00fcretilmi\u015ftir. 18 in\u00e7 uzunlu\u011funda ve 2,2 mm kal\u0131nl\u0131\u011f\u0131ndaki bu zincir, g\u00fcnl\u00fck rahatl\u0131\u011f\u0131n yan\u0131 s\u0131ra iddial\u0131 bir g\u00f6r\u00fcn\u00fcm sunar. Tek ba\u015f\u0131na veya de\u011ferli bir kolyeyle birlikte takmak i\u00e7in m\u00fckemmeldir.<\/p>\n<p><strong>Malzeme:<\/strong>\u00a022 Ayar Alt\u0131n<br \/>\n<strong>Safl\u0131k:<\/strong>\u00a091.6% saf<br \/>\n<strong>Hallmark:<\/strong>\u00a0\u0130ngiliz Damgas\u0131<br \/>\n<strong>Uzunluk:<\/strong> 18 in\u00e7<br \/>\n<strong>Kal\u0131nl\u0131k:<\/strong> 2.2mm<br \/>\n<strong>Br\u00fct A\u011f\u0131rl\u0131k:<\/strong> 5.7 Gms<br \/>\n<strong>SKU: <\/strong>46078<\/p>\n<p>Fiyat ve Teslimat: KDV ve teslimat \u00fccretleri dahil<br \/>\n<a href=\"https:\/\/www.purejewels.com\/tr\/i%cc%87ade-poli%cc%87ti%cc%87kasi\/\"><strong>\u0130ade Politikas\u0131<\/strong><\/a><\/p>","protected":false},"featured_media":326610,"comment_status":"closed","ping_status":"closed","template":"","meta":{"_eb_attr":"","_crsspst_to_jayantr4sg-hostcom":false},"product_brand":[],"product_cat":[5014,5017,5264,1559,5265,1475,1773,1572,1774,1575,1574,5349],"product_tag":[3990,65],"class_list":{"0":"post-328169","1":"product","2":"type-product","3":"status-publish","4":"has-post-thumbnail","6":"product_cat-18-inch-ladies-chain","7":"product_cat-18-inch-mens-chain","8":"product_cat-22ct-gold-chain","9":"product_cat-birthday-gifts","10":"product_cat-foxtail-chain","11":"product_cat-gold-chains","12":"product_cat-ladies-chains","13":"product_cat-mens-jewellery","14":"product_cat-mens-chains","15":"product_cat-teenage-jewellery","16":"product_cat-womens-jewellery","17":"product_cat-yellow-gold-jewellery","18":"product_tag-22-carat-gold-chain","19":"product_tag-chains","21":"first","22":"onbackorder","23":"taxable","24":"shipping-taxable","25":"product-type-simple","26":"add-to-wishlist-before_image"},"yoast_head":"<!-- This site is optimized with the Yoast SEO plugin v27.3 - https:\/\/yoast.com\/product\/yoast-seo-wordpress\/ -->\n<title>Foxtail Chain Online in 22ct Gold | PureJewels.com<\/title>\n<meta name=\"description\" content=\"22ct Gold Foxtail Chain in London | Explore Wide Range Of Foxtail Chains &amp; Gold Jewellery Online in London | Fast Delivery.\" \/>\n<meta name=\"robots\" content=\"index, follow, max-snippet:-1, max-image-preview:large, max-video-preview:-1\" \/>\n<link rel=\"canonical\" href=\"https:\/\/www.purejewels.com\/tr\/urun\/22-ayar-altin-tilki-kuyrugu-zincir-46078\/\" \/>\n<meta property=\"og:locale\" content=\"tr_TR\" \/>\n<meta property=\"og:type\" content=\"article\" \/>\n<meta property=\"og:title\" content=\"Foxtail Chain Online in 22ct Gold | PureJewels.com\" \/>\n<meta property=\"og:description\" content=\"22ct Gold Foxtail Chain in London | Explore Wide Range Of Foxtail Chains &amp; Gold Jewellery Online in London | Fast Delivery.\" \/>\n<meta property=\"og:url\" content=\"https:\/\/www.purejewels.com\/tr\/urun\/22-ayar-altin-tilki-kuyrugu-zincir-46078\/\" \/>\n<meta property=\"og:site_name\" content=\"PureJewels UK\" \/>\n<meta property=\"article:modified_time\" content=\"2026-01-07T04:34:16+00:00\" \/>\n<meta property=\"og:image\" content=\"https:\/\/static.purejewels.com\/wp-content\/uploads\/2021\/09\/34341-1.jpg\" \/>\n\t<meta property=\"og:image:width\" content=\"1000\" \/>\n\t<meta property=\"og:image:height\" content=\"1000\" \/>\n\t<meta property=\"og:image:type\" content=\"image\/jpeg\" \/>\n<meta name=\"twitter:card\" content=\"summary_large_image\" \/>\n<meta name=\"twitter:label1\" content=\"Tahmini okuma s\u00fcresi\" \/>\n\t<meta name=\"twitter:data1\" content=\"1 dakika\" \/>\n<script type=\"application\/ld+json\" class=\"yoast-schema-graph\">{\"@context\":\"https:\\\/\\\/schema.org\",\"@graph\":[{\"@type\":[\"WebPage\",\"ItemPage\"],\"@id\":\"https:\\\/\\\/www.purejewels.com\\\/product\\\/22ct-gold-foxtail-chain-46078\\\/\",\"url\":\"https:\\\/\\\/www.purejewels.com\\\/product\\\/22ct-gold-foxtail-chain-46078\\\/\",\"name\":\"Foxtail Chain Online in 22ct Gold | PureJewels.com\",\"isPartOf\":{\"@id\":\"https:\\\/\\\/www.purejewels.com\\\/#website\"},\"primaryImageOfPage\":{\"@id\":\"https:\\\/\\\/www.purejewels.com\\\/product\\\/22ct-gold-foxtail-chain-46078\\\/#primaryimage\"},\"image\":{\"@id\":\"https:\\\/\\\/www.purejewels.com\\\/product\\\/22ct-gold-foxtail-chain-46078\\\/#primaryimage\"},\"thumbnailUrl\":\"https:\\\/\\\/static.purejewels.com\\\/wp-content\\\/uploads\\\/2021\\\/09\\\/34341-1.jpg\",\"datePublished\":\"2021-11-08T09:33:55+00:00\",\"dateModified\":\"2026-01-07T04:34:16+00:00\",\"description\":\"22ct Gold Foxtail Chain in London | Explore Wide Range Of Foxtail Chains & Gold Jewellery Online in London | Fast Delivery.\",\"breadcrumb\":{\"@id\":\"https:\\\/\\\/www.purejewels.com\\\/product\\\/22ct-gold-foxtail-chain-46078\\\/#breadcrumb\"},\"inLanguage\":\"tr\",\"potentialAction\":[{\"@type\":\"ReadAction\",\"target\":[\"https:\\\/\\\/www.purejewels.com\\\/product\\\/22ct-gold-foxtail-chain-46078\\\/\"]}]},{\"@type\":\"ImageObject\",\"inLanguage\":\"tr\",\"@id\":\"https:\\\/\\\/www.purejewels.com\\\/product\\\/22ct-gold-foxtail-chain-46078\\\/#primaryimage\",\"url\":\"https:\\\/\\\/static.purejewels.com\\\/wp-content\\\/uploads\\\/2021\\\/09\\\/34341-1.jpg\",\"contentUrl\":\"https:\\\/\\\/static.purejewels.com\\\/wp-content\\\/uploads\\\/2021\\\/09\\\/34341-1.jpg\",\"width\":1000,\"height\":1000,\"caption\":\"22ct Gold Foxtail Chain 34341-1\"},{\"@type\":\"BreadcrumbList\",\"@id\":\"https:\\\/\\\/www.purejewels.com\\\/product\\\/22ct-gold-foxtail-chain-46078\\\/#breadcrumb\",\"itemListElement\":[{\"@type\":\"ListItem\",\"position\":1,\"name\":\"Home\",\"item\":\"https:\\\/\\\/www.purejewels.com\\\/\"},{\"@type\":\"ListItem\",\"position\":2,\"name\":\"Shop\",\"item\":\"https:\\\/\\\/www.purejewels.com\\\/shop\\\/\"},{\"@type\":\"ListItem\",\"position\":3,\"name\":\"22ct Gold | Hollow Foxtail Chain | 18 Inches\"}]},{\"@type\":\"WebSite\",\"@id\":\"https:\\\/\\\/www.purejewels.com\\\/#website\",\"url\":\"https:\\\/\\\/www.purejewels.com\\\/\",\"name\":\"PureJewels UK\",\"description\":\"Share the Love\",\"publisher\":{\"@id\":\"https:\\\/\\\/www.purejewels.com\\\/#organization\"},\"potentialAction\":[{\"@type\":\"SearchAction\",\"target\":{\"@type\":\"EntryPoint\",\"urlTemplate\":\"https:\\\/\\\/www.purejewels.com\\\/?s={search_term_string}\"},\"query-input\":{\"@type\":\"PropertyValueSpecification\",\"valueRequired\":true,\"valueName\":\"search_term_string\"}}],\"inLanguage\":\"tr\"},{\"@type\":\"Organization\",\"@id\":\"https:\\\/\\\/www.purejewels.com\\\/#organization\",\"name\":\"PureJewels UK\",\"url\":\"https:\\\/\\\/www.purejewels.com\\\/\",\"logo\":{\"@type\":\"ImageObject\",\"inLanguage\":\"tr\",\"@id\":\"https:\\\/\\\/www.purejewels.com\\\/#\\\/schema\\\/logo\\\/image\\\/\",\"url\":\"https:\\\/\\\/static.purejewels.com\\\/wp-content\\\/uploads\\\/2020\\\/11\\\/Logo-PJ-New-1.png\",\"contentUrl\":\"https:\\\/\\\/static.purejewels.com\\\/wp-content\\\/uploads\\\/2020\\\/11\\\/Logo-PJ-New-1.png\",\"width\":150,\"height\":80,\"caption\":\"PureJewels UK\"},\"image\":{\"@id\":\"https:\\\/\\\/www.purejewels.com\\\/#\\\/schema\\\/logo\\\/image\\\/\"}}]}<\/script>\n<!-- \/ Yoast SEO plugin. -->","yoast_head_json":{"title":"Tilki Kuyru\u011fu Zincir Online 22 Ayar Alt\u0131n | PureJewels.com","description":"Londra'da 22 Ayar Alt\u0131n Tilki Kuyru\u011fu Zinciri | Londra'da \u00c7ok \u00c7e\u015fitli Tilki Kuyru\u011fu Zincirlerini ve Alt\u0131n Tak\u0131lar\u0131 \u00c7evrimi\u00e7i Ke\u015ffedin | H\u0131zl\u0131 Teslimat.","robots":{"index":"index","follow":"follow","max-snippet":"max-snippet:-1","max-image-preview":"max-image-preview:large","max-video-preview":"max-video-preview:-1"},"canonical":"https:\/\/www.purejewels.com\/tr\/urun\/22-ayar-altin-tilki-kuyrugu-zincir-46078\/","og_locale":"tr_TR","og_type":"article","og_title":"Foxtail Chain Online in 22ct Gold | PureJewels.com","og_description":"22ct Gold Foxtail Chain in London | Explore Wide Range Of Foxtail Chains & Gold Jewellery Online in London | Fast Delivery.","og_url":"https:\/\/www.purejewels.com\/tr\/urun\/22-ayar-altin-tilki-kuyrugu-zincir-46078\/","og_site_name":"PureJewels UK","article_modified_time":"2026-01-07T04:34:16+00:00","og_image":[{"width":1000,"height":1000,"url":"https:\/\/static.purejewels.com\/wp-content\/uploads\/2021\/09\/34341-1.jpg","type":"image\/jpeg"}],"twitter_card":"summary_large_image","twitter_misc":{"Tahmini okuma s\u00fcresi":"1 dakika"},"schema":{"@context":"https:\/\/schema.org","@graph":[{"@type":["WebPage","ItemPage"],"@id":"https:\/\/www.purejewels.com\/product\/22ct-gold-foxtail-chain-46078\/","url":"https:\/\/www.purejewels.com\/product\/22ct-gold-foxtail-chain-46078\/","name":"Tilki Kuyru\u011fu Zincir Online 22 Ayar Alt\u0131n | PureJewels.com","isPartOf":{"@id":"https:\/\/www.purejewels.com\/#website"},"primaryImageOfPage":{"@id":"https:\/\/www.purejewels.com\/product\/22ct-gold-foxtail-chain-46078\/#primaryimage"},"image":{"@id":"https:\/\/www.purejewels.com\/product\/22ct-gold-foxtail-chain-46078\/#primaryimage"},"thumbnailUrl":"https:\/\/static.purejewels.com\/wp-content\/uploads\/2021\/09\/34341-1.jpg","datePublished":"2021-11-08T09:33:55+00:00","dateModified":"2026-01-07T04:34:16+00:00","description":"Londra'da 22 Ayar Alt\u0131n Tilki Kuyru\u011fu Zinciri | Londra'da \u00c7ok \u00c7e\u015fitli Tilki Kuyru\u011fu Zincirlerini ve Alt\u0131n Tak\u0131lar\u0131 \u00c7evrimi\u00e7i Ke\u015ffedin | H\u0131zl\u0131 Teslimat.","breadcrumb":{"@id":"https:\/\/www.purejewels.com\/product\/22ct-gold-foxtail-chain-46078\/#breadcrumb"},"inLanguage":"tr","potentialAction":[{"@type":"ReadAction","target":["https:\/\/www.purejewels.com\/product\/22ct-gold-foxtail-chain-46078\/"]}]},{"@type":"ImageObject","inLanguage":"tr","@id":"https:\/\/www.purejewels.com\/product\/22ct-gold-foxtail-chain-46078\/#primaryimage","url":"https:\/\/static.purejewels.com\/wp-content\/uploads\/2021\/09\/34341-1.jpg","contentUrl":"https:\/\/static.purejewels.com\/wp-content\/uploads\/2021\/09\/34341-1.jpg","width":1000,"height":1000,"caption":"22ct Gold Foxtail Chain 34341-1"},{"@type":"BreadcrumbList","@id":"https:\/\/www.purejewels.com\/product\/22ct-gold-foxtail-chain-46078\/#breadcrumb","itemListElement":[{"@type":"ListItem","position":1,"name":"Home","item":"https:\/\/www.purejewels.com\/"},{"@type":"ListItem","position":2,"name":"Shop","item":"https:\/\/www.purejewels.com\/shop\/"},{"@type":"ListItem","position":3,"name":"22ct Gold | Hollow Foxtail Chain | 18 Inches"}]},{"@type":"WebSite","@id":"https:\/\/www.purejewels.com\/#website","url":"https:\/\/www.purejewels.com\/","name":"PureJewels \u0130ngiltere","description":"Sevgiyi Payla\u015f\u0131n","publisher":{"@id":"https:\/\/www.purejewels.com\/#organization"},"potentialAction":[{"@type":"SearchAction","target":{"@type":"EntryPoint","urlTemplate":"https:\/\/www.purejewels.com\/?s={search_term_string}"},"query-input":{"@type":"PropertyValueSpecification","valueRequired":true,"valueName":"search_term_string"}}],"inLanguage":"tr"},{"@type":"Organization","@id":"https:\/\/www.purejewels.com\/#organization","name":"PureJewels \u0130ngiltere","url":"https:\/\/www.purejewels.com\/","logo":{"@type":"ImageObject","inLanguage":"tr","@id":"https:\/\/www.purejewels.com\/#\/schema\/logo\/image\/","url":"https:\/\/static.purejewels.com\/wp-content\/uploads\/2020\/11\/Logo-PJ-New-1.png","contentUrl":"https:\/\/static.purejewels.com\/wp-content\/uploads\/2020\/11\/Logo-PJ-New-1.png","width":150,"height":80,"caption":"PureJewels UK"},"image":{"@id":"https:\/\/www.purejewels.com\/#\/schema\/logo\/image\/"}}]}},"_links":{"self":[{"href":"https:\/\/www.purejewels.com\/tr\/wp-json\/wp\/v2\/product\/328169","targetHints":{"allow":["GET"]}}],"collection":[{"href":"https:\/\/www.purejewels.com\/tr\/wp-json\/wp\/v2\/product"}],"about":[{"href":"https:\/\/www.purejewels.com\/tr\/wp-json\/wp\/v2\/types\/product"}],"replies":[{"embeddable":true,"href":"https:\/\/www.purejewels.com\/tr\/wp-json\/wp\/v2\/comments?post=328169"}],"version-history":[{"count":2,"href":"https:\/\/www.purejewels.com\/tr\/wp-json\/wp\/v2\/product\/328169\/revisions"}],"predecessor-version":[{"id":417309,"href":"https:\/\/www.purejewels.com\/tr\/wp-json\/wp\/v2\/product\/328169\/revisions\/417309"}],"wp:featuredmedia":[{"embeddable":true,"href":"https:\/\/www.purejewels.com\/tr\/wp-json\/wp\/v2\/media\/326610"}],"wp:attachment":[{"href":"https:\/\/www.purejewels.com\/tr\/wp-json\/wp\/v2\/media?parent=328169"}],"wp:term":[{"taxonomy":"product_brand","embeddable":true,"href":"https:\/\/www.purejewels.com\/tr\/wp-json\/wp\/v2\/product_brand?post=328169"},{"taxonomy":"product_cat","embeddable":true,"href":"https:\/\/www.purejewels.com\/tr\/wp-json\/wp\/v2\/product_cat?post=328169"},{"taxonomy":"product_tag","embeddable":true,"href":"https:\/\/www.purejewels.com\/tr\/wp-json\/wp\/v2\/product_tag?post=328169"}],"curies":[{"name":"wp","href":"https:\/\/api.w.org\/{rel}","templated":true}]}}