{"id":328171,"date":"2021-11-08T09:49:53","date_gmt":"2021-11-08T09:49:53","guid":{"rendered":"https:\/\/www.purejewels.com\/?post_type=product&#038;p=328171"},"modified":"2026-05-11T10:00:01","modified_gmt":"2026-05-11T09:00:01","slug":"22-ayar-altin-klasik-tilki-kuyrugu-zincir-20-inc-52849","status":"publish","type":"product","link":"https:\/\/www.purejewels.com\/tr\/product\/22ct-gold-classic-foxtail-chain-20-inch-52849\/","title":{"rendered":"22 Ayar Alt\u0131n Klasik Tilki Kuyru\u011fu Zincir | 20 \u0130n\u00e7"},"content":{"rendered":"<p>Bu Tilki Kuyru\u011fu zinciri, en y\u00fcksek safl\u0131ktaki say\u0131s\u0131z iplik\u00e7ikten olu\u015fur. <a href=\"https:\/\/www.purejewels.com\/tr\/product\/22ct-gold-jali-filigree-ring-jali-collection-31926\/\">22ct<\/a> Alt\u0131n, hepsi en y\u00fcksek seviyede <a href=\"https:\/\/www.purejewels.com\/tr\/a-guide-to-die-stamping\/\">zanaatkarl\u0131k<\/a> ve hassasiyet. Bu zarif tasar\u0131ml\u0131 22 ayar alt\u0131n tilki kuyru\u011fu zincirle d\u00fcnyan\u0131n g\u00f6z\u00fcn\u00fc kama\u015ft\u0131r\u0131n. Tam 22 ayar alt\u0131ndan en \u00fcst d\u00fczeyde hassasiyet ve \u00f6zenle \u00fcretilen g\u00f6z al\u0131c\u0131 tasar\u0131m ve etkileyici parlakl\u0131k, tek ba\u015f\u0131na veya bir kolye ucuyla birlikte tak\u0131labilir. Se\u00e7im sizin! Kendinize veya sevdiklerinize hediye etmek i\u00e7in m\u00fckemmel olan bu 22 ayar tilki kuyru\u011fu alt\u0131n zincirin zamans\u0131zl\u0131\u011f\u0131 onu sahip olunmas\u0131 gereken bir par\u00e7a haline getiriyor.<\/p>","protected":false},"excerpt":{"rendered":"<p>Zengin 22 ayar alt\u0131ndan ustal\u0131kla \u00fcretilen bu tilki kuyru\u011fu zincir 13,0 gram a\u011f\u0131rl\u0131\u011f\u0131nda ve 20 in\u00e7 uzunlu\u011fundad\u0131r. Karma\u015f\u0131k \u00f6rg\u00fcs\u00fc cesur ama zarif bir g\u00f6r\u00fcn\u00fcm sunar; tek ba\u015f\u0131na veya bir kolye ucuyla birlikte takmak i\u00e7in idealdir.<\/p>\n<p><strong>SKU:<\/strong> 52849<br \/>\n<strong>Safl\u0131k:<\/strong>\u00a091.6% saf<br \/>\n<strong>Metal:<\/strong>\u00a022 Ayar Alt\u0131n<br \/>\n<strong>A\u011f\u0131rl\u0131k<\/strong>: 13.00 gram<br \/>\n<strong>Uzunluk:<\/strong>\u00a020 in\u00e7<br \/>\n<strong>Hallmark:<\/strong>\u00a0\u0130ngiltere Tahlil Ofisi Taraf\u0131ndan Damgalanm\u0131\u015f 22 Ayar Alt\u0131n<br \/>\n<strong>Su\u00e7lamalar:<\/strong>\u00a0Teslimat ve KDV Dahil<br \/>\n<strong>Daha fazla bilgi:<\/strong>\u00a0M\u00fcsaitlik durumu ve ek g\u00f6rseller i\u00e7in bizimle canl\u0131 sohbet edin<br \/>\n<a href=\"https:\/\/www.purejewels.com\/tr\/i%cc%87ade-poli%cc%87ti%cc%87kasi\/\"><strong>\u0130ade Politikas\u0131<\/strong><\/a><\/p>","protected":false},"featured_media":326594,"comment_status":"closed","ping_status":"closed","template":"","meta":{"_eb_attr":"","_crsspst_to_jayantr4sg-hostcom":true},"product_brand":[],"product_cat":[5015,5018,1791,1559,1571,5265,1475,1773,1572,1774,1573,1574,5349],"product_tag":[],"class_list":{"0":"post-328171","1":"product","2":"type-product","3":"status-publish","4":"has-post-thumbnail","6":"product_cat-20-inch-ladies-chain","7":"product_cat-20-inch-mens-chain","8":"product_cat-anniversary-gifts","9":"product_cat-birthday-gifts","10":"product_cat-fathers-day-gifts","11":"product_cat-foxtail-chain","12":"product_cat-gold-chains","13":"product_cat-ladies-chains","14":"product_cat-mens-jewellery","15":"product_cat-mens-chains","16":"product_cat-wedding-gifts","17":"product_cat-womens-jewellery","18":"product_cat-yellow-gold-jewellery","20":"first","21":"instock","22":"taxable","23":"shipping-taxable","24":"purchasable","25":"product-type-simple","26":"add-to-wishlist-before_image"},"yoast_head":"<!-- This site is optimized with the Yoast SEO plugin v27.5 - https:\/\/yoast.com\/product\/yoast-seo-wordpress\/ -->\n<title>22ct Gold Foxtail Chain for Men and Women<\/title>\n<meta name=\"description\" content=\"Experience timeless sophistication with our 22ct Gold Foxtail Chain, designed for both men and women. Perfect for any occasion.\" \/>\n<meta name=\"robots\" content=\"index, follow, max-snippet:-1, max-image-preview:large, max-video-preview:-1\" \/>\n<link rel=\"canonical\" href=\"https:\/\/www.purejewels.com\/tr\/urun\/22-ayar-altin-klasik-tilki-kuyrugu-zincir-20-inc-52849\/\" \/>\n<meta property=\"og:locale\" content=\"tr_TR\" \/>\n<meta property=\"og:type\" content=\"article\" \/>\n<meta property=\"og:title\" content=\"22ct Gold Foxtail Chain for Men and Women\" \/>\n<meta property=\"og:description\" content=\"Experience timeless sophistication with our 22ct Gold Foxtail Chain, designed for both men and women. Perfect for any occasion.\" \/>\n<meta property=\"og:url\" content=\"https:\/\/www.purejewels.com\/tr\/urun\/22-ayar-altin-klasik-tilki-kuyrugu-zincir-20-inc-52849\/\" \/>\n<meta property=\"og:site_name\" content=\"PureJewels UK\" \/>\n<meta property=\"article:modified_time\" content=\"2026-05-11T09:00:01+00:00\" \/>\n<meta property=\"og:image\" content=\"https:\/\/static.purejewels.com\/wp-content\/uploads\/2018\/05\/30256-2.jpg\" \/>\n\t<meta property=\"og:image:width\" content=\"1000\" \/>\n\t<meta property=\"og:image:height\" content=\"1000\" \/>\n\t<meta property=\"og:image:type\" content=\"image\/jpeg\" \/>\n<meta name=\"twitter:card\" content=\"summary_large_image\" \/>\n<meta name=\"twitter:label1\" content=\"Tahmini okuma s\u00fcresi\" \/>\n\t<meta name=\"twitter:data1\" content=\"1 dakika\" \/>\n<script type=\"application\/ld+json\" class=\"yoast-schema-graph\">{\"@context\":\"https:\\\/\\\/schema.org\",\"@graph\":[{\"@type\":[\"WebPage\",\"ItemPage\"],\"@id\":\"https:\\\/\\\/www.purejewels.com\\\/product\\\/22ct-gold-classic-foxtail-chain-20-inch-52849\\\/\",\"url\":\"https:\\\/\\\/www.purejewels.com\\\/product\\\/22ct-gold-classic-foxtail-chain-20-inch-52849\\\/\",\"name\":\"22ct Gold Foxtail Chain for Men and Women\",\"isPartOf\":{\"@id\":\"https:\\\/\\\/www.purejewels.com\\\/#website\"},\"primaryImageOfPage\":{\"@id\":\"https:\\\/\\\/www.purejewels.com\\\/product\\\/22ct-gold-classic-foxtail-chain-20-inch-52849\\\/#primaryimage\"},\"image\":{\"@id\":\"https:\\\/\\\/www.purejewels.com\\\/product\\\/22ct-gold-classic-foxtail-chain-20-inch-52849\\\/#primaryimage\"},\"thumbnailUrl\":\"https:\\\/\\\/static.purejewels.com\\\/wp-content\\\/uploads\\\/2018\\\/05\\\/30256-2.jpg\",\"datePublished\":\"2021-11-08T09:49:53+00:00\",\"dateModified\":\"2026-05-11T09:00:01+00:00\",\"description\":\"Experience timeless sophistication with our 22ct Gold Foxtail Chain, designed for both men and women. Perfect for any occasion.\",\"breadcrumb\":{\"@id\":\"https:\\\/\\\/www.purejewels.com\\\/product\\\/22ct-gold-classic-foxtail-chain-20-inch-52849\\\/#breadcrumb\"},\"inLanguage\":\"tr\",\"potentialAction\":[{\"@type\":\"ReadAction\",\"target\":[\"https:\\\/\\\/www.purejewels.com\\\/product\\\/22ct-gold-classic-foxtail-chain-20-inch-52849\\\/\"]}]},{\"@type\":\"ImageObject\",\"inLanguage\":\"tr\",\"@id\":\"https:\\\/\\\/www.purejewels.com\\\/product\\\/22ct-gold-classic-foxtail-chain-20-inch-52849\\\/#primaryimage\",\"url\":\"https:\\\/\\\/static.purejewels.com\\\/wp-content\\\/uploads\\\/2018\\\/05\\\/30256-2.jpg\",\"contentUrl\":\"https:\\\/\\\/static.purejewels.com\\\/wp-content\\\/uploads\\\/2018\\\/05\\\/30256-2.jpg\",\"width\":1000,\"height\":1000,\"caption\":\"22ct Gold Chain 30256-2\"},{\"@type\":\"BreadcrumbList\",\"@id\":\"https:\\\/\\\/www.purejewels.com\\\/product\\\/22ct-gold-classic-foxtail-chain-20-inch-52849\\\/#breadcrumb\",\"itemListElement\":[{\"@type\":\"ListItem\",\"position\":1,\"name\":\"Home\",\"item\":\"https:\\\/\\\/www.purejewels.com\\\/\"},{\"@type\":\"ListItem\",\"position\":2,\"name\":\"Shop\",\"item\":\"https:\\\/\\\/www.purejewels.com\\\/shop\\\/\"},{\"@type\":\"ListItem\",\"position\":3,\"name\":\"22ct Gold Classic Foxtail Chain | 20 Inch\"}]},{\"@type\":\"WebSite\",\"@id\":\"https:\\\/\\\/www.purejewels.com\\\/#website\",\"url\":\"https:\\\/\\\/www.purejewels.com\\\/\",\"name\":\"PureJewels UK\",\"description\":\"Share the Love\",\"publisher\":{\"@id\":\"https:\\\/\\\/www.purejewels.com\\\/#organization\"},\"potentialAction\":[{\"@type\":\"SearchAction\",\"target\":{\"@type\":\"EntryPoint\",\"urlTemplate\":\"https:\\\/\\\/www.purejewels.com\\\/?s={search_term_string}\"},\"query-input\":{\"@type\":\"PropertyValueSpecification\",\"valueRequired\":true,\"valueName\":\"search_term_string\"}}],\"inLanguage\":\"tr\"},{\"@type\":\"Organization\",\"@id\":\"https:\\\/\\\/www.purejewels.com\\\/#organization\",\"name\":\"PureJewels UK\",\"url\":\"https:\\\/\\\/www.purejewels.com\\\/\",\"logo\":{\"@type\":\"ImageObject\",\"inLanguage\":\"tr\",\"@id\":\"https:\\\/\\\/www.purejewels.com\\\/#\\\/schema\\\/logo\\\/image\\\/\",\"url\":\"https:\\\/\\\/static.purejewels.com\\\/wp-content\\\/uploads\\\/2020\\\/11\\\/Logo-PJ-New-1.png\",\"contentUrl\":\"https:\\\/\\\/static.purejewels.com\\\/wp-content\\\/uploads\\\/2020\\\/11\\\/Logo-PJ-New-1.png\",\"width\":150,\"height\":80,\"caption\":\"PureJewels UK\"},\"image\":{\"@id\":\"https:\\\/\\\/www.purejewels.com\\\/#\\\/schema\\\/logo\\\/image\\\/\"}}]}<\/script>\n<!-- \/ Yoast SEO plugin. -->","yoast_head_json":{"title":"Erkekler ve Kad\u0131nlar i\u00e7in 22 Ayar Alt\u0131n Tilki Kuyru\u011fu Zincir","description":"Hem erkekler hem de kad\u0131nlar i\u00e7in tasarlanan 22 Ayar Alt\u0131n Tilki Kuyru\u011fu Zincirimizle zamans\u0131z bir sofistike deneyim ya\u015fay\u0131n. Her durum i\u00e7in m\u00fckemmel.","robots":{"index":"index","follow":"follow","max-snippet":"max-snippet:-1","max-image-preview":"max-image-preview:large","max-video-preview":"max-video-preview:-1"},"canonical":"https:\/\/www.purejewels.com\/tr\/urun\/22-ayar-altin-klasik-tilki-kuyrugu-zincir-20-inc-52849\/","og_locale":"tr_TR","og_type":"article","og_title":"22ct Gold Foxtail Chain for Men and Women","og_description":"Experience timeless sophistication with our 22ct Gold Foxtail Chain, designed for both men and women. Perfect for any occasion.","og_url":"https:\/\/www.purejewels.com\/tr\/urun\/22-ayar-altin-klasik-tilki-kuyrugu-zincir-20-inc-52849\/","og_site_name":"PureJewels UK","article_modified_time":"2026-05-11T09:00:01+00:00","og_image":[{"width":1000,"height":1000,"url":"https:\/\/static.purejewels.com\/wp-content\/uploads\/2018\/05\/30256-2.jpg","type":"image\/jpeg"}],"twitter_card":"summary_large_image","twitter_misc":{"Tahmini okuma s\u00fcresi":"1 dakika"},"schema":{"@context":"https:\/\/schema.org","@graph":[{"@type":["WebPage","ItemPage"],"@id":"https:\/\/www.purejewels.com\/product\/22ct-gold-classic-foxtail-chain-20-inch-52849\/","url":"https:\/\/www.purejewels.com\/product\/22ct-gold-classic-foxtail-chain-20-inch-52849\/","name":"Erkekler ve Kad\u0131nlar i\u00e7in 22 Ayar Alt\u0131n Tilki Kuyru\u011fu Zincir","isPartOf":{"@id":"https:\/\/www.purejewels.com\/#website"},"primaryImageOfPage":{"@id":"https:\/\/www.purejewels.com\/product\/22ct-gold-classic-foxtail-chain-20-inch-52849\/#primaryimage"},"image":{"@id":"https:\/\/www.purejewels.com\/product\/22ct-gold-classic-foxtail-chain-20-inch-52849\/#primaryimage"},"thumbnailUrl":"https:\/\/static.purejewels.com\/wp-content\/uploads\/2018\/05\/30256-2.jpg","datePublished":"2021-11-08T09:49:53+00:00","dateModified":"2026-05-11T09:00:01+00:00","description":"Hem erkekler hem de kad\u0131nlar i\u00e7in tasarlanan 22 Ayar Alt\u0131n Tilki Kuyru\u011fu Zincirimizle zamans\u0131z bir sofistike deneyim ya\u015fay\u0131n. Her durum i\u00e7in m\u00fckemmel.","breadcrumb":{"@id":"https:\/\/www.purejewels.com\/product\/22ct-gold-classic-foxtail-chain-20-inch-52849\/#breadcrumb"},"inLanguage":"tr","potentialAction":[{"@type":"ReadAction","target":["https:\/\/www.purejewels.com\/product\/22ct-gold-classic-foxtail-chain-20-inch-52849\/"]}]},{"@type":"ImageObject","inLanguage":"tr","@id":"https:\/\/www.purejewels.com\/product\/22ct-gold-classic-foxtail-chain-20-inch-52849\/#primaryimage","url":"https:\/\/static.purejewels.com\/wp-content\/uploads\/2018\/05\/30256-2.jpg","contentUrl":"https:\/\/static.purejewels.com\/wp-content\/uploads\/2018\/05\/30256-2.jpg","width":1000,"height":1000,"caption":"22ct Gold Chain 30256-2"},{"@type":"BreadcrumbList","@id":"https:\/\/www.purejewels.com\/product\/22ct-gold-classic-foxtail-chain-20-inch-52849\/#breadcrumb","itemListElement":[{"@type":"ListItem","position":1,"name":"Home","item":"https:\/\/www.purejewels.com\/"},{"@type":"ListItem","position":2,"name":"Shop","item":"https:\/\/www.purejewels.com\/shop\/"},{"@type":"ListItem","position":3,"name":"22ct Gold Classic Foxtail Chain | 20 Inch"}]},{"@type":"WebSite","@id":"https:\/\/www.purejewels.com\/#website","url":"https:\/\/www.purejewels.com\/","name":"PureJewels \u0130ngiltere","description":"Sevgiyi Payla\u015f\u0131n","publisher":{"@id":"https:\/\/www.purejewels.com\/#organization"},"potentialAction":[{"@type":"SearchAction","target":{"@type":"EntryPoint","urlTemplate":"https:\/\/www.purejewels.com\/?s={search_term_string}"},"query-input":{"@type":"PropertyValueSpecification","valueRequired":true,"valueName":"search_term_string"}}],"inLanguage":"tr"},{"@type":"Organization","@id":"https:\/\/www.purejewels.com\/#organization","name":"PureJewels \u0130ngiltere","url":"https:\/\/www.purejewels.com\/","logo":{"@type":"ImageObject","inLanguage":"tr","@id":"https:\/\/www.purejewels.com\/#\/schema\/logo\/image\/","url":"https:\/\/static.purejewels.com\/wp-content\/uploads\/2020\/11\/Logo-PJ-New-1.png","contentUrl":"https:\/\/static.purejewels.com\/wp-content\/uploads\/2020\/11\/Logo-PJ-New-1.png","width":150,"height":80,"caption":"PureJewels UK"},"image":{"@id":"https:\/\/www.purejewels.com\/#\/schema\/logo\/image\/"}}]}},"_links":{"self":[{"href":"https:\/\/www.purejewels.com\/tr\/wp-json\/wp\/v2\/product\/328171","targetHints":{"allow":["GET"]}}],"collection":[{"href":"https:\/\/www.purejewels.com\/tr\/wp-json\/wp\/v2\/product"}],"about":[{"href":"https:\/\/www.purejewels.com\/tr\/wp-json\/wp\/v2\/types\/product"}],"replies":[{"embeddable":true,"href":"https:\/\/www.purejewels.com\/tr\/wp-json\/wp\/v2\/comments?post=328171"}],"version-history":[{"count":3,"href":"https:\/\/www.purejewels.com\/tr\/wp-json\/wp\/v2\/product\/328171\/revisions"}],"predecessor-version":[{"id":428847,"href":"https:\/\/www.purejewels.com\/tr\/wp-json\/wp\/v2\/product\/328171\/revisions\/428847"}],"wp:featuredmedia":[{"embeddable":true,"href":"https:\/\/www.purejewels.com\/tr\/wp-json\/wp\/v2\/media\/326594"}],"wp:attachment":[{"href":"https:\/\/www.purejewels.com\/tr\/wp-json\/wp\/v2\/media?parent=328171"}],"wp:term":[{"taxonomy":"product_brand","embeddable":true,"href":"https:\/\/www.purejewels.com\/tr\/wp-json\/wp\/v2\/product_brand?post=328171"},{"taxonomy":"product_cat","embeddable":true,"href":"https:\/\/www.purejewels.com\/tr\/wp-json\/wp\/v2\/product_cat?post=328171"},{"taxonomy":"product_tag","embeddable":true,"href":"https:\/\/www.purejewels.com\/tr\/wp-json\/wp\/v2\/product_tag?post=328171"}],"curies":[{"name":"wp","href":"https:\/\/api.w.org\/{rel}","templated":true}]}}