{"id":328200,"date":"2021-11-09T05:32:11","date_gmt":"2021-11-09T05:32:11","guid":{"rendered":"https:\/\/www.purejewels.com\/?post_type=product&#038;p=328200"},"modified":"2026-04-29T05:41:57","modified_gmt":"2026-04-29T04:41:57","slug":"kare-sekilli-altin-halka-kupe-52214","status":"publish","type":"product","link":"https:\/\/www.purejewels.com\/tr\/product\/square-shaped-gold-hoop-earrings-52214\/","title":{"rendered":"Kare \u015eekilli Alt\u0131n Halka K\u00fcpe"},"content":{"rendered":"<p><span data-sheets-root=\"1\">Bu \u00e7arp\u0131c\u0131 alt\u0131n kare halka k\u00fcpeler, m\u00fccevher koleksiyonunuzda mutlaka bulunmas\u0131 gereken bir eklentidir. Bu k\u00fcpelerin \u015f\u0131k ve modern tasar\u0131m\u0131, onlar\u0131 her durum i\u00e7in yukar\u0131 veya a\u015fa\u011f\u0131 giydirilebilen \u00e7ok y\u00f6nl\u00fc bir aksesuar haline getirir. Y\u00fcksek kaliteli 22 ayar alt\u0131ndan \u00fcretilen bu k\u00fcpeler sadece \u015f\u0131k olmakla kalmaz, ayn\u0131 zamanda dayan\u0131kl\u0131 ve uzun \u00f6m\u00fcrl\u00fcd\u00fcr.<\/span><\/p>\n<p>Bu halka k\u00fcpelerin kare \u015fekli, klasik halka k\u00fcpe stiline benzersiz bir dokunu\u015f katarak onlar\u0131 kesinlikle dikkatleri \u00fczerine \u00e7ekecek \u00e7arp\u0131c\u0131 bir par\u00e7a haline getiriyor. \u0130ster ofise gidiyor olun ister \u015fehirde bir gece ge\u00e7irmek i\u00e7in d\u0131\u015far\u0131da olun, bu k\u00fcpeler g\u00f6r\u00fcn\u00fcm\u00fcn\u00fcz\u00fc y\u00fckseltecek ve sofistike bir dokunu\u015f katacakt\u0131r.<\/p>\n<p>Alt\u0131n\u0131n kalitesini garanti eden \u0130ngiliz damgas\u0131yla, zaman\u0131n testine dayanacak bir m\u00fccevher par\u00e7as\u0131na yat\u0131r\u0131m yapt\u0131\u011f\u0131n\u0131za g\u00fcvenebilirsiniz.<\/p>","protected":false},"excerpt":{"rendered":"<p>Bu kare \u015feklindeki alt\u0131n halka k\u00fcpelerle g\u00fcnl\u00fck \u015f\u0131kl\u0131\u011f\u0131n\u0131z\u0131 art\u0131r\u0131n. Parlak 22 ayar alt\u0131ndan \u00fcretilen modern geometrik formu, zamans\u0131z bir klasi\u011fe \u00e7a\u011fda\u015f bir hava kat\u0131yor; hem g\u00fcnd\u00fcz hem de ak\u015fam \u015f\u0131kl\u0131\u011f\u0131 i\u00e7in m\u00fckemmel bir se\u00e7im.<\/p>\n<p><strong>Malzeme:<\/strong>\u00a022 Ayar Alt\u0131n<strong><br \/>\nHallmark:\u00a0<\/strong>\u0130ngiliz Damgas\u0131<strong><br \/>\n<\/strong><strong>Br\u00fct A\u011f\u0131rl\u0131k: <\/strong>4,30 Gms<br \/>\n<strong>\u0130\u00e7 \u00e7ap:<\/strong> 20mm<br \/>\n<strong>SKU:<\/strong> 52211, 52212, 52214, 53981, 53982, 53983, 53985<\/p>\n<p><strong>Fiyat ve Teslimat<\/strong>:KDV ve teslimat \u00fccreti dahil<br \/>\n<a href=\"https:\/\/www.purejewels.com\/tr\/i%cc%87ade-poli%cc%87ti%cc%87kasi\/\">\u0130ade Politikas\u0131<\/a><\/p>","protected":false},"featured_media":402232,"comment_status":"closed","ping_status":"closed","template":"","meta":{"_eb_attr":"","_crsspst_to_jayantr4sg-hostcom":true},"product_brand":[],"product_cat":[1559,1793,1254,1229,1579,5347,5608,1574,5349],"product_tag":[66],"class_list":{"0":"post-328200","1":"product","2":"type-product","3":"status-publish","4":"has-post-thumbnail","6":"product_cat-birthday-gifts","7":"product_cat-diwali-gifts","8":"product_cat-gold-earrings","9":"product_cat-22ct-gold-jewellery","10":"product_cat-hoop-earrings","11":"product_cat-shop-by-metal","12":"product_cat-simple-hoops","13":"product_cat-womens-jewellery","14":"product_cat-yellow-gold-jewellery","15":"product_tag-earrings","17":"first","18":"instock","19":"taxable","20":"shipping-taxable","21":"purchasable","22":"product-type-simple","23":"add-to-wishlist-before_image"},"yoast_head":"<!-- This site is optimized with the Yoast SEO plugin v27.5 - https:\/\/yoast.com\/product\/yoast-seo-wordpress\/ -->\n<title>Square Gold Hoop Earrings | Contemporary Hoops | PureJewels<\/title>\n<meta name=\"description\" content=\"Discover modern elegance with our 22ct square-shaped gold hoop earrings. Bold, refined, and handcrafted in London\u2014perfect for everyday luxury.\" \/>\n<meta name=\"robots\" content=\"index, follow, max-snippet:-1, max-image-preview:large, max-video-preview:-1\" \/>\n<link rel=\"canonical\" href=\"https:\/\/www.purejewels.com\/tr\/urun\/kare-sekilli-altin-halka-kupe-52214\/\" \/>\n<meta property=\"og:locale\" content=\"tr_TR\" \/>\n<meta property=\"og:type\" content=\"article\" \/>\n<meta property=\"og:title\" content=\"Square Gold Hoop Earrings | Contemporary Hoops | PureJewels\" \/>\n<meta property=\"og:description\" content=\"Discover modern elegance with our 22ct square-shaped gold hoop earrings. Bold, refined, and handcrafted in London\u2014perfect for everyday luxury.\" \/>\n<meta property=\"og:url\" content=\"https:\/\/www.purejewels.com\/tr\/urun\/kare-sekilli-altin-halka-kupe-52214\/\" \/>\n<meta property=\"og:site_name\" content=\"PureJewels UK\" \/>\n<meta property=\"article:modified_time\" content=\"2026-04-29T04:41:57+00:00\" \/>\n<meta property=\"og:image\" content=\"https:\/\/static.purejewels.com\/wp-content\/uploads\/2021\/11\/SKU-52212.png\" \/>\n\t<meta property=\"og:image:width\" content=\"1000\" \/>\n\t<meta property=\"og:image:height\" content=\"1000\" \/>\n\t<meta property=\"og:image:type\" content=\"image\/png\" \/>\n<meta name=\"twitter:card\" content=\"summary_large_image\" \/>\n<meta name=\"twitter:label1\" content=\"Tahmini okuma s\u00fcresi\" \/>\n\t<meta name=\"twitter:data1\" content=\"1 dakika\" \/>\n<script type=\"application\/ld+json\" class=\"yoast-schema-graph\">{\"@context\":\"https:\\\/\\\/schema.org\",\"@graph\":[{\"@type\":[\"WebPage\",\"ItemPage\"],\"@id\":\"https:\\\/\\\/www.purejewels.com\\\/product\\\/square-shaped-gold-hoop-earrings-52214\\\/\",\"url\":\"https:\\\/\\\/www.purejewels.com\\\/product\\\/square-shaped-gold-hoop-earrings-52214\\\/\",\"name\":\"Square Gold Hoop Earrings | Contemporary Hoops | PureJewels\",\"isPartOf\":{\"@id\":\"https:\\\/\\\/www.purejewels.com\\\/#website\"},\"primaryImageOfPage\":{\"@id\":\"https:\\\/\\\/www.purejewels.com\\\/product\\\/square-shaped-gold-hoop-earrings-52214\\\/#primaryimage\"},\"image\":{\"@id\":\"https:\\\/\\\/www.purejewels.com\\\/product\\\/square-shaped-gold-hoop-earrings-52214\\\/#primaryimage\"},\"thumbnailUrl\":\"https:\\\/\\\/static.purejewels.com\\\/wp-content\\\/uploads\\\/2021\\\/11\\\/SKU-52212.png\",\"datePublished\":\"2021-11-09T05:32:11+00:00\",\"dateModified\":\"2026-04-29T04:41:57+00:00\",\"description\":\"Discover modern elegance with our 22ct square-shaped gold hoop earrings. Bold, refined, and handcrafted in London\u2014perfect for everyday luxury.\",\"breadcrumb\":{\"@id\":\"https:\\\/\\\/www.purejewels.com\\\/product\\\/square-shaped-gold-hoop-earrings-52214\\\/#breadcrumb\"},\"inLanguage\":\"tr\",\"potentialAction\":[{\"@type\":\"ReadAction\",\"target\":[\"https:\\\/\\\/www.purejewels.com\\\/product\\\/square-shaped-gold-hoop-earrings-52214\\\/\"]}]},{\"@type\":\"ImageObject\",\"inLanguage\":\"tr\",\"@id\":\"https:\\\/\\\/www.purejewels.com\\\/product\\\/square-shaped-gold-hoop-earrings-52214\\\/#primaryimage\",\"url\":\"https:\\\/\\\/static.purejewels.com\\\/wp-content\\\/uploads\\\/2021\\\/11\\\/SKU-52212.png\",\"contentUrl\":\"https:\\\/\\\/static.purejewels.com\\\/wp-content\\\/uploads\\\/2021\\\/11\\\/SKU-52212.png\",\"width\":1000,\"height\":1000,\"caption\":\"Square Shaped Gold Hoop Earrings\"},{\"@type\":\"BreadcrumbList\",\"@id\":\"https:\\\/\\\/www.purejewels.com\\\/product\\\/square-shaped-gold-hoop-earrings-52214\\\/#breadcrumb\",\"itemListElement\":[{\"@type\":\"ListItem\",\"position\":1,\"name\":\"Home\",\"item\":\"https:\\\/\\\/www.purejewels.com\\\/\"},{\"@type\":\"ListItem\",\"position\":2,\"name\":\"Shop\",\"item\":\"https:\\\/\\\/www.purejewels.com\\\/shop\\\/\"},{\"@type\":\"ListItem\",\"position\":3,\"name\":\"Square Shaped Gold Hoop Earrings\"}]},{\"@type\":\"WebSite\",\"@id\":\"https:\\\/\\\/www.purejewels.com\\\/#website\",\"url\":\"https:\\\/\\\/www.purejewels.com\\\/\",\"name\":\"PureJewels UK\",\"description\":\"Share the Love\",\"publisher\":{\"@id\":\"https:\\\/\\\/www.purejewels.com\\\/#organization\"},\"potentialAction\":[{\"@type\":\"SearchAction\",\"target\":{\"@type\":\"EntryPoint\",\"urlTemplate\":\"https:\\\/\\\/www.purejewels.com\\\/?s={search_term_string}\"},\"query-input\":{\"@type\":\"PropertyValueSpecification\",\"valueRequired\":true,\"valueName\":\"search_term_string\"}}],\"inLanguage\":\"tr\"},{\"@type\":\"Organization\",\"@id\":\"https:\\\/\\\/www.purejewels.com\\\/#organization\",\"name\":\"PureJewels UK\",\"url\":\"https:\\\/\\\/www.purejewels.com\\\/\",\"logo\":{\"@type\":\"ImageObject\",\"inLanguage\":\"tr\",\"@id\":\"https:\\\/\\\/www.purejewels.com\\\/#\\\/schema\\\/logo\\\/image\\\/\",\"url\":\"https:\\\/\\\/static.purejewels.com\\\/wp-content\\\/uploads\\\/2020\\\/11\\\/Logo-PJ-New-1.png\",\"contentUrl\":\"https:\\\/\\\/static.purejewels.com\\\/wp-content\\\/uploads\\\/2020\\\/11\\\/Logo-PJ-New-1.png\",\"width\":150,\"height\":80,\"caption\":\"PureJewels UK\"},\"image\":{\"@id\":\"https:\\\/\\\/www.purejewels.com\\\/#\\\/schema\\\/logo\\\/image\\\/\"}}]}<\/script>\n<!-- \/ Yoast SEO plugin. -->","yoast_head_json":{"title":"Kare Alt\u0131n Halka K\u00fcpe | \u00c7a\u011fda\u015f Halka K\u00fcpeler | PureJewels","description":"22ct kare \u015feklindeki alt\u0131n halka k\u00fcpelerimizle modern zarafeti ke\u015ffedin. Cesur, zarif ve Londra'da el yap\u0131m\u0131 - g\u00fcnl\u00fck l\u00fcks i\u00e7in m\u00fckemmel.","robots":{"index":"index","follow":"follow","max-snippet":"max-snippet:-1","max-image-preview":"max-image-preview:large","max-video-preview":"max-video-preview:-1"},"canonical":"https:\/\/www.purejewels.com\/tr\/urun\/kare-sekilli-altin-halka-kupe-52214\/","og_locale":"tr_TR","og_type":"article","og_title":"Square Gold Hoop Earrings | Contemporary Hoops | PureJewels","og_description":"Discover modern elegance with our 22ct square-shaped gold hoop earrings. Bold, refined, and handcrafted in London\u2014perfect for everyday luxury.","og_url":"https:\/\/www.purejewels.com\/tr\/urun\/kare-sekilli-altin-halka-kupe-52214\/","og_site_name":"PureJewels UK","article_modified_time":"2026-04-29T04:41:57+00:00","og_image":[{"width":1000,"height":1000,"url":"https:\/\/static.purejewels.com\/wp-content\/uploads\/2021\/11\/SKU-52212.png","type":"image\/png"}],"twitter_card":"summary_large_image","twitter_misc":{"Tahmini okuma s\u00fcresi":"1 dakika"},"schema":{"@context":"https:\/\/schema.org","@graph":[{"@type":["WebPage","ItemPage"],"@id":"https:\/\/www.purejewels.com\/product\/square-shaped-gold-hoop-earrings-52214\/","url":"https:\/\/www.purejewels.com\/product\/square-shaped-gold-hoop-earrings-52214\/","name":"Kare Alt\u0131n Halka K\u00fcpe | \u00c7a\u011fda\u015f Halka K\u00fcpeler | PureJewels","isPartOf":{"@id":"https:\/\/www.purejewels.com\/#website"},"primaryImageOfPage":{"@id":"https:\/\/www.purejewels.com\/product\/square-shaped-gold-hoop-earrings-52214\/#primaryimage"},"image":{"@id":"https:\/\/www.purejewels.com\/product\/square-shaped-gold-hoop-earrings-52214\/#primaryimage"},"thumbnailUrl":"https:\/\/static.purejewels.com\/wp-content\/uploads\/2021\/11\/SKU-52212.png","datePublished":"2021-11-09T05:32:11+00:00","dateModified":"2026-04-29T04:41:57+00:00","description":"22ct kare \u015feklindeki alt\u0131n halka k\u00fcpelerimizle modern zarafeti ke\u015ffedin. Cesur, zarif ve Londra'da el yap\u0131m\u0131 - g\u00fcnl\u00fck l\u00fcks i\u00e7in m\u00fckemmel.","breadcrumb":{"@id":"https:\/\/www.purejewels.com\/product\/square-shaped-gold-hoop-earrings-52214\/#breadcrumb"},"inLanguage":"tr","potentialAction":[{"@type":"ReadAction","target":["https:\/\/www.purejewels.com\/product\/square-shaped-gold-hoop-earrings-52214\/"]}]},{"@type":"ImageObject","inLanguage":"tr","@id":"https:\/\/www.purejewels.com\/product\/square-shaped-gold-hoop-earrings-52214\/#primaryimage","url":"https:\/\/static.purejewels.com\/wp-content\/uploads\/2021\/11\/SKU-52212.png","contentUrl":"https:\/\/static.purejewels.com\/wp-content\/uploads\/2021\/11\/SKU-52212.png","width":1000,"height":1000,"caption":"Square Shaped Gold Hoop Earrings"},{"@type":"BreadcrumbList","@id":"https:\/\/www.purejewels.com\/product\/square-shaped-gold-hoop-earrings-52214\/#breadcrumb","itemListElement":[{"@type":"ListItem","position":1,"name":"Home","item":"https:\/\/www.purejewels.com\/"},{"@type":"ListItem","position":2,"name":"Shop","item":"https:\/\/www.purejewels.com\/shop\/"},{"@type":"ListItem","position":3,"name":"Square Shaped Gold Hoop Earrings"}]},{"@type":"WebSite","@id":"https:\/\/www.purejewels.com\/#website","url":"https:\/\/www.purejewels.com\/","name":"PureJewels \u0130ngiltere","description":"Sevgiyi Payla\u015f\u0131n","publisher":{"@id":"https:\/\/www.purejewels.com\/#organization"},"potentialAction":[{"@type":"SearchAction","target":{"@type":"EntryPoint","urlTemplate":"https:\/\/www.purejewels.com\/?s={search_term_string}"},"query-input":{"@type":"PropertyValueSpecification","valueRequired":true,"valueName":"search_term_string"}}],"inLanguage":"tr"},{"@type":"Organization","@id":"https:\/\/www.purejewels.com\/#organization","name":"PureJewels \u0130ngiltere","url":"https:\/\/www.purejewels.com\/","logo":{"@type":"ImageObject","inLanguage":"tr","@id":"https:\/\/www.purejewels.com\/#\/schema\/logo\/image\/","url":"https:\/\/static.purejewels.com\/wp-content\/uploads\/2020\/11\/Logo-PJ-New-1.png","contentUrl":"https:\/\/static.purejewels.com\/wp-content\/uploads\/2020\/11\/Logo-PJ-New-1.png","width":150,"height":80,"caption":"PureJewels UK"},"image":{"@id":"https:\/\/www.purejewels.com\/#\/schema\/logo\/image\/"}}]}},"_links":{"self":[{"href":"https:\/\/www.purejewels.com\/tr\/wp-json\/wp\/v2\/product\/328200","targetHints":{"allow":["GET"]}}],"collection":[{"href":"https:\/\/www.purejewels.com\/tr\/wp-json\/wp\/v2\/product"}],"about":[{"href":"https:\/\/www.purejewels.com\/tr\/wp-json\/wp\/v2\/types\/product"}],"replies":[{"embeddable":true,"href":"https:\/\/www.purejewels.com\/tr\/wp-json\/wp\/v2\/comments?post=328200"}],"version-history":[{"count":6,"href":"https:\/\/www.purejewels.com\/tr\/wp-json\/wp\/v2\/product\/328200\/revisions"}],"predecessor-version":[{"id":423121,"href":"https:\/\/www.purejewels.com\/tr\/wp-json\/wp\/v2\/product\/328200\/revisions\/423121"}],"wp:featuredmedia":[{"embeddable":true,"href":"https:\/\/www.purejewels.com\/tr\/wp-json\/wp\/v2\/media\/402232"}],"wp:attachment":[{"href":"https:\/\/www.purejewels.com\/tr\/wp-json\/wp\/v2\/media?parent=328200"}],"wp:term":[{"taxonomy":"product_brand","embeddable":true,"href":"https:\/\/www.purejewels.com\/tr\/wp-json\/wp\/v2\/product_brand?post=328200"},{"taxonomy":"product_cat","embeddable":true,"href":"https:\/\/www.purejewels.com\/tr\/wp-json\/wp\/v2\/product_cat?post=328200"},{"taxonomy":"product_tag","embeddable":true,"href":"https:\/\/www.purejewels.com\/tr\/wp-json\/wp\/v2\/product_tag?post=328200"}],"curies":[{"name":"wp","href":"https:\/\/api.w.org\/{rel}","templated":true}]}}