{"id":328204,"date":"2021-11-09T05:40:33","date_gmt":"2021-11-09T05:40:33","guid":{"rendered":"https:\/\/www.purejewels.com\/?post_type=product&#038;p=328204"},"modified":"2026-04-29T05:43:56","modified_gmt":"2026-04-29T04:43:56","slug":"altin-bali-kupe-52235","status":"publish","type":"product","link":"https:\/\/www.purejewels.com\/tr\/product\/gold-bali-earrings-52235\/","title":{"rendered":"Alt\u0131n Bali K\u00fcpe"},"content":{"rendered":"<p data-start=\"567\" data-end=\"923\">PureJewels'in bu 22 ayar alt\u0131n Bali halka k\u00fcpeleriyle zamans\u0131z bir zarafete ad\u0131m at\u0131n. Londra'daki at\u00f6lyemizde titizlikle \u00fcretilen bu halkalar, miras\u0131n ve modern duyarl\u0131l\u0131\u011f\u0131n bir kutlamas\u0131d\u0131r. Dairesel siluetleri ve y\u00fcksek cilal\u0131 y\u00fczeyleri sade bir sofistikeli\u011fi \u00e7a\u011fr\u0131\u015ft\u0131r\u0131r, bu da onlar\u0131 g\u00fcnl\u00fck kullan\u0131m veya anlaml\u0131 hediyeler i\u00e7in ideal k\u0131lar.<\/p>\n<p data-start=\"925\" data-end=\"1173\">Zanaat ustal\u0131\u011f\u0131 miras\u0131m\u0131zdan yola \u00e7\u0131karak, her bir Bali \u00e7ember \u00e7ifti nesiller boyunca aktar\u0131lan hikayeleri onurland\u0131rmak i\u00e7in \u00fcretilmi\u015ftir. \u0130ster k\u00fclt\u00fcrel \u00f6nemi ister \u00e7a\u011fda\u015f tarz\u0131 nedeniyle se\u00e7ilmi\u015f olsunlar, her yolculu\u011fu tamamlayan kal\u0131c\u0131 bir \u00e7ekicilik sunarlar.<\/p>\n<p data-start=\"1175\" data-end=\"1314\">- Metal: 22 Ayar Alt\u0131n<br data-start=\"1193\" data-end=\"1196\" \/>- Stil: Klasik Bali \u00c7emberler<br data-start=\"1223\" data-end=\"1226\" \/>- Londra Tahlil Ofisi taraf\u0131ndan damgalanm\u0131\u015ft\u0131r<br data-start=\"1265\" data-end=\"1268\" \/>- Konfor ve uzun \u00f6m\u00fcrl\u00fcl\u00fck d\u00fc\u015f\u00fcn\u00fclerek \u00fcretilmi\u015ftir<\/p>","protected":false},"excerpt":{"rendered":"<p>Bu zarif 22 ayar alt\u0131n Bali halka k\u00fcpeler, geleneksel i\u015f\u00e7ili\u011fi g\u00fcnl\u00fck \u00e7ok y\u00f6nl\u00fcl\u00fckle harmanlayan zamans\u0131z bir vazge\u00e7ilmezdir. T\u00fcm m\u00fccevher koleksiyonlar\u0131na de\u011ferli bir katk\u0131.<\/p>\n<p><strong>Malzeme:<\/strong>\u00a022 Ayar Alt\u0131n<strong><br \/>\nHallmark:\u00a0<\/strong>\u0130ngiliz Damgas\u0131<strong><br \/>\n<\/strong><strong>Br\u00fct A\u011f\u0131rl\u0131k:\u00a0<\/strong>3,78 gram<br \/>\n<strong>\u0130\u00e7 \u00e7ap<\/strong>: 28 mm<br \/>\n<strong>SKU<\/strong>: 51881, 52232, 52235, 53858, 53859, 53860, 53867, 53868, 54707, 54071<\/p>\n<p><strong>Fiyat ve Teslimat<\/strong>: KDV ve teslimat \u00fccretleri dahil<\/p>\n<p><a href=\"https:\/\/www.purejewels.com\/tr\/i%cc%87ade-poli%cc%87ti%cc%87kasi\/\">\u0130ade Politikas\u0131<\/a><\/p>","protected":false},"featured_media":402259,"comment_status":"closed","ping_status":"closed","template":"","meta":{"_eb_attr":"","_crsspst_to_jayantr4sg-hostcom":true},"product_brand":[],"product_cat":[1559,1794,1793,1254,1229,1579,5344,5347,5338,5608,1574,5349],"product_tag":[1546,66],"class_list":{"0":"post-328204","1":"product","2":"type-product","3":"status-publish","4":"has-post-thumbnail","6":"product_cat-birthday-gifts","7":"product_cat-christmas-gifts","8":"product_cat-diwali-gifts","9":"product_cat-gold-earrings","10":"product_cat-22ct-gold-jewellery","11":"product_cat-hoop-earrings","12":"product_cat-jewellery-under-750","13":"product_cat-shop-by-metal","14":"product_cat-shop-by-price","15":"product_cat-simple-hoops","16":"product_cat-womens-jewellery","17":"product_cat-yellow-gold-jewellery","18":"product_tag-children","19":"product_tag-earrings","21":"first","22":"instock","23":"taxable","24":"shipping-taxable","25":"purchasable","26":"product-type-simple","27":"add-to-wishlist-before_image"},"yoast_head":"<!-- This site is optimized with the Yoast SEO plugin v27.5 - https:\/\/yoast.com\/product\/yoast-seo-wordpress\/ -->\n<title>Shop 22kt yellow Gold Hoop Earring | PureJewels UK<\/title>\n<meta name=\"description\" content=\"Shop 22kt yellow Gold Hoop Earring, Great Daily Wear, ever-green design from PureJewels UK. Free delivery across UK.\" \/>\n<meta name=\"robots\" content=\"index, follow, max-snippet:-1, max-image-preview:large, max-video-preview:-1\" \/>\n<link rel=\"canonical\" href=\"https:\/\/www.purejewels.com\/tr\/urun\/altin-bali-kupe-52235\/\" \/>\n<meta property=\"og:locale\" content=\"tr_TR\" \/>\n<meta property=\"og:type\" content=\"article\" \/>\n<meta property=\"og:title\" content=\"Shop 22kt yellow Gold Hoop Earring | PureJewels UK\" \/>\n<meta property=\"og:description\" content=\"Shop 22kt yellow Gold Hoop Earring, Great Daily Wear, ever-green design from PureJewels UK. Free delivery across UK.\" \/>\n<meta property=\"og:url\" content=\"https:\/\/www.purejewels.com\/tr\/urun\/altin-bali-kupe-52235\/\" \/>\n<meta property=\"og:site_name\" content=\"PureJewels UK\" \/>\n<meta property=\"article:modified_time\" content=\"2026-04-29T04:43:56+00:00\" \/>\n<meta property=\"og:image\" content=\"https:\/\/static.purejewels.com\/wp-content\/uploads\/2021\/11\/SKU-52233.png\" \/>\n\t<meta property=\"og:image:width\" content=\"1000\" \/>\n\t<meta property=\"og:image:height\" content=\"1000\" \/>\n\t<meta property=\"og:image:type\" content=\"image\/png\" \/>\n<meta name=\"twitter:card\" content=\"summary_large_image\" \/>\n<meta name=\"twitter:label1\" content=\"Tahmini okuma s\u00fcresi\" \/>\n\t<meta name=\"twitter:data1\" content=\"1 dakika\" \/>\n<script type=\"application\/ld+json\" class=\"yoast-schema-graph\">{\"@context\":\"https:\\\/\\\/schema.org\",\"@graph\":[{\"@type\":[\"WebPage\",\"ItemPage\"],\"@id\":\"https:\\\/\\\/www.purejewels.com\\\/product\\\/gold-bali-earrings-52235\\\/\",\"url\":\"https:\\\/\\\/www.purejewels.com\\\/product\\\/gold-bali-earrings-52235\\\/\",\"name\":\"Shop 22kt yellow Gold Hoop Earring | PureJewels UK\",\"isPartOf\":{\"@id\":\"https:\\\/\\\/www.purejewels.com\\\/#website\"},\"primaryImageOfPage\":{\"@id\":\"https:\\\/\\\/www.purejewels.com\\\/product\\\/gold-bali-earrings-52235\\\/#primaryimage\"},\"image\":{\"@id\":\"https:\\\/\\\/www.purejewels.com\\\/product\\\/gold-bali-earrings-52235\\\/#primaryimage\"},\"thumbnailUrl\":\"https:\\\/\\\/static.purejewels.com\\\/wp-content\\\/uploads\\\/2021\\\/11\\\/SKU-52233.png\",\"datePublished\":\"2021-11-09T05:40:33+00:00\",\"dateModified\":\"2026-04-29T04:43:56+00:00\",\"description\":\"Shop 22kt yellow Gold Hoop Earring, Great Daily Wear, ever-green design from PureJewels UK. Free delivery across UK.\",\"breadcrumb\":{\"@id\":\"https:\\\/\\\/www.purejewels.com\\\/product\\\/gold-bali-earrings-52235\\\/#breadcrumb\"},\"inLanguage\":\"tr\",\"potentialAction\":[{\"@type\":\"ReadAction\",\"target\":[\"https:\\\/\\\/www.purejewels.com\\\/product\\\/gold-bali-earrings-52235\\\/\"]}]},{\"@type\":\"ImageObject\",\"inLanguage\":\"tr\",\"@id\":\"https:\\\/\\\/www.purejewels.com\\\/product\\\/gold-bali-earrings-52235\\\/#primaryimage\",\"url\":\"https:\\\/\\\/static.purejewels.com\\\/wp-content\\\/uploads\\\/2021\\\/11\\\/SKU-52233.png\",\"contentUrl\":\"https:\\\/\\\/static.purejewels.com\\\/wp-content\\\/uploads\\\/2021\\\/11\\\/SKU-52233.png\",\"width\":1000,\"height\":1000,\"caption\":\"Gold Bali Earrings\"},{\"@type\":\"BreadcrumbList\",\"@id\":\"https:\\\/\\\/www.purejewels.com\\\/product\\\/gold-bali-earrings-52235\\\/#breadcrumb\",\"itemListElement\":[{\"@type\":\"ListItem\",\"position\":1,\"name\":\"Home\",\"item\":\"https:\\\/\\\/www.purejewels.com\\\/\"},{\"@type\":\"ListItem\",\"position\":2,\"name\":\"Shop\",\"item\":\"https:\\\/\\\/www.purejewels.com\\\/shop\\\/\"},{\"@type\":\"ListItem\",\"position\":3,\"name\":\"Gold Bali Earrings\"}]},{\"@type\":\"WebSite\",\"@id\":\"https:\\\/\\\/www.purejewels.com\\\/#website\",\"url\":\"https:\\\/\\\/www.purejewels.com\\\/\",\"name\":\"PureJewels UK\",\"description\":\"Share the Love\",\"publisher\":{\"@id\":\"https:\\\/\\\/www.purejewels.com\\\/#organization\"},\"potentialAction\":[{\"@type\":\"SearchAction\",\"target\":{\"@type\":\"EntryPoint\",\"urlTemplate\":\"https:\\\/\\\/www.purejewels.com\\\/?s={search_term_string}\"},\"query-input\":{\"@type\":\"PropertyValueSpecification\",\"valueRequired\":true,\"valueName\":\"search_term_string\"}}],\"inLanguage\":\"tr\"},{\"@type\":\"Organization\",\"@id\":\"https:\\\/\\\/www.purejewels.com\\\/#organization\",\"name\":\"PureJewels UK\",\"url\":\"https:\\\/\\\/www.purejewels.com\\\/\",\"logo\":{\"@type\":\"ImageObject\",\"inLanguage\":\"tr\",\"@id\":\"https:\\\/\\\/www.purejewels.com\\\/#\\\/schema\\\/logo\\\/image\\\/\",\"url\":\"https:\\\/\\\/static.purejewels.com\\\/wp-content\\\/uploads\\\/2020\\\/11\\\/Logo-PJ-New-1.png\",\"contentUrl\":\"https:\\\/\\\/static.purejewels.com\\\/wp-content\\\/uploads\\\/2020\\\/11\\\/Logo-PJ-New-1.png\",\"width\":150,\"height\":80,\"caption\":\"PureJewels UK\"},\"image\":{\"@id\":\"https:\\\/\\\/www.purejewels.com\\\/#\\\/schema\\\/logo\\\/image\\\/\"}}]}<\/script>\n<!-- \/ Yoast SEO plugin. -->","yoast_head_json":{"title":"22 ayar sar\u0131 alt\u0131n halka k\u00fcpe sat\u0131n al\u0131n | PureJewels UK","description":"PureJewels UK'den 22 ayar sar\u0131 Alt\u0131n Halka K\u00fcpe, Harika G\u00fcnl\u00fck Giyim, her zaman ye\u015fil tasar\u0131m sat\u0131n al\u0131n. \u0130ngiltere genelinde \u00fccretsiz teslimat.","robots":{"index":"index","follow":"follow","max-snippet":"max-snippet:-1","max-image-preview":"max-image-preview:large","max-video-preview":"max-video-preview:-1"},"canonical":"https:\/\/www.purejewels.com\/tr\/urun\/altin-bali-kupe-52235\/","og_locale":"tr_TR","og_type":"article","og_title":"Shop 22kt yellow Gold Hoop Earring | PureJewels UK","og_description":"Shop 22kt yellow Gold Hoop Earring, Great Daily Wear, ever-green design from PureJewels UK. Free delivery across UK.","og_url":"https:\/\/www.purejewels.com\/tr\/urun\/altin-bali-kupe-52235\/","og_site_name":"PureJewels UK","article_modified_time":"2026-04-29T04:43:56+00:00","og_image":[{"width":1000,"height":1000,"url":"https:\/\/static.purejewels.com\/wp-content\/uploads\/2021\/11\/SKU-52233.png","type":"image\/png"}],"twitter_card":"summary_large_image","twitter_misc":{"Tahmini okuma s\u00fcresi":"1 dakika"},"schema":{"@context":"https:\/\/schema.org","@graph":[{"@type":["WebPage","ItemPage"],"@id":"https:\/\/www.purejewels.com\/product\/gold-bali-earrings-52235\/","url":"https:\/\/www.purejewels.com\/product\/gold-bali-earrings-52235\/","name":"22 ayar sar\u0131 alt\u0131n halka k\u00fcpe sat\u0131n al\u0131n | PureJewels UK","isPartOf":{"@id":"https:\/\/www.purejewels.com\/#website"},"primaryImageOfPage":{"@id":"https:\/\/www.purejewels.com\/product\/gold-bali-earrings-52235\/#primaryimage"},"image":{"@id":"https:\/\/www.purejewels.com\/product\/gold-bali-earrings-52235\/#primaryimage"},"thumbnailUrl":"https:\/\/static.purejewels.com\/wp-content\/uploads\/2021\/11\/SKU-52233.png","datePublished":"2021-11-09T05:40:33+00:00","dateModified":"2026-04-29T04:43:56+00:00","description":"PureJewels UK'den 22 ayar sar\u0131 Alt\u0131n Halka K\u00fcpe, Harika G\u00fcnl\u00fck Giyim, her zaman ye\u015fil tasar\u0131m sat\u0131n al\u0131n. \u0130ngiltere genelinde \u00fccretsiz teslimat.","breadcrumb":{"@id":"https:\/\/www.purejewels.com\/product\/gold-bali-earrings-52235\/#breadcrumb"},"inLanguage":"tr","potentialAction":[{"@type":"ReadAction","target":["https:\/\/www.purejewels.com\/product\/gold-bali-earrings-52235\/"]}]},{"@type":"ImageObject","inLanguage":"tr","@id":"https:\/\/www.purejewels.com\/product\/gold-bali-earrings-52235\/#primaryimage","url":"https:\/\/static.purejewels.com\/wp-content\/uploads\/2021\/11\/SKU-52233.png","contentUrl":"https:\/\/static.purejewels.com\/wp-content\/uploads\/2021\/11\/SKU-52233.png","width":1000,"height":1000,"caption":"Gold Bali Earrings"},{"@type":"BreadcrumbList","@id":"https:\/\/www.purejewels.com\/product\/gold-bali-earrings-52235\/#breadcrumb","itemListElement":[{"@type":"ListItem","position":1,"name":"Home","item":"https:\/\/www.purejewels.com\/"},{"@type":"ListItem","position":2,"name":"Shop","item":"https:\/\/www.purejewels.com\/shop\/"},{"@type":"ListItem","position":3,"name":"Gold Bali Earrings"}]},{"@type":"WebSite","@id":"https:\/\/www.purejewels.com\/#website","url":"https:\/\/www.purejewels.com\/","name":"PureJewels \u0130ngiltere","description":"Sevgiyi Payla\u015f\u0131n","publisher":{"@id":"https:\/\/www.purejewels.com\/#organization"},"potentialAction":[{"@type":"SearchAction","target":{"@type":"EntryPoint","urlTemplate":"https:\/\/www.purejewels.com\/?s={search_term_string}"},"query-input":{"@type":"PropertyValueSpecification","valueRequired":true,"valueName":"search_term_string"}}],"inLanguage":"tr"},{"@type":"Organization","@id":"https:\/\/www.purejewels.com\/#organization","name":"PureJewels \u0130ngiltere","url":"https:\/\/www.purejewels.com\/","logo":{"@type":"ImageObject","inLanguage":"tr","@id":"https:\/\/www.purejewels.com\/#\/schema\/logo\/image\/","url":"https:\/\/static.purejewels.com\/wp-content\/uploads\/2020\/11\/Logo-PJ-New-1.png","contentUrl":"https:\/\/static.purejewels.com\/wp-content\/uploads\/2020\/11\/Logo-PJ-New-1.png","width":150,"height":80,"caption":"PureJewels UK"},"image":{"@id":"https:\/\/www.purejewels.com\/#\/schema\/logo\/image\/"}}]}},"_links":{"self":[{"href":"https:\/\/www.purejewels.com\/tr\/wp-json\/wp\/v2\/product\/328204","targetHints":{"allow":["GET"]}}],"collection":[{"href":"https:\/\/www.purejewels.com\/tr\/wp-json\/wp\/v2\/product"}],"about":[{"href":"https:\/\/www.purejewels.com\/tr\/wp-json\/wp\/v2\/types\/product"}],"replies":[{"embeddable":true,"href":"https:\/\/www.purejewels.com\/tr\/wp-json\/wp\/v2\/comments?post=328204"}],"version-history":[{"count":4,"href":"https:\/\/www.purejewels.com\/tr\/wp-json\/wp\/v2\/product\/328204\/revisions"}],"predecessor-version":[{"id":428162,"href":"https:\/\/www.purejewels.com\/tr\/wp-json\/wp\/v2\/product\/328204\/revisions\/428162"}],"wp:featuredmedia":[{"embeddable":true,"href":"https:\/\/www.purejewels.com\/tr\/wp-json\/wp\/v2\/media\/402259"}],"wp:attachment":[{"href":"https:\/\/www.purejewels.com\/tr\/wp-json\/wp\/v2\/media?parent=328204"}],"wp:term":[{"taxonomy":"product_brand","embeddable":true,"href":"https:\/\/www.purejewels.com\/tr\/wp-json\/wp\/v2\/product_brand?post=328204"},{"taxonomy":"product_cat","embeddable":true,"href":"https:\/\/www.purejewels.com\/tr\/wp-json\/wp\/v2\/product_cat?post=328204"},{"taxonomy":"product_tag","embeddable":true,"href":"https:\/\/www.purejewels.com\/tr\/wp-json\/wp\/v2\/product_tag?post=328204"}],"curies":[{"name":"wp","href":"https:\/\/api.w.org\/{rel}","templated":true}]}}