{"id":328212,"date":"2021-11-09T06:21:56","date_gmt":"2021-11-09T06:21:56","guid":{"rendered":"https:\/\/www.purejewels.com\/?post_type=product&#038;p=328212"},"modified":"2026-01-19T10:27:07","modified_gmt":"2026-01-19T10:27:07","slug":"jali-22-ayar-altin-kadas-beden-2-4","status":"publish","type":"product","link":"https:\/\/www.purejewels.com\/tr\/product\/jali-22-carat-gold-kadas-size-2-4\/","title":{"rendered":"Jali 22 Ayar Alt\u0131n Kadas (Boy: 2,4)"},"content":{"rendered":"<ul>\n<li>SKU 40560 Kada 1 A\u011f\u0131rl\u0131k. 13,3 gms<\/li>\n<li>SKU 40561 Kada 2 A\u011f\u0131rl\u0131k. 13,7 gms<\/li>\n<\/ul>","protected":false},"excerpt":{"rendered":"<ul>\n<li>\u00c7ift (iki Kadas) 22 Ayar Alt\u0131n Gelin veya Parti k\u0131yafeti Kadas -<\/li>\n<li><strong>Jali Telkari Koleksiyonu<\/strong><\/li>\n<li>\u00a0Burada g\u00f6sterilen fiyat bir kada i\u00e7indir<\/li>\n<li>SKU 40560 Kada 1 A\u011f\u0131rl\u0131k. 13,3 gms<\/li>\n<li>SKU 40561 Kada 2 A\u011f\u0131rl\u0131k. 13,7 gms<\/li>\n<li>Toplam A\u011f\u0131rl\u0131k. 27 gms<\/li>\n<li>Boyut: 2,4 in\u00e7 i\u00e7 \u00e7ap. Ek boyutlar i\u00e7in l\u00fctfen sorunuz<\/li>\n<li>Bunlar i\u00e7i bo\u015f Kadas<\/li>\n<li>T\u00fcm 22 ayar Alt\u0131n Tak\u0131lar\u0131m\u0131z Londra Tahlil Ofisi taraf\u0131ndan damgalanm\u0131\u015ft\u0131r<\/li>\n<li>Sunum Kutusu ile Birlikte Gelir<\/li>\n<li>Teslimat Dahil<\/li>\n<li>T\u00fcm fiyatlara KDV dahildir<\/li>\n<li>\u00dcr\u00fcn\u00fcn canl\u0131 videosu i\u00e7in bize ula\u015f\u0131n \/ bizimle sohbet edin<\/li>\n<\/ul>","protected":false},"featured_media":312468,"comment_status":"closed","ping_status":"closed","template":"","meta":{"_eb_attr":"","_crsspst_to_jayantr4sg-hostcom":true},"product_brand":[],"product_cat":[1658,1659,236,1233,252,1573,1574],"product_tag":[],"class_list":{"0":"post-328212","1":"product","2":"type-product","3":"status-publish","4":"has-post-thumbnail","6":"product_cat-bangle-sets","7":"product_cat-bridal-and-party-wear-gold-kada-bangle","8":"product_cat-collections","9":"product_cat-gold-bangles","10":"product_cat-jali-collections","11":"product_cat-wedding-gifts","12":"product_cat-womens-jewellery","14":"first","15":"outofstock","16":"taxable","17":"shipping-taxable","18":"product-type-grouped","19":"add-to-wishlist-before_image"},"yoast_head":"<!-- This site is optimized with the Yoast SEO plugin v27.3 - https:\/\/yoast.com\/product\/yoast-seo-wordpress\/ -->\n<title>Jali 22 carat Gold Kadas (Size: 2.4) - PureJewels UK<\/title>\n<meta name=\"robots\" content=\"index, follow, max-snippet:-1, max-image-preview:large, max-video-preview:-1\" \/>\n<link rel=\"canonical\" href=\"https:\/\/www.purejewels.com\/tr\/urun\/jali-22-ayar-altin-kadas-beden-2-4\/\" \/>\n<meta property=\"og:locale\" content=\"tr_TR\" \/>\n<meta property=\"og:type\" content=\"article\" \/>\n<meta property=\"og:title\" content=\"Jali 22 carat Gold Kadas (Size: 2.4) - PureJewels UK\" \/>\n<meta property=\"og:description\" content=\"Pair (two Kadas) of 22ct Gold Bridal or Party wear Kadas \u2013  Jali Filigree Collection  \u00a0The price shown here is for one kada  SKU 40560 Kada 1\u00a0 Wt\u00a0 . 13.3\u00a0 gms  SKU 40561 Kada 2\u00a0 Wt\u00a0 . 13.7\u00a0 gms  Total Wt . 27\u00a0 gms  Size : 2.4 inch inside diameter. Please enquire for additional sizes  These are hollow Kadas  All our 22 carat Gold Jewellery are hallmarked by London Assay Office  Comes With Presentation Box  Delivery Included  All prices include VAT  Contact us \/ chat with us for live video of product\" \/>\n<meta property=\"og:url\" content=\"https:\/\/www.purejewels.com\/tr\/urun\/jali-22-ayar-altin-kadas-beden-2-4\/\" \/>\n<meta property=\"og:site_name\" content=\"PureJewels UK\" \/>\n<meta property=\"article:modified_time\" content=\"2026-01-19T10:27:07+00:00\" \/>\n<meta property=\"og:image\" content=\"https:\/\/static.purejewels.com\/wp-content\/uploads\/2020\/01\/32346_32348.jpg\" \/>\n\t<meta property=\"og:image:width\" content=\"1000\" \/>\n\t<meta property=\"og:image:height\" content=\"1000\" \/>\n\t<meta property=\"og:image:type\" content=\"image\/jpeg\" \/>\n<meta name=\"twitter:card\" content=\"summary_large_image\" \/>\n<script type=\"application\/ld+json\" class=\"yoast-schema-graph\">{\"@context\":\"https:\\\/\\\/schema.org\",\"@graph\":[{\"@type\":[\"WebPage\",\"ItemPage\"],\"@id\":\"https:\\\/\\\/www.purejewels.com\\\/product\\\/jali-22-carat-gold-kadas-size-2-4\\\/\",\"url\":\"https:\\\/\\\/www.purejewels.com\\\/product\\\/jali-22-carat-gold-kadas-size-2-4\\\/\",\"name\":\"Jali 22 carat Gold Kadas (Size: 2.4) - PureJewels UK\",\"isPartOf\":{\"@id\":\"https:\\\/\\\/www.purejewels.com\\\/#website\"},\"primaryImageOfPage\":{\"@id\":\"https:\\\/\\\/www.purejewels.com\\\/product\\\/jali-22-carat-gold-kadas-size-2-4\\\/#primaryimage\"},\"image\":{\"@id\":\"https:\\\/\\\/www.purejewels.com\\\/product\\\/jali-22-carat-gold-kadas-size-2-4\\\/#primaryimage\"},\"thumbnailUrl\":\"https:\\\/\\\/static.purejewels.com\\\/wp-content\\\/uploads\\\/2020\\\/01\\\/32346_32348.jpg\",\"datePublished\":\"2021-11-09T06:21:56+00:00\",\"dateModified\":\"2026-01-19T10:27:07+00:00\",\"breadcrumb\":{\"@id\":\"https:\\\/\\\/www.purejewels.com\\\/product\\\/jali-22-carat-gold-kadas-size-2-4\\\/#breadcrumb\"},\"inLanguage\":\"tr\",\"potentialAction\":[{\"@type\":\"ReadAction\",\"target\":[\"https:\\\/\\\/www.purejewels.com\\\/product\\\/jali-22-carat-gold-kadas-size-2-4\\\/\"]}]},{\"@type\":\"ImageObject\",\"inLanguage\":\"tr\",\"@id\":\"https:\\\/\\\/www.purejewels.com\\\/product\\\/jali-22-carat-gold-kadas-size-2-4\\\/#primaryimage\",\"url\":\"https:\\\/\\\/static.purejewels.com\\\/wp-content\\\/uploads\\\/2020\\\/01\\\/32346_32348.jpg\",\"contentUrl\":\"https:\\\/\\\/static.purejewels.com\\\/wp-content\\\/uploads\\\/2020\\\/01\\\/32346_32348.jpg\",\"width\":1000,\"height\":1000,\"caption\":\"32346_32348\"},{\"@type\":\"BreadcrumbList\",\"@id\":\"https:\\\/\\\/www.purejewels.com\\\/product\\\/jali-22-carat-gold-kadas-size-2-4\\\/#breadcrumb\",\"itemListElement\":[{\"@type\":\"ListItem\",\"position\":1,\"name\":\"Home\",\"item\":\"https:\\\/\\\/www.purejewels.com\\\/\"},{\"@type\":\"ListItem\",\"position\":2,\"name\":\"Shop\",\"item\":\"https:\\\/\\\/www.purejewels.com\\\/shop\\\/\"},{\"@type\":\"ListItem\",\"position\":3,\"name\":\"Jali 22 carat Gold Kadas (Size: 2.4)\"}]},{\"@type\":\"WebSite\",\"@id\":\"https:\\\/\\\/www.purejewels.com\\\/#website\",\"url\":\"https:\\\/\\\/www.purejewels.com\\\/\",\"name\":\"PureJewels UK\",\"description\":\"Share the Love\",\"publisher\":{\"@id\":\"https:\\\/\\\/www.purejewels.com\\\/#organization\"},\"potentialAction\":[{\"@type\":\"SearchAction\",\"target\":{\"@type\":\"EntryPoint\",\"urlTemplate\":\"https:\\\/\\\/www.purejewels.com\\\/?s={search_term_string}\"},\"query-input\":{\"@type\":\"PropertyValueSpecification\",\"valueRequired\":true,\"valueName\":\"search_term_string\"}}],\"inLanguage\":\"tr\"},{\"@type\":\"Organization\",\"@id\":\"https:\\\/\\\/www.purejewels.com\\\/#organization\",\"name\":\"PureJewels UK\",\"url\":\"https:\\\/\\\/www.purejewels.com\\\/\",\"logo\":{\"@type\":\"ImageObject\",\"inLanguage\":\"tr\",\"@id\":\"https:\\\/\\\/www.purejewels.com\\\/#\\\/schema\\\/logo\\\/image\\\/\",\"url\":\"https:\\\/\\\/static.purejewels.com\\\/wp-content\\\/uploads\\\/2020\\\/11\\\/Logo-PJ-New-1.png\",\"contentUrl\":\"https:\\\/\\\/static.purejewels.com\\\/wp-content\\\/uploads\\\/2020\\\/11\\\/Logo-PJ-New-1.png\",\"width\":150,\"height\":80,\"caption\":\"PureJewels UK\"},\"image\":{\"@id\":\"https:\\\/\\\/www.purejewels.com\\\/#\\\/schema\\\/logo\\\/image\\\/\"}}]}<\/script>\n<!-- \/ Yoast SEO plugin. -->","yoast_head_json":{"title":"Jali 22 Ayar Alt\u0131n Kadas (Boy: 2,4) - PureJewels UK","robots":{"index":"index","follow":"follow","max-snippet":"max-snippet:-1","max-image-preview":"max-image-preview:large","max-video-preview":"max-video-preview:-1"},"canonical":"https:\/\/www.purejewels.com\/tr\/urun\/jali-22-ayar-altin-kadas-beden-2-4\/","og_locale":"tr_TR","og_type":"article","og_title":"Jali 22 carat Gold Kadas (Size: 2.4) - PureJewels UK","og_description":"Pair (two Kadas) of 22ct Gold Bridal or Party wear Kadas \u2013  Jali Filigree Collection  \u00a0The price shown here is for one kada  SKU 40560 Kada 1\u00a0 Wt\u00a0 . 13.3\u00a0 gms  SKU 40561 Kada 2\u00a0 Wt\u00a0 . 13.7\u00a0 gms  Total Wt . 27\u00a0 gms  Size : 2.4 inch inside diameter. Please enquire for additional sizes  These are hollow Kadas  All our 22 carat Gold Jewellery are hallmarked by London Assay Office  Comes With Presentation Box  Delivery Included  All prices include VAT  Contact us \/ chat with us for live video of product","og_url":"https:\/\/www.purejewels.com\/tr\/urun\/jali-22-ayar-altin-kadas-beden-2-4\/","og_site_name":"PureJewels UK","article_modified_time":"2026-01-19T10:27:07+00:00","og_image":[{"width":1000,"height":1000,"url":"https:\/\/static.purejewels.com\/wp-content\/uploads\/2020\/01\/32346_32348.jpg","type":"image\/jpeg"}],"twitter_card":"summary_large_image","schema":{"@context":"https:\/\/schema.org","@graph":[{"@type":["WebPage","ItemPage"],"@id":"https:\/\/www.purejewels.com\/product\/jali-22-carat-gold-kadas-size-2-4\/","url":"https:\/\/www.purejewels.com\/product\/jali-22-carat-gold-kadas-size-2-4\/","name":"Jali 22 Ayar Alt\u0131n Kadas (Boy: 2,4) - PureJewels UK","isPartOf":{"@id":"https:\/\/www.purejewels.com\/#website"},"primaryImageOfPage":{"@id":"https:\/\/www.purejewels.com\/product\/jali-22-carat-gold-kadas-size-2-4\/#primaryimage"},"image":{"@id":"https:\/\/www.purejewels.com\/product\/jali-22-carat-gold-kadas-size-2-4\/#primaryimage"},"thumbnailUrl":"https:\/\/static.purejewels.com\/wp-content\/uploads\/2020\/01\/32346_32348.jpg","datePublished":"2021-11-09T06:21:56+00:00","dateModified":"2026-01-19T10:27:07+00:00","breadcrumb":{"@id":"https:\/\/www.purejewels.com\/product\/jali-22-carat-gold-kadas-size-2-4\/#breadcrumb"},"inLanguage":"tr","potentialAction":[{"@type":"ReadAction","target":["https:\/\/www.purejewels.com\/product\/jali-22-carat-gold-kadas-size-2-4\/"]}]},{"@type":"ImageObject","inLanguage":"tr","@id":"https:\/\/www.purejewels.com\/product\/jali-22-carat-gold-kadas-size-2-4\/#primaryimage","url":"https:\/\/static.purejewels.com\/wp-content\/uploads\/2020\/01\/32346_32348.jpg","contentUrl":"https:\/\/static.purejewels.com\/wp-content\/uploads\/2020\/01\/32346_32348.jpg","width":1000,"height":1000,"caption":"32346_32348"},{"@type":"BreadcrumbList","@id":"https:\/\/www.purejewels.com\/product\/jali-22-carat-gold-kadas-size-2-4\/#breadcrumb","itemListElement":[{"@type":"ListItem","position":1,"name":"Home","item":"https:\/\/www.purejewels.com\/"},{"@type":"ListItem","position":2,"name":"Shop","item":"https:\/\/www.purejewels.com\/shop\/"},{"@type":"ListItem","position":3,"name":"Jali 22 carat Gold Kadas (Size: 2.4)"}]},{"@type":"WebSite","@id":"https:\/\/www.purejewels.com\/#website","url":"https:\/\/www.purejewels.com\/","name":"PureJewels \u0130ngiltere","description":"Sevgiyi Payla\u015f\u0131n","publisher":{"@id":"https:\/\/www.purejewels.com\/#organization"},"potentialAction":[{"@type":"SearchAction","target":{"@type":"EntryPoint","urlTemplate":"https:\/\/www.purejewels.com\/?s={search_term_string}"},"query-input":{"@type":"PropertyValueSpecification","valueRequired":true,"valueName":"search_term_string"}}],"inLanguage":"tr"},{"@type":"Organization","@id":"https:\/\/www.purejewels.com\/#organization","name":"PureJewels \u0130ngiltere","url":"https:\/\/www.purejewels.com\/","logo":{"@type":"ImageObject","inLanguage":"tr","@id":"https:\/\/www.purejewels.com\/#\/schema\/logo\/image\/","url":"https:\/\/static.purejewels.com\/wp-content\/uploads\/2020\/11\/Logo-PJ-New-1.png","contentUrl":"https:\/\/static.purejewels.com\/wp-content\/uploads\/2020\/11\/Logo-PJ-New-1.png","width":150,"height":80,"caption":"PureJewels UK"},"image":{"@id":"https:\/\/www.purejewels.com\/#\/schema\/logo\/image\/"}}]}},"_links":{"self":[{"href":"https:\/\/www.purejewels.com\/tr\/wp-json\/wp\/v2\/product\/328212","targetHints":{"allow":["GET"]}}],"collection":[{"href":"https:\/\/www.purejewels.com\/tr\/wp-json\/wp\/v2\/product"}],"about":[{"href":"https:\/\/www.purejewels.com\/tr\/wp-json\/wp\/v2\/types\/product"}],"replies":[{"embeddable":true,"href":"https:\/\/www.purejewels.com\/tr\/wp-json\/wp\/v2\/comments?post=328212"}],"version-history":[{"count":2,"href":"https:\/\/www.purejewels.com\/tr\/wp-json\/wp\/v2\/product\/328212\/revisions"}],"predecessor-version":[{"id":424459,"href":"https:\/\/www.purejewels.com\/tr\/wp-json\/wp\/v2\/product\/328212\/revisions\/424459"}],"wp:featuredmedia":[{"embeddable":true,"href":"https:\/\/www.purejewels.com\/tr\/wp-json\/wp\/v2\/media\/312468"}],"wp:attachment":[{"href":"https:\/\/www.purejewels.com\/tr\/wp-json\/wp\/v2\/media?parent=328212"}],"wp:term":[{"taxonomy":"product_brand","embeddable":true,"href":"https:\/\/www.purejewels.com\/tr\/wp-json\/wp\/v2\/product_brand?post=328212"},{"taxonomy":"product_cat","embeddable":true,"href":"https:\/\/www.purejewels.com\/tr\/wp-json\/wp\/v2\/product_cat?post=328212"},{"taxonomy":"product_tag","embeddable":true,"href":"https:\/\/www.purejewels.com\/tr\/wp-json\/wp\/v2\/product_tag?post=328212"}],"curies":[{"name":"wp","href":"https:\/\/api.w.org\/{rel}","templated":true}]}}