{"id":328244,"date":"2021-11-09T09:19:06","date_gmt":"2021-11-09T09:19:06","guid":{"rendered":"https:\/\/www.purejewels.com\/?post_type=product&#038;p=328244"},"modified":"2022-10-14T07:41:32","modified_gmt":"2022-10-14T06:41:32","slug":"22-ayar-gercek-altin-bileklik-31154","status":"publish","type":"product","link":"https:\/\/www.purejewels.com\/tr\/product\/22-carat-real-gold-bangle-31154\/","title":{"rendered":"22 Ayar Ger\u00e7ek Alt\u0131n Bileklik (2.6 Beden)"},"content":{"rendered":"<ul>\n<li>A\u011f\u0131rl\u0131k 6,9 gms<\/li>\n<li>SKU. 31154<\/li>\n<\/ul>","protected":false},"excerpt":{"rendered":"<ul>\n<li>22 Ayar G\u00fcnl\u00fck Kullan\u0131m Alt\u0131n Bileklik<\/li>\n<li>A\u011f\u0131rl\u0131k 6,9 gms<\/li>\n<li>Boyut 2.6<\/li>\n<li>SKU. 31154<\/li>\n<li>L\u00fctfen\u00a0<span id=\"urn:enhancement-a7cd005b\" class=\"textannotation\">Not<\/span>\u00a0<span id=\"urn:enhancement-fad2f3cd\" class=\"textannotation\">fiyat<\/span>\u00a0<span id=\"urn:enhancement-945ebc1\" class=\"textannotation\">al\u0131nt\u0131lanm\u0131\u015f<\/span>\u00a0burada bir\u00a0<span id=\"urn:enhancement-cceafd6a\" class=\"textannotation\">Tek ki\u015filik<\/span>\u00a0Bileklik<\/li>\n<li>T\u00fcm fiyatlara KDV dahildir<\/li>\n<li>Londra Tahlil Ofisi Taraf\u0131ndan Damgalanm\u0131\u015f 22 Ayar Alt\u0131n<\/li>\n<li>Sunum Kutusu ile Birlikte Gelir<\/li>\n<li>Teslimat Dahil<\/li>\n<li>T\u00fcm Ebatlarda Sipari\u015f \u00dczerine Yap\u0131labilir<\/li>\n<li>Stok durumu ve stokta bulunan benzer tasar\u0131mlar\u0131n daha fazla g\u00f6r\u00fcnt\u00fcs\u00fc i\u00e7in bizimle canl\u0131 sohbet edin<\/li>\n<\/ul>","protected":false},"featured_media":312027,"comment_status":"closed","ping_status":"closed","template":"","meta":{"_eb_attr":"","_crsspst_to_jayantr4sg-hostcom":false},"product_brand":[],"product_cat":[1229],"product_tag":[1514],"class_list":{"0":"post-328244","1":"product","2":"type-product","3":"status-publish","4":"has-post-thumbnail","6":"product_cat-22ct-gold-jewellery","7":"product_tag-bangles","9":"first","10":"outofstock","11":"taxable","12":"shipping-taxable","13":"product-type-simple","14":"add-to-wishlist-before_image"},"yoast_head":"<!-- This site is optimized with the Yoast SEO plugin v27.3 - https:\/\/yoast.com\/product\/yoast-seo-wordpress\/ -->\n<title>22 carat Real Gold Bangle (Size 2.6) - PureJewels UK<\/title>\n<meta name=\"robots\" content=\"index, follow, max-snippet:-1, max-image-preview:large, max-video-preview:-1\" \/>\n<link rel=\"canonical\" href=\"https:\/\/www.purejewels.com\/tr\/urun\/22-ayar-gercek-altin-bileklik-31154\/\" \/>\n<meta property=\"og:locale\" content=\"tr_TR\" \/>\n<meta property=\"og:type\" content=\"article\" \/>\n<meta property=\"og:title\" content=\"22 carat Real Gold Bangle (Size 2.6) - PureJewels UK\" \/>\n<meta property=\"og:description\" content=\"22ct Daily Wear Gold Bangle  Wt. 6.9 gms  Size 2.6  SKU. 31154  Please\u00a0Note\u00a0price\u00a0quoted\u00a0here is for a\u00a0Single\u00a0Bangle  All prices include VAT  22ct Gold\u00a0Hallmarked by London Assay Office  Comes With Presentation Box  Delivery Included  Can be made to order in all Sizes  Live chat with us for availability and more images of similar designs currently in stock\" \/>\n<meta property=\"og:url\" content=\"https:\/\/www.purejewels.com\/tr\/urun\/22-ayar-gercek-altin-bileklik-31154\/\" \/>\n<meta property=\"og:site_name\" content=\"PureJewels UK\" \/>\n<meta property=\"article:modified_time\" content=\"2022-10-14T06:41:32+00:00\" \/>\n<meta property=\"og:image\" content=\"https:\/\/www.purejewels.com\/wp-content\/uploads\/2019\/10\/31158.jpg\" \/>\n\t<meta property=\"og:image:width\" content=\"1000\" \/>\n\t<meta property=\"og:image:height\" content=\"1000\" \/>\n\t<meta property=\"og:image:type\" content=\"image\/jpeg\" \/>\n<meta name=\"twitter:card\" content=\"summary_large_image\" \/>\n<script type=\"application\/ld+json\" class=\"yoast-schema-graph\">{\"@context\":\"https:\\\/\\\/schema.org\",\"@graph\":[{\"@type\":[\"WebPage\",\"ItemPage\"],\"@id\":\"https:\\\/\\\/www.purejewels.com\\\/product\\\/22-carat-real-gold-bangle-31154\\\/\",\"url\":\"https:\\\/\\\/www.purejewels.com\\\/product\\\/22-carat-real-gold-bangle-31154\\\/\",\"name\":\"22 carat Real Gold Bangle (Size 2.6) - PureJewels UK\",\"isPartOf\":{\"@id\":\"https:\\\/\\\/www.purejewels.com\\\/#website\"},\"primaryImageOfPage\":{\"@id\":\"https:\\\/\\\/www.purejewels.com\\\/product\\\/22-carat-real-gold-bangle-31154\\\/#primaryimage\"},\"image\":{\"@id\":\"https:\\\/\\\/www.purejewels.com\\\/product\\\/22-carat-real-gold-bangle-31154\\\/#primaryimage\"},\"thumbnailUrl\":\"https:\\\/\\\/static.purejewels.com\\\/wp-content\\\/uploads\\\/2019\\\/10\\\/31158.jpg\",\"datePublished\":\"2021-11-09T09:19:06+00:00\",\"dateModified\":\"2022-10-14T06:41:32+00:00\",\"breadcrumb\":{\"@id\":\"https:\\\/\\\/www.purejewels.com\\\/product\\\/22-carat-real-gold-bangle-31154\\\/#breadcrumb\"},\"inLanguage\":\"tr\",\"potentialAction\":[{\"@type\":\"ReadAction\",\"target\":[\"https:\\\/\\\/www.purejewels.com\\\/product\\\/22-carat-real-gold-bangle-31154\\\/\"]}]},{\"@type\":\"ImageObject\",\"inLanguage\":\"tr\",\"@id\":\"https:\\\/\\\/www.purejewels.com\\\/product\\\/22-carat-real-gold-bangle-31154\\\/#primaryimage\",\"url\":\"https:\\\/\\\/static.purejewels.com\\\/wp-content\\\/uploads\\\/2019\\\/10\\\/31158.jpg\",\"contentUrl\":\"https:\\\/\\\/static.purejewels.com\\\/wp-content\\\/uploads\\\/2019\\\/10\\\/31158.jpg\",\"width\":1000,\"height\":1000,\"caption\":\"22ct Gold Bangle 31158\"},{\"@type\":\"BreadcrumbList\",\"@id\":\"https:\\\/\\\/www.purejewels.com\\\/product\\\/22-carat-real-gold-bangle-31154\\\/#breadcrumb\",\"itemListElement\":[{\"@type\":\"ListItem\",\"position\":1,\"name\":\"Home\",\"item\":\"https:\\\/\\\/www.purejewels.com\\\/\"},{\"@type\":\"ListItem\",\"position\":2,\"name\":\"Shop\",\"item\":\"https:\\\/\\\/www.purejewels.com\\\/shop\\\/\"},{\"@type\":\"ListItem\",\"position\":3,\"name\":\"22 carat Real Gold Bangle (Size 2.6)\"}]},{\"@type\":\"WebSite\",\"@id\":\"https:\\\/\\\/www.purejewels.com\\\/#website\",\"url\":\"https:\\\/\\\/www.purejewels.com\\\/\",\"name\":\"PureJewels UK\",\"description\":\"Share the Love\",\"publisher\":{\"@id\":\"https:\\\/\\\/www.purejewels.com\\\/#organization\"},\"potentialAction\":[{\"@type\":\"SearchAction\",\"target\":{\"@type\":\"EntryPoint\",\"urlTemplate\":\"https:\\\/\\\/www.purejewels.com\\\/?s={search_term_string}\"},\"query-input\":{\"@type\":\"PropertyValueSpecification\",\"valueRequired\":true,\"valueName\":\"search_term_string\"}}],\"inLanguage\":\"tr\"},{\"@type\":\"Organization\",\"@id\":\"https:\\\/\\\/www.purejewels.com\\\/#organization\",\"name\":\"PureJewels UK\",\"url\":\"https:\\\/\\\/www.purejewels.com\\\/\",\"logo\":{\"@type\":\"ImageObject\",\"inLanguage\":\"tr\",\"@id\":\"https:\\\/\\\/www.purejewels.com\\\/#\\\/schema\\\/logo\\\/image\\\/\",\"url\":\"https:\\\/\\\/static.purejewels.com\\\/wp-content\\\/uploads\\\/2020\\\/11\\\/Logo-PJ-New-1.png\",\"contentUrl\":\"https:\\\/\\\/static.purejewels.com\\\/wp-content\\\/uploads\\\/2020\\\/11\\\/Logo-PJ-New-1.png\",\"width\":150,\"height\":80,\"caption\":\"PureJewels UK\"},\"image\":{\"@id\":\"https:\\\/\\\/www.purejewels.com\\\/#\\\/schema\\\/logo\\\/image\\\/\"}}]}<\/script>\n<!-- \/ Yoast SEO plugin. -->","yoast_head_json":{"title":"22 Ayar Ger\u00e7ek Alt\u0131n Bileklik (2.6 Beden) - PureJewels UK","robots":{"index":"index","follow":"follow","max-snippet":"max-snippet:-1","max-image-preview":"max-image-preview:large","max-video-preview":"max-video-preview:-1"},"canonical":"https:\/\/www.purejewels.com\/tr\/urun\/22-ayar-gercek-altin-bileklik-31154\/","og_locale":"tr_TR","og_type":"article","og_title":"22 carat Real Gold Bangle (Size 2.6) - PureJewels UK","og_description":"22ct Daily Wear Gold Bangle  Wt. 6.9 gms  Size 2.6  SKU. 31154  Please\u00a0Note\u00a0price\u00a0quoted\u00a0here is for a\u00a0Single\u00a0Bangle  All prices include VAT  22ct Gold\u00a0Hallmarked by London Assay Office  Comes With Presentation Box  Delivery Included  Can be made to order in all Sizes  Live chat with us for availability and more images of similar designs currently in stock","og_url":"https:\/\/www.purejewels.com\/tr\/urun\/22-ayar-gercek-altin-bileklik-31154\/","og_site_name":"PureJewels UK","article_modified_time":"2022-10-14T06:41:32+00:00","og_image":[{"width":1000,"height":1000,"url":"https:\/\/www.purejewels.com\/wp-content\/uploads\/2019\/10\/31158.jpg","type":"image\/jpeg"}],"twitter_card":"summary_large_image","schema":{"@context":"https:\/\/schema.org","@graph":[{"@type":["WebPage","ItemPage"],"@id":"https:\/\/www.purejewels.com\/product\/22-carat-real-gold-bangle-31154\/","url":"https:\/\/www.purejewels.com\/product\/22-carat-real-gold-bangle-31154\/","name":"22 Ayar Ger\u00e7ek Alt\u0131n Bileklik (2.6 Beden) - PureJewels UK","isPartOf":{"@id":"https:\/\/www.purejewels.com\/#website"},"primaryImageOfPage":{"@id":"https:\/\/www.purejewels.com\/product\/22-carat-real-gold-bangle-31154\/#primaryimage"},"image":{"@id":"https:\/\/www.purejewels.com\/product\/22-carat-real-gold-bangle-31154\/#primaryimage"},"thumbnailUrl":"https:\/\/static.purejewels.com\/wp-content\/uploads\/2019\/10\/31158.jpg","datePublished":"2021-11-09T09:19:06+00:00","dateModified":"2022-10-14T06:41:32+00:00","breadcrumb":{"@id":"https:\/\/www.purejewels.com\/product\/22-carat-real-gold-bangle-31154\/#breadcrumb"},"inLanguage":"tr","potentialAction":[{"@type":"ReadAction","target":["https:\/\/www.purejewels.com\/product\/22-carat-real-gold-bangle-31154\/"]}]},{"@type":"ImageObject","inLanguage":"tr","@id":"https:\/\/www.purejewels.com\/product\/22-carat-real-gold-bangle-31154\/#primaryimage","url":"https:\/\/static.purejewels.com\/wp-content\/uploads\/2019\/10\/31158.jpg","contentUrl":"https:\/\/static.purejewels.com\/wp-content\/uploads\/2019\/10\/31158.jpg","width":1000,"height":1000,"caption":"22ct Gold Bangle 31158"},{"@type":"BreadcrumbList","@id":"https:\/\/www.purejewels.com\/product\/22-carat-real-gold-bangle-31154\/#breadcrumb","itemListElement":[{"@type":"ListItem","position":1,"name":"Home","item":"https:\/\/www.purejewels.com\/"},{"@type":"ListItem","position":2,"name":"Shop","item":"https:\/\/www.purejewels.com\/shop\/"},{"@type":"ListItem","position":3,"name":"22 carat Real Gold Bangle (Size 2.6)"}]},{"@type":"WebSite","@id":"https:\/\/www.purejewels.com\/#website","url":"https:\/\/www.purejewels.com\/","name":"PureJewels \u0130ngiltere","description":"Sevgiyi Payla\u015f\u0131n","publisher":{"@id":"https:\/\/www.purejewels.com\/#organization"},"potentialAction":[{"@type":"SearchAction","target":{"@type":"EntryPoint","urlTemplate":"https:\/\/www.purejewels.com\/?s={search_term_string}"},"query-input":{"@type":"PropertyValueSpecification","valueRequired":true,"valueName":"search_term_string"}}],"inLanguage":"tr"},{"@type":"Organization","@id":"https:\/\/www.purejewels.com\/#organization","name":"PureJewels \u0130ngiltere","url":"https:\/\/www.purejewels.com\/","logo":{"@type":"ImageObject","inLanguage":"tr","@id":"https:\/\/www.purejewels.com\/#\/schema\/logo\/image\/","url":"https:\/\/static.purejewels.com\/wp-content\/uploads\/2020\/11\/Logo-PJ-New-1.png","contentUrl":"https:\/\/static.purejewels.com\/wp-content\/uploads\/2020\/11\/Logo-PJ-New-1.png","width":150,"height":80,"caption":"PureJewels UK"},"image":{"@id":"https:\/\/www.purejewels.com\/#\/schema\/logo\/image\/"}}]}},"_links":{"self":[{"href":"https:\/\/www.purejewels.com\/tr\/wp-json\/wp\/v2\/product\/328244","targetHints":{"allow":["GET"]}}],"collection":[{"href":"https:\/\/www.purejewels.com\/tr\/wp-json\/wp\/v2\/product"}],"about":[{"href":"https:\/\/www.purejewels.com\/tr\/wp-json\/wp\/v2\/types\/product"}],"replies":[{"embeddable":true,"href":"https:\/\/www.purejewels.com\/tr\/wp-json\/wp\/v2\/comments?post=328244"}],"version-history":[{"count":0,"href":"https:\/\/www.purejewels.com\/tr\/wp-json\/wp\/v2\/product\/328244\/revisions"}],"wp:featuredmedia":[{"embeddable":true,"href":"https:\/\/www.purejewels.com\/tr\/wp-json\/wp\/v2\/media\/312027"}],"wp:attachment":[{"href":"https:\/\/www.purejewels.com\/tr\/wp-json\/wp\/v2\/media?parent=328244"}],"wp:term":[{"taxonomy":"product_brand","embeddable":true,"href":"https:\/\/www.purejewels.com\/tr\/wp-json\/wp\/v2\/product_brand?post=328244"},{"taxonomy":"product_cat","embeddable":true,"href":"https:\/\/www.purejewels.com\/tr\/wp-json\/wp\/v2\/product_cat?post=328244"},{"taxonomy":"product_tag","embeddable":true,"href":"https:\/\/www.purejewels.com\/tr\/wp-json\/wp\/v2\/product_tag?post=328244"}],"curies":[{"name":"wp","href":"https:\/\/api.w.org\/{rel}","templated":true}]}}