{"id":328312,"date":"2021-11-10T10:08:24","date_gmt":"2021-11-10T10:08:24","guid":{"rendered":"https:\/\/www.purejewels.com\/?post_type=product&#038;p=328312"},"modified":"2026-01-06T06:59:11","modified_gmt":"2026-01-06T06:59:11","slug":"altin-damla-kupe-22-ayar-40994","status":"publish","type":"product","link":"https:\/\/www.purejewels.com\/tr\/product\/gold-drop-earrings-in-22-carat-40994\/","title":{"rendered":"Alt\u0131n Damla K\u00fcpe 22 Ayar"},"content":{"rendered":"<ul>\n<li>A\u011f\u0131rl\u0131k: 2,5 gms<\/li>\n<li>SKU. 40994<\/li>\n<\/ul>","protected":false},"excerpt":{"rendered":"<ul>\n<li>22 Ayar Alt\u0131n K\u00fcpe \u0130ngiltere<\/li>\n<li>A\u011f\u0131rl\u0131k: 2,5 gms<\/li>\n<li>SKU. 40994<\/li>\n<li>T\u00fcm fiyatlara KDV dahildir<\/li>\n<li>Londra Tahlil Ofisi Taraf\u0131ndan Damgalanm\u0131\u015f 22 Ayar Alt\u0131n<\/li>\n<li>Sunum Kutusu ile Birlikte Gelir<\/li>\n<li>Teslimat Dahil<\/li>\n<li>Stok durumu ve stokta bulunan benzer tasar\u0131mlar\u0131n daha fazla g\u00f6r\u00fcnt\u00fcs\u00fc i\u00e7in bizimle canl\u0131 sohbet edin<\/li>\n<\/ul>","protected":false},"featured_media":327692,"comment_status":"closed","ping_status":"closed","template":"","meta":{"_eb_attr":"","_crsspst_to_jayantr4sg-hostcom":false},"product_brand":[],"product_cat":[1791,1559,1793,1685,1254,5344,1569,1573,1574],"product_tag":[66],"class_list":{"0":"post-328312","1":"product","2":"type-product","3":"status-publish","4":"has-post-thumbnail","6":"product_cat-anniversary-gifts","7":"product_cat-birthday-gifts","8":"product_cat-diwali-gifts","9":"product_cat-drop-earrings","10":"product_cat-gold-earrings","11":"product_cat-jewellery-under-750","12":"product_cat-valentine-day-gifts","13":"product_cat-wedding-gifts","14":"product_cat-womens-jewellery","15":"product_tag-earrings","17":"first","18":"outofstock","19":"taxable","20":"shipping-taxable","21":"product-type-simple","22":"add-to-wishlist-before_image"},"yoast_head":"<!-- This site is optimized with the Yoast SEO plugin v27.3 - https:\/\/yoast.com\/product\/yoast-seo-wordpress\/ -->\n<title>Gold Drop Earrings in 22 Carat - PureJewels UK<\/title>\n<meta name=\"robots\" content=\"index, follow, max-snippet:-1, max-image-preview:large, max-video-preview:-1\" \/>\n<link rel=\"canonical\" href=\"https:\/\/www.purejewels.com\/tr\/urun\/altin-damla-kupe-22-ayar-40994\/\" \/>\n<meta property=\"og:locale\" content=\"tr_TR\" \/>\n<meta property=\"og:type\" content=\"article\" \/>\n<meta property=\"og:title\" content=\"Gold Drop Earrings in 22 Carat - PureJewels UK\" \/>\n<meta property=\"og:description\" content=\"22 Carat Gold Earrings UK  Wt: 2.5 gms  SKU. 40994  All prices include VAT  22ct Gold\u00a0Hallmarked by London Assay Office  Comes With Presentation Box  Delivery Included  Live chat with us for availability and more images of similar designs currently in stock\" \/>\n<meta property=\"og:url\" content=\"https:\/\/www.purejewels.com\/tr\/urun\/altin-damla-kupe-22-ayar-40994\/\" \/>\n<meta property=\"og:site_name\" content=\"PureJewels UK\" \/>\n<meta property=\"article:modified_time\" content=\"2026-01-06T06:59:11+00:00\" \/>\n<meta property=\"og:image\" content=\"https:\/\/www.purejewels.com\/wp-content\/uploads\/2021\/10\/40671-1.jpg\" \/>\n\t<meta property=\"og:image:width\" content=\"1000\" \/>\n\t<meta property=\"og:image:height\" content=\"1000\" \/>\n\t<meta property=\"og:image:type\" content=\"image\/jpeg\" \/>\n<meta name=\"twitter:card\" content=\"summary_large_image\" \/>\n<script type=\"application\/ld+json\" class=\"yoast-schema-graph\">{\"@context\":\"https:\\\/\\\/schema.org\",\"@graph\":[{\"@type\":[\"WebPage\",\"ItemPage\"],\"@id\":\"https:\\\/\\\/www.purejewels.com\\\/product\\\/gold-drop-earrings-in-22-carat-40994\\\/\",\"url\":\"https:\\\/\\\/www.purejewels.com\\\/product\\\/gold-drop-earrings-in-22-carat-40994\\\/\",\"name\":\"Gold Drop Earrings in 22 Carat - PureJewels UK\",\"isPartOf\":{\"@id\":\"https:\\\/\\\/www.purejewels.com\\\/#website\"},\"primaryImageOfPage\":{\"@id\":\"https:\\\/\\\/www.purejewels.com\\\/product\\\/gold-drop-earrings-in-22-carat-40994\\\/#primaryimage\"},\"image\":{\"@id\":\"https:\\\/\\\/www.purejewels.com\\\/product\\\/gold-drop-earrings-in-22-carat-40994\\\/#primaryimage\"},\"thumbnailUrl\":\"https:\\\/\\\/static.purejewels.com\\\/wp-content\\\/uploads\\\/2021\\\/10\\\/40671-1.jpg\",\"datePublished\":\"2021-11-10T10:08:24+00:00\",\"dateModified\":\"2026-01-06T06:59:11+00:00\",\"breadcrumb\":{\"@id\":\"https:\\\/\\\/www.purejewels.com\\\/product\\\/gold-drop-earrings-in-22-carat-40994\\\/#breadcrumb\"},\"inLanguage\":\"tr\",\"potentialAction\":[{\"@type\":\"ReadAction\",\"target\":[\"https:\\\/\\\/www.purejewels.com\\\/product\\\/gold-drop-earrings-in-22-carat-40994\\\/\"]}]},{\"@type\":\"ImageObject\",\"inLanguage\":\"tr\",\"@id\":\"https:\\\/\\\/www.purejewels.com\\\/product\\\/gold-drop-earrings-in-22-carat-40994\\\/#primaryimage\",\"url\":\"https:\\\/\\\/static.purejewels.com\\\/wp-content\\\/uploads\\\/2021\\\/10\\\/40671-1.jpg\",\"contentUrl\":\"https:\\\/\\\/static.purejewels.com\\\/wp-content\\\/uploads\\\/2021\\\/10\\\/40671-1.jpg\",\"width\":1000,\"height\":1000,\"caption\":\"22ct Gold Earring 40671-1\"},{\"@type\":\"BreadcrumbList\",\"@id\":\"https:\\\/\\\/www.purejewels.com\\\/product\\\/gold-drop-earrings-in-22-carat-40994\\\/#breadcrumb\",\"itemListElement\":[{\"@type\":\"ListItem\",\"position\":1,\"name\":\"Home\",\"item\":\"https:\\\/\\\/www.purejewels.com\\\/\"},{\"@type\":\"ListItem\",\"position\":2,\"name\":\"Shop\",\"item\":\"https:\\\/\\\/www.purejewels.com\\\/shop\\\/\"},{\"@type\":\"ListItem\",\"position\":3,\"name\":\"Gold Drop Earrings in 22 Carat\"}]},{\"@type\":\"WebSite\",\"@id\":\"https:\\\/\\\/www.purejewels.com\\\/#website\",\"url\":\"https:\\\/\\\/www.purejewels.com\\\/\",\"name\":\"PureJewels UK\",\"description\":\"Share the Love\",\"publisher\":{\"@id\":\"https:\\\/\\\/www.purejewels.com\\\/#organization\"},\"potentialAction\":[{\"@type\":\"SearchAction\",\"target\":{\"@type\":\"EntryPoint\",\"urlTemplate\":\"https:\\\/\\\/www.purejewels.com\\\/?s={search_term_string}\"},\"query-input\":{\"@type\":\"PropertyValueSpecification\",\"valueRequired\":true,\"valueName\":\"search_term_string\"}}],\"inLanguage\":\"tr\"},{\"@type\":\"Organization\",\"@id\":\"https:\\\/\\\/www.purejewels.com\\\/#organization\",\"name\":\"PureJewels UK\",\"url\":\"https:\\\/\\\/www.purejewels.com\\\/\",\"logo\":{\"@type\":\"ImageObject\",\"inLanguage\":\"tr\",\"@id\":\"https:\\\/\\\/www.purejewels.com\\\/#\\\/schema\\\/logo\\\/image\\\/\",\"url\":\"https:\\\/\\\/static.purejewels.com\\\/wp-content\\\/uploads\\\/2020\\\/11\\\/Logo-PJ-New-1.png\",\"contentUrl\":\"https:\\\/\\\/static.purejewels.com\\\/wp-content\\\/uploads\\\/2020\\\/11\\\/Logo-PJ-New-1.png\",\"width\":150,\"height\":80,\"caption\":\"PureJewels UK\"},\"image\":{\"@id\":\"https:\\\/\\\/www.purejewels.com\\\/#\\\/schema\\\/logo\\\/image\\\/\"}}]}<\/script>\n<!-- \/ Yoast SEO plugin. -->","yoast_head_json":{"title":"Alt\u0131n Damla K\u00fcpe 22 Ayar - PureJewels UK","robots":{"index":"index","follow":"follow","max-snippet":"max-snippet:-1","max-image-preview":"max-image-preview:large","max-video-preview":"max-video-preview:-1"},"canonical":"https:\/\/www.purejewels.com\/tr\/urun\/altin-damla-kupe-22-ayar-40994\/","og_locale":"tr_TR","og_type":"article","og_title":"Gold Drop Earrings in 22 Carat - PureJewels UK","og_description":"22 Carat Gold Earrings UK  Wt: 2.5 gms  SKU. 40994  All prices include VAT  22ct Gold\u00a0Hallmarked by London Assay Office  Comes With Presentation Box  Delivery Included  Live chat with us for availability and more images of similar designs currently in stock","og_url":"https:\/\/www.purejewels.com\/tr\/urun\/altin-damla-kupe-22-ayar-40994\/","og_site_name":"PureJewels UK","article_modified_time":"2026-01-06T06:59:11+00:00","og_image":[{"width":1000,"height":1000,"url":"https:\/\/www.purejewels.com\/wp-content\/uploads\/2021\/10\/40671-1.jpg","type":"image\/jpeg"}],"twitter_card":"summary_large_image","schema":{"@context":"https:\/\/schema.org","@graph":[{"@type":["WebPage","ItemPage"],"@id":"https:\/\/www.purejewels.com\/product\/gold-drop-earrings-in-22-carat-40994\/","url":"https:\/\/www.purejewels.com\/product\/gold-drop-earrings-in-22-carat-40994\/","name":"Alt\u0131n Damla K\u00fcpe 22 Ayar - PureJewels UK","isPartOf":{"@id":"https:\/\/www.purejewels.com\/#website"},"primaryImageOfPage":{"@id":"https:\/\/www.purejewels.com\/product\/gold-drop-earrings-in-22-carat-40994\/#primaryimage"},"image":{"@id":"https:\/\/www.purejewels.com\/product\/gold-drop-earrings-in-22-carat-40994\/#primaryimage"},"thumbnailUrl":"https:\/\/static.purejewels.com\/wp-content\/uploads\/2021\/10\/40671-1.jpg","datePublished":"2021-11-10T10:08:24+00:00","dateModified":"2026-01-06T06:59:11+00:00","breadcrumb":{"@id":"https:\/\/www.purejewels.com\/product\/gold-drop-earrings-in-22-carat-40994\/#breadcrumb"},"inLanguage":"tr","potentialAction":[{"@type":"ReadAction","target":["https:\/\/www.purejewels.com\/product\/gold-drop-earrings-in-22-carat-40994\/"]}]},{"@type":"ImageObject","inLanguage":"tr","@id":"https:\/\/www.purejewels.com\/product\/gold-drop-earrings-in-22-carat-40994\/#primaryimage","url":"https:\/\/static.purejewels.com\/wp-content\/uploads\/2021\/10\/40671-1.jpg","contentUrl":"https:\/\/static.purejewels.com\/wp-content\/uploads\/2021\/10\/40671-1.jpg","width":1000,"height":1000,"caption":"22ct Gold Earring 40671-1"},{"@type":"BreadcrumbList","@id":"https:\/\/www.purejewels.com\/product\/gold-drop-earrings-in-22-carat-40994\/#breadcrumb","itemListElement":[{"@type":"ListItem","position":1,"name":"Home","item":"https:\/\/www.purejewels.com\/"},{"@type":"ListItem","position":2,"name":"Shop","item":"https:\/\/www.purejewels.com\/shop\/"},{"@type":"ListItem","position":3,"name":"Gold Drop Earrings in 22 Carat"}]},{"@type":"WebSite","@id":"https:\/\/www.purejewels.com\/#website","url":"https:\/\/www.purejewels.com\/","name":"PureJewels \u0130ngiltere","description":"Sevgiyi Payla\u015f\u0131n","publisher":{"@id":"https:\/\/www.purejewels.com\/#organization"},"potentialAction":[{"@type":"SearchAction","target":{"@type":"EntryPoint","urlTemplate":"https:\/\/www.purejewels.com\/?s={search_term_string}"},"query-input":{"@type":"PropertyValueSpecification","valueRequired":true,"valueName":"search_term_string"}}],"inLanguage":"tr"},{"@type":"Organization","@id":"https:\/\/www.purejewels.com\/#organization","name":"PureJewels \u0130ngiltere","url":"https:\/\/www.purejewels.com\/","logo":{"@type":"ImageObject","inLanguage":"tr","@id":"https:\/\/www.purejewels.com\/#\/schema\/logo\/image\/","url":"https:\/\/static.purejewels.com\/wp-content\/uploads\/2020\/11\/Logo-PJ-New-1.png","contentUrl":"https:\/\/static.purejewels.com\/wp-content\/uploads\/2020\/11\/Logo-PJ-New-1.png","width":150,"height":80,"caption":"PureJewels UK"},"image":{"@id":"https:\/\/www.purejewels.com\/#\/schema\/logo\/image\/"}}]}},"_links":{"self":[{"href":"https:\/\/www.purejewels.com\/tr\/wp-json\/wp\/v2\/product\/328312","targetHints":{"allow":["GET"]}}],"collection":[{"href":"https:\/\/www.purejewels.com\/tr\/wp-json\/wp\/v2\/product"}],"about":[{"href":"https:\/\/www.purejewels.com\/tr\/wp-json\/wp\/v2\/types\/product"}],"replies":[{"embeddable":true,"href":"https:\/\/www.purejewels.com\/tr\/wp-json\/wp\/v2\/comments?post=328312"}],"version-history":[{"count":0,"href":"https:\/\/www.purejewels.com\/tr\/wp-json\/wp\/v2\/product\/328312\/revisions"}],"wp:featuredmedia":[{"embeddable":true,"href":"https:\/\/www.purejewels.com\/tr\/wp-json\/wp\/v2\/media\/327692"}],"wp:attachment":[{"href":"https:\/\/www.purejewels.com\/tr\/wp-json\/wp\/v2\/media?parent=328312"}],"wp:term":[{"taxonomy":"product_brand","embeddable":true,"href":"https:\/\/www.purejewels.com\/tr\/wp-json\/wp\/v2\/product_brand?post=328312"},{"taxonomy":"product_cat","embeddable":true,"href":"https:\/\/www.purejewels.com\/tr\/wp-json\/wp\/v2\/product_cat?post=328312"},{"taxonomy":"product_tag","embeddable":true,"href":"https:\/\/www.purejewels.com\/tr\/wp-json\/wp\/v2\/product_tag?post=328312"}],"curies":[{"name":"wp","href":"https:\/\/api.w.org\/{rel}","templated":true}]}}