{"id":328314,"date":"2021-11-10T10:15:11","date_gmt":"2021-11-10T10:15:11","guid":{"rendered":"https:\/\/www.purejewels.com\/?post_type=product&#038;p=328314"},"modified":"2026-01-06T06:59:11","modified_gmt":"2026-01-06T06:59:11","slug":"22-ayar-altin-kupe-40993","status":"publish","type":"product","link":"https:\/\/www.purejewels.com\/tr\/product\/22-carat-gold-earring-40993\/","title":{"rendered":"22 ayar alt\u0131n sonsuzluk b\u00fck\u00fcml\u00fc k\u00fcpeler"},"content":{"rendered":"<h3 data-start=\"668\" data-end=\"682\"><strong data-start=\"672\" data-end=\"682\">Tasar\u0131m<\/strong><\/h3>\n<p data-start=\"683\" data-end=\"1031\">Bu k\u00fcpeler, ba\u011flant\u0131 ve zarafeti simgeleyen heykelsi bir sonsuzluk b\u00fck\u00fcm\u00fc sil\u00fcetiyle tasarlanm\u0131\u015ft\u0131r. Uzun damla \u015fekli, y\u00fcz\u00fc g\u00fczelle\u015ftiren zarif bir \u00e7izgi olu\u015ftururken, elmas kesim vurgular b\u00fcy\u00fcleyici bir parlakl\u0131k katar. Rodyum detaylarla elde edilen \u00e7ift tonlu estetik, klasik alt\u0131n\u0131n \u00e7a\u011fda\u015f bir yorumunu sunar.<\/p>\n<h3 data-start=\"1033\" data-end=\"1054\"><strong data-start=\"1037\" data-end=\"1054\">Zanaatkarl\u0131k<\/strong><\/h3>\n<p data-start=\"1055\" data-end=\"1374\">Y\u00fcksek safl\u0131kta 22 ayar alt\u0131nla el i\u015f\u00e7ili\u011fi ile \u00fcretilen her bir k\u0131vr\u0131m, uyumlu bir b\u00fck\u00fclme yap\u0131s\u0131 olu\u015fturmak i\u00e7in titizlikle \u015fekillendirilmi\u015ftir. Elmas kesim y\u00fczey \u0131\u015f\u0131\u011f\u0131 g\u00fczel bir \u015fekilde yans\u0131t\u0131r ve modern cazibesini art\u0131ran ince bir rodyum kaplama ile tamamlan\u0131r. Her bir \u00e7ift, \u0130ngiltere'de tam olarak damgalanarak \u00f6zg\u00fcnl\u00fc\u011f\u00fc ve safl\u0131\u011f\u0131 garanti alt\u0131na al\u0131n\u0131r.<\/p>\n<h3 data-start=\"1376\" data-end=\"1401\"><strong data-start=\"1380\" data-end=\"1401\">\u015eekillendirme &amp; Hediyele\u015fme<\/strong><\/h3>\n<p data-start=\"1402\" data-end=\"1706\">D\u00fc\u011f\u00fcnler, kutlama etkinlikleri ve sofistike ak\u015famlar i\u00e7in \u00e7ok y\u00f6nl\u00fc bir se\u00e7im. Bu dikkat \u00e7ekici ancak hafif damla kolyeler, minimalist alt\u0131n zincirler veya \u015f\u0131k kokteyl k\u0131yafetleriyle m\u00fckemmel uyum sa\u011flar. Y\u0131ld\u00f6n\u00fcmleri, do\u011fum g\u00fcnleri veya hat\u0131rlanmaya de\u011fer \u00f6zel anlar gibi \u00f6nemli kutlamalar i\u00e7in d\u00fc\u015f\u00fcnceli bir hediye.<\/p>","protected":false},"excerpt":{"rendered":"<ul>\n<li>22 Ayar Alt\u0131n K\u00fcpe<\/li>\n<li>Rodyum Cila ile<\/li>\n<li>A\u011f\u0131rl\u0131k 4,9 gms<\/li>\n<li>SKU. 40993<\/li>\n<li>T\u00fcm fiyatlara KDV dahildir<\/li>\n<li>London Assay Office taraf\u0131ndan damgalanm\u0131\u015f alt\u0131n<\/li>\n<li>22 Ayar Alt\u0131n K\u00fcpe Sunum Kutusuyla Birlikte Gelir<\/li>\n<li>Teslimat Dahil<\/li>\n<li>M\u00fccevher hediye setlerinin mevcudiyeti ve daha fazla g\u00f6rsel i\u00e7in bizimle canl\u0131 sohbet edin<\/li>\n<\/ul>","protected":false},"featured_media":314277,"comment_status":"closed","ping_status":"closed","template":"","meta":{"_eb_attr":"","_crsspst_to_jayantr4sg-hostcom":false},"product_brand":[],"product_cat":[1791,1559,1794,1685,1254,5344,1573,1574],"product_tag":[66],"class_list":{"0":"post-328314","1":"product","2":"type-product","3":"status-publish","4":"has-post-thumbnail","6":"product_cat-anniversary-gifts","7":"product_cat-birthday-gifts","8":"product_cat-christmas-gifts","9":"product_cat-drop-earrings","10":"product_cat-gold-earrings","11":"product_cat-jewellery-under-750","12":"product_cat-wedding-gifts","13":"product_cat-womens-jewellery","14":"product_tag-earrings","16":"first","17":"outofstock","18":"taxable","19":"shipping-taxable","20":"product-type-simple","21":"add-to-wishlist-before_image"},"yoast_head":"<!-- This site is optimized with the Yoast SEO plugin v27.3 - https:\/\/yoast.com\/product\/yoast-seo-wordpress\/ -->\n<title>Dual-Tone Helix Drop Earrings in 22ct Gold | PureJewels UK<\/title>\n<meta name=\"description\" content=\"Elegant 22ct gold drop earrings with a dual-tone infinity twist design and rhodium shine. Fully hallmarked in the UK and perfect for gifting and celebrations.\" \/>\n<meta name=\"robots\" content=\"index, follow, max-snippet:-1, max-image-preview:large, max-video-preview:-1\" \/>\n<link rel=\"canonical\" href=\"https:\/\/www.purejewels.com\/tr\/urun\/22-ayar-altin-kupe-40993\/\" \/>\n<meta property=\"og:locale\" content=\"tr_TR\" \/>\n<meta property=\"og:type\" content=\"article\" \/>\n<meta property=\"og:title\" content=\"Dual-Tone Helix Drop Earrings in 22ct Gold | PureJewels UK\" \/>\n<meta property=\"og:description\" content=\"Elegant 22ct gold drop earrings with a dual-tone infinity twist design and rhodium shine. Fully hallmarked in the UK and perfect for gifting and celebrations.\" \/>\n<meta property=\"og:url\" content=\"https:\/\/www.purejewels.com\/tr\/urun\/22-ayar-altin-kupe-40993\/\" \/>\n<meta property=\"og:site_name\" content=\"PureJewels UK\" \/>\n<meta property=\"article:modified_time\" content=\"2026-01-06T06:59:11+00:00\" \/>\n<meta property=\"og:image\" content=\"https:\/\/static.purejewels.com\/wp-content\/uploads\/2020\/05\/171228304.jpg\" \/>\n\t<meta property=\"og:image:width\" content=\"1000\" \/>\n\t<meta property=\"og:image:height\" content=\"1000\" \/>\n\t<meta property=\"og:image:type\" content=\"image\/jpeg\" \/>\n<meta name=\"twitter:card\" content=\"summary_large_image\" \/>\n<meta name=\"twitter:label1\" content=\"Tahmini okuma s\u00fcresi\" \/>\n\t<meta name=\"twitter:data1\" content=\"1 dakika\" \/>\n<script type=\"application\/ld+json\" class=\"yoast-schema-graph\">{\"@context\":\"https:\\\/\\\/schema.org\",\"@graph\":[{\"@type\":[\"WebPage\",\"ItemPage\"],\"@id\":\"https:\\\/\\\/www.purejewels.com\\\/product\\\/22-carat-gold-earring-40993\\\/\",\"url\":\"https:\\\/\\\/www.purejewels.com\\\/product\\\/22-carat-gold-earring-40993\\\/\",\"name\":\"Dual-Tone Helix Drop Earrings in 22ct Gold | PureJewels UK\",\"isPartOf\":{\"@id\":\"https:\\\/\\\/www.purejewels.com\\\/#website\"},\"primaryImageOfPage\":{\"@id\":\"https:\\\/\\\/www.purejewels.com\\\/product\\\/22-carat-gold-earring-40993\\\/#primaryimage\"},\"image\":{\"@id\":\"https:\\\/\\\/www.purejewels.com\\\/product\\\/22-carat-gold-earring-40993\\\/#primaryimage\"},\"thumbnailUrl\":\"https:\\\/\\\/static.purejewels.com\\\/wp-content\\\/uploads\\\/2020\\\/05\\\/171228304.jpg\",\"datePublished\":\"2021-11-10T10:15:11+00:00\",\"dateModified\":\"2026-01-06T06:59:11+00:00\",\"description\":\"Elegant 22ct gold drop earrings with a dual-tone infinity twist design and rhodium shine. Fully hallmarked in the UK and perfect for gifting and celebrations.\",\"breadcrumb\":{\"@id\":\"https:\\\/\\\/www.purejewels.com\\\/product\\\/22-carat-gold-earring-40993\\\/#breadcrumb\"},\"inLanguage\":\"tr\",\"potentialAction\":[{\"@type\":\"ReadAction\",\"target\":[\"https:\\\/\\\/www.purejewels.com\\\/product\\\/22-carat-gold-earring-40993\\\/\"]}]},{\"@type\":\"ImageObject\",\"inLanguage\":\"tr\",\"@id\":\"https:\\\/\\\/www.purejewels.com\\\/product\\\/22-carat-gold-earring-40993\\\/#primaryimage\",\"url\":\"https:\\\/\\\/static.purejewels.com\\\/wp-content\\\/uploads\\\/2020\\\/05\\\/171228304.jpg\",\"contentUrl\":\"https:\\\/\\\/static.purejewels.com\\\/wp-content\\\/uploads\\\/2020\\\/05\\\/171228304.jpg\",\"width\":1000,\"height\":1000,\"caption\":\"32593\"},{\"@type\":\"BreadcrumbList\",\"@id\":\"https:\\\/\\\/www.purejewels.com\\\/product\\\/22-carat-gold-earring-40993\\\/#breadcrumb\",\"itemListElement\":[{\"@type\":\"ListItem\",\"position\":1,\"name\":\"Home\",\"item\":\"https:\\\/\\\/www.purejewels.com\\\/\"},{\"@type\":\"ListItem\",\"position\":2,\"name\":\"Shop\",\"item\":\"https:\\\/\\\/www.purejewels.com\\\/shop\\\/\"},{\"@type\":\"ListItem\",\"position\":3,\"name\":\"22ct Gold Infinity Twist Earrings\"}]},{\"@type\":\"WebSite\",\"@id\":\"https:\\\/\\\/www.purejewels.com\\\/#website\",\"url\":\"https:\\\/\\\/www.purejewels.com\\\/\",\"name\":\"PureJewels UK\",\"description\":\"Share the Love\",\"publisher\":{\"@id\":\"https:\\\/\\\/www.purejewels.com\\\/#organization\"},\"potentialAction\":[{\"@type\":\"SearchAction\",\"target\":{\"@type\":\"EntryPoint\",\"urlTemplate\":\"https:\\\/\\\/www.purejewels.com\\\/?s={search_term_string}\"},\"query-input\":{\"@type\":\"PropertyValueSpecification\",\"valueRequired\":true,\"valueName\":\"search_term_string\"}}],\"inLanguage\":\"tr\"},{\"@type\":\"Organization\",\"@id\":\"https:\\\/\\\/www.purejewels.com\\\/#organization\",\"name\":\"PureJewels UK\",\"url\":\"https:\\\/\\\/www.purejewels.com\\\/\",\"logo\":{\"@type\":\"ImageObject\",\"inLanguage\":\"tr\",\"@id\":\"https:\\\/\\\/www.purejewels.com\\\/#\\\/schema\\\/logo\\\/image\\\/\",\"url\":\"https:\\\/\\\/static.purejewels.com\\\/wp-content\\\/uploads\\\/2020\\\/11\\\/Logo-PJ-New-1.png\",\"contentUrl\":\"https:\\\/\\\/static.purejewels.com\\\/wp-content\\\/uploads\\\/2020\\\/11\\\/Logo-PJ-New-1.png\",\"width\":150,\"height\":80,\"caption\":\"PureJewels UK\"},\"image\":{\"@id\":\"https:\\\/\\\/www.purejewels.com\\\/#\\\/schema\\\/logo\\\/image\\\/\"}}]}<\/script>\n<!-- \/ Yoast SEO plugin. -->","yoast_head_json":{"title":"22 ayar alt\u0131n \u00e7ift tonlu sarmal damla k\u00fcpe | PureJewels UK","description":"\u00c7ift tonlu sonsuzluk b\u00fck\u00fcm tasar\u0131ml\u0131 ve rodyum parlakl\u0131\u011f\u0131na sahip zarif 22 ayar alt\u0131n damla k\u00fcpeler. \u0130ngiltere'de tam damgal\u0131 ve hediye ve kutlamalar i\u00e7in m\u00fckemmel.","robots":{"index":"index","follow":"follow","max-snippet":"max-snippet:-1","max-image-preview":"max-image-preview:large","max-video-preview":"max-video-preview:-1"},"canonical":"https:\/\/www.purejewels.com\/tr\/urun\/22-ayar-altin-kupe-40993\/","og_locale":"tr_TR","og_type":"article","og_title":"Dual-Tone Helix Drop Earrings in 22ct Gold | PureJewels UK","og_description":"Elegant 22ct gold drop earrings with a dual-tone infinity twist design and rhodium shine. Fully hallmarked in the UK and perfect for gifting and celebrations.","og_url":"https:\/\/www.purejewels.com\/tr\/urun\/22-ayar-altin-kupe-40993\/","og_site_name":"PureJewels UK","article_modified_time":"2026-01-06T06:59:11+00:00","og_image":[{"width":1000,"height":1000,"url":"https:\/\/static.purejewels.com\/wp-content\/uploads\/2020\/05\/171228304.jpg","type":"image\/jpeg"}],"twitter_card":"summary_large_image","twitter_misc":{"Tahmini okuma s\u00fcresi":"1 dakika"},"schema":{"@context":"https:\/\/schema.org","@graph":[{"@type":["WebPage","ItemPage"],"@id":"https:\/\/www.purejewels.com\/product\/22-carat-gold-earring-40993\/","url":"https:\/\/www.purejewels.com\/product\/22-carat-gold-earring-40993\/","name":"22 ayar alt\u0131n \u00e7ift tonlu sarmal damla k\u00fcpe | PureJewels UK","isPartOf":{"@id":"https:\/\/www.purejewels.com\/#website"},"primaryImageOfPage":{"@id":"https:\/\/www.purejewels.com\/product\/22-carat-gold-earring-40993\/#primaryimage"},"image":{"@id":"https:\/\/www.purejewels.com\/product\/22-carat-gold-earring-40993\/#primaryimage"},"thumbnailUrl":"https:\/\/static.purejewels.com\/wp-content\/uploads\/2020\/05\/171228304.jpg","datePublished":"2021-11-10T10:15:11+00:00","dateModified":"2026-01-06T06:59:11+00:00","description":"\u00c7ift tonlu sonsuzluk b\u00fck\u00fcm tasar\u0131ml\u0131 ve rodyum parlakl\u0131\u011f\u0131na sahip zarif 22 ayar alt\u0131n damla k\u00fcpeler. \u0130ngiltere'de tam damgal\u0131 ve hediye ve kutlamalar i\u00e7in m\u00fckemmel.","breadcrumb":{"@id":"https:\/\/www.purejewels.com\/product\/22-carat-gold-earring-40993\/#breadcrumb"},"inLanguage":"tr","potentialAction":[{"@type":"ReadAction","target":["https:\/\/www.purejewels.com\/product\/22-carat-gold-earring-40993\/"]}]},{"@type":"ImageObject","inLanguage":"tr","@id":"https:\/\/www.purejewels.com\/product\/22-carat-gold-earring-40993\/#primaryimage","url":"https:\/\/static.purejewels.com\/wp-content\/uploads\/2020\/05\/171228304.jpg","contentUrl":"https:\/\/static.purejewels.com\/wp-content\/uploads\/2020\/05\/171228304.jpg","width":1000,"height":1000,"caption":"32593"},{"@type":"BreadcrumbList","@id":"https:\/\/www.purejewels.com\/product\/22-carat-gold-earring-40993\/#breadcrumb","itemListElement":[{"@type":"ListItem","position":1,"name":"Home","item":"https:\/\/www.purejewels.com\/"},{"@type":"ListItem","position":2,"name":"Shop","item":"https:\/\/www.purejewels.com\/shop\/"},{"@type":"ListItem","position":3,"name":"22ct Gold Infinity Twist Earrings"}]},{"@type":"WebSite","@id":"https:\/\/www.purejewels.com\/#website","url":"https:\/\/www.purejewels.com\/","name":"PureJewels \u0130ngiltere","description":"Sevgiyi Payla\u015f\u0131n","publisher":{"@id":"https:\/\/www.purejewels.com\/#organization"},"potentialAction":[{"@type":"SearchAction","target":{"@type":"EntryPoint","urlTemplate":"https:\/\/www.purejewels.com\/?s={search_term_string}"},"query-input":{"@type":"PropertyValueSpecification","valueRequired":true,"valueName":"search_term_string"}}],"inLanguage":"tr"},{"@type":"Organization","@id":"https:\/\/www.purejewels.com\/#organization","name":"PureJewels \u0130ngiltere","url":"https:\/\/www.purejewels.com\/","logo":{"@type":"ImageObject","inLanguage":"tr","@id":"https:\/\/www.purejewels.com\/#\/schema\/logo\/image\/","url":"https:\/\/static.purejewels.com\/wp-content\/uploads\/2020\/11\/Logo-PJ-New-1.png","contentUrl":"https:\/\/static.purejewels.com\/wp-content\/uploads\/2020\/11\/Logo-PJ-New-1.png","width":150,"height":80,"caption":"PureJewels UK"},"image":{"@id":"https:\/\/www.purejewels.com\/#\/schema\/logo\/image\/"}}]}},"_links":{"self":[{"href":"https:\/\/www.purejewels.com\/tr\/wp-json\/wp\/v2\/product\/328314","targetHints":{"allow":["GET"]}}],"collection":[{"href":"https:\/\/www.purejewels.com\/tr\/wp-json\/wp\/v2\/product"}],"about":[{"href":"https:\/\/www.purejewels.com\/tr\/wp-json\/wp\/v2\/types\/product"}],"replies":[{"embeddable":true,"href":"https:\/\/www.purejewels.com\/tr\/wp-json\/wp\/v2\/comments?post=328314"}],"version-history":[{"count":1,"href":"https:\/\/www.purejewels.com\/tr\/wp-json\/wp\/v2\/product\/328314\/revisions"}],"predecessor-version":[{"id":422678,"href":"https:\/\/www.purejewels.com\/tr\/wp-json\/wp\/v2\/product\/328314\/revisions\/422678"}],"wp:featuredmedia":[{"embeddable":true,"href":"https:\/\/www.purejewels.com\/tr\/wp-json\/wp\/v2\/media\/314277"}],"wp:attachment":[{"href":"https:\/\/www.purejewels.com\/tr\/wp-json\/wp\/v2\/media?parent=328314"}],"wp:term":[{"taxonomy":"product_brand","embeddable":true,"href":"https:\/\/www.purejewels.com\/tr\/wp-json\/wp\/v2\/product_brand?post=328314"},{"taxonomy":"product_cat","embeddable":true,"href":"https:\/\/www.purejewels.com\/tr\/wp-json\/wp\/v2\/product_cat?post=328314"},{"taxonomy":"product_tag","embeddable":true,"href":"https:\/\/www.purejewels.com\/tr\/wp-json\/wp\/v2\/product_tag?post=328314"}],"curies":[{"name":"wp","href":"https:\/\/api.w.org\/{rel}","templated":true}]}}