{"id":328499,"date":"2024-12-27T07:54:44","date_gmt":"2024-12-27T07:54:44","guid":{"rendered":"https:\/\/www.purejewels.com\/?post_type=product&#038;p=328499"},"modified":"2026-01-06T10:12:52","modified_gmt":"2026-01-06T10:12:52","slug":"22-ayar-altin-bayan-bileklik-49744","status":"publish","type":"product","link":"https:\/\/www.purejewels.com\/tr\/product\/22ct-gold-ladies-bracelet-49744\/","title":{"rendered":"22 Ayar Alt\u0131n Tilki Kuyru\u011fu Zincir Bileklik | 8 \u0130n\u00e7"},"content":{"rendered":"<h2>Tilki Kuyru\u011fu Zincir Bileklik 22 Ayar Ger\u00e7ek Alt\u0131n<\/h2>\n<p>E\u015fsiz ve modern benli\u011finizden ilham alan bu 22K Sar\u0131 <a href=\"https:\/\/www.purejewels.com\/tr\/product\/22ct-gold-mens-bracelet\/\">Alt\u0131n Bilezik<\/a> s\u0131n\u0131f\u0131n ve modernli\u011fin \u00f6z\u00fcd\u00fcr. Bilek aksesuarlar\u0131 \u00e7a\u011flar boyunca kullan\u0131lm\u0131\u015f ve geleneksel Hint m\u00fccevher kutusunun \u00f6nemli bir par\u00e7as\u0131 olmu\u015ftur. Bilek boyunca istifleme \u015feklindeki modern trendler nedeniyle bu t\u00fcr par\u00e7alar yeniden moda olmaya ba\u015flam\u0131\u015ft\u0131r.<\/p>\n<p>Bu 22 ayar alt\u0131n <a href=\"https:\/\/www.purejewels.com\/tr\/product-category\/22ct-gold-jewellery\/gold-bracelet\/\">Bilezik<\/a> l\u00fcks bir tasar\u0131ma ve karma\u015f\u0131k <a href=\"https:\/\/www.purejewels.com\/tr\/a-guide-to-die-stamping\/\">zanaatkarl\u0131k<\/a>. Bileklik, her bir halkan\u0131n di\u011feriyle g\u00fczel bir \u015fekilde \u00f6r\u00fclmesiyle hayat bulmu\u015f ve \u00fcst y\u00fczeyi fasetle s\u00fcslenmi\u015ftir. <a href=\"https:\/\/www.purejewels.com\/tr\/product\/22ct-gold-pretty-ladies-bracelet-7-inches-42354\/\">alt\u0131n boncuklar<\/a> ve minyat\u00fcr \u00e7i\u00e7ekler. Her bir unsur b\u00fcy\u00fck bir \u00f6zenle elle i\u015flenmi\u015ftir. 22 ayar alt\u0131n bayan bilekli\u011fimiz sadece y\u00fczeyde de\u011fil, sonuna kadar l\u00fcks g\u00f6r\u00fcn\u00fcyor. Bilezi\u011fin ucunda zarif bir kapan\u0131\u015f ve narin zincir p\u00fcsk\u00fclleri vard\u0131r, b\u00f6ylece onu l\u00fcks saatinizle \u00fcst \u00fcste koyabilir ve her ikisi de e\u015fit g\u00f6r\u00fcnebilir. Bu e\u015fsiz ve de\u011ferli bileklik, ister bat\u0131, ister boho, ister \u015f\u0131k, ister plaj, hatta ister Hint k\u0131yafeti olsun, her k\u0131yafetle muhte\u015fem bir \u015fekilde e\u015fle\u015ftirilebilir. \u00d6zel girdilerle elle tasarlanan, olu\u015fturulan ve \u00fcretilen 22 ayar alt\u0131ndan bu muhte\u015fem bilezik sizinle konu\u015fuyor, sizi temsil ediyor ve tamamen sizinle ilgili.<\/p>","protected":false},"excerpt":{"rendered":"<ul>\n<li>22 Ayar Alt\u0131n Tilki Kuyru\u011fu Zincir <span id=\"urn:enhancement-538924bd\" class=\"textannotation\">Bilezik<\/span><\/li>\n<li><span id=\"urn:enhancement-6747e9f7\" class=\"textannotation\">SKU<\/span>.49744<\/li>\n<li>A\u011f\u0131rl\u0131k 7,5 gms<\/li>\n<li>Uzunluk 8 \u0130n\u00e7<\/li>\n<li>T\u00fcm\u00fc\u00a0<span id=\"urn:enhancement-ec919884\" class=\"textannotation\">fiyatlar<\/span>\u00a0KDV dahil<\/li>\n<li>B\u00fct\u00fcn\u00a0<span id=\"urn:enhancement-e2c31b67\" class=\"textannotation\">\u00fcr\u00fcnler<\/span> Londra taraf\u0131ndan damgalanm\u0131\u015ft\u0131r.\u00a0<span id=\"urn:enhancement-f6f7f473\" class=\"textannotation\">Tahlil ofisi<\/span><\/li>\n<li>ile birlikte gelir <span id=\"urn:enhancement-eb1d83be\" class=\"textannotation\">SUNUM<\/span>\u00a0kutu<\/li>\n<li><span id=\"urn:enhancement-57eddc7f\" class=\"textannotation\">Teslimat<\/span>\u00a0Dahil<\/li>\n<li>M\u00fcsaitlik durumu ve Indian'\u0131n daha fazla g\u00f6r\u00fcnt\u00fcs\u00fc i\u00e7in bizimle canl\u0131 sohbet edin\u00a0<span id=\"urn:enhancement-98882da9\" class=\"textannotation\">alt\u0131n<\/span>\u00a0<span id=\"urn:enhancement-8f4863ba\" class=\"textannotation\">M\u00dcCEVHERLER<\/span>\u00a0\u0130ngiltere<\/li>\n<\/ul>","protected":false},"featured_media":383108,"comment_status":"closed","ping_status":"closed","template":"","meta":{"_eb_attr":"","_crsspst_to_jayantr4sg-hostcom":true},"product_brand":[],"product_cat":[1791,1559,6057,1324,1229,1575,1573],"product_tag":[],"class_list":{"0":"post-328499","1":"product","2":"type-product","3":"status-publish","4":"has-post-thumbnail","6":"product_cat-anniversary-gifts","7":"product_cat-birthday-gifts","8":"product_cat-chain-bracelet","9":"product_cat-gold-bracelet","10":"product_cat-22ct-gold-jewellery","11":"product_cat-teenage-jewellery","12":"product_cat-wedding-gifts","14":"first","15":"outofstock","16":"taxable","17":"shipping-taxable","18":"product-type-simple","19":"add-to-wishlist-before_image"},"yoast_head":"<!-- This site is optimized with the Yoast SEO plugin v27.5 - https:\/\/yoast.com\/product\/yoast-seo-wordpress\/ -->\n<title>22ct Gold Foxtail Chain Bracelet | 8 Inches - PureJewels UK<\/title>\n<meta name=\"robots\" content=\"index, follow, max-snippet:-1, max-image-preview:large, max-video-preview:-1\" \/>\n<link rel=\"canonical\" href=\"https:\/\/www.purejewels.com\/tr\/urun\/22-ayar-altin-bayan-bileklik-49744\/\" \/>\n<meta property=\"og:locale\" content=\"tr_TR\" \/>\n<meta property=\"og:type\" content=\"article\" \/>\n<meta property=\"og:title\" content=\"22ct Gold Foxtail Chain Bracelet | 8 Inches - PureJewels UK\" \/>\n<meta property=\"og:description\" content=\"22ct Gold Foxtail Chain Bracelet  SKU.49744  Wt. 7.5 gms  Length 8 Inches  All\u00a0prices\u00a0include VAT  All our\u00a0products are hallmarked by the London\u00a0Assay office  Comes with a presentation\u00a0box  Delivery\u00a0Included  Live chat with us for availability and more images of Indian\u00a0gold\u00a0jewellery\u00a0Uk\" \/>\n<meta property=\"og:url\" content=\"https:\/\/www.purejewels.com\/tr\/urun\/22-ayar-altin-bayan-bileklik-49744\/\" \/>\n<meta property=\"og:site_name\" content=\"PureJewels UK\" \/>\n<meta property=\"article:modified_time\" content=\"2026-01-06T10:12:52+00:00\" \/>\n<meta property=\"og:image\" content=\"https:\/\/www.purejewels.com\/wp-content\/uploads\/2021\/11\/WhatsApp-Image-2025-01-11-at-18.06.44.jpeg\" \/>\n\t<meta property=\"og:image:width\" content=\"1989\" \/>\n\t<meta property=\"og:image:height\" content=\"2048\" \/>\n\t<meta property=\"og:image:type\" content=\"image\/jpeg\" \/>\n<meta name=\"twitter:card\" content=\"summary_large_image\" \/>\n<meta name=\"twitter:label1\" content=\"Tahmini okuma s\u00fcresi\" \/>\n\t<meta name=\"twitter:data1\" content=\"1 dakika\" \/>\n<script type=\"application\/ld+json\" class=\"yoast-schema-graph\">{\"@context\":\"https:\\\/\\\/schema.org\",\"@graph\":[{\"@type\":[\"WebPage\",\"ItemPage\"],\"@id\":\"https:\\\/\\\/www.purejewels.com\\\/product\\\/22ct-gold-ladies-bracelet-49744\\\/\",\"url\":\"https:\\\/\\\/www.purejewels.com\\\/product\\\/22ct-gold-ladies-bracelet-49744\\\/\",\"name\":\"22ct Gold Foxtail Chain Bracelet | 8 Inches - PureJewels UK\",\"isPartOf\":{\"@id\":\"https:\\\/\\\/www.purejewels.com\\\/#website\"},\"primaryImageOfPage\":{\"@id\":\"https:\\\/\\\/www.purejewels.com\\\/product\\\/22ct-gold-ladies-bracelet-49744\\\/#primaryimage\"},\"image\":{\"@id\":\"https:\\\/\\\/www.purejewels.com\\\/product\\\/22ct-gold-ladies-bracelet-49744\\\/#primaryimage\"},\"thumbnailUrl\":\"https:\\\/\\\/static.purejewels.com\\\/wp-content\\\/uploads\\\/2021\\\/11\\\/WhatsApp-Image-2025-01-11-at-18.06.44.jpeg\",\"datePublished\":\"2024-12-27T07:54:44+00:00\",\"dateModified\":\"2026-01-06T10:12:52+00:00\",\"breadcrumb\":{\"@id\":\"https:\\\/\\\/www.purejewels.com\\\/product\\\/22ct-gold-ladies-bracelet-49744\\\/#breadcrumb\"},\"inLanguage\":\"tr\",\"potentialAction\":[{\"@type\":\"ReadAction\",\"target\":[\"https:\\\/\\\/www.purejewels.com\\\/product\\\/22ct-gold-ladies-bracelet-49744\\\/\"]}]},{\"@type\":\"ImageObject\",\"inLanguage\":\"tr\",\"@id\":\"https:\\\/\\\/www.purejewels.com\\\/product\\\/22ct-gold-ladies-bracelet-49744\\\/#primaryimage\",\"url\":\"https:\\\/\\\/static.purejewels.com\\\/wp-content\\\/uploads\\\/2021\\\/11\\\/WhatsApp-Image-2025-01-11-at-18.06.44.jpeg\",\"contentUrl\":\"https:\\\/\\\/static.purejewels.com\\\/wp-content\\\/uploads\\\/2021\\\/11\\\/WhatsApp-Image-2025-01-11-at-18.06.44.jpeg\",\"width\":1989,\"height\":2048,\"caption\":\"Foxtail Chain Bracelet\"},{\"@type\":\"BreadcrumbList\",\"@id\":\"https:\\\/\\\/www.purejewels.com\\\/product\\\/22ct-gold-ladies-bracelet-49744\\\/#breadcrumb\",\"itemListElement\":[{\"@type\":\"ListItem\",\"position\":1,\"name\":\"Home\",\"item\":\"https:\\\/\\\/www.purejewels.com\\\/\"},{\"@type\":\"ListItem\",\"position\":2,\"name\":\"Shop\",\"item\":\"https:\\\/\\\/www.purejewels.com\\\/shop\\\/\"},{\"@type\":\"ListItem\",\"position\":3,\"name\":\"22ct Gold Foxtail Chain Bracelet | 8 Inches\"}]},{\"@type\":\"WebSite\",\"@id\":\"https:\\\/\\\/www.purejewels.com\\\/#website\",\"url\":\"https:\\\/\\\/www.purejewels.com\\\/\",\"name\":\"PureJewels UK\",\"description\":\"Share the Love\",\"publisher\":{\"@id\":\"https:\\\/\\\/www.purejewels.com\\\/#organization\"},\"potentialAction\":[{\"@type\":\"SearchAction\",\"target\":{\"@type\":\"EntryPoint\",\"urlTemplate\":\"https:\\\/\\\/www.purejewels.com\\\/?s={search_term_string}\"},\"query-input\":{\"@type\":\"PropertyValueSpecification\",\"valueRequired\":true,\"valueName\":\"search_term_string\"}}],\"inLanguage\":\"tr\"},{\"@type\":\"Organization\",\"@id\":\"https:\\\/\\\/www.purejewels.com\\\/#organization\",\"name\":\"PureJewels UK\",\"url\":\"https:\\\/\\\/www.purejewels.com\\\/\",\"logo\":{\"@type\":\"ImageObject\",\"inLanguage\":\"tr\",\"@id\":\"https:\\\/\\\/www.purejewels.com\\\/#\\\/schema\\\/logo\\\/image\\\/\",\"url\":\"https:\\\/\\\/static.purejewels.com\\\/wp-content\\\/uploads\\\/2020\\\/11\\\/Logo-PJ-New-1.png\",\"contentUrl\":\"https:\\\/\\\/static.purejewels.com\\\/wp-content\\\/uploads\\\/2020\\\/11\\\/Logo-PJ-New-1.png\",\"width\":150,\"height\":80,\"caption\":\"PureJewels UK\"},\"image\":{\"@id\":\"https:\\\/\\\/www.purejewels.com\\\/#\\\/schema\\\/logo\\\/image\\\/\"}}]}<\/script>\n<!-- \/ Yoast SEO plugin. -->","yoast_head_json":{"title":"22 Ayar Alt\u0131n Tilki Kuyru\u011fu Zincir Bileklik | 8 \u0130n\u00e7 - PureJewels UK","robots":{"index":"index","follow":"follow","max-snippet":"max-snippet:-1","max-image-preview":"max-image-preview:large","max-video-preview":"max-video-preview:-1"},"canonical":"https:\/\/www.purejewels.com\/tr\/urun\/22-ayar-altin-bayan-bileklik-49744\/","og_locale":"tr_TR","og_type":"article","og_title":"22ct Gold Foxtail Chain Bracelet | 8 Inches - PureJewels UK","og_description":"22ct Gold Foxtail Chain Bracelet  SKU.49744  Wt. 7.5 gms  Length 8 Inches  All\u00a0prices\u00a0include VAT  All our\u00a0products are hallmarked by the London\u00a0Assay office  Comes with a presentation\u00a0box  Delivery\u00a0Included  Live chat with us for availability and more images of Indian\u00a0gold\u00a0jewellery\u00a0Uk","og_url":"https:\/\/www.purejewels.com\/tr\/urun\/22-ayar-altin-bayan-bileklik-49744\/","og_site_name":"PureJewels UK","article_modified_time":"2026-01-06T10:12:52+00:00","og_image":[{"width":1989,"height":2048,"url":"https:\/\/www.purejewels.com\/wp-content\/uploads\/2021\/11\/WhatsApp-Image-2025-01-11-at-18.06.44.jpeg","type":"image\/jpeg"}],"twitter_card":"summary_large_image","twitter_misc":{"Tahmini okuma s\u00fcresi":"1 dakika"},"schema":{"@context":"https:\/\/schema.org","@graph":[{"@type":["WebPage","ItemPage"],"@id":"https:\/\/www.purejewels.com\/product\/22ct-gold-ladies-bracelet-49744\/","url":"https:\/\/www.purejewels.com\/product\/22ct-gold-ladies-bracelet-49744\/","name":"22 Ayar Alt\u0131n Tilki Kuyru\u011fu Zincir Bileklik | 8 \u0130n\u00e7 - PureJewels UK","isPartOf":{"@id":"https:\/\/www.purejewels.com\/#website"},"primaryImageOfPage":{"@id":"https:\/\/www.purejewels.com\/product\/22ct-gold-ladies-bracelet-49744\/#primaryimage"},"image":{"@id":"https:\/\/www.purejewels.com\/product\/22ct-gold-ladies-bracelet-49744\/#primaryimage"},"thumbnailUrl":"https:\/\/static.purejewels.com\/wp-content\/uploads\/2021\/11\/WhatsApp-Image-2025-01-11-at-18.06.44.jpeg","datePublished":"2024-12-27T07:54:44+00:00","dateModified":"2026-01-06T10:12:52+00:00","breadcrumb":{"@id":"https:\/\/www.purejewels.com\/product\/22ct-gold-ladies-bracelet-49744\/#breadcrumb"},"inLanguage":"tr","potentialAction":[{"@type":"ReadAction","target":["https:\/\/www.purejewels.com\/product\/22ct-gold-ladies-bracelet-49744\/"]}]},{"@type":"ImageObject","inLanguage":"tr","@id":"https:\/\/www.purejewels.com\/product\/22ct-gold-ladies-bracelet-49744\/#primaryimage","url":"https:\/\/static.purejewels.com\/wp-content\/uploads\/2021\/11\/WhatsApp-Image-2025-01-11-at-18.06.44.jpeg","contentUrl":"https:\/\/static.purejewels.com\/wp-content\/uploads\/2021\/11\/WhatsApp-Image-2025-01-11-at-18.06.44.jpeg","width":1989,"height":2048,"caption":"Foxtail Chain Bracelet"},{"@type":"BreadcrumbList","@id":"https:\/\/www.purejewels.com\/product\/22ct-gold-ladies-bracelet-49744\/#breadcrumb","itemListElement":[{"@type":"ListItem","position":1,"name":"Home","item":"https:\/\/www.purejewels.com\/"},{"@type":"ListItem","position":2,"name":"Shop","item":"https:\/\/www.purejewels.com\/shop\/"},{"@type":"ListItem","position":3,"name":"22ct Gold Foxtail Chain Bracelet | 8 Inches"}]},{"@type":"WebSite","@id":"https:\/\/www.purejewels.com\/#website","url":"https:\/\/www.purejewels.com\/","name":"PureJewels \u0130ngiltere","description":"Sevgiyi Payla\u015f\u0131n","publisher":{"@id":"https:\/\/www.purejewels.com\/#organization"},"potentialAction":[{"@type":"SearchAction","target":{"@type":"EntryPoint","urlTemplate":"https:\/\/www.purejewels.com\/?s={search_term_string}"},"query-input":{"@type":"PropertyValueSpecification","valueRequired":true,"valueName":"search_term_string"}}],"inLanguage":"tr"},{"@type":"Organization","@id":"https:\/\/www.purejewels.com\/#organization","name":"PureJewels \u0130ngiltere","url":"https:\/\/www.purejewels.com\/","logo":{"@type":"ImageObject","inLanguage":"tr","@id":"https:\/\/www.purejewels.com\/#\/schema\/logo\/image\/","url":"https:\/\/static.purejewels.com\/wp-content\/uploads\/2020\/11\/Logo-PJ-New-1.png","contentUrl":"https:\/\/static.purejewels.com\/wp-content\/uploads\/2020\/11\/Logo-PJ-New-1.png","width":150,"height":80,"caption":"PureJewels UK"},"image":{"@id":"https:\/\/www.purejewels.com\/#\/schema\/logo\/image\/"}}]}},"_links":{"self":[{"href":"https:\/\/www.purejewels.com\/tr\/wp-json\/wp\/v2\/product\/328499","targetHints":{"allow":["GET"]}}],"collection":[{"href":"https:\/\/www.purejewels.com\/tr\/wp-json\/wp\/v2\/product"}],"about":[{"href":"https:\/\/www.purejewels.com\/tr\/wp-json\/wp\/v2\/types\/product"}],"replies":[{"embeddable":true,"href":"https:\/\/www.purejewels.com\/tr\/wp-json\/wp\/v2\/comments?post=328499"}],"version-history":[{"count":3,"href":"https:\/\/www.purejewels.com\/tr\/wp-json\/wp\/v2\/product\/328499\/revisions"}],"predecessor-version":[{"id":386027,"href":"https:\/\/www.purejewels.com\/tr\/wp-json\/wp\/v2\/product\/328499\/revisions\/386027"}],"wp:featuredmedia":[{"embeddable":true,"href":"https:\/\/www.purejewels.com\/tr\/wp-json\/wp\/v2\/media\/383108"}],"wp:attachment":[{"href":"https:\/\/www.purejewels.com\/tr\/wp-json\/wp\/v2\/media?parent=328499"}],"wp:term":[{"taxonomy":"product_brand","embeddable":true,"href":"https:\/\/www.purejewels.com\/tr\/wp-json\/wp\/v2\/product_brand?post=328499"},{"taxonomy":"product_cat","embeddable":true,"href":"https:\/\/www.purejewels.com\/tr\/wp-json\/wp\/v2\/product_cat?post=328499"},{"taxonomy":"product_tag","embeddable":true,"href":"https:\/\/www.purejewels.com\/tr\/wp-json\/wp\/v2\/product_tag?post=328499"}],"curies":[{"name":"wp","href":"https:\/\/api.w.org\/{rel}","templated":true}]}}