{"id":328524,"date":"2022-03-08T07:09:58","date_gmt":"2022-03-08T07:09:58","guid":{"rendered":"https:\/\/www.purejewels.com\/?post_type=product&#038;p=328524"},"modified":"2026-03-09T06:09:30","modified_gmt":"2026-03-09T06:09:30","slug":"22-ayar-altin-kutu-zincir-20-inc","status":"publish","type":"product","link":"https:\/\/www.purejewels.com\/tr\/product\/22ct-gold-box-chain-20-inches\/","title":{"rendered":"22 Ayar Alt\u0131n | Kutu Zincir | 20 \u0130n\u00e7"},"content":{"rendered":"<p>Zincirler her zaman d\u00fcnyan\u0131n d\u00f6rt bir yan\u0131ndaki m\u00fccevher kutular\u0131n\u0131n \u00f6nemli bir par\u00e7as\u0131 olmu\u015ftur ve bu alt\u0131n zincir, bulabilece\u011finiz normal zincirlere hi\u00e7 benzemiyor.<\/p>\n<p>Alt\u0131n\u0131m\u0131z <a href=\"https:\/\/www.purejewels.com\/tr\/product\/22ct-gold-box-chain-2\/\">kutu zinciri<\/a> el i\u015f\u00e7ili\u011fiyle m\u00fckemmel bir \u015fekilde \u00fcretilmi\u015ftir ve hem minimal hem de \u00f6nemli bir g\u00f6r\u00fcn\u00fcm yarat\u0131rken ba\u011f\u0131ms\u0131z olarak ta\u015f\u0131nabilir.<\/p>\n<p>Bu kutu zincir kolye tek ba\u015f\u0131na da kullan\u0131labilir. \u00d6te yandan, koleksiyonumuzdaki di\u011fer muhte\u015fem zincirlerle birlikte katmanland\u0131rabilir veya geleneksel olarak Purejewels'ten zarif bir \u015fekilde sarkan ince bir kolye ucu ile takabilir ve b\u00f6ylece g\u00fczel bir siluet olu\u015fturabilirsiniz. 22 ayar kutu zincirlerimiz farkl\u0131 boyun \u00f6l\u00e7\u00fclerine ve tonlar\u0131na g\u00f6re \u00f6zenle haz\u0131rlanm\u0131\u015ft\u0131r, bu da sizin ve sevdikleriniz i\u00e7in m\u00fckemmel olan\u0131 se\u00e7menizi son derece kolayla\u015ft\u0131r\u0131r.<\/p>","protected":false},"excerpt":{"rendered":"<table>\n<tbody>\n<tr>\n<td>Zincir Tipi<\/td>\n<td>Kutu Zincir<\/td>\n<\/tr>\n<tr>\n<td>SKU<\/td>\n<td>48478<\/td>\n<\/tr>\n<tr>\n<td>A\u011f\u0131rl\u0131k<\/td>\n<td>11.3 Gms<\/td>\n<\/tr>\n<tr>\n<td>Metal<\/td>\n<td>22 Ayar Alt\u0131n<\/td>\n<\/tr>\n<tr>\n<td>Uzunluk<\/td>\n<td>20 in\u00e7<\/td>\n<\/tr>\n<tr>\n<td>Hallmark<\/td>\n<td>Londra Tahlil Ofisi Taraf\u0131ndan Damgalanm\u0131\u015f 22 Ayar Alt\u0131n<\/td>\n<\/tr>\n<tr>\n<td>\u00dccretler<\/td>\n<td>Teslimat ve KDV Dahil<\/td>\n<\/tr>\n<tr>\n<td>Paketleme<\/td>\n<td>Sunum Kutusu ile Birlikte Gelir<\/td>\n<\/tr>\n<tr>\n<td>Daha Fazla Bilgi<\/td>\n<td>M\u00fcsaitlik durumu ve daha fazla resim i\u00e7in bizimle canl\u0131 sohbet edin<\/td>\n<\/tr>\n<\/tbody>\n<\/table>","protected":false},"featured_media":328368,"comment_status":"closed","ping_status":"closed","template":"","meta":{"_eb_attr":"","_crsspst_to_jayantr4sg-hostcom":false},"product_brand":[],"product_cat":[1791,1559,5267,1475,1229,1572,1574],"product_tag":[],"class_list":{"0":"post-328524","1":"product","2":"type-product","3":"status-publish","4":"has-post-thumbnail","6":"product_cat-anniversary-gifts","7":"product_cat-birthday-gifts","8":"product_cat-box-chain","9":"product_cat-gold-chains","10":"product_cat-22ct-gold-jewellery","11":"product_cat-mens-jewellery","12":"product_cat-womens-jewellery","14":"first","15":"onbackorder","16":"taxable","17":"shipping-taxable","18":"product-type-simple","19":"add-to-wishlist-before_image"},"yoast_head":"<!-- This site is optimized with the Yoast SEO plugin v27.5 - https:\/\/yoast.com\/product\/yoast-seo-wordpress\/ -->\n<title>Minimal 22ct Gold Box Link Chain 20 Inch | PureJewels UK<\/title>\n<meta name=\"description\" content=\"Discover a 22ct gold box chain in 20 inch length crafted with precise square links. A refined gold necklace perfect for everyday wear or pairing with pendants.\" \/>\n<meta name=\"robots\" content=\"index, follow, max-snippet:-1, max-image-preview:large, max-video-preview:-1\" \/>\n<link rel=\"canonical\" href=\"https:\/\/www.purejewels.com\/tr\/urun\/22-ayar-altin-kutu-zincir-20-inc\/\" \/>\n<meta property=\"og:locale\" content=\"tr_TR\" \/>\n<meta property=\"og:type\" content=\"article\" \/>\n<meta property=\"og:title\" content=\"Minimal 22ct Gold Box Link Chain 20 Inch | PureJewels UK\" \/>\n<meta property=\"og:description\" content=\"Discover a 22ct gold box chain in 20 inch length crafted with precise square links. A refined gold necklace perfect for everyday wear or pairing with pendants.\" \/>\n<meta property=\"og:url\" content=\"https:\/\/www.purejewels.com\/tr\/urun\/22-ayar-altin-kutu-zincir-20-inc\/\" \/>\n<meta property=\"og:site_name\" content=\"PureJewels UK\" \/>\n<meta property=\"article:modified_time\" content=\"2026-03-09T06:09:30+00:00\" \/>\n<meta property=\"og:image\" content=\"https:\/\/static.purejewels.com\/wp-content\/uploads\/2021\/11\/box1.jpeg\" \/>\n\t<meta property=\"og:image:width\" content=\"1000\" \/>\n\t<meta property=\"og:image:height\" content=\"1000\" \/>\n\t<meta property=\"og:image:type\" content=\"image\/jpeg\" \/>\n<meta name=\"twitter:card\" content=\"summary_large_image\" \/>\n<meta name=\"twitter:label1\" content=\"Tahmini okuma s\u00fcresi\" \/>\n\t<meta name=\"twitter:data1\" content=\"1 dakika\" \/>\n<script type=\"application\/ld+json\" class=\"yoast-schema-graph\">{\"@context\":\"https:\\\/\\\/schema.org\",\"@graph\":[{\"@type\":[\"WebPage\",\"ItemPage\"],\"@id\":\"https:\\\/\\\/www.purejewels.com\\\/product\\\/22ct-gold-box-chain-20-inches\\\/\",\"url\":\"https:\\\/\\\/www.purejewels.com\\\/product\\\/22ct-gold-box-chain-20-inches\\\/\",\"name\":\"Minimal 22ct Gold Box Link Chain 20 Inch | PureJewels UK\",\"isPartOf\":{\"@id\":\"https:\\\/\\\/www.purejewels.com\\\/#website\"},\"primaryImageOfPage\":{\"@id\":\"https:\\\/\\\/www.purejewels.com\\\/product\\\/22ct-gold-box-chain-20-inches\\\/#primaryimage\"},\"image\":{\"@id\":\"https:\\\/\\\/www.purejewels.com\\\/product\\\/22ct-gold-box-chain-20-inches\\\/#primaryimage\"},\"thumbnailUrl\":\"https:\\\/\\\/static.purejewels.com\\\/wp-content\\\/uploads\\\/2021\\\/11\\\/box1.jpeg\",\"datePublished\":\"2022-03-08T07:09:58+00:00\",\"dateModified\":\"2026-03-09T06:09:30+00:00\",\"description\":\"Discover a 22ct gold box chain in 20 inch length crafted with precise square links. A refined gold necklace perfect for everyday wear or pairing with pendants.\",\"breadcrumb\":{\"@id\":\"https:\\\/\\\/www.purejewels.com\\\/product\\\/22ct-gold-box-chain-20-inches\\\/#breadcrumb\"},\"inLanguage\":\"tr\",\"potentialAction\":[{\"@type\":\"ReadAction\",\"target\":[\"https:\\\/\\\/www.purejewels.com\\\/product\\\/22ct-gold-box-chain-20-inches\\\/\"]}]},{\"@type\":\"ImageObject\",\"inLanguage\":\"tr\",\"@id\":\"https:\\\/\\\/www.purejewels.com\\\/product\\\/22ct-gold-box-chain-20-inches\\\/#primaryimage\",\"url\":\"https:\\\/\\\/static.purejewels.com\\\/wp-content\\\/uploads\\\/2021\\\/11\\\/box1.jpeg\",\"contentUrl\":\"https:\\\/\\\/static.purejewels.com\\\/wp-content\\\/uploads\\\/2021\\\/11\\\/box1.jpeg\",\"width\":1000,\"height\":1000,\"caption\":\"Box Chain in Gold\"},{\"@type\":\"BreadcrumbList\",\"@id\":\"https:\\\/\\\/www.purejewels.com\\\/product\\\/22ct-gold-box-chain-20-inches\\\/#breadcrumb\",\"itemListElement\":[{\"@type\":\"ListItem\",\"position\":1,\"name\":\"Home\",\"item\":\"https:\\\/\\\/www.purejewels.com\\\/\"},{\"@type\":\"ListItem\",\"position\":2,\"name\":\"Shop\",\"item\":\"https:\\\/\\\/www.purejewels.com\\\/shop\\\/\"},{\"@type\":\"ListItem\",\"position\":3,\"name\":\"22ct Gold | Box Chain | 20 Inches\"}]},{\"@type\":\"WebSite\",\"@id\":\"https:\\\/\\\/www.purejewels.com\\\/#website\",\"url\":\"https:\\\/\\\/www.purejewels.com\\\/\",\"name\":\"PureJewels UK\",\"description\":\"Share the Love\",\"publisher\":{\"@id\":\"https:\\\/\\\/www.purejewels.com\\\/#organization\"},\"potentialAction\":[{\"@type\":\"SearchAction\",\"target\":{\"@type\":\"EntryPoint\",\"urlTemplate\":\"https:\\\/\\\/www.purejewels.com\\\/?s={search_term_string}\"},\"query-input\":{\"@type\":\"PropertyValueSpecification\",\"valueRequired\":true,\"valueName\":\"search_term_string\"}}],\"inLanguage\":\"tr\"},{\"@type\":\"Organization\",\"@id\":\"https:\\\/\\\/www.purejewels.com\\\/#organization\",\"name\":\"PureJewels UK\",\"url\":\"https:\\\/\\\/www.purejewels.com\\\/\",\"logo\":{\"@type\":\"ImageObject\",\"inLanguage\":\"tr\",\"@id\":\"https:\\\/\\\/www.purejewels.com\\\/#\\\/schema\\\/logo\\\/image\\\/\",\"url\":\"https:\\\/\\\/static.purejewels.com\\\/wp-content\\\/uploads\\\/2020\\\/11\\\/Logo-PJ-New-1.png\",\"contentUrl\":\"https:\\\/\\\/static.purejewels.com\\\/wp-content\\\/uploads\\\/2020\\\/11\\\/Logo-PJ-New-1.png\",\"width\":150,\"height\":80,\"caption\":\"PureJewels UK\"},\"image\":{\"@id\":\"https:\\\/\\\/www.purejewels.com\\\/#\\\/schema\\\/logo\\\/image\\\/\"}}]}<\/script>\n<!-- \/ Yoast SEO plugin. -->","yoast_head_json":{"title":"Minimal 22 Ayar Alt\u0131n Kutu Ba\u011flant\u0131 Zinciri 20 \u0130n\u00e7 | PureJewels UK","description":"Hassas kare ba\u011flant\u0131larla haz\u0131rlanm\u0131\u015f 20 in\u00e7 uzunlu\u011funda 22 ayar alt\u0131n kutu zinciri ke\u015ffedin. G\u00fcnl\u00fck kullan\u0131m veya kolye u\u00e7lar\u0131yla e\u015fle\u015ftirmek i\u00e7in m\u00fckemmel, zarif bir alt\u0131n kolye.","robots":{"index":"index","follow":"follow","max-snippet":"max-snippet:-1","max-image-preview":"max-image-preview:large","max-video-preview":"max-video-preview:-1"},"canonical":"https:\/\/www.purejewels.com\/tr\/urun\/22-ayar-altin-kutu-zincir-20-inc\/","og_locale":"tr_TR","og_type":"article","og_title":"Minimal 22ct Gold Box Link Chain 20 Inch | PureJewels UK","og_description":"Discover a 22ct gold box chain in 20 inch length crafted with precise square links. A refined gold necklace perfect for everyday wear or pairing with pendants.","og_url":"https:\/\/www.purejewels.com\/tr\/urun\/22-ayar-altin-kutu-zincir-20-inc\/","og_site_name":"PureJewels UK","article_modified_time":"2026-03-09T06:09:30+00:00","og_image":[{"width":1000,"height":1000,"url":"https:\/\/static.purejewels.com\/wp-content\/uploads\/2021\/11\/box1.jpeg","type":"image\/jpeg"}],"twitter_card":"summary_large_image","twitter_misc":{"Tahmini okuma s\u00fcresi":"1 dakika"},"schema":{"@context":"https:\/\/schema.org","@graph":[{"@type":["WebPage","ItemPage"],"@id":"https:\/\/www.purejewels.com\/product\/22ct-gold-box-chain-20-inches\/","url":"https:\/\/www.purejewels.com\/product\/22ct-gold-box-chain-20-inches\/","name":"Minimal 22 Ayar Alt\u0131n Kutu Ba\u011flant\u0131 Zinciri 20 \u0130n\u00e7 | PureJewels UK","isPartOf":{"@id":"https:\/\/www.purejewels.com\/#website"},"primaryImageOfPage":{"@id":"https:\/\/www.purejewels.com\/product\/22ct-gold-box-chain-20-inches\/#primaryimage"},"image":{"@id":"https:\/\/www.purejewels.com\/product\/22ct-gold-box-chain-20-inches\/#primaryimage"},"thumbnailUrl":"https:\/\/static.purejewels.com\/wp-content\/uploads\/2021\/11\/box1.jpeg","datePublished":"2022-03-08T07:09:58+00:00","dateModified":"2026-03-09T06:09:30+00:00","description":"Hassas kare ba\u011flant\u0131larla haz\u0131rlanm\u0131\u015f 20 in\u00e7 uzunlu\u011funda 22 ayar alt\u0131n kutu zinciri ke\u015ffedin. G\u00fcnl\u00fck kullan\u0131m veya kolye u\u00e7lar\u0131yla e\u015fle\u015ftirmek i\u00e7in m\u00fckemmel, zarif bir alt\u0131n kolye.","breadcrumb":{"@id":"https:\/\/www.purejewels.com\/product\/22ct-gold-box-chain-20-inches\/#breadcrumb"},"inLanguage":"tr","potentialAction":[{"@type":"ReadAction","target":["https:\/\/www.purejewels.com\/product\/22ct-gold-box-chain-20-inches\/"]}]},{"@type":"ImageObject","inLanguage":"tr","@id":"https:\/\/www.purejewels.com\/product\/22ct-gold-box-chain-20-inches\/#primaryimage","url":"https:\/\/static.purejewels.com\/wp-content\/uploads\/2021\/11\/box1.jpeg","contentUrl":"https:\/\/static.purejewels.com\/wp-content\/uploads\/2021\/11\/box1.jpeg","width":1000,"height":1000,"caption":"Box Chain in Gold"},{"@type":"BreadcrumbList","@id":"https:\/\/www.purejewels.com\/product\/22ct-gold-box-chain-20-inches\/#breadcrumb","itemListElement":[{"@type":"ListItem","position":1,"name":"Home","item":"https:\/\/www.purejewels.com\/"},{"@type":"ListItem","position":2,"name":"Shop","item":"https:\/\/www.purejewels.com\/shop\/"},{"@type":"ListItem","position":3,"name":"22ct Gold | Box Chain | 20 Inches"}]},{"@type":"WebSite","@id":"https:\/\/www.purejewels.com\/#website","url":"https:\/\/www.purejewels.com\/","name":"PureJewels \u0130ngiltere","description":"Sevgiyi Payla\u015f\u0131n","publisher":{"@id":"https:\/\/www.purejewels.com\/#organization"},"potentialAction":[{"@type":"SearchAction","target":{"@type":"EntryPoint","urlTemplate":"https:\/\/www.purejewels.com\/?s={search_term_string}"},"query-input":{"@type":"PropertyValueSpecification","valueRequired":true,"valueName":"search_term_string"}}],"inLanguage":"tr"},{"@type":"Organization","@id":"https:\/\/www.purejewels.com\/#organization","name":"PureJewels \u0130ngiltere","url":"https:\/\/www.purejewels.com\/","logo":{"@type":"ImageObject","inLanguage":"tr","@id":"https:\/\/www.purejewels.com\/#\/schema\/logo\/image\/","url":"https:\/\/static.purejewels.com\/wp-content\/uploads\/2020\/11\/Logo-PJ-New-1.png","contentUrl":"https:\/\/static.purejewels.com\/wp-content\/uploads\/2020\/11\/Logo-PJ-New-1.png","width":150,"height":80,"caption":"PureJewels UK"},"image":{"@id":"https:\/\/www.purejewels.com\/#\/schema\/logo\/image\/"}}]}},"_links":{"self":[{"href":"https:\/\/www.purejewels.com\/tr\/wp-json\/wp\/v2\/product\/328524","targetHints":{"allow":["GET"]}}],"collection":[{"href":"https:\/\/www.purejewels.com\/tr\/wp-json\/wp\/v2\/product"}],"about":[{"href":"https:\/\/www.purejewels.com\/tr\/wp-json\/wp\/v2\/types\/product"}],"replies":[{"embeddable":true,"href":"https:\/\/www.purejewels.com\/tr\/wp-json\/wp\/v2\/comments?post=328524"}],"version-history":[{"count":1,"href":"https:\/\/www.purejewels.com\/tr\/wp-json\/wp\/v2\/product\/328524\/revisions"}],"predecessor-version":[{"id":362282,"href":"https:\/\/www.purejewels.com\/tr\/wp-json\/wp\/v2\/product\/328524\/revisions\/362282"}],"wp:featuredmedia":[{"embeddable":true,"href":"https:\/\/www.purejewels.com\/tr\/wp-json\/wp\/v2\/media\/328368"}],"wp:attachment":[{"href":"https:\/\/www.purejewels.com\/tr\/wp-json\/wp\/v2\/media?parent=328524"}],"wp:term":[{"taxonomy":"product_brand","embeddable":true,"href":"https:\/\/www.purejewels.com\/tr\/wp-json\/wp\/v2\/product_brand?post=328524"},{"taxonomy":"product_cat","embeddable":true,"href":"https:\/\/www.purejewels.com\/tr\/wp-json\/wp\/v2\/product_cat?post=328524"},{"taxonomy":"product_tag","embeddable":true,"href":"https:\/\/www.purejewels.com\/tr\/wp-json\/wp\/v2\/product_tag?post=328524"}],"curies":[{"name":"wp","href":"https:\/\/api.w.org\/{rel}","templated":true}]}}