{"id":328650,"date":"2021-11-29T10:17:49","date_gmt":"2021-11-29T10:17:49","guid":{"rendered":"https:\/\/www.purejewels.com\/?post_type=product&#038;p=328650"},"modified":"2024-12-30T13:27:04","modified_gmt":"2024-12-30T13:27:04","slug":"cz-tasli-altin-saplama-kupe-2","status":"publish","type":"product","link":"https:\/\/www.purejewels.com\/tr\/product\/gold-stud-earring-with-cz-stones-2\/","title":{"rendered":"CZ Ta\u015fl\u0131 Alt\u0131n Saplama K\u00fcpe"},"content":{"rendered":"<p><a href=\"https:\/\/www.purejewels.com\/tr\/product\/gold-stud-earrings-42487\/\">Gold Stud Earrings<\/a> with CZ Stones give you a touch of luxury. The <a href=\"https:\/\/www.purejewels.com\/tr\/product-category\/22ct-gold-jewellery\/gold-earrings\/\">earrings<\/a> are made with 22k gold and have cubic zirconia stones in each <a href=\"https:\/\/www.purejewels.com\/tr\/product\/22ct-gold-ladies-stud-earring-with-rhodium-finish-46497\/\">earring<\/a>. You will love the way these earrings sparkle! CZ is made in a lab and it exhibits beautiful sparkle just like a diamond. We love how the sparkle of the CZ stones compliments the shine of 22ct gold earrings. These Gold <a href=\"https:\/\/www.purejewels.com\/tr\/product-category\/22ct-gold-jewellery\/gold-earrings\/stud-earrings\/\">Stud Earrings<\/a> with CZ Stones are perfect for dressing up or dressing down an outfit.<\/p>\n<div class=\"flex max-w-full flex-col flex-grow\">\n<div class=\"min-h-8 text-message flex w-full flex-col items-end gap-2 whitespace-normal break-words [.text-message+&amp;]:mt-5\" dir=\"auto\" data-message-author-role=\"assistant\" data-message-id=\"39c5051e-9098-4e03-9819-d84c5f35a488\" data-message-model-slug=\"gpt-4o\">\n<div class=\"flex w-full flex-col gap-1 empty:hidden first:pt-[3px]\">\n<div class=\"markdown prose w-full break-words dark:prose-invert light\">\n<ul>\n<li><strong>Material:<\/strong> Crafted from high-quality gold for lasting beauty and durability.<\/li>\n<li><strong>Sparkling CZ Stones:<\/strong> Accented with cubic zirconia for a dazzling touch of brilliance.<\/li>\n<li><strong>Everyday Elegance:<\/strong> Lightweight and comfortable, ideal for daily wear or casual outings.<\/li>\n<li><strong>Trendy Design:<\/strong> A modern take on classic studs, adding a stylish flair to your look.<\/li>\n<li><strong>Perfect Gift:<\/strong> A thoughtful and chic present for any occasion, from birthdays to celebrations.<\/li>\n<\/ul>\n<p>These <strong>Gold Stud Earrings with CZ Stones<\/strong> are the perfect blend of timeless charm and trendy style, making them an essential addition to your jewelelry collection.<\/p>\n<\/div>\n<\/div>\n<\/div>\n<\/div>\n<p>&nbsp;<\/p>\n","protected":false},"excerpt":{"rendered":"<table class=\"sh_desc\">\n<tbody>\n<tr>\n<td>K\u00fcpe T\u00fcr\u00fc<\/td>\n<td>Saplama K\u00fcpe<\/td>\n<\/tr>\n<tr>\n<td>SKU<\/td>\n<td>45972<\/td>\n<\/tr>\n<tr>\n<td>A\u011f\u0131rl\u0131k<\/td>\n<td>1.8 Gms<\/td>\n<\/tr>\n<tr>\n<td>Metal<\/td>\n<td>22 Ayar Alt\u0131n<\/td>\n<\/tr>\n<tr>\n<td>\u00dccretler<\/td>\n<td>Teslimat ve KDV Dahil<\/td>\n<\/tr>\n<tr>\n<td>Paketleme<\/td>\n<td>Sunum Kutusu ile Birlikte Gelir<\/td>\n<\/tr>\n<tr>\n<td>Daha Fazla Bilgi<\/td>\n<td>M\u00fcsaitlik durumu ve daha fazla resim i\u00e7in bizimle canl\u0131 sohbet edin<\/td>\n<\/tr>\n<\/tbody>\n<\/table>","protected":false},"featured_media":358143,"comment_status":"closed","ping_status":"closed","template":"","meta":{"_eb_attr":"","_crsspst_to_jayantr4sg-hostcom":false},"product_brand":[],"product_cat":[5682,1791,1559,1794,1793,1254,5599,1570,1577,1573,1574],"product_tag":[66],"class_list":{"0":"post-328650","1":"product","2":"type-product","3":"status-publish","4":"has-post-thumbnail","6":"product_cat-22ct-gold-multi-cz-earrring","7":"product_cat-anniversary-gifts","8":"product_cat-birthday-gifts","9":"product_cat-christmas-gifts","10":"product_cat-diwali-gifts","11":"product_cat-gold-earrings","12":"product_cat-baby-earring","13":"product_cat-mothers-day-gifts","14":"product_cat-stud-earrings","15":"product_cat-wedding-gifts","16":"product_cat-womens-jewellery","17":"product_tag-earrings","19":"first","20":"outofstock","21":"sale","22":"taxable","23":"shipping-taxable","24":"product-type-simple","25":"add-to-wishlist-before_image"},"yoast_head":"<!-- This site is optimized with the Yoast SEO plugin v27.3 - https:\/\/yoast.com\/product\/yoast-seo-wordpress\/ -->\n<title>Gold Stud Earring with CZ Stones | PureJewels UK<\/title>\n<meta name=\"description\" content=\"he earrings are made with 22k gold and have cubic zirconia stones in each earring. You will love the way these earrings sparkle! Buy this earring today!\" \/>\n<meta name=\"robots\" content=\"index, follow, max-snippet:-1, max-image-preview:large, max-video-preview:-1\" \/>\n<link rel=\"canonical\" href=\"https:\/\/www.purejewels.com\/tr\/urun\/cz-tasli-altin-saplama-kupe-2\/\" \/>\n<meta property=\"og:locale\" content=\"tr_TR\" \/>\n<meta property=\"og:type\" content=\"article\" \/>\n<meta property=\"og:title\" content=\"Gold Stud Earring with CZ Stones | PureJewels UK\" \/>\n<meta property=\"og:description\" content=\"he earrings are made with 22k gold and have cubic zirconia stones in each earring. You will love the way these earrings sparkle! Buy this earring today!\" \/>\n<meta property=\"og:url\" content=\"https:\/\/www.purejewels.com\/tr\/urun\/cz-tasli-altin-saplama-kupe-2\/\" \/>\n<meta property=\"og:site_name\" content=\"PureJewels UK\" \/>\n<meta property=\"article:modified_time\" content=\"2024-12-30T13:27:04+00:00\" \/>\n<meta property=\"og:image\" content=\"https:\/\/www.purejewels.com\/wp-content\/uploads\/2021\/11\/45972.png\" \/>\n\t<meta property=\"og:image:width\" content=\"1000\" \/>\n\t<meta property=\"og:image:height\" content=\"1000\" \/>\n\t<meta property=\"og:image:type\" content=\"image\/png\" \/>\n<meta name=\"twitter:card\" content=\"summary_large_image\" \/>\n<meta name=\"twitter:label1\" content=\"Tahmini okuma s\u00fcresi\" \/>\n\t<meta name=\"twitter:data1\" content=\"1 dakika\" \/>\n<script type=\"application\/ld+json\" class=\"yoast-schema-graph\">{\"@context\":\"https:\\\/\\\/schema.org\",\"@graph\":[{\"@type\":[\"WebPage\",\"ItemPage\"],\"@id\":\"https:\\\/\\\/www.purejewels.com\\\/product\\\/gold-stud-earring-with-cz-stones-2\\\/\",\"url\":\"https:\\\/\\\/www.purejewels.com\\\/product\\\/gold-stud-earring-with-cz-stones-2\\\/\",\"name\":\"Gold Stud Earring with CZ Stones | PureJewels UK\",\"isPartOf\":{\"@id\":\"https:\\\/\\\/www.purejewels.com\\\/#website\"},\"primaryImageOfPage\":{\"@id\":\"https:\\\/\\\/www.purejewels.com\\\/product\\\/gold-stud-earring-with-cz-stones-2\\\/#primaryimage\"},\"image\":{\"@id\":\"https:\\\/\\\/www.purejewels.com\\\/product\\\/gold-stud-earring-with-cz-stones-2\\\/#primaryimage\"},\"thumbnailUrl\":\"https:\\\/\\\/static.purejewels.com\\\/wp-content\\\/uploads\\\/2021\\\/11\\\/45972.png\",\"datePublished\":\"2021-11-29T10:17:49+00:00\",\"dateModified\":\"2024-12-30T13:27:04+00:00\",\"description\":\"he earrings are made with 22k gold and have cubic zirconia stones in each earring. You will love the way these earrings sparkle! Buy this earring today!\",\"breadcrumb\":{\"@id\":\"https:\\\/\\\/www.purejewels.com\\\/product\\\/gold-stud-earring-with-cz-stones-2\\\/#breadcrumb\"},\"inLanguage\":\"tr\",\"potentialAction\":[{\"@type\":\"ReadAction\",\"target\":[\"https:\\\/\\\/www.purejewels.com\\\/product\\\/gold-stud-earring-with-cz-stones-2\\\/\"]}]},{\"@type\":\"ImageObject\",\"inLanguage\":\"tr\",\"@id\":\"https:\\\/\\\/www.purejewels.com\\\/product\\\/gold-stud-earring-with-cz-stones-2\\\/#primaryimage\",\"url\":\"https:\\\/\\\/static.purejewels.com\\\/wp-content\\\/uploads\\\/2021\\\/11\\\/45972.png\",\"contentUrl\":\"https:\\\/\\\/static.purejewels.com\\\/wp-content\\\/uploads\\\/2021\\\/11\\\/45972.png\",\"width\":1000,\"height\":1000,\"caption\":\"22ct Gold Studs\"},{\"@type\":\"BreadcrumbList\",\"@id\":\"https:\\\/\\\/www.purejewels.com\\\/product\\\/gold-stud-earring-with-cz-stones-2\\\/#breadcrumb\",\"itemListElement\":[{\"@type\":\"ListItem\",\"position\":1,\"name\":\"Home\",\"item\":\"https:\\\/\\\/www.purejewels.com\\\/\"},{\"@type\":\"ListItem\",\"position\":2,\"name\":\"Shop\",\"item\":\"https:\\\/\\\/www.purejewels.com\\\/shop\\\/\"},{\"@type\":\"ListItem\",\"position\":3,\"name\":\"Gold Stud Earring with CZ Stones\"}]},{\"@type\":\"WebSite\",\"@id\":\"https:\\\/\\\/www.purejewels.com\\\/#website\",\"url\":\"https:\\\/\\\/www.purejewels.com\\\/\",\"name\":\"PureJewels UK\",\"description\":\"Share the Love\",\"publisher\":{\"@id\":\"https:\\\/\\\/www.purejewels.com\\\/#organization\"},\"potentialAction\":[{\"@type\":\"SearchAction\",\"target\":{\"@type\":\"EntryPoint\",\"urlTemplate\":\"https:\\\/\\\/www.purejewels.com\\\/?s={search_term_string}\"},\"query-input\":{\"@type\":\"PropertyValueSpecification\",\"valueRequired\":true,\"valueName\":\"search_term_string\"}}],\"inLanguage\":\"tr\"},{\"@type\":\"Organization\",\"@id\":\"https:\\\/\\\/www.purejewels.com\\\/#organization\",\"name\":\"PureJewels UK\",\"url\":\"https:\\\/\\\/www.purejewels.com\\\/\",\"logo\":{\"@type\":\"ImageObject\",\"inLanguage\":\"tr\",\"@id\":\"https:\\\/\\\/www.purejewels.com\\\/#\\\/schema\\\/logo\\\/image\\\/\",\"url\":\"https:\\\/\\\/static.purejewels.com\\\/wp-content\\\/uploads\\\/2020\\\/11\\\/Logo-PJ-New-1.png\",\"contentUrl\":\"https:\\\/\\\/static.purejewels.com\\\/wp-content\\\/uploads\\\/2020\\\/11\\\/Logo-PJ-New-1.png\",\"width\":150,\"height\":80,\"caption\":\"PureJewels UK\"},\"image\":{\"@id\":\"https:\\\/\\\/www.purejewels.com\\\/#\\\/schema\\\/logo\\\/image\\\/\"}}]}<\/script>\n<!-- \/ Yoast SEO plugin. -->","yoast_head_json":{"title":"CZ Ta\u015fl\u0131 Alt\u0131n Saplama K\u00fcpe | PureJewels UK","description":"k\u00fcpeler 22 ayar alt\u0131ndan yap\u0131lm\u0131\u015ft\u0131r ve her k\u00fcpede k\u00fcbik zirkon ta\u015flar bulunur. Bu k\u00fcpelerin \u0131\u015f\u0131lt\u0131s\u0131na bay\u0131lacaks\u0131n\u0131z! Bu k\u00fcpeyi bug\u00fcn sat\u0131n al\u0131n!","robots":{"index":"index","follow":"follow","max-snippet":"max-snippet:-1","max-image-preview":"max-image-preview:large","max-video-preview":"max-video-preview:-1"},"canonical":"https:\/\/www.purejewels.com\/tr\/urun\/cz-tasli-altin-saplama-kupe-2\/","og_locale":"tr_TR","og_type":"article","og_title":"Gold Stud Earring with CZ Stones | PureJewels UK","og_description":"he earrings are made with 22k gold and have cubic zirconia stones in each earring. You will love the way these earrings sparkle! Buy this earring today!","og_url":"https:\/\/www.purejewels.com\/tr\/urun\/cz-tasli-altin-saplama-kupe-2\/","og_site_name":"PureJewels UK","article_modified_time":"2024-12-30T13:27:04+00:00","og_image":[{"width":1000,"height":1000,"url":"https:\/\/www.purejewels.com\/wp-content\/uploads\/2021\/11\/45972.png","type":"image\/png"}],"twitter_card":"summary_large_image","twitter_misc":{"Tahmini okuma s\u00fcresi":"1 dakika"},"schema":{"@context":"https:\/\/schema.org","@graph":[{"@type":["WebPage","ItemPage"],"@id":"https:\/\/www.purejewels.com\/product\/gold-stud-earring-with-cz-stones-2\/","url":"https:\/\/www.purejewels.com\/product\/gold-stud-earring-with-cz-stones-2\/","name":"CZ Ta\u015fl\u0131 Alt\u0131n Saplama K\u00fcpe | PureJewels UK","isPartOf":{"@id":"https:\/\/www.purejewels.com\/#website"},"primaryImageOfPage":{"@id":"https:\/\/www.purejewels.com\/product\/gold-stud-earring-with-cz-stones-2\/#primaryimage"},"image":{"@id":"https:\/\/www.purejewels.com\/product\/gold-stud-earring-with-cz-stones-2\/#primaryimage"},"thumbnailUrl":"https:\/\/static.purejewels.com\/wp-content\/uploads\/2021\/11\/45972.png","datePublished":"2021-11-29T10:17:49+00:00","dateModified":"2024-12-30T13:27:04+00:00","description":"k\u00fcpeler 22 ayar alt\u0131ndan yap\u0131lm\u0131\u015ft\u0131r ve her k\u00fcpede k\u00fcbik zirkon ta\u015flar bulunur. Bu k\u00fcpelerin \u0131\u015f\u0131lt\u0131s\u0131na bay\u0131lacaks\u0131n\u0131z! Bu k\u00fcpeyi bug\u00fcn sat\u0131n al\u0131n!","breadcrumb":{"@id":"https:\/\/www.purejewels.com\/product\/gold-stud-earring-with-cz-stones-2\/#breadcrumb"},"inLanguage":"tr","potentialAction":[{"@type":"ReadAction","target":["https:\/\/www.purejewels.com\/product\/gold-stud-earring-with-cz-stones-2\/"]}]},{"@type":"ImageObject","inLanguage":"tr","@id":"https:\/\/www.purejewels.com\/product\/gold-stud-earring-with-cz-stones-2\/#primaryimage","url":"https:\/\/static.purejewels.com\/wp-content\/uploads\/2021\/11\/45972.png","contentUrl":"https:\/\/static.purejewels.com\/wp-content\/uploads\/2021\/11\/45972.png","width":1000,"height":1000,"caption":"22ct Gold Studs"},{"@type":"BreadcrumbList","@id":"https:\/\/www.purejewels.com\/product\/gold-stud-earring-with-cz-stones-2\/#breadcrumb","itemListElement":[{"@type":"ListItem","position":1,"name":"Home","item":"https:\/\/www.purejewels.com\/"},{"@type":"ListItem","position":2,"name":"Shop","item":"https:\/\/www.purejewels.com\/shop\/"},{"@type":"ListItem","position":3,"name":"Gold Stud Earring with CZ Stones"}]},{"@type":"WebSite","@id":"https:\/\/www.purejewels.com\/#website","url":"https:\/\/www.purejewels.com\/","name":"PureJewels \u0130ngiltere","description":"Sevgiyi Payla\u015f\u0131n","publisher":{"@id":"https:\/\/www.purejewels.com\/#organization"},"potentialAction":[{"@type":"SearchAction","target":{"@type":"EntryPoint","urlTemplate":"https:\/\/www.purejewels.com\/?s={search_term_string}"},"query-input":{"@type":"PropertyValueSpecification","valueRequired":true,"valueName":"search_term_string"}}],"inLanguage":"tr"},{"@type":"Organization","@id":"https:\/\/www.purejewels.com\/#organization","name":"PureJewels \u0130ngiltere","url":"https:\/\/www.purejewels.com\/","logo":{"@type":"ImageObject","inLanguage":"tr","@id":"https:\/\/www.purejewels.com\/#\/schema\/logo\/image\/","url":"https:\/\/static.purejewels.com\/wp-content\/uploads\/2020\/11\/Logo-PJ-New-1.png","contentUrl":"https:\/\/static.purejewels.com\/wp-content\/uploads\/2020\/11\/Logo-PJ-New-1.png","width":150,"height":80,"caption":"PureJewels UK"},"image":{"@id":"https:\/\/www.purejewels.com\/#\/schema\/logo\/image\/"}}]}},"_links":{"self":[{"href":"https:\/\/www.purejewels.com\/tr\/wp-json\/wp\/v2\/product\/328650","targetHints":{"allow":["GET"]}}],"collection":[{"href":"https:\/\/www.purejewels.com\/tr\/wp-json\/wp\/v2\/product"}],"about":[{"href":"https:\/\/www.purejewels.com\/tr\/wp-json\/wp\/v2\/types\/product"}],"replies":[{"embeddable":true,"href":"https:\/\/www.purejewels.com\/tr\/wp-json\/wp\/v2\/comments?post=328650"}],"version-history":[{"count":4,"href":"https:\/\/www.purejewels.com\/tr\/wp-json\/wp\/v2\/product\/328650\/revisions"}],"predecessor-version":[{"id":376975,"href":"https:\/\/www.purejewels.com\/tr\/wp-json\/wp\/v2\/product\/328650\/revisions\/376975"}],"wp:featuredmedia":[{"embeddable":true,"href":"https:\/\/www.purejewels.com\/tr\/wp-json\/wp\/v2\/media\/358143"}],"wp:attachment":[{"href":"https:\/\/www.purejewels.com\/tr\/wp-json\/wp\/v2\/media?parent=328650"}],"wp:term":[{"taxonomy":"product_brand","embeddable":true,"href":"https:\/\/www.purejewels.com\/tr\/wp-json\/wp\/v2\/product_brand?post=328650"},{"taxonomy":"product_cat","embeddable":true,"href":"https:\/\/www.purejewels.com\/tr\/wp-json\/wp\/v2\/product_cat?post=328650"},{"taxonomy":"product_tag","embeddable":true,"href":"https:\/\/www.purejewels.com\/tr\/wp-json\/wp\/v2\/product_tag?post=328650"}],"curies":[{"name":"wp","href":"https:\/\/api.w.org\/{rel}","templated":true}]}}