{"id":328682,"date":"2021-11-17T06:59:04","date_gmt":"2021-11-17T06:59:04","guid":{"rendered":"https:\/\/www.purejewels.com\/?post_type=product&#038;p=328682"},"modified":"2026-04-07T09:17:42","modified_gmt":"2026-04-07T08:17:42","slug":"cz-tasli-altin-saplama-kupe-40765","status":"publish","type":"product","link":"https:\/\/www.purejewels.com\/tr\/product\/gold-stud-earring-with-cz-stones-40765\/","title":{"rendered":"22 Ayar Alt\u0131n Petal Sweep CZ Saplama K\u00fcpe"},"content":{"rendered":"<h3><\/h3>\n<h3>CZ Ta\u015fl\u0131 22 Ayar Alt\u0131n Saplama K\u00fcpe<\/h3>\n<p>\u00c7\u0131t\u00e7\u0131tl\u0131 kulaklar zahmetsiz, cesur ve muhte\u015femdir. Temelde normal kulaklar\u0131n daha k\u00fc\u00e7\u00fck versiyonlar\u0131d\u0131r. <a href=\"https:\/\/www.purejewels.com\/tr\/product-category\/22ct-gold-jewellery\/gold-earrings\/\">K\u00fcpeler<\/a> Kulak memelerinizi g\u00fczelce \u00f6rtecek \u015fekilde \u00fcretilmi\u015ftir ve biraz daha uzun olabilirler.<\/p>\n<p>Fazla m\u00fccevher diye bir \u015fey yoktur, de\u011fil mi? E\u011fer siz de bizim gibi buna inan\u0131yorsan\u0131z, bu ta\u015fl\u0131 alt\u0131n k\u00fcpeden geri d\u00f6n\u00fc\u015f yok. Purejewels'in bu hafif ve minimal tasar\u0131ml\u0131 k\u00fcpesi, siz de g\u00fcncel alt\u0131n tak\u0131 trendlerine tak\u0131nt\u0131l\u0131ysan\u0131z mutlaka sahip olman\u0131z gereken bir \u00fcr\u00fcn.<\/p>","protected":false},"excerpt":{"rendered":"<ul>\n<li>Cz Ta\u015fl\u0131 22 Ayar Alt\u0131n Saplama K\u00fcpe<\/li>\n<li>A\u011f\u0131rl\u0131k 2,9 gms<\/li>\n<li><span data-sheets-value=\"{&quot;1&quot;:3,&quot;3&quot;:40765}\" data-sheets-userformat=\"{&quot;2&quot;:14851,&quot;3&quot;:{&quot;1&quot;:0},&quot;4&quot;:{&quot;1&quot;:2,&quot;2&quot;:16777215},&quot;12&quot;:0,&quot;14&quot;:{&quot;1&quot;:2,&quot;2&quot;:5398399},&quot;15&quot;:&quot;\\&quot;Source Sans Pro\\&quot;, \\&quot;Helvetica Neue\\&quot;, Helvetica, Arial, sans-serif&quot;,&quot;16&quot;:11}\">40765<\/span><\/li>\n<li>T\u00fcm fiyatlara KDV dahildir<\/li>\n<li>Londra Tahlil Ofisi Taraf\u0131ndan Damgalanm\u0131\u015f 22 Ayar Alt\u0131n<\/li>\n<li>Sunum Kutusu ile Birlikte Gelir<\/li>\n<li>Teslimat Dahil<\/li>\n<li>Stok durumu ve stokta bulunan benzer tasar\u0131mlar\u0131n daha fazla g\u00f6r\u00fcnt\u00fcs\u00fc i\u00e7in bizimle canl\u0131 sohbet edin<\/li>\n<\/ul>","protected":false},"featured_media":328704,"comment_status":"closed","ping_status":"closed","template":"","meta":{"_eb_attr":"","_crsspst_to_jayantr4sg-hostcom":false},"product_brand":[],"product_cat":[1791,1559,1254,1577,1574],"product_tag":[66],"class_list":{"0":"post-328682","1":"product","2":"type-product","3":"status-publish","4":"has-post-thumbnail","6":"product_cat-anniversary-gifts","7":"product_cat-birthday-gifts","8":"product_cat-gold-earrings","9":"product_cat-stud-earrings","10":"product_cat-womens-jewellery","11":"product_tag-earrings","13":"first","14":"outofstock","15":"taxable","16":"shipping-taxable","17":"product-type-simple","18":"add-to-wishlist-before_image"},"yoast_head":"<!-- This site is optimized with the Yoast SEO plugin v27.3 - https:\/\/yoast.com\/product\/yoast-seo-wordpress\/ -->\n<title>22ct Gold CZ Floral Stud Earrings UK | Dual Tone Petal Design<\/title>\n<meta name=\"description\" content=\"Shop 22ct gold floral stud earrings with CZ stones and dual tone detailing, crafted for elegant everyday and occasion wear.\" \/>\n<meta name=\"robots\" content=\"index, follow, max-snippet:-1, max-image-preview:large, max-video-preview:-1\" \/>\n<link rel=\"canonical\" href=\"https:\/\/www.purejewels.com\/tr\/urun\/cz-tasli-altin-saplama-kupe-40765\/\" \/>\n<meta property=\"og:locale\" content=\"tr_TR\" \/>\n<meta property=\"og:type\" content=\"article\" \/>\n<meta property=\"og:title\" content=\"22ct Gold CZ Floral Stud Earrings UK | Dual Tone Petal Design\" \/>\n<meta property=\"og:description\" content=\"Shop 22ct gold floral stud earrings with CZ stones and dual tone detailing, crafted for elegant everyday and occasion wear.\" \/>\n<meta property=\"og:url\" content=\"https:\/\/www.purejewels.com\/tr\/urun\/cz-tasli-altin-saplama-kupe-40765\/\" \/>\n<meta property=\"og:site_name\" content=\"PureJewels UK\" \/>\n<meta property=\"article:modified_time\" content=\"2026-04-07T08:17:42+00:00\" \/>\n<meta property=\"og:image\" content=\"https:\/\/static.purejewels.com\/wp-content\/uploads\/2021\/11\/40765.jpg\" \/>\n\t<meta property=\"og:image:width\" content=\"1000\" \/>\n\t<meta property=\"og:image:height\" content=\"1000\" \/>\n\t<meta property=\"og:image:type\" content=\"image\/jpeg\" \/>\n<meta name=\"twitter:card\" content=\"summary_large_image\" \/>\n<meta name=\"twitter:label1\" content=\"Tahmini okuma s\u00fcresi\" \/>\n\t<meta name=\"twitter:data1\" content=\"1 dakika\" \/>\n<script type=\"application\/ld+json\" class=\"yoast-schema-graph\">{\"@context\":\"https:\\\/\\\/schema.org\",\"@graph\":[{\"@type\":[\"WebPage\",\"ItemPage\"],\"@id\":\"https:\\\/\\\/www.purejewels.com\\\/product\\\/gold-stud-earring-with-cz-stones-40765\\\/\",\"url\":\"https:\\\/\\\/www.purejewels.com\\\/product\\\/gold-stud-earring-with-cz-stones-40765\\\/\",\"name\":\"22ct Gold CZ Floral Stud Earrings UK | Dual Tone Petal Design\",\"isPartOf\":{\"@id\":\"https:\\\/\\\/www.purejewels.com\\\/#website\"},\"primaryImageOfPage\":{\"@id\":\"https:\\\/\\\/www.purejewels.com\\\/product\\\/gold-stud-earring-with-cz-stones-40765\\\/#primaryimage\"},\"image\":{\"@id\":\"https:\\\/\\\/www.purejewels.com\\\/product\\\/gold-stud-earring-with-cz-stones-40765\\\/#primaryimage\"},\"thumbnailUrl\":\"https:\\\/\\\/static.purejewels.com\\\/wp-content\\\/uploads\\\/2021\\\/11\\\/40765.jpg\",\"datePublished\":\"2021-11-17T06:59:04+00:00\",\"dateModified\":\"2026-04-07T08:17:42+00:00\",\"description\":\"Shop 22ct gold floral stud earrings with CZ stones and dual tone detailing, crafted for elegant everyday and occasion wear.\",\"breadcrumb\":{\"@id\":\"https:\\\/\\\/www.purejewels.com\\\/product\\\/gold-stud-earring-with-cz-stones-40765\\\/#breadcrumb\"},\"inLanguage\":\"tr\",\"potentialAction\":[{\"@type\":\"ReadAction\",\"target\":[\"https:\\\/\\\/www.purejewels.com\\\/product\\\/gold-stud-earring-with-cz-stones-40765\\\/\"]}]},{\"@type\":\"ImageObject\",\"inLanguage\":\"tr\",\"@id\":\"https:\\\/\\\/www.purejewels.com\\\/product\\\/gold-stud-earring-with-cz-stones-40765\\\/#primaryimage\",\"url\":\"https:\\\/\\\/static.purejewels.com\\\/wp-content\\\/uploads\\\/2021\\\/11\\\/40765.jpg\",\"contentUrl\":\"https:\\\/\\\/static.purejewels.com\\\/wp-content\\\/uploads\\\/2021\\\/11\\\/40765.jpg\",\"width\":1000,\"height\":1000,\"caption\":\"22ct Gold Stud Earring 40765\"},{\"@type\":\"BreadcrumbList\",\"@id\":\"https:\\\/\\\/www.purejewels.com\\\/product\\\/gold-stud-earring-with-cz-stones-40765\\\/#breadcrumb\",\"itemListElement\":[{\"@type\":\"ListItem\",\"position\":1,\"name\":\"Home\",\"item\":\"https:\\\/\\\/www.purejewels.com\\\/\"},{\"@type\":\"ListItem\",\"position\":2,\"name\":\"Shop\",\"item\":\"https:\\\/\\\/www.purejewels.com\\\/shop\\\/\"},{\"@type\":\"ListItem\",\"position\":3,\"name\":\"22ct Gold Petal Sweep CZ Stud Earrings\"}]},{\"@type\":\"WebSite\",\"@id\":\"https:\\\/\\\/www.purejewels.com\\\/#website\",\"url\":\"https:\\\/\\\/www.purejewels.com\\\/\",\"name\":\"PureJewels UK\",\"description\":\"Share the Love\",\"publisher\":{\"@id\":\"https:\\\/\\\/www.purejewels.com\\\/#organization\"},\"potentialAction\":[{\"@type\":\"SearchAction\",\"target\":{\"@type\":\"EntryPoint\",\"urlTemplate\":\"https:\\\/\\\/www.purejewels.com\\\/?s={search_term_string}\"},\"query-input\":{\"@type\":\"PropertyValueSpecification\",\"valueRequired\":true,\"valueName\":\"search_term_string\"}}],\"inLanguage\":\"tr\"},{\"@type\":\"Organization\",\"@id\":\"https:\\\/\\\/www.purejewels.com\\\/#organization\",\"name\":\"PureJewels UK\",\"url\":\"https:\\\/\\\/www.purejewels.com\\\/\",\"logo\":{\"@type\":\"ImageObject\",\"inLanguage\":\"tr\",\"@id\":\"https:\\\/\\\/www.purejewels.com\\\/#\\\/schema\\\/logo\\\/image\\\/\",\"url\":\"https:\\\/\\\/static.purejewels.com\\\/wp-content\\\/uploads\\\/2020\\\/11\\\/Logo-PJ-New-1.png\",\"contentUrl\":\"https:\\\/\\\/static.purejewels.com\\\/wp-content\\\/uploads\\\/2020\\\/11\\\/Logo-PJ-New-1.png\",\"width\":150,\"height\":80,\"caption\":\"PureJewels UK\"},\"image\":{\"@id\":\"https:\\\/\\\/www.purejewels.com\\\/#\\\/schema\\\/logo\\\/image\\\/\"}}]}<\/script>\n<!-- \/ Yoast SEO plugin. -->","yoast_head_json":{"title":"22 Ayar Alt\u0131n CZ \u00c7i\u00e7ekli Saplama K\u00fcpe \u0130ngiltere | \u00c7ift Tonlu Petal Tasar\u0131m","description":"Zarif g\u00fcnl\u00fck kullan\u0131m ve \u00f6zel g\u00fcnler i\u00e7in haz\u0131rlanm\u0131\u015f, CZ ta\u015fl\u0131 ve \u00e7ift ton detayl\u0131 22 ayar alt\u0131n \u00e7i\u00e7ekli k\u00fcpeler sat\u0131n al\u0131n.","robots":{"index":"index","follow":"follow","max-snippet":"max-snippet:-1","max-image-preview":"max-image-preview:large","max-video-preview":"max-video-preview:-1"},"canonical":"https:\/\/www.purejewels.com\/tr\/urun\/cz-tasli-altin-saplama-kupe-40765\/","og_locale":"tr_TR","og_type":"article","og_title":"22ct Gold CZ Floral Stud Earrings UK | Dual Tone Petal Design","og_description":"Shop 22ct gold floral stud earrings with CZ stones and dual tone detailing, crafted for elegant everyday and occasion wear.","og_url":"https:\/\/www.purejewels.com\/tr\/urun\/cz-tasli-altin-saplama-kupe-40765\/","og_site_name":"PureJewels UK","article_modified_time":"2026-04-07T08:17:42+00:00","og_image":[{"width":1000,"height":1000,"url":"https:\/\/static.purejewels.com\/wp-content\/uploads\/2021\/11\/40765.jpg","type":"image\/jpeg"}],"twitter_card":"summary_large_image","twitter_misc":{"Tahmini okuma s\u00fcresi":"1 dakika"},"schema":{"@context":"https:\/\/schema.org","@graph":[{"@type":["WebPage","ItemPage"],"@id":"https:\/\/www.purejewels.com\/product\/gold-stud-earring-with-cz-stones-40765\/","url":"https:\/\/www.purejewels.com\/product\/gold-stud-earring-with-cz-stones-40765\/","name":"22 Ayar Alt\u0131n CZ \u00c7i\u00e7ekli Saplama K\u00fcpe \u0130ngiltere | \u00c7ift Tonlu Petal Tasar\u0131m","isPartOf":{"@id":"https:\/\/www.purejewels.com\/#website"},"primaryImageOfPage":{"@id":"https:\/\/www.purejewels.com\/product\/gold-stud-earring-with-cz-stones-40765\/#primaryimage"},"image":{"@id":"https:\/\/www.purejewels.com\/product\/gold-stud-earring-with-cz-stones-40765\/#primaryimage"},"thumbnailUrl":"https:\/\/static.purejewels.com\/wp-content\/uploads\/2021\/11\/40765.jpg","datePublished":"2021-11-17T06:59:04+00:00","dateModified":"2026-04-07T08:17:42+00:00","description":"Zarif g\u00fcnl\u00fck kullan\u0131m ve \u00f6zel g\u00fcnler i\u00e7in haz\u0131rlanm\u0131\u015f, CZ ta\u015fl\u0131 ve \u00e7ift ton detayl\u0131 22 ayar alt\u0131n \u00e7i\u00e7ekli k\u00fcpeler sat\u0131n al\u0131n.","breadcrumb":{"@id":"https:\/\/www.purejewels.com\/product\/gold-stud-earring-with-cz-stones-40765\/#breadcrumb"},"inLanguage":"tr","potentialAction":[{"@type":"ReadAction","target":["https:\/\/www.purejewels.com\/product\/gold-stud-earring-with-cz-stones-40765\/"]}]},{"@type":"ImageObject","inLanguage":"tr","@id":"https:\/\/www.purejewels.com\/product\/gold-stud-earring-with-cz-stones-40765\/#primaryimage","url":"https:\/\/static.purejewels.com\/wp-content\/uploads\/2021\/11\/40765.jpg","contentUrl":"https:\/\/static.purejewels.com\/wp-content\/uploads\/2021\/11\/40765.jpg","width":1000,"height":1000,"caption":"22ct Gold Stud Earring 40765"},{"@type":"BreadcrumbList","@id":"https:\/\/www.purejewels.com\/product\/gold-stud-earring-with-cz-stones-40765\/#breadcrumb","itemListElement":[{"@type":"ListItem","position":1,"name":"Home","item":"https:\/\/www.purejewels.com\/"},{"@type":"ListItem","position":2,"name":"Shop","item":"https:\/\/www.purejewels.com\/shop\/"},{"@type":"ListItem","position":3,"name":"22ct Gold Petal Sweep CZ Stud Earrings"}]},{"@type":"WebSite","@id":"https:\/\/www.purejewels.com\/#website","url":"https:\/\/www.purejewels.com\/","name":"PureJewels \u0130ngiltere","description":"Sevgiyi Payla\u015f\u0131n","publisher":{"@id":"https:\/\/www.purejewels.com\/#organization"},"potentialAction":[{"@type":"SearchAction","target":{"@type":"EntryPoint","urlTemplate":"https:\/\/www.purejewels.com\/?s={search_term_string}"},"query-input":{"@type":"PropertyValueSpecification","valueRequired":true,"valueName":"search_term_string"}}],"inLanguage":"tr"},{"@type":"Organization","@id":"https:\/\/www.purejewels.com\/#organization","name":"PureJewels \u0130ngiltere","url":"https:\/\/www.purejewels.com\/","logo":{"@type":"ImageObject","inLanguage":"tr","@id":"https:\/\/www.purejewels.com\/#\/schema\/logo\/image\/","url":"https:\/\/static.purejewels.com\/wp-content\/uploads\/2020\/11\/Logo-PJ-New-1.png","contentUrl":"https:\/\/static.purejewels.com\/wp-content\/uploads\/2020\/11\/Logo-PJ-New-1.png","width":150,"height":80,"caption":"PureJewels UK"},"image":{"@id":"https:\/\/www.purejewels.com\/#\/schema\/logo\/image\/"}}]}},"_links":{"self":[{"href":"https:\/\/www.purejewels.com\/tr\/wp-json\/wp\/v2\/product\/328682","targetHints":{"allow":["GET"]}}],"collection":[{"href":"https:\/\/www.purejewels.com\/tr\/wp-json\/wp\/v2\/product"}],"about":[{"href":"https:\/\/www.purejewels.com\/tr\/wp-json\/wp\/v2\/types\/product"}],"replies":[{"embeddable":true,"href":"https:\/\/www.purejewels.com\/tr\/wp-json\/wp\/v2\/comments?post=328682"}],"version-history":[{"count":1,"href":"https:\/\/www.purejewels.com\/tr\/wp-json\/wp\/v2\/product\/328682\/revisions"}],"predecessor-version":[{"id":428138,"href":"https:\/\/www.purejewels.com\/tr\/wp-json\/wp\/v2\/product\/328682\/revisions\/428138"}],"wp:featuredmedia":[{"embeddable":true,"href":"https:\/\/www.purejewels.com\/tr\/wp-json\/wp\/v2\/media\/328704"}],"wp:attachment":[{"href":"https:\/\/www.purejewels.com\/tr\/wp-json\/wp\/v2\/media?parent=328682"}],"wp:term":[{"taxonomy":"product_brand","embeddable":true,"href":"https:\/\/www.purejewels.com\/tr\/wp-json\/wp\/v2\/product_brand?post=328682"},{"taxonomy":"product_cat","embeddable":true,"href":"https:\/\/www.purejewels.com\/tr\/wp-json\/wp\/v2\/product_cat?post=328682"},{"taxonomy":"product_tag","embeddable":true,"href":"https:\/\/www.purejewels.com\/tr\/wp-json\/wp\/v2\/product_tag?post=328682"}],"curies":[{"name":"wp","href":"https:\/\/api.w.org\/{rel}","templated":true}]}}