{"id":329131,"date":"2021-11-25T10:03:42","date_gmt":"2021-11-25T10:03:42","guid":{"rendered":"https:\/\/www.purejewels.com\/?post_type=product&#038;p=329131"},"modified":"2026-01-07T05:53:49","modified_gmt":"2026-01-07T05:53:49","slug":"kadinlar-icin-altin-yuzukler-41131","status":"publish","type":"product","link":"https:\/\/www.purejewels.com\/tr\/product\/gold-rings-for-women-41131\/","title":{"rendered":"Kad\u0131nlar i\u00e7in Alt\u0131n Y\u00fcz\u00fckler (J Beden)"},"content":{"rendered":"<p>Alt\u0131n <a href=\"https:\/\/www.purejewels.com\/tr\/product-category\/22ct-gold-jewellery\/gold-rings\/\">halkalar<\/a> kad\u0131nlar i\u00e7in her k\u0131yafeti g\u00fczelle\u015ftirmek i\u00e7in m\u00fckemmel bir aksesuard\u0131r. \u0130ster beyaz alt\u0131n y\u00fcz\u00fckler, ister pembe alt\u0131n y\u00fcz\u00fckler ya da ba\u015fka bir tarzda <a href=\"https:\/\/www.purejewels.com\/tr\/product\/22ct-gold-ladies-ring-size-k1-2-46827\/\">alt\u0131n y\u00fcz\u00fck<\/a>Aralar\u0131ndan se\u00e7im yapabilece\u011finiz harika bir se\u00e7kiye sahibiz. \u00c7ok say\u0131da farkl\u0131 tasar\u0131m ve stille, g\u00f6r\u00fcn\u00fcm\u00fcn\u00fcze biraz ihti\u015fam ve incelik katacak m\u00fckemmel y\u00fcz\u00fc\u011f\u00fc bulaca\u011f\u0131n\u0131zdan emin olabilirsiniz. Alt\u0131n y\u00fcz\u00fcklerimiz, parlakl\u0131klar\u0131 ve \u0131\u015f\u0131lt\u0131lar\u0131 ile bilinen CZ ta\u015flarla s\u00fcslenmi\u015ftir.<\/p>","protected":false},"excerpt":{"rendered":"<ul>\n<li><span data-sheets-value=\"{&quot;1&quot;:2,&quot;2&quot;:&quot;gold rings for women&quot;}\" data-sheets-userformat=\"{&quot;2&quot;:13185,&quot;3&quot;:{&quot;1&quot;:0},&quot;10&quot;:2,&quot;11&quot;:0,&quot;12&quot;:0,&quot;15&quot;:&quot;Arial, serif&quot;,&quot;16&quot;:12}\">Kad\u0131nlar i\u00e7in Alt\u0131n Y\u00fcz\u00fckler<\/span><\/li>\n<li>Cz Ta\u015flarla \u0130\u015flenmi\u015f<\/li>\n<li><span id=\"urn:enhancement-27a9b57d\" class=\"textannotation disambiguated wl-thing\">A\u011f\u0131rl\u0131k 2,3 gms<\/span><\/li>\n<li><span id=\"urn:enhancement-3ca7a330\" class=\"textannotation\">Y\u00fcz\u00fck \u00d6l\u00e7\u00fcs\u00fc<\/span> J<\/li>\n<li>Sku 41131<\/li>\n<li>London Assay Office taraf\u0131ndan damgalanm\u0131\u015ft\u0131r<\/li>\n<li>Sunum Kutusu ile Birlikte Gelir<\/li>\n<li>Teslimat Dahil<\/li>\n<li>T\u00fcm fiyatlara KDV dahildir<\/li>\n<li>Alt\u0131n Y\u00fcz\u00fck Koleksiyonumuzu Ke\u015ffedin<\/li>\n<li>Stok durumu ve stokta bulunan benzer tasar\u0131mlar\u0131n daha fazla g\u00f6r\u00fcnt\u00fcs\u00fc i\u00e7in bizimle canl\u0131 sohbet edin<\/li>\n<\/ul>","protected":false},"featured_media":325338,"comment_status":"closed","ping_status":"closed","template":"","meta":{"_eb_attr":"","_crsspst_to_jayantr4sg-hostcom":false},"product_brand":[],"product_cat":[1791,1559,1794,1785,1235,5371,1783,1573,1574,5349],"product_tag":[64],"class_list":{"0":"post-329131","1":"product","2":"type-product","3":"status-publish","4":"has-post-thumbnail","6":"product_cat-anniversary-gifts","7":"product_cat-birthday-gifts","8":"product_cat-christmas-gifts","9":"product_cat-daily-wear-rings","10":"product_cat-gold-rings","11":"product_cat-jewellery-for-hands","12":"product_cat-ladies-rings","13":"product_cat-wedding-gifts","14":"product_cat-womens-jewellery","15":"product_cat-yellow-gold-jewellery","16":"product_tag-rings","18":"first","19":"outofstock","20":"taxable","21":"shipping-taxable","22":"product-type-simple","23":"add-to-wishlist-before_image"},"yoast_head":"<!-- This site is optimized with the Yoast SEO plugin v27.3 - https:\/\/yoast.com\/product\/yoast-seo-wordpress\/ -->\n<title>Gold Rings for Women | Women&#039;s Ring | Buy Gold Rings Online UK<\/title>\n<meta name=\"description\" content=\"Visit PureJewels online for the beautiful collection of gold rings to show your partner how much you love her. Shop now for free UK delivery.\" \/>\n<meta name=\"robots\" content=\"index, follow, max-snippet:-1, max-image-preview:large, max-video-preview:-1\" \/>\n<link rel=\"canonical\" href=\"https:\/\/www.purejewels.com\/tr\/urun\/kadinlar-icin-altin-yuzukler-41131\/\" \/>\n<meta property=\"og:locale\" content=\"tr_TR\" \/>\n<meta property=\"og:type\" content=\"article\" \/>\n<meta property=\"og:title\" content=\"Gold Rings for Women | Women&#039;s Ring | Buy Gold Rings Online UK\" \/>\n<meta property=\"og:description\" content=\"Visit PureJewels online for the beautiful collection of gold rings to show your partner how much you love her. Shop now for free UK delivery.\" \/>\n<meta property=\"og:url\" content=\"https:\/\/www.purejewels.com\/tr\/urun\/kadinlar-icin-altin-yuzukler-41131\/\" \/>\n<meta property=\"og:site_name\" content=\"PureJewels UK\" \/>\n<meta property=\"article:modified_time\" content=\"2026-01-07T05:53:49+00:00\" \/>\n<meta property=\"og:image\" content=\"https:\/\/www.purejewels.com\/wp-content\/uploads\/2021\/08\/34063_5.jpg\" \/>\n\t<meta property=\"og:image:width\" content=\"1000\" \/>\n\t<meta property=\"og:image:height\" content=\"1000\" \/>\n\t<meta property=\"og:image:type\" content=\"image\/jpeg\" \/>\n<meta name=\"twitter:card\" content=\"summary_large_image\" \/>\n<meta name=\"twitter:label1\" content=\"Tahmini okuma s\u00fcresi\" \/>\n\t<meta name=\"twitter:data1\" content=\"1 dakika\" \/>\n<script type=\"application\/ld+json\" class=\"yoast-schema-graph\">{\"@context\":\"https:\\\/\\\/schema.org\",\"@graph\":[{\"@type\":[\"WebPage\",\"ItemPage\"],\"@id\":\"https:\\\/\\\/www.purejewels.com\\\/product\\\/gold-rings-for-women-41131\\\/\",\"url\":\"https:\\\/\\\/www.purejewels.com\\\/product\\\/gold-rings-for-women-41131\\\/\",\"name\":\"Gold Rings for Women | Women's Ring | Buy Gold Rings Online UK\",\"isPartOf\":{\"@id\":\"https:\\\/\\\/www.purejewels.com\\\/#website\"},\"primaryImageOfPage\":{\"@id\":\"https:\\\/\\\/www.purejewels.com\\\/product\\\/gold-rings-for-women-41131\\\/#primaryimage\"},\"image\":{\"@id\":\"https:\\\/\\\/www.purejewels.com\\\/product\\\/gold-rings-for-women-41131\\\/#primaryimage\"},\"thumbnailUrl\":\"https:\\\/\\\/static.purejewels.com\\\/wp-content\\\/uploads\\\/2021\\\/08\\\/34063_5.jpg\",\"datePublished\":\"2021-11-25T10:03:42+00:00\",\"dateModified\":\"2026-01-07T05:53:49+00:00\",\"description\":\"Visit PureJewels online for the beautiful collection of gold rings to show your partner how much you love her. Shop now for free UK delivery.\",\"breadcrumb\":{\"@id\":\"https:\\\/\\\/www.purejewels.com\\\/product\\\/gold-rings-for-women-41131\\\/#breadcrumb\"},\"inLanguage\":\"tr\",\"potentialAction\":[{\"@type\":\"ReadAction\",\"target\":[\"https:\\\/\\\/www.purejewels.com\\\/product\\\/gold-rings-for-women-41131\\\/\"]}]},{\"@type\":\"ImageObject\",\"inLanguage\":\"tr\",\"@id\":\"https:\\\/\\\/www.purejewels.com\\\/product\\\/gold-rings-for-women-41131\\\/#primaryimage\",\"url\":\"https:\\\/\\\/static.purejewels.com\\\/wp-content\\\/uploads\\\/2021\\\/08\\\/34063_5.jpg\",\"contentUrl\":\"https:\\\/\\\/static.purejewels.com\\\/wp-content\\\/uploads\\\/2021\\\/08\\\/34063_5.jpg\",\"width\":1000,\"height\":1000,\"caption\":\"22ct Gold Ring 34063_5\"},{\"@type\":\"BreadcrumbList\",\"@id\":\"https:\\\/\\\/www.purejewels.com\\\/product\\\/gold-rings-for-women-41131\\\/#breadcrumb\",\"itemListElement\":[{\"@type\":\"ListItem\",\"position\":1,\"name\":\"Home\",\"item\":\"https:\\\/\\\/www.purejewels.com\\\/\"},{\"@type\":\"ListItem\",\"position\":2,\"name\":\"Shop\",\"item\":\"https:\\\/\\\/www.purejewels.com\\\/shop\\\/\"},{\"@type\":\"ListItem\",\"position\":3,\"name\":\"Gold Rings for Women (Size J)\"}]},{\"@type\":\"WebSite\",\"@id\":\"https:\\\/\\\/www.purejewels.com\\\/#website\",\"url\":\"https:\\\/\\\/www.purejewels.com\\\/\",\"name\":\"PureJewels UK\",\"description\":\"Share the Love\",\"publisher\":{\"@id\":\"https:\\\/\\\/www.purejewels.com\\\/#organization\"},\"potentialAction\":[{\"@type\":\"SearchAction\",\"target\":{\"@type\":\"EntryPoint\",\"urlTemplate\":\"https:\\\/\\\/www.purejewels.com\\\/?s={search_term_string}\"},\"query-input\":{\"@type\":\"PropertyValueSpecification\",\"valueRequired\":true,\"valueName\":\"search_term_string\"}}],\"inLanguage\":\"tr\"},{\"@type\":\"Organization\",\"@id\":\"https:\\\/\\\/www.purejewels.com\\\/#organization\",\"name\":\"PureJewels UK\",\"url\":\"https:\\\/\\\/www.purejewels.com\\\/\",\"logo\":{\"@type\":\"ImageObject\",\"inLanguage\":\"tr\",\"@id\":\"https:\\\/\\\/www.purejewels.com\\\/#\\\/schema\\\/logo\\\/image\\\/\",\"url\":\"https:\\\/\\\/static.purejewels.com\\\/wp-content\\\/uploads\\\/2020\\\/11\\\/Logo-PJ-New-1.png\",\"contentUrl\":\"https:\\\/\\\/static.purejewels.com\\\/wp-content\\\/uploads\\\/2020\\\/11\\\/Logo-PJ-New-1.png\",\"width\":150,\"height\":80,\"caption\":\"PureJewels UK\"},\"image\":{\"@id\":\"https:\\\/\\\/www.purejewels.com\\\/#\\\/schema\\\/logo\\\/image\\\/\"}}]}<\/script>\n<!-- \/ Yoast SEO plugin. -->","yoast_head_json":{"title":"Kad\u0131nlar i\u00e7in Alt\u0131n Y\u00fcz\u00fck | Kad\u0131n Y\u00fcz\u00fck | Alt\u0131n Y\u00fcz\u00fckleri Online Sat\u0131n Al \u0130ngiltere","description":"Partnerinize onu ne kadar sevdi\u011finizi g\u00f6sterecek g\u00fczel alt\u0131n y\u00fcz\u00fck koleksiyonu i\u00e7in PureJewels'i online ziyaret edin. \u00dccretsiz \u0130ngiltere teslimat\u0131 i\u00e7in \u015fimdi al\u0131\u015fveri\u015f yap\u0131n.","robots":{"index":"index","follow":"follow","max-snippet":"max-snippet:-1","max-image-preview":"max-image-preview:large","max-video-preview":"max-video-preview:-1"},"canonical":"https:\/\/www.purejewels.com\/tr\/urun\/kadinlar-icin-altin-yuzukler-41131\/","og_locale":"tr_TR","og_type":"article","og_title":"Gold Rings for Women | Women's Ring | Buy Gold Rings Online UK","og_description":"Visit PureJewels online for the beautiful collection of gold rings to show your partner how much you love her. Shop now for free UK delivery.","og_url":"https:\/\/www.purejewels.com\/tr\/urun\/kadinlar-icin-altin-yuzukler-41131\/","og_site_name":"PureJewels UK","article_modified_time":"2026-01-07T05:53:49+00:00","og_image":[{"width":1000,"height":1000,"url":"https:\/\/www.purejewels.com\/wp-content\/uploads\/2021\/08\/34063_5.jpg","type":"image\/jpeg"}],"twitter_card":"summary_large_image","twitter_misc":{"Tahmini okuma s\u00fcresi":"1 dakika"},"schema":{"@context":"https:\/\/schema.org","@graph":[{"@type":["WebPage","ItemPage"],"@id":"https:\/\/www.purejewels.com\/product\/gold-rings-for-women-41131\/","url":"https:\/\/www.purejewels.com\/product\/gold-rings-for-women-41131\/","name":"Kad\u0131nlar i\u00e7in Alt\u0131n Y\u00fcz\u00fck | Kad\u0131n Y\u00fcz\u00fck | Alt\u0131n Y\u00fcz\u00fckleri Online Sat\u0131n Al \u0130ngiltere","isPartOf":{"@id":"https:\/\/www.purejewels.com\/#website"},"primaryImageOfPage":{"@id":"https:\/\/www.purejewels.com\/product\/gold-rings-for-women-41131\/#primaryimage"},"image":{"@id":"https:\/\/www.purejewels.com\/product\/gold-rings-for-women-41131\/#primaryimage"},"thumbnailUrl":"https:\/\/static.purejewels.com\/wp-content\/uploads\/2021\/08\/34063_5.jpg","datePublished":"2021-11-25T10:03:42+00:00","dateModified":"2026-01-07T05:53:49+00:00","description":"Partnerinize onu ne kadar sevdi\u011finizi g\u00f6sterecek g\u00fczel alt\u0131n y\u00fcz\u00fck koleksiyonu i\u00e7in PureJewels'i online ziyaret edin. \u00dccretsiz \u0130ngiltere teslimat\u0131 i\u00e7in \u015fimdi al\u0131\u015fveri\u015f yap\u0131n.","breadcrumb":{"@id":"https:\/\/www.purejewels.com\/product\/gold-rings-for-women-41131\/#breadcrumb"},"inLanguage":"tr","potentialAction":[{"@type":"ReadAction","target":["https:\/\/www.purejewels.com\/product\/gold-rings-for-women-41131\/"]}]},{"@type":"ImageObject","inLanguage":"tr","@id":"https:\/\/www.purejewels.com\/product\/gold-rings-for-women-41131\/#primaryimage","url":"https:\/\/static.purejewels.com\/wp-content\/uploads\/2021\/08\/34063_5.jpg","contentUrl":"https:\/\/static.purejewels.com\/wp-content\/uploads\/2021\/08\/34063_5.jpg","width":1000,"height":1000,"caption":"22ct Gold Ring 34063_5"},{"@type":"BreadcrumbList","@id":"https:\/\/www.purejewels.com\/product\/gold-rings-for-women-41131\/#breadcrumb","itemListElement":[{"@type":"ListItem","position":1,"name":"Home","item":"https:\/\/www.purejewels.com\/"},{"@type":"ListItem","position":2,"name":"Shop","item":"https:\/\/www.purejewels.com\/shop\/"},{"@type":"ListItem","position":3,"name":"Gold Rings for Women (Size J)"}]},{"@type":"WebSite","@id":"https:\/\/www.purejewels.com\/#website","url":"https:\/\/www.purejewels.com\/","name":"PureJewels \u0130ngiltere","description":"Sevgiyi Payla\u015f\u0131n","publisher":{"@id":"https:\/\/www.purejewels.com\/#organization"},"potentialAction":[{"@type":"SearchAction","target":{"@type":"EntryPoint","urlTemplate":"https:\/\/www.purejewels.com\/?s={search_term_string}"},"query-input":{"@type":"PropertyValueSpecification","valueRequired":true,"valueName":"search_term_string"}}],"inLanguage":"tr"},{"@type":"Organization","@id":"https:\/\/www.purejewels.com\/#organization","name":"PureJewels \u0130ngiltere","url":"https:\/\/www.purejewels.com\/","logo":{"@type":"ImageObject","inLanguage":"tr","@id":"https:\/\/www.purejewels.com\/#\/schema\/logo\/image\/","url":"https:\/\/static.purejewels.com\/wp-content\/uploads\/2020\/11\/Logo-PJ-New-1.png","contentUrl":"https:\/\/static.purejewels.com\/wp-content\/uploads\/2020\/11\/Logo-PJ-New-1.png","width":150,"height":80,"caption":"PureJewels UK"},"image":{"@id":"https:\/\/www.purejewels.com\/#\/schema\/logo\/image\/"}}]}},"_links":{"self":[{"href":"https:\/\/www.purejewels.com\/tr\/wp-json\/wp\/v2\/product\/329131","targetHints":{"allow":["GET"]}}],"collection":[{"href":"https:\/\/www.purejewels.com\/tr\/wp-json\/wp\/v2\/product"}],"about":[{"href":"https:\/\/www.purejewels.com\/tr\/wp-json\/wp\/v2\/types\/product"}],"replies":[{"embeddable":true,"href":"https:\/\/www.purejewels.com\/tr\/wp-json\/wp\/v2\/comments?post=329131"}],"version-history":[{"count":1,"href":"https:\/\/www.purejewels.com\/tr\/wp-json\/wp\/v2\/product\/329131\/revisions"}],"predecessor-version":[{"id":366759,"href":"https:\/\/www.purejewels.com\/tr\/wp-json\/wp\/v2\/product\/329131\/revisions\/366759"}],"wp:featuredmedia":[{"embeddable":true,"href":"https:\/\/www.purejewels.com\/tr\/wp-json\/wp\/v2\/media\/325338"}],"wp:attachment":[{"href":"https:\/\/www.purejewels.com\/tr\/wp-json\/wp\/v2\/media?parent=329131"}],"wp:term":[{"taxonomy":"product_brand","embeddable":true,"href":"https:\/\/www.purejewels.com\/tr\/wp-json\/wp\/v2\/product_brand?post=329131"},{"taxonomy":"product_cat","embeddable":true,"href":"https:\/\/www.purejewels.com\/tr\/wp-json\/wp\/v2\/product_cat?post=329131"},{"taxonomy":"product_tag","embeddable":true,"href":"https:\/\/www.purejewels.com\/tr\/wp-json\/wp\/v2\/product_tag?post=329131"}],"curies":[{"name":"wp","href":"https:\/\/api.w.org\/{rel}","templated":true}]}}