{"id":329136,"date":"2021-11-25T10:45:21","date_gmt":"2021-11-25T10:45:21","guid":{"rendered":"https:\/\/www.purejewels.com\/?post_type=product&#038;p=329136"},"modified":"2025-12-19T08:20:55","modified_gmt":"2025-12-19T08:20:55","slug":"22-ayar-hint-altin-kolye-41125","status":"publish","type":"product","link":"https:\/\/www.purejewels.com\/tr\/product\/22ct-indian-gold-pendant-41125\/","title":{"rendered":"22 ayar alt\u0131n klasik CZ tek ta\u015f kolye"},"content":{"rendered":"<p data-start=\"571\" data-end=\"885\">Tek bir parlak ta\u015f\u0131n g\u00fczelli\u011fini vurgulayan zarif tasar\u0131m\u0131yla 22 ayar alt\u0131n klasik CZ solitaire kolye ile minimalist zarafeti kucaklay\u0131n. S\u0131cak 22 ayar sar\u0131 alt\u0131n \u00fczerine yerle\u015ftirilmi\u015f bu kolye, maksimum \u0131\u015f\u0131k yans\u0131mas\u0131 ve parlakl\u0131k sa\u011flayan g\u00fcvenli \u00e7atal ayar ile sabitlenmi\u015f yuvarlak kesim k\u00fcbik zirkonya ta\u015f\u0131na sahiptir.<\/p>\n<p data-start=\"887\" data-end=\"1092\">Zahmetsiz \u015f\u0131kl\u0131\u011f\u0131yla solitaire kolye, hem geleneksel hem de modern g\u00f6r\u00fcn\u00fcmleri tamamlar. G\u00fcnl\u00fck kullan\u0131m i\u00e7in ideal olan bu kolye, \u00f6nemli g\u00fcnler, kutlamalar veya sadece kendinizi \u015f\u0131martmak i\u00e7in de d\u00fc\u015f\u00fcnceli bir hediye se\u00e7ene\u011fidir.<\/p>\n<p data-start=\"1094\" data-end=\"1247\">PureJewels'\u0131n kalite ve zamans\u0131z i\u015f\u00e7ilik miras\u0131na uygun olarak tasarlanan bu kolye ucu, her zaman takmak isteyece\u011finiz zarif ve b\u00fcy\u00fcleyici bir hazinedir.<\/p>","protected":false},"excerpt":{"rendered":"<p>Zamans\u0131z ve zarif olan bu 22 ayar alt\u0131n kolye, parlak yuvarlak CZ solitaire ile dikkat \u00e7ekiyor. Kal\u0131c\u0131 \u0131\u015f\u0131lt\u0131s\u0131 ve sadeli\u011fi ile g\u00fcnl\u00fck kullan\u0131m i\u00e7in m\u00fckemmel bir klasik.<\/p>\n<ul>\n<li>22 Ayar Alt\u0131n CZ Kolye<\/li>\n<li>A\u011f\u0131rl\u0131k 1,2 gm<\/li>\n<li>SKU. 41125<\/li>\n<li>Zincir dahil de\u011fildir.<\/li>\n<li>Resimde g\u00f6sterilen Zincir bir <strong>Spiga Zincir<\/strong><\/li>\n<li>T\u00fcm \u00dcr\u00fcnlerimiz Londra Tahlil Ofisi Taraf\u0131ndan Damgalanm\u0131\u015ft\u0131r<\/li>\n<li>Sunum Kutusu ile Birlikte Gelir<\/li>\n<li>Teslimat Dahil<\/li>\n<li>T\u00fcm fiyatlara KDV dahildir<\/li>\n<li>\u00dcr\u00fcn\u00fcn videosunu g\u00f6rmek i\u00e7in bize ula\u015f\u0131n \/ bizimle canl\u0131 sohbet edin<\/li>\n<\/ul>","protected":false},"featured_media":329137,"comment_status":"closed","ping_status":"closed","template":"","meta":{"_eb_attr":"","_crsspst_to_jayantr4sg-hostcom":false},"product_brand":[],"product_cat":[1559,1576,1255,1769,1767,1575,1574],"product_tag":[1546],"class_list":{"0":"post-329136","1":"product","2":"type-product","3":"status-publish","4":"has-post-thumbnail","6":"product_cat-birthday-gifts","7":"product_cat-childrens-jewellery","8":"product_cat-gold-pendants","9":"product_cat-kids-pendants","10":"product_cat-ladies-pendants","11":"product_cat-teenage-jewellery","12":"product_cat-womens-jewellery","13":"product_tag-children","15":"first","16":"outofstock","17":"taxable","18":"shipping-taxable","19":"product-type-simple","20":"add-to-wishlist-before_image"},"yoast_head":"<!-- This site is optimized with the Yoast SEO plugin v27.3 - https:\/\/yoast.com\/product\/yoast-seo-wordpress\/ -->\n<title>Elegant CZ Solitaire Pendant in 22ct Gold<\/title>\n<meta name=\"description\" content=\"Discover the 22ct Gold Classic CZ Solitaire Pendant \u2013 a timeless round-cut single stone set in yellow gold. Simple, elegant, and perfect for everyday wear.\" \/>\n<meta name=\"robots\" content=\"index, follow, max-snippet:-1, max-image-preview:large, max-video-preview:-1\" \/>\n<link rel=\"canonical\" href=\"https:\/\/www.purejewels.com\/tr\/urun\/22-ayar-hint-altin-kolye-41125\/\" \/>\n<meta property=\"og:locale\" content=\"tr_TR\" \/>\n<meta property=\"og:type\" content=\"article\" \/>\n<meta property=\"og:title\" content=\"Elegant CZ Solitaire Pendant in 22ct Gold\" \/>\n<meta property=\"og:description\" content=\"Discover the 22ct Gold Classic CZ Solitaire Pendant \u2013 a timeless round-cut single stone set in yellow gold. Simple, elegant, and perfect for everyday wear.\" \/>\n<meta property=\"og:url\" content=\"https:\/\/www.purejewels.com\/tr\/urun\/22-ayar-hint-altin-kolye-41125\/\" \/>\n<meta property=\"og:site_name\" content=\"PureJewels UK\" \/>\n<meta property=\"article:modified_time\" content=\"2025-12-19T08:20:55+00:00\" \/>\n<meta property=\"og:image\" content=\"https:\/\/static.purejewels.com\/wp-content\/uploads\/2021\/11\/41125.jpg\" \/>\n\t<meta property=\"og:image:width\" content=\"1000\" \/>\n\t<meta property=\"og:image:height\" content=\"1000\" \/>\n\t<meta property=\"og:image:type\" content=\"image\/jpeg\" \/>\n<meta name=\"twitter:card\" content=\"summary_large_image\" \/>\n<meta name=\"twitter:label1\" content=\"Tahmini okuma s\u00fcresi\" \/>\n\t<meta name=\"twitter:data1\" content=\"1 dakika\" \/>\n<script type=\"application\/ld+json\" class=\"yoast-schema-graph\">{\"@context\":\"https:\\\/\\\/schema.org\",\"@graph\":[{\"@type\":[\"WebPage\",\"ItemPage\"],\"@id\":\"https:\\\/\\\/www.purejewels.com\\\/product\\\/22ct-indian-gold-pendant-41125\\\/\",\"url\":\"https:\\\/\\\/www.purejewels.com\\\/product\\\/22ct-indian-gold-pendant-41125\\\/\",\"name\":\"Elegant CZ Solitaire Pendant in 22ct Gold\",\"isPartOf\":{\"@id\":\"https:\\\/\\\/www.purejewels.com\\\/#website\"},\"primaryImageOfPage\":{\"@id\":\"https:\\\/\\\/www.purejewels.com\\\/product\\\/22ct-indian-gold-pendant-41125\\\/#primaryimage\"},\"image\":{\"@id\":\"https:\\\/\\\/www.purejewels.com\\\/product\\\/22ct-indian-gold-pendant-41125\\\/#primaryimage\"},\"thumbnailUrl\":\"https:\\\/\\\/static.purejewels.com\\\/wp-content\\\/uploads\\\/2021\\\/11\\\/41125.jpg\",\"datePublished\":\"2021-11-25T10:45:21+00:00\",\"dateModified\":\"2025-12-19T08:20:55+00:00\",\"description\":\"Discover the 22ct Gold Classic CZ Solitaire Pendant \u2013 a timeless round-cut single stone set in yellow gold. Simple, elegant, and perfect for everyday wear.\",\"breadcrumb\":{\"@id\":\"https:\\\/\\\/www.purejewels.com\\\/product\\\/22ct-indian-gold-pendant-41125\\\/#breadcrumb\"},\"inLanguage\":\"tr\",\"potentialAction\":[{\"@type\":\"ReadAction\",\"target\":[\"https:\\\/\\\/www.purejewels.com\\\/product\\\/22ct-indian-gold-pendant-41125\\\/\"]}]},{\"@type\":\"ImageObject\",\"inLanguage\":\"tr\",\"@id\":\"https:\\\/\\\/www.purejewels.com\\\/product\\\/22ct-indian-gold-pendant-41125\\\/#primaryimage\",\"url\":\"https:\\\/\\\/static.purejewels.com\\\/wp-content\\\/uploads\\\/2021\\\/11\\\/41125.jpg\",\"contentUrl\":\"https:\\\/\\\/static.purejewels.com\\\/wp-content\\\/uploads\\\/2021\\\/11\\\/41125.jpg\",\"width\":1000,\"height\":1000,\"caption\":\"22ct indian gold pendant 41125\"},{\"@type\":\"BreadcrumbList\",\"@id\":\"https:\\\/\\\/www.purejewels.com\\\/product\\\/22ct-indian-gold-pendant-41125\\\/#breadcrumb\",\"itemListElement\":[{\"@type\":\"ListItem\",\"position\":1,\"name\":\"Home\",\"item\":\"https:\\\/\\\/www.purejewels.com\\\/\"},{\"@type\":\"ListItem\",\"position\":2,\"name\":\"Shop\",\"item\":\"https:\\\/\\\/www.purejewels.com\\\/shop\\\/\"},{\"@type\":\"ListItem\",\"position\":3,\"name\":\"22ct Gold Classic CZ Solitaire Pendant\"}]},{\"@type\":\"WebSite\",\"@id\":\"https:\\\/\\\/www.purejewels.com\\\/#website\",\"url\":\"https:\\\/\\\/www.purejewels.com\\\/\",\"name\":\"PureJewels UK\",\"description\":\"Share the Love\",\"publisher\":{\"@id\":\"https:\\\/\\\/www.purejewels.com\\\/#organization\"},\"potentialAction\":[{\"@type\":\"SearchAction\",\"target\":{\"@type\":\"EntryPoint\",\"urlTemplate\":\"https:\\\/\\\/www.purejewels.com\\\/?s={search_term_string}\"},\"query-input\":{\"@type\":\"PropertyValueSpecification\",\"valueRequired\":true,\"valueName\":\"search_term_string\"}}],\"inLanguage\":\"tr\"},{\"@type\":\"Organization\",\"@id\":\"https:\\\/\\\/www.purejewels.com\\\/#organization\",\"name\":\"PureJewels UK\",\"url\":\"https:\\\/\\\/www.purejewels.com\\\/\",\"logo\":{\"@type\":\"ImageObject\",\"inLanguage\":\"tr\",\"@id\":\"https:\\\/\\\/www.purejewels.com\\\/#\\\/schema\\\/logo\\\/image\\\/\",\"url\":\"https:\\\/\\\/static.purejewels.com\\\/wp-content\\\/uploads\\\/2020\\\/11\\\/Logo-PJ-New-1.png\",\"contentUrl\":\"https:\\\/\\\/static.purejewels.com\\\/wp-content\\\/uploads\\\/2020\\\/11\\\/Logo-PJ-New-1.png\",\"width\":150,\"height\":80,\"caption\":\"PureJewels UK\"},\"image\":{\"@id\":\"https:\\\/\\\/www.purejewels.com\\\/#\\\/schema\\\/logo\\\/image\\\/\"}}]}<\/script>\n<!-- \/ Yoast SEO plugin. -->","yoast_head_json":{"title":"22 ayar alt\u0131n zarif CZ solitaire kolye","description":"22 ayar alt\u0131n klasik CZ solitaire kolyeyi ke\u015ffedin \u2013 sar\u0131 alt\u0131n \u00fczerine yerle\u015ftirilmi\u015f zamans\u0131z yuvarlak kesim tek ta\u015f. Sade, zarif ve g\u00fcnl\u00fck kullan\u0131m i\u00e7in m\u00fckemmel.","robots":{"index":"index","follow":"follow","max-snippet":"max-snippet:-1","max-image-preview":"max-image-preview:large","max-video-preview":"max-video-preview:-1"},"canonical":"https:\/\/www.purejewels.com\/tr\/urun\/22-ayar-hint-altin-kolye-41125\/","og_locale":"tr_TR","og_type":"article","og_title":"Elegant CZ Solitaire Pendant in 22ct Gold","og_description":"Discover the 22ct Gold Classic CZ Solitaire Pendant \u2013 a timeless round-cut single stone set in yellow gold. Simple, elegant, and perfect for everyday wear.","og_url":"https:\/\/www.purejewels.com\/tr\/urun\/22-ayar-hint-altin-kolye-41125\/","og_site_name":"PureJewels UK","article_modified_time":"2025-12-19T08:20:55+00:00","og_image":[{"width":1000,"height":1000,"url":"https:\/\/static.purejewels.com\/wp-content\/uploads\/2021\/11\/41125.jpg","type":"image\/jpeg"}],"twitter_card":"summary_large_image","twitter_misc":{"Tahmini okuma s\u00fcresi":"1 dakika"},"schema":{"@context":"https:\/\/schema.org","@graph":[{"@type":["WebPage","ItemPage"],"@id":"https:\/\/www.purejewels.com\/product\/22ct-indian-gold-pendant-41125\/","url":"https:\/\/www.purejewels.com\/product\/22ct-indian-gold-pendant-41125\/","name":"22 ayar alt\u0131n zarif CZ solitaire kolye","isPartOf":{"@id":"https:\/\/www.purejewels.com\/#website"},"primaryImageOfPage":{"@id":"https:\/\/www.purejewels.com\/product\/22ct-indian-gold-pendant-41125\/#primaryimage"},"image":{"@id":"https:\/\/www.purejewels.com\/product\/22ct-indian-gold-pendant-41125\/#primaryimage"},"thumbnailUrl":"https:\/\/static.purejewels.com\/wp-content\/uploads\/2021\/11\/41125.jpg","datePublished":"2021-11-25T10:45:21+00:00","dateModified":"2025-12-19T08:20:55+00:00","description":"22 ayar alt\u0131n klasik CZ solitaire kolyeyi ke\u015ffedin \u2013 sar\u0131 alt\u0131n \u00fczerine yerle\u015ftirilmi\u015f zamans\u0131z yuvarlak kesim tek ta\u015f. Sade, zarif ve g\u00fcnl\u00fck kullan\u0131m i\u00e7in m\u00fckemmel.","breadcrumb":{"@id":"https:\/\/www.purejewels.com\/product\/22ct-indian-gold-pendant-41125\/#breadcrumb"},"inLanguage":"tr","potentialAction":[{"@type":"ReadAction","target":["https:\/\/www.purejewels.com\/product\/22ct-indian-gold-pendant-41125\/"]}]},{"@type":"ImageObject","inLanguage":"tr","@id":"https:\/\/www.purejewels.com\/product\/22ct-indian-gold-pendant-41125\/#primaryimage","url":"https:\/\/static.purejewels.com\/wp-content\/uploads\/2021\/11\/41125.jpg","contentUrl":"https:\/\/static.purejewels.com\/wp-content\/uploads\/2021\/11\/41125.jpg","width":1000,"height":1000,"caption":"22ct indian gold pendant 41125"},{"@type":"BreadcrumbList","@id":"https:\/\/www.purejewels.com\/product\/22ct-indian-gold-pendant-41125\/#breadcrumb","itemListElement":[{"@type":"ListItem","position":1,"name":"Home","item":"https:\/\/www.purejewels.com\/"},{"@type":"ListItem","position":2,"name":"Shop","item":"https:\/\/www.purejewels.com\/shop\/"},{"@type":"ListItem","position":3,"name":"22ct Gold Classic CZ Solitaire Pendant"}]},{"@type":"WebSite","@id":"https:\/\/www.purejewels.com\/#website","url":"https:\/\/www.purejewels.com\/","name":"PureJewels \u0130ngiltere","description":"Sevgiyi Payla\u015f\u0131n","publisher":{"@id":"https:\/\/www.purejewels.com\/#organization"},"potentialAction":[{"@type":"SearchAction","target":{"@type":"EntryPoint","urlTemplate":"https:\/\/www.purejewels.com\/?s={search_term_string}"},"query-input":{"@type":"PropertyValueSpecification","valueRequired":true,"valueName":"search_term_string"}}],"inLanguage":"tr"},{"@type":"Organization","@id":"https:\/\/www.purejewels.com\/#organization","name":"PureJewels \u0130ngiltere","url":"https:\/\/www.purejewels.com\/","logo":{"@type":"ImageObject","inLanguage":"tr","@id":"https:\/\/www.purejewels.com\/#\/schema\/logo\/image\/","url":"https:\/\/static.purejewels.com\/wp-content\/uploads\/2020\/11\/Logo-PJ-New-1.png","contentUrl":"https:\/\/static.purejewels.com\/wp-content\/uploads\/2020\/11\/Logo-PJ-New-1.png","width":150,"height":80,"caption":"PureJewels UK"},"image":{"@id":"https:\/\/www.purejewels.com\/#\/schema\/logo\/image\/"}}]}},"_links":{"self":[{"href":"https:\/\/www.purejewels.com\/tr\/wp-json\/wp\/v2\/product\/329136","targetHints":{"allow":["GET"]}}],"collection":[{"href":"https:\/\/www.purejewels.com\/tr\/wp-json\/wp\/v2\/product"}],"about":[{"href":"https:\/\/www.purejewels.com\/tr\/wp-json\/wp\/v2\/types\/product"}],"replies":[{"embeddable":true,"href":"https:\/\/www.purejewels.com\/tr\/wp-json\/wp\/v2\/comments?post=329136"}],"version-history":[{"count":2,"href":"https:\/\/www.purejewels.com\/tr\/wp-json\/wp\/v2\/product\/329136\/revisions"}],"predecessor-version":[{"id":423530,"href":"https:\/\/www.purejewels.com\/tr\/wp-json\/wp\/v2\/product\/329136\/revisions\/423530"}],"wp:featuredmedia":[{"embeddable":true,"href":"https:\/\/www.purejewels.com\/tr\/wp-json\/wp\/v2\/media\/329137"}],"wp:attachment":[{"href":"https:\/\/www.purejewels.com\/tr\/wp-json\/wp\/v2\/media?parent=329136"}],"wp:term":[{"taxonomy":"product_brand","embeddable":true,"href":"https:\/\/www.purejewels.com\/tr\/wp-json\/wp\/v2\/product_brand?post=329136"},{"taxonomy":"product_cat","embeddable":true,"href":"https:\/\/www.purejewels.com\/tr\/wp-json\/wp\/v2\/product_cat?post=329136"},{"taxonomy":"product_tag","embeddable":true,"href":"https:\/\/www.purejewels.com\/tr\/wp-json\/wp\/v2\/product_tag?post=329136"}],"curies":[{"name":"wp","href":"https:\/\/api.w.org\/{rel}","templated":true}]}}