{"id":329201,"date":"2021-11-26T10:34:36","date_gmt":"2021-11-26T10:34:36","guid":{"rendered":"https:\/\/www.purejewels.com\/?post_type=product&#038;p=329201"},"modified":"2026-01-06T09:45:04","modified_gmt":"2026-01-06T09:45:04","slug":"kadinlar-icin-gercek-altin-bilezik-41093","status":"publish","type":"product","link":"https:\/\/www.purejewels.com\/tr\/product\/real-gold-bracelet-for-women-41093\/","title":{"rendered":"Kad\u0131nlar i\u00e7in Ger\u00e7ek Alt\u0131n Bileklik"},"content":{"rendered":"<p>Zaman\u0131n testine dayanacak \u00e7arp\u0131c\u0131 bir m\u00fccevher par\u00e7as\u0131 m\u0131 ar\u0131yorsunuz? Kad\u0131nlar i\u00e7in 22 Ayar Ger\u00e7ek Alt\u0131n Bilekli\u011fimizden ba\u015fkas\u0131na bakmay\u0131n. Saf alt\u0131ndan \u00fcretilen bu bilezik sadece g\u00fczel bir aksesuar de\u011fil, ayn\u0131 zamanda de\u011ferli bir yat\u0131r\u0131md\u0131r. 13,6 gram a\u011f\u0131rl\u0131\u011f\u0131 ve 2,4 boyutu ile bu bilezik her durum i\u00e7in m\u00fckemmeldir.<\/p>\n<p>T\u00fcm \u00fcr\u00fcnlerimiz Londra Assay ofisi taraf\u0131ndan damgalanarak \u00f6zg\u00fcnl\u00fckleri ve kaliteleri garanti alt\u0131na al\u0131nm\u0131\u015ft\u0131r. Her alt\u0131n bilezik bir sunum kutusuyla birlikte gelir ve sevdi\u011finiz biri i\u00e7in m\u00fckemmel bir hediye veya kendiniz i\u00e7in \u00f6zel bir ikramd\u0131r. Ayr\u0131ca, her sat\u0131n alma i\u015flemine teslimat dahildir.<\/p>\n<p>Herhangi bir sorunuz varsa veya daha h\u0131zl\u0131 teslimata ihtiyac\u0131n\u0131z varsa, m\u00fc\u015fteri hizmetleri ekibimiz size yard\u0131mc\u0131 olmak i\u00e7in burada. Sat\u0131n alma i\u015fleminizin g\u00fcvenli ve emniyetli oldu\u011funu bilerek g\u00fcvenle al\u0131\u015fveri\u015f yap\u0131n. Kad\u0131nlar i\u00e7in Ger\u00e7ek Alt\u0131n Bilekli\u011finizi bug\u00fcn sipari\u015f edin ve m\u00fccevher koleksiyonunuza l\u00fcks bir dokunu\u015f kat\u0131n.<\/p>","protected":false},"excerpt":{"rendered":"<ul>\n<li>\u00a0Kad\u0131nlar i\u00e7in 22 Ayar Ger\u00e7ek Alt\u0131n Bileklik<\/li>\n<li>A\u011f\u0131rl\u0131k 13,6 gms<\/li>\n<li>Boyut 2.4<\/li>\n<li>SKU. 41093<\/li>\n<li>T\u00fcm fiyatlara KDV dahildir<\/li>\n<li>T\u00fcm \u00dcr\u00fcnlerimiz Londra Tahlil Ofisi Taraf\u0131ndan Damgalanm\u0131\u015ft\u0131r<\/li>\n<li>T\u00fcm alt\u0131n bilezikler Sunum Kutusu ile birlikte gelir<\/li>\n<li>Teslimat Dahil<\/li>\n<li>Koleksiyonumuzu ke\u015ffetmek i\u00e7in bize ula\u015f\u0131n \/ Bizimle canl\u0131 sohbet edin <span data-sheets-value=\"{&quot;1&quot;:2,&quot;2&quot;:&quot;22 carat gold jewellery uk&quot;}\" data-sheets-userformat=\"{&quot;2&quot;:13185,&quot;3&quot;:{&quot;1&quot;:0},&quot;10&quot;:2,&quot;11&quot;:0,&quot;12&quot;:0,&quot;15&quot;:&quot;Arial, serif&quot;,&quot;16&quot;:12}\">22 Ayar Alt\u0131n Tak\u0131lar \u0130ngiltere<\/span><\/li>\n<\/ul>","protected":false},"featured_media":312092,"comment_status":"closed","ping_status":"closed","template":"","meta":{"_eb_attr":"","_crsspst_to_jayantr4sg-hostcom":false},"product_brand":[],"product_cat":[1791,1559,1324,1627,1570,1573,1574],"product_tag":[],"class_list":{"0":"post-329201","1":"product","2":"type-product","3":"status-publish","4":"has-post-thumbnail","6":"product_cat-anniversary-gifts","7":"product_cat-birthday-gifts","8":"product_cat-gold-bracelet","9":"product_cat-ladies-bracelet","10":"product_cat-mothers-day-gifts","11":"product_cat-wedding-gifts","12":"product_cat-womens-jewellery","14":"first","15":"outofstock","16":"taxable","17":"shipping-taxable","18":"product-type-simple","19":"add-to-wishlist-before_image"},"yoast_head":"<!-- This site is optimized with the Yoast SEO plugin v27.3 - https:\/\/yoast.com\/product\/yoast-seo-wordpress\/ -->\n<title>Real Gold Bracelet for Women - (SKU:41093) - Purejewels<\/title>\n<meta name=\"description\" content=\"Real Gold Bracelet for Women .Purejewels specialist in contemporary asian jewellery in white, yellow and rose gold, as well as the traditional favourites\" \/>\n<meta name=\"robots\" content=\"index, follow, max-snippet:-1, max-image-preview:large, max-video-preview:-1\" \/>\n<link rel=\"canonical\" href=\"https:\/\/www.purejewels.com\/tr\/urun\/kadinlar-icin-gercek-altin-bilezik-41093\/\" \/>\n<meta property=\"og:locale\" content=\"tr_TR\" \/>\n<meta property=\"og:type\" content=\"article\" \/>\n<meta property=\"og:title\" content=\"Real Gold Bracelet for Women - (SKU:41093) - Purejewels\" \/>\n<meta property=\"og:description\" content=\"Real Gold Bracelet for Women .Purejewels specialist in contemporary asian jewellery in white, yellow and rose gold, as well as the traditional favourites\" \/>\n<meta property=\"og:url\" content=\"https:\/\/www.purejewels.com\/tr\/urun\/kadinlar-icin-gercek-altin-bilezik-41093\/\" \/>\n<meta property=\"og:site_name\" content=\"PureJewels UK\" \/>\n<meta property=\"article:modified_time\" content=\"2026-01-06T09:45:04+00:00\" \/>\n<meta property=\"og:image\" content=\"https:\/\/www.purejewels.com\/wp-content\/uploads\/2019\/12\/31940.jpg\" \/>\n\t<meta property=\"og:image:width\" content=\"1000\" \/>\n\t<meta property=\"og:image:height\" content=\"1000\" \/>\n\t<meta property=\"og:image:type\" content=\"image\/jpeg\" \/>\n<meta name=\"twitter:card\" content=\"summary_large_image\" \/>\n<meta name=\"twitter:label1\" content=\"Tahmini okuma s\u00fcresi\" \/>\n\t<meta name=\"twitter:data1\" content=\"1 dakika\" \/>\n<script type=\"application\/ld+json\" class=\"yoast-schema-graph\">{\"@context\":\"https:\\\/\\\/schema.org\",\"@graph\":[{\"@type\":[\"WebPage\",\"ItemPage\"],\"@id\":\"https:\\\/\\\/www.purejewels.com\\\/product\\\/real-gold-bracelet-for-women-41093\\\/\",\"url\":\"https:\\\/\\\/www.purejewels.com\\\/product\\\/real-gold-bracelet-for-women-41093\\\/\",\"name\":\"Real Gold Bracelet for Women - (SKU:41093) - Purejewels\",\"isPartOf\":{\"@id\":\"https:\\\/\\\/www.purejewels.com\\\/#website\"},\"primaryImageOfPage\":{\"@id\":\"https:\\\/\\\/www.purejewels.com\\\/product\\\/real-gold-bracelet-for-women-41093\\\/#primaryimage\"},\"image\":{\"@id\":\"https:\\\/\\\/www.purejewels.com\\\/product\\\/real-gold-bracelet-for-women-41093\\\/#primaryimage\"},\"thumbnailUrl\":\"https:\\\/\\\/static.purejewels.com\\\/wp-content\\\/uploads\\\/2019\\\/12\\\/31940.jpg\",\"datePublished\":\"2021-11-26T10:34:36+00:00\",\"dateModified\":\"2026-01-06T09:45:04+00:00\",\"description\":\"Real Gold Bracelet for Women .Purejewels specialist in contemporary asian jewellery in white, yellow and rose gold, as well as the traditional favourites\",\"breadcrumb\":{\"@id\":\"https:\\\/\\\/www.purejewels.com\\\/product\\\/real-gold-bracelet-for-women-41093\\\/#breadcrumb\"},\"inLanguage\":\"tr\",\"potentialAction\":[{\"@type\":\"ReadAction\",\"target\":[\"https:\\\/\\\/www.purejewels.com\\\/product\\\/real-gold-bracelet-for-women-41093\\\/\"]}]},{\"@type\":\"ImageObject\",\"inLanguage\":\"tr\",\"@id\":\"https:\\\/\\\/www.purejewels.com\\\/product\\\/real-gold-bracelet-for-women-41093\\\/#primaryimage\",\"url\":\"https:\\\/\\\/static.purejewels.com\\\/wp-content\\\/uploads\\\/2019\\\/12\\\/31940.jpg\",\"contentUrl\":\"https:\\\/\\\/static.purejewels.com\\\/wp-content\\\/uploads\\\/2019\\\/12\\\/31940.jpg\",\"width\":1000,\"height\":1000,\"caption\":\"31940\"},{\"@type\":\"BreadcrumbList\",\"@id\":\"https:\\\/\\\/www.purejewels.com\\\/product\\\/real-gold-bracelet-for-women-41093\\\/#breadcrumb\",\"itemListElement\":[{\"@type\":\"ListItem\",\"position\":1,\"name\":\"Home\",\"item\":\"https:\\\/\\\/www.purejewels.com\\\/\"},{\"@type\":\"ListItem\",\"position\":2,\"name\":\"Shop\",\"item\":\"https:\\\/\\\/www.purejewels.com\\\/shop\\\/\"},{\"@type\":\"ListItem\",\"position\":3,\"name\":\"Real Gold Bracelet for Women\"}]},{\"@type\":\"WebSite\",\"@id\":\"https:\\\/\\\/www.purejewels.com\\\/#website\",\"url\":\"https:\\\/\\\/www.purejewels.com\\\/\",\"name\":\"PureJewels UK\",\"description\":\"Share the Love\",\"publisher\":{\"@id\":\"https:\\\/\\\/www.purejewels.com\\\/#organization\"},\"potentialAction\":[{\"@type\":\"SearchAction\",\"target\":{\"@type\":\"EntryPoint\",\"urlTemplate\":\"https:\\\/\\\/www.purejewels.com\\\/?s={search_term_string}\"},\"query-input\":{\"@type\":\"PropertyValueSpecification\",\"valueRequired\":true,\"valueName\":\"search_term_string\"}}],\"inLanguage\":\"tr\"},{\"@type\":\"Organization\",\"@id\":\"https:\\\/\\\/www.purejewels.com\\\/#organization\",\"name\":\"PureJewels UK\",\"url\":\"https:\\\/\\\/www.purejewels.com\\\/\",\"logo\":{\"@type\":\"ImageObject\",\"inLanguage\":\"tr\",\"@id\":\"https:\\\/\\\/www.purejewels.com\\\/#\\\/schema\\\/logo\\\/image\\\/\",\"url\":\"https:\\\/\\\/static.purejewels.com\\\/wp-content\\\/uploads\\\/2020\\\/11\\\/Logo-PJ-New-1.png\",\"contentUrl\":\"https:\\\/\\\/static.purejewels.com\\\/wp-content\\\/uploads\\\/2020\\\/11\\\/Logo-PJ-New-1.png\",\"width\":150,\"height\":80,\"caption\":\"PureJewels UK\"},\"image\":{\"@id\":\"https:\\\/\\\/www.purejewels.com\\\/#\\\/schema\\\/logo\\\/image\\\/\"}}]}<\/script>\n<!-- \/ Yoast SEO plugin. -->","yoast_head_json":{"title":"Kad\u0131nlar i\u00e7in Ger\u00e7ek Alt\u0131n Bileklik - (SKU:41093) - Purejewels","description":"Kad\u0131nlar i\u00e7in Ger\u00e7ek Alt\u0131n Bilezik Purejewels, beyaz, sar\u0131 ve pembe alt\u0131ndan \u00e7a\u011fda\u015f Asya m\u00fccevherlerinin yan\u0131 s\u0131ra geleneksel favorilerde de uzmand\u0131r.","robots":{"index":"index","follow":"follow","max-snippet":"max-snippet:-1","max-image-preview":"max-image-preview:large","max-video-preview":"max-video-preview:-1"},"canonical":"https:\/\/www.purejewels.com\/tr\/urun\/kadinlar-icin-gercek-altin-bilezik-41093\/","og_locale":"tr_TR","og_type":"article","og_title":"Real Gold Bracelet for Women - (SKU:41093) - Purejewels","og_description":"Real Gold Bracelet for Women .Purejewels specialist in contemporary asian jewellery in white, yellow and rose gold, as well as the traditional favourites","og_url":"https:\/\/www.purejewels.com\/tr\/urun\/kadinlar-icin-gercek-altin-bilezik-41093\/","og_site_name":"PureJewels UK","article_modified_time":"2026-01-06T09:45:04+00:00","og_image":[{"width":1000,"height":1000,"url":"https:\/\/www.purejewels.com\/wp-content\/uploads\/2019\/12\/31940.jpg","type":"image\/jpeg"}],"twitter_card":"summary_large_image","twitter_misc":{"Tahmini okuma s\u00fcresi":"1 dakika"},"schema":{"@context":"https:\/\/schema.org","@graph":[{"@type":["WebPage","ItemPage"],"@id":"https:\/\/www.purejewels.com\/product\/real-gold-bracelet-for-women-41093\/","url":"https:\/\/www.purejewels.com\/product\/real-gold-bracelet-for-women-41093\/","name":"Kad\u0131nlar i\u00e7in Ger\u00e7ek Alt\u0131n Bileklik - (SKU:41093) - Purejewels","isPartOf":{"@id":"https:\/\/www.purejewels.com\/#website"},"primaryImageOfPage":{"@id":"https:\/\/www.purejewels.com\/product\/real-gold-bracelet-for-women-41093\/#primaryimage"},"image":{"@id":"https:\/\/www.purejewels.com\/product\/real-gold-bracelet-for-women-41093\/#primaryimage"},"thumbnailUrl":"https:\/\/static.purejewels.com\/wp-content\/uploads\/2019\/12\/31940.jpg","datePublished":"2021-11-26T10:34:36+00:00","dateModified":"2026-01-06T09:45:04+00:00","description":"Kad\u0131nlar i\u00e7in Ger\u00e7ek Alt\u0131n Bilezik Purejewels, beyaz, sar\u0131 ve pembe alt\u0131ndan \u00e7a\u011fda\u015f Asya m\u00fccevherlerinin yan\u0131 s\u0131ra geleneksel favorilerde de uzmand\u0131r.","breadcrumb":{"@id":"https:\/\/www.purejewels.com\/product\/real-gold-bracelet-for-women-41093\/#breadcrumb"},"inLanguage":"tr","potentialAction":[{"@type":"ReadAction","target":["https:\/\/www.purejewels.com\/product\/real-gold-bracelet-for-women-41093\/"]}]},{"@type":"ImageObject","inLanguage":"tr","@id":"https:\/\/www.purejewels.com\/product\/real-gold-bracelet-for-women-41093\/#primaryimage","url":"https:\/\/static.purejewels.com\/wp-content\/uploads\/2019\/12\/31940.jpg","contentUrl":"https:\/\/static.purejewels.com\/wp-content\/uploads\/2019\/12\/31940.jpg","width":1000,"height":1000,"caption":"31940"},{"@type":"BreadcrumbList","@id":"https:\/\/www.purejewels.com\/product\/real-gold-bracelet-for-women-41093\/#breadcrumb","itemListElement":[{"@type":"ListItem","position":1,"name":"Home","item":"https:\/\/www.purejewels.com\/"},{"@type":"ListItem","position":2,"name":"Shop","item":"https:\/\/www.purejewels.com\/shop\/"},{"@type":"ListItem","position":3,"name":"Real Gold Bracelet for Women"}]},{"@type":"WebSite","@id":"https:\/\/www.purejewels.com\/#website","url":"https:\/\/www.purejewels.com\/","name":"PureJewels \u0130ngiltere","description":"Sevgiyi Payla\u015f\u0131n","publisher":{"@id":"https:\/\/www.purejewels.com\/#organization"},"potentialAction":[{"@type":"SearchAction","target":{"@type":"EntryPoint","urlTemplate":"https:\/\/www.purejewels.com\/?s={search_term_string}"},"query-input":{"@type":"PropertyValueSpecification","valueRequired":true,"valueName":"search_term_string"}}],"inLanguage":"tr"},{"@type":"Organization","@id":"https:\/\/www.purejewels.com\/#organization","name":"PureJewels \u0130ngiltere","url":"https:\/\/www.purejewels.com\/","logo":{"@type":"ImageObject","inLanguage":"tr","@id":"https:\/\/www.purejewels.com\/#\/schema\/logo\/image\/","url":"https:\/\/static.purejewels.com\/wp-content\/uploads\/2020\/11\/Logo-PJ-New-1.png","contentUrl":"https:\/\/static.purejewels.com\/wp-content\/uploads\/2020\/11\/Logo-PJ-New-1.png","width":150,"height":80,"caption":"PureJewels UK"},"image":{"@id":"https:\/\/www.purejewels.com\/#\/schema\/logo\/image\/"}}]}},"_links":{"self":[{"href":"https:\/\/www.purejewels.com\/tr\/wp-json\/wp\/v2\/product\/329201","targetHints":{"allow":["GET"]}}],"collection":[{"href":"https:\/\/www.purejewels.com\/tr\/wp-json\/wp\/v2\/product"}],"about":[{"href":"https:\/\/www.purejewels.com\/tr\/wp-json\/wp\/v2\/types\/product"}],"replies":[{"embeddable":true,"href":"https:\/\/www.purejewels.com\/tr\/wp-json\/wp\/v2\/comments?post=329201"}],"version-history":[{"count":1,"href":"https:\/\/www.purejewels.com\/tr\/wp-json\/wp\/v2\/product\/329201\/revisions"}],"predecessor-version":[{"id":420495,"href":"https:\/\/www.purejewels.com\/tr\/wp-json\/wp\/v2\/product\/329201\/revisions\/420495"}],"wp:featuredmedia":[{"embeddable":true,"href":"https:\/\/www.purejewels.com\/tr\/wp-json\/wp\/v2\/media\/312092"}],"wp:attachment":[{"href":"https:\/\/www.purejewels.com\/tr\/wp-json\/wp\/v2\/media?parent=329201"}],"wp:term":[{"taxonomy":"product_brand","embeddable":true,"href":"https:\/\/www.purejewels.com\/tr\/wp-json\/wp\/v2\/product_brand?post=329201"},{"taxonomy":"product_cat","embeddable":true,"href":"https:\/\/www.purejewels.com\/tr\/wp-json\/wp\/v2\/product_cat?post=329201"},{"taxonomy":"product_tag","embeddable":true,"href":"https:\/\/www.purejewels.com\/tr\/wp-json\/wp\/v2\/product_tag?post=329201"}],"curies":[{"name":"wp","href":"https:\/\/api.w.org\/{rel}","templated":true}]}}