{"id":329208,"date":"2021-11-26T11:03:31","date_gmt":"2021-11-26T11:03:31","guid":{"rendered":"https:\/\/www.purejewels.com\/?post_type=product&#038;p=329208"},"modified":"2026-01-06T09:45:05","modified_gmt":"2026-01-06T09:45:05","slug":"kadinlar-icin-22-ayar-altin-bilezik-41097","status":"publish","type":"product","link":"https:\/\/www.purejewels.com\/tr\/product\/22ct-gold-bracelet-for-women-41097\/","title":{"rendered":"22 ayar alt\u0131n b\u00fck\u00fcml\u00fc boncuklu bileklik"},"content":{"rendered":"<p><strong>Tasar\u0131m<\/strong><\/p>\n<p>Bu 22 ayar alt\u0131n b\u00fck\u00fcml\u00fc boncuklu bileklik, sadelik, zarafet ve hareketin bir \u00f6vg\u00fcs\u00fcd\u00fcr. \u0130ki ince b\u00fck\u00fcml\u00fc <a href=\"https:\/\/www.purejewels.com\/tr\/product-category\/22ct-gold-jewellery\/gold-chains\/\">Zincirler<\/a>, bilekte s\u00fcz\u00fcl\u00fcyormu\u015f gibi g\u00f6r\u00fcnen, titizlikle i\u015flenmi\u015f oval alt\u0131n boncuklardan olu\u015fan bir dizi ile vurgulanm\u0131\u015ft\u0131r.<\/p>\n<p>Hafif ve havadar yap\u0131s\u0131, zarif bir d\u00f6k\u00fcm sa\u011flarken, karma\u015f\u0131k b\u00fck\u00fcm detaylar\u0131 ve yans\u0131t\u0131c\u0131 y\u00fczeyleri \u0131\u015f\u0131\u011f\u0131 g\u00fczel bir \u015fekilde yakalar.<\/p>\n<p><strong>Zanaatkarl\u0131k<\/strong><\/p>\n<p>22 ayar alt\u0131nla i\u015flenmi\u015f bu bileklik, ince tel i\u015f\u00e7ili\u011fi ve boncuk i\u015f\u00e7ili\u011findeki ustal\u0131\u011f\u0131 yans\u0131t\u0131yor. Narin b\u00fck\u00fclm\u00fc\u015f halkalar g\u00f6rsel bir doku yarat\u0131rken, nerv\u00fcrl\u00fc boncuklar simetri ve ritimle d\u00fczenlenerek m\u00fckemmel bir denge sa\u011fl\u0131yor. Ayarlanabilir halkalar\u0131yla g\u00fcvenli bir karabina toka, rahat ve ki\u015fiye \u00f6zel bir uyum sa\u011fl\u0131yor.<\/p>\n<p><strong>\u015eekillendirme<\/strong><\/p>\n<p>Bu par\u00e7a, g\u00fcnl\u00fck \u015f\u0131kl\u0131k veya minimalist \u00f6zel g\u00fcnler i\u00e7in idealdir ve di\u011fer alt\u0131n bilezikler veya uyumlu alt\u0131n zincirlerle kolayca kombinlenebilir.<\/p>","protected":false},"excerpt":{"rendered":"<p>\u0130ki b\u00fck\u00fcml\u00fc zincirden olu\u015fan, dokulu alt\u0131n boncuklarla s\u00fcslenmi\u015f zarif 22 ayar alt\u0131n bileklik. Hafif ama l\u00fcks \u2014 katmanlama veya hediye etmek i\u00e7in m\u00fckemmel.<\/p>\n<ul>\n<li>\u00a0Kad\u0131nlar i\u00e7in 22 Ayar Alt\u0131n Bileklik<\/li>\n<li>A\u011f\u0131rl\u0131k 9,3 gms<\/li>\n<li>Boyut 2.4<\/li>\n<li>SKU. 41097<\/li>\n<li>T\u00fcm fiyatlara KDV dahildir<\/li>\n<li>T\u00fcm \u00dcr\u00fcnlerimiz Londra Tahlil Ofisi Taraf\u0131ndan Damgalanm\u0131\u015ft\u0131r<\/li>\n<li>T\u00fcm alt\u0131n bilezikler Sunum Kutusu ile birlikte gelir<\/li>\n<li>Teslimat Dahil<\/li>\n<li>I koleksiyonumuzu ke\u015ffetmek i\u00e7in bize ula\u015f\u0131n \/ Bizimle canl\u0131 sohbet edin<span data-sheets-value=\"{&quot;1&quot;:2,&quot;2&quot;:&quot;indian gold jewellery london&quot;}\" data-sheets-userformat=\"{&quot;2&quot;:13185,&quot;3&quot;:{&quot;1&quot;:0},&quot;10&quot;:2,&quot;11&quot;:0,&quot;12&quot;:0,&quot;15&quot;:&quot;Arial, serif&quot;,&quot;16&quot;:12}\">ndian Gold Jewellery Londra<\/span><\/li>\n<\/ul>","protected":false},"featured_media":312091,"comment_status":"closed","ping_status":"closed","template":"","meta":{"_eb_attr":"","_crsspst_to_jayantr4sg-hostcom":false},"product_brand":[],"product_cat":[1791,1559,1324,1627,1574],"product_tag":[],"class_list":{"0":"post-329208","1":"product","2":"type-product","3":"status-publish","4":"has-post-thumbnail","6":"product_cat-anniversary-gifts","7":"product_cat-birthday-gifts","8":"product_cat-gold-bracelet","9":"product_cat-ladies-bracelet","10":"product_cat-womens-jewellery","12":"first","13":"outofstock","14":"taxable","15":"shipping-taxable","16":"product-type-simple","17":"add-to-wishlist-before_image"},"yoast_head":"<!-- This site is optimized with the Yoast SEO plugin v27.3 - https:\/\/yoast.com\/product\/yoast-seo-wordpress\/ -->\n<title>22ct Gold Double-Strand Bead Bracelet with Twisted | PureJewels<\/title>\n<meta name=\"description\" content=\"Delicate and radiant, this 22ct gold bracelet features double twisted strands adorned with polished gold beads \u2014 a timeless expression of elegance.\" \/>\n<meta name=\"robots\" content=\"index, follow, max-snippet:-1, max-image-preview:large, max-video-preview:-1\" \/>\n<link rel=\"canonical\" href=\"https:\/\/www.purejewels.com\/tr\/urun\/kadinlar-icin-22-ayar-altin-bilezik-41097\/\" \/>\n<meta property=\"og:locale\" content=\"tr_TR\" \/>\n<meta property=\"og:type\" content=\"article\" \/>\n<meta property=\"og:title\" content=\"22ct Gold Double-Strand Bead Bracelet with Twisted | PureJewels\" \/>\n<meta property=\"og:description\" content=\"Delicate and radiant, this 22ct gold bracelet features double twisted strands adorned with polished gold beads \u2014 a timeless expression of elegance.\" \/>\n<meta property=\"og:url\" content=\"https:\/\/www.purejewels.com\/tr\/urun\/kadinlar-icin-22-ayar-altin-bilezik-41097\/\" \/>\n<meta property=\"og:site_name\" content=\"PureJewels UK\" \/>\n<meta property=\"article:modified_time\" content=\"2026-01-06T09:45:05+00:00\" \/>\n<meta property=\"og:image\" content=\"https:\/\/static.purejewels.com\/wp-content\/uploads\/2019\/12\/31939.jpg\" \/>\n\t<meta property=\"og:image:width\" content=\"1000\" \/>\n\t<meta property=\"og:image:height\" content=\"1000\" \/>\n\t<meta property=\"og:image:type\" content=\"image\/jpeg\" \/>\n<meta name=\"twitter:card\" content=\"summary_large_image\" \/>\n<meta name=\"twitter:label1\" content=\"Tahmini okuma s\u00fcresi\" \/>\n\t<meta name=\"twitter:data1\" content=\"1 dakika\" \/>\n<script type=\"application\/ld+json\" class=\"yoast-schema-graph\">{\"@context\":\"https:\\\/\\\/schema.org\",\"@graph\":[{\"@type\":[\"WebPage\",\"ItemPage\"],\"@id\":\"https:\\\/\\\/www.purejewels.com\\\/product\\\/22ct-gold-bracelet-for-women-41097\\\/\",\"url\":\"https:\\\/\\\/www.purejewels.com\\\/product\\\/22ct-gold-bracelet-for-women-41097\\\/\",\"name\":\"22ct Gold Double-Strand Bead Bracelet with Twisted | PureJewels\",\"isPartOf\":{\"@id\":\"https:\\\/\\\/www.purejewels.com\\\/#website\"},\"primaryImageOfPage\":{\"@id\":\"https:\\\/\\\/www.purejewels.com\\\/product\\\/22ct-gold-bracelet-for-women-41097\\\/#primaryimage\"},\"image\":{\"@id\":\"https:\\\/\\\/www.purejewels.com\\\/product\\\/22ct-gold-bracelet-for-women-41097\\\/#primaryimage\"},\"thumbnailUrl\":\"https:\\\/\\\/static.purejewels.com\\\/wp-content\\\/uploads\\\/2019\\\/12\\\/31939.jpg\",\"datePublished\":\"2021-11-26T11:03:31+00:00\",\"dateModified\":\"2026-01-06T09:45:05+00:00\",\"description\":\"Delicate and radiant, this 22ct gold bracelet features double twisted strands adorned with polished gold beads \u2014 a timeless expression of elegance.\",\"breadcrumb\":{\"@id\":\"https:\\\/\\\/www.purejewels.com\\\/product\\\/22ct-gold-bracelet-for-women-41097\\\/#breadcrumb\"},\"inLanguage\":\"tr\",\"potentialAction\":[{\"@type\":\"ReadAction\",\"target\":[\"https:\\\/\\\/www.purejewels.com\\\/product\\\/22ct-gold-bracelet-for-women-41097\\\/\"]}]},{\"@type\":\"ImageObject\",\"inLanguage\":\"tr\",\"@id\":\"https:\\\/\\\/www.purejewels.com\\\/product\\\/22ct-gold-bracelet-for-women-41097\\\/#primaryimage\",\"url\":\"https:\\\/\\\/static.purejewels.com\\\/wp-content\\\/uploads\\\/2019\\\/12\\\/31939.jpg\",\"contentUrl\":\"https:\\\/\\\/static.purejewels.com\\\/wp-content\\\/uploads\\\/2019\\\/12\\\/31939.jpg\",\"width\":1000,\"height\":1000,\"caption\":\"22ct Gold Bracelet 31939\"},{\"@type\":\"BreadcrumbList\",\"@id\":\"https:\\\/\\\/www.purejewels.com\\\/product\\\/22ct-gold-bracelet-for-women-41097\\\/#breadcrumb\",\"itemListElement\":[{\"@type\":\"ListItem\",\"position\":1,\"name\":\"Home\",\"item\":\"https:\\\/\\\/www.purejewels.com\\\/\"},{\"@type\":\"ListItem\",\"position\":2,\"name\":\"Shop\",\"item\":\"https:\\\/\\\/www.purejewels.com\\\/shop\\\/\"},{\"@type\":\"ListItem\",\"position\":3,\"name\":\"22ct Gold Twisted Bead Strand Bracelet\"}]},{\"@type\":\"WebSite\",\"@id\":\"https:\\\/\\\/www.purejewels.com\\\/#website\",\"url\":\"https:\\\/\\\/www.purejewels.com\\\/\",\"name\":\"PureJewels UK\",\"description\":\"Share the Love\",\"publisher\":{\"@id\":\"https:\\\/\\\/www.purejewels.com\\\/#organization\"},\"potentialAction\":[{\"@type\":\"SearchAction\",\"target\":{\"@type\":\"EntryPoint\",\"urlTemplate\":\"https:\\\/\\\/www.purejewels.com\\\/?s={search_term_string}\"},\"query-input\":{\"@type\":\"PropertyValueSpecification\",\"valueRequired\":true,\"valueName\":\"search_term_string\"}}],\"inLanguage\":\"tr\"},{\"@type\":\"Organization\",\"@id\":\"https:\\\/\\\/www.purejewels.com\\\/#organization\",\"name\":\"PureJewels UK\",\"url\":\"https:\\\/\\\/www.purejewels.com\\\/\",\"logo\":{\"@type\":\"ImageObject\",\"inLanguage\":\"tr\",\"@id\":\"https:\\\/\\\/www.purejewels.com\\\/#\\\/schema\\\/logo\\\/image\\\/\",\"url\":\"https:\\\/\\\/static.purejewels.com\\\/wp-content\\\/uploads\\\/2020\\\/11\\\/Logo-PJ-New-1.png\",\"contentUrl\":\"https:\\\/\\\/static.purejewels.com\\\/wp-content\\\/uploads\\\/2020\\\/11\\\/Logo-PJ-New-1.png\",\"width\":150,\"height\":80,\"caption\":\"PureJewels UK\"},\"image\":{\"@id\":\"https:\\\/\\\/www.purejewels.com\\\/#\\\/schema\\\/logo\\\/image\\\/\"}}]}<\/script>\n<!-- \/ Yoast SEO plugin. -->","yoast_head_json":{"title":"22 ayar alt\u0131n, b\u00fck\u00fcml\u00fc \u00e7ift s\u0131ral\u0131 boncuk bileklik | PureJewels","description":"Narin ve \u0131\u015f\u0131lt\u0131l\u0131 bu 22 ayar alt\u0131n bilezik, cilal\u0131 alt\u0131n boncuklarla s\u00fcslenmi\u015f \u00e7ift b\u00fck\u00fcml\u00fc zincirlerle zamans\u0131z bir zarafet ifadesi sunuyor.","robots":{"index":"index","follow":"follow","max-snippet":"max-snippet:-1","max-image-preview":"max-image-preview:large","max-video-preview":"max-video-preview:-1"},"canonical":"https:\/\/www.purejewels.com\/tr\/urun\/kadinlar-icin-22-ayar-altin-bilezik-41097\/","og_locale":"tr_TR","og_type":"article","og_title":"22ct Gold Double-Strand Bead Bracelet with Twisted | PureJewels","og_description":"Delicate and radiant, this 22ct gold bracelet features double twisted strands adorned with polished gold beads \u2014 a timeless expression of elegance.","og_url":"https:\/\/www.purejewels.com\/tr\/urun\/kadinlar-icin-22-ayar-altin-bilezik-41097\/","og_site_name":"PureJewels UK","article_modified_time":"2026-01-06T09:45:05+00:00","og_image":[{"width":1000,"height":1000,"url":"https:\/\/static.purejewels.com\/wp-content\/uploads\/2019\/12\/31939.jpg","type":"image\/jpeg"}],"twitter_card":"summary_large_image","twitter_misc":{"Tahmini okuma s\u00fcresi":"1 dakika"},"schema":{"@context":"https:\/\/schema.org","@graph":[{"@type":["WebPage","ItemPage"],"@id":"https:\/\/www.purejewels.com\/product\/22ct-gold-bracelet-for-women-41097\/","url":"https:\/\/www.purejewels.com\/product\/22ct-gold-bracelet-for-women-41097\/","name":"22 ayar alt\u0131n, b\u00fck\u00fcml\u00fc \u00e7ift s\u0131ral\u0131 boncuk bileklik | PureJewels","isPartOf":{"@id":"https:\/\/www.purejewels.com\/#website"},"primaryImageOfPage":{"@id":"https:\/\/www.purejewels.com\/product\/22ct-gold-bracelet-for-women-41097\/#primaryimage"},"image":{"@id":"https:\/\/www.purejewels.com\/product\/22ct-gold-bracelet-for-women-41097\/#primaryimage"},"thumbnailUrl":"https:\/\/static.purejewels.com\/wp-content\/uploads\/2019\/12\/31939.jpg","datePublished":"2021-11-26T11:03:31+00:00","dateModified":"2026-01-06T09:45:05+00:00","description":"Narin ve \u0131\u015f\u0131lt\u0131l\u0131 bu 22 ayar alt\u0131n bilezik, cilal\u0131 alt\u0131n boncuklarla s\u00fcslenmi\u015f \u00e7ift b\u00fck\u00fcml\u00fc zincirlerle zamans\u0131z bir zarafet ifadesi sunuyor.","breadcrumb":{"@id":"https:\/\/www.purejewels.com\/product\/22ct-gold-bracelet-for-women-41097\/#breadcrumb"},"inLanguage":"tr","potentialAction":[{"@type":"ReadAction","target":["https:\/\/www.purejewels.com\/product\/22ct-gold-bracelet-for-women-41097\/"]}]},{"@type":"ImageObject","inLanguage":"tr","@id":"https:\/\/www.purejewels.com\/product\/22ct-gold-bracelet-for-women-41097\/#primaryimage","url":"https:\/\/static.purejewels.com\/wp-content\/uploads\/2019\/12\/31939.jpg","contentUrl":"https:\/\/static.purejewels.com\/wp-content\/uploads\/2019\/12\/31939.jpg","width":1000,"height":1000,"caption":"22ct Gold Bracelet 31939"},{"@type":"BreadcrumbList","@id":"https:\/\/www.purejewels.com\/product\/22ct-gold-bracelet-for-women-41097\/#breadcrumb","itemListElement":[{"@type":"ListItem","position":1,"name":"Home","item":"https:\/\/www.purejewels.com\/"},{"@type":"ListItem","position":2,"name":"Shop","item":"https:\/\/www.purejewels.com\/shop\/"},{"@type":"ListItem","position":3,"name":"22ct Gold Twisted Bead Strand Bracelet"}]},{"@type":"WebSite","@id":"https:\/\/www.purejewels.com\/#website","url":"https:\/\/www.purejewels.com\/","name":"PureJewels \u0130ngiltere","description":"Sevgiyi Payla\u015f\u0131n","publisher":{"@id":"https:\/\/www.purejewels.com\/#organization"},"potentialAction":[{"@type":"SearchAction","target":{"@type":"EntryPoint","urlTemplate":"https:\/\/www.purejewels.com\/?s={search_term_string}"},"query-input":{"@type":"PropertyValueSpecification","valueRequired":true,"valueName":"search_term_string"}}],"inLanguage":"tr"},{"@type":"Organization","@id":"https:\/\/www.purejewels.com\/#organization","name":"PureJewels \u0130ngiltere","url":"https:\/\/www.purejewels.com\/","logo":{"@type":"ImageObject","inLanguage":"tr","@id":"https:\/\/www.purejewels.com\/#\/schema\/logo\/image\/","url":"https:\/\/static.purejewels.com\/wp-content\/uploads\/2020\/11\/Logo-PJ-New-1.png","contentUrl":"https:\/\/static.purejewels.com\/wp-content\/uploads\/2020\/11\/Logo-PJ-New-1.png","width":150,"height":80,"caption":"PureJewels UK"},"image":{"@id":"https:\/\/www.purejewels.com\/#\/schema\/logo\/image\/"}}]}},"_links":{"self":[{"href":"https:\/\/www.purejewels.com\/tr\/wp-json\/wp\/v2\/product\/329208","targetHints":{"allow":["GET"]}}],"collection":[{"href":"https:\/\/www.purejewels.com\/tr\/wp-json\/wp\/v2\/product"}],"about":[{"href":"https:\/\/www.purejewels.com\/tr\/wp-json\/wp\/v2\/types\/product"}],"replies":[{"embeddable":true,"href":"https:\/\/www.purejewels.com\/tr\/wp-json\/wp\/v2\/comments?post=329208"}],"version-history":[{"count":2,"href":"https:\/\/www.purejewels.com\/tr\/wp-json\/wp\/v2\/product\/329208\/revisions"}],"predecessor-version":[{"id":423636,"href":"https:\/\/www.purejewels.com\/tr\/wp-json\/wp\/v2\/product\/329208\/revisions\/423636"}],"wp:featuredmedia":[{"embeddable":true,"href":"https:\/\/www.purejewels.com\/tr\/wp-json\/wp\/v2\/media\/312091"}],"wp:attachment":[{"href":"https:\/\/www.purejewels.com\/tr\/wp-json\/wp\/v2\/media?parent=329208"}],"wp:term":[{"taxonomy":"product_brand","embeddable":true,"href":"https:\/\/www.purejewels.com\/tr\/wp-json\/wp\/v2\/product_brand?post=329208"},{"taxonomy":"product_cat","embeddable":true,"href":"https:\/\/www.purejewels.com\/tr\/wp-json\/wp\/v2\/product_cat?post=329208"},{"taxonomy":"product_tag","embeddable":true,"href":"https:\/\/www.purejewels.com\/tr\/wp-json\/wp\/v2\/product_tag?post=329208"}],"curies":[{"name":"wp","href":"https:\/\/api.w.org\/{rel}","templated":true}]}}