{"id":329313,"date":"2021-11-30T07:07:13","date_gmt":"2021-11-30T07:07:13","guid":{"rendered":"https:\/\/www.purejewels.com\/?post_type=product&#038;p=329313"},"modified":"2026-01-06T09:45:06","modified_gmt":"2026-01-06T09:45:06","slug":"22-ayar-altin-bilezik-41037","status":"publish","type":"product","link":"https:\/\/www.purejewels.com\/tr\/product\/22-carat-gold-bracelet-41037\/","title":{"rendered":"Siyah Boncuklu 22 Ayar Alt\u0131n Bileklik"},"content":{"rendered":"<p>PureJewels'in bu \u00e7arp\u0131c\u0131 siyah ve alt\u0131n bilezi\u011fi her durum i\u00e7in m\u00fckemmel bir aksesuard\u0131r. 22 ayar alt\u0131ndan \u00fcretilen ve g\u00fczel siyah boncuklara sahip olan bu bilezik, zarafet ve sofistike bir g\u00f6r\u00fcn\u00fcm sergiler. Bilezik \u00f6zellikle bayanlar i\u00e7in tasarlanm\u0131\u015ft\u0131r ve 6,5 in\u00e7 uzunlu\u011fundad\u0131r, bu da onu \u00e7o\u011fu bilek boyutu i\u00e7in m\u00fckemmel bir uyum haline getirir.<\/p>\n<p>Her bir bilezik 3,2 gram a\u011f\u0131rl\u0131\u011f\u0131ndad\u0131r ve bir sunum kutusuyla birlikte gelir; bu da onu sevdikleriniz i\u00e7in ideal bir hediye haline getirir. T\u00fcm 22 ayar alt\u0131n bileziklerimiz Londra Assay Ofisi taraf\u0131ndan damgalanarak en y\u00fcksek kaliteyi ve orijinalli\u011fi garanti eder.<\/p>\n<p>\u0130ster kendinizi \u015f\u0131mart\u0131n ister \u00f6zel bir hediye i\u00e7in al\u0131\u015fveri\u015f yap\u0131n, bu siyah ve alt\u0131n bilezi\u011fin etkileyici olaca\u011f\u0131ndan emin olabilirsiniz. Kad\u0131nlar i\u00e7in alt\u0131n bilezik koleksiyonumuzu ke\u015ffedin ve m\u00fccevher koleksiyonunuza eklemek i\u00e7in m\u00fckemmel par\u00e7ay\u0131 bulun.<\/p>","protected":false},"excerpt":{"rendered":"<ul>\n<li>Bayanlar i\u00e7in 22 Ayar Alt\u0131n Bileklik<\/li>\n<li>Uzunluk. 6,5 \u0130n\u00e7<\/li>\n<li>A\u011f\u0131rl\u0131k 3,2 gms<\/li>\n<li>SKU 41037, 41036<\/li>\n<li>T\u00fcm fiyatlara KDV dahildir<\/li>\n<li>T\u00fcm 22 ayar alt\u0131n bilezikler Londra Assay Ofisi taraf\u0131ndan damgalanm\u0131\u015ft\u0131r<\/li>\n<li>T\u00fcm Kad\u0131n Alt\u0131n Bilezikler Sunum Kutusu ile birlikte gelir<\/li>\n<li>Teslimat Dahil<\/li>\n<li>Daha fazla alt\u0131n bilezik ke\u015ffedin<\/li>\n<li>Stok durumu ve stokta bulunan benzer tasar\u0131mlar\u0131n daha fazla g\u00f6r\u00fcnt\u00fcs\u00fc i\u00e7in bizimle canl\u0131 sohbet edin<\/li>\n<\/ul>","protected":false},"featured_media":329320,"comment_status":"closed","ping_status":"closed","template":"","meta":{"_eb_attr":"","_crsspst_to_jayantr4sg-hostcom":false},"product_brand":[],"product_cat":[1791,1790,1324,1627,1229,5371,1573,1574],"product_tag":[],"class_list":{"0":"post-329313","1":"product","2":"type-product","3":"status-publish","4":"has-post-thumbnail","6":"product_cat-anniversary-gifts","7":"product_cat-for-whom-when","8":"product_cat-gold-bracelet","9":"product_cat-ladies-bracelet","10":"product_cat-22ct-gold-jewellery","11":"product_cat-jewellery-for-hands","12":"product_cat-wedding-gifts","13":"product_cat-womens-jewellery","15":"first","16":"outofstock","17":"taxable","18":"shipping-taxable","19":"product-type-simple","20":"add-to-wishlist-before_image"},"yoast_head":"<!-- This site is optimized with the Yoast SEO plugin v27.5 - https:\/\/yoast.com\/product\/yoast-seo-wordpress\/ -->\n<title>Black Bead Bracelet | Gold Bracelet | PureJewels<\/title>\n<meta name=\"description\" content=\"View Our Collection Of Gold Bracelet Online. Shop handmade, strong, beaded bracelets from PureJewels UK. Free Delivery. Free Returns.\" \/>\n<meta name=\"robots\" content=\"index, follow, max-snippet:-1, max-image-preview:large, max-video-preview:-1\" \/>\n<link rel=\"canonical\" href=\"https:\/\/www.purejewels.com\/tr\/urun\/22-ayar-altin-bilezik-41037\/\" \/>\n<meta property=\"og:locale\" content=\"tr_TR\" \/>\n<meta property=\"og:type\" content=\"article\" \/>\n<meta property=\"og:title\" content=\"Black Bead Bracelet | Gold Bracelet | PureJewels\" \/>\n<meta property=\"og:description\" content=\"View Our Collection Of Gold Bracelet Online. Shop handmade, strong, beaded bracelets from PureJewels UK. Free Delivery. Free Returns.\" \/>\n<meta property=\"og:url\" content=\"https:\/\/www.purejewels.com\/tr\/urun\/22-ayar-altin-bilezik-41037\/\" \/>\n<meta property=\"og:site_name\" content=\"PureJewels UK\" \/>\n<meta property=\"article:modified_time\" content=\"2026-01-06T09:45:06+00:00\" \/>\n<meta property=\"og:image\" content=\"https:\/\/www.purejewels.com\/wp-content\/uploads\/2021\/11\/33702.jpg\" \/>\n\t<meta property=\"og:image:width\" content=\"1000\" \/>\n\t<meta property=\"og:image:height\" content=\"1000\" \/>\n\t<meta property=\"og:image:type\" content=\"image\/jpeg\" \/>\n<meta name=\"twitter:card\" content=\"summary_large_image\" \/>\n<meta name=\"twitter:label1\" content=\"Tahmini okuma s\u00fcresi\" \/>\n\t<meta name=\"twitter:data1\" content=\"1 dakika\" \/>\n<script type=\"application\/ld+json\" class=\"yoast-schema-graph\">{\"@context\":\"https:\\\/\\\/schema.org\",\"@graph\":[{\"@type\":[\"WebPage\",\"ItemPage\"],\"@id\":\"https:\\\/\\\/www.purejewels.com\\\/product\\\/22-carat-gold-bracelet-41037\\\/\",\"url\":\"https:\\\/\\\/www.purejewels.com\\\/product\\\/22-carat-gold-bracelet-41037\\\/\",\"name\":\"Black Bead Bracelet | Gold Bracelet | PureJewels\",\"isPartOf\":{\"@id\":\"https:\\\/\\\/www.purejewels.com\\\/#website\"},\"primaryImageOfPage\":{\"@id\":\"https:\\\/\\\/www.purejewels.com\\\/product\\\/22-carat-gold-bracelet-41037\\\/#primaryimage\"},\"image\":{\"@id\":\"https:\\\/\\\/www.purejewels.com\\\/product\\\/22-carat-gold-bracelet-41037\\\/#primaryimage\"},\"thumbnailUrl\":\"https:\\\/\\\/static.purejewels.com\\\/wp-content\\\/uploads\\\/2021\\\/11\\\/33702.jpg\",\"datePublished\":\"2021-11-30T07:07:13+00:00\",\"dateModified\":\"2026-01-06T09:45:06+00:00\",\"description\":\"View Our Collection Of Gold Bracelet Online. Shop handmade, strong, beaded bracelets from PureJewels UK. Free Delivery. Free Returns.\",\"breadcrumb\":{\"@id\":\"https:\\\/\\\/www.purejewels.com\\\/product\\\/22-carat-gold-bracelet-41037\\\/#breadcrumb\"},\"inLanguage\":\"tr\",\"potentialAction\":[{\"@type\":\"ReadAction\",\"target\":[\"https:\\\/\\\/www.purejewels.com\\\/product\\\/22-carat-gold-bracelet-41037\\\/\"]}]},{\"@type\":\"ImageObject\",\"inLanguage\":\"tr\",\"@id\":\"https:\\\/\\\/www.purejewels.com\\\/product\\\/22-carat-gold-bracelet-41037\\\/#primaryimage\",\"url\":\"https:\\\/\\\/static.purejewels.com\\\/wp-content\\\/uploads\\\/2021\\\/11\\\/33702.jpg\",\"contentUrl\":\"https:\\\/\\\/static.purejewels.com\\\/wp-content\\\/uploads\\\/2021\\\/11\\\/33702.jpg\",\"width\":1000,\"height\":1000},{\"@type\":\"BreadcrumbList\",\"@id\":\"https:\\\/\\\/www.purejewels.com\\\/product\\\/22-carat-gold-bracelet-41037\\\/#breadcrumb\",\"itemListElement\":[{\"@type\":\"ListItem\",\"position\":1,\"name\":\"Home\",\"item\":\"https:\\\/\\\/www.purejewels.com\\\/\"},{\"@type\":\"ListItem\",\"position\":2,\"name\":\"Shop\",\"item\":\"https:\\\/\\\/www.purejewels.com\\\/shop\\\/\"},{\"@type\":\"ListItem\",\"position\":3,\"name\":\"22 Carat Gold Bracelet With Black Beads\"}]},{\"@type\":\"WebSite\",\"@id\":\"https:\\\/\\\/www.purejewels.com\\\/#website\",\"url\":\"https:\\\/\\\/www.purejewels.com\\\/\",\"name\":\"PureJewels UK\",\"description\":\"Share the Love\",\"publisher\":{\"@id\":\"https:\\\/\\\/www.purejewels.com\\\/#organization\"},\"potentialAction\":[{\"@type\":\"SearchAction\",\"target\":{\"@type\":\"EntryPoint\",\"urlTemplate\":\"https:\\\/\\\/www.purejewels.com\\\/?s={search_term_string}\"},\"query-input\":{\"@type\":\"PropertyValueSpecification\",\"valueRequired\":true,\"valueName\":\"search_term_string\"}}],\"inLanguage\":\"tr\"},{\"@type\":\"Organization\",\"@id\":\"https:\\\/\\\/www.purejewels.com\\\/#organization\",\"name\":\"PureJewels UK\",\"url\":\"https:\\\/\\\/www.purejewels.com\\\/\",\"logo\":{\"@type\":\"ImageObject\",\"inLanguage\":\"tr\",\"@id\":\"https:\\\/\\\/www.purejewels.com\\\/#\\\/schema\\\/logo\\\/image\\\/\",\"url\":\"https:\\\/\\\/static.purejewels.com\\\/wp-content\\\/uploads\\\/2020\\\/11\\\/Logo-PJ-New-1.png\",\"contentUrl\":\"https:\\\/\\\/static.purejewels.com\\\/wp-content\\\/uploads\\\/2020\\\/11\\\/Logo-PJ-New-1.png\",\"width\":150,\"height\":80,\"caption\":\"PureJewels UK\"},\"image\":{\"@id\":\"https:\\\/\\\/www.purejewels.com\\\/#\\\/schema\\\/logo\\\/image\\\/\"}}]}<\/script>\n<!-- \/ Yoast SEO plugin. -->","yoast_head_json":{"title":"Siyah Boncuklu Bileklik | Alt\u0131n Bileklik | PureJewels","description":"Alt\u0131n Bilezik Koleksiyonumuzu Online G\u00f6r\u00fcnt\u00fcleyin. PureJewels UK'den el yap\u0131m\u0131, g\u00fc\u00e7l\u00fc, boncuklu bilezikler sat\u0131n al\u0131n. \u00dccretsiz Teslimat. \u00dccretsiz \u0130ade.","robots":{"index":"index","follow":"follow","max-snippet":"max-snippet:-1","max-image-preview":"max-image-preview:large","max-video-preview":"max-video-preview:-1"},"canonical":"https:\/\/www.purejewels.com\/tr\/urun\/22-ayar-altin-bilezik-41037\/","og_locale":"tr_TR","og_type":"article","og_title":"Black Bead Bracelet | Gold Bracelet | PureJewels","og_description":"View Our Collection Of Gold Bracelet Online. Shop handmade, strong, beaded bracelets from PureJewels UK. Free Delivery. Free Returns.","og_url":"https:\/\/www.purejewels.com\/tr\/urun\/22-ayar-altin-bilezik-41037\/","og_site_name":"PureJewels UK","article_modified_time":"2026-01-06T09:45:06+00:00","og_image":[{"width":1000,"height":1000,"url":"https:\/\/www.purejewels.com\/wp-content\/uploads\/2021\/11\/33702.jpg","type":"image\/jpeg"}],"twitter_card":"summary_large_image","twitter_misc":{"Tahmini okuma s\u00fcresi":"1 dakika"},"schema":{"@context":"https:\/\/schema.org","@graph":[{"@type":["WebPage","ItemPage"],"@id":"https:\/\/www.purejewels.com\/product\/22-carat-gold-bracelet-41037\/","url":"https:\/\/www.purejewels.com\/product\/22-carat-gold-bracelet-41037\/","name":"Siyah Boncuklu Bileklik | Alt\u0131n Bileklik | PureJewels","isPartOf":{"@id":"https:\/\/www.purejewels.com\/#website"},"primaryImageOfPage":{"@id":"https:\/\/www.purejewels.com\/product\/22-carat-gold-bracelet-41037\/#primaryimage"},"image":{"@id":"https:\/\/www.purejewels.com\/product\/22-carat-gold-bracelet-41037\/#primaryimage"},"thumbnailUrl":"https:\/\/static.purejewels.com\/wp-content\/uploads\/2021\/11\/33702.jpg","datePublished":"2021-11-30T07:07:13+00:00","dateModified":"2026-01-06T09:45:06+00:00","description":"Alt\u0131n Bilezik Koleksiyonumuzu Online G\u00f6r\u00fcnt\u00fcleyin. PureJewels UK'den el yap\u0131m\u0131, g\u00fc\u00e7l\u00fc, boncuklu bilezikler sat\u0131n al\u0131n. \u00dccretsiz Teslimat. \u00dccretsiz \u0130ade.","breadcrumb":{"@id":"https:\/\/www.purejewels.com\/product\/22-carat-gold-bracelet-41037\/#breadcrumb"},"inLanguage":"tr","potentialAction":[{"@type":"ReadAction","target":["https:\/\/www.purejewels.com\/product\/22-carat-gold-bracelet-41037\/"]}]},{"@type":"ImageObject","inLanguage":"tr","@id":"https:\/\/www.purejewels.com\/product\/22-carat-gold-bracelet-41037\/#primaryimage","url":"https:\/\/static.purejewels.com\/wp-content\/uploads\/2021\/11\/33702.jpg","contentUrl":"https:\/\/static.purejewels.com\/wp-content\/uploads\/2021\/11\/33702.jpg","width":1000,"height":1000},{"@type":"BreadcrumbList","@id":"https:\/\/www.purejewels.com\/product\/22-carat-gold-bracelet-41037\/#breadcrumb","itemListElement":[{"@type":"ListItem","position":1,"name":"Home","item":"https:\/\/www.purejewels.com\/"},{"@type":"ListItem","position":2,"name":"Shop","item":"https:\/\/www.purejewels.com\/shop\/"},{"@type":"ListItem","position":3,"name":"22 Carat Gold Bracelet With Black Beads"}]},{"@type":"WebSite","@id":"https:\/\/www.purejewels.com\/#website","url":"https:\/\/www.purejewels.com\/","name":"PureJewels \u0130ngiltere","description":"Sevgiyi Payla\u015f\u0131n","publisher":{"@id":"https:\/\/www.purejewels.com\/#organization"},"potentialAction":[{"@type":"SearchAction","target":{"@type":"EntryPoint","urlTemplate":"https:\/\/www.purejewels.com\/?s={search_term_string}"},"query-input":{"@type":"PropertyValueSpecification","valueRequired":true,"valueName":"search_term_string"}}],"inLanguage":"tr"},{"@type":"Organization","@id":"https:\/\/www.purejewels.com\/#organization","name":"PureJewels \u0130ngiltere","url":"https:\/\/www.purejewels.com\/","logo":{"@type":"ImageObject","inLanguage":"tr","@id":"https:\/\/www.purejewels.com\/#\/schema\/logo\/image\/","url":"https:\/\/static.purejewels.com\/wp-content\/uploads\/2020\/11\/Logo-PJ-New-1.png","contentUrl":"https:\/\/static.purejewels.com\/wp-content\/uploads\/2020\/11\/Logo-PJ-New-1.png","width":150,"height":80,"caption":"PureJewels UK"},"image":{"@id":"https:\/\/www.purejewels.com\/#\/schema\/logo\/image\/"}}]}},"_links":{"self":[{"href":"https:\/\/www.purejewels.com\/tr\/wp-json\/wp\/v2\/product\/329313","targetHints":{"allow":["GET"]}}],"collection":[{"href":"https:\/\/www.purejewels.com\/tr\/wp-json\/wp\/v2\/product"}],"about":[{"href":"https:\/\/www.purejewels.com\/tr\/wp-json\/wp\/v2\/types\/product"}],"replies":[{"embeddable":true,"href":"https:\/\/www.purejewels.com\/tr\/wp-json\/wp\/v2\/comments?post=329313"}],"version-history":[{"count":4,"href":"https:\/\/www.purejewels.com\/tr\/wp-json\/wp\/v2\/product\/329313\/revisions"}],"predecessor-version":[{"id":420606,"href":"https:\/\/www.purejewels.com\/tr\/wp-json\/wp\/v2\/product\/329313\/revisions\/420606"}],"wp:featuredmedia":[{"embeddable":true,"href":"https:\/\/www.purejewels.com\/tr\/wp-json\/wp\/v2\/media\/329320"}],"wp:attachment":[{"href":"https:\/\/www.purejewels.com\/tr\/wp-json\/wp\/v2\/media?parent=329313"}],"wp:term":[{"taxonomy":"product_brand","embeddable":true,"href":"https:\/\/www.purejewels.com\/tr\/wp-json\/wp\/v2\/product_brand?post=329313"},{"taxonomy":"product_cat","embeddable":true,"href":"https:\/\/www.purejewels.com\/tr\/wp-json\/wp\/v2\/product_cat?post=329313"},{"taxonomy":"product_tag","embeddable":true,"href":"https:\/\/www.purejewels.com\/tr\/wp-json\/wp\/v2\/product_tag?post=329313"}],"curies":[{"name":"wp","href":"https:\/\/api.w.org\/{rel}","templated":true}]}}