{"id":329315,"date":"2021-11-30T06:45:54","date_gmt":"2021-11-30T06:45:54","guid":{"rendered":"https:\/\/www.purejewels.com\/?post_type=product&#038;p=329315"},"modified":"2025-11-07T09:21:41","modified_gmt":"2025-11-07T09:21:41","slug":"kadinlar-icin-22-ayar-altin-antika-bilezik-41038","status":"publish","type":"product","link":"https:\/\/www.purejewels.com\/tr\/product\/22k-gold-antique-bracelet-for-women-41038\/","title":{"rendered":"Kad\u0131nlar \u0130\u00e7in 22 Ayar Alt\u0131n Antik Bileklik | 7 in\u00e7"},"content":{"rendered":"<p>Bu zarif Rozet 22 Ayar Alt\u0131n Antik Bileklik, zamans\u0131z zarafeti takdir eden kad\u0131nlar i\u00e7in \u00e7arp\u0131c\u0131 bir m\u00fccevher par\u00e7as\u0131d\u0131r. Bilezi\u011fin karma\u015f\u0131k tasar\u0131m\u0131, antika m\u00fccevher stillerini an\u0131msatan narin rozet motiflerine sahiptir. 22 ayar alt\u0131ndan \u00fcretilen ve 14,3 gram a\u011f\u0131rl\u0131\u011f\u0131nda olan bu bilezik, her m\u00fccevher koleksiyonuna l\u00fcks bir ektir.<\/p>\n<p>Her bir bilezik 7 in\u00e7 uzunlu\u011fundad\u0131r ve orijinalli\u011fi Londra Assay Ofisi taraf\u0131ndan damgalanm\u0131\u015ft\u0131r. Sunum kutusunda g\u00fczel bir \u015fekilde paketlenmi\u015f olarak gelen bilezik, sevdikleriniz i\u00e7in m\u00fckemmel bir hediye veya kendiniz i\u00e7in \u00f6zel bir ikramd\u0131r.<\/p>\n<p>\u015eimdi sipari\u015f verin ve KDV fiyata dahil olmak \u00fczere \u00fccretsiz takipli teslimat al\u0131n. Herhangi bir sorunuz varsa veya daha h\u0131zl\u0131 teslimat talep etmek istiyorsan\u0131z, l\u00fctfen canl\u0131 sohbet yoluyla bizimle ileti\u015fime ge\u00e7mekten \u00e7ekinmeyin. Bu \u00e7arp\u0131c\u0131 antika alt\u0131n bilezi\u011fi bug\u00fcn koleksiyonunuza ekleyin ve y\u0131llarca zamans\u0131z g\u00fczelli\u011finin tad\u0131n\u0131 \u00e7\u0131kar\u0131n.<\/p>","protected":false},"excerpt":{"rendered":"<table class=\"sh_desc\">\n<tbody>\n<tr>\n<td>Bilezik T\u00fcr\u00fc<\/td>\n<td>22 Ayar Alt\u0131n Bileklik<\/td>\n<\/tr>\n<tr>\n<td>SKU<\/td>\n<td>45254<\/td>\n<\/tr>\n<tr>\n<td>A\u011f\u0131rl\u0131k<\/td>\n<td>14,3 Gms<\/td>\n<\/tr>\n<tr>\n<td>Uzunluk<\/td>\n<td>7 \u0130n\u00e7<\/td>\n<\/tr>\n<tr>\n<td>Hallmark<\/td>\n<td>Londra Tahlil Ofisi Taraf\u0131ndan Damgalanm\u0131\u015f 22 Ayar Alt\u0131n<\/td>\n<\/tr>\n<tr>\n<td>\u00dccretler<\/td>\n<td>Teslimat ve KDV Dahil<\/td>\n<\/tr>\n<tr>\n<td>Paketleme<\/td>\n<td>Sunum Kutusu ile Birlikte Gelir<\/td>\n<\/tr>\n<tr>\n<td>Daha Fazla Bilgi<\/td>\n<td>Alt\u0131n Bileklik stok durumu ve daha fazla g\u00f6rsel i\u00e7in bizimle canl\u0131 sohbet edin<\/td>\n<\/tr>\n<\/tbody>\n<\/table>","protected":false},"featured_media":350647,"comment_status":"closed","ping_status":"closed","template":"","meta":{"_eb_attr":"","_crsspst_to_jayantr4sg-hostcom":false},"product_brand":[],"product_cat":[1791,1559,236,1790,1324,1229,5586,1656,1573,1574,5349],"product_tag":[],"class_list":{"0":"post-329315","1":"product","2":"type-product","3":"status-publish","4":"has-post-thumbnail","6":"product_cat-anniversary-gifts","7":"product_cat-birthday-gifts","8":"product_cat-collections","9":"product_cat-for-whom-when","10":"product_cat-gold-bracelet","11":"product_cat-22ct-gold-jewellery","12":"product_cat-rosette-bracelet","13":"product_cat-rosettes-collections","14":"product_cat-wedding-gifts","15":"product_cat-womens-jewellery","16":"product_cat-yellow-gold-jewellery","18":"first","19":"onbackorder","20":"taxable","21":"shipping-taxable","22":"product-type-simple","23":"add-to-wishlist-before_image"},"yoast_head":"<!-- This site is optimized with the Yoast SEO plugin v27.5 - https:\/\/yoast.com\/product\/yoast-seo-wordpress\/ -->\n<title>Rosette 22k Gold Antique Bracelet For Women | 7 inches<\/title>\n<meta name=\"description\" content=\"The bracelet is made of solid 22k gold and features a delicate rosette design. It is 7 inches long and weighs 14.3 grams. Order yours today!\" \/>\n<meta name=\"robots\" content=\"index, follow, max-snippet:-1, max-image-preview:large, max-video-preview:-1\" \/>\n<link rel=\"canonical\" href=\"https:\/\/www.purejewels.com\/tr\/urun\/kadinlar-icin-22-ayar-altin-antika-bilezik-41038\/\" \/>\n<meta property=\"og:locale\" content=\"tr_TR\" \/>\n<meta property=\"og:type\" content=\"article\" \/>\n<meta property=\"og:title\" content=\"Rosette 22k Gold Antique Bracelet For Women | 7 inches\" \/>\n<meta property=\"og:description\" content=\"The bracelet is made of solid 22k gold and features a delicate rosette design. It is 7 inches long and weighs 14.3 grams. Order yours today!\" \/>\n<meta property=\"og:url\" content=\"https:\/\/www.purejewels.com\/tr\/urun\/kadinlar-icin-22-ayar-altin-antika-bilezik-41038\/\" \/>\n<meta property=\"og:site_name\" content=\"PureJewels UK\" \/>\n<meta property=\"article:modified_time\" content=\"2025-11-07T09:21:41+00:00\" \/>\n<meta property=\"og:image\" content=\"https:\/\/www.purejewels.com\/wp-content\/uploads\/2021\/11\/SKU-45254.jpg\" \/>\n\t<meta property=\"og:image:width\" content=\"1000\" \/>\n\t<meta property=\"og:image:height\" content=\"1000\" \/>\n\t<meta property=\"og:image:type\" content=\"image\/jpeg\" \/>\n<meta name=\"twitter:card\" content=\"summary_large_image\" \/>\n<meta name=\"twitter:label1\" content=\"Tahmini okuma s\u00fcresi\" \/>\n\t<meta name=\"twitter:data1\" content=\"1 dakika\" \/>\n<script type=\"application\/ld+json\" class=\"yoast-schema-graph\">{\"@context\":\"https:\\\/\\\/schema.org\",\"@graph\":[{\"@type\":[\"WebPage\",\"ItemPage\"],\"@id\":\"https:\\\/\\\/www.purejewels.com\\\/product\\\/22k-gold-antique-bracelet-for-women-41038\\\/\",\"url\":\"https:\\\/\\\/www.purejewels.com\\\/product\\\/22k-gold-antique-bracelet-for-women-41038\\\/\",\"name\":\"Rosette 22k Gold Antique Bracelet For Women | 7 inches\",\"isPartOf\":{\"@id\":\"https:\\\/\\\/www.purejewels.com\\\/#website\"},\"primaryImageOfPage\":{\"@id\":\"https:\\\/\\\/www.purejewels.com\\\/product\\\/22k-gold-antique-bracelet-for-women-41038\\\/#primaryimage\"},\"image\":{\"@id\":\"https:\\\/\\\/www.purejewels.com\\\/product\\\/22k-gold-antique-bracelet-for-women-41038\\\/#primaryimage\"},\"thumbnailUrl\":\"https:\\\/\\\/static.purejewels.com\\\/wp-content\\\/uploads\\\/2021\\\/11\\\/SKU-45254.jpg\",\"datePublished\":\"2021-11-30T06:45:54+00:00\",\"dateModified\":\"2025-11-07T09:21:41+00:00\",\"description\":\"The bracelet is made of solid 22k gold and features a delicate rosette design. It is 7 inches long and weighs 14.3 grams. Order yours today!\",\"breadcrumb\":{\"@id\":\"https:\\\/\\\/www.purejewels.com\\\/product\\\/22k-gold-antique-bracelet-for-women-41038\\\/#breadcrumb\"},\"inLanguage\":\"tr\",\"potentialAction\":[{\"@type\":\"ReadAction\",\"target\":[\"https:\\\/\\\/www.purejewels.com\\\/product\\\/22k-gold-antique-bracelet-for-women-41038\\\/\"]}]},{\"@type\":\"ImageObject\",\"inLanguage\":\"tr\",\"@id\":\"https:\\\/\\\/www.purejewels.com\\\/product\\\/22k-gold-antique-bracelet-for-women-41038\\\/#primaryimage\",\"url\":\"https:\\\/\\\/static.purejewels.com\\\/wp-content\\\/uploads\\\/2021\\\/11\\\/SKU-45254.jpg\",\"contentUrl\":\"https:\\\/\\\/static.purejewels.com\\\/wp-content\\\/uploads\\\/2021\\\/11\\\/SKU-45254.jpg\",\"width\":1000,\"height\":1000,\"caption\":\"22k Gold Antique Bracelet For Women\"},{\"@type\":\"BreadcrumbList\",\"@id\":\"https:\\\/\\\/www.purejewels.com\\\/product\\\/22k-gold-antique-bracelet-for-women-41038\\\/#breadcrumb\",\"itemListElement\":[{\"@type\":\"ListItem\",\"position\":1,\"name\":\"Home\",\"item\":\"https:\\\/\\\/www.purejewels.com\\\/\"},{\"@type\":\"ListItem\",\"position\":2,\"name\":\"Shop\",\"item\":\"https:\\\/\\\/www.purejewels.com\\\/shop\\\/\"},{\"@type\":\"ListItem\",\"position\":3,\"name\":\"22k Gold Antique Bracelet For Women | 7 inches\"}]},{\"@type\":\"WebSite\",\"@id\":\"https:\\\/\\\/www.purejewels.com\\\/#website\",\"url\":\"https:\\\/\\\/www.purejewels.com\\\/\",\"name\":\"PureJewels UK\",\"description\":\"Share the Love\",\"publisher\":{\"@id\":\"https:\\\/\\\/www.purejewels.com\\\/#organization\"},\"potentialAction\":[{\"@type\":\"SearchAction\",\"target\":{\"@type\":\"EntryPoint\",\"urlTemplate\":\"https:\\\/\\\/www.purejewels.com\\\/?s={search_term_string}\"},\"query-input\":{\"@type\":\"PropertyValueSpecification\",\"valueRequired\":true,\"valueName\":\"search_term_string\"}}],\"inLanguage\":\"tr\"},{\"@type\":\"Organization\",\"@id\":\"https:\\\/\\\/www.purejewels.com\\\/#organization\",\"name\":\"PureJewels UK\",\"url\":\"https:\\\/\\\/www.purejewels.com\\\/\",\"logo\":{\"@type\":\"ImageObject\",\"inLanguage\":\"tr\",\"@id\":\"https:\\\/\\\/www.purejewels.com\\\/#\\\/schema\\\/logo\\\/image\\\/\",\"url\":\"https:\\\/\\\/static.purejewels.com\\\/wp-content\\\/uploads\\\/2020\\\/11\\\/Logo-PJ-New-1.png\",\"contentUrl\":\"https:\\\/\\\/static.purejewels.com\\\/wp-content\\\/uploads\\\/2020\\\/11\\\/Logo-PJ-New-1.png\",\"width\":150,\"height\":80,\"caption\":\"PureJewels UK\"},\"image\":{\"@id\":\"https:\\\/\\\/www.purejewels.com\\\/#\\\/schema\\\/logo\\\/image\\\/\"}}]}<\/script>\n<!-- \/ Yoast SEO plugin. -->","yoast_head_json":{"title":"Kad\u0131nlar \u0130\u00e7in Rozet 22 Ayar Alt\u0131n Antik Bileklik | 7 in\u00e7","description":"Bilezik som 22 ayar alt\u0131ndan yap\u0131lm\u0131\u015ft\u0131r ve narin bir rozet tasar\u0131m\u0131na sahiptir. Uzunlu\u011fu 7 in\u00e7tir ve 14,3 gram a\u011f\u0131rl\u0131\u011f\u0131ndad\u0131r. Siz de bug\u00fcn sipari\u015f verin!","robots":{"index":"index","follow":"follow","max-snippet":"max-snippet:-1","max-image-preview":"max-image-preview:large","max-video-preview":"max-video-preview:-1"},"canonical":"https:\/\/www.purejewels.com\/tr\/urun\/kadinlar-icin-22-ayar-altin-antika-bilezik-41038\/","og_locale":"tr_TR","og_type":"article","og_title":"Rosette 22k Gold Antique Bracelet For Women | 7 inches","og_description":"The bracelet is made of solid 22k gold and features a delicate rosette design. It is 7 inches long and weighs 14.3 grams. Order yours today!","og_url":"https:\/\/www.purejewels.com\/tr\/urun\/kadinlar-icin-22-ayar-altin-antika-bilezik-41038\/","og_site_name":"PureJewels UK","article_modified_time":"2025-11-07T09:21:41+00:00","og_image":[{"width":1000,"height":1000,"url":"https:\/\/www.purejewels.com\/wp-content\/uploads\/2021\/11\/SKU-45254.jpg","type":"image\/jpeg"}],"twitter_card":"summary_large_image","twitter_misc":{"Tahmini okuma s\u00fcresi":"1 dakika"},"schema":{"@context":"https:\/\/schema.org","@graph":[{"@type":["WebPage","ItemPage"],"@id":"https:\/\/www.purejewels.com\/product\/22k-gold-antique-bracelet-for-women-41038\/","url":"https:\/\/www.purejewels.com\/product\/22k-gold-antique-bracelet-for-women-41038\/","name":"Kad\u0131nlar \u0130\u00e7in Rozet 22 Ayar Alt\u0131n Antik Bileklik | 7 in\u00e7","isPartOf":{"@id":"https:\/\/www.purejewels.com\/#website"},"primaryImageOfPage":{"@id":"https:\/\/www.purejewels.com\/product\/22k-gold-antique-bracelet-for-women-41038\/#primaryimage"},"image":{"@id":"https:\/\/www.purejewels.com\/product\/22k-gold-antique-bracelet-for-women-41038\/#primaryimage"},"thumbnailUrl":"https:\/\/static.purejewels.com\/wp-content\/uploads\/2021\/11\/SKU-45254.jpg","datePublished":"2021-11-30T06:45:54+00:00","dateModified":"2025-11-07T09:21:41+00:00","description":"Bilezik som 22 ayar alt\u0131ndan yap\u0131lm\u0131\u015ft\u0131r ve narin bir rozet tasar\u0131m\u0131na sahiptir. Uzunlu\u011fu 7 in\u00e7tir ve 14,3 gram a\u011f\u0131rl\u0131\u011f\u0131ndad\u0131r. Siz de bug\u00fcn sipari\u015f verin!","breadcrumb":{"@id":"https:\/\/www.purejewels.com\/product\/22k-gold-antique-bracelet-for-women-41038\/#breadcrumb"},"inLanguage":"tr","potentialAction":[{"@type":"ReadAction","target":["https:\/\/www.purejewels.com\/product\/22k-gold-antique-bracelet-for-women-41038\/"]}]},{"@type":"ImageObject","inLanguage":"tr","@id":"https:\/\/www.purejewels.com\/product\/22k-gold-antique-bracelet-for-women-41038\/#primaryimage","url":"https:\/\/static.purejewels.com\/wp-content\/uploads\/2021\/11\/SKU-45254.jpg","contentUrl":"https:\/\/static.purejewels.com\/wp-content\/uploads\/2021\/11\/SKU-45254.jpg","width":1000,"height":1000,"caption":"22k Gold Antique Bracelet For Women"},{"@type":"BreadcrumbList","@id":"https:\/\/www.purejewels.com\/product\/22k-gold-antique-bracelet-for-women-41038\/#breadcrumb","itemListElement":[{"@type":"ListItem","position":1,"name":"Home","item":"https:\/\/www.purejewels.com\/"},{"@type":"ListItem","position":2,"name":"Shop","item":"https:\/\/www.purejewels.com\/shop\/"},{"@type":"ListItem","position":3,"name":"22k Gold Antique Bracelet For Women | 7 inches"}]},{"@type":"WebSite","@id":"https:\/\/www.purejewels.com\/#website","url":"https:\/\/www.purejewels.com\/","name":"PureJewels \u0130ngiltere","description":"Sevgiyi Payla\u015f\u0131n","publisher":{"@id":"https:\/\/www.purejewels.com\/#organization"},"potentialAction":[{"@type":"SearchAction","target":{"@type":"EntryPoint","urlTemplate":"https:\/\/www.purejewels.com\/?s={search_term_string}"},"query-input":{"@type":"PropertyValueSpecification","valueRequired":true,"valueName":"search_term_string"}}],"inLanguage":"tr"},{"@type":"Organization","@id":"https:\/\/www.purejewels.com\/#organization","name":"PureJewels \u0130ngiltere","url":"https:\/\/www.purejewels.com\/","logo":{"@type":"ImageObject","inLanguage":"tr","@id":"https:\/\/www.purejewels.com\/#\/schema\/logo\/image\/","url":"https:\/\/static.purejewels.com\/wp-content\/uploads\/2020\/11\/Logo-PJ-New-1.png","contentUrl":"https:\/\/static.purejewels.com\/wp-content\/uploads\/2020\/11\/Logo-PJ-New-1.png","width":150,"height":80,"caption":"PureJewels UK"},"image":{"@id":"https:\/\/www.purejewels.com\/#\/schema\/logo\/image\/"}}]}},"_links":{"self":[{"href":"https:\/\/www.purejewels.com\/tr\/wp-json\/wp\/v2\/product\/329315","targetHints":{"allow":["GET"]}}],"collection":[{"href":"https:\/\/www.purejewels.com\/tr\/wp-json\/wp\/v2\/product"}],"about":[{"href":"https:\/\/www.purejewels.com\/tr\/wp-json\/wp\/v2\/types\/product"}],"replies":[{"embeddable":true,"href":"https:\/\/www.purejewels.com\/tr\/wp-json\/wp\/v2\/comments?post=329315"}],"version-history":[{"count":2,"href":"https:\/\/www.purejewels.com\/tr\/wp-json\/wp\/v2\/product\/329315\/revisions"}],"predecessor-version":[{"id":420475,"href":"https:\/\/www.purejewels.com\/tr\/wp-json\/wp\/v2\/product\/329315\/revisions\/420475"}],"wp:featuredmedia":[{"embeddable":true,"href":"https:\/\/www.purejewels.com\/tr\/wp-json\/wp\/v2\/media\/350647"}],"wp:attachment":[{"href":"https:\/\/www.purejewels.com\/tr\/wp-json\/wp\/v2\/media?parent=329315"}],"wp:term":[{"taxonomy":"product_brand","embeddable":true,"href":"https:\/\/www.purejewels.com\/tr\/wp-json\/wp\/v2\/product_brand?post=329315"},{"taxonomy":"product_cat","embeddable":true,"href":"https:\/\/www.purejewels.com\/tr\/wp-json\/wp\/v2\/product_cat?post=329315"},{"taxonomy":"product_tag","embeddable":true,"href":"https:\/\/www.purejewels.com\/tr\/wp-json\/wp\/v2\/product_tag?post=329315"}],"curies":[{"name":"wp","href":"https:\/\/api.w.org\/{rel}","templated":true}]}}