{"id":329777,"date":"2021-12-10T10:27:32","date_gmt":"2021-12-10T10:27:32","guid":{"rendered":"https:\/\/www.purejewels.com\/?post_type=product&#038;p=329777"},"modified":"2026-01-07T05:58:12","modified_gmt":"2026-01-07T05:58:12","slug":"22-ayar-altin-yuzuk-antika-yuzuk-41034","status":"publish","type":"product","link":"https:\/\/www.purejewels.com\/tr\/product\/22ct-gold-ring-antique-ring-41034\/","title":{"rendered":"22 Ayar Alt\u0131n Antik Kaplama Y\u00fcz\u00fck | K Beden"},"content":{"rendered":"<p>Alt\u0131n\u0131 seviyoruz <a href=\"https:\/\/www.purejewels.com\/tr\/product-category\/22ct-gold-jewellery\/gold-rings\/\">halkalar<\/a> ve \u00f6zellikle <a href=\"https:\/\/www.purejewels.com\/tr\/rosette-collection\/\">antika alt\u0131n<\/a> bant y\u00fcz\u00fckler. Antik alt\u0131n y\u00fcz\u00fckler, nostaljik oldu\u011fu kadar ruhani de olan eski \u00e7a\u011flardan kalma bir g\u00f6r\u00fcn\u00fcme sahiptir. Bu, e\u015fyalar\u0131n zarafetle nas\u0131l ya\u015fland\u0131\u011f\u0131n\u0131n bir hat\u0131rlat\u0131c\u0131s\u0131d\u0131r.<\/p>\n<p>22 karatl\u0131k <a href=\"https:\/\/www.purejewels.com\/tr\/product\/22ct-gold-ladies-ring-size-k1-2-46827\/\">alt\u0131n y\u00fcz\u00fck<\/a> y\u00fcz\u00fc\u011f\u00fc \u00e7evreleyen zarif\u00e7e i\u015flenmi\u015f \u00e7i\u00e7eklere ve yan tarafta geometrik dilimli vurgulara sahiptir. Antik alt\u0131n bant y\u00fcz\u00fck \u00fczerindeki narin \u00e7i\u00e7ek imgesi, kullan\u0131c\u0131 i\u00e7in rahatl\u0131k sa\u011flayacak \u015fekilde \u00fcretilmi\u015ftir. Antika alt\u0131n y\u00fcz\u00fck, dramatik bir ili\u015fki yaratmak i\u00e7in di\u011fer 22 ayar alt\u0131n y\u00fcz\u00fcklerle de istiflenebilir. Antik alt\u0131n bant y\u00fcz\u00fck \u00fczerindeki alt\u0131 yaprakl\u0131 \u00e7i\u00e7ek, ustal\u0131kla i\u015flenmi\u015ftir. <a href=\"https:\/\/www.purejewels.com\/tr\/a-guide-to-die-stamping\/\">zanaatkarl\u0131k<\/a>.<\/p>\n<p><span data-sheets-root=\"1\">Bu zarif Antik Alt\u0131n Y\u00fcz\u00fck, zamans\u0131z g\u00fczelli\u011fin ve zarafetin ger\u00e7ek bir kan\u0131t\u0131d\u0131r. 22 ayar alt\u0131ndan \u00fcretilen bu y\u00fcz\u00fck, vintage bir cazibe katan \u00e7arp\u0131c\u0131 bir antika kaplamaya sahiptir. Bu y\u00fcz\u00fckteki karma\u015f\u0131k tasar\u0131m ve detaylar, onu y\u0131llarca el \u00fcst\u00fcnde tutulacak e\u015fsiz ve \u00e7arp\u0131c\u0131 bir par\u00e7a haline getiriyor.<\/p>\n<p>Y\u00fcz\u00fck K beden olup narin ve zarif tak\u0131lara \u00f6nem veren bayanlar i\u00e7in m\u00fckemmeldir. G\u00fczel bir sunum kutusunda paketlenmi\u015f olarak gelen bu y\u00fcz\u00fck, sevdi\u011finiz biri i\u00e7in ideal bir hediye veya kendiniz i\u00e7in \u00f6zel bir ikramd\u0131r.<br \/>\n<\/span><\/p>","protected":false},"excerpt":{"rendered":"<table>\n<tbody>\n<tr>\n<td>Y\u00fcz\u00fck Tipi<\/td>\n<td>Antik Alt\u0131n Y\u00fcz\u00fck<\/td>\n<\/tr>\n<tr>\n<td>SKU<\/td>\n<td>41034<\/td>\n<\/tr>\n<tr>\n<td>A\u011f\u0131rl\u0131k<\/td>\n<td>4,5 gms<\/td>\n<\/tr>\n<tr>\n<td>Y\u00fcz\u00fck \u00d6l\u00e7\u00fcs\u00fc<\/td>\n<td>K<\/td>\n<\/tr>\n<tr>\n<td>Cinsiyet<\/td>\n<td>Bayanlar<\/td>\n<\/tr>\n<tr>\n<td>\u00dccretler<\/td>\n<td>Teslimat ve KDV Dahil<\/td>\n<\/tr>\n<tr>\n<td>Paketleme<\/td>\n<td>Sunum Kutusu ile Birlikte Gelir<\/td>\n<\/tr>\n<tr>\n<td>Daha Fazla Bilgi<\/td>\n<td>M\u00fcsaitlik durumu ve daha fazla resim i\u00e7in bizimle canl\u0131 sohbet edin<\/td>\n<\/tr>\n<\/tbody>\n<\/table>","protected":false},"featured_media":343032,"comment_status":"closed","ping_status":"closed","template":"","meta":{"_eb_attr":"","_crsspst_to_jayantr4sg-hostcom":false},"product_brand":[],"product_cat":[1791,1559,1235,1783,6156,1656,5276,1573],"product_tag":[64],"class_list":{"0":"post-329777","1":"product","2":"type-product","3":"status-publish","4":"has-post-thumbnail","6":"product_cat-anniversary-gifts","7":"product_cat-birthday-gifts","8":"product_cat-gold-rings","9":"product_cat-ladies-rings","10":"product_cat-rosette-bands","11":"product_cat-rosettes-collections","12":"product_cat-rosettes-ring","13":"product_cat-wedding-gifts","14":"product_tag-rings","16":"first","17":"outofstock","18":"taxable","19":"shipping-taxable","20":"product-type-simple","21":"add-to-wishlist-before_image"},"yoast_head":"<!-- This site is optimized with the Yoast SEO plugin v27.6 - https:\/\/yoast.com\/product\/yoast-seo-wordpress\/ -->\n<title>22ct Gold Ring Antique Ring | PureJewels UK<\/title>\n<meta name=\"description\" content=\"Antique Gold Ring 916 | Explore our large collection of Antique Gold Band Rings and Jewellery, from the PureJewels UK. Free delivery across UK.\" \/>\n<meta name=\"robots\" content=\"index, follow, max-snippet:-1, max-image-preview:large, max-video-preview:-1\" \/>\n<link rel=\"canonical\" href=\"https:\/\/www.purejewels.com\/tr\/urun\/22-ayar-altin-yuzuk-antika-yuzuk-41034\/\" \/>\n<meta property=\"og:locale\" content=\"tr_TR\" \/>\n<meta property=\"og:type\" content=\"article\" \/>\n<meta property=\"og:title\" content=\"22ct Gold Ring Antique Ring | PureJewels UK\" \/>\n<meta property=\"og:description\" content=\"Antique Gold Ring 916 | Explore our large collection of Antique Gold Band Rings and Jewellery, from the PureJewels UK. Free delivery across UK.\" \/>\n<meta property=\"og:url\" content=\"https:\/\/www.purejewels.com\/tr\/urun\/22-ayar-altin-yuzuk-antika-yuzuk-41034\/\" \/>\n<meta property=\"og:site_name\" content=\"PureJewels UK\" \/>\n<meta property=\"article:modified_time\" content=\"2026-01-07T05:58:12+00:00\" \/>\n<meta property=\"og:image\" content=\"https:\/\/www.purejewels.com\/wp-content\/uploads\/2021\/12\/WhatsApp-Image-2023-01-25-at-1.11.19-PM.jpeg\" \/>\n\t<meta property=\"og:image:width\" content=\"1000\" \/>\n\t<meta property=\"og:image:height\" content=\"1000\" \/>\n\t<meta property=\"og:image:type\" content=\"image\/jpeg\" \/>\n<meta name=\"twitter:card\" content=\"summary_large_image\" \/>\n<meta name=\"twitter:label1\" content=\"Tahmini okuma s\u00fcresi\" \/>\n\t<meta name=\"twitter:data1\" content=\"2 dakika\" \/>\n<script type=\"application\/ld+json\" class=\"yoast-schema-graph\">{\"@context\":\"https:\\\/\\\/schema.org\",\"@graph\":[{\"@type\":[\"WebPage\",\"ItemPage\"],\"@id\":\"https:\\\/\\\/www.purejewels.com\\\/product\\\/22ct-gold-ring-antique-ring-41034\\\/\",\"url\":\"https:\\\/\\\/www.purejewels.com\\\/product\\\/22ct-gold-ring-antique-ring-41034\\\/\",\"name\":\"22ct Gold Ring Antique Ring | PureJewels UK\",\"isPartOf\":{\"@id\":\"https:\\\/\\\/www.purejewels.com\\\/#website\"},\"primaryImageOfPage\":{\"@id\":\"https:\\\/\\\/www.purejewels.com\\\/product\\\/22ct-gold-ring-antique-ring-41034\\\/#primaryimage\"},\"image\":{\"@id\":\"https:\\\/\\\/www.purejewels.com\\\/product\\\/22ct-gold-ring-antique-ring-41034\\\/#primaryimage\"},\"thumbnailUrl\":\"https:\\\/\\\/static.purejewels.com\\\/wp-content\\\/uploads\\\/2021\\\/12\\\/WhatsApp-Image-2023-01-25-at-1.11.19-PM.jpeg\",\"datePublished\":\"2021-12-10T10:27:32+00:00\",\"dateModified\":\"2026-01-07T05:58:12+00:00\",\"description\":\"Antique Gold Ring 916 | Explore our large collection of Antique Gold Band Rings and Jewellery, from the PureJewels UK. Free delivery across UK.\",\"breadcrumb\":{\"@id\":\"https:\\\/\\\/www.purejewels.com\\\/product\\\/22ct-gold-ring-antique-ring-41034\\\/#breadcrumb\"},\"inLanguage\":\"tr\",\"potentialAction\":[{\"@type\":\"ReadAction\",\"target\":[\"https:\\\/\\\/www.purejewels.com\\\/product\\\/22ct-gold-ring-antique-ring-41034\\\/\"]}]},{\"@type\":\"ImageObject\",\"inLanguage\":\"tr\",\"@id\":\"https:\\\/\\\/www.purejewels.com\\\/product\\\/22ct-gold-ring-antique-ring-41034\\\/#primaryimage\",\"url\":\"https:\\\/\\\/static.purejewels.com\\\/wp-content\\\/uploads\\\/2021\\\/12\\\/WhatsApp-Image-2023-01-25-at-1.11.19-PM.jpeg\",\"contentUrl\":\"https:\\\/\\\/static.purejewels.com\\\/wp-content\\\/uploads\\\/2021\\\/12\\\/WhatsApp-Image-2023-01-25-at-1.11.19-PM.jpeg\",\"width\":1000,\"height\":1000},{\"@type\":\"BreadcrumbList\",\"@id\":\"https:\\\/\\\/www.purejewels.com\\\/product\\\/22ct-gold-ring-antique-ring-41034\\\/#breadcrumb\",\"itemListElement\":[{\"@type\":\"ListItem\",\"position\":1,\"name\":\"Home\",\"item\":\"https:\\\/\\\/www.purejewels.com\\\/\"},{\"@type\":\"ListItem\",\"position\":2,\"name\":\"Shop\",\"item\":\"https:\\\/\\\/www.purejewels.com\\\/shop\\\/\"},{\"@type\":\"ListItem\",\"position\":3,\"name\":\"22 carat Gold Antique Finish Ring | Size K\"}]},{\"@type\":\"WebSite\",\"@id\":\"https:\\\/\\\/www.purejewels.com\\\/#website\",\"url\":\"https:\\\/\\\/www.purejewels.com\\\/\",\"name\":\"PureJewels UK\",\"description\":\"Share the Love\",\"publisher\":{\"@id\":\"https:\\\/\\\/www.purejewels.com\\\/#organization\"},\"potentialAction\":[{\"@type\":\"SearchAction\",\"target\":{\"@type\":\"EntryPoint\",\"urlTemplate\":\"https:\\\/\\\/www.purejewels.com\\\/?s={search_term_string}\"},\"query-input\":{\"@type\":\"PropertyValueSpecification\",\"valueRequired\":true,\"valueName\":\"search_term_string\"}}],\"inLanguage\":\"tr\"},{\"@type\":\"Organization\",\"@id\":\"https:\\\/\\\/www.purejewels.com\\\/#organization\",\"name\":\"PureJewels UK\",\"url\":\"https:\\\/\\\/www.purejewels.com\\\/\",\"logo\":{\"@type\":\"ImageObject\",\"inLanguage\":\"tr\",\"@id\":\"https:\\\/\\\/www.purejewels.com\\\/#\\\/schema\\\/logo\\\/image\\\/\",\"url\":\"https:\\\/\\\/static.purejewels.com\\\/wp-content\\\/uploads\\\/2020\\\/11\\\/Logo-PJ-New-1.png\",\"contentUrl\":\"https:\\\/\\\/static.purejewels.com\\\/wp-content\\\/uploads\\\/2020\\\/11\\\/Logo-PJ-New-1.png\",\"width\":150,\"height\":80,\"caption\":\"PureJewels UK\"},\"image\":{\"@id\":\"https:\\\/\\\/www.purejewels.com\\\/#\\\/schema\\\/logo\\\/image\\\/\"}}]}<\/script>\n<!-- \/ Yoast SEO plugin. -->","yoast_head_json":{"title":"22 Ayar Alt\u0131n Y\u00fcz\u00fck Antika Y\u00fcz\u00fck | PureJewels UK","description":"Antika Alt\u0131n Y\u00fcz\u00fck 916 | PureJewels UK'den geni\u015f Antika Alt\u0131n Bant Y\u00fcz\u00fck ve M\u00fccevher koleksiyonumuzu ke\u015ffedin. \u0130ngiltere genelinde \u00fccretsiz teslimat.","robots":{"index":"index","follow":"follow","max-snippet":"max-snippet:-1","max-image-preview":"max-image-preview:large","max-video-preview":"max-video-preview:-1"},"canonical":"https:\/\/www.purejewels.com\/tr\/urun\/22-ayar-altin-yuzuk-antika-yuzuk-41034\/","og_locale":"tr_TR","og_type":"article","og_title":"22ct Gold Ring Antique Ring | PureJewels UK","og_description":"Antique Gold Ring 916 | Explore our large collection of Antique Gold Band Rings and Jewellery, from the PureJewels UK. Free delivery across UK.","og_url":"https:\/\/www.purejewels.com\/tr\/urun\/22-ayar-altin-yuzuk-antika-yuzuk-41034\/","og_site_name":"PureJewels UK","article_modified_time":"2026-01-07T05:58:12+00:00","og_image":[{"width":1000,"height":1000,"url":"https:\/\/www.purejewels.com\/wp-content\/uploads\/2021\/12\/WhatsApp-Image-2023-01-25-at-1.11.19-PM.jpeg","type":"image\/jpeg"}],"twitter_card":"summary_large_image","twitter_misc":{"Tahmini okuma s\u00fcresi":"2 dakika"},"schema":{"@context":"https:\/\/schema.org","@graph":[{"@type":["WebPage","ItemPage"],"@id":"https:\/\/www.purejewels.com\/product\/22ct-gold-ring-antique-ring-41034\/","url":"https:\/\/www.purejewels.com\/product\/22ct-gold-ring-antique-ring-41034\/","name":"22 Ayar Alt\u0131n Y\u00fcz\u00fck Antika Y\u00fcz\u00fck | PureJewels UK","isPartOf":{"@id":"https:\/\/www.purejewels.com\/#website"},"primaryImageOfPage":{"@id":"https:\/\/www.purejewels.com\/product\/22ct-gold-ring-antique-ring-41034\/#primaryimage"},"image":{"@id":"https:\/\/www.purejewels.com\/product\/22ct-gold-ring-antique-ring-41034\/#primaryimage"},"thumbnailUrl":"https:\/\/static.purejewels.com\/wp-content\/uploads\/2021\/12\/WhatsApp-Image-2023-01-25-at-1.11.19-PM.jpeg","datePublished":"2021-12-10T10:27:32+00:00","dateModified":"2026-01-07T05:58:12+00:00","description":"Antika Alt\u0131n Y\u00fcz\u00fck 916 | PureJewels UK'den geni\u015f Antika Alt\u0131n Bant Y\u00fcz\u00fck ve M\u00fccevher koleksiyonumuzu ke\u015ffedin. \u0130ngiltere genelinde \u00fccretsiz teslimat.","breadcrumb":{"@id":"https:\/\/www.purejewels.com\/product\/22ct-gold-ring-antique-ring-41034\/#breadcrumb"},"inLanguage":"tr","potentialAction":[{"@type":"ReadAction","target":["https:\/\/www.purejewels.com\/product\/22ct-gold-ring-antique-ring-41034\/"]}]},{"@type":"ImageObject","inLanguage":"tr","@id":"https:\/\/www.purejewels.com\/product\/22ct-gold-ring-antique-ring-41034\/#primaryimage","url":"https:\/\/static.purejewels.com\/wp-content\/uploads\/2021\/12\/WhatsApp-Image-2023-01-25-at-1.11.19-PM.jpeg","contentUrl":"https:\/\/static.purejewels.com\/wp-content\/uploads\/2021\/12\/WhatsApp-Image-2023-01-25-at-1.11.19-PM.jpeg","width":1000,"height":1000},{"@type":"BreadcrumbList","@id":"https:\/\/www.purejewels.com\/product\/22ct-gold-ring-antique-ring-41034\/#breadcrumb","itemListElement":[{"@type":"ListItem","position":1,"name":"Home","item":"https:\/\/www.purejewels.com\/"},{"@type":"ListItem","position":2,"name":"Shop","item":"https:\/\/www.purejewels.com\/shop\/"},{"@type":"ListItem","position":3,"name":"22 carat Gold Antique Finish Ring | Size K"}]},{"@type":"WebSite","@id":"https:\/\/www.purejewels.com\/#website","url":"https:\/\/www.purejewels.com\/","name":"PureJewels \u0130ngiltere","description":"Sevgiyi Payla\u015f\u0131n","publisher":{"@id":"https:\/\/www.purejewels.com\/#organization"},"potentialAction":[{"@type":"SearchAction","target":{"@type":"EntryPoint","urlTemplate":"https:\/\/www.purejewels.com\/?s={search_term_string}"},"query-input":{"@type":"PropertyValueSpecification","valueRequired":true,"valueName":"search_term_string"}}],"inLanguage":"tr"},{"@type":"Organization","@id":"https:\/\/www.purejewels.com\/#organization","name":"PureJewels \u0130ngiltere","url":"https:\/\/www.purejewels.com\/","logo":{"@type":"ImageObject","inLanguage":"tr","@id":"https:\/\/www.purejewels.com\/#\/schema\/logo\/image\/","url":"https:\/\/static.purejewels.com\/wp-content\/uploads\/2020\/11\/Logo-PJ-New-1.png","contentUrl":"https:\/\/static.purejewels.com\/wp-content\/uploads\/2020\/11\/Logo-PJ-New-1.png","width":150,"height":80,"caption":"PureJewels UK"},"image":{"@id":"https:\/\/www.purejewels.com\/#\/schema\/logo\/image\/"}}]}},"_links":{"self":[{"href":"https:\/\/www.purejewels.com\/tr\/wp-json\/wp\/v2\/product\/329777","targetHints":{"allow":["GET"]}}],"collection":[{"href":"https:\/\/www.purejewels.com\/tr\/wp-json\/wp\/v2\/product"}],"about":[{"href":"https:\/\/www.purejewels.com\/tr\/wp-json\/wp\/v2\/types\/product"}],"replies":[{"embeddable":true,"href":"https:\/\/www.purejewels.com\/tr\/wp-json\/wp\/v2\/comments?post=329777"}],"version-history":[{"count":3,"href":"https:\/\/www.purejewels.com\/tr\/wp-json\/wp\/v2\/product\/329777\/revisions"}],"predecessor-version":[{"id":420243,"href":"https:\/\/www.purejewels.com\/tr\/wp-json\/wp\/v2\/product\/329777\/revisions\/420243"}],"wp:featuredmedia":[{"embeddable":true,"href":"https:\/\/www.purejewels.com\/tr\/wp-json\/wp\/v2\/media\/343032"}],"wp:attachment":[{"href":"https:\/\/www.purejewels.com\/tr\/wp-json\/wp\/v2\/media?parent=329777"}],"wp:term":[{"taxonomy":"product_brand","embeddable":true,"href":"https:\/\/www.purejewels.com\/tr\/wp-json\/wp\/v2\/product_brand?post=329777"},{"taxonomy":"product_cat","embeddable":true,"href":"https:\/\/www.purejewels.com\/tr\/wp-json\/wp\/v2\/product_cat?post=329777"},{"taxonomy":"product_tag","embeddable":true,"href":"https:\/\/www.purejewels.com\/tr\/wp-json\/wp\/v2\/product_tag?post=329777"}],"curies":[{"name":"wp","href":"https:\/\/api.w.org\/{rel}","templated":true}]}}