{"id":329792,"date":"2021-12-10T10:53:40","date_gmt":"2021-12-10T10:53:40","guid":{"rendered":"https:\/\/www.purejewels.com\/?post_type=product&#038;p=329792"},"modified":"2026-01-07T05:58:12","modified_gmt":"2026-01-07T05:58:12","slug":"kadinlar-icin-22-ayar-altin-asya-yuzuk","status":"publish","type":"product","link":"https:\/\/www.purejewels.com\/tr\/product\/22ct-gold-asian-ring-for-women\/","title":{"rendered":"Kad\u0131nlar \u0130\u00e7in 22 Ayar Alt\u0131n Asya Y\u00fcz\u00fck | L Beden"},"content":{"rendered":"<h4 data-start=\"361\" data-end=\"386\"><strong data-start=\"366\" data-end=\"384\">Tasar\u0131m Konsepti<\/strong><\/h4>\n<p data-start=\"387\" data-end=\"799\">\u0130mza niteli\u011findeki Rosettes Koleksiyonumuzun bir par\u00e7as\u0131 olan bu zarif 22 ayar Asya alt\u0131n y\u00fcz\u00fck, g\u00fczelli\u011fin \u00f6tesinde bir ba\u011fl\u0131l\u0131k, sanat ve miras sembol\u00fcd\u00fcr. Ki\u015fisel d\u00f6n\u00fcm noktalar\u0131n\u0131 ve aile miras\u0131n\u0131 simgeleyen \u00e7i\u00e7ek rozetlerinden ilham alan tasar\u0131m, zamans\u0131z bir zarafet sergiliyor. 7 mm geni\u015fli\u011fi ve heykelsi detaylar\u0131 hem g\u00fcc\u00fc hem de yumu\u015fakl\u0131\u011f\u0131 ifade ederek onu takan kad\u0131n\u0131n \u00f6z\u00fcn\u00fc onurland\u0131r\u0131r.<\/p>\n<h4 data-start=\"801\" data-end=\"825\"><strong data-start=\"806\" data-end=\"823\">Zanaatkarl\u0131k<\/strong><\/h4>\n<p data-start=\"826\" data-end=\"1115\">I\u015f\u0131lt\u0131l\u0131 22 ayar alt\u0131ndan el i\u015f\u00e7ili\u011fiyle \u00fcretilen bu y\u00fcz\u00fck, PureJewels'in modern \u0130ngiliz merce\u011fiyle yorumlanan ince Do\u011fu i\u015f\u00e7ili\u011finin bir ifadesidir. Her ayr\u0131nt\u0131s\u0131 yetenekli zanaatkarlar\u0131m\u0131z taraf\u0131ndan \u015fekillendirilip parlat\u0131larak m\u00fckemmellik miras\u0131m\u0131z\u0131 yans\u0131tan ince s\u00fcslemeler ortaya \u00e7\u0131kar\u0131lm\u0131\u015ft\u0131r.<\/p>\n<h4 data-start=\"1338\" data-end=\"1368\"><strong data-start=\"1343\" data-end=\"1366\">Stil \u0130lham\u0131<\/strong><\/h4>\n<ul>\n<li data-start=\"1371\" data-end=\"1500\"><strong data-start=\"1371\" data-end=\"1390\">Gelin \u015e\u0131kl\u0131\u011f\u0131<\/strong>: Alt\u0131n bilezikler veya klasik bir mangalsutra ile g\u00fczel bir \u015fekilde e\u015fle\u015ftirilen l\u00fcks bir alyans veya ifade y\u00fcz\u00fc\u011f\u00fc.<\/li>\n<li data-start=\"1503\" data-end=\"1609\"><strong data-start=\"1503\" data-end=\"1530\">\u00c7a\u011fda\u015f g\u00fcven<\/strong>: Zarif bir g\u00fcnl\u00fck g\u00f6r\u00fcn\u00fcm i\u00e7in minimal m\u00fccevherler ve n\u00f6tr tonlarla stil olu\u015fturun.<\/li>\n<li data-start=\"1612\" data-end=\"1739\"><strong data-start=\"1612\" data-end=\"1630\">De\u011ferli hediye<\/strong>: Bir y\u0131ld\u00f6n\u00fcm\u00fcn\u00fc, do\u011fum g\u00fcn\u00fcn\u00fc veya \u00f6nemli bir an\u0131, nesiller boyu saklanacak bu anlaml\u0131 par\u00e7ayla kutlay\u0131n.<\/li>\n<\/ul>","protected":false},"excerpt":{"rendered":"<table>\n<tbody>\n<tr>\n<td>Y\u00fcz\u00fck Tipi<\/td>\n<td>22 Ayar Alt\u0131n Y\u00fcz\u00fck<\/td>\n<\/tr>\n<tr>\n<td>SKU<\/td>\n<td>44301<\/td>\n<\/tr>\n<tr>\n<td>A\u011f\u0131rl\u0131k<\/td>\n<td>6,4 gms<\/td>\n<\/tr>\n<tr>\n<td>Y\u00fcz\u00fck \u00d6l\u00e7\u00fcs\u00fc<\/td>\n<td>L<\/td>\n<\/tr>\n<tr>\n<td>Geni\u015flik<\/td>\n<td>7 mm<\/td>\n<\/tr>\n<tr>\n<td>Koleksiyon<\/td>\n<td>Rozet Koleksiyonu<\/td>\n<\/tr>\n<tr>\n<td>Cinsiyet<\/td>\n<td>Bayanlar<\/td>\n<\/tr>\n<tr>\n<td>\u00dccretler<\/td>\n<td>Teslimat ve KDV Dahil<\/td>\n<\/tr>\n<tr>\n<td>Paketleme<\/td>\n<td>Sunum Kutusu ile Birlikte Gelir<\/td>\n<\/tr>\n<tr>\n<td>Daha Fazla Bilgi<\/td>\n<td>\n<ul>\n<li>M\u00fcsaitlik durumu ve daha fazla resim i\u00e7in bizimle canl\u0131 sohbet edin<\/li>\n<li>Alt\u0131n Y\u00fcz\u00fck Koleksiyonumuzu Ke\u015ffedin<\/li>\n<\/ul>\n<\/td>\n<\/tr>\n<\/tbody>\n<\/table>","protected":false},"featured_media":343985,"comment_status":"closed","ping_status":"closed","template":"","meta":{"_eb_attr":"","_crsspst_to_jayantr4sg-hostcom":false},"product_brand":[],"product_cat":[1235,1783,6156,1656,5276],"product_tag":[64],"class_list":{"0":"post-329792","1":"product","2":"type-product","3":"status-publish","4":"has-post-thumbnail","6":"product_cat-gold-rings","7":"product_cat-ladies-rings","8":"product_cat-rosette-bands","9":"product_cat-rosettes-collections","10":"product_cat-rosettes-ring","11":"product_tag-rings","13":"first","14":"outofstock","15":"taxable","16":"shipping-taxable","17":"product-type-simple","18":"add-to-wishlist-before_image"},"yoast_head":"<!-- This site is optimized with the Yoast SEO plugin v27.6 - https:\/\/yoast.com\/product\/yoast-seo-wordpress\/ -->\n<title>Asian gold wedding rings at PureJewels UK<\/title>\n<meta name=\"robots\" content=\"index, follow, max-snippet:-1, max-image-preview:large, max-video-preview:-1\" \/>\n<link rel=\"canonical\" href=\"https:\/\/www.purejewels.com\/tr\/urun\/kadinlar-icin-22-ayar-altin-asya-yuzuk\/\" \/>\n<meta property=\"og:locale\" content=\"tr_TR\" \/>\n<meta property=\"og:type\" content=\"article\" \/>\n<meta property=\"og:title\" content=\"Asian gold wedding rings at PureJewels UK\" \/>\n<meta property=\"og:description\" content=\"Type of Ring 22ct Gold Ring   SKU 44301   Weight 6.4 gms   Ring Size L   Width 7 mm   Collection Rosettes Collection   Gender Ladies   Charges Delivery\u00a0and\u00a0VAT\u00a0Included   Packaging Comes\u00a0With\u00a0Presentation\u00a0Box   More\u00a0Information    Live chat with us for availability\u00a0and\u00a0more\u00a0images  Explore our\u00a0Gold Rings\u00a0Collection\" \/>\n<meta property=\"og:url\" content=\"https:\/\/www.purejewels.com\/tr\/urun\/kadinlar-icin-22-ayar-altin-asya-yuzuk\/\" \/>\n<meta property=\"og:site_name\" content=\"PureJewels UK\" \/>\n<meta property=\"article:modified_time\" content=\"2026-01-07T05:58:12+00:00\" \/>\n<meta property=\"og:image\" content=\"https:\/\/www.purejewels.com\/wp-content\/uploads\/2023\/02\/43363-3-1.jpg\" \/>\n\t<meta property=\"og:image:width\" content=\"1000\" \/>\n\t<meta property=\"og:image:height\" content=\"1000\" \/>\n\t<meta property=\"og:image:type\" content=\"image\/jpeg\" \/>\n<meta name=\"twitter:card\" content=\"summary_large_image\" \/>\n<meta name=\"twitter:label1\" content=\"Tahmini okuma s\u00fcresi\" \/>\n\t<meta name=\"twitter:data1\" content=\"1 dakika\" \/>\n<script type=\"application\/ld+json\" class=\"yoast-schema-graph\">{\"@context\":\"https:\\\/\\\/schema.org\",\"@graph\":[{\"@type\":[\"WebPage\",\"ItemPage\"],\"@id\":\"https:\\\/\\\/www.purejewels.com\\\/product\\\/22ct-gold-asian-ring-for-women\\\/\",\"url\":\"https:\\\/\\\/www.purejewels.com\\\/product\\\/22ct-gold-asian-ring-for-women\\\/\",\"name\":\"Asian gold wedding rings at PureJewels UK\",\"isPartOf\":{\"@id\":\"https:\\\/\\\/www.purejewels.com\\\/#website\"},\"primaryImageOfPage\":{\"@id\":\"https:\\\/\\\/www.purejewels.com\\\/product\\\/22ct-gold-asian-ring-for-women\\\/#primaryimage\"},\"image\":{\"@id\":\"https:\\\/\\\/www.purejewels.com\\\/product\\\/22ct-gold-asian-ring-for-women\\\/#primaryimage\"},\"thumbnailUrl\":\"https:\\\/\\\/static.purejewels.com\\\/wp-content\\\/uploads\\\/2023\\\/02\\\/43363-3-1.jpg\",\"datePublished\":\"2021-12-10T10:53:40+00:00\",\"dateModified\":\"2026-01-07T05:58:12+00:00\",\"breadcrumb\":{\"@id\":\"https:\\\/\\\/www.purejewels.com\\\/product\\\/22ct-gold-asian-ring-for-women\\\/#breadcrumb\"},\"inLanguage\":\"tr\",\"potentialAction\":[{\"@type\":\"ReadAction\",\"target\":[\"https:\\\/\\\/www.purejewels.com\\\/product\\\/22ct-gold-asian-ring-for-women\\\/\"]}]},{\"@type\":\"ImageObject\",\"inLanguage\":\"tr\",\"@id\":\"https:\\\/\\\/www.purejewels.com\\\/product\\\/22ct-gold-asian-ring-for-women\\\/#primaryimage\",\"url\":\"https:\\\/\\\/static.purejewels.com\\\/wp-content\\\/uploads\\\/2023\\\/02\\\/43363-3-1.jpg\",\"contentUrl\":\"https:\\\/\\\/static.purejewels.com\\\/wp-content\\\/uploads\\\/2023\\\/02\\\/43363-3-1.jpg\",\"width\":1000,\"height\":1000},{\"@type\":\"BreadcrumbList\",\"@id\":\"https:\\\/\\\/www.purejewels.com\\\/product\\\/22ct-gold-asian-ring-for-women\\\/#breadcrumb\",\"itemListElement\":[{\"@type\":\"ListItem\",\"position\":1,\"name\":\"Home\",\"item\":\"https:\\\/\\\/www.purejewels.com\\\/\"},{\"@type\":\"ListItem\",\"position\":2,\"name\":\"Shop\",\"item\":\"https:\\\/\\\/www.purejewels.com\\\/shop\\\/\"},{\"@type\":\"ListItem\",\"position\":3,\"name\":\"22ct Gold Asian Ring For Women | Size L\"}]},{\"@type\":\"WebSite\",\"@id\":\"https:\\\/\\\/www.purejewels.com\\\/#website\",\"url\":\"https:\\\/\\\/www.purejewels.com\\\/\",\"name\":\"PureJewels UK\",\"description\":\"Share the Love\",\"publisher\":{\"@id\":\"https:\\\/\\\/www.purejewels.com\\\/#organization\"},\"potentialAction\":[{\"@type\":\"SearchAction\",\"target\":{\"@type\":\"EntryPoint\",\"urlTemplate\":\"https:\\\/\\\/www.purejewels.com\\\/?s={search_term_string}\"},\"query-input\":{\"@type\":\"PropertyValueSpecification\",\"valueRequired\":true,\"valueName\":\"search_term_string\"}}],\"inLanguage\":\"tr\"},{\"@type\":\"Organization\",\"@id\":\"https:\\\/\\\/www.purejewels.com\\\/#organization\",\"name\":\"PureJewels UK\",\"url\":\"https:\\\/\\\/www.purejewels.com\\\/\",\"logo\":{\"@type\":\"ImageObject\",\"inLanguage\":\"tr\",\"@id\":\"https:\\\/\\\/www.purejewels.com\\\/#\\\/schema\\\/logo\\\/image\\\/\",\"url\":\"https:\\\/\\\/static.purejewels.com\\\/wp-content\\\/uploads\\\/2020\\\/11\\\/Logo-PJ-New-1.png\",\"contentUrl\":\"https:\\\/\\\/static.purejewels.com\\\/wp-content\\\/uploads\\\/2020\\\/11\\\/Logo-PJ-New-1.png\",\"width\":150,\"height\":80,\"caption\":\"PureJewels UK\"},\"image\":{\"@id\":\"https:\\\/\\\/www.purejewels.com\\\/#\\\/schema\\\/logo\\\/image\\\/\"}}]}<\/script>\n<!-- \/ Yoast SEO plugin. -->","yoast_head_json":{"title":"PureJewels UK'de Asya alt\u0131n alyanslar\u0131","robots":{"index":"index","follow":"follow","max-snippet":"max-snippet:-1","max-image-preview":"max-image-preview:large","max-video-preview":"max-video-preview:-1"},"canonical":"https:\/\/www.purejewels.com\/tr\/urun\/kadinlar-icin-22-ayar-altin-asya-yuzuk\/","og_locale":"tr_TR","og_type":"article","og_title":"Asian gold wedding rings at PureJewels UK","og_description":"Type of Ring 22ct Gold Ring   SKU 44301   Weight 6.4 gms   Ring Size L   Width 7 mm   Collection Rosettes Collection   Gender Ladies   Charges Delivery\u00a0and\u00a0VAT\u00a0Included   Packaging Comes\u00a0With\u00a0Presentation\u00a0Box   More\u00a0Information    Live chat with us for availability\u00a0and\u00a0more\u00a0images  Explore our\u00a0Gold Rings\u00a0Collection","og_url":"https:\/\/www.purejewels.com\/tr\/urun\/kadinlar-icin-22-ayar-altin-asya-yuzuk\/","og_site_name":"PureJewels UK","article_modified_time":"2026-01-07T05:58:12+00:00","og_image":[{"width":1000,"height":1000,"url":"https:\/\/www.purejewels.com\/wp-content\/uploads\/2023\/02\/43363-3-1.jpg","type":"image\/jpeg"}],"twitter_card":"summary_large_image","twitter_misc":{"Tahmini okuma s\u00fcresi":"1 dakika"},"schema":{"@context":"https:\/\/schema.org","@graph":[{"@type":["WebPage","ItemPage"],"@id":"https:\/\/www.purejewels.com\/product\/22ct-gold-asian-ring-for-women\/","url":"https:\/\/www.purejewels.com\/product\/22ct-gold-asian-ring-for-women\/","name":"PureJewels UK'de Asya alt\u0131n alyanslar\u0131","isPartOf":{"@id":"https:\/\/www.purejewels.com\/#website"},"primaryImageOfPage":{"@id":"https:\/\/www.purejewels.com\/product\/22ct-gold-asian-ring-for-women\/#primaryimage"},"image":{"@id":"https:\/\/www.purejewels.com\/product\/22ct-gold-asian-ring-for-women\/#primaryimage"},"thumbnailUrl":"https:\/\/static.purejewels.com\/wp-content\/uploads\/2023\/02\/43363-3-1.jpg","datePublished":"2021-12-10T10:53:40+00:00","dateModified":"2026-01-07T05:58:12+00:00","breadcrumb":{"@id":"https:\/\/www.purejewels.com\/product\/22ct-gold-asian-ring-for-women\/#breadcrumb"},"inLanguage":"tr","potentialAction":[{"@type":"ReadAction","target":["https:\/\/www.purejewels.com\/product\/22ct-gold-asian-ring-for-women\/"]}]},{"@type":"ImageObject","inLanguage":"tr","@id":"https:\/\/www.purejewels.com\/product\/22ct-gold-asian-ring-for-women\/#primaryimage","url":"https:\/\/static.purejewels.com\/wp-content\/uploads\/2023\/02\/43363-3-1.jpg","contentUrl":"https:\/\/static.purejewels.com\/wp-content\/uploads\/2023\/02\/43363-3-1.jpg","width":1000,"height":1000},{"@type":"BreadcrumbList","@id":"https:\/\/www.purejewels.com\/product\/22ct-gold-asian-ring-for-women\/#breadcrumb","itemListElement":[{"@type":"ListItem","position":1,"name":"Home","item":"https:\/\/www.purejewels.com\/"},{"@type":"ListItem","position":2,"name":"Shop","item":"https:\/\/www.purejewels.com\/shop\/"},{"@type":"ListItem","position":3,"name":"22ct Gold Asian Ring For Women | Size L"}]},{"@type":"WebSite","@id":"https:\/\/www.purejewels.com\/#website","url":"https:\/\/www.purejewels.com\/","name":"PureJewels \u0130ngiltere","description":"Sevgiyi Payla\u015f\u0131n","publisher":{"@id":"https:\/\/www.purejewels.com\/#organization"},"potentialAction":[{"@type":"SearchAction","target":{"@type":"EntryPoint","urlTemplate":"https:\/\/www.purejewels.com\/?s={search_term_string}"},"query-input":{"@type":"PropertyValueSpecification","valueRequired":true,"valueName":"search_term_string"}}],"inLanguage":"tr"},{"@type":"Organization","@id":"https:\/\/www.purejewels.com\/#organization","name":"PureJewels \u0130ngiltere","url":"https:\/\/www.purejewels.com\/","logo":{"@type":"ImageObject","inLanguage":"tr","@id":"https:\/\/www.purejewels.com\/#\/schema\/logo\/image\/","url":"https:\/\/static.purejewels.com\/wp-content\/uploads\/2020\/11\/Logo-PJ-New-1.png","contentUrl":"https:\/\/static.purejewels.com\/wp-content\/uploads\/2020\/11\/Logo-PJ-New-1.png","width":150,"height":80,"caption":"PureJewels UK"},"image":{"@id":"https:\/\/www.purejewels.com\/#\/schema\/logo\/image\/"}}]}},"_links":{"self":[{"href":"https:\/\/www.purejewels.com\/tr\/wp-json\/wp\/v2\/product\/329792","targetHints":{"allow":["GET"]}}],"collection":[{"href":"https:\/\/www.purejewels.com\/tr\/wp-json\/wp\/v2\/product"}],"about":[{"href":"https:\/\/www.purejewels.com\/tr\/wp-json\/wp\/v2\/types\/product"}],"replies":[{"embeddable":true,"href":"https:\/\/www.purejewels.com\/tr\/wp-json\/wp\/v2\/comments?post=329792"}],"version-history":[{"count":4,"href":"https:\/\/www.purejewels.com\/tr\/wp-json\/wp\/v2\/product\/329792\/revisions"}],"predecessor-version":[{"id":420724,"href":"https:\/\/www.purejewels.com\/tr\/wp-json\/wp\/v2\/product\/329792\/revisions\/420724"}],"wp:featuredmedia":[{"embeddable":true,"href":"https:\/\/www.purejewels.com\/tr\/wp-json\/wp\/v2\/media\/343985"}],"wp:attachment":[{"href":"https:\/\/www.purejewels.com\/tr\/wp-json\/wp\/v2\/media?parent=329792"}],"wp:term":[{"taxonomy":"product_brand","embeddable":true,"href":"https:\/\/www.purejewels.com\/tr\/wp-json\/wp\/v2\/product_brand?post=329792"},{"taxonomy":"product_cat","embeddable":true,"href":"https:\/\/www.purejewels.com\/tr\/wp-json\/wp\/v2\/product_cat?post=329792"},{"taxonomy":"product_tag","embeddable":true,"href":"https:\/\/www.purejewels.com\/tr\/wp-json\/wp\/v2\/product_tag?post=329792"}],"curies":[{"name":"wp","href":"https:\/\/api.w.org\/{rel}","templated":true}]}}