{"id":329836,"date":"2021-12-17T10:44:14","date_gmt":"2021-12-17T10:44:14","guid":{"rendered":"https:\/\/www.purejewels.com\/?post_type=product&#038;p=329836"},"modified":"2026-03-30T10:41:05","modified_gmt":"2026-03-30T09:41:05","slug":"22-ayar-altin-alyans-48691","status":"publish","type":"product","link":"https:\/\/www.purejewels.com\/tr\/product\/22k-gold-wedding-band-48691\/","title":{"rendered":"22 Ayar Alt\u0131n Alyans | 5,5 mm"},"content":{"rendered":"<h3>\u0130lham kayna\u011f\u0131<\/h3>\n<p>G\u00fczel ba\u011f\u0131n\u0131zdan esinlenerek tasarlanan bu alyans, nadir ve l\u00fcks bir hazine gibidir ve sevgiliniz i\u00e7in m\u00fckemmel bir m\u00fccevherdir. Usta karigarlar\u0131m\u0131z taraf\u0131ndan de\u011ferli bir \u015fekilde el i\u015f\u00e7ili\u011fiyle \u00fcretilmi\u015ftir ve s\u00fcsleyen ki\u015fi kadar g\u00fczel ve co\u015fkulu olmas\u0131 i\u00e7in m\u00fckemmel bir \u015fekilde detayland\u0131r\u0131lm\u0131\u015ft\u0131r.<\/p>\n<h3>Tasar\u0131m<\/h3>\n<p>Bu <a href=\"https:\/\/www.purejewels.com\/tr\/urun-kategori%cc%87si%cc%87\/alyans-bantlari\/nisan-yuzukleri\/\">klasik d\u00fc\u011f\u00fcn ni\u015fan y\u00fcz\u00fc\u011f\u00fc<\/a> safl\u0131ktan oyulmu\u015ftur <strong>22 ayar alt\u0131n<\/strong>. Purejewels'in bu sonsuz y\u00fcz\u00fc\u011f\u00fc, 22 ayar sar\u0131 ve beyaz alt\u0131n alyans koleksiyonumuzun en de\u011ferli y\u00fcz\u00fcklerinden biridir. 22 ayar alt\u0131n alyans\u0131m\u0131z yar\u0131m yuvarlak bir yap\u0131ya sahiptir ve 5,9 gram a\u011f\u0131rl\u0131\u011f\u0131ndad\u0131r. Y\u00fcz\u00fc\u011f\u00fcn y\u00fczeyi hassas bir \u015fekilde parlat\u0131lm\u0131\u015f ve ba\u015ftan sona l\u00fcks, y\u00fcksek parlakl\u0131kta bir y\u00fczeye sahipken, y\u00fcz\u00fc\u011f\u00fcn cesurlu\u011funa katk\u0131da bulunmak i\u00e7in y\u00fcz\u00fck boyunca yatay olarak \u00fc\u00e7 bant elle kaz\u0131nm\u0131\u015ft\u0131r.<\/p>\n<h3>Stil<\/h3>\n<p>Bu <strong>ni\u015fan y\u00fcz\u00fc\u011f\u00fc<\/strong> Purejewels'in saten kaplamal\u0131 bu m\u00fccevheri, klasik ve her daim ye\u015fil bir dokunu\u015fla s\u00fcslendikten sonra ba\u011f\u0131n\u0131z\u0131n g\u00fczelli\u011fini art\u0131racak ve saf, ger\u00e7ek ve sonsuz a\u015fk\u0131n\u0131z\u0131 simgeleyecektir. Bu de\u011ferli biblo, s\u0131cak bir jestin yan\u0131 s\u0131ra bug\u00fcn ve her zaman sevgiyi simgeleyecek bir m\u00fccevher par\u00e7as\u0131d\u0131r.<\/p>","protected":false},"excerpt":{"rendered":"<ul>\n<li>22 Ayar Alt\u0131n Alyans<\/li>\n<li>A\u011f\u0131rl\u0131k 5,9 gms<\/li>\n<li>Y\u00fcz\u00fck \u00d6l\u00e7\u00fcs\u00fc. P 1\/2<\/li>\n<li>Geni\u015flik. 5.5 mm<\/li>\n<li><span id=\"urn:enhancement-b80a25bb\" class=\"textannotation\">SKU: 48691<\/span><\/li>\n<li>Olabilir\u00a0<span id=\"urn:enhancement-c1b7fb96\" class=\"textannotation\">sipari\u015f \u00fczerine<\/span>\u00a0parmak \u00f6l\u00e7\u00fcn\u00fcze g\u00f6re<\/li>\n<li>B\u00fct\u00fcn\u00a0<span id=\"urn:enhancement-48edcf47\" class=\"textannotation\">\u00fcr\u00fcnler<\/span>\u00a0Londra taraf\u0131ndan damgalanm\u0131\u015ft\u0131r\u00a0<span id=\"urn:enhancement-452a3ce\" class=\"textannotation\">Tahlil Ofisi<\/span><\/li>\n<li>Sunum ile Birlikte Gelir\u00a0<span id=\"urn:enhancement-ac5abee4\" class=\"textannotation\">Kutu<\/span><\/li>\n<li>Teslimat Dahil<\/li>\n<li>T\u00fcm fiyatlara KDV dahildir<\/li>\n<li>Benzerleri ke\u015ffetmek i\u00e7in bize ula\u015f\u0131n <span id=\"urn:enhancement-1162a1de\" class=\"textannotation\">halkalar<\/span><\/li>\n<\/ul>","protected":false},"featured_media":364583,"comment_status":"closed","ping_status":"closed","template":"","meta":{"_eb_attr":"","_crsspst_to_jayantr4sg-hostcom":true},"product_brand":[],"product_cat":[1640,1791,1559,1785,1229,1235,1783,229,1573,226,1574,5349],"product_tag":[64],"class_list":{"0":"post-329836","1":"product","2":"type-product","3":"status-publish","4":"has-post-thumbnail","6":"product_cat-22ct-gold-bands","7":"product_cat-anniversary-gifts","8":"product_cat-birthday-gifts","9":"product_cat-daily-wear-rings","10":"product_cat-22ct-gold-jewellery","11":"product_cat-gold-rings","12":"product_cat-ladies-rings","13":"product_cat-wedding-bands","14":"product_cat-wedding-gifts","15":"product_cat-wedding-rings-bands","16":"product_cat-womens-jewellery","17":"product_cat-yellow-gold-jewellery","18":"product_tag-rings","20":"first","21":"instock","22":"taxable","23":"shipping-taxable","24":"purchasable","25":"product-type-simple","26":"add-to-wishlist-before_image"},"yoast_head":"<!-- This site is optimized with the Yoast SEO plugin v27.5 - https:\/\/yoast.com\/product\/yoast-seo-wordpress\/ -->\n<title>indian engagement rings in 22ct Gold | PureJewels UK<\/title>\n<meta name=\"description\" content=\"22ct Gold Band in UK | Shop wedding bands | Purejewels.com | Certified Hallmarked Jewellery | Quick delivery\" \/>\n<meta name=\"robots\" content=\"index, follow, max-snippet:-1, max-image-preview:large, max-video-preview:-1\" \/>\n<link rel=\"canonical\" href=\"https:\/\/www.purejewels.com\/tr\/urun\/22-ayar-altin-alyans-48691\/\" \/>\n<meta property=\"og:locale\" content=\"tr_TR\" \/>\n<meta property=\"og:type\" content=\"article\" \/>\n<meta property=\"og:title\" content=\"indian engagement rings in 22ct Gold | PureJewels UK\" \/>\n<meta property=\"og:description\" content=\"22ct Gold Band in UK | Shop wedding bands | Purejewels.com | Certified Hallmarked Jewellery | Quick delivery\" \/>\n<meta property=\"og:url\" content=\"https:\/\/www.purejewels.com\/tr\/urun\/22-ayar-altin-alyans-48691\/\" \/>\n<meta property=\"og:site_name\" content=\"PureJewels UK\" \/>\n<meta property=\"article:modified_time\" content=\"2026-03-30T09:41:05+00:00\" \/>\n<meta property=\"og:image\" content=\"https:\/\/static.purejewels.com\/wp-content\/uploads\/2021\/12\/48691.png\" \/>\n\t<meta property=\"og:image:width\" content=\"1000\" \/>\n\t<meta property=\"og:image:height\" content=\"1000\" \/>\n\t<meta property=\"og:image:type\" content=\"image\/png\" \/>\n<meta name=\"twitter:card\" content=\"summary_large_image\" \/>\n<meta name=\"twitter:label1\" content=\"Tahmini okuma s\u00fcresi\" \/>\n\t<meta name=\"twitter:data1\" content=\"2 dakika\" \/>\n<script type=\"application\/ld+json\" class=\"yoast-schema-graph\">{\"@context\":\"https:\\\/\\\/schema.org\",\"@graph\":[{\"@type\":[\"WebPage\",\"ItemPage\"],\"@id\":\"https:\\\/\\\/www.purejewels.com\\\/product\\\/22k-gold-wedding-band-48691\\\/\",\"url\":\"https:\\\/\\\/www.purejewels.com\\\/product\\\/22k-gold-wedding-band-48691\\\/\",\"name\":\"indian engagement rings in 22ct Gold | PureJewels UK\",\"isPartOf\":{\"@id\":\"https:\\\/\\\/www.purejewels.com\\\/#website\"},\"primaryImageOfPage\":{\"@id\":\"https:\\\/\\\/www.purejewels.com\\\/product\\\/22k-gold-wedding-band-48691\\\/#primaryimage\"},\"image\":{\"@id\":\"https:\\\/\\\/www.purejewels.com\\\/product\\\/22k-gold-wedding-band-48691\\\/#primaryimage\"},\"thumbnailUrl\":\"https:\\\/\\\/static.purejewels.com\\\/wp-content\\\/uploads\\\/2021\\\/12\\\/48691.png\",\"datePublished\":\"2021-12-17T10:44:14+00:00\",\"dateModified\":\"2026-03-30T09:41:05+00:00\",\"description\":\"22ct Gold Band in UK | Shop wedding bands | Purejewels.com | Certified Hallmarked Jewellery | Quick delivery\",\"breadcrumb\":{\"@id\":\"https:\\\/\\\/www.purejewels.com\\\/product\\\/22k-gold-wedding-band-48691\\\/#breadcrumb\"},\"inLanguage\":\"tr\",\"potentialAction\":[{\"@type\":\"ReadAction\",\"target\":[\"https:\\\/\\\/www.purejewels.com\\\/product\\\/22k-gold-wedding-band-48691\\\/\"]}]},{\"@type\":\"ImageObject\",\"inLanguage\":\"tr\",\"@id\":\"https:\\\/\\\/www.purejewels.com\\\/product\\\/22k-gold-wedding-band-48691\\\/#primaryimage\",\"url\":\"https:\\\/\\\/static.purejewels.com\\\/wp-content\\\/uploads\\\/2021\\\/12\\\/48691.png\",\"contentUrl\":\"https:\\\/\\\/static.purejewels.com\\\/wp-content\\\/uploads\\\/2021\\\/12\\\/48691.png\",\"width\":1000,\"height\":1000,\"caption\":\"22ct Gold Band\"},{\"@type\":\"BreadcrumbList\",\"@id\":\"https:\\\/\\\/www.purejewels.com\\\/product\\\/22k-gold-wedding-band-48691\\\/#breadcrumb\",\"itemListElement\":[{\"@type\":\"ListItem\",\"position\":1,\"name\":\"Home\",\"item\":\"https:\\\/\\\/www.purejewels.com\\\/\"},{\"@type\":\"ListItem\",\"position\":2,\"name\":\"Shop\",\"item\":\"https:\\\/\\\/www.purejewels.com\\\/shop\\\/\"},{\"@type\":\"ListItem\",\"position\":3,\"name\":\"22k Gold Wedding Band | 5.5mm\"}]},{\"@type\":\"WebSite\",\"@id\":\"https:\\\/\\\/www.purejewels.com\\\/#website\",\"url\":\"https:\\\/\\\/www.purejewels.com\\\/\",\"name\":\"PureJewels UK\",\"description\":\"Share the Love\",\"publisher\":{\"@id\":\"https:\\\/\\\/www.purejewels.com\\\/#organization\"},\"potentialAction\":[{\"@type\":\"SearchAction\",\"target\":{\"@type\":\"EntryPoint\",\"urlTemplate\":\"https:\\\/\\\/www.purejewels.com\\\/?s={search_term_string}\"},\"query-input\":{\"@type\":\"PropertyValueSpecification\",\"valueRequired\":true,\"valueName\":\"search_term_string\"}}],\"inLanguage\":\"tr\"},{\"@type\":\"Organization\",\"@id\":\"https:\\\/\\\/www.purejewels.com\\\/#organization\",\"name\":\"PureJewels UK\",\"url\":\"https:\\\/\\\/www.purejewels.com\\\/\",\"logo\":{\"@type\":\"ImageObject\",\"inLanguage\":\"tr\",\"@id\":\"https:\\\/\\\/www.purejewels.com\\\/#\\\/schema\\\/logo\\\/image\\\/\",\"url\":\"https:\\\/\\\/static.purejewels.com\\\/wp-content\\\/uploads\\\/2020\\\/11\\\/Logo-PJ-New-1.png\",\"contentUrl\":\"https:\\\/\\\/static.purejewels.com\\\/wp-content\\\/uploads\\\/2020\\\/11\\\/Logo-PJ-New-1.png\",\"width\":150,\"height\":80,\"caption\":\"PureJewels UK\"},\"image\":{\"@id\":\"https:\\\/\\\/www.purejewels.com\\\/#\\\/schema\\\/logo\\\/image\\\/\"}}]}<\/script>\n<!-- \/ Yoast SEO plugin. -->","yoast_head_json":{"title":"22ct Alt\u0131n Hint Ni\u015fan Y\u00fcz\u00fckleri | PureJewels UK","description":"\u0130ngiltere'de 22 Ayar Alt\u0131n Kordon | Alyans Al\u0131\u015fveri\u015fi | Purejewels.com | Sertifikal\u0131 Damgal\u0131 M\u00fccevherat | H\u0131zl\u0131 teslimat","robots":{"index":"index","follow":"follow","max-snippet":"max-snippet:-1","max-image-preview":"max-image-preview:large","max-video-preview":"max-video-preview:-1"},"canonical":"https:\/\/www.purejewels.com\/tr\/urun\/22-ayar-altin-alyans-48691\/","og_locale":"tr_TR","og_type":"article","og_title":"indian engagement rings in 22ct Gold | PureJewels UK","og_description":"22ct Gold Band in UK | Shop wedding bands | Purejewels.com | Certified Hallmarked Jewellery | Quick delivery","og_url":"https:\/\/www.purejewels.com\/tr\/urun\/22-ayar-altin-alyans-48691\/","og_site_name":"PureJewels UK","article_modified_time":"2026-03-30T09:41:05+00:00","og_image":[{"width":1000,"height":1000,"url":"https:\/\/static.purejewels.com\/wp-content\/uploads\/2021\/12\/48691.png","type":"image\/png"}],"twitter_card":"summary_large_image","twitter_misc":{"Tahmini okuma s\u00fcresi":"2 dakika"},"schema":{"@context":"https:\/\/schema.org","@graph":[{"@type":["WebPage","ItemPage"],"@id":"https:\/\/www.purejewels.com\/product\/22k-gold-wedding-band-48691\/","url":"https:\/\/www.purejewels.com\/product\/22k-gold-wedding-band-48691\/","name":"22ct Alt\u0131n Hint Ni\u015fan Y\u00fcz\u00fckleri | PureJewels UK","isPartOf":{"@id":"https:\/\/www.purejewels.com\/#website"},"primaryImageOfPage":{"@id":"https:\/\/www.purejewels.com\/product\/22k-gold-wedding-band-48691\/#primaryimage"},"image":{"@id":"https:\/\/www.purejewels.com\/product\/22k-gold-wedding-band-48691\/#primaryimage"},"thumbnailUrl":"https:\/\/static.purejewels.com\/wp-content\/uploads\/2021\/12\/48691.png","datePublished":"2021-12-17T10:44:14+00:00","dateModified":"2026-03-30T09:41:05+00:00","description":"\u0130ngiltere'de 22 Ayar Alt\u0131n Kordon | Alyans Al\u0131\u015fveri\u015fi | Purejewels.com | Sertifikal\u0131 Damgal\u0131 M\u00fccevherat | H\u0131zl\u0131 teslimat","breadcrumb":{"@id":"https:\/\/www.purejewels.com\/product\/22k-gold-wedding-band-48691\/#breadcrumb"},"inLanguage":"tr","potentialAction":[{"@type":"ReadAction","target":["https:\/\/www.purejewels.com\/product\/22k-gold-wedding-band-48691\/"]}]},{"@type":"ImageObject","inLanguage":"tr","@id":"https:\/\/www.purejewels.com\/product\/22k-gold-wedding-band-48691\/#primaryimage","url":"https:\/\/static.purejewels.com\/wp-content\/uploads\/2021\/12\/48691.png","contentUrl":"https:\/\/static.purejewels.com\/wp-content\/uploads\/2021\/12\/48691.png","width":1000,"height":1000,"caption":"22ct Gold Band"},{"@type":"BreadcrumbList","@id":"https:\/\/www.purejewels.com\/product\/22k-gold-wedding-band-48691\/#breadcrumb","itemListElement":[{"@type":"ListItem","position":1,"name":"Home","item":"https:\/\/www.purejewels.com\/"},{"@type":"ListItem","position":2,"name":"Shop","item":"https:\/\/www.purejewels.com\/shop\/"},{"@type":"ListItem","position":3,"name":"22k Gold Wedding Band | 5.5mm"}]},{"@type":"WebSite","@id":"https:\/\/www.purejewels.com\/#website","url":"https:\/\/www.purejewels.com\/","name":"PureJewels \u0130ngiltere","description":"Sevgiyi Payla\u015f\u0131n","publisher":{"@id":"https:\/\/www.purejewels.com\/#organization"},"potentialAction":[{"@type":"SearchAction","target":{"@type":"EntryPoint","urlTemplate":"https:\/\/www.purejewels.com\/?s={search_term_string}"},"query-input":{"@type":"PropertyValueSpecification","valueRequired":true,"valueName":"search_term_string"}}],"inLanguage":"tr"},{"@type":"Organization","@id":"https:\/\/www.purejewels.com\/#organization","name":"PureJewels \u0130ngiltere","url":"https:\/\/www.purejewels.com\/","logo":{"@type":"ImageObject","inLanguage":"tr","@id":"https:\/\/www.purejewels.com\/#\/schema\/logo\/image\/","url":"https:\/\/static.purejewels.com\/wp-content\/uploads\/2020\/11\/Logo-PJ-New-1.png","contentUrl":"https:\/\/static.purejewels.com\/wp-content\/uploads\/2020\/11\/Logo-PJ-New-1.png","width":150,"height":80,"caption":"PureJewels UK"},"image":{"@id":"https:\/\/www.purejewels.com\/#\/schema\/logo\/image\/"}}]}},"_links":{"self":[{"href":"https:\/\/www.purejewels.com\/tr\/wp-json\/wp\/v2\/product\/329836","targetHints":{"allow":["GET"]}}],"collection":[{"href":"https:\/\/www.purejewels.com\/tr\/wp-json\/wp\/v2\/product"}],"about":[{"href":"https:\/\/www.purejewels.com\/tr\/wp-json\/wp\/v2\/types\/product"}],"replies":[{"embeddable":true,"href":"https:\/\/www.purejewels.com\/tr\/wp-json\/wp\/v2\/comments?post=329836"}],"version-history":[{"count":3,"href":"https:\/\/www.purejewels.com\/tr\/wp-json\/wp\/v2\/product\/329836\/revisions"}],"predecessor-version":[{"id":427803,"href":"https:\/\/www.purejewels.com\/tr\/wp-json\/wp\/v2\/product\/329836\/revisions\/427803"}],"wp:featuredmedia":[{"embeddable":true,"href":"https:\/\/www.purejewels.com\/tr\/wp-json\/wp\/v2\/media\/364583"}],"wp:attachment":[{"href":"https:\/\/www.purejewels.com\/tr\/wp-json\/wp\/v2\/media?parent=329836"}],"wp:term":[{"taxonomy":"product_brand","embeddable":true,"href":"https:\/\/www.purejewels.com\/tr\/wp-json\/wp\/v2\/product_brand?post=329836"},{"taxonomy":"product_cat","embeddable":true,"href":"https:\/\/www.purejewels.com\/tr\/wp-json\/wp\/v2\/product_cat?post=329836"},{"taxonomy":"product_tag","embeddable":true,"href":"https:\/\/www.purejewels.com\/tr\/wp-json\/wp\/v2\/product_tag?post=329836"}],"curies":[{"name":"wp","href":"https:\/\/api.w.org\/{rel}","templated":true}]}}