{"id":330175,"date":"2021-12-15T09:39:01","date_gmt":"2021-12-15T09:39:01","guid":{"rendered":"https:\/\/www.purejewels.com\/?post_type=product&#038;p=330175"},"modified":"2022-01-20T07:49:11","modified_gmt":"2022-01-20T07:49:11","slug":"22-ayar-altin-kupeler-uk-41202","status":"publish","type":"product","link":"https:\/\/www.purejewels.com\/tr\/product\/22-carat-gold-earrings-uk-41202\/","title":{"rendered":"22 Ayar Alt\u0131n K\u00fcpe \u0130ngiltere"},"content":{"rendered":"<h3>\u0130lham kayna\u011f\u0131<\/h3>\n<p>\u0130nce ve karma\u015f\u0131k tekniklerle dramatik bir yetenekle i\u015flenmi\u015f alt\u0131n ve muhte\u015fem ta\u015flardan olu\u015fan antik ve her daim ye\u015fil m\u00fccevherlerden esinlenen bu muhte\u015fem g\u00f6r\u00fcn\u00fcml\u00fc 22 karat <a href=\"https:\/\/www.purejewels.com\/tr\/armari-collection\/\">alt\u0131n k\u00fcpeler<\/a> Birle\u015fik Krall\u0131k <a href=\"https:\/\/www.purejewels.com\/tr\/handmade-gold-jewellery\/\">el yap\u0131m\u0131<\/a> Hindistan'dan usta zanaatkarlar taraf\u0131ndan \u00fcretilmi\u015ftir. Bu g\u00fczel kulak \u00e7\u0131t\u00e7\u0131tlar\u0131n\u0131n tasar\u0131m\u0131, onlar\u0131 \u015fekillendirirken \u00e7ok y\u00f6nl\u00fc ve zahmetsiz hale getirir, bu nedenle \u00e7ifti sizin veya sevdikleriniz i\u00e7in harika bir hediye haline getirir.<\/p>\n<h3>Tasar\u0131m<\/h3>\n<p>Bizim 22K <strong><a href=\"https:\/\/www.purejewels.com\/tr\/product-category\/22ct-gold-jewellery\/gold-earrings\/\">K\u00fcpeler<\/a><\/strong> m\u00fckemmel uyumu yakalaman\u0131za yard\u0131mc\u0131 olurken g\u00f6r\u00fcn\u00fcm\u00fcn\u00fcz\u00fc g\u00f6z kama\u015ft\u0131ran ve g\u00fc\u00e7l\u00fc bir ifade yaratan bir cazibeye sahip olun. Purejewels'in bu 22K \u00e7ivileri, kenarlar\u0131 g\u00fczelce parlat\u0131lm\u0131\u015f organik ama geometrik bir yap\u0131yla ba\u015flar. Daha sonra, merkeze do\u011fru, tasar\u0131m benzersiz Beyaz ve beyaz\u0131n ritmik bir kombinasyonuna d\u00f6n\u00fc\u015f\u00fcr. <a href=\"https:\/\/www.purejewels.com\/tr\/rendezvous-with-rubies\/\">YAKUT<\/a> renkli k\u00fcbik zirkon ta\u015flar estetik bir desenle incelikle kaplanm\u0131\u015ft\u0131r. K\u00fcbik zirkon ta\u015flar, ger\u00e7ek elmaslar ve de\u011ferli yakutlardan daha az olmayan bir cazibeyle parlak g\u00f6r\u00fcn\u00fcyor.<\/p>\n<h3>Stil<\/h3>\n<p>Bu her daim ye\u015fil ve klasik alt\u0131n k\u00fcpeler, onlara uyacak \u015fekilde yap\u0131lm\u0131\u015f kolye ucu ile birle\u015ftirilebilir. \u0130yi \u015fekillendirildi\u011finde, bu muhte\u015fem \u00e7ift, bu g\u00fczelli\u011fi s\u00fcsleyerek odaya girdi\u011finizde t\u00fcm ba\u015flar\u0131n d\u00f6nmesini sa\u011flayacakt\u0131r. Koleksiyonumuzdan se\u00e7ebilece\u011finiz 22 ayar <a href=\"https:\/\/www.purejewels.com\/tr\/product\/timeless-classics-22ct-gold-earring-25878\/\">alt\u0131n halka k\u00fcpeler \u0130ngiltere<\/a> ayr\u0131ca daha fazla ke\u015ffederek bu g\u00fczel kulak \u00e7\u0131t\u00e7\u0131tlar\u0131 ile birlikte.<\/p>","protected":false},"excerpt":{"rendered":"<ul>\n<li>K\u00fcbik Zirkon Ta\u015fl\u0131 22 Ayar Alt\u0131n K\u00fcpe<\/li>\n<li>A\u011f\u0131rl\u0131k 2,2 gms<\/li>\n<li>SKU. 41202<\/li>\n<li>T\u00fcm fiyatlara KDV dahildir<\/li>\n<li>T\u00fcm \u00fcr\u00fcnlerimiz Londra Tahlil Ofisi taraf\u0131ndan damgalanm\u0131\u015ft\u0131r<\/li>\n<li>T\u00fcm setler sunum kutusu ile birlikte gelir<\/li>\n<li>Teslimat Dahil<\/li>\n<li>Bu \u00fcr\u00fcn\u00fcn videosu i\u00e7in bize ula\u015f\u0131n \/ bizimle canl\u0131 sohbet edin<\/li>\n<\/ul>","protected":false},"featured_media":311839,"comment_status":"closed","ping_status":"closed","template":"","meta":{"_eb_attr":"","_crsspst_to_jayantr4sg-hostcom":false},"product_brand":[],"product_cat":[1559,1794,1254,1577,1574],"product_tag":[],"class_list":{"0":"post-330175","1":"product","2":"type-product","3":"status-publish","4":"has-post-thumbnail","6":"product_cat-birthday-gifts","7":"product_cat-christmas-gifts","8":"product_cat-gold-earrings","9":"product_cat-stud-earrings","10":"product_cat-womens-jewellery","12":"first","13":"outofstock","14":"taxable","15":"shipping-taxable","16":"product-type-simple","17":"add-to-wishlist-before_image"},"yoast_head":"<!-- This site is optimized with the Yoast SEO plugin v27.3 - https:\/\/yoast.com\/product\/yoast-seo-wordpress\/ -->\n<title>CZ Stone Gold Earrings | Gold Studs in UK | PureJewels.com<\/title>\n<meta name=\"description\" content=\"22ct Gold Studs | Shop Gold Stud earrings in the UK | Get the best Deal | Free Delivery &amp; Easy Returns.\" \/>\n<meta name=\"robots\" content=\"index, follow, max-snippet:-1, max-image-preview:large, max-video-preview:-1\" \/>\n<link rel=\"canonical\" href=\"https:\/\/www.purejewels.com\/tr\/urun\/22-ayar-altin-kupeler-uk-41202\/\" \/>\n<meta property=\"og:locale\" content=\"tr_TR\" \/>\n<meta property=\"og:type\" content=\"article\" \/>\n<meta property=\"og:title\" content=\"CZ Stone Gold Earrings | Gold Studs in UK | PureJewels.com\" \/>\n<meta property=\"og:description\" content=\"22ct Gold Studs | Shop Gold Stud earrings in the UK | Get the best Deal | Free Delivery &amp; Easy Returns.\" \/>\n<meta property=\"og:url\" content=\"https:\/\/www.purejewels.com\/tr\/urun\/22-ayar-altin-kupeler-uk-41202\/\" \/>\n<meta property=\"og:site_name\" content=\"PureJewels UK\" \/>\n<meta property=\"article:modified_time\" content=\"2022-01-20T07:49:11+00:00\" \/>\n<meta property=\"og:image\" content=\"https:\/\/www.purejewels.com\/wp-content\/uploads\/2019\/11\/31419.jpg\" \/>\n\t<meta property=\"og:image:width\" content=\"1000\" \/>\n\t<meta property=\"og:image:height\" content=\"1000\" \/>\n\t<meta property=\"og:image:type\" content=\"image\/jpeg\" \/>\n<meta name=\"twitter:card\" content=\"summary_large_image\" \/>\n<meta name=\"twitter:label1\" content=\"Tahmini okuma s\u00fcresi\" \/>\n\t<meta name=\"twitter:data1\" content=\"2 dakika\" \/>\n<script type=\"application\/ld+json\" class=\"yoast-schema-graph\">{\"@context\":\"https:\\\/\\\/schema.org\",\"@graph\":[{\"@type\":[\"WebPage\",\"ItemPage\"],\"@id\":\"https:\\\/\\\/www.purejewels.com\\\/product\\\/22-carat-gold-earrings-uk-41202\\\/\",\"url\":\"https:\\\/\\\/www.purejewels.com\\\/product\\\/22-carat-gold-earrings-uk-41202\\\/\",\"name\":\"CZ Stone Gold Earrings | Gold Studs in UK | PureJewels.com\",\"isPartOf\":{\"@id\":\"https:\\\/\\\/www.purejewels.com\\\/#website\"},\"primaryImageOfPage\":{\"@id\":\"https:\\\/\\\/www.purejewels.com\\\/product\\\/22-carat-gold-earrings-uk-41202\\\/#primaryimage\"},\"image\":{\"@id\":\"https:\\\/\\\/www.purejewels.com\\\/product\\\/22-carat-gold-earrings-uk-41202\\\/#primaryimage\"},\"thumbnailUrl\":\"https:\\\/\\\/static.purejewels.com\\\/wp-content\\\/uploads\\\/2019\\\/11\\\/31419.jpg\",\"datePublished\":\"2021-12-15T09:39:01+00:00\",\"dateModified\":\"2022-01-20T07:49:11+00:00\",\"description\":\"22ct Gold Studs | Shop Gold Stud earrings in the UK | Get the best Deal | Free Delivery & Easy Returns.\",\"breadcrumb\":{\"@id\":\"https:\\\/\\\/www.purejewels.com\\\/product\\\/22-carat-gold-earrings-uk-41202\\\/#breadcrumb\"},\"inLanguage\":\"tr\",\"potentialAction\":[{\"@type\":\"ReadAction\",\"target\":[\"https:\\\/\\\/www.purejewels.com\\\/product\\\/22-carat-gold-earrings-uk-41202\\\/\"]}]},{\"@type\":\"ImageObject\",\"inLanguage\":\"tr\",\"@id\":\"https:\\\/\\\/www.purejewels.com\\\/product\\\/22-carat-gold-earrings-uk-41202\\\/#primaryimage\",\"url\":\"https:\\\/\\\/static.purejewels.com\\\/wp-content\\\/uploads\\\/2019\\\/11\\\/31419.jpg\",\"contentUrl\":\"https:\\\/\\\/static.purejewels.com\\\/wp-content\\\/uploads\\\/2019\\\/11\\\/31419.jpg\",\"width\":1000,\"height\":1000,\"caption\":\"31419\"},{\"@type\":\"BreadcrumbList\",\"@id\":\"https:\\\/\\\/www.purejewels.com\\\/product\\\/22-carat-gold-earrings-uk-41202\\\/#breadcrumb\",\"itemListElement\":[{\"@type\":\"ListItem\",\"position\":1,\"name\":\"Home\",\"item\":\"https:\\\/\\\/www.purejewels.com\\\/\"},{\"@type\":\"ListItem\",\"position\":2,\"name\":\"Shop\",\"item\":\"https:\\\/\\\/www.purejewels.com\\\/shop\\\/\"},{\"@type\":\"ListItem\",\"position\":3,\"name\":\"22 Carat Gold Earrings UK\"}]},{\"@type\":\"WebSite\",\"@id\":\"https:\\\/\\\/www.purejewels.com\\\/#website\",\"url\":\"https:\\\/\\\/www.purejewels.com\\\/\",\"name\":\"PureJewels UK\",\"description\":\"Share the Love\",\"publisher\":{\"@id\":\"https:\\\/\\\/www.purejewels.com\\\/#organization\"},\"potentialAction\":[{\"@type\":\"SearchAction\",\"target\":{\"@type\":\"EntryPoint\",\"urlTemplate\":\"https:\\\/\\\/www.purejewels.com\\\/?s={search_term_string}\"},\"query-input\":{\"@type\":\"PropertyValueSpecification\",\"valueRequired\":true,\"valueName\":\"search_term_string\"}}],\"inLanguage\":\"tr\"},{\"@type\":\"Organization\",\"@id\":\"https:\\\/\\\/www.purejewels.com\\\/#organization\",\"name\":\"PureJewels UK\",\"url\":\"https:\\\/\\\/www.purejewels.com\\\/\",\"logo\":{\"@type\":\"ImageObject\",\"inLanguage\":\"tr\",\"@id\":\"https:\\\/\\\/www.purejewels.com\\\/#\\\/schema\\\/logo\\\/image\\\/\",\"url\":\"https:\\\/\\\/static.purejewels.com\\\/wp-content\\\/uploads\\\/2020\\\/11\\\/Logo-PJ-New-1.png\",\"contentUrl\":\"https:\\\/\\\/static.purejewels.com\\\/wp-content\\\/uploads\\\/2020\\\/11\\\/Logo-PJ-New-1.png\",\"width\":150,\"height\":80,\"caption\":\"PureJewels UK\"},\"image\":{\"@id\":\"https:\\\/\\\/www.purejewels.com\\\/#\\\/schema\\\/logo\\\/image\\\/\"}}]}<\/script>\n<!-- \/ Yoast SEO plugin. -->","yoast_head_json":{"title":"CZ Ta\u015fl\u0131 Alt\u0131n K\u00fcpe | \u0130ngiltere'de Alt\u0131n \u00c7\u0131t\u00e7\u0131t | PureJewels.com","description":"22 Ayar Alt\u0131n \u00c7\u0131t\u00e7\u0131t | \u0130ngiltere'de Alt\u0131n \u00c7\u0131t\u00e7\u0131t K\u00fcpe Sat\u0131n Al\u0131n | En \u0130yi F\u0131rsat\u0131 Yakalay\u0131n | \u00dccretsiz Teslimat ve Kolay \u0130ade.","robots":{"index":"index","follow":"follow","max-snippet":"max-snippet:-1","max-image-preview":"max-image-preview:large","max-video-preview":"max-video-preview:-1"},"canonical":"https:\/\/www.purejewels.com\/tr\/urun\/22-ayar-altin-kupeler-uk-41202\/","og_locale":"tr_TR","og_type":"article","og_title":"CZ Stone Gold Earrings | Gold Studs in UK | PureJewels.com","og_description":"22ct Gold Studs | Shop Gold Stud earrings in the UK | Get the best Deal | Free Delivery & Easy Returns.","og_url":"https:\/\/www.purejewels.com\/tr\/urun\/22-ayar-altin-kupeler-uk-41202\/","og_site_name":"PureJewels UK","article_modified_time":"2022-01-20T07:49:11+00:00","og_image":[{"width":1000,"height":1000,"url":"https:\/\/www.purejewels.com\/wp-content\/uploads\/2019\/11\/31419.jpg","type":"image\/jpeg"}],"twitter_card":"summary_large_image","twitter_misc":{"Tahmini okuma s\u00fcresi":"2 dakika"},"schema":{"@context":"https:\/\/schema.org","@graph":[{"@type":["WebPage","ItemPage"],"@id":"https:\/\/www.purejewels.com\/product\/22-carat-gold-earrings-uk-41202\/","url":"https:\/\/www.purejewels.com\/product\/22-carat-gold-earrings-uk-41202\/","name":"CZ Ta\u015fl\u0131 Alt\u0131n K\u00fcpe | \u0130ngiltere'de Alt\u0131n \u00c7\u0131t\u00e7\u0131t | PureJewels.com","isPartOf":{"@id":"https:\/\/www.purejewels.com\/#website"},"primaryImageOfPage":{"@id":"https:\/\/www.purejewels.com\/product\/22-carat-gold-earrings-uk-41202\/#primaryimage"},"image":{"@id":"https:\/\/www.purejewels.com\/product\/22-carat-gold-earrings-uk-41202\/#primaryimage"},"thumbnailUrl":"https:\/\/static.purejewels.com\/wp-content\/uploads\/2019\/11\/31419.jpg","datePublished":"2021-12-15T09:39:01+00:00","dateModified":"2022-01-20T07:49:11+00:00","description":"22 Ayar Alt\u0131n \u00c7\u0131t\u00e7\u0131t | \u0130ngiltere'de Alt\u0131n \u00c7\u0131t\u00e7\u0131t K\u00fcpe Sat\u0131n Al\u0131n | En \u0130yi F\u0131rsat\u0131 Yakalay\u0131n | \u00dccretsiz Teslimat ve Kolay \u0130ade.","breadcrumb":{"@id":"https:\/\/www.purejewels.com\/product\/22-carat-gold-earrings-uk-41202\/#breadcrumb"},"inLanguage":"tr","potentialAction":[{"@type":"ReadAction","target":["https:\/\/www.purejewels.com\/product\/22-carat-gold-earrings-uk-41202\/"]}]},{"@type":"ImageObject","inLanguage":"tr","@id":"https:\/\/www.purejewels.com\/product\/22-carat-gold-earrings-uk-41202\/#primaryimage","url":"https:\/\/static.purejewels.com\/wp-content\/uploads\/2019\/11\/31419.jpg","contentUrl":"https:\/\/static.purejewels.com\/wp-content\/uploads\/2019\/11\/31419.jpg","width":1000,"height":1000,"caption":"31419"},{"@type":"BreadcrumbList","@id":"https:\/\/www.purejewels.com\/product\/22-carat-gold-earrings-uk-41202\/#breadcrumb","itemListElement":[{"@type":"ListItem","position":1,"name":"Home","item":"https:\/\/www.purejewels.com\/"},{"@type":"ListItem","position":2,"name":"Shop","item":"https:\/\/www.purejewels.com\/shop\/"},{"@type":"ListItem","position":3,"name":"22 Carat Gold Earrings UK"}]},{"@type":"WebSite","@id":"https:\/\/www.purejewels.com\/#website","url":"https:\/\/www.purejewels.com\/","name":"PureJewels \u0130ngiltere","description":"Sevgiyi Payla\u015f\u0131n","publisher":{"@id":"https:\/\/www.purejewels.com\/#organization"},"potentialAction":[{"@type":"SearchAction","target":{"@type":"EntryPoint","urlTemplate":"https:\/\/www.purejewels.com\/?s={search_term_string}"},"query-input":{"@type":"PropertyValueSpecification","valueRequired":true,"valueName":"search_term_string"}}],"inLanguage":"tr"},{"@type":"Organization","@id":"https:\/\/www.purejewels.com\/#organization","name":"PureJewels \u0130ngiltere","url":"https:\/\/www.purejewels.com\/","logo":{"@type":"ImageObject","inLanguage":"tr","@id":"https:\/\/www.purejewels.com\/#\/schema\/logo\/image\/","url":"https:\/\/static.purejewels.com\/wp-content\/uploads\/2020\/11\/Logo-PJ-New-1.png","contentUrl":"https:\/\/static.purejewels.com\/wp-content\/uploads\/2020\/11\/Logo-PJ-New-1.png","width":150,"height":80,"caption":"PureJewels UK"},"image":{"@id":"https:\/\/www.purejewels.com\/#\/schema\/logo\/image\/"}}]}},"_links":{"self":[{"href":"https:\/\/www.purejewels.com\/tr\/wp-json\/wp\/v2\/product\/330175","targetHints":{"allow":["GET"]}}],"collection":[{"href":"https:\/\/www.purejewels.com\/tr\/wp-json\/wp\/v2\/product"}],"about":[{"href":"https:\/\/www.purejewels.com\/tr\/wp-json\/wp\/v2\/types\/product"}],"replies":[{"embeddable":true,"href":"https:\/\/www.purejewels.com\/tr\/wp-json\/wp\/v2\/comments?post=330175"}],"version-history":[{"count":0,"href":"https:\/\/www.purejewels.com\/tr\/wp-json\/wp\/v2\/product\/330175\/revisions"}],"wp:featuredmedia":[{"embeddable":true,"href":"https:\/\/www.purejewels.com\/tr\/wp-json\/wp\/v2\/media\/311839"}],"wp:attachment":[{"href":"https:\/\/www.purejewels.com\/tr\/wp-json\/wp\/v2\/media?parent=330175"}],"wp:term":[{"taxonomy":"product_brand","embeddable":true,"href":"https:\/\/www.purejewels.com\/tr\/wp-json\/wp\/v2\/product_brand?post=330175"},{"taxonomy":"product_cat","embeddable":true,"href":"https:\/\/www.purejewels.com\/tr\/wp-json\/wp\/v2\/product_cat?post=330175"},{"taxonomy":"product_tag","embeddable":true,"href":"https:\/\/www.purejewels.com\/tr\/wp-json\/wp\/v2\/product_tag?post=330175"}],"curies":[{"name":"wp","href":"https:\/\/api.w.org\/{rel}","templated":true}]}}