{"id":330177,"date":"2021-12-15T09:46:55","date_gmt":"2021-12-15T09:46:55","guid":{"rendered":"https:\/\/www.purejewels.com\/?post_type=product&#038;p=330177"},"modified":"2022-01-21T15:00:27","modified_gmt":"2022-01-21T15:00:27","slug":"22-ayar-altin-kolye-ucu-uk-41201","status":"publish","type":"product","link":"https:\/\/www.purejewels.com\/tr\/product\/22ct-gold-pendant-uk-41201\/","title":{"rendered":"22 Ayar Alt\u0131n Kolye \u0130ngiltere"},"content":{"rendered":"<h3>\u0130lham kayna\u011f\u0131<\/h3>\n<p>\u0130nce ve karma\u015f\u0131k tekniklerle dramatik bir yetenekle i\u015flenmi\u015f alt\u0131n ve muhte\u015fem ta\u015flardan olu\u015fan antik ve her daim ye\u015fil m\u00fccevherlerden esinlenen bu muhte\u015fem g\u00f6r\u00fcn\u00fcml\u00fc 22 karat <a href=\"https:\/\/www.purejewels.com\/tr\/product\/22ct-real-gold-shoe-pendant-43097\/\">alt\u0131n kolye<\/a> o <a href=\"https:\/\/www.purejewels.com\/tr\/handmade-gold-jewellery\/\">el yap\u0131m\u0131<\/a> Hindistan'dan usta zanaatkarlar taraf\u0131ndan \u00fcretilmi\u015ftir. Bu g\u00fczel kolyenin tasar\u0131m\u0131, onu \u015fekillendirirken \u00e7ok y\u00f6nl\u00fc ve zahmetsiz hale getirecek, bu nedenle de sizin veya sevdikleriniz i\u00e7in harika bir hediye haline getirecek \u015fekildedir.<\/p>\n<h3>Tasar\u0131m<\/h3>\n<p>22 karatl\u0131k <strong>alt\u0131n<\/strong> <strong>kolye ucu<\/strong> setinin cazibesi g\u00f6z kama\u015ft\u0131r\u0131yor ve m\u00fckemmel uyumu yakalaman\u0131za yard\u0131mc\u0131 olurken g\u00fc\u00e7l\u00fc bir ifade yarat\u0131yor. Purejewels'in bu alt\u0131n kolye ucu, kenarlar\u0131 g\u00fczelce parlat\u0131lm\u0131\u015f organik ama geometrik bir yap\u0131yla ba\u015flar. Daha sonra, merkeze do\u011fru, tasar\u0131m benzersiz beyaz ve beyaz\u0131n ritmik bir kombinasyonuna d\u00f6n\u00fc\u015f\u00fcr. <a href=\"https:\/\/www.purejewels.com\/tr\/rendezvous-with-rubies\/\">YAKUT<\/a> renkli k\u00fcbik zirkon ta\u015flar estetik bir desenle incelikle kaplanm\u0131\u015ft\u0131r. K\u00fcbik zirkon ta\u015flar, ger\u00e7ek elmas ve de\u011ferli yakutlardan daha az olmayan bir cazibeyle parlak g\u00f6r\u00fcn\u00fcyor. Kolye ucu, se\u00e7ti\u011finiz zincirleri zarif bir \u015fekilde tutan klasik bir halka ile tamamlan\u0131r. G\u00f6rselde, temsili olarak kullan\u0131lan zincir bir <a href=\"https:\/\/www.purejewels.com\/tr\/product\/22ct-gold-box-chain-2\/\">kutu zinciri<\/a> ve kolye ucu ile birlikte ayr\u0131 olarak sat\u0131n al\u0131nabilir.<\/p>\n<h3>Stil<\/h3>\n<p>Bu her daim ye\u015fil ve klasik kolye ucu ile kombine edilebilir. <a href=\"https:\/\/www.purejewels.com\/tr\/product\/22ct-gold-ladies-stud-earring-with-rhodium-finish-46497\/\">K\u00fcpe<\/a> ona uygun olarak yap\u0131lm\u0131\u015f bir set. \u0130yi bir \u015fekilde tasarland\u0131\u011f\u0131nda, bu muhte\u015fem set, bu g\u00fczelli\u011fi s\u00fcsleyen odaya girdi\u011finizde t\u00fcm ba\u015flar\u0131n d\u00f6nmesini sa\u011flayacakt\u0131r. Daha fazlas\u0131n\u0131 ke\u015ffederek \u0130ngiltere 22 ayar alt\u0131n kolye seti koleksiyonumuzdan kolayca se\u00e7im yapabilirsiniz.<\/p>","protected":false},"excerpt":{"rendered":"<ul>\n<li>22ct K\u00fcbik-Zirkon Ta\u015fl\u0131 Kolye Ucu<\/li>\n<li>A\u011f\u0131rl\u0131k 1 gm<\/li>\n<li>SKU. 41201<\/li>\n<li>Zincir dahil de\u011fildir<\/li>\n<li>Resimde g\u00f6sterilen Zincir bir\u00a0<strong>Kutu Zincir<\/strong><\/li>\n<li>T\u00fcm fiyatlara KDV dahildir<\/li>\n<li>T\u00fcm \u00fcr\u00fcnlerimiz Londra Tahlil Ofisi taraf\u0131ndan damgalanm\u0131\u015ft\u0131r<\/li>\n<li>T\u00fcm setler sunum kutusu ile birlikte gelir<\/li>\n<li>Teslimat Dahil<\/li>\n<li>Bu \u00fcr\u00fcn\u00fcn videosu i\u00e7in bize ula\u015f\u0131n \/ bizimle canl\u0131 sohbet edin<\/li>\n<\/ul>","protected":false},"featured_media":311773,"comment_status":"closed","ping_status":"closed","template":"","meta":{"_eb_attr":"","_crsspst_to_jayantr4sg-hostcom":false},"product_brand":[],"product_cat":[1791,1559,1255,1767,1574],"product_tag":[],"class_list":{"0":"post-330177","1":"product","2":"type-product","3":"status-publish","4":"has-post-thumbnail","6":"product_cat-anniversary-gifts","7":"product_cat-birthday-gifts","8":"product_cat-gold-pendants","9":"product_cat-ladies-pendants","10":"product_cat-womens-jewellery","12":"first","13":"outofstock","14":"taxable","15":"shipping-taxable","16":"product-type-simple","17":"add-to-wishlist-before_image"},"yoast_head":"<!-- This site is optimized with the Yoast SEO plugin v27.3 - https:\/\/yoast.com\/product\/yoast-seo-wordpress\/ -->\n<title>22ct Gold Pendant | CZ Stone Gold Pendant in UK | PureJewels.com<\/title>\n<meta name=\"description\" content=\"Gold Pendant | CZ stone Studded Pendant | Shop Latest Pendants for Daily wear | Shop Gold Jewelry online | PureJewels.com\" \/>\n<meta name=\"robots\" content=\"index, follow, max-snippet:-1, max-image-preview:large, max-video-preview:-1\" \/>\n<link rel=\"canonical\" href=\"https:\/\/www.purejewels.com\/tr\/urun\/22-ayar-altin-kolye-ucu-uk-41201\/\" \/>\n<meta property=\"og:locale\" content=\"tr_TR\" \/>\n<meta property=\"og:type\" content=\"article\" \/>\n<meta property=\"og:title\" content=\"22ct Gold Pendant | CZ Stone Gold Pendant in UK | PureJewels.com\" \/>\n<meta property=\"og:description\" content=\"Gold Pendant | CZ stone Studded Pendant | Shop Latest Pendants for Daily wear | Shop Gold Jewelry online | PureJewels.com\" \/>\n<meta property=\"og:url\" content=\"https:\/\/www.purejewels.com\/tr\/urun\/22-ayar-altin-kolye-ucu-uk-41201\/\" \/>\n<meta property=\"og:site_name\" content=\"PureJewels UK\" \/>\n<meta property=\"article:modified_time\" content=\"2022-01-21T15:00:27+00:00\" \/>\n<meta property=\"og:image\" content=\"https:\/\/www.purejewels.com\/wp-content\/uploads\/2019\/11\/31418.jpg\" \/>\n\t<meta property=\"og:image:width\" content=\"1000\" \/>\n\t<meta property=\"og:image:height\" content=\"1000\" \/>\n\t<meta property=\"og:image:type\" content=\"image\/jpeg\" \/>\n<meta name=\"twitter:card\" content=\"summary_large_image\" \/>\n<meta name=\"twitter:label1\" content=\"Tahmini okuma s\u00fcresi\" \/>\n\t<meta name=\"twitter:data1\" content=\"2 dakika\" \/>\n<script type=\"application\/ld+json\" class=\"yoast-schema-graph\">{\"@context\":\"https:\\\/\\\/schema.org\",\"@graph\":[{\"@type\":[\"WebPage\",\"ItemPage\"],\"@id\":\"https:\\\/\\\/www.purejewels.com\\\/product\\\/22ct-gold-pendant-uk-41201\\\/\",\"url\":\"https:\\\/\\\/www.purejewels.com\\\/product\\\/22ct-gold-pendant-uk-41201\\\/\",\"name\":\"22ct Gold Pendant | CZ Stone Gold Pendant in UK | PureJewels.com\",\"isPartOf\":{\"@id\":\"https:\\\/\\\/www.purejewels.com\\\/#website\"},\"primaryImageOfPage\":{\"@id\":\"https:\\\/\\\/www.purejewels.com\\\/product\\\/22ct-gold-pendant-uk-41201\\\/#primaryimage\"},\"image\":{\"@id\":\"https:\\\/\\\/www.purejewels.com\\\/product\\\/22ct-gold-pendant-uk-41201\\\/#primaryimage\"},\"thumbnailUrl\":\"https:\\\/\\\/static.purejewels.com\\\/wp-content\\\/uploads\\\/2019\\\/11\\\/31418.jpg\",\"datePublished\":\"2021-12-15T09:46:55+00:00\",\"dateModified\":\"2022-01-21T15:00:27+00:00\",\"description\":\"Gold Pendant | CZ stone Studded Pendant | Shop Latest Pendants for Daily wear | Shop Gold Jewelry online | PureJewels.com\",\"breadcrumb\":{\"@id\":\"https:\\\/\\\/www.purejewels.com\\\/product\\\/22ct-gold-pendant-uk-41201\\\/#breadcrumb\"},\"inLanguage\":\"tr\",\"potentialAction\":[{\"@type\":\"ReadAction\",\"target\":[\"https:\\\/\\\/www.purejewels.com\\\/product\\\/22ct-gold-pendant-uk-41201\\\/\"]}]},{\"@type\":\"ImageObject\",\"inLanguage\":\"tr\",\"@id\":\"https:\\\/\\\/www.purejewels.com\\\/product\\\/22ct-gold-pendant-uk-41201\\\/#primaryimage\",\"url\":\"https:\\\/\\\/static.purejewels.com\\\/wp-content\\\/uploads\\\/2019\\\/11\\\/31418.jpg\",\"contentUrl\":\"https:\\\/\\\/static.purejewels.com\\\/wp-content\\\/uploads\\\/2019\\\/11\\\/31418.jpg\",\"width\":1000,\"height\":1000,\"caption\":\"31418\"},{\"@type\":\"BreadcrumbList\",\"@id\":\"https:\\\/\\\/www.purejewels.com\\\/product\\\/22ct-gold-pendant-uk-41201\\\/#breadcrumb\",\"itemListElement\":[{\"@type\":\"ListItem\",\"position\":1,\"name\":\"Home\",\"item\":\"https:\\\/\\\/www.purejewels.com\\\/\"},{\"@type\":\"ListItem\",\"position\":2,\"name\":\"Shop\",\"item\":\"https:\\\/\\\/www.purejewels.com\\\/shop\\\/\"},{\"@type\":\"ListItem\",\"position\":3,\"name\":\"22ct Gold Pendant UK\"}]},{\"@type\":\"WebSite\",\"@id\":\"https:\\\/\\\/www.purejewels.com\\\/#website\",\"url\":\"https:\\\/\\\/www.purejewels.com\\\/\",\"name\":\"PureJewels UK\",\"description\":\"Share the Love\",\"publisher\":{\"@id\":\"https:\\\/\\\/www.purejewels.com\\\/#organization\"},\"potentialAction\":[{\"@type\":\"SearchAction\",\"target\":{\"@type\":\"EntryPoint\",\"urlTemplate\":\"https:\\\/\\\/www.purejewels.com\\\/?s={search_term_string}\"},\"query-input\":{\"@type\":\"PropertyValueSpecification\",\"valueRequired\":true,\"valueName\":\"search_term_string\"}}],\"inLanguage\":\"tr\"},{\"@type\":\"Organization\",\"@id\":\"https:\\\/\\\/www.purejewels.com\\\/#organization\",\"name\":\"PureJewels UK\",\"url\":\"https:\\\/\\\/www.purejewels.com\\\/\",\"logo\":{\"@type\":\"ImageObject\",\"inLanguage\":\"tr\",\"@id\":\"https:\\\/\\\/www.purejewels.com\\\/#\\\/schema\\\/logo\\\/image\\\/\",\"url\":\"https:\\\/\\\/static.purejewels.com\\\/wp-content\\\/uploads\\\/2020\\\/11\\\/Logo-PJ-New-1.png\",\"contentUrl\":\"https:\\\/\\\/static.purejewels.com\\\/wp-content\\\/uploads\\\/2020\\\/11\\\/Logo-PJ-New-1.png\",\"width\":150,\"height\":80,\"caption\":\"PureJewels UK\"},\"image\":{\"@id\":\"https:\\\/\\\/www.purejewels.com\\\/#\\\/schema\\\/logo\\\/image\\\/\"}}]}<\/script>\n<!-- \/ Yoast SEO plugin. -->","yoast_head_json":{"title":"22 Ayar Alt\u0131n Kolye | CZ Ta\u015fl\u0131 Alt\u0131n Kolye \u0130ngiltere'de | PureJewels.com","description":"Alt\u0131n Kolye | CZ Ta\u015fl\u0131 \u00c7ivili Kolye | G\u00fcnl\u00fck Giyim i\u00e7in En Yeni Kolyeleri Sat\u0131n Al\u0131n | Alt\u0131n Tak\u0131lar\u0131 Online Sat\u0131n Al\u0131n | PureJewels.com","robots":{"index":"index","follow":"follow","max-snippet":"max-snippet:-1","max-image-preview":"max-image-preview:large","max-video-preview":"max-video-preview:-1"},"canonical":"https:\/\/www.purejewels.com\/tr\/urun\/22-ayar-altin-kolye-ucu-uk-41201\/","og_locale":"tr_TR","og_type":"article","og_title":"22ct Gold Pendant | CZ Stone Gold Pendant in UK | PureJewels.com","og_description":"Gold Pendant | CZ stone Studded Pendant | Shop Latest Pendants for Daily wear | Shop Gold Jewelry online | PureJewels.com","og_url":"https:\/\/www.purejewels.com\/tr\/urun\/22-ayar-altin-kolye-ucu-uk-41201\/","og_site_name":"PureJewels UK","article_modified_time":"2022-01-21T15:00:27+00:00","og_image":[{"width":1000,"height":1000,"url":"https:\/\/www.purejewels.com\/wp-content\/uploads\/2019\/11\/31418.jpg","type":"image\/jpeg"}],"twitter_card":"summary_large_image","twitter_misc":{"Tahmini okuma s\u00fcresi":"2 dakika"},"schema":{"@context":"https:\/\/schema.org","@graph":[{"@type":["WebPage","ItemPage"],"@id":"https:\/\/www.purejewels.com\/product\/22ct-gold-pendant-uk-41201\/","url":"https:\/\/www.purejewels.com\/product\/22ct-gold-pendant-uk-41201\/","name":"22 Ayar Alt\u0131n Kolye | CZ Ta\u015fl\u0131 Alt\u0131n Kolye \u0130ngiltere'de | PureJewels.com","isPartOf":{"@id":"https:\/\/www.purejewels.com\/#website"},"primaryImageOfPage":{"@id":"https:\/\/www.purejewels.com\/product\/22ct-gold-pendant-uk-41201\/#primaryimage"},"image":{"@id":"https:\/\/www.purejewels.com\/product\/22ct-gold-pendant-uk-41201\/#primaryimage"},"thumbnailUrl":"https:\/\/static.purejewels.com\/wp-content\/uploads\/2019\/11\/31418.jpg","datePublished":"2021-12-15T09:46:55+00:00","dateModified":"2022-01-21T15:00:27+00:00","description":"Alt\u0131n Kolye | CZ Ta\u015fl\u0131 \u00c7ivili Kolye | G\u00fcnl\u00fck Giyim i\u00e7in En Yeni Kolyeleri Sat\u0131n Al\u0131n | Alt\u0131n Tak\u0131lar\u0131 Online Sat\u0131n Al\u0131n | PureJewels.com","breadcrumb":{"@id":"https:\/\/www.purejewels.com\/product\/22ct-gold-pendant-uk-41201\/#breadcrumb"},"inLanguage":"tr","potentialAction":[{"@type":"ReadAction","target":["https:\/\/www.purejewels.com\/product\/22ct-gold-pendant-uk-41201\/"]}]},{"@type":"ImageObject","inLanguage":"tr","@id":"https:\/\/www.purejewels.com\/product\/22ct-gold-pendant-uk-41201\/#primaryimage","url":"https:\/\/static.purejewels.com\/wp-content\/uploads\/2019\/11\/31418.jpg","contentUrl":"https:\/\/static.purejewels.com\/wp-content\/uploads\/2019\/11\/31418.jpg","width":1000,"height":1000,"caption":"31418"},{"@type":"BreadcrumbList","@id":"https:\/\/www.purejewels.com\/product\/22ct-gold-pendant-uk-41201\/#breadcrumb","itemListElement":[{"@type":"ListItem","position":1,"name":"Home","item":"https:\/\/www.purejewels.com\/"},{"@type":"ListItem","position":2,"name":"Shop","item":"https:\/\/www.purejewels.com\/shop\/"},{"@type":"ListItem","position":3,"name":"22ct Gold Pendant UK"}]},{"@type":"WebSite","@id":"https:\/\/www.purejewels.com\/#website","url":"https:\/\/www.purejewels.com\/","name":"PureJewels \u0130ngiltere","description":"Sevgiyi Payla\u015f\u0131n","publisher":{"@id":"https:\/\/www.purejewels.com\/#organization"},"potentialAction":[{"@type":"SearchAction","target":{"@type":"EntryPoint","urlTemplate":"https:\/\/www.purejewels.com\/?s={search_term_string}"},"query-input":{"@type":"PropertyValueSpecification","valueRequired":true,"valueName":"search_term_string"}}],"inLanguage":"tr"},{"@type":"Organization","@id":"https:\/\/www.purejewels.com\/#organization","name":"PureJewels \u0130ngiltere","url":"https:\/\/www.purejewels.com\/","logo":{"@type":"ImageObject","inLanguage":"tr","@id":"https:\/\/www.purejewels.com\/#\/schema\/logo\/image\/","url":"https:\/\/static.purejewels.com\/wp-content\/uploads\/2020\/11\/Logo-PJ-New-1.png","contentUrl":"https:\/\/static.purejewels.com\/wp-content\/uploads\/2020\/11\/Logo-PJ-New-1.png","width":150,"height":80,"caption":"PureJewels UK"},"image":{"@id":"https:\/\/www.purejewels.com\/#\/schema\/logo\/image\/"}}]}},"_links":{"self":[{"href":"https:\/\/www.purejewels.com\/tr\/wp-json\/wp\/v2\/product\/330177","targetHints":{"allow":["GET"]}}],"collection":[{"href":"https:\/\/www.purejewels.com\/tr\/wp-json\/wp\/v2\/product"}],"about":[{"href":"https:\/\/www.purejewels.com\/tr\/wp-json\/wp\/v2\/types\/product"}],"replies":[{"embeddable":true,"href":"https:\/\/www.purejewels.com\/tr\/wp-json\/wp\/v2\/comments?post=330177"}],"version-history":[{"count":0,"href":"https:\/\/www.purejewels.com\/tr\/wp-json\/wp\/v2\/product\/330177\/revisions"}],"wp:featuredmedia":[{"embeddable":true,"href":"https:\/\/www.purejewels.com\/tr\/wp-json\/wp\/v2\/media\/311773"}],"wp:attachment":[{"href":"https:\/\/www.purejewels.com\/tr\/wp-json\/wp\/v2\/media?parent=330177"}],"wp:term":[{"taxonomy":"product_brand","embeddable":true,"href":"https:\/\/www.purejewels.com\/tr\/wp-json\/wp\/v2\/product_brand?post=330177"},{"taxonomy":"product_cat","embeddable":true,"href":"https:\/\/www.purejewels.com\/tr\/wp-json\/wp\/v2\/product_cat?post=330177"},{"taxonomy":"product_tag","embeddable":true,"href":"https:\/\/www.purejewels.com\/tr\/wp-json\/wp\/v2\/product_tag?post=330177"}],"curies":[{"name":"wp","href":"https:\/\/api.w.org\/{rel}","templated":true}]}}