{"id":330276,"date":"2021-12-16T11:31:11","date_gmt":"2021-12-16T11:31:11","guid":{"rendered":"https:\/\/www.purejewels.com\/?post_type=product&#038;p=330276"},"modified":"2026-01-07T06:01:14","modified_gmt":"2026-01-07T06:01:14","slug":"hint-altin-alyans-40875","status":"publish","type":"product","link":"https:\/\/www.purejewels.com\/tr\/product\/indian-gold-wedding-rings-40875\/","title":{"rendered":"Hint Alt\u0131n Alyanslar\u0131 \u0130ngiltere"},"content":{"rendered":"<h3>Tasar\u0131m<\/h3>\n<p>G\u00fczel ba\u011f\u0131n\u0131z\u0131 simgeleyen bu alyans, nadir ve l\u00fcks bir hazine gibidir ve sevgiliniz i\u00e7in m\u00fckemmel bir m\u00fccevherdir. Usta zanaatk\u00e2rlar\u0131m\u0131z taraf\u0131ndan hassas bir \u015fekilde el i\u015f\u00e7ili\u011fiyle \u00fcretilmi\u015f ve s\u00fcsleyen ki\u015fi kadar g\u00fczel ve kendinden ge\u00e7mi\u015f olmas\u0131 i\u00e7in m\u00fckemmel bir \u015fekilde detayland\u0131r\u0131lm\u0131\u015ft\u0131r.<\/p>\n<p>Klasik d\u00fc\u011f\u00fcn ni\u015fan y\u00fcz\u00fc\u011f\u00fc Hint alt\u0131n koleksiyonumuzdan <strong>Alyanslar<\/strong> Saf 22 ayar alt\u0131ndan oyulmu\u015f ve sonsuz a\u015fk\u0131 simgeleyen p\u0131rlantalarla kaplanm\u0131\u015ft\u0131r. Klasik ni\u015fan y\u00fcz\u00fc\u011f\u00fcm\u00fcz\u00fcn merkezi, ortas\u0131nda parlak bir p\u0131rlanta bulunan \u00e7i\u00e7ek a\u00e7an bir tomurcu\u011fa benzeyecek \u015fekilde tasarlanm\u0131\u015f ve i\u015flenmi\u015ftir. Y\u00fcz\u00fc\u011f\u00fcn merkezindeki \u0131\u015f\u0131lt\u0131, parma\u011f\u0131n\u0131z\u0131n etraf\u0131na muhte\u015fem bir \u015fekilde dolanacak olan bu zahmetsizce kal\u0131planm\u0131\u015f sapta k\u00fc\u00e7\u00fck, yemye\u015fil p\u0131rlantalar\u0131n yan yana yerle\u015ftirilmesiyle saplar\u0131n her iki taraf\u0131na do\u011fru devam eder.<\/p>\n<h3>Stil<\/h3>\n<p>Bu <strong>ni\u015fan y\u00fcz\u00fc\u011f\u00fc<\/strong> Purejewels'in saten kaplamas\u0131yla klasik ve her daim ye\u015fil bir dokunu\u015fa sahiptir. Bir kez tak\u0131ld\u0131\u011f\u0131nda, narin ellerinin g\u00fczelli\u011fini art\u0131raca\u011f\u0131 ve ger\u00e7ek ve ebedi a\u015fk\u0131n\u0131z\u0131n saf ba\u011f\u0131n\u0131 simgeleyece\u011fi kesindir. Bu de\u011ferli biblo, ona bug\u00fcn ve her zaman s\u0131cak ve sevildi\u011fini hissettirecek bir m\u00fccevher par\u00e7as\u0131d\u0131r. Daha fazla Hint alyans tasar\u0131m\u0131 bulmak i\u00e7in web sitemizde ilerleyin.<\/p>","protected":false},"excerpt":{"rendered":"<ul>\n<li>22 karat <span id=\"urn:enhancement-f69766c1\" class=\"textannotation\">Alt\u0131n<\/span>\u00a0Y\u00fcz\u00fck ile\u00a0<span id=\"urn:enhancement-ef0fa8f8\" class=\"textannotation\">K\u00fcbik zirkonya<\/span>\u00a0ta\u015f<\/li>\n<li>A\u011f\u0131rl\u0131k 2,2 gms<\/li>\n<li>Y\u00fcz\u00fck \u00d6l\u00e7\u00fcs\u00fc: J 1\/2<\/li>\n<li><span id=\"urn:enhancement-b80a25bb\" class=\"textannotation\">SKU: 40875<\/span><\/li>\n<li>Olabilir\u00a0<span id=\"urn:enhancement-c1b7fb96\" class=\"textannotation\">sipari\u015f \u00fczerine<\/span>\u00a0parmak \u00f6l\u00e7\u00fcn\u00fcze g\u00f6re<\/li>\n<li>B\u00fct\u00fcn\u00a0<span id=\"urn:enhancement-48edcf47\" class=\"textannotation\">\u00fcr\u00fcnler<\/span> Londra taraf\u0131ndan damgalanm\u0131\u015ft\u0131r.\u00a0<span id=\"urn:enhancement-452a3ce\" class=\"textannotation\">Tahlil Ofisi<\/span><\/li>\n<li>Bir sunum kutusu ile birlikte gelir.<\/li>\n<li>Teslimat Dahil<\/li>\n<li>T\u00fcm fiyatlara KDV dahildir<\/li>\n<li>Benzer Asya d\u00fc\u011f\u00fcnlerini ke\u015ffetmek i\u00e7in bize ula\u015f\u0131n\u00a0<span id=\"urn:enhancement-1162a1de\" class=\"textannotation\">halkalar<\/span><\/li>\n<\/ul>","protected":false},"featured_media":330278,"comment_status":"closed","ping_status":"closed","template":"","meta":{"_eb_attr":"","_crsspst_to_jayantr4sg-hostcom":false},"product_brand":[],"product_cat":[231,1235,5344,1783,1786,5338,226],"product_tag":[64],"class_list":{"0":"post-330276","1":"product","2":"type-product","3":"status-publish","4":"has-post-thumbnail","6":"product_cat-engagement-rings","7":"product_cat-gold-rings","8":"product_cat-jewellery-under-750","9":"product_cat-ladies-rings","10":"product_cat-occasional-wear-rings","11":"product_cat-shop-by-price","12":"product_cat-wedding-rings-bands","13":"product_tag-rings","15":"first","16":"outofstock","17":"sale","18":"taxable","19":"shipping-taxable","20":"product-type-simple","21":"add-to-wishlist-before_image"},"yoast_head":"<!-- This site is optimized with the Yoast SEO plugin v27.6 - https:\/\/yoast.com\/product\/yoast-seo-wordpress\/ -->\n<title>Gold Wedding Rings in UK | Latest Gold Rings | PureJewels.com<\/title>\n<meta name=\"description\" content=\"Wedding Rings Online in the UK | Latest Rings &amp; Wedding Bands at the Best Price in the UK | Free Delivery &amp; Hassle-Free Returns\" \/>\n<meta name=\"robots\" content=\"index, follow, max-snippet:-1, max-image-preview:large, max-video-preview:-1\" \/>\n<link rel=\"canonical\" href=\"https:\/\/www.purejewels.com\/tr\/urun\/hint-altin-alyans-40875\/\" \/>\n<meta property=\"og:locale\" content=\"tr_TR\" \/>\n<meta property=\"og:type\" content=\"article\" \/>\n<meta property=\"og:title\" content=\"Gold Wedding Rings in UK | Latest Gold Rings | PureJewels.com\" \/>\n<meta property=\"og:description\" content=\"Wedding Rings Online in the UK | Latest Rings &amp; Wedding Bands at the Best Price in the UK | Free Delivery &amp; Hassle-Free Returns\" \/>\n<meta property=\"og:url\" content=\"https:\/\/www.purejewels.com\/tr\/urun\/hint-altin-alyans-40875\/\" \/>\n<meta property=\"og:site_name\" content=\"PureJewels UK\" \/>\n<meta property=\"article:modified_time\" content=\"2026-01-07T06:01:14+00:00\" \/>\n<meta property=\"og:image\" content=\"https:\/\/www.purejewels.com\/wp-content\/uploads\/2021\/12\/40875.jpg\" \/>\n\t<meta property=\"og:image:width\" content=\"1000\" \/>\n\t<meta property=\"og:image:height\" content=\"1000\" \/>\n\t<meta property=\"og:image:type\" content=\"image\/jpeg\" \/>\n<meta name=\"twitter:card\" content=\"summary_large_image\" \/>\n<meta name=\"twitter:label1\" content=\"Tahmini okuma s\u00fcresi\" \/>\n\t<meta name=\"twitter:data1\" content=\"1 dakika\" \/>\n<script type=\"application\/ld+json\" class=\"yoast-schema-graph\">{\"@context\":\"https:\\\/\\\/schema.org\",\"@graph\":[{\"@type\":[\"WebPage\",\"ItemPage\"],\"@id\":\"https:\\\/\\\/www.purejewels.com\\\/product\\\/indian-gold-wedding-rings-40875\\\/\",\"url\":\"https:\\\/\\\/www.purejewels.com\\\/product\\\/indian-gold-wedding-rings-40875\\\/\",\"name\":\"Gold Wedding Rings in UK | Latest Gold Rings | PureJewels.com\",\"isPartOf\":{\"@id\":\"https:\\\/\\\/www.purejewels.com\\\/#website\"},\"primaryImageOfPage\":{\"@id\":\"https:\\\/\\\/www.purejewels.com\\\/product\\\/indian-gold-wedding-rings-40875\\\/#primaryimage\"},\"image\":{\"@id\":\"https:\\\/\\\/www.purejewels.com\\\/product\\\/indian-gold-wedding-rings-40875\\\/#primaryimage\"},\"thumbnailUrl\":\"https:\\\/\\\/static.purejewels.com\\\/wp-content\\\/uploads\\\/2021\\\/12\\\/40875.jpg\",\"datePublished\":\"2021-12-16T11:31:11+00:00\",\"dateModified\":\"2026-01-07T06:01:14+00:00\",\"description\":\"Wedding Rings Online in the UK | Latest Rings & Wedding Bands at the Best Price in the UK | Free Delivery & Hassle-Free Returns\",\"breadcrumb\":{\"@id\":\"https:\\\/\\\/www.purejewels.com\\\/product\\\/indian-gold-wedding-rings-40875\\\/#breadcrumb\"},\"inLanguage\":\"tr\",\"potentialAction\":[{\"@type\":\"ReadAction\",\"target\":[\"https:\\\/\\\/www.purejewels.com\\\/product\\\/indian-gold-wedding-rings-40875\\\/\"]}]},{\"@type\":\"ImageObject\",\"inLanguage\":\"tr\",\"@id\":\"https:\\\/\\\/www.purejewels.com\\\/product\\\/indian-gold-wedding-rings-40875\\\/#primaryimage\",\"url\":\"https:\\\/\\\/static.purejewels.com\\\/wp-content\\\/uploads\\\/2021\\\/12\\\/40875.jpg\",\"contentUrl\":\"https:\\\/\\\/static.purejewels.com\\\/wp-content\\\/uploads\\\/2021\\\/12\\\/40875.jpg\",\"width\":1000,\"height\":1000,\"caption\":\"22ct Gold Ring 40875\"},{\"@type\":\"BreadcrumbList\",\"@id\":\"https:\\\/\\\/www.purejewels.com\\\/product\\\/indian-gold-wedding-rings-40875\\\/#breadcrumb\",\"itemListElement\":[{\"@type\":\"ListItem\",\"position\":1,\"name\":\"Home\",\"item\":\"https:\\\/\\\/www.purejewels.com\\\/\"},{\"@type\":\"ListItem\",\"position\":2,\"name\":\"Shop\",\"item\":\"https:\\\/\\\/www.purejewels.com\\\/shop\\\/\"},{\"@type\":\"ListItem\",\"position\":3,\"name\":\"Indian Gold Wedding Rings UK\"}]},{\"@type\":\"WebSite\",\"@id\":\"https:\\\/\\\/www.purejewels.com\\\/#website\",\"url\":\"https:\\\/\\\/www.purejewels.com\\\/\",\"name\":\"PureJewels UK\",\"description\":\"Share the Love\",\"publisher\":{\"@id\":\"https:\\\/\\\/www.purejewels.com\\\/#organization\"},\"potentialAction\":[{\"@type\":\"SearchAction\",\"target\":{\"@type\":\"EntryPoint\",\"urlTemplate\":\"https:\\\/\\\/www.purejewels.com\\\/?s={search_term_string}\"},\"query-input\":{\"@type\":\"PropertyValueSpecification\",\"valueRequired\":true,\"valueName\":\"search_term_string\"}}],\"inLanguage\":\"tr\"},{\"@type\":\"Organization\",\"@id\":\"https:\\\/\\\/www.purejewels.com\\\/#organization\",\"name\":\"PureJewels UK\",\"url\":\"https:\\\/\\\/www.purejewels.com\\\/\",\"logo\":{\"@type\":\"ImageObject\",\"inLanguage\":\"tr\",\"@id\":\"https:\\\/\\\/www.purejewels.com\\\/#\\\/schema\\\/logo\\\/image\\\/\",\"url\":\"https:\\\/\\\/static.purejewels.com\\\/wp-content\\\/uploads\\\/2020\\\/11\\\/Logo-PJ-New-1.png\",\"contentUrl\":\"https:\\\/\\\/static.purejewels.com\\\/wp-content\\\/uploads\\\/2020\\\/11\\\/Logo-PJ-New-1.png\",\"width\":150,\"height\":80,\"caption\":\"PureJewels UK\"},\"image\":{\"@id\":\"https:\\\/\\\/www.purejewels.com\\\/#\\\/schema\\\/logo\\\/image\\\/\"}}]}<\/script>\n<!-- \/ Yoast SEO plugin. -->","yoast_head_json":{"title":"\u0130ngiltere'de Alt\u0131n Alyanslar | Son Alt\u0131n Y\u00fcz\u00fckler | PureJewels.com","description":"\u0130ngiltere'de Online Alyanslar | \u0130ngiltere'de En \u0130yi Fiyata En Yeni Y\u00fcz\u00fckler ve Alyanslar | \u00dccretsiz Teslimat ve Sorunsuz \u0130ade","robots":{"index":"index","follow":"follow","max-snippet":"max-snippet:-1","max-image-preview":"max-image-preview:large","max-video-preview":"max-video-preview:-1"},"canonical":"https:\/\/www.purejewels.com\/tr\/urun\/hint-altin-alyans-40875\/","og_locale":"tr_TR","og_type":"article","og_title":"Gold Wedding Rings in UK | Latest Gold Rings | PureJewels.com","og_description":"Wedding Rings Online in the UK | Latest Rings & Wedding Bands at the Best Price in the UK | Free Delivery & Hassle-Free Returns","og_url":"https:\/\/www.purejewels.com\/tr\/urun\/hint-altin-alyans-40875\/","og_site_name":"PureJewels UK","article_modified_time":"2026-01-07T06:01:14+00:00","og_image":[{"width":1000,"height":1000,"url":"https:\/\/www.purejewels.com\/wp-content\/uploads\/2021\/12\/40875.jpg","type":"image\/jpeg"}],"twitter_card":"summary_large_image","twitter_misc":{"Tahmini okuma s\u00fcresi":"1 dakika"},"schema":{"@context":"https:\/\/schema.org","@graph":[{"@type":["WebPage","ItemPage"],"@id":"https:\/\/www.purejewels.com\/product\/indian-gold-wedding-rings-40875\/","url":"https:\/\/www.purejewels.com\/product\/indian-gold-wedding-rings-40875\/","name":"\u0130ngiltere'de Alt\u0131n Alyanslar | Son Alt\u0131n Y\u00fcz\u00fckler | PureJewels.com","isPartOf":{"@id":"https:\/\/www.purejewels.com\/#website"},"primaryImageOfPage":{"@id":"https:\/\/www.purejewels.com\/product\/indian-gold-wedding-rings-40875\/#primaryimage"},"image":{"@id":"https:\/\/www.purejewels.com\/product\/indian-gold-wedding-rings-40875\/#primaryimage"},"thumbnailUrl":"https:\/\/static.purejewels.com\/wp-content\/uploads\/2021\/12\/40875.jpg","datePublished":"2021-12-16T11:31:11+00:00","dateModified":"2026-01-07T06:01:14+00:00","description":"\u0130ngiltere'de Online Alyanslar | \u0130ngiltere'de En \u0130yi Fiyata En Yeni Y\u00fcz\u00fckler ve Alyanslar | \u00dccretsiz Teslimat ve Sorunsuz \u0130ade","breadcrumb":{"@id":"https:\/\/www.purejewels.com\/product\/indian-gold-wedding-rings-40875\/#breadcrumb"},"inLanguage":"tr","potentialAction":[{"@type":"ReadAction","target":["https:\/\/www.purejewels.com\/product\/indian-gold-wedding-rings-40875\/"]}]},{"@type":"ImageObject","inLanguage":"tr","@id":"https:\/\/www.purejewels.com\/product\/indian-gold-wedding-rings-40875\/#primaryimage","url":"https:\/\/static.purejewels.com\/wp-content\/uploads\/2021\/12\/40875.jpg","contentUrl":"https:\/\/static.purejewels.com\/wp-content\/uploads\/2021\/12\/40875.jpg","width":1000,"height":1000,"caption":"22ct Gold Ring 40875"},{"@type":"BreadcrumbList","@id":"https:\/\/www.purejewels.com\/product\/indian-gold-wedding-rings-40875\/#breadcrumb","itemListElement":[{"@type":"ListItem","position":1,"name":"Home","item":"https:\/\/www.purejewels.com\/"},{"@type":"ListItem","position":2,"name":"Shop","item":"https:\/\/www.purejewels.com\/shop\/"},{"@type":"ListItem","position":3,"name":"Indian Gold Wedding Rings UK"}]},{"@type":"WebSite","@id":"https:\/\/www.purejewels.com\/#website","url":"https:\/\/www.purejewels.com\/","name":"PureJewels \u0130ngiltere","description":"Sevgiyi Payla\u015f\u0131n","publisher":{"@id":"https:\/\/www.purejewels.com\/#organization"},"potentialAction":[{"@type":"SearchAction","target":{"@type":"EntryPoint","urlTemplate":"https:\/\/www.purejewels.com\/?s={search_term_string}"},"query-input":{"@type":"PropertyValueSpecification","valueRequired":true,"valueName":"search_term_string"}}],"inLanguage":"tr"},{"@type":"Organization","@id":"https:\/\/www.purejewels.com\/#organization","name":"PureJewels \u0130ngiltere","url":"https:\/\/www.purejewels.com\/","logo":{"@type":"ImageObject","inLanguage":"tr","@id":"https:\/\/www.purejewels.com\/#\/schema\/logo\/image\/","url":"https:\/\/static.purejewels.com\/wp-content\/uploads\/2020\/11\/Logo-PJ-New-1.png","contentUrl":"https:\/\/static.purejewels.com\/wp-content\/uploads\/2020\/11\/Logo-PJ-New-1.png","width":150,"height":80,"caption":"PureJewels UK"},"image":{"@id":"https:\/\/www.purejewels.com\/#\/schema\/logo\/image\/"}}]}},"_links":{"self":[{"href":"https:\/\/www.purejewels.com\/tr\/wp-json\/wp\/v2\/product\/330276","targetHints":{"allow":["GET"]}}],"collection":[{"href":"https:\/\/www.purejewels.com\/tr\/wp-json\/wp\/v2\/product"}],"about":[{"href":"https:\/\/www.purejewels.com\/tr\/wp-json\/wp\/v2\/types\/product"}],"replies":[{"embeddable":true,"href":"https:\/\/www.purejewels.com\/tr\/wp-json\/wp\/v2\/comments?post=330276"}],"version-history":[{"count":0,"href":"https:\/\/www.purejewels.com\/tr\/wp-json\/wp\/v2\/product\/330276\/revisions"}],"wp:featuredmedia":[{"embeddable":true,"href":"https:\/\/www.purejewels.com\/tr\/wp-json\/wp\/v2\/media\/330278"}],"wp:attachment":[{"href":"https:\/\/www.purejewels.com\/tr\/wp-json\/wp\/v2\/media?parent=330276"}],"wp:term":[{"taxonomy":"product_brand","embeddable":true,"href":"https:\/\/www.purejewels.com\/tr\/wp-json\/wp\/v2\/product_brand?post=330276"},{"taxonomy":"product_cat","embeddable":true,"href":"https:\/\/www.purejewels.com\/tr\/wp-json\/wp\/v2\/product_cat?post=330276"},{"taxonomy":"product_tag","embeddable":true,"href":"https:\/\/www.purejewels.com\/tr\/wp-json\/wp\/v2\/product_tag?post=330276"}],"curies":[{"name":"wp","href":"https:\/\/api.w.org\/{rel}","templated":true}]}}