{"id":330283,"date":"2021-12-16T11:48:27","date_gmt":"2021-12-16T11:48:27","guid":{"rendered":"https:\/\/www.purejewels.com\/?post_type=product&#038;p=330283"},"modified":"2026-01-07T05:58:13","modified_gmt":"2026-01-07T05:58:13","slug":"altin-yuzuk-40878","status":"publish","type":"product","link":"https:\/\/www.purejewels.com\/tr\/product\/gold-ring-40878\/","title":{"rendered":"Kad\u0131nlar \u0130\u00e7in Alt\u0131n Y\u00fcz\u00fck L 1\/2 Beden"},"content":{"rendered":"<h3>\u0130lham kayna\u011f\u0131<\/h3>\n<p>Bu tarz y\u00fcz\u00fckler geleneksel olarak Vanki y\u00fcz\u00fc\u011f\u00fc olarak adland\u0131r\u0131l\u0131r. Vanki, Maharashtrian k\u00fclt\u00fcr\u00fcnde kad\u0131nlar taraf\u0131ndan d\u00fc\u011f\u00fcn k\u0131yafetleri ve m\u00fccevherleriyle birlikte tak\u0131lan bir kol tak\u0131s\u0131d\u0131r ve tasar\u0131mc\u0131lar\u0131m\u0131z taraf\u0131ndan g\u00fczel bir y\u00fcz\u00fc\u011fe d\u00f6n\u00fc\u015ft\u00fcr\u00fclm\u00fc\u015ft\u00fcr. Vanki, bir kad\u0131n\u0131n g\u00fcc\u00fcn\u00fc, g\u00fczelli\u011fini ve sertli\u011fini kutlar ve Purejewels'in bu Vanki Y\u00fcz\u00fc\u011f\u00fc de \u00f6yle.<\/p>\n<h3>Tasar\u0131m<\/h3>\n<p>Bu <strong>alt\u0131n y\u00fcz\u00fck<\/strong> sadece tasar\u0131m\u0131yla de\u011fil, ta\u015f\u0131d\u0131\u011f\u0131 anlamla da benzersizdir. Di\u015fili\u011fi ve kad\u0131nl\u0131\u011f\u0131 tasvir eder ve tak\u0131ld\u0131\u011f\u0131nda g\u00fczel evlilik ba\u011f\u0131n\u0131n, sonsuz sevginin ve ba\u011fl\u0131l\u0131\u011f\u0131n bir sembol\u00fc haline gelir. Kad\u0131nlar i\u00e7in alt\u0131n alyanslar bir\u00e7ok tasar\u0131ma sahiptir, Purejewels'in bu y\u00fcz\u00fc\u011f\u00fc t\u00fcr\u00fcn\u00fcn tek \u00f6rne\u011fi bir yap\u0131ya sahiptir ve yuvarlak bir V \u015feklindedir. 22 ayar saf ve de\u011ferli alt\u0131ndan oyulmu\u015ftur ve 1,4 gram a\u011f\u0131rl\u0131\u011f\u0131ndad\u0131r. Narin yap\u0131s\u0131, parlak bir \u015fekilde kesilmi\u015f ve t\u0131pk\u0131 do\u011fal elmaslar\u0131nki gibi bir cazibeye sahip olan parlak ve \u0131\u015f\u0131lt\u0131l\u0131 K\u00fcbik zirkon ta\u015flarla s\u00fcslenmi\u015ftir.<\/p>\n<h3>Stil<\/h3>\n<p>Vanki ni\u015fan y\u00fcz\u00fc\u011f\u00fcm\u00fcz\u00fc koleksiyonumuzdaki di\u011fer beyaz alt\u0131n kad\u0131n y\u00fcz\u00fckleriyle birlikte takabilir veya tek ba\u015f\u0131na \u0131\u015f\u0131ldamas\u0131na izin vererek g\u00f6r\u00fcn\u00fcm\u00fcn\u00fcz\u00fc minimal ve zarif tutabilirsiniz. Bu tarz, Aishwarya Rai Bachhan'\u0131n ni\u015fan\u0131ndan sonra bir Vanki y\u00fcz\u00fck takarken g\u00f6r\u00fclmesiyle pop\u00fcler hale geldi.<\/p>","protected":false},"excerpt":{"rendered":"<table>\n<tbody>\n<tr>\n<td>Y\u00fcz\u00fck Tipi<\/td>\n<td>Bayan Y\u00fcz\u00fck<\/td>\n<\/tr>\n<tr>\n<td>SKU<\/td>\n<td>43359<\/td>\n<\/tr>\n<tr>\n<td>A\u011f\u0131rl\u0131k<\/td>\n<td>2.2 Gms<\/td>\n<\/tr>\n<tr>\n<td>Y\u00fcz\u00fck \u00d6l\u00e7\u00fcs\u00fc<\/td>\n<td>L 1\/2<\/td>\n<\/tr>\n<tr>\n<td>Cinsiyet<\/td>\n<td>Bayanlar<\/td>\n<\/tr>\n<tr>\n<td>\u00dccretler<\/td>\n<td>Teslimat ve KDV Dahil<\/td>\n<\/tr>\n<tr>\n<td>Paketleme<\/td>\n<td>Sunum Kutusu ile Birlikte Gelir<\/td>\n<\/tr>\n<tr>\n<td>Daha Fazla Bilgi<\/td>\n<td>\n<ul>\n<li>M\u00fcsaitlik durumu ve daha fazla resim i\u00e7in bizimle canl\u0131 sohbet edin<\/li>\n<li>Kontrol etmek i\u00e7in buraya t\u0131klay\u0131n\u00a0<strong>Y\u00fcz\u00fck \u00d6l\u00e7\u00fcs\u00fc<\/strong><\/li>\n<li>Alt\u0131n Y\u00fcz\u00fck Koleksiyonumuzu Ke\u015ffedin<\/li>\n<\/ul>\n<\/td>\n<\/tr>\n<tr>\n<td>Aral\u0131kID<\/td>\n<td>YGLR378<\/td>\n<\/tr>\n<\/tbody>\n<\/table>","protected":false},"featured_media":330284,"comment_status":"closed","ping_status":"closed","template":"","meta":{"_eb_attr":"","_crsspst_to_jayantr4sg-hostcom":false},"product_brand":[],"product_cat":[1791,1785,231,1235,5343,1783,226,1574],"product_tag":[],"class_list":{"0":"post-330283","1":"product","2":"type-product","3":"status-publish","4":"has-post-thumbnail","6":"product_cat-anniversary-gifts","7":"product_cat-daily-wear-rings","8":"product_cat-engagement-rings","9":"product_cat-gold-rings","10":"product_cat-jewellery-under-550","11":"product_cat-ladies-rings","12":"product_cat-wedding-rings-bands","13":"product_cat-womens-jewellery","15":"first","16":"outofstock","17":"taxable","18":"shipping-taxable","19":"product-type-simple","20":"add-to-wishlist-before_image"},"yoast_head":"<!-- This site is optimized with the Yoast SEO plugin v27.6 - https:\/\/yoast.com\/product\/yoast-seo-wordpress\/ -->\n<title>Gold Ring online for women in UK | PureJewels.com<\/title>\n<meta name=\"description\" content=\"Vanki Design Gold Ring for women in UK | Shop Certified jewelry | Shop latest god rings PureJewels.com\" \/>\n<meta name=\"robots\" content=\"index, follow, max-snippet:-1, max-image-preview:large, max-video-preview:-1\" \/>\n<link rel=\"canonical\" href=\"https:\/\/www.purejewels.com\/tr\/urun\/altin-yuzuk-40878\/\" \/>\n<meta property=\"og:locale\" content=\"tr_TR\" \/>\n<meta property=\"og:type\" content=\"article\" \/>\n<meta property=\"og:title\" content=\"Gold Ring online for women in UK | PureJewels.com\" \/>\n<meta property=\"og:description\" content=\"Vanki Design Gold Ring for women in UK | Shop Certified jewelry | Shop latest god rings PureJewels.com\" \/>\n<meta property=\"og:url\" content=\"https:\/\/www.purejewels.com\/tr\/urun\/altin-yuzuk-40878\/\" \/>\n<meta property=\"og:site_name\" content=\"PureJewels UK\" \/>\n<meta property=\"article:modified_time\" content=\"2026-01-07T05:58:13+00:00\" \/>\n<meta property=\"og:image\" content=\"https:\/\/www.purejewels.com\/wp-content\/uploads\/2021\/12\/40878-1.jpg\" \/>\n\t<meta property=\"og:image:width\" content=\"1000\" \/>\n\t<meta property=\"og:image:height\" content=\"1000\" \/>\n\t<meta property=\"og:image:type\" content=\"image\/jpeg\" \/>\n<meta name=\"twitter:card\" content=\"summary_large_image\" \/>\n<meta name=\"twitter:label1\" content=\"Tahmini okuma s\u00fcresi\" \/>\n\t<meta name=\"twitter:data1\" content=\"1 dakika\" \/>\n<script type=\"application\/ld+json\" class=\"yoast-schema-graph\">{\"@context\":\"https:\\\/\\\/schema.org\",\"@graph\":[{\"@type\":[\"WebPage\",\"ItemPage\"],\"@id\":\"https:\\\/\\\/www.purejewels.com\\\/product\\\/gold-ring-40878\\\/\",\"url\":\"https:\\\/\\\/www.purejewels.com\\\/product\\\/gold-ring-40878\\\/\",\"name\":\"Gold Ring online for women in UK | PureJewels.com\",\"isPartOf\":{\"@id\":\"https:\\\/\\\/www.purejewels.com\\\/#website\"},\"primaryImageOfPage\":{\"@id\":\"https:\\\/\\\/www.purejewels.com\\\/product\\\/gold-ring-40878\\\/#primaryimage\"},\"image\":{\"@id\":\"https:\\\/\\\/www.purejewels.com\\\/product\\\/gold-ring-40878\\\/#primaryimage\"},\"thumbnailUrl\":\"https:\\\/\\\/static.purejewels.com\\\/wp-content\\\/uploads\\\/2021\\\/12\\\/40878-1.jpg\",\"datePublished\":\"2021-12-16T11:48:27+00:00\",\"dateModified\":\"2026-01-07T05:58:13+00:00\",\"description\":\"Vanki Design Gold Ring for women in UK | Shop Certified jewelry | Shop latest god rings PureJewels.com\",\"breadcrumb\":{\"@id\":\"https:\\\/\\\/www.purejewels.com\\\/product\\\/gold-ring-40878\\\/#breadcrumb\"},\"inLanguage\":\"tr\",\"potentialAction\":[{\"@type\":\"ReadAction\",\"target\":[\"https:\\\/\\\/www.purejewels.com\\\/product\\\/gold-ring-40878\\\/\"]}]},{\"@type\":\"ImageObject\",\"inLanguage\":\"tr\",\"@id\":\"https:\\\/\\\/www.purejewels.com\\\/product\\\/gold-ring-40878\\\/#primaryimage\",\"url\":\"https:\\\/\\\/static.purejewels.com\\\/wp-content\\\/uploads\\\/2021\\\/12\\\/40878-1.jpg\",\"contentUrl\":\"https:\\\/\\\/static.purejewels.com\\\/wp-content\\\/uploads\\\/2021\\\/12\\\/40878-1.jpg\",\"width\":1000,\"height\":1000,\"caption\":\"Gold Ring For Women Size L 1\\\/2 40878-1\"},{\"@type\":\"BreadcrumbList\",\"@id\":\"https:\\\/\\\/www.purejewels.com\\\/product\\\/gold-ring-40878\\\/#breadcrumb\",\"itemListElement\":[{\"@type\":\"ListItem\",\"position\":1,\"name\":\"Home\",\"item\":\"https:\\\/\\\/www.purejewels.com\\\/\"},{\"@type\":\"ListItem\",\"position\":2,\"name\":\"Shop\",\"item\":\"https:\\\/\\\/www.purejewels.com\\\/shop\\\/\"},{\"@type\":\"ListItem\",\"position\":3,\"name\":\"Gold Ring For Women Size L 1\\\/2\"}]},{\"@type\":\"WebSite\",\"@id\":\"https:\\\/\\\/www.purejewels.com\\\/#website\",\"url\":\"https:\\\/\\\/www.purejewels.com\\\/\",\"name\":\"PureJewels UK\",\"description\":\"Share the Love\",\"publisher\":{\"@id\":\"https:\\\/\\\/www.purejewels.com\\\/#organization\"},\"potentialAction\":[{\"@type\":\"SearchAction\",\"target\":{\"@type\":\"EntryPoint\",\"urlTemplate\":\"https:\\\/\\\/www.purejewels.com\\\/?s={search_term_string}\"},\"query-input\":{\"@type\":\"PropertyValueSpecification\",\"valueRequired\":true,\"valueName\":\"search_term_string\"}}],\"inLanguage\":\"tr\"},{\"@type\":\"Organization\",\"@id\":\"https:\\\/\\\/www.purejewels.com\\\/#organization\",\"name\":\"PureJewels UK\",\"url\":\"https:\\\/\\\/www.purejewels.com\\\/\",\"logo\":{\"@type\":\"ImageObject\",\"inLanguage\":\"tr\",\"@id\":\"https:\\\/\\\/www.purejewels.com\\\/#\\\/schema\\\/logo\\\/image\\\/\",\"url\":\"https:\\\/\\\/static.purejewels.com\\\/wp-content\\\/uploads\\\/2020\\\/11\\\/Logo-PJ-New-1.png\",\"contentUrl\":\"https:\\\/\\\/static.purejewels.com\\\/wp-content\\\/uploads\\\/2020\\\/11\\\/Logo-PJ-New-1.png\",\"width\":150,\"height\":80,\"caption\":\"PureJewels UK\"},\"image\":{\"@id\":\"https:\\\/\\\/www.purejewels.com\\\/#\\\/schema\\\/logo\\\/image\\\/\"}}]}<\/script>\n<!-- \/ Yoast SEO plugin. -->","yoast_head_json":{"title":"\u0130ngiltere'de kad\u0131nlar i\u00e7in online Alt\u0131n Y\u00fcz\u00fck | PureJewels.com","description":"\u0130ngiltere'de kad\u0131nlar i\u00e7in Vanki Tasar\u0131m Alt\u0131n Y\u00fcz\u00fck | Sertifikal\u0131 m\u00fccevher al\u0131\u015fveri\u015fi | En yeni tanr\u0131 y\u00fcz\u00fcklerini sat\u0131n al\u0131n PureJewels.com","robots":{"index":"index","follow":"follow","max-snippet":"max-snippet:-1","max-image-preview":"max-image-preview:large","max-video-preview":"max-video-preview:-1"},"canonical":"https:\/\/www.purejewels.com\/tr\/urun\/altin-yuzuk-40878\/","og_locale":"tr_TR","og_type":"article","og_title":"Gold Ring online for women in UK | PureJewels.com","og_description":"Vanki Design Gold Ring for women in UK | Shop Certified jewelry | Shop latest god rings PureJewels.com","og_url":"https:\/\/www.purejewels.com\/tr\/urun\/altin-yuzuk-40878\/","og_site_name":"PureJewels UK","article_modified_time":"2026-01-07T05:58:13+00:00","og_image":[{"width":1000,"height":1000,"url":"https:\/\/www.purejewels.com\/wp-content\/uploads\/2021\/12\/40878-1.jpg","type":"image\/jpeg"}],"twitter_card":"summary_large_image","twitter_misc":{"Tahmini okuma s\u00fcresi":"1 dakika"},"schema":{"@context":"https:\/\/schema.org","@graph":[{"@type":["WebPage","ItemPage"],"@id":"https:\/\/www.purejewels.com\/product\/gold-ring-40878\/","url":"https:\/\/www.purejewels.com\/product\/gold-ring-40878\/","name":"\u0130ngiltere'de kad\u0131nlar i\u00e7in online Alt\u0131n Y\u00fcz\u00fck | PureJewels.com","isPartOf":{"@id":"https:\/\/www.purejewels.com\/#website"},"primaryImageOfPage":{"@id":"https:\/\/www.purejewels.com\/product\/gold-ring-40878\/#primaryimage"},"image":{"@id":"https:\/\/www.purejewels.com\/product\/gold-ring-40878\/#primaryimage"},"thumbnailUrl":"https:\/\/static.purejewels.com\/wp-content\/uploads\/2021\/12\/40878-1.jpg","datePublished":"2021-12-16T11:48:27+00:00","dateModified":"2026-01-07T05:58:13+00:00","description":"\u0130ngiltere'de kad\u0131nlar i\u00e7in Vanki Tasar\u0131m Alt\u0131n Y\u00fcz\u00fck | Sertifikal\u0131 m\u00fccevher al\u0131\u015fveri\u015fi | En yeni tanr\u0131 y\u00fcz\u00fcklerini sat\u0131n al\u0131n PureJewels.com","breadcrumb":{"@id":"https:\/\/www.purejewels.com\/product\/gold-ring-40878\/#breadcrumb"},"inLanguage":"tr","potentialAction":[{"@type":"ReadAction","target":["https:\/\/www.purejewels.com\/product\/gold-ring-40878\/"]}]},{"@type":"ImageObject","inLanguage":"tr","@id":"https:\/\/www.purejewels.com\/product\/gold-ring-40878\/#primaryimage","url":"https:\/\/static.purejewels.com\/wp-content\/uploads\/2021\/12\/40878-1.jpg","contentUrl":"https:\/\/static.purejewels.com\/wp-content\/uploads\/2021\/12\/40878-1.jpg","width":1000,"height":1000,"caption":"Gold Ring For Women Size L 1\/2 40878-1"},{"@type":"BreadcrumbList","@id":"https:\/\/www.purejewels.com\/product\/gold-ring-40878\/#breadcrumb","itemListElement":[{"@type":"ListItem","position":1,"name":"Home","item":"https:\/\/www.purejewels.com\/"},{"@type":"ListItem","position":2,"name":"Shop","item":"https:\/\/www.purejewels.com\/shop\/"},{"@type":"ListItem","position":3,"name":"Gold Ring For Women Size L 1\/2"}]},{"@type":"WebSite","@id":"https:\/\/www.purejewels.com\/#website","url":"https:\/\/www.purejewels.com\/","name":"PureJewels \u0130ngiltere","description":"Sevgiyi Payla\u015f\u0131n","publisher":{"@id":"https:\/\/www.purejewels.com\/#organization"},"potentialAction":[{"@type":"SearchAction","target":{"@type":"EntryPoint","urlTemplate":"https:\/\/www.purejewels.com\/?s={search_term_string}"},"query-input":{"@type":"PropertyValueSpecification","valueRequired":true,"valueName":"search_term_string"}}],"inLanguage":"tr"},{"@type":"Organization","@id":"https:\/\/www.purejewels.com\/#organization","name":"PureJewels \u0130ngiltere","url":"https:\/\/www.purejewels.com\/","logo":{"@type":"ImageObject","inLanguage":"tr","@id":"https:\/\/www.purejewels.com\/#\/schema\/logo\/image\/","url":"https:\/\/static.purejewels.com\/wp-content\/uploads\/2020\/11\/Logo-PJ-New-1.png","contentUrl":"https:\/\/static.purejewels.com\/wp-content\/uploads\/2020\/11\/Logo-PJ-New-1.png","width":150,"height":80,"caption":"PureJewels UK"},"image":{"@id":"https:\/\/www.purejewels.com\/#\/schema\/logo\/image\/"}}]}},"_links":{"self":[{"href":"https:\/\/www.purejewels.com\/tr\/wp-json\/wp\/v2\/product\/330283","targetHints":{"allow":["GET"]}}],"collection":[{"href":"https:\/\/www.purejewels.com\/tr\/wp-json\/wp\/v2\/product"}],"about":[{"href":"https:\/\/www.purejewels.com\/tr\/wp-json\/wp\/v2\/types\/product"}],"replies":[{"embeddable":true,"href":"https:\/\/www.purejewels.com\/tr\/wp-json\/wp\/v2\/comments?post=330283"}],"version-history":[{"count":2,"href":"https:\/\/www.purejewels.com\/tr\/wp-json\/wp\/v2\/product\/330283\/revisions"}],"predecessor-version":[{"id":370895,"href":"https:\/\/www.purejewels.com\/tr\/wp-json\/wp\/v2\/product\/330283\/revisions\/370895"}],"wp:featuredmedia":[{"embeddable":true,"href":"https:\/\/www.purejewels.com\/tr\/wp-json\/wp\/v2\/media\/330284"}],"wp:attachment":[{"href":"https:\/\/www.purejewels.com\/tr\/wp-json\/wp\/v2\/media?parent=330283"}],"wp:term":[{"taxonomy":"product_brand","embeddable":true,"href":"https:\/\/www.purejewels.com\/tr\/wp-json\/wp\/v2\/product_brand?post=330283"},{"taxonomy":"product_cat","embeddable":true,"href":"https:\/\/www.purejewels.com\/tr\/wp-json\/wp\/v2\/product_cat?post=330283"},{"taxonomy":"product_tag","embeddable":true,"href":"https:\/\/www.purejewels.com\/tr\/wp-json\/wp\/v2\/product_tag?post=330283"}],"curies":[{"name":"wp","href":"https:\/\/api.w.org\/{rel}","templated":true}]}}