{"id":330383,"date":"2022-06-22T01:47:53","date_gmt":"2022-06-22T00:47:53","guid":{"rendered":"https:\/\/www.purejewels.com\/?post_type=product&#038;p=330383"},"modified":"2026-01-06T09:45:07","modified_gmt":"2026-01-06T09:45:07","slug":"bayanlar-icin-22-ayar-altin-bilezik-42733","status":"publish","type":"product","link":"https:\/\/www.purejewels.com\/tr\/product\/22-carat-gold-bracelet-for-ladies-42733\/","title":{"rendered":"Bayanlar \u0130\u00e7in 22 Ayar Alt\u0131n Bileklik | Rodyum Kaplama | 6,5 \u0130n\u00e7"},"content":{"rendered":"<p>Bu muhte\u015fem \u00e7ift tonlu 22 karat <strong><a href=\"https:\/\/www.purejewels.com\/tr\/product\/22ct-gold-mens-bracelet\/\">alt\u0131n bilezik<\/a><\/strong> G\u00f6r\u00fcn\u00fcm\u00fcn\u00fcz\u00fc zarif tutarken abart\u0131ya ka\u00e7mak istiyorsan\u0131z bu alt\u0131n sizin i\u00e7in m\u00fckemmeldir. Bu 22 ayar alt\u0131n <a href=\"https:\/\/www.purejewels.com\/tr\/product-category\/22ct-gold-jewellery\/gold-bracelet\/\">Bilezik<\/a> \u0130ngiltere'de m\u00fckemmel zarif buklelere ve ba\u015fka hi\u00e7bir \u015feye benzemeyen \u0131\u015f\u0131lt\u0131lara sahip.<\/p>\n<h3><strong>Tasar\u0131m<\/strong><\/h3>\n<p>Bu g\u00f6z al\u0131c\u0131 alt\u0131n bilezik, kendinizi \u015f\u0131k hissetmenizi sa\u011flarken ayn\u0131 zamanda ihtiya\u00e7 duydu\u011funuz inceli\u011fi de koruyarak arad\u0131\u011f\u0131n\u0131z m\u00fckemmel dengeyi yakalaman\u0131z\u0131 sa\u011flar. Bu \u00f6zenle haz\u0131rlanm\u0131\u015f \u00e7ift tonlu bileklik saf 22 ayar alt\u0131ndan \u00fcretilmi\u015ftir. Bu g\u00fczelli\u011fin tasar\u0131m\u0131, bir araya gelen ve sonuna kadar devam eden karma\u015f\u0131k girdapl\u0131 yap\u0131larla ba\u015flar. Girdapl\u0131 her bir \u00f6\u011fe, devam eden bir desende bir araya gelen minyat\u00fcr rawalarla ayr\u0131nt\u0131l\u0131 bir \u015fekilde detayland\u0131r\u0131lm\u0131\u015ft\u0131r. Ayr\u0131ca, bu unsurlar l\u00fcks bir g\u00f6r\u00fcn\u00fcm elde etmek i\u00e7in iki tonda ince bir \u015fekilde i\u015flenmi\u015f ve kaplanm\u0131\u015ft\u0131r. \u0130\u00e7 k\u0131s\u0131m rodyum kaplan\u0131rken kenarlara bakmaya de\u011fer el detaylar\u0131 verilmi\u015ftir. Purejewels'in bu 22 ayar alt\u0131n kad\u0131n bilezi\u011fi, onu di\u011ferlerinden ay\u0131ran minimal ama dramatik bir dokunu\u015fa sahiptir.<\/p>\n<h3>Stil<\/h3>\n<p>Purejewls'in el yap\u0131m\u0131 bu s\u00fcsl\u00fc bilezi\u011fini, g\u00fczelli\u011finizi ve cesur benli\u011finizi kucaklarken, abart\u0131l\u0131 Hint k\u0131yafetlerinizle, Bat\u0131 k\u0131yafetlerinizle veya hatta resmi ofis k\u0131yafetlerinizle birlikte takabilirsiniz. Tek ba\u015f\u0131na tak\u0131n veya koleksiyonumuzdaki di\u011fer bilek g\u00fczellikleriyle birlikte istifleyin, kal\u0131c\u0131 bir izlenim b\u0131rakaca\u011f\u0131 kesin. E\u015fle\u015fen kolyeyi bulmak i\u00e7in daha fazla kayd\u0131rabilirsiniz ve <a href=\"https:\/\/www.purejewels.com\/tr\/product-category\/22ct-gold-jewellery\/gold-earrings\/\">K\u00fcpeler<\/a> tam bir set olarak giymek i\u00e7in.<\/p>\n<p>&nbsp;<\/p>\n<p><b>Aral\u0131k Kimli\u011fi <\/b>YGBR022<\/p>","protected":false},"excerpt":{"rendered":"<div class=\"woocommerce-product-details__short-description\">\n<table class=\"sh_desc\">\n<tbody>\n<tr>\n<td>Bilezik T\u00fcr\u00fc<\/td>\n<td>Twist Bileklik<\/td>\n<\/tr>\n<tr>\n<td>SKU<\/td>\n<td>44306<\/td>\n<\/tr>\n<tr>\n<td>A\u011f\u0131rl\u0131k<\/td>\n<td>7.4 Gms<\/td>\n<\/tr>\n<tr>\n<td>Metal<\/td>\n<td>22 Ayar Alt\u0131n<\/td>\n<\/tr>\n<tr>\n<td>Uzunluk<\/td>\n<td>6,5 in\u00e7<\/td>\n<\/tr>\n<tr>\n<td>\u00dccretler<\/td>\n<td>Teslimat ve KDV Dahil<\/td>\n<\/tr>\n<tr>\n<td>Paketleme<\/td>\n<td>Sunum Kutusu ile Birlikte Gelir<\/td>\n<\/tr>\n<tr>\n<td>Daha Fazla Bilgi<\/td>\n<td>M\u00fcsaitlik durumu ve daha fazla resim i\u00e7in bizimle canl\u0131 sohbet edin<\/td>\n<\/tr>\n<\/tbody>\n<\/table>\n<\/div>","protected":false},"featured_media":338823,"comment_status":"closed","ping_status":"closed","template":"","meta":{"_eb_attr":"","_crsspst_to_jayantr4sg-hostcom":false},"product_brand":[],"product_cat":[1791,1559,1794,1793,1792,1324,1627,1229,1570,1575,1569,1573,1574],"product_tag":[],"class_list":{"0":"post-330383","1":"product","2":"type-product","3":"status-publish","4":"has-post-thumbnail","6":"product_cat-anniversary-gifts","7":"product_cat-birthday-gifts","8":"product_cat-christmas-gifts","9":"product_cat-diwali-gifts","10":"product_cat-festival-gifts","11":"product_cat-gold-bracelet","12":"product_cat-ladies-bracelet","13":"product_cat-22ct-gold-jewellery","14":"product_cat-mothers-day-gifts","15":"product_cat-teenage-jewellery","16":"product_cat-valentine-day-gifts","17":"product_cat-wedding-gifts","18":"product_cat-womens-jewellery","20":"first","21":"outofstock","22":"taxable","23":"shipping-taxable","24":"product-type-simple","25":"add-to-wishlist-before_image"},"yoast_head":"<!-- This site is optimized with the Yoast SEO plugin v27.3 - https:\/\/yoast.com\/product\/yoast-seo-wordpress\/ -->\n<title>Rhodium Polish Bracelet Online in UK | Gold Bracelet<\/title>\n<meta name=\"description\" content=\"Gold Bracelets in UK | Twisted rhodium polish bracelet is perfect for everyday wear | Shop More collection at PureJewels.com\" \/>\n<meta name=\"robots\" content=\"index, follow, max-snippet:-1, max-image-preview:large, max-video-preview:-1\" \/>\n<link rel=\"canonical\" href=\"https:\/\/www.purejewels.com\/tr\/urun\/bayanlar-icin-22-ayar-altin-bilezik-42733\/\" \/>\n<meta property=\"og:locale\" content=\"tr_TR\" \/>\n<meta property=\"og:type\" content=\"article\" \/>\n<meta property=\"og:title\" content=\"Rhodium Polish Bracelet Online in UK | Gold Bracelet\" \/>\n<meta property=\"og:description\" content=\"Gold Bracelets in UK | Twisted rhodium polish bracelet is perfect for everyday wear | Shop More collection at PureJewels.com\" \/>\n<meta property=\"og:url\" content=\"https:\/\/www.purejewels.com\/tr\/urun\/bayanlar-icin-22-ayar-altin-bilezik-42733\/\" \/>\n<meta property=\"og:site_name\" content=\"PureJewels UK\" \/>\n<meta property=\"article:modified_time\" content=\"2026-01-06T09:45:07+00:00\" \/>\n<meta property=\"og:image\" content=\"https:\/\/www.purejewels.com\/wp-content\/uploads\/2021\/12\/30886-1.png\" \/>\n\t<meta property=\"og:image:width\" content=\"1000\" \/>\n\t<meta property=\"og:image:height\" content=\"1000\" \/>\n\t<meta property=\"og:image:type\" content=\"image\/png\" \/>\n<meta name=\"twitter:card\" content=\"summary_large_image\" \/>\n<meta name=\"twitter:label1\" content=\"Tahmini okuma s\u00fcresi\" \/>\n\t<meta name=\"twitter:data1\" content=\"2 dakika\" \/>\n<script type=\"application\/ld+json\" class=\"yoast-schema-graph\">{\"@context\":\"https:\\\/\\\/schema.org\",\"@graph\":[{\"@type\":[\"WebPage\",\"ItemPage\"],\"@id\":\"https:\\\/\\\/www.purejewels.com\\\/product\\\/22-carat-gold-bracelet-for-ladies-42733\\\/\",\"url\":\"https:\\\/\\\/www.purejewels.com\\\/product\\\/22-carat-gold-bracelet-for-ladies-42733\\\/\",\"name\":\"Rhodium Polish Bracelet Online in UK | Gold Bracelet\",\"isPartOf\":{\"@id\":\"https:\\\/\\\/www.purejewels.com\\\/#website\"},\"primaryImageOfPage\":{\"@id\":\"https:\\\/\\\/www.purejewels.com\\\/product\\\/22-carat-gold-bracelet-for-ladies-42733\\\/#primaryimage\"},\"image\":{\"@id\":\"https:\\\/\\\/www.purejewels.com\\\/product\\\/22-carat-gold-bracelet-for-ladies-42733\\\/#primaryimage\"},\"thumbnailUrl\":\"https:\\\/\\\/static.purejewels.com\\\/wp-content\\\/uploads\\\/2021\\\/12\\\/30886-1.png\",\"datePublished\":\"2022-06-22T00:47:53+00:00\",\"dateModified\":\"2026-01-06T09:45:07+00:00\",\"description\":\"Gold Bracelets in UK | Twisted rhodium polish bracelet is perfect for everyday wear | Shop More collection at PureJewels.com\",\"breadcrumb\":{\"@id\":\"https:\\\/\\\/www.purejewels.com\\\/product\\\/22-carat-gold-bracelet-for-ladies-42733\\\/#breadcrumb\"},\"inLanguage\":\"tr\",\"potentialAction\":[{\"@type\":\"ReadAction\",\"target\":[\"https:\\\/\\\/www.purejewels.com\\\/product\\\/22-carat-gold-bracelet-for-ladies-42733\\\/\"]}]},{\"@type\":\"ImageObject\",\"inLanguage\":\"tr\",\"@id\":\"https:\\\/\\\/www.purejewels.com\\\/product\\\/22-carat-gold-bracelet-for-ladies-42733\\\/#primaryimage\",\"url\":\"https:\\\/\\\/static.purejewels.com\\\/wp-content\\\/uploads\\\/2021\\\/12\\\/30886-1.png\",\"contentUrl\":\"https:\\\/\\\/static.purejewels.com\\\/wp-content\\\/uploads\\\/2021\\\/12\\\/30886-1.png\",\"width\":1000,\"height\":1000,\"caption\":\"22ct Gold Twist Ladies Bracelet | Rhodium Finish | 8 Inches\"},{\"@type\":\"BreadcrumbList\",\"@id\":\"https:\\\/\\\/www.purejewels.com\\\/product\\\/22-carat-gold-bracelet-for-ladies-42733\\\/#breadcrumb\",\"itemListElement\":[{\"@type\":\"ListItem\",\"position\":1,\"name\":\"Home\",\"item\":\"https:\\\/\\\/www.purejewels.com\\\/\"},{\"@type\":\"ListItem\",\"position\":2,\"name\":\"Shop\",\"item\":\"https:\\\/\\\/www.purejewels.com\\\/shop\\\/\"},{\"@type\":\"ListItem\",\"position\":3,\"name\":\"22ct Gold Bracelet For Ladies | Rhodium Finish | 6.5 Inches\"}]},{\"@type\":\"WebSite\",\"@id\":\"https:\\\/\\\/www.purejewels.com\\\/#website\",\"url\":\"https:\\\/\\\/www.purejewels.com\\\/\",\"name\":\"PureJewels UK\",\"description\":\"Share the Love\",\"publisher\":{\"@id\":\"https:\\\/\\\/www.purejewels.com\\\/#organization\"},\"potentialAction\":[{\"@type\":\"SearchAction\",\"target\":{\"@type\":\"EntryPoint\",\"urlTemplate\":\"https:\\\/\\\/www.purejewels.com\\\/?s={search_term_string}\"},\"query-input\":{\"@type\":\"PropertyValueSpecification\",\"valueRequired\":true,\"valueName\":\"search_term_string\"}}],\"inLanguage\":\"tr\"},{\"@type\":\"Organization\",\"@id\":\"https:\\\/\\\/www.purejewels.com\\\/#organization\",\"name\":\"PureJewels UK\",\"url\":\"https:\\\/\\\/www.purejewels.com\\\/\",\"logo\":{\"@type\":\"ImageObject\",\"inLanguage\":\"tr\",\"@id\":\"https:\\\/\\\/www.purejewels.com\\\/#\\\/schema\\\/logo\\\/image\\\/\",\"url\":\"https:\\\/\\\/static.purejewels.com\\\/wp-content\\\/uploads\\\/2020\\\/11\\\/Logo-PJ-New-1.png\",\"contentUrl\":\"https:\\\/\\\/static.purejewels.com\\\/wp-content\\\/uploads\\\/2020\\\/11\\\/Logo-PJ-New-1.png\",\"width\":150,\"height\":80,\"caption\":\"PureJewels UK\"},\"image\":{\"@id\":\"https:\\\/\\\/www.purejewels.com\\\/#\\\/schema\\\/logo\\\/image\\\/\"}}]}<\/script>\n<!-- \/ Yoast SEO plugin. -->","yoast_head_json":{"title":"\u0130ngiltere'de Online Rodyum Cila Bileklik | Alt\u0131n Bileklik","description":"\u0130ngiltere'de Alt\u0131n Bilezikler | B\u00fck\u00fclm\u00fc\u015f rodyum cila bilezik g\u00fcnl\u00fck kullan\u0131m i\u00e7in m\u00fckemmeldir | PureJewels.com'da daha fazla koleksiyon sat\u0131n al\u0131n","robots":{"index":"index","follow":"follow","max-snippet":"max-snippet:-1","max-image-preview":"max-image-preview:large","max-video-preview":"max-video-preview:-1"},"canonical":"https:\/\/www.purejewels.com\/tr\/urun\/bayanlar-icin-22-ayar-altin-bilezik-42733\/","og_locale":"tr_TR","og_type":"article","og_title":"Rhodium Polish Bracelet Online in UK | Gold Bracelet","og_description":"Gold Bracelets in UK | Twisted rhodium polish bracelet is perfect for everyday wear | Shop More collection at PureJewels.com","og_url":"https:\/\/www.purejewels.com\/tr\/urun\/bayanlar-icin-22-ayar-altin-bilezik-42733\/","og_site_name":"PureJewels UK","article_modified_time":"2026-01-06T09:45:07+00:00","og_image":[{"width":1000,"height":1000,"url":"https:\/\/www.purejewels.com\/wp-content\/uploads\/2021\/12\/30886-1.png","type":"image\/png"}],"twitter_card":"summary_large_image","twitter_misc":{"Tahmini okuma s\u00fcresi":"2 dakika"},"schema":{"@context":"https:\/\/schema.org","@graph":[{"@type":["WebPage","ItemPage"],"@id":"https:\/\/www.purejewels.com\/product\/22-carat-gold-bracelet-for-ladies-42733\/","url":"https:\/\/www.purejewels.com\/product\/22-carat-gold-bracelet-for-ladies-42733\/","name":"\u0130ngiltere'de Online Rodyum Cila Bileklik | Alt\u0131n Bileklik","isPartOf":{"@id":"https:\/\/www.purejewels.com\/#website"},"primaryImageOfPage":{"@id":"https:\/\/www.purejewels.com\/product\/22-carat-gold-bracelet-for-ladies-42733\/#primaryimage"},"image":{"@id":"https:\/\/www.purejewels.com\/product\/22-carat-gold-bracelet-for-ladies-42733\/#primaryimage"},"thumbnailUrl":"https:\/\/static.purejewels.com\/wp-content\/uploads\/2021\/12\/30886-1.png","datePublished":"2022-06-22T00:47:53+00:00","dateModified":"2026-01-06T09:45:07+00:00","description":"\u0130ngiltere'de Alt\u0131n Bilezikler | B\u00fck\u00fclm\u00fc\u015f rodyum cila bilezik g\u00fcnl\u00fck kullan\u0131m i\u00e7in m\u00fckemmeldir | PureJewels.com'da daha fazla koleksiyon sat\u0131n al\u0131n","breadcrumb":{"@id":"https:\/\/www.purejewels.com\/product\/22-carat-gold-bracelet-for-ladies-42733\/#breadcrumb"},"inLanguage":"tr","potentialAction":[{"@type":"ReadAction","target":["https:\/\/www.purejewels.com\/product\/22-carat-gold-bracelet-for-ladies-42733\/"]}]},{"@type":"ImageObject","inLanguage":"tr","@id":"https:\/\/www.purejewels.com\/product\/22-carat-gold-bracelet-for-ladies-42733\/#primaryimage","url":"https:\/\/static.purejewels.com\/wp-content\/uploads\/2021\/12\/30886-1.png","contentUrl":"https:\/\/static.purejewels.com\/wp-content\/uploads\/2021\/12\/30886-1.png","width":1000,"height":1000,"caption":"22ct Gold Twist Ladies Bracelet | Rhodium Finish | 8 Inches"},{"@type":"BreadcrumbList","@id":"https:\/\/www.purejewels.com\/product\/22-carat-gold-bracelet-for-ladies-42733\/#breadcrumb","itemListElement":[{"@type":"ListItem","position":1,"name":"Home","item":"https:\/\/www.purejewels.com\/"},{"@type":"ListItem","position":2,"name":"Shop","item":"https:\/\/www.purejewels.com\/shop\/"},{"@type":"ListItem","position":3,"name":"22ct Gold Bracelet For Ladies | Rhodium Finish | 6.5 Inches"}]},{"@type":"WebSite","@id":"https:\/\/www.purejewels.com\/#website","url":"https:\/\/www.purejewels.com\/","name":"PureJewels \u0130ngiltere","description":"Sevgiyi Payla\u015f\u0131n","publisher":{"@id":"https:\/\/www.purejewels.com\/#organization"},"potentialAction":[{"@type":"SearchAction","target":{"@type":"EntryPoint","urlTemplate":"https:\/\/www.purejewels.com\/?s={search_term_string}"},"query-input":{"@type":"PropertyValueSpecification","valueRequired":true,"valueName":"search_term_string"}}],"inLanguage":"tr"},{"@type":"Organization","@id":"https:\/\/www.purejewels.com\/#organization","name":"PureJewels \u0130ngiltere","url":"https:\/\/www.purejewels.com\/","logo":{"@type":"ImageObject","inLanguage":"tr","@id":"https:\/\/www.purejewels.com\/#\/schema\/logo\/image\/","url":"https:\/\/static.purejewels.com\/wp-content\/uploads\/2020\/11\/Logo-PJ-New-1.png","contentUrl":"https:\/\/static.purejewels.com\/wp-content\/uploads\/2020\/11\/Logo-PJ-New-1.png","width":150,"height":80,"caption":"PureJewels UK"},"image":{"@id":"https:\/\/www.purejewels.com\/#\/schema\/logo\/image\/"}}]}},"_links":{"self":[{"href":"https:\/\/www.purejewels.com\/tr\/wp-json\/wp\/v2\/product\/330383","targetHints":{"allow":["GET"]}}],"collection":[{"href":"https:\/\/www.purejewels.com\/tr\/wp-json\/wp\/v2\/product"}],"about":[{"href":"https:\/\/www.purejewels.com\/tr\/wp-json\/wp\/v2\/types\/product"}],"replies":[{"embeddable":true,"href":"https:\/\/www.purejewels.com\/tr\/wp-json\/wp\/v2\/comments?post=330383"}],"version-history":[{"count":1,"href":"https:\/\/www.purejewels.com\/tr\/wp-json\/wp\/v2\/product\/330383\/revisions"}],"predecessor-version":[{"id":363135,"href":"https:\/\/www.purejewels.com\/tr\/wp-json\/wp\/v2\/product\/330383\/revisions\/363135"}],"wp:featuredmedia":[{"embeddable":true,"href":"https:\/\/www.purejewels.com\/tr\/wp-json\/wp\/v2\/media\/338823"}],"wp:attachment":[{"href":"https:\/\/www.purejewels.com\/tr\/wp-json\/wp\/v2\/media?parent=330383"}],"wp:term":[{"taxonomy":"product_brand","embeddable":true,"href":"https:\/\/www.purejewels.com\/tr\/wp-json\/wp\/v2\/product_brand?post=330383"},{"taxonomy":"product_cat","embeddable":true,"href":"https:\/\/www.purejewels.com\/tr\/wp-json\/wp\/v2\/product_cat?post=330383"},{"taxonomy":"product_tag","embeddable":true,"href":"https:\/\/www.purejewels.com\/tr\/wp-json\/wp\/v2\/product_tag?post=330383"}],"curies":[{"name":"wp","href":"https:\/\/api.w.org\/{rel}","templated":true}]}}