{"id":330385,"date":"2021-12-17T07:57:40","date_gmt":"2021-12-17T07:57:40","guid":{"rendered":"https:\/\/www.purejewels.com\/?post_type=product&#038;p=330385"},"modified":"2026-01-06T08:45:52","modified_gmt":"2026-01-06T08:45:52","slug":"22-ayar-altin-kolye-uk-41233","status":"publish","type":"product","link":"https:\/\/www.purejewels.com\/tr\/product\/22-carat-gold-necklace-uk-41233\/","title":{"rendered":"22 Ayar Alt\u0131n Kolye \u0130ngiltere | 17 \u0130n\u00e7"},"content":{"rendered":"<p>Bu \u00e7ift tonlu s\u00fcsl\u00fc kolye, g\u00f6r\u00fcn\u00fcm\u00fcn\u00fcz\u00fc \u015f\u0131k tutarken abart\u0131ya ka\u00e7mak istiyorsan\u0131z sizin i\u00e7in m\u00fckemmeldir. Bu 22 karat <a href=\"https:\/\/www.purejewels.com\/tr\/product-category\/22ct-gold-jewellery\/gold-necklaces\/\">alt\u0131n kolye<\/a> \u0130ngiltere sizi koruyor. Bu s\u00fcsl\u00fc el yap\u0131m\u0131 kolye, g\u00fczelli\u011finizi ve cesur benli\u011finizi kucaklad\u0131\u011f\u0131 i\u00e7in abart\u0131l\u0131 ve hatta resmi k\u0131yafetlerinizle takman\u0131z i\u00e7in burada.<\/p>\n<p>Bu s\u00fcsl\u00fc alt\u0131n kolye, kendinizi s\u00fcsl\u00fc hissetmenizi sa\u011flarken ayn\u0131 zamanda inceli\u011fi de koruyarak arad\u0131\u011f\u0131n\u0131z m\u00fckemmel dengeyi yakalaman\u0131z i\u00e7in burada. Bu \u00f6zenle i\u015flenmi\u015f alt\u0131n kolye, saf alt\u0131n <strong>22 ayar alt\u0131n<\/strong>. Bu g\u00fczelli\u011fin tasar\u0131m\u0131, sonuna kadar devam eden karma\u015f\u0131k bir girdap yap\u0131s\u0131yla ba\u015flar. Girdapl\u0131 her bir \u00f6\u011fe, devam eden bir desende bir araya gelen minyat\u00fcr rawalarla ince bir \u015fekilde detayland\u0131r\u0131lm\u0131\u015ft\u0131r. Ayr\u0131ca, bu unsurlar l\u00fcks bir g\u00f6r\u00fcn\u00fcm elde etmek i\u00e7in iki tonda ince bir \u015fekilde i\u015flenmi\u015f ve kaplanm\u0131\u015ft\u0131r. \u0130\u00e7 k\u0131s\u0131m rodyum kaplan\u0131rken kenarlara bakmaya de\u011fer el detaylar\u0131 verilmi\u015ftir. Purejewels'in bu kolyesi, onu di\u011ferlerinden ay\u0131ran minimal ama dramatik bir dokunu\u015fa sahiptir.<\/p>\n<p>Bu muhte\u015fem girdap <strong>KOLYE<\/strong> ba\u011f\u0131ms\u0131z olarak tak\u0131labilir veya di\u011fer kolyelerle birlikte istiflenebilir. Bu muhte\u015fem kolyeyi kucaklamak i\u00e7in titizlikle tasarlanm\u0131\u015f \u00e7arp\u0131c\u0131 m\u00fccevher koleksiyonumuzdan g\u00fczel bir kolye ucu bile se\u00e7ebilirsiniz.<\/p>\n<p>\u0130ki tonlu kaplama kolyemiz, \u00e7ok y\u00f6nl\u00fcl\u00fck ve zahmetsizce tak\u0131labilirlik g\u00f6z \u00f6n\u00fcnde bulundurularak yap\u0131lm\u0131\u015ft\u0131r. \u0130ngiltere'de 22 ayar Hint alt\u0131n kolye seti sat\u0131n almak i\u00e7in bu g\u00fczelli\u011fi kolayca sepetinize ekleyebilirsiniz. E\u015fle\u015fen kolyeyi bulmak i\u00e7in ilerleyebilirsiniz <a href=\"https:\/\/www.purejewels.com\/tr\/product-category\/22ct-gold-jewellery\/gold-bracelet\/\">Bilezik<\/a> ve <a href=\"https:\/\/www.purejewels.com\/tr\/product-category\/22ct-gold-jewellery\/gold-earrings\/\">K\u00fcpeler<\/a> tam bir set olarak giymek i\u00e7in.<\/p>","protected":false},"excerpt":{"rendered":"<ul>\n<li>Rodyum Cilal\u0131 22 Ayar Alt\u0131n Kolye<\/li>\n<li>Kolyenin 22 ayar alt\u0131n a\u011f\u0131rl\u0131\u011f\u0131 18,6 gramd\u0131r<\/li>\n<li>Uzunluk 17 \u0130n\u00e7<\/li>\n<li>Sku 44057<\/li>\n<li>T\u00fcm fiyatlara KDV dahildir<\/li>\n<li>T\u00fcm \u00fcr\u00fcnlerimiz London Assay Office taraf\u0131ndan damgalanm\u0131\u015ft\u0131r<\/li>\n<li>T\u00fcm setler sunum kutusu ile birlikte gelir<\/li>\n<li>Teslimat Dahil<\/li>\n<li>Stok durumu ve stokta bulunan benzer tasar\u0131mlar\u0131n daha fazla g\u00f6r\u00fcnt\u00fcs\u00fc i\u00e7in bizimle canl\u0131 sohbet edin<\/li>\n<\/ul>","protected":false},"featured_media":314273,"comment_status":"closed","ping_status":"closed","template":"","meta":{"_eb_attr":"","_crsspst_to_jayantr4sg-hostcom":false},"product_brand":[],"product_cat":[1791,1625,1782,1253,1778,1573,1574],"product_tag":[],"class_list":{"0":"post-330385","1":"product","2":"type-product","3":"status-publish","4":"has-post-thumbnail","6":"product_cat-anniversary-gifts","7":"product_cat-bridal-set","8":"product_cat-choker-necklaces","9":"product_cat-gold-necklaces","10":"product_cat-short-necklaces","11":"product_cat-wedding-gifts","12":"product_cat-womens-jewellery","14":"first","15":"outofstock","16":"taxable","17":"shipping-taxable","18":"product-type-simple","19":"add-to-wishlist-before_image"},"yoast_head":"<!-- This site is optimized with the Yoast SEO plugin v27.3 - https:\/\/yoast.com\/product\/yoast-seo-wordpress\/ -->\n<title>Gold Necklace online in UK | Simple Gold Mala Necklace | PureJewels UK<\/title>\n<meta name=\"description\" content=\"22ct Gold Necklace in the UK | Shop latest Designer necklaces online | Genuine Products | Hallmarked Jewelry in the UK. Fast Delivery.\" \/>\n<meta name=\"robots\" content=\"index, follow, max-snippet:-1, max-image-preview:large, max-video-preview:-1\" \/>\n<link rel=\"canonical\" href=\"https:\/\/www.purejewels.com\/tr\/urun\/22-ayar-altin-kolye-uk-41233\/\" \/>\n<meta property=\"og:locale\" content=\"tr_TR\" \/>\n<meta property=\"og:type\" content=\"article\" \/>\n<meta property=\"og:title\" content=\"Gold Necklace online in UK | Simple Gold Mala Necklace | PureJewels UK\" \/>\n<meta property=\"og:description\" content=\"22ct Gold Necklace in the UK | Shop latest Designer necklaces online | Genuine Products | Hallmarked Jewelry in the UK. Fast Delivery.\" \/>\n<meta property=\"og:url\" content=\"https:\/\/www.purejewels.com\/tr\/urun\/22-ayar-altin-kolye-uk-41233\/\" \/>\n<meta property=\"og:site_name\" content=\"PureJewels UK\" \/>\n<meta property=\"article:modified_time\" content=\"2026-01-06T08:45:52+00:00\" \/>\n<meta property=\"og:image\" content=\"https:\/\/www.purejewels.com\/wp-content\/uploads\/2020\/05\/171187474.jpg\" \/>\n\t<meta property=\"og:image:width\" content=\"1000\" \/>\n\t<meta property=\"og:image:height\" content=\"1000\" \/>\n\t<meta property=\"og:image:type\" content=\"image\/jpeg\" \/>\n<meta name=\"twitter:card\" content=\"summary_large_image\" \/>\n<meta name=\"twitter:label1\" content=\"Tahmini okuma s\u00fcresi\" \/>\n\t<meta name=\"twitter:data1\" content=\"2 dakika\" \/>\n<script type=\"application\/ld+json\" class=\"yoast-schema-graph\">{\"@context\":\"https:\\\/\\\/schema.org\",\"@graph\":[{\"@type\":[\"WebPage\",\"ItemPage\"],\"@id\":\"https:\\\/\\\/www.purejewels.com\\\/product\\\/22-carat-gold-necklace-uk-41233\\\/\",\"url\":\"https:\\\/\\\/www.purejewels.com\\\/product\\\/22-carat-gold-necklace-uk-41233\\\/\",\"name\":\"Gold Necklace online in UK | Simple Gold Mala Necklace | PureJewels UK\",\"isPartOf\":{\"@id\":\"https:\\\/\\\/www.purejewels.com\\\/#website\"},\"primaryImageOfPage\":{\"@id\":\"https:\\\/\\\/www.purejewels.com\\\/product\\\/22-carat-gold-necklace-uk-41233\\\/#primaryimage\"},\"image\":{\"@id\":\"https:\\\/\\\/www.purejewels.com\\\/product\\\/22-carat-gold-necklace-uk-41233\\\/#primaryimage\"},\"thumbnailUrl\":\"https:\\\/\\\/static.purejewels.com\\\/wp-content\\\/uploads\\\/2020\\\/05\\\/171187474.jpg\",\"datePublished\":\"2021-12-17T07:57:40+00:00\",\"dateModified\":\"2026-01-06T08:45:52+00:00\",\"description\":\"22ct Gold Necklace in the UK | Shop latest Designer necklaces online | Genuine Products | Hallmarked Jewelry in the UK. Fast Delivery.\",\"breadcrumb\":{\"@id\":\"https:\\\/\\\/www.purejewels.com\\\/product\\\/22-carat-gold-necklace-uk-41233\\\/#breadcrumb\"},\"inLanguage\":\"tr\",\"potentialAction\":[{\"@type\":\"ReadAction\",\"target\":[\"https:\\\/\\\/www.purejewels.com\\\/product\\\/22-carat-gold-necklace-uk-41233\\\/\"]}]},{\"@type\":\"ImageObject\",\"inLanguage\":\"tr\",\"@id\":\"https:\\\/\\\/www.purejewels.com\\\/product\\\/22-carat-gold-necklace-uk-41233\\\/#primaryimage\",\"url\":\"https:\\\/\\\/static.purejewels.com\\\/wp-content\\\/uploads\\\/2020\\\/05\\\/171187474.jpg\",\"contentUrl\":\"https:\\\/\\\/static.purejewels.com\\\/wp-content\\\/uploads\\\/2020\\\/05\\\/171187474.jpg\",\"width\":1000,\"height\":1000,\"caption\":\"22ct Gold Necklace Fancy Twisted YGNC047\"},{\"@type\":\"BreadcrumbList\",\"@id\":\"https:\\\/\\\/www.purejewels.com\\\/product\\\/22-carat-gold-necklace-uk-41233\\\/#breadcrumb\",\"itemListElement\":[{\"@type\":\"ListItem\",\"position\":1,\"name\":\"Home\",\"item\":\"https:\\\/\\\/www.purejewels.com\\\/\"},{\"@type\":\"ListItem\",\"position\":2,\"name\":\"Shop\",\"item\":\"https:\\\/\\\/www.purejewels.com\\\/shop\\\/\"},{\"@type\":\"ListItem\",\"position\":3,\"name\":\"22 Carat Gold Necklace UK | 17 Inch\"}]},{\"@type\":\"WebSite\",\"@id\":\"https:\\\/\\\/www.purejewels.com\\\/#website\",\"url\":\"https:\\\/\\\/www.purejewels.com\\\/\",\"name\":\"PureJewels UK\",\"description\":\"Share the Love\",\"publisher\":{\"@id\":\"https:\\\/\\\/www.purejewels.com\\\/#organization\"},\"potentialAction\":[{\"@type\":\"SearchAction\",\"target\":{\"@type\":\"EntryPoint\",\"urlTemplate\":\"https:\\\/\\\/www.purejewels.com\\\/?s={search_term_string}\"},\"query-input\":{\"@type\":\"PropertyValueSpecification\",\"valueRequired\":true,\"valueName\":\"search_term_string\"}}],\"inLanguage\":\"tr\"},{\"@type\":\"Organization\",\"@id\":\"https:\\\/\\\/www.purejewels.com\\\/#organization\",\"name\":\"PureJewels UK\",\"url\":\"https:\\\/\\\/www.purejewels.com\\\/\",\"logo\":{\"@type\":\"ImageObject\",\"inLanguage\":\"tr\",\"@id\":\"https:\\\/\\\/www.purejewels.com\\\/#\\\/schema\\\/logo\\\/image\\\/\",\"url\":\"https:\\\/\\\/static.purejewels.com\\\/wp-content\\\/uploads\\\/2020\\\/11\\\/Logo-PJ-New-1.png\",\"contentUrl\":\"https:\\\/\\\/static.purejewels.com\\\/wp-content\\\/uploads\\\/2020\\\/11\\\/Logo-PJ-New-1.png\",\"width\":150,\"height\":80,\"caption\":\"PureJewels UK\"},\"image\":{\"@id\":\"https:\\\/\\\/www.purejewels.com\\\/#\\\/schema\\\/logo\\\/image\\\/\"}}]}<\/script>\n<!-- \/ Yoast SEO plugin. -->","yoast_head_json":{"title":"Alt\u0131n Kolye \u0130ngiltere'de online | Basit Alt\u0131n Mala Kolye | PureJewels UK","description":"\u0130ngiltere'de 22 Ayar Alt\u0131n Kolye | En yeni Tasar\u0131mc\u0131 kolyeleri \u00e7evrimi\u00e7i sat\u0131n al\u0131n | Orijinal \u00dcr\u00fcnler | \u0130ngiltere'de Hallmarked M\u00fccevher. H\u0131zl\u0131 Teslimat.","robots":{"index":"index","follow":"follow","max-snippet":"max-snippet:-1","max-image-preview":"max-image-preview:large","max-video-preview":"max-video-preview:-1"},"canonical":"https:\/\/www.purejewels.com\/tr\/urun\/22-ayar-altin-kolye-uk-41233\/","og_locale":"tr_TR","og_type":"article","og_title":"Gold Necklace online in UK | Simple Gold Mala Necklace | PureJewels UK","og_description":"22ct Gold Necklace in the UK | Shop latest Designer necklaces online | Genuine Products | Hallmarked Jewelry in the UK. Fast Delivery.","og_url":"https:\/\/www.purejewels.com\/tr\/urun\/22-ayar-altin-kolye-uk-41233\/","og_site_name":"PureJewels UK","article_modified_time":"2026-01-06T08:45:52+00:00","og_image":[{"width":1000,"height":1000,"url":"https:\/\/www.purejewels.com\/wp-content\/uploads\/2020\/05\/171187474.jpg","type":"image\/jpeg"}],"twitter_card":"summary_large_image","twitter_misc":{"Tahmini okuma s\u00fcresi":"2 dakika"},"schema":{"@context":"https:\/\/schema.org","@graph":[{"@type":["WebPage","ItemPage"],"@id":"https:\/\/www.purejewels.com\/product\/22-carat-gold-necklace-uk-41233\/","url":"https:\/\/www.purejewels.com\/product\/22-carat-gold-necklace-uk-41233\/","name":"Alt\u0131n Kolye \u0130ngiltere'de online | Basit Alt\u0131n Mala Kolye | PureJewels UK","isPartOf":{"@id":"https:\/\/www.purejewels.com\/#website"},"primaryImageOfPage":{"@id":"https:\/\/www.purejewels.com\/product\/22-carat-gold-necklace-uk-41233\/#primaryimage"},"image":{"@id":"https:\/\/www.purejewels.com\/product\/22-carat-gold-necklace-uk-41233\/#primaryimage"},"thumbnailUrl":"https:\/\/static.purejewels.com\/wp-content\/uploads\/2020\/05\/171187474.jpg","datePublished":"2021-12-17T07:57:40+00:00","dateModified":"2026-01-06T08:45:52+00:00","description":"\u0130ngiltere'de 22 Ayar Alt\u0131n Kolye | En yeni Tasar\u0131mc\u0131 kolyeleri \u00e7evrimi\u00e7i sat\u0131n al\u0131n | Orijinal \u00dcr\u00fcnler | \u0130ngiltere'de Hallmarked M\u00fccevher. H\u0131zl\u0131 Teslimat.","breadcrumb":{"@id":"https:\/\/www.purejewels.com\/product\/22-carat-gold-necklace-uk-41233\/#breadcrumb"},"inLanguage":"tr","potentialAction":[{"@type":"ReadAction","target":["https:\/\/www.purejewels.com\/product\/22-carat-gold-necklace-uk-41233\/"]}]},{"@type":"ImageObject","inLanguage":"tr","@id":"https:\/\/www.purejewels.com\/product\/22-carat-gold-necklace-uk-41233\/#primaryimage","url":"https:\/\/static.purejewels.com\/wp-content\/uploads\/2020\/05\/171187474.jpg","contentUrl":"https:\/\/static.purejewels.com\/wp-content\/uploads\/2020\/05\/171187474.jpg","width":1000,"height":1000,"caption":"22ct Gold Necklace Fancy Twisted YGNC047"},{"@type":"BreadcrumbList","@id":"https:\/\/www.purejewels.com\/product\/22-carat-gold-necklace-uk-41233\/#breadcrumb","itemListElement":[{"@type":"ListItem","position":1,"name":"Home","item":"https:\/\/www.purejewels.com\/"},{"@type":"ListItem","position":2,"name":"Shop","item":"https:\/\/www.purejewels.com\/shop\/"},{"@type":"ListItem","position":3,"name":"22 Carat Gold Necklace UK | 17 Inch"}]},{"@type":"WebSite","@id":"https:\/\/www.purejewels.com\/#website","url":"https:\/\/www.purejewels.com\/","name":"PureJewels \u0130ngiltere","description":"Sevgiyi Payla\u015f\u0131n","publisher":{"@id":"https:\/\/www.purejewels.com\/#organization"},"potentialAction":[{"@type":"SearchAction","target":{"@type":"EntryPoint","urlTemplate":"https:\/\/www.purejewels.com\/?s={search_term_string}"},"query-input":{"@type":"PropertyValueSpecification","valueRequired":true,"valueName":"search_term_string"}}],"inLanguage":"tr"},{"@type":"Organization","@id":"https:\/\/www.purejewels.com\/#organization","name":"PureJewels \u0130ngiltere","url":"https:\/\/www.purejewels.com\/","logo":{"@type":"ImageObject","inLanguage":"tr","@id":"https:\/\/www.purejewels.com\/#\/schema\/logo\/image\/","url":"https:\/\/static.purejewels.com\/wp-content\/uploads\/2020\/11\/Logo-PJ-New-1.png","contentUrl":"https:\/\/static.purejewels.com\/wp-content\/uploads\/2020\/11\/Logo-PJ-New-1.png","width":150,"height":80,"caption":"PureJewels UK"},"image":{"@id":"https:\/\/www.purejewels.com\/#\/schema\/logo\/image\/"}}]}},"_links":{"self":[{"href":"https:\/\/www.purejewels.com\/tr\/wp-json\/wp\/v2\/product\/330385","targetHints":{"allow":["GET"]}}],"collection":[{"href":"https:\/\/www.purejewels.com\/tr\/wp-json\/wp\/v2\/product"}],"about":[{"href":"https:\/\/www.purejewels.com\/tr\/wp-json\/wp\/v2\/types\/product"}],"replies":[{"embeddable":true,"href":"https:\/\/www.purejewels.com\/tr\/wp-json\/wp\/v2\/comments?post=330385"}],"version-history":[{"count":0,"href":"https:\/\/www.purejewels.com\/tr\/wp-json\/wp\/v2\/product\/330385\/revisions"}],"wp:featuredmedia":[{"embeddable":true,"href":"https:\/\/www.purejewels.com\/tr\/wp-json\/wp\/v2\/media\/314273"}],"wp:attachment":[{"href":"https:\/\/www.purejewels.com\/tr\/wp-json\/wp\/v2\/media?parent=330385"}],"wp:term":[{"taxonomy":"product_brand","embeddable":true,"href":"https:\/\/www.purejewels.com\/tr\/wp-json\/wp\/v2\/product_brand?post=330385"},{"taxonomy":"product_cat","embeddable":true,"href":"https:\/\/www.purejewels.com\/tr\/wp-json\/wp\/v2\/product_cat?post=330385"},{"taxonomy":"product_tag","embeddable":true,"href":"https:\/\/www.purejewels.com\/tr\/wp-json\/wp\/v2\/product_tag?post=330385"}],"curies":[{"name":"wp","href":"https:\/\/api.w.org\/{rel}","templated":true}]}}