{"id":330387,"date":"2021-12-17T08:13:34","date_gmt":"2021-12-17T08:13:34","guid":{"rendered":"https:\/\/www.purejewels.com\/?post_type=product&#038;p=330387"},"modified":"2022-10-17T15:22:16","modified_gmt":"2022-10-17T14:22:16","slug":"altin-fantezi-kolye-41232","status":"publish","type":"product","link":"https:\/\/www.purejewels.com\/tr\/product\/gold-fancy-necklace-41232\/","title":{"rendered":"Alt\u0131n Fantezi Kolye"},"content":{"rendered":"<h3>Tasar\u0131m<\/h3>\n<p>Bu s\u00fcsl\u00fc <strong><a href=\"https:\/\/www.purejewels.com\/tr\/product-category\/22ct-gold-jewellery\/gold-necklaces\/\">alt\u0131n kolye<\/a><\/strong> G\u00f6r\u00fcn\u00fcm\u00fcn\u00fcz\u00fc \u015f\u0131k tutarken abart\u0131ya ka\u00e7mak istiyorsan\u0131z tasar\u0131m sizin i\u00e7in m\u00fckemmeldir. Sizi teminat alt\u0131na ald\u0131k! Bu s\u00fcsl\u00fc el yap\u0131m\u0131 kolye, g\u00fczelli\u011finizi ve cesur benli\u011finizi kucaklad\u0131\u011f\u0131 i\u00e7in abart\u0131l\u0131 ve hatta resmi k\u0131yafetlerinizle takman\u0131z i\u00e7in burada.<\/p>\n<p>Bu s\u00fcsl\u00fc alt\u0131n kolye, kendinizi s\u00fcsl\u00fc hissetmenizi sa\u011flarken ayn\u0131 zamanda inceli\u011fi de koruyarak arad\u0131\u011f\u0131n\u0131z m\u00fckemmel dengeyi yakalaman\u0131z i\u00e7in burada. Bu \u00f6zenle haz\u0131rlanm\u0131\u015f fantezi alt\u0131n kolye tasar\u0131m\u0131 22 ayar alt\u0131ndan yap\u0131lm\u0131\u015ft\u0131r. Bu g\u00fczelli\u011fin tasar\u0131m\u0131, sonuna kadar devam eden karma\u015f\u0131k bir girdap yap\u0131s\u0131yla ba\u015flar. Girdapl\u0131 her bir \u00f6\u011fe, devam eden bir desende bir araya gelen minyat\u00fcr rawalarla ayr\u0131nt\u0131l\u0131 bir \u015fekilde detayland\u0131r\u0131lm\u0131\u015ft\u0131r. Ayr\u0131ca, bu unsurlar l\u00fcks bir y\u00fczey elde etmek i\u00e7in ince bir \u015fekilde i\u015flenmi\u015f ve kaplanm\u0131\u015ft\u0131r. Purejewels'in bu kolyesi, onu di\u011ferlerinden ay\u0131ran minimal ama dramatik bir dokunu\u015fa sahiptir.<\/p>\n<h3>Stil<\/h3>\n<p>Bu muhte\u015fem d\u00f6nen kolye ba\u011f\u0131ms\u0131z olarak tak\u0131labilir veya di\u011fer kolyelerle birlikte istiflenebilir. <strong>KOLYELER<\/strong>. Hatta g\u00fczel bir <strong>kolye ucu<\/strong>titizlikle tasarlanan \u00e7arp\u0131c\u0131 m\u00fccevher koleksiyonumuzdan bu muhte\u015fem kolyeyi kucaklarken bir yandan da dikkatleri \u00fczerine \u00e7ekecek.<\/p>","protected":false},"excerpt":{"rendered":"<ul>\n<li>22 Ayar Alt\u0131n Kolye<\/li>\n<li>A\u011f\u0131rl\u0131k 15,6 gms<\/li>\n<li>SKU. 41232<\/li>\n<li>T\u00fcm fiyatlara KDV dahildir<\/li>\n<li>Londra Tahlil Ofisi Taraf\u0131ndan Damgalanm\u0131\u015f 22 Ayar Alt\u0131n<\/li>\n<li>Sunum Kutusu ile Birlikte Gelir<\/li>\n<li>Teslimat Dahil<\/li>\n<li>Stok durumu ve stokta bulunan benzer tasar\u0131mlar\u0131n daha fazla g\u00f6r\u00fcnt\u00fcs\u00fc i\u00e7in bizimle canl\u0131 sohbet edin<\/li>\n<\/ul>","protected":false},"featured_media":303717,"comment_status":"closed","ping_status":"closed","template":"","meta":{"_eb_attr":"","_crsspst_to_jayantr4sg-hostcom":false},"product_brand":[],"product_cat":[1791,1253,1778,1573,1574],"product_tag":[],"class_list":{"0":"post-330387","1":"product","2":"type-product","3":"status-publish","4":"has-post-thumbnail","6":"product_cat-anniversary-gifts","7":"product_cat-gold-necklaces","8":"product_cat-short-necklaces","9":"product_cat-wedding-gifts","10":"product_cat-womens-jewellery","12":"first","13":"outofstock","14":"taxable","15":"shipping-taxable","16":"product-type-simple","17":"add-to-wishlist-before_image"},"yoast_head":"<!-- This site is optimized with the Yoast SEO plugin v27.3 - https:\/\/yoast.com\/product\/yoast-seo-wordpress\/ -->\n<title>22ct Gold Fancy Chains | Buy Latest Gold Chains | Purejewels.com<\/title>\n<meta name=\"description\" content=\"Mala Chain | Fancy Beaded Chain online in UK | Hallmarked Jewelry | Shop Pure Gold Jewelry online | Quick Delivery\" \/>\n<meta name=\"robots\" content=\"index, follow, max-snippet:-1, max-image-preview:large, max-video-preview:-1\" \/>\n<link rel=\"canonical\" href=\"https:\/\/www.purejewels.com\/tr\/urun\/altin-fantezi-kolye-41232\/\" \/>\n<meta property=\"og:locale\" content=\"tr_TR\" \/>\n<meta property=\"og:type\" content=\"article\" \/>\n<meta property=\"og:title\" content=\"22ct Gold Fancy Chains | Buy Latest Gold Chains | Purejewels.com\" \/>\n<meta property=\"og:description\" content=\"Mala Chain | Fancy Beaded Chain online in UK | Hallmarked Jewelry | Shop Pure Gold Jewelry online | Quick Delivery\" \/>\n<meta property=\"og:url\" content=\"https:\/\/www.purejewels.com\/tr\/urun\/altin-fantezi-kolye-41232\/\" \/>\n<meta property=\"og:site_name\" content=\"PureJewels UK\" \/>\n<meta property=\"article:modified_time\" content=\"2022-10-17T14:22:16+00:00\" \/>\n<meta property=\"og:image\" content=\"https:\/\/www.purejewels.com\/wp-content\/uploads\/2018\/10\/28087_1.png\" \/>\n\t<meta property=\"og:image:width\" content=\"1000\" \/>\n\t<meta property=\"og:image:height\" content=\"1000\" \/>\n\t<meta property=\"og:image:type\" content=\"image\/png\" \/>\n<meta name=\"twitter:card\" content=\"summary_large_image\" \/>\n<meta name=\"twitter:label1\" content=\"Tahmini okuma s\u00fcresi\" \/>\n\t<meta name=\"twitter:data1\" content=\"1 dakika\" \/>\n<script type=\"application\/ld+json\" class=\"yoast-schema-graph\">{\"@context\":\"https:\\\/\\\/schema.org\",\"@graph\":[{\"@type\":[\"WebPage\",\"ItemPage\"],\"@id\":\"https:\\\/\\\/www.purejewels.com\\\/product\\\/gold-fancy-necklace-41232\\\/\",\"url\":\"https:\\\/\\\/www.purejewels.com\\\/product\\\/gold-fancy-necklace-41232\\\/\",\"name\":\"22ct Gold Fancy Chains | Buy Latest Gold Chains | Purejewels.com\",\"isPartOf\":{\"@id\":\"https:\\\/\\\/www.purejewels.com\\\/#website\"},\"primaryImageOfPage\":{\"@id\":\"https:\\\/\\\/www.purejewels.com\\\/product\\\/gold-fancy-necklace-41232\\\/#primaryimage\"},\"image\":{\"@id\":\"https:\\\/\\\/www.purejewels.com\\\/product\\\/gold-fancy-necklace-41232\\\/#primaryimage\"},\"thumbnailUrl\":\"https:\\\/\\\/static.purejewels.com\\\/wp-content\\\/uploads\\\/2018\\\/10\\\/28087_1.png\",\"datePublished\":\"2021-12-17T08:13:34+00:00\",\"dateModified\":\"2022-10-17T14:22:16+00:00\",\"description\":\"Mala Chain | Fancy Beaded Chain online in UK | Hallmarked Jewelry | Shop Pure Gold Jewelry online | Quick Delivery\",\"breadcrumb\":{\"@id\":\"https:\\\/\\\/www.purejewels.com\\\/product\\\/gold-fancy-necklace-41232\\\/#breadcrumb\"},\"inLanguage\":\"tr\",\"potentialAction\":[{\"@type\":\"ReadAction\",\"target\":[\"https:\\\/\\\/www.purejewels.com\\\/product\\\/gold-fancy-necklace-41232\\\/\"]}]},{\"@type\":\"ImageObject\",\"inLanguage\":\"tr\",\"@id\":\"https:\\\/\\\/www.purejewels.com\\\/product\\\/gold-fancy-necklace-41232\\\/#primaryimage\",\"url\":\"https:\\\/\\\/static.purejewels.com\\\/wp-content\\\/uploads\\\/2018\\\/10\\\/28087_1.png\",\"contentUrl\":\"https:\\\/\\\/static.purejewels.com\\\/wp-content\\\/uploads\\\/2018\\\/10\\\/28087_1.png\",\"width\":1000,\"height\":1000,\"caption\":\"28087_1\"},{\"@type\":\"BreadcrumbList\",\"@id\":\"https:\\\/\\\/www.purejewels.com\\\/product\\\/gold-fancy-necklace-41232\\\/#breadcrumb\",\"itemListElement\":[{\"@type\":\"ListItem\",\"position\":1,\"name\":\"Home\",\"item\":\"https:\\\/\\\/www.purejewels.com\\\/\"},{\"@type\":\"ListItem\",\"position\":2,\"name\":\"Shop\",\"item\":\"https:\\\/\\\/www.purejewels.com\\\/shop\\\/\"},{\"@type\":\"ListItem\",\"position\":3,\"name\":\"Gold Fancy Necklace\"}]},{\"@type\":\"WebSite\",\"@id\":\"https:\\\/\\\/www.purejewels.com\\\/#website\",\"url\":\"https:\\\/\\\/www.purejewels.com\\\/\",\"name\":\"PureJewels UK\",\"description\":\"Share the Love\",\"publisher\":{\"@id\":\"https:\\\/\\\/www.purejewels.com\\\/#organization\"},\"potentialAction\":[{\"@type\":\"SearchAction\",\"target\":{\"@type\":\"EntryPoint\",\"urlTemplate\":\"https:\\\/\\\/www.purejewels.com\\\/?s={search_term_string}\"},\"query-input\":{\"@type\":\"PropertyValueSpecification\",\"valueRequired\":true,\"valueName\":\"search_term_string\"}}],\"inLanguage\":\"tr\"},{\"@type\":\"Organization\",\"@id\":\"https:\\\/\\\/www.purejewels.com\\\/#organization\",\"name\":\"PureJewels UK\",\"url\":\"https:\\\/\\\/www.purejewels.com\\\/\",\"logo\":{\"@type\":\"ImageObject\",\"inLanguage\":\"tr\",\"@id\":\"https:\\\/\\\/www.purejewels.com\\\/#\\\/schema\\\/logo\\\/image\\\/\",\"url\":\"https:\\\/\\\/static.purejewels.com\\\/wp-content\\\/uploads\\\/2020\\\/11\\\/Logo-PJ-New-1.png\",\"contentUrl\":\"https:\\\/\\\/static.purejewels.com\\\/wp-content\\\/uploads\\\/2020\\\/11\\\/Logo-PJ-New-1.png\",\"width\":150,\"height\":80,\"caption\":\"PureJewels UK\"},\"image\":{\"@id\":\"https:\\\/\\\/www.purejewels.com\\\/#\\\/schema\\\/logo\\\/image\\\/\"}}]}<\/script>\n<!-- \/ Yoast SEO plugin. -->","yoast_head_json":{"title":"22 Ayar Alt\u0131n Fantezi Zincirler | En Yeni Alt\u0131n Zincirleri Sat\u0131n Al\u0131n | Purejewels.com","description":"Mala Zinciri | \u0130ngiltere'de \u00e7evrimi\u00e7i Fantezi Boncuklu Zincir | Hallmarked Tak\u0131 | \u00c7evrimi\u00e7i Saf Alt\u0131n Tak\u0131 Al\u0131\u015fveri\u015fi | H\u0131zl\u0131 Teslimat","robots":{"index":"index","follow":"follow","max-snippet":"max-snippet:-1","max-image-preview":"max-image-preview:large","max-video-preview":"max-video-preview:-1"},"canonical":"https:\/\/www.purejewels.com\/tr\/urun\/altin-fantezi-kolye-41232\/","og_locale":"tr_TR","og_type":"article","og_title":"22ct Gold Fancy Chains | Buy Latest Gold Chains | Purejewels.com","og_description":"Mala Chain | Fancy Beaded Chain online in UK | Hallmarked Jewelry | Shop Pure Gold Jewelry online | Quick Delivery","og_url":"https:\/\/www.purejewels.com\/tr\/urun\/altin-fantezi-kolye-41232\/","og_site_name":"PureJewels UK","article_modified_time":"2022-10-17T14:22:16+00:00","og_image":[{"width":1000,"height":1000,"url":"https:\/\/www.purejewels.com\/wp-content\/uploads\/2018\/10\/28087_1.png","type":"image\/png"}],"twitter_card":"summary_large_image","twitter_misc":{"Tahmini okuma s\u00fcresi":"1 dakika"},"schema":{"@context":"https:\/\/schema.org","@graph":[{"@type":["WebPage","ItemPage"],"@id":"https:\/\/www.purejewels.com\/product\/gold-fancy-necklace-41232\/","url":"https:\/\/www.purejewels.com\/product\/gold-fancy-necklace-41232\/","name":"22 Ayar Alt\u0131n Fantezi Zincirler | En Yeni Alt\u0131n Zincirleri Sat\u0131n Al\u0131n | Purejewels.com","isPartOf":{"@id":"https:\/\/www.purejewels.com\/#website"},"primaryImageOfPage":{"@id":"https:\/\/www.purejewels.com\/product\/gold-fancy-necklace-41232\/#primaryimage"},"image":{"@id":"https:\/\/www.purejewels.com\/product\/gold-fancy-necklace-41232\/#primaryimage"},"thumbnailUrl":"https:\/\/static.purejewels.com\/wp-content\/uploads\/2018\/10\/28087_1.png","datePublished":"2021-12-17T08:13:34+00:00","dateModified":"2022-10-17T14:22:16+00:00","description":"Mala Zinciri | \u0130ngiltere'de \u00e7evrimi\u00e7i Fantezi Boncuklu Zincir | Hallmarked Tak\u0131 | \u00c7evrimi\u00e7i Saf Alt\u0131n Tak\u0131 Al\u0131\u015fveri\u015fi | H\u0131zl\u0131 Teslimat","breadcrumb":{"@id":"https:\/\/www.purejewels.com\/product\/gold-fancy-necklace-41232\/#breadcrumb"},"inLanguage":"tr","potentialAction":[{"@type":"ReadAction","target":["https:\/\/www.purejewels.com\/product\/gold-fancy-necklace-41232\/"]}]},{"@type":"ImageObject","inLanguage":"tr","@id":"https:\/\/www.purejewels.com\/product\/gold-fancy-necklace-41232\/#primaryimage","url":"https:\/\/static.purejewels.com\/wp-content\/uploads\/2018\/10\/28087_1.png","contentUrl":"https:\/\/static.purejewels.com\/wp-content\/uploads\/2018\/10\/28087_1.png","width":1000,"height":1000,"caption":"28087_1"},{"@type":"BreadcrumbList","@id":"https:\/\/www.purejewels.com\/product\/gold-fancy-necklace-41232\/#breadcrumb","itemListElement":[{"@type":"ListItem","position":1,"name":"Home","item":"https:\/\/www.purejewels.com\/"},{"@type":"ListItem","position":2,"name":"Shop","item":"https:\/\/www.purejewels.com\/shop\/"},{"@type":"ListItem","position":3,"name":"Gold Fancy Necklace"}]},{"@type":"WebSite","@id":"https:\/\/www.purejewels.com\/#website","url":"https:\/\/www.purejewels.com\/","name":"PureJewels \u0130ngiltere","description":"Sevgiyi Payla\u015f\u0131n","publisher":{"@id":"https:\/\/www.purejewels.com\/#organization"},"potentialAction":[{"@type":"SearchAction","target":{"@type":"EntryPoint","urlTemplate":"https:\/\/www.purejewels.com\/?s={search_term_string}"},"query-input":{"@type":"PropertyValueSpecification","valueRequired":true,"valueName":"search_term_string"}}],"inLanguage":"tr"},{"@type":"Organization","@id":"https:\/\/www.purejewels.com\/#organization","name":"PureJewels \u0130ngiltere","url":"https:\/\/www.purejewels.com\/","logo":{"@type":"ImageObject","inLanguage":"tr","@id":"https:\/\/www.purejewels.com\/#\/schema\/logo\/image\/","url":"https:\/\/static.purejewels.com\/wp-content\/uploads\/2020\/11\/Logo-PJ-New-1.png","contentUrl":"https:\/\/static.purejewels.com\/wp-content\/uploads\/2020\/11\/Logo-PJ-New-1.png","width":150,"height":80,"caption":"PureJewels UK"},"image":{"@id":"https:\/\/www.purejewels.com\/#\/schema\/logo\/image\/"}}]}},"_links":{"self":[{"href":"https:\/\/www.purejewels.com\/tr\/wp-json\/wp\/v2\/product\/330387","targetHints":{"allow":["GET"]}}],"collection":[{"href":"https:\/\/www.purejewels.com\/tr\/wp-json\/wp\/v2\/product"}],"about":[{"href":"https:\/\/www.purejewels.com\/tr\/wp-json\/wp\/v2\/types\/product"}],"replies":[{"embeddable":true,"href":"https:\/\/www.purejewels.com\/tr\/wp-json\/wp\/v2\/comments?post=330387"}],"version-history":[{"count":0,"href":"https:\/\/www.purejewels.com\/tr\/wp-json\/wp\/v2\/product\/330387\/revisions"}],"wp:featuredmedia":[{"embeddable":true,"href":"https:\/\/www.purejewels.com\/tr\/wp-json\/wp\/v2\/media\/303717"}],"wp:attachment":[{"href":"https:\/\/www.purejewels.com\/tr\/wp-json\/wp\/v2\/media?parent=330387"}],"wp:term":[{"taxonomy":"product_brand","embeddable":true,"href":"https:\/\/www.purejewels.com\/tr\/wp-json\/wp\/v2\/product_brand?post=330387"},{"taxonomy":"product_cat","embeddable":true,"href":"https:\/\/www.purejewels.com\/tr\/wp-json\/wp\/v2\/product_cat?post=330387"},{"taxonomy":"product_tag","embeddable":true,"href":"https:\/\/www.purejewels.com\/tr\/wp-json\/wp\/v2\/product_tag?post=330387"}],"curies":[{"name":"wp","href":"https:\/\/api.w.org\/{rel}","templated":true}]}}