{"id":330661,"date":"2025-07-21T09:36:24","date_gmt":"2025-07-21T08:36:24","guid":{"rendered":"https:\/\/www.purejewels.com\/?post_type=product&#038;p=330661"},"modified":"2026-01-07T05:58:13","modified_gmt":"2026-01-07T05:58:13","slug":"kadinlar-icin-22-ayar-sari-altin-yuzuk-o-beden-51635","status":"publish","type":"product","link":"https:\/\/www.purejewels.com\/tr\/product\/22ct-yellow-gold-ring-for-women-size-o-51635\/","title":{"rendered":"22 Ayar Alt\u0131n CZ Kalp Y\u00fcz\u00fck | O Beden"},"content":{"rendered":"<p>Duygu ve stil ile haz\u0131rlanm\u0131\u015f bu 22 ayar sar\u0131 alt\u0131n y\u00fcz\u00fck, zarif bir kalp motifinde a\u015fk\u0131n \u00f6z\u00fcn\u00fc yakal\u0131yor. I\u015f\u0131lt\u0131l\u0131 K\u00fcbik Zirkon ta\u015flardan olu\u015fan bir k\u00fcme, kalbin bir kenar\u0131 boyunca nazik\u00e7e k\u0131vr\u0131l\u0131yor ve yumu\u015fak, cilal\u0131 formuna parlakl\u0131k kat\u0131yor.<\/p>\n<p>\u0130ster bir sevgi jesti olarak hediye edilsin, ister ki\u015fisel bir hat\u0131ra olarak se\u00e7ilsin, bu y\u00fcz\u00fck sessiz g\u00fczelli\u011fiyle konu\u015fur. M\u00fckemmel bir \u015fekilde istiflenebilir ancak tek ba\u015f\u0131na durabilecek kadar g\u00fc\u00e7l\u00fc olan bu y\u00fcz\u00fck, s\u0131cakl\u0131k, duygu ve minimal tasar\u0131m\u0131 harmanl\u0131yor.<\/p>\n<p>Her y\u00fcz\u00fck, g\u00fcvenebilece\u011finiz bir \u00f6zg\u00fcnl\u00fck ve ince i\u015f\u00e7ilik i\u015fareti olarak Londra Assay Ofisi taraf\u0131ndan damgalanm\u0131\u015ft\u0131r.<\/p>","protected":false},"excerpt":{"rendered":"<p>Yontulmu\u015f bir kalp ve par\u0131ldayan CZ vurgular i\u00e7eren 22 ayar alt\u0131ndan narin bir y\u00fcz\u00fck. G\u00fcnl\u00fck \u015f\u0131kl\u0131k i\u00e7in rafine edilmi\u015f, zamans\u0131z bir sevgi sembol\u00fc.<\/p>\n<p data-start=\"653\" data-end=\"831\"><strong>Malzeme:<\/strong>\u00a022 Ayar Alt\u0131n<strong><br \/>\nHallmark:\u00a0<\/strong>\u0130ngiliz Damgas\u0131<strong><br \/>\n<\/strong><strong>Br\u00fct A\u011f\u0131rl\u0131k: <\/strong>0.98 Gms<br \/>\n<strong>Boyut:<\/strong> O<br \/>\n<strong>SKU<\/strong>: 51635 ,50978<\/p>\n<p><strong>Fiyat ve Teslimat<\/strong>: KDV ve teslimat \u00fccretleri dahil<br \/>\n<a href=\"https:\/\/www.purejewels.com\/tr\/i%cc%87ade-poli%cc%87ti%cc%87kasi\/\">\u0130ade Politikas\u0131<\/a><\/p>","protected":false},"featured_media":408466,"comment_status":"closed","ping_status":"closed","template":"","meta":{"_eb_attr":"","_crsspst_to_jayantr4sg-hostcom":true},"product_brand":[],"product_cat":[1791,1559,1785,1229,1235,5684,5342,1783,5347,5338,5353,1569,1573,1574,5349],"product_tag":[64],"class_list":{"0":"post-330661","1":"product","2":"type-product","3":"status-publish","4":"has-post-thumbnail","6":"product_cat-anniversary-gifts","7":"product_cat-birthday-gifts","8":"product_cat-daily-wear-rings","9":"product_cat-22ct-gold-jewellery","10":"product_cat-gold-rings","11":"product_cat-heart-ring","12":"product_cat-jewellery-under-250","13":"product_cat-ladies-rings","14":"product_cat-shop-by-metal","15":"product_cat-shop-by-price","16":"product_cat-shop-by","17":"product_cat-valentine-day-gifts","18":"product_cat-wedding-gifts","19":"product_cat-womens-jewellery","20":"product_cat-yellow-gold-jewellery","21":"product_tag-rings","23":"first","24":"outofstock","25":"taxable","26":"shipping-taxable","27":"product-type-simple","28":"add-to-wishlist-before_image"},"yoast_head":"<!-- This site is optimized with the Yoast SEO plugin v27.6 - https:\/\/yoast.com\/product\/yoast-seo-wordpress\/ -->\n<title>22ct Gold Heart Ring with CZ | Symbolic Love Ring | PureJewels<\/title>\n<meta name=\"description\" content=\"Discover PureJewels\u2019 22ct Yellow Gold Heart Ring, accented with CZ stones. A heartfelt gold ring crafted for everyday love and timeless elegance.\" \/>\n<meta name=\"robots\" content=\"index, follow, max-snippet:-1, max-image-preview:large, max-video-preview:-1\" \/>\n<link rel=\"canonical\" href=\"https:\/\/www.purejewels.com\/tr\/urun\/kadinlar-icin-22-ayar-sari-altin-yuzuk-o-beden-51635\/\" \/>\n<meta property=\"og:locale\" content=\"tr_TR\" \/>\n<meta property=\"og:type\" content=\"article\" \/>\n<meta property=\"og:title\" content=\"22ct Gold Heart Ring with CZ | Symbolic Love Ring | PureJewels\" \/>\n<meta property=\"og:description\" content=\"Discover PureJewels\u2019 22ct Yellow Gold Heart Ring, accented with CZ stones. A heartfelt gold ring crafted for everyday love and timeless elegance.\" \/>\n<meta property=\"og:url\" content=\"https:\/\/www.purejewels.com\/tr\/urun\/kadinlar-icin-22-ayar-sari-altin-yuzuk-o-beden-51635\/\" \/>\n<meta property=\"og:site_name\" content=\"PureJewels UK\" \/>\n<meta property=\"article:modified_time\" content=\"2026-01-07T05:58:13+00:00\" \/>\n<meta property=\"og:image\" content=\"https:\/\/www.purejewels.com\/wp-content\/uploads\/2024\/01\/SKU-51635.1.jpg\" \/>\n\t<meta property=\"og:image:width\" content=\"1000\" \/>\n\t<meta property=\"og:image:height\" content=\"1000\" \/>\n\t<meta property=\"og:image:type\" content=\"image\/jpeg\" \/>\n<meta name=\"twitter:card\" content=\"summary_large_image\" \/>\n<meta name=\"twitter:label1\" content=\"Tahmini okuma s\u00fcresi\" \/>\n\t<meta name=\"twitter:data1\" content=\"1 dakika\" \/>\n<script type=\"application\/ld+json\" class=\"yoast-schema-graph\">{\"@context\":\"https:\\\/\\\/schema.org\",\"@graph\":[{\"@type\":[\"WebPage\",\"ItemPage\"],\"@id\":\"https:\\\/\\\/www.purejewels.com\\\/product\\\/22ct-yellow-gold-ring-for-women-size-o-51635\\\/\",\"url\":\"https:\\\/\\\/www.purejewels.com\\\/product\\\/22ct-yellow-gold-ring-for-women-size-o-51635\\\/\",\"name\":\"22ct Gold Heart Ring with CZ | Symbolic Love Ring | PureJewels\",\"isPartOf\":{\"@id\":\"https:\\\/\\\/www.purejewels.com\\\/#website\"},\"primaryImageOfPage\":{\"@id\":\"https:\\\/\\\/www.purejewels.com\\\/product\\\/22ct-yellow-gold-ring-for-women-size-o-51635\\\/#primaryimage\"},\"image\":{\"@id\":\"https:\\\/\\\/www.purejewels.com\\\/product\\\/22ct-yellow-gold-ring-for-women-size-o-51635\\\/#primaryimage\"},\"thumbnailUrl\":\"https:\\\/\\\/static.purejewels.com\\\/wp-content\\\/uploads\\\/2024\\\/01\\\/SKU-51635.1.jpg\",\"datePublished\":\"2025-07-21T08:36:24+00:00\",\"dateModified\":\"2026-01-07T05:58:13+00:00\",\"description\":\"Discover PureJewels\u2019 22ct Yellow Gold Heart Ring, accented with CZ stones. A heartfelt gold ring crafted for everyday love and timeless elegance.\",\"breadcrumb\":{\"@id\":\"https:\\\/\\\/www.purejewels.com\\\/product\\\/22ct-yellow-gold-ring-for-women-size-o-51635\\\/#breadcrumb\"},\"inLanguage\":\"tr\",\"potentialAction\":[{\"@type\":\"ReadAction\",\"target\":[\"https:\\\/\\\/www.purejewels.com\\\/product\\\/22ct-yellow-gold-ring-for-women-size-o-51635\\\/\"]}]},{\"@type\":\"ImageObject\",\"inLanguage\":\"tr\",\"@id\":\"https:\\\/\\\/www.purejewels.com\\\/product\\\/22ct-yellow-gold-ring-for-women-size-o-51635\\\/#primaryimage\",\"url\":\"https:\\\/\\\/static.purejewels.com\\\/wp-content\\\/uploads\\\/2024\\\/01\\\/SKU-51635.1.jpg\",\"contentUrl\":\"https:\\\/\\\/static.purejewels.com\\\/wp-content\\\/uploads\\\/2024\\\/01\\\/SKU-51635.1.jpg\",\"width\":1000,\"height\":1000,\"caption\":\"Stacked from 11 images. Method=B (R=8,S=4)\"},{\"@type\":\"BreadcrumbList\",\"@id\":\"https:\\\/\\\/www.purejewels.com\\\/product\\\/22ct-yellow-gold-ring-for-women-size-o-51635\\\/#breadcrumb\",\"itemListElement\":[{\"@type\":\"ListItem\",\"position\":1,\"name\":\"Home\",\"item\":\"https:\\\/\\\/www.purejewels.com\\\/\"},{\"@type\":\"ListItem\",\"position\":2,\"name\":\"Shop\",\"item\":\"https:\\\/\\\/www.purejewels.com\\\/shop\\\/\"},{\"@type\":\"ListItem\",\"position\":3,\"name\":\"22ct Gold CZ Heart Ring | Size O\"}]},{\"@type\":\"WebSite\",\"@id\":\"https:\\\/\\\/www.purejewels.com\\\/#website\",\"url\":\"https:\\\/\\\/www.purejewels.com\\\/\",\"name\":\"PureJewels UK\",\"description\":\"Share the Love\",\"publisher\":{\"@id\":\"https:\\\/\\\/www.purejewels.com\\\/#organization\"},\"potentialAction\":[{\"@type\":\"SearchAction\",\"target\":{\"@type\":\"EntryPoint\",\"urlTemplate\":\"https:\\\/\\\/www.purejewels.com\\\/?s={search_term_string}\"},\"query-input\":{\"@type\":\"PropertyValueSpecification\",\"valueRequired\":true,\"valueName\":\"search_term_string\"}}],\"inLanguage\":\"tr\"},{\"@type\":\"Organization\",\"@id\":\"https:\\\/\\\/www.purejewels.com\\\/#organization\",\"name\":\"PureJewels UK\",\"url\":\"https:\\\/\\\/www.purejewels.com\\\/\",\"logo\":{\"@type\":\"ImageObject\",\"inLanguage\":\"tr\",\"@id\":\"https:\\\/\\\/www.purejewels.com\\\/#\\\/schema\\\/logo\\\/image\\\/\",\"url\":\"https:\\\/\\\/static.purejewels.com\\\/wp-content\\\/uploads\\\/2020\\\/11\\\/Logo-PJ-New-1.png\",\"contentUrl\":\"https:\\\/\\\/static.purejewels.com\\\/wp-content\\\/uploads\\\/2020\\\/11\\\/Logo-PJ-New-1.png\",\"width\":150,\"height\":80,\"caption\":\"PureJewels UK\"},\"image\":{\"@id\":\"https:\\\/\\\/www.purejewels.com\\\/#\\\/schema\\\/logo\\\/image\\\/\"}}]}<\/script>\n<!-- \/ Yoast SEO plugin. -->","yoast_head_json":{"title":"22 Ayar Alt\u0131n CZ'li Kalp Y\u00fcz\u00fck | Sembolik A\u015fk Y\u00fcz\u00fc\u011f\u00fc | PureJewels","description":"PureJewels'in CZ ta\u015flarla vurgulanm\u0131\u015f 22 ayar sar\u0131 alt\u0131n kalp y\u00fcz\u00fc\u011f\u00fcn\u00fc ke\u015ffedin. G\u00fcnl\u00fck a\u015fk ve zamans\u0131z \u015f\u0131kl\u0131k i\u00e7in haz\u0131rlanm\u0131\u015f i\u00e7ten bir alt\u0131n y\u00fcz\u00fck.","robots":{"index":"index","follow":"follow","max-snippet":"max-snippet:-1","max-image-preview":"max-image-preview:large","max-video-preview":"max-video-preview:-1"},"canonical":"https:\/\/www.purejewels.com\/tr\/urun\/kadinlar-icin-22-ayar-sari-altin-yuzuk-o-beden-51635\/","og_locale":"tr_TR","og_type":"article","og_title":"22ct Gold Heart Ring with CZ | Symbolic Love Ring | PureJewels","og_description":"Discover PureJewels\u2019 22ct Yellow Gold Heart Ring, accented with CZ stones. A heartfelt gold ring crafted for everyday love and timeless elegance.","og_url":"https:\/\/www.purejewels.com\/tr\/urun\/kadinlar-icin-22-ayar-sari-altin-yuzuk-o-beden-51635\/","og_site_name":"PureJewels UK","article_modified_time":"2026-01-07T05:58:13+00:00","og_image":[{"width":1000,"height":1000,"url":"https:\/\/www.purejewels.com\/wp-content\/uploads\/2024\/01\/SKU-51635.1.jpg","type":"image\/jpeg"}],"twitter_card":"summary_large_image","twitter_misc":{"Tahmini okuma s\u00fcresi":"1 dakika"},"schema":{"@context":"https:\/\/schema.org","@graph":[{"@type":["WebPage","ItemPage"],"@id":"https:\/\/www.purejewels.com\/product\/22ct-yellow-gold-ring-for-women-size-o-51635\/","url":"https:\/\/www.purejewels.com\/product\/22ct-yellow-gold-ring-for-women-size-o-51635\/","name":"22 Ayar Alt\u0131n CZ'li Kalp Y\u00fcz\u00fck | Sembolik A\u015fk Y\u00fcz\u00fc\u011f\u00fc | PureJewels","isPartOf":{"@id":"https:\/\/www.purejewels.com\/#website"},"primaryImageOfPage":{"@id":"https:\/\/www.purejewels.com\/product\/22ct-yellow-gold-ring-for-women-size-o-51635\/#primaryimage"},"image":{"@id":"https:\/\/www.purejewels.com\/product\/22ct-yellow-gold-ring-for-women-size-o-51635\/#primaryimage"},"thumbnailUrl":"https:\/\/static.purejewels.com\/wp-content\/uploads\/2024\/01\/SKU-51635.1.jpg","datePublished":"2025-07-21T08:36:24+00:00","dateModified":"2026-01-07T05:58:13+00:00","description":"PureJewels'in CZ ta\u015flarla vurgulanm\u0131\u015f 22 ayar sar\u0131 alt\u0131n kalp y\u00fcz\u00fc\u011f\u00fcn\u00fc ke\u015ffedin. G\u00fcnl\u00fck a\u015fk ve zamans\u0131z \u015f\u0131kl\u0131k i\u00e7in haz\u0131rlanm\u0131\u015f i\u00e7ten bir alt\u0131n y\u00fcz\u00fck.","breadcrumb":{"@id":"https:\/\/www.purejewels.com\/product\/22ct-yellow-gold-ring-for-women-size-o-51635\/#breadcrumb"},"inLanguage":"tr","potentialAction":[{"@type":"ReadAction","target":["https:\/\/www.purejewels.com\/product\/22ct-yellow-gold-ring-for-women-size-o-51635\/"]}]},{"@type":"ImageObject","inLanguage":"tr","@id":"https:\/\/www.purejewels.com\/product\/22ct-yellow-gold-ring-for-women-size-o-51635\/#primaryimage","url":"https:\/\/static.purejewels.com\/wp-content\/uploads\/2024\/01\/SKU-51635.1.jpg","contentUrl":"https:\/\/static.purejewels.com\/wp-content\/uploads\/2024\/01\/SKU-51635.1.jpg","width":1000,"height":1000,"caption":"Stacked from 11 images. Method=B (R=8,S=4)"},{"@type":"BreadcrumbList","@id":"https:\/\/www.purejewels.com\/product\/22ct-yellow-gold-ring-for-women-size-o-51635\/#breadcrumb","itemListElement":[{"@type":"ListItem","position":1,"name":"Home","item":"https:\/\/www.purejewels.com\/"},{"@type":"ListItem","position":2,"name":"Shop","item":"https:\/\/www.purejewels.com\/shop\/"},{"@type":"ListItem","position":3,"name":"22ct Gold CZ Heart Ring | Size O"}]},{"@type":"WebSite","@id":"https:\/\/www.purejewels.com\/#website","url":"https:\/\/www.purejewels.com\/","name":"PureJewels \u0130ngiltere","description":"Sevgiyi Payla\u015f\u0131n","publisher":{"@id":"https:\/\/www.purejewels.com\/#organization"},"potentialAction":[{"@type":"SearchAction","target":{"@type":"EntryPoint","urlTemplate":"https:\/\/www.purejewels.com\/?s={search_term_string}"},"query-input":{"@type":"PropertyValueSpecification","valueRequired":true,"valueName":"search_term_string"}}],"inLanguage":"tr"},{"@type":"Organization","@id":"https:\/\/www.purejewels.com\/#organization","name":"PureJewels \u0130ngiltere","url":"https:\/\/www.purejewels.com\/","logo":{"@type":"ImageObject","inLanguage":"tr","@id":"https:\/\/www.purejewels.com\/#\/schema\/logo\/image\/","url":"https:\/\/static.purejewels.com\/wp-content\/uploads\/2020\/11\/Logo-PJ-New-1.png","contentUrl":"https:\/\/static.purejewels.com\/wp-content\/uploads\/2020\/11\/Logo-PJ-New-1.png","width":150,"height":80,"caption":"PureJewels UK"},"image":{"@id":"https:\/\/www.purejewels.com\/#\/schema\/logo\/image\/"}}]}},"_links":{"self":[{"href":"https:\/\/www.purejewels.com\/tr\/wp-json\/wp\/v2\/product\/330661","targetHints":{"allow":["GET"]}}],"collection":[{"href":"https:\/\/www.purejewels.com\/tr\/wp-json\/wp\/v2\/product"}],"about":[{"href":"https:\/\/www.purejewels.com\/tr\/wp-json\/wp\/v2\/types\/product"}],"replies":[{"embeddable":true,"href":"https:\/\/www.purejewels.com\/tr\/wp-json\/wp\/v2\/comments?post=330661"}],"version-history":[{"count":5,"href":"https:\/\/www.purejewels.com\/tr\/wp-json\/wp\/v2\/product\/330661\/revisions"}],"predecessor-version":[{"id":408479,"href":"https:\/\/www.purejewels.com\/tr\/wp-json\/wp\/v2\/product\/330661\/revisions\/408479"}],"wp:featuredmedia":[{"embeddable":true,"href":"https:\/\/www.purejewels.com\/tr\/wp-json\/wp\/v2\/media\/408466"}],"wp:attachment":[{"href":"https:\/\/www.purejewels.com\/tr\/wp-json\/wp\/v2\/media?parent=330661"}],"wp:term":[{"taxonomy":"product_brand","embeddable":true,"href":"https:\/\/www.purejewels.com\/tr\/wp-json\/wp\/v2\/product_brand?post=330661"},{"taxonomy":"product_cat","embeddable":true,"href":"https:\/\/www.purejewels.com\/tr\/wp-json\/wp\/v2\/product_cat?post=330661"},{"taxonomy":"product_tag","embeddable":true,"href":"https:\/\/www.purejewels.com\/tr\/wp-json\/wp\/v2\/product_tag?post=330661"}],"curies":[{"name":"wp","href":"https:\/\/api.w.org\/{rel}","templated":true}]}}