{"id":330751,"date":"2021-12-28T06:05:31","date_gmt":"2021-12-28T06:05:31","guid":{"rendered":"https:\/\/www.purejewels.com\/?post_type=product&#038;p=330751"},"modified":"2026-02-03T08:21:22","modified_gmt":"2026-02-03T08:21:22","slug":"22-ayar-altin-spiga-zincir-47245","status":"publish","type":"product","link":"https:\/\/www.purejewels.com\/tr\/product\/22ct-gold-spiga-chain-47245\/","title":{"rendered":"22 Ayar Alt\u0131n | Spiga Zincir | 16 \u0130n\u00e7 | 1,1mm Kal\u0131nl\u0131k"},"content":{"rendered":"<h3><b>\u0130lham kayna\u011f\u0131<\/b><\/h3>\n<p><strong>Spiga alt\u0131n zincir<\/strong> halk aras\u0131nda bu\u011fday zinciri olarak da bilinir. Bu karma\u015f\u0131k dokuma <a href=\"https:\/\/www.purejewels.com\/tr\/product-category\/22ct-gold-jewellery\/gold-chains\/\">Zincirler<\/a> bulmak \u00e7ok yayg\u0131n de\u011fildir ve yaln\u0131zca en deneyimli karigarlar taraf\u0131ndan \u00fcretilebilir. \u00c7ok y\u00f6nl\u00fcd\u00fcrler ve bu nedenle giydi\u011finiz neredeyse her \u015feyle stil olu\u015fturmalar\u0131 kolayd\u0131r.<\/p>\n<h3><b>Tasar\u0131m<\/b><\/h3>\n<p>Purejewels'in bu alt\u0131n Spiga zincir kolyesi, \u015f\u0131k bir g\u00f6r\u00fcn\u00fcm\u00fcn yan\u0131 s\u0131ra karma\u015f\u0131k bir tasar\u0131ma sahiptir ve b\u00fck\u00fclm\u00fc\u015f oval d\u00f6rt halkan\u0131n birbirine ba\u011flanmas\u0131yla elde \u00fcretilmi\u015ftir. <a href=\"https:\/\/www.purejewels.com\/tr\/product-category\/22ct-gold-jewellery\/gold-rings\/\">halkalar<\/a>. Zarif yap\u0131s\u0131n\u0131, siluetini ve \u00f6rg\u00fcl\u00fc g\u00f6r\u00fcn\u00fcm\u00fcn\u00fc elde etmek i\u00e7in halkalar son derece hassas bir \u015fekilde birbirine \u00f6r\u00fclm\u00fc\u015ft\u00fcr. Bu 16 in\u00e7 uzunlu\u011fundaki Spiga zincir 22 ayar alt\u0131ndan \u00fcretilmi\u015ftir ve 1,1 milimetrelik hassas kal\u0131nl\u0131\u011f\u0131 ve yakla\u015f\u0131k 4,4 gram a\u011f\u0131rl\u0131\u011f\u0131yla boynunuza g\u00fczelce oturur.<\/p>\n<p>&nbsp;<\/p>\n<h3><b>Stil<\/b><\/h3>\n<p>Spiga alt\u0131n zincirimiz, g\u00fc\u00e7l\u00fc g\u00f6r\u00fcnd\u00fc\u011f\u00fc ve \u0131\u015f\u0131l \u0131\u015f\u0131l parlad\u0131\u011f\u0131 i\u00e7in mutlaka bir kolye ucuna veya ba\u015fka zincirlere ihtiya\u00e7 duymaz, ancak yan\u0131na beyaz alt\u0131n bir spiga zincir takarak g\u00f6r\u00fcn\u00fcm\u00fcn\u00fcz\u00fc her zaman zenginle\u015ftirebilirsiniz. Kaplumba\u011fa yaka \u00fcstler, blazer ceketler, y\u00fcksek yakal\u0131 y\u00fcnl\u00fcler ve hatta sariler ve kurtalar gibi Hint k\u0131yafetlerinizle birlikte kullanmak i\u00e7in m\u00fckemmeldir, evet bu kadar \u00e7ok y\u00f6nl\u00fc, narin ve \u015fekillendirmesi kolayd\u0131r.<\/p>","protected":false},"excerpt":{"rendered":"<table class=\"sh_desc\">\n<tbody>\n<tr>\n<td>Zincir Tipi<\/td>\n<td>Spiga Zincir<\/td>\n<\/tr>\n<tr>\n<td>SKU<\/td>\n<td>47245<\/td>\n<\/tr>\n<tr>\n<td>A\u011f\u0131rl\u0131k<\/td>\n<td>4.4 Gms<\/td>\n<\/tr>\n<tr>\n<td>Metal<\/td>\n<td>22 Ayar Alt\u0131n<\/td>\n<\/tr>\n<tr>\n<td>Kal\u0131nl\u0131k<\/td>\n<td>1.1 mm<\/td>\n<\/tr>\n<tr>\n<td>Uzunluk<\/td>\n<td>16 in\u00e7<\/td>\n<\/tr>\n<tr>\n<td>Hallmark<\/td>\n<td>Londra Tahlil Ofisi Taraf\u0131ndan Damgalanm\u0131\u015f 22 Ayar Alt\u0131n<\/td>\n<\/tr>\n<tr>\n<td>\u00dccretler<\/td>\n<td>Teslimat ve KDV Dahil<\/td>\n<\/tr>\n<tr>\n<td>Paketleme<\/td>\n<td>Sunum Kutusu ile Birlikte Gelir<\/td>\n<\/tr>\n<tr>\n<td>Daha Fazla Bilgi<\/td>\n<td>M\u00fcsaitlik durumu ve daha fazla resim i\u00e7in bizimle canl\u0131 sohbet edin<\/td>\n<\/tr>\n<\/tbody>\n<\/table>","protected":false},"featured_media":327527,"comment_status":"closed","ping_status":"closed","template":"","meta":{"_eb_attr":"","_crsspst_to_jayantr4sg-hostcom":true},"product_brand":[],"product_cat":[5013,5264,1791,1559,1475,1229,1773,5266,1574,5349],"product_tag":[3990,63],"class_list":{"0":"post-330751","1":"product","2":"type-product","3":"status-publish","4":"has-post-thumbnail","6":"product_cat-16-inch-ladies-chain","7":"product_cat-22ct-gold-chain","8":"product_cat-anniversary-gifts","9":"product_cat-birthday-gifts","10":"product_cat-gold-chains","11":"product_cat-22ct-gold-jewellery","12":"product_cat-ladies-chains","13":"product_cat-spiga-chain","14":"product_cat-womens-jewellery","15":"product_cat-yellow-gold-jewellery","16":"product_tag-22-carat-gold-chain","17":"product_tag-gold","19":"first","20":"onbackorder","21":"taxable","22":"shipping-taxable","23":"product-type-simple","24":"add-to-wishlist-before_image"},"yoast_head":"<!-- This site is optimized with the Yoast SEO plugin v27.6 - https:\/\/yoast.com\/product\/yoast-seo-wordpress\/ -->\n<title>Pure 22ct Gold Spiga Chain | Elegant &amp; Durable Design<\/title>\n<meta name=\"description\" content=\"Discover the refined craftsmanship of our 22ct Gold Spiga Chain\u2014luxurious, intricate, and perfect for everyday elegance. Free delivery across a UK.\" \/>\n<meta name=\"robots\" content=\"index, follow, max-snippet:-1, max-image-preview:large, max-video-preview:-1\" \/>\n<link rel=\"canonical\" href=\"https:\/\/www.purejewels.com\/tr\/urun\/22-ayar-altin-spiga-zincir-47245\/\" \/>\n<meta property=\"og:locale\" content=\"tr_TR\" \/>\n<meta property=\"og:type\" content=\"article\" \/>\n<meta property=\"og:title\" content=\"Pure 22ct Gold Spiga Chain | Elegant &amp; Durable Design\" \/>\n<meta property=\"og:description\" content=\"Discover the refined craftsmanship of our 22ct Gold Spiga Chain\u2014luxurious, intricate, and perfect for everyday elegance. Free delivery across a UK.\" \/>\n<meta property=\"og:url\" content=\"https:\/\/www.purejewels.com\/tr\/urun\/22-ayar-altin-spiga-zincir-47245\/\" \/>\n<meta property=\"og:site_name\" content=\"PureJewels UK\" \/>\n<meta property=\"article:modified_time\" content=\"2026-02-03T08:21:22+00:00\" \/>\n<meta property=\"og:image\" content=\"https:\/\/static.purejewels.com\/wp-content\/uploads\/2020\/02\/31814-1.jpg\" \/>\n\t<meta property=\"og:image:width\" content=\"1000\" \/>\n\t<meta property=\"og:image:height\" content=\"1000\" \/>\n\t<meta property=\"og:image:type\" content=\"image\/jpeg\" \/>\n<meta name=\"twitter:card\" content=\"summary_large_image\" \/>\n<meta name=\"twitter:label1\" content=\"Tahmini okuma s\u00fcresi\" \/>\n\t<meta name=\"twitter:data1\" content=\"2 dakika\" \/>\n<script type=\"application\/ld+json\" class=\"yoast-schema-graph\">{\"@context\":\"https:\\\/\\\/schema.org\",\"@graph\":[{\"@type\":[\"WebPage\",\"ItemPage\"],\"@id\":\"https:\\\/\\\/www.purejewels.com\\\/product\\\/22ct-gold-spiga-chain-47245\\\/\",\"url\":\"https:\\\/\\\/www.purejewels.com\\\/product\\\/22ct-gold-spiga-chain-47245\\\/\",\"name\":\"Pure 22ct Gold Spiga Chain | Elegant & Durable Design\",\"isPartOf\":{\"@id\":\"https:\\\/\\\/www.purejewels.com\\\/#website\"},\"primaryImageOfPage\":{\"@id\":\"https:\\\/\\\/www.purejewels.com\\\/product\\\/22ct-gold-spiga-chain-47245\\\/#primaryimage\"},\"image\":{\"@id\":\"https:\\\/\\\/www.purejewels.com\\\/product\\\/22ct-gold-spiga-chain-47245\\\/#primaryimage\"},\"thumbnailUrl\":\"https:\\\/\\\/static.purejewels.com\\\/wp-content\\\/uploads\\\/2020\\\/02\\\/31814-1.jpg\",\"datePublished\":\"2021-12-28T06:05:31+00:00\",\"dateModified\":\"2026-02-03T08:21:22+00:00\",\"description\":\"Discover the refined craftsmanship of our 22ct Gold Spiga Chain\u2014luxurious, intricate, and perfect for everyday elegance. Free delivery across a UK.\",\"breadcrumb\":{\"@id\":\"https:\\\/\\\/www.purejewels.com\\\/product\\\/22ct-gold-spiga-chain-47245\\\/#breadcrumb\"},\"inLanguage\":\"tr\",\"potentialAction\":[{\"@type\":\"ReadAction\",\"target\":[\"https:\\\/\\\/www.purejewels.com\\\/product\\\/22ct-gold-spiga-chain-47245\\\/\"]}]},{\"@type\":\"ImageObject\",\"inLanguage\":\"tr\",\"@id\":\"https:\\\/\\\/www.purejewels.com\\\/product\\\/22ct-gold-spiga-chain-47245\\\/#primaryimage\",\"url\":\"https:\\\/\\\/static.purejewels.com\\\/wp-content\\\/uploads\\\/2020\\\/02\\\/31814-1.jpg\",\"contentUrl\":\"https:\\\/\\\/static.purejewels.com\\\/wp-content\\\/uploads\\\/2020\\\/02\\\/31814-1.jpg\",\"width\":1000,\"height\":1000,\"caption\":\"22ct Gold Spiga Chain 31814-1\"},{\"@type\":\"BreadcrumbList\",\"@id\":\"https:\\\/\\\/www.purejewels.com\\\/product\\\/22ct-gold-spiga-chain-47245\\\/#breadcrumb\",\"itemListElement\":[{\"@type\":\"ListItem\",\"position\":1,\"name\":\"Home\",\"item\":\"https:\\\/\\\/www.purejewels.com\\\/\"},{\"@type\":\"ListItem\",\"position\":2,\"name\":\"Shop\",\"item\":\"https:\\\/\\\/www.purejewels.com\\\/shop\\\/\"},{\"@type\":\"ListItem\",\"position\":3,\"name\":\"22ct Gold | Spiga Chain | 16 Inches | 1.1mm Thick\"}]},{\"@type\":\"WebSite\",\"@id\":\"https:\\\/\\\/www.purejewels.com\\\/#website\",\"url\":\"https:\\\/\\\/www.purejewels.com\\\/\",\"name\":\"PureJewels UK\",\"description\":\"Share the Love\",\"publisher\":{\"@id\":\"https:\\\/\\\/www.purejewels.com\\\/#organization\"},\"potentialAction\":[{\"@type\":\"SearchAction\",\"target\":{\"@type\":\"EntryPoint\",\"urlTemplate\":\"https:\\\/\\\/www.purejewels.com\\\/?s={search_term_string}\"},\"query-input\":{\"@type\":\"PropertyValueSpecification\",\"valueRequired\":true,\"valueName\":\"search_term_string\"}}],\"inLanguage\":\"tr\"},{\"@type\":\"Organization\",\"@id\":\"https:\\\/\\\/www.purejewels.com\\\/#organization\",\"name\":\"PureJewels UK\",\"url\":\"https:\\\/\\\/www.purejewels.com\\\/\",\"logo\":{\"@type\":\"ImageObject\",\"inLanguage\":\"tr\",\"@id\":\"https:\\\/\\\/www.purejewels.com\\\/#\\\/schema\\\/logo\\\/image\\\/\",\"url\":\"https:\\\/\\\/static.purejewels.com\\\/wp-content\\\/uploads\\\/2020\\\/11\\\/Logo-PJ-New-1.png\",\"contentUrl\":\"https:\\\/\\\/static.purejewels.com\\\/wp-content\\\/uploads\\\/2020\\\/11\\\/Logo-PJ-New-1.png\",\"width\":150,\"height\":80,\"caption\":\"PureJewels UK\"},\"image\":{\"@id\":\"https:\\\/\\\/www.purejewels.com\\\/#\\\/schema\\\/logo\\\/image\\\/\"}}]}<\/script>\n<!-- \/ Yoast SEO plugin. -->","yoast_head_json":{"title":"Saf 22 Ayar Alt\u0131n Spiga Zincir | Zarif ve Dayan\u0131kl\u0131 Tasar\u0131m","description":"L\u00fcks, karma\u015f\u0131k ve g\u00fcnl\u00fck \u015f\u0131kl\u0131k i\u00e7in m\u00fckemmel olan 22 Ayar Alt\u0131n Spiga Zincirimizin zarif i\u015f\u00e7ili\u011fini ke\u015ffedin. Birle\u015fik Krall\u0131k genelinde \u00fccretsiz teslimat.","robots":{"index":"index","follow":"follow","max-snippet":"max-snippet:-1","max-image-preview":"max-image-preview:large","max-video-preview":"max-video-preview:-1"},"canonical":"https:\/\/www.purejewels.com\/tr\/urun\/22-ayar-altin-spiga-zincir-47245\/","og_locale":"tr_TR","og_type":"article","og_title":"Pure 22ct Gold Spiga Chain | Elegant & Durable Design","og_description":"Discover the refined craftsmanship of our 22ct Gold Spiga Chain\u2014luxurious, intricate, and perfect for everyday elegance. Free delivery across a UK.","og_url":"https:\/\/www.purejewels.com\/tr\/urun\/22-ayar-altin-spiga-zincir-47245\/","og_site_name":"PureJewels UK","article_modified_time":"2026-02-03T08:21:22+00:00","og_image":[{"width":1000,"height":1000,"url":"https:\/\/static.purejewels.com\/wp-content\/uploads\/2020\/02\/31814-1.jpg","type":"image\/jpeg"}],"twitter_card":"summary_large_image","twitter_misc":{"Tahmini okuma s\u00fcresi":"2 dakika"},"schema":{"@context":"https:\/\/schema.org","@graph":[{"@type":["WebPage","ItemPage"],"@id":"https:\/\/www.purejewels.com\/product\/22ct-gold-spiga-chain-47245\/","url":"https:\/\/www.purejewels.com\/product\/22ct-gold-spiga-chain-47245\/","name":"Saf 22 Ayar Alt\u0131n Spiga Zincir | Zarif ve Dayan\u0131kl\u0131 Tasar\u0131m","isPartOf":{"@id":"https:\/\/www.purejewels.com\/#website"},"primaryImageOfPage":{"@id":"https:\/\/www.purejewels.com\/product\/22ct-gold-spiga-chain-47245\/#primaryimage"},"image":{"@id":"https:\/\/www.purejewels.com\/product\/22ct-gold-spiga-chain-47245\/#primaryimage"},"thumbnailUrl":"https:\/\/static.purejewels.com\/wp-content\/uploads\/2020\/02\/31814-1.jpg","datePublished":"2021-12-28T06:05:31+00:00","dateModified":"2026-02-03T08:21:22+00:00","description":"L\u00fcks, karma\u015f\u0131k ve g\u00fcnl\u00fck \u015f\u0131kl\u0131k i\u00e7in m\u00fckemmel olan 22 Ayar Alt\u0131n Spiga Zincirimizin zarif i\u015f\u00e7ili\u011fini ke\u015ffedin. Birle\u015fik Krall\u0131k genelinde \u00fccretsiz teslimat.","breadcrumb":{"@id":"https:\/\/www.purejewels.com\/product\/22ct-gold-spiga-chain-47245\/#breadcrumb"},"inLanguage":"tr","potentialAction":[{"@type":"ReadAction","target":["https:\/\/www.purejewels.com\/product\/22ct-gold-spiga-chain-47245\/"]}]},{"@type":"ImageObject","inLanguage":"tr","@id":"https:\/\/www.purejewels.com\/product\/22ct-gold-spiga-chain-47245\/#primaryimage","url":"https:\/\/static.purejewels.com\/wp-content\/uploads\/2020\/02\/31814-1.jpg","contentUrl":"https:\/\/static.purejewels.com\/wp-content\/uploads\/2020\/02\/31814-1.jpg","width":1000,"height":1000,"caption":"22ct Gold Spiga Chain 31814-1"},{"@type":"BreadcrumbList","@id":"https:\/\/www.purejewels.com\/product\/22ct-gold-spiga-chain-47245\/#breadcrumb","itemListElement":[{"@type":"ListItem","position":1,"name":"Home","item":"https:\/\/www.purejewels.com\/"},{"@type":"ListItem","position":2,"name":"Shop","item":"https:\/\/www.purejewels.com\/shop\/"},{"@type":"ListItem","position":3,"name":"22ct Gold | Spiga Chain | 16 Inches | 1.1mm Thick"}]},{"@type":"WebSite","@id":"https:\/\/www.purejewels.com\/#website","url":"https:\/\/www.purejewels.com\/","name":"PureJewels \u0130ngiltere","description":"Sevgiyi Payla\u015f\u0131n","publisher":{"@id":"https:\/\/www.purejewels.com\/#organization"},"potentialAction":[{"@type":"SearchAction","target":{"@type":"EntryPoint","urlTemplate":"https:\/\/www.purejewels.com\/?s={search_term_string}"},"query-input":{"@type":"PropertyValueSpecification","valueRequired":true,"valueName":"search_term_string"}}],"inLanguage":"tr"},{"@type":"Organization","@id":"https:\/\/www.purejewels.com\/#organization","name":"PureJewels \u0130ngiltere","url":"https:\/\/www.purejewels.com\/","logo":{"@type":"ImageObject","inLanguage":"tr","@id":"https:\/\/www.purejewels.com\/#\/schema\/logo\/image\/","url":"https:\/\/static.purejewels.com\/wp-content\/uploads\/2020\/11\/Logo-PJ-New-1.png","contentUrl":"https:\/\/static.purejewels.com\/wp-content\/uploads\/2020\/11\/Logo-PJ-New-1.png","width":150,"height":80,"caption":"PureJewels UK"},"image":{"@id":"https:\/\/www.purejewels.com\/#\/schema\/logo\/image\/"}}]}},"_links":{"self":[{"href":"https:\/\/www.purejewels.com\/tr\/wp-json\/wp\/v2\/product\/330751","targetHints":{"allow":["GET"]}}],"collection":[{"href":"https:\/\/www.purejewels.com\/tr\/wp-json\/wp\/v2\/product"}],"about":[{"href":"https:\/\/www.purejewels.com\/tr\/wp-json\/wp\/v2\/types\/product"}],"replies":[{"embeddable":true,"href":"https:\/\/www.purejewels.com\/tr\/wp-json\/wp\/v2\/comments?post=330751"}],"version-history":[{"count":3,"href":"https:\/\/www.purejewels.com\/tr\/wp-json\/wp\/v2\/product\/330751\/revisions"}],"predecessor-version":[{"id":399389,"href":"https:\/\/www.purejewels.com\/tr\/wp-json\/wp\/v2\/product\/330751\/revisions\/399389"}],"wp:featuredmedia":[{"embeddable":true,"href":"https:\/\/www.purejewels.com\/tr\/wp-json\/wp\/v2\/media\/327527"}],"wp:attachment":[{"href":"https:\/\/www.purejewels.com\/tr\/wp-json\/wp\/v2\/media?parent=330751"}],"wp:term":[{"taxonomy":"product_brand","embeddable":true,"href":"https:\/\/www.purejewels.com\/tr\/wp-json\/wp\/v2\/product_brand?post=330751"},{"taxonomy":"product_cat","embeddable":true,"href":"https:\/\/www.purejewels.com\/tr\/wp-json\/wp\/v2\/product_cat?post=330751"},{"taxonomy":"product_tag","embeddable":true,"href":"https:\/\/www.purejewels.com\/tr\/wp-json\/wp\/v2\/product_tag?post=330751"}],"curies":[{"name":"wp","href":"https:\/\/api.w.org\/{rel}","templated":true}]}}