{"id":330763,"date":"2024-05-05T06:00:02","date_gmt":"2024-05-05T05:00:02","guid":{"rendered":"https:\/\/www.purejewels.com\/?post_type=product&#038;p=330763"},"modified":"2025-12-15T05:27:34","modified_gmt":"2025-12-15T05:27:34","slug":"22-ayar-altin-halat-zincir-51911","status":"publish","type":"product","link":"https:\/\/www.purejewels.com\/tr\/product\/22ct-gold-rope-chain-51911\/","title":{"rendered":"22 Ayar Alt\u0131n | Halat Zincir | 22 \u0130n\u00e7"},"content":{"rendered":"<p data-start=\"490\" data-end=\"786\">Bu <strong data-start=\"536\" data-end=\"566\">22 Ayar Alt\u0131n Halat Zincir (22\u2033)<\/strong> \u00f6nemli a\u011f\u0131rl\u0131\u011f\u0131 ve karma\u015f\u0131k detaylar\u0131yla \u00f6ne \u00e7\u0131kan klasik bir tasar\u0131md\u0131r. A\u011f\u0131rl\u0131\u011f\u0131 <strong data-start=\"656\" data-end=\"670\">24,8 gram<\/strong> ile <strong data-start=\"678\" data-end=\"697\">2,5 mm kal\u0131nl\u0131k<\/strong>Bu zincir hem dayan\u0131kl\u0131l\u0131\u011f\u0131 hem de duru\u015fuyla dikkat \u00e7eken bir par\u00e7a.<\/p>\n<p data-start=\"788\" data-end=\"1070\">Halat tasar\u0131m\u0131, b\u00fck\u00fclm\u00fc\u015f, i\u00e7 i\u00e7e ge\u00e7mi\u015f ba\u011flant\u0131lar\u0131yla karakterize edilir; g\u00fcc\u00fc, s\u00fcreklili\u011fi ve zarafeti yans\u0131tan kal\u0131c\u0131 bir stildir. At <strong data-start=\"925\" data-end=\"938\">22 in\u00e7<\/strong>G\u00f6\u011fse tam oturur ve hem geleneksel hem de \u00e7a\u011fda\u015f k\u0131yafetlerle zahmetsizce uyum sa\u011flayan \u00e7ok y\u00f6nl\u00fc bir g\u00f6r\u00fcn\u00fcm yarat\u0131r.<\/p>\n<p data-start=\"1072\" data-end=\"1351\">Y\u00fcksek safl\u0131kta \u00fcretilmi\u015ftir <strong data-start=\"1095\" data-end=\"1115\">22 ayar sar\u0131 alt\u0131n<\/strong> ve <strong data-start=\"1120\" data-end=\"1151\">orijinallik damgal\u0131<\/strong>Bu zincir, g\u00fcnl\u00fck g\u00fcven i\u00e7in g\u00fcvenli bir toka ile tamamlanm\u0131\u015ft\u0131r. \u0130ster cesur bir stil ifadesi olarak tek ba\u015f\u0131na tak\u0131ls\u0131n, ister bir kolye ucuyla e\u015fle\u015ftirilsin, nesiller boyu de\u011fer verilmek \u00fczere tasarlanm\u0131\u015f bir zincirdir.<\/p>","protected":false},"excerpt":{"rendered":"<p>Cesur ve l\u00fcks <strong data-start=\"193\" data-end=\"217\">22 Ayar Alt\u0131n Halat Zincir<\/strong>, \u00f6l\u00e7\u00fcm <strong data-start=\"229\" data-end=\"242\">22 in\u00e7<\/strong> \u00f6nemli bir <strong data-start=\"262\" data-end=\"281\">2,5 mm kal\u0131nl\u0131k<\/strong> ve tart\u0131m <strong data-start=\"295\" data-end=\"304\">24.8g<\/strong>. Parlak sar\u0131 alt\u0131ndan \u00fcretilmi\u015f ve safl\u0131k damgal\u0131 bu zincir, tek ba\u015f\u0131na takmak veya bir kolye ucuyla e\u015fle\u015ftirmek i\u00e7in m\u00fckemmel bir ifade zinciridir.<\/p>\n<p><strong data-start=\"192\" data-end=\"200\">SKU:<\/strong> 51911<br \/>\n<strong>A\u011f\u0131rl\u0131k:<\/strong> 28.40 Gms<br data-start=\"206\" data-end=\"209\" \/><strong data-start=\"209\" data-end=\"219\" data-is-only-node=\"\">Metal:<\/strong>\u00a022 Ayar Alt\u0131n<br data-start=\"229\" data-end=\"232\" \/><strong data-start=\"232\" data-end=\"246\">Kal\u0131nl\u0131k:<\/strong> 2,5 mm<br data-start=\"253\" data-end=\"256\" \/><strong data-start=\"256\" data-end=\"267\">Uzunluk:<\/strong> 22 in\u00e7<br data-start=\"308\" data-end=\"311\" \/><strong data-start=\"311\" data-end=\"324\">Hallmark:\u00a0<\/strong>\u0130ngiliz Damgas\u0131<br data-start=\"364\" data-end=\"367\" \/><strong data-start=\"367\" data-end=\"379\">Su\u00e7lamalar:<\/strong>\u00a0Teslimat ve KDV Dahil<br data-start=\"405\" data-end=\"408\" \/><strong data-start=\"408\" data-end=\"429\">Daha fazla bilgi:<\/strong>\u00a0M\u00fcsaitlik durumu ve ek g\u00f6rseller i\u00e7in bizimle canl\u0131 sohbet edin<\/p>","protected":false},"featured_media":358594,"comment_status":"closed","ping_status":"closed","template":"","meta":{"_eb_attr":"","_crsspst_to_jayantr4sg-hostcom":true},"product_brand":[],"product_cat":[5016,5019,5264,1571,1475,1229,1773,1572,1774,5268,1574,5349],"product_tag":[65],"class_list":{"0":"post-330763","1":"product","2":"type-product","3":"status-publish","4":"has-post-thumbnail","6":"product_cat-22-inch-ladies-chain","7":"product_cat-22-inch-mens-chain","8":"product_cat-22ct-gold-chain","9":"product_cat-fathers-day-gifts","10":"product_cat-gold-chains","11":"product_cat-22ct-gold-jewellery","12":"product_cat-ladies-chains","13":"product_cat-mens-jewellery","14":"product_cat-mens-chains","15":"product_cat-rope-chain","16":"product_cat-womens-jewellery","17":"product_cat-yellow-gold-jewellery","18":"product_tag-chains","20":"first","21":"outofstock","22":"taxable","23":"shipping-taxable","24":"product-type-simple","25":"add-to-wishlist-before_image"},"yoast_head":"<!-- This site is optimized with the Yoast SEO plugin v27.5 - https:\/\/yoast.com\/product\/yoast-seo-wordpress\/ -->\n<title>22 Inch Gold Rope Chain | Order Now in UK | PureJewels<\/title>\n<meta name=\"description\" content=\"Our 22ct Gold Rope Chains pour luxury into every inch. With silken strands of 22ct Gold intricately combined. Shop this Rope chain Online Today!\" \/>\n<meta name=\"robots\" content=\"index, follow, max-snippet:-1, max-image-preview:large, max-video-preview:-1\" \/>\n<link rel=\"canonical\" href=\"https:\/\/www.purejewels.com\/tr\/urun\/22-ayar-altin-halat-zincir-51911\/\" \/>\n<meta property=\"og:locale\" content=\"tr_TR\" \/>\n<meta property=\"og:type\" content=\"article\" \/>\n<meta property=\"og:title\" content=\"22 Inch Gold Rope Chain | Order Now in UK | PureJewels\" \/>\n<meta property=\"og:description\" content=\"Our 22ct Gold Rope Chains pour luxury into every inch. With silken strands of 22ct Gold intricately combined. Shop this Rope chain Online Today!\" \/>\n<meta property=\"og:url\" content=\"https:\/\/www.purejewels.com\/tr\/urun\/22-ayar-altin-halat-zincir-51911\/\" \/>\n<meta property=\"og:site_name\" content=\"PureJewels UK\" \/>\n<meta property=\"article:modified_time\" content=\"2025-12-15T05:27:34+00:00\" \/>\n<meta property=\"og:image\" content=\"https:\/\/static.purejewels.com\/wp-content\/uploads\/2021\/12\/SKU-47173.jpg\" \/>\n\t<meta property=\"og:image:width\" content=\"1000\" \/>\n\t<meta property=\"og:image:height\" content=\"1000\" \/>\n\t<meta property=\"og:image:type\" content=\"image\/jpeg\" \/>\n<meta name=\"twitter:card\" content=\"summary_large_image\" \/>\n<meta name=\"twitter:label1\" content=\"Tahmini okuma s\u00fcresi\" \/>\n\t<meta name=\"twitter:data1\" content=\"1 dakika\" \/>\n<script type=\"application\/ld+json\" class=\"yoast-schema-graph\">{\"@context\":\"https:\\\/\\\/schema.org\",\"@graph\":[{\"@type\":[\"WebPage\",\"ItemPage\"],\"@id\":\"https:\\\/\\\/www.purejewels.com\\\/product\\\/22ct-gold-rope-chain-51911\\\/\",\"url\":\"https:\\\/\\\/www.purejewels.com\\\/product\\\/22ct-gold-rope-chain-51911\\\/\",\"name\":\"22 Inch Gold Rope Chain | Order Now in UK | PureJewels\",\"isPartOf\":{\"@id\":\"https:\\\/\\\/www.purejewels.com\\\/#website\"},\"primaryImageOfPage\":{\"@id\":\"https:\\\/\\\/www.purejewels.com\\\/product\\\/22ct-gold-rope-chain-51911\\\/#primaryimage\"},\"image\":{\"@id\":\"https:\\\/\\\/www.purejewels.com\\\/product\\\/22ct-gold-rope-chain-51911\\\/#primaryimage\"},\"thumbnailUrl\":\"https:\\\/\\\/static.purejewels.com\\\/wp-content\\\/uploads\\\/2021\\\/12\\\/SKU-47173.jpg\",\"datePublished\":\"2024-05-05T05:00:02+00:00\",\"dateModified\":\"2025-12-15T05:27:34+00:00\",\"description\":\"Our 22ct Gold Rope Chains pour luxury into every inch. With silken strands of 22ct Gold intricately combined. Shop this Rope chain Online Today!\",\"breadcrumb\":{\"@id\":\"https:\\\/\\\/www.purejewels.com\\\/product\\\/22ct-gold-rope-chain-51911\\\/#breadcrumb\"},\"inLanguage\":\"tr\",\"potentialAction\":[{\"@type\":\"ReadAction\",\"target\":[\"https:\\\/\\\/www.purejewels.com\\\/product\\\/22ct-gold-rope-chain-51911\\\/\"]}]},{\"@type\":\"ImageObject\",\"inLanguage\":\"tr\",\"@id\":\"https:\\\/\\\/www.purejewels.com\\\/product\\\/22ct-gold-rope-chain-51911\\\/#primaryimage\",\"url\":\"https:\\\/\\\/static.purejewels.com\\\/wp-content\\\/uploads\\\/2021\\\/12\\\/SKU-47173.jpg\",\"contentUrl\":\"https:\\\/\\\/static.purejewels.com\\\/wp-content\\\/uploads\\\/2021\\\/12\\\/SKU-47173.jpg\",\"width\":1000,\"height\":1000,\"caption\":\"22ct Gold | Rope Chain | 22 Inches\"},{\"@type\":\"BreadcrumbList\",\"@id\":\"https:\\\/\\\/www.purejewels.com\\\/product\\\/22ct-gold-rope-chain-51911\\\/#breadcrumb\",\"itemListElement\":[{\"@type\":\"ListItem\",\"position\":1,\"name\":\"Home\",\"item\":\"https:\\\/\\\/www.purejewels.com\\\/\"},{\"@type\":\"ListItem\",\"position\":2,\"name\":\"Shop\",\"item\":\"https:\\\/\\\/www.purejewels.com\\\/shop\\\/\"},{\"@type\":\"ListItem\",\"position\":3,\"name\":\"22ct Gold | Rope Chain | 22 Inches\"}]},{\"@type\":\"WebSite\",\"@id\":\"https:\\\/\\\/www.purejewels.com\\\/#website\",\"url\":\"https:\\\/\\\/www.purejewels.com\\\/\",\"name\":\"PureJewels UK\",\"description\":\"Share the Love\",\"publisher\":{\"@id\":\"https:\\\/\\\/www.purejewels.com\\\/#organization\"},\"potentialAction\":[{\"@type\":\"SearchAction\",\"target\":{\"@type\":\"EntryPoint\",\"urlTemplate\":\"https:\\\/\\\/www.purejewels.com\\\/?s={search_term_string}\"},\"query-input\":{\"@type\":\"PropertyValueSpecification\",\"valueRequired\":true,\"valueName\":\"search_term_string\"}}],\"inLanguage\":\"tr\"},{\"@type\":\"Organization\",\"@id\":\"https:\\\/\\\/www.purejewels.com\\\/#organization\",\"name\":\"PureJewels UK\",\"url\":\"https:\\\/\\\/www.purejewels.com\\\/\",\"logo\":{\"@type\":\"ImageObject\",\"inLanguage\":\"tr\",\"@id\":\"https:\\\/\\\/www.purejewels.com\\\/#\\\/schema\\\/logo\\\/image\\\/\",\"url\":\"https:\\\/\\\/static.purejewels.com\\\/wp-content\\\/uploads\\\/2020\\\/11\\\/Logo-PJ-New-1.png\",\"contentUrl\":\"https:\\\/\\\/static.purejewels.com\\\/wp-content\\\/uploads\\\/2020\\\/11\\\/Logo-PJ-New-1.png\",\"width\":150,\"height\":80,\"caption\":\"PureJewels UK\"},\"image\":{\"@id\":\"https:\\\/\\\/www.purejewels.com\\\/#\\\/schema\\\/logo\\\/image\\\/\"}}]}<\/script>\n<!-- \/ Yoast SEO plugin. -->","yoast_head_json":{"title":"22 \u0130n\u00e7 Alt\u0131n Halat Zincir | \u0130ngiltere'de \u015eimdi Sipari\u015f Verin | PureJewels","description":"22 Ayar Alt\u0131n Halat Zincirlerimiz her santimetresine l\u00fcks kat\u0131yor. 22 ayar alt\u0131n\u0131n ipeksi telleri karma\u015f\u0131k bir \u015fekilde bir araya getirilmi\u015ftir. Bu Halat zinciri bug\u00fcn online sat\u0131n al\u0131n!","robots":{"index":"index","follow":"follow","max-snippet":"max-snippet:-1","max-image-preview":"max-image-preview:large","max-video-preview":"max-video-preview:-1"},"canonical":"https:\/\/www.purejewels.com\/tr\/urun\/22-ayar-altin-halat-zincir-51911\/","og_locale":"tr_TR","og_type":"article","og_title":"22 Inch Gold Rope Chain | Order Now in UK | PureJewels","og_description":"Our 22ct Gold Rope Chains pour luxury into every inch. With silken strands of 22ct Gold intricately combined. Shop this Rope chain Online Today!","og_url":"https:\/\/www.purejewels.com\/tr\/urun\/22-ayar-altin-halat-zincir-51911\/","og_site_name":"PureJewels UK","article_modified_time":"2025-12-15T05:27:34+00:00","og_image":[{"width":1000,"height":1000,"url":"https:\/\/static.purejewels.com\/wp-content\/uploads\/2021\/12\/SKU-47173.jpg","type":"image\/jpeg"}],"twitter_card":"summary_large_image","twitter_misc":{"Tahmini okuma s\u00fcresi":"1 dakika"},"schema":{"@context":"https:\/\/schema.org","@graph":[{"@type":["WebPage","ItemPage"],"@id":"https:\/\/www.purejewels.com\/product\/22ct-gold-rope-chain-51911\/","url":"https:\/\/www.purejewels.com\/product\/22ct-gold-rope-chain-51911\/","name":"22 \u0130n\u00e7 Alt\u0131n Halat Zincir | \u0130ngiltere'de \u015eimdi Sipari\u015f Verin | PureJewels","isPartOf":{"@id":"https:\/\/www.purejewels.com\/#website"},"primaryImageOfPage":{"@id":"https:\/\/www.purejewels.com\/product\/22ct-gold-rope-chain-51911\/#primaryimage"},"image":{"@id":"https:\/\/www.purejewels.com\/product\/22ct-gold-rope-chain-51911\/#primaryimage"},"thumbnailUrl":"https:\/\/static.purejewels.com\/wp-content\/uploads\/2021\/12\/SKU-47173.jpg","datePublished":"2024-05-05T05:00:02+00:00","dateModified":"2025-12-15T05:27:34+00:00","description":"22 Ayar Alt\u0131n Halat Zincirlerimiz her santimetresine l\u00fcks kat\u0131yor. 22 ayar alt\u0131n\u0131n ipeksi telleri karma\u015f\u0131k bir \u015fekilde bir araya getirilmi\u015ftir. Bu Halat zinciri bug\u00fcn online sat\u0131n al\u0131n!","breadcrumb":{"@id":"https:\/\/www.purejewels.com\/product\/22ct-gold-rope-chain-51911\/#breadcrumb"},"inLanguage":"tr","potentialAction":[{"@type":"ReadAction","target":["https:\/\/www.purejewels.com\/product\/22ct-gold-rope-chain-51911\/"]}]},{"@type":"ImageObject","inLanguage":"tr","@id":"https:\/\/www.purejewels.com\/product\/22ct-gold-rope-chain-51911\/#primaryimage","url":"https:\/\/static.purejewels.com\/wp-content\/uploads\/2021\/12\/SKU-47173.jpg","contentUrl":"https:\/\/static.purejewels.com\/wp-content\/uploads\/2021\/12\/SKU-47173.jpg","width":1000,"height":1000,"caption":"22ct Gold | Rope Chain | 22 Inches"},{"@type":"BreadcrumbList","@id":"https:\/\/www.purejewels.com\/product\/22ct-gold-rope-chain-51911\/#breadcrumb","itemListElement":[{"@type":"ListItem","position":1,"name":"Home","item":"https:\/\/www.purejewels.com\/"},{"@type":"ListItem","position":2,"name":"Shop","item":"https:\/\/www.purejewels.com\/shop\/"},{"@type":"ListItem","position":3,"name":"22ct Gold | Rope Chain | 22 Inches"}]},{"@type":"WebSite","@id":"https:\/\/www.purejewels.com\/#website","url":"https:\/\/www.purejewels.com\/","name":"PureJewels \u0130ngiltere","description":"Sevgiyi Payla\u015f\u0131n","publisher":{"@id":"https:\/\/www.purejewels.com\/#organization"},"potentialAction":[{"@type":"SearchAction","target":{"@type":"EntryPoint","urlTemplate":"https:\/\/www.purejewels.com\/?s={search_term_string}"},"query-input":{"@type":"PropertyValueSpecification","valueRequired":true,"valueName":"search_term_string"}}],"inLanguage":"tr"},{"@type":"Organization","@id":"https:\/\/www.purejewels.com\/#organization","name":"PureJewels \u0130ngiltere","url":"https:\/\/www.purejewels.com\/","logo":{"@type":"ImageObject","inLanguage":"tr","@id":"https:\/\/www.purejewels.com\/#\/schema\/logo\/image\/","url":"https:\/\/static.purejewels.com\/wp-content\/uploads\/2020\/11\/Logo-PJ-New-1.png","contentUrl":"https:\/\/static.purejewels.com\/wp-content\/uploads\/2020\/11\/Logo-PJ-New-1.png","width":150,"height":80,"caption":"PureJewels UK"},"image":{"@id":"https:\/\/www.purejewels.com\/#\/schema\/logo\/image\/"}}]}},"_links":{"self":[{"href":"https:\/\/www.purejewels.com\/tr\/wp-json\/wp\/v2\/product\/330763","targetHints":{"allow":["GET"]}}],"collection":[{"href":"https:\/\/www.purejewels.com\/tr\/wp-json\/wp\/v2\/product"}],"about":[{"href":"https:\/\/www.purejewels.com\/tr\/wp-json\/wp\/v2\/types\/product"}],"replies":[{"embeddable":true,"href":"https:\/\/www.purejewels.com\/tr\/wp-json\/wp\/v2\/comments?post=330763"}],"version-history":[{"count":5,"href":"https:\/\/www.purejewels.com\/tr\/wp-json\/wp\/v2\/product\/330763\/revisions"}],"predecessor-version":[{"id":419172,"href":"https:\/\/www.purejewels.com\/tr\/wp-json\/wp\/v2\/product\/330763\/revisions\/419172"}],"wp:featuredmedia":[{"embeddable":true,"href":"https:\/\/www.purejewels.com\/tr\/wp-json\/wp\/v2\/media\/358594"}],"wp:attachment":[{"href":"https:\/\/www.purejewels.com\/tr\/wp-json\/wp\/v2\/media?parent=330763"}],"wp:term":[{"taxonomy":"product_brand","embeddable":true,"href":"https:\/\/www.purejewels.com\/tr\/wp-json\/wp\/v2\/product_brand?post=330763"},{"taxonomy":"product_cat","embeddable":true,"href":"https:\/\/www.purejewels.com\/tr\/wp-json\/wp\/v2\/product_cat?post=330763"},{"taxonomy":"product_tag","embeddable":true,"href":"https:\/\/www.purejewels.com\/tr\/wp-json\/wp\/v2\/product_tag?post=330763"}],"curies":[{"name":"wp","href":"https:\/\/api.w.org\/{rel}","templated":true}]}}