{"id":330765,"date":"2021-12-28T06:52:30","date_gmt":"2021-12-28T06:52:30","guid":{"rendered":"https:\/\/www.purejewels.com\/?post_type=product&#038;p=330765"},"modified":"2026-04-03T07:22:13","modified_gmt":"2026-04-03T06:22:13","slug":"22-ayar-altin-tilki-kuyrugu-zincir-33895","status":"publish","type":"product","link":"https:\/\/www.purejewels.com\/tr\/product\/22ct-gold-foxtail-chain-33895\/","title":{"rendered":"22 Ayar Alt\u0131n | Tilki Kuyru\u011fu Zincir | 22 \u0130n\u00e7 | 1,7mm Kal\u0131nl\u0131k"},"content":{"rendered":"<h4 data-start=\"699\" data-end=\"724\"><strong data-start=\"704\" data-end=\"722\">Tasar\u0131m Konsepti<\/strong><\/h4>\n<p data-start=\"725\" data-end=\"1131\">K\u00f6kleri zamans\u0131z geleneklere ve sembolik anlamlara dayanan tilki kuyru\u011fu tasar\u0131m\u0131, do\u011fan\u0131n zarafetinden ve dayan\u0131kl\u0131l\u0131\u011f\u0131ndan ilham al\u0131yor. Zarif\u00e7e y\u00fcr\u00fcnen bir yol gibi, birbirine kenetlenen karma\u015f\u0131k halkalar s\u00fcreklili\u011fi, uyarlanabilirli\u011fi ve sessiz g\u00fcc\u00fc temsil eder. PureJewels'in miras yolculuklar\u0131na sayg\u0131s\u0131n\u0131n bir par\u00e7as\u0131 olarak tasarlanan bu zincir, kullan\u0131c\u0131n\u0131n ki\u015fisel evrimini yans\u0131t\u0131r - g\u00fc\u00e7l\u00fc, zarif ve her zaman ileriye do\u011fru.<\/p>\n<hr data-start=\"1133\" data-end=\"1136\" \/>\n<h4 data-start=\"1138\" data-end=\"1162\"><strong data-start=\"1143\" data-end=\"1160\">Zanaatkarl\u0131k<\/strong><\/h4>\n<p data-start=\"1163\" data-end=\"1653\">Bu zarif par\u00e7a 22 ayar alt\u0131ndan ustal\u0131kla el i\u015f\u00e7ili\u011fiyle \u00fcretilmi\u015ftir ve her bir halkas\u0131 klasik tilki kuyru\u011fu \u00f6rg\u00fcs\u00fcn\u00fc olu\u015fturmak \u00fczere titizlikle \u015fekillendirilmi\u015ftir. Sonu\u00e7, ola\u011fan\u00fcst\u00fc yap\u0131sal b\u00fct\u00fcnl\u00fc\u011fe sahip ak\u0131c\u0131, esnek bir zincirdir. 1,7 mm kal\u0131nl\u0131\u011f\u0131nda ve 22 in\u00e7 uzunlu\u011funda olan bu zincir, zarif profilini korurken daha cesur bir siluet sunar. Londra Assay Ofisi taraf\u0131ndan damgalanan bu zincir safl\u0131\u011f\u0131, \u00f6zg\u00fcnl\u00fc\u011f\u00fc ve kal\u0131c\u0131 de\u011feri garanti eder - PureJewels i\u015f\u00e7ili\u011finin nesiller boyunca geli\u015ftirilmi\u015f bir imzas\u0131d\u0131r.<\/p>\n<hr data-start=\"1655\" data-end=\"1658\" \/>\n<h4 data-start=\"1660\" data-end=\"1684\"><strong data-start=\"1665\" data-end=\"1682\">Stil Fikirleri<\/strong><\/h4>\n<p data-start=\"1685\" data-end=\"2134\">\u00c7ok y\u00f6nl\u00fcl\u00fck i\u00e7in tasarlanan bu tilki kuyru\u011fu zincir, g\u00fcnd\u00fczden ak\u015fama g\u00fczel bir \u015fekilde ge\u00e7i\u015f yapar. Minimal ama l\u00fcks bir g\u00f6r\u00fcn\u00fcm i\u00e7in tek ba\u015f\u0131na tak\u0131n veya daha k\u0131sa dokularla katmanlayarak boyutsal bir ifade yarat\u0131n. Hem geleneksel kolyelerle hem de modern tak\u0131larla g\u00fczel bir \u015fekilde e\u015fle\u015ferek t\u00fcm gard\u0131roplar i\u00e7in zamans\u0131z bir par\u00e7a haline gelir. Hem erkekler hem de kad\u0131nlar i\u00e7in ideal olan bu \u00fcr\u00fcn, \u015fimdi tak\u0131lacak ve sonsuza dek de\u011fer verilecek anlaml\u0131 bir hediye veya ki\u015fisel hat\u0131ra olarak kendini g\u00f6sterir.<\/p>","protected":false},"excerpt":{"rendered":"<p>Klasik 22 in\u00e7 uzunlu\u011funda ve 1,7 mm kal\u0131nl\u0131\u011f\u0131nda tasarlanan bu 22 ayar alt\u0131n tilki kuyru\u011fu zincirle g\u00fcnl\u00fck \u015f\u0131kl\u0131\u011f\u0131n\u0131z\u0131 y\u00fckseltin. Miras sanat\u0131yla incelikle dokunan zincir, ipek gibi akarken ayn\u0131 zamanda g\u00fc\u00e7 yayar. Katmanlamak veya tek ba\u015f\u0131na takmak i\u00e7in ideal, zarif bir vazge\u00e7ilmez.<\/p>\n<p><strong>\u00dcr\u00fcn Detaylar\u0131<\/strong><br \/>\n<strong>Zincir tipi:<\/strong>\u00a0Tilki Kuyru\u011fu Zinciri<br \/>\n<strong>SKU:<\/strong> 33895<br \/>\n<strong>Metal:<\/strong>\u00a022 Ayar Alt\u0131n<br \/>\n<strong>Uzunluk:<\/strong> 22 in\u00e7<br \/>\n<strong>A\u011f\u0131rl\u0131k:<\/strong> 8.8 gram<br \/>\n<strong>Kal\u0131nl\u0131k:<\/strong> 1,7 mm<br \/>\n<strong>Hallmark:<\/strong>\u00a0\u0130ngiltere Tahlil Ofisi Taraf\u0131ndan Damgalanm\u0131\u015f 22 Ayar Alt\u0131n<br \/>\n<strong>Su\u00e7lamalar:<\/strong>\u00a0Teslimat ve KDV Dahil<br \/>\n<strong>Daha fazlas\u0131n\u0131 ke\u015ffedin:<\/strong>\u00a0T\u00fcm \u00fcr\u00fcnlerimize g\u00f6z at\u0131n\u00a0<a href=\"https:\/\/www.purejewels.com\/tr\/urun-kategori%cc%87si%cc%87\/22-ayar-altin-takilar\/altin-zincirler\/tilki-kuyrugu-zinciri\/\">Tilki Kuyru\u011fu Zinciri Koleksiyonu<\/a>\u00a0ek boyutlar ve a\u011f\u0131rl\u0131klar i\u00e7in.<\/p>","protected":false},"featured_media":327596,"comment_status":"closed","ping_status":"closed","template":"","meta":{"_eb_attr":"","_crsspst_to_jayantr4sg-hostcom":false},"product_brand":[],"product_cat":[5014,5017,5264,1791,1559,1571,5265,1475,1229,1773,1572,1774,1570,1574,5349],"product_tag":[],"class_list":{"0":"post-330765","1":"product","2":"type-product","3":"status-publish","4":"has-post-thumbnail","6":"product_cat-18-inch-ladies-chain","7":"product_cat-18-inch-mens-chain","8":"product_cat-22ct-gold-chain","9":"product_cat-anniversary-gifts","10":"product_cat-birthday-gifts","11":"product_cat-fathers-day-gifts","12":"product_cat-foxtail-chain","13":"product_cat-gold-chains","14":"product_cat-22ct-gold-jewellery","15":"product_cat-ladies-chains","16":"product_cat-mens-jewellery","17":"product_cat-mens-chains","18":"product_cat-mothers-day-gifts","19":"product_cat-womens-jewellery","20":"product_cat-yellow-gold-jewellery","22":"first","23":"outofstock","24":"taxable","25":"shipping-taxable","26":"product-type-simple","27":"add-to-wishlist-before_image"},"yoast_head":"<!-- This site is optimized with the Yoast SEO plugin v27.5 - https:\/\/yoast.com\/product\/yoast-seo-wordpress\/ -->\n<title>gold chain | 22ct Foxtail Chain | PureJewels UK<\/title>\n<meta name=\"description\" content=\"Choose the best gold chain for pendant from PureJewels UK. Buy online 22k Gold Chains at the best prices. Free delivery across UK.\" \/>\n<meta name=\"robots\" content=\"index, follow, max-snippet:-1, max-image-preview:large, max-video-preview:-1\" \/>\n<link rel=\"canonical\" href=\"https:\/\/www.purejewels.com\/tr\/urun\/22-ayar-altin-tilki-kuyrugu-zincir-33895\/\" \/>\n<meta property=\"og:locale\" content=\"tr_TR\" \/>\n<meta property=\"og:type\" content=\"article\" \/>\n<meta property=\"og:title\" content=\"gold chain | 22ct Foxtail Chain | PureJewels UK\" \/>\n<meta property=\"og:description\" content=\"Choose the best gold chain for pendant from PureJewels UK. Buy online 22k Gold Chains at the best prices. Free delivery across UK.\" \/>\n<meta property=\"og:url\" content=\"https:\/\/www.purejewels.com\/tr\/urun\/22-ayar-altin-tilki-kuyrugu-zincir-33895\/\" \/>\n<meta property=\"og:site_name\" content=\"PureJewels UK\" \/>\n<meta property=\"article:modified_time\" content=\"2026-04-03T06:22:13+00:00\" \/>\n<meta property=\"og:image\" content=\"https:\/\/static.purejewels.com\/wp-content\/uploads\/2021\/10\/34347-1.jpg\" \/>\n\t<meta property=\"og:image:width\" content=\"1000\" \/>\n\t<meta property=\"og:image:height\" content=\"1000\" \/>\n\t<meta property=\"og:image:type\" content=\"image\/jpeg\" \/>\n<meta name=\"twitter:card\" content=\"summary_large_image\" \/>\n<meta name=\"twitter:label1\" content=\"Tahmini okuma s\u00fcresi\" \/>\n\t<meta name=\"twitter:data1\" content=\"2 dakika\" \/>\n<script type=\"application\/ld+json\" class=\"yoast-schema-graph\">{\"@context\":\"https:\\\/\\\/schema.org\",\"@graph\":[{\"@type\":[\"WebPage\",\"ItemPage\"],\"@id\":\"https:\\\/\\\/www.purejewels.com\\\/product\\\/22ct-gold-foxtail-chain-33895\\\/\",\"url\":\"https:\\\/\\\/www.purejewels.com\\\/product\\\/22ct-gold-foxtail-chain-33895\\\/\",\"name\":\"gold chain | 22ct Foxtail Chain | PureJewels UK\",\"isPartOf\":{\"@id\":\"https:\\\/\\\/www.purejewels.com\\\/#website\"},\"primaryImageOfPage\":{\"@id\":\"https:\\\/\\\/www.purejewels.com\\\/product\\\/22ct-gold-foxtail-chain-33895\\\/#primaryimage\"},\"image\":{\"@id\":\"https:\\\/\\\/www.purejewels.com\\\/product\\\/22ct-gold-foxtail-chain-33895\\\/#primaryimage\"},\"thumbnailUrl\":\"https:\\\/\\\/static.purejewels.com\\\/wp-content\\\/uploads\\\/2021\\\/10\\\/34347-1.jpg\",\"datePublished\":\"2021-12-28T06:52:30+00:00\",\"dateModified\":\"2026-04-03T06:22:13+00:00\",\"description\":\"Choose the best gold chain for pendant from PureJewels UK. Buy online 22k Gold Chains at the best prices. Free delivery across UK.\",\"breadcrumb\":{\"@id\":\"https:\\\/\\\/www.purejewels.com\\\/product\\\/22ct-gold-foxtail-chain-33895\\\/#breadcrumb\"},\"inLanguage\":\"tr\",\"potentialAction\":[{\"@type\":\"ReadAction\",\"target\":[\"https:\\\/\\\/www.purejewels.com\\\/product\\\/22ct-gold-foxtail-chain-33895\\\/\"]}]},{\"@type\":\"ImageObject\",\"inLanguage\":\"tr\",\"@id\":\"https:\\\/\\\/www.purejewels.com\\\/product\\\/22ct-gold-foxtail-chain-33895\\\/#primaryimage\",\"url\":\"https:\\\/\\\/static.purejewels.com\\\/wp-content\\\/uploads\\\/2021\\\/10\\\/34347-1.jpg\",\"contentUrl\":\"https:\\\/\\\/static.purejewels.com\\\/wp-content\\\/uploads\\\/2021\\\/10\\\/34347-1.jpg\",\"width\":1000,\"height\":1000,\"caption\":\"22ct Gold Dragon Chain 34347-1\"},{\"@type\":\"BreadcrumbList\",\"@id\":\"https:\\\/\\\/www.purejewels.com\\\/product\\\/22ct-gold-foxtail-chain-33895\\\/#breadcrumb\",\"itemListElement\":[{\"@type\":\"ListItem\",\"position\":1,\"name\":\"Home\",\"item\":\"https:\\\/\\\/www.purejewels.com\\\/\"},{\"@type\":\"ListItem\",\"position\":2,\"name\":\"Shop\",\"item\":\"https:\\\/\\\/www.purejewels.com\\\/shop\\\/\"},{\"@type\":\"ListItem\",\"position\":3,\"name\":\"22ct Gold | Foxtail Chain | 22 Inches | 1.7mm Thick\"}]},{\"@type\":\"WebSite\",\"@id\":\"https:\\\/\\\/www.purejewels.com\\\/#website\",\"url\":\"https:\\\/\\\/www.purejewels.com\\\/\",\"name\":\"PureJewels UK\",\"description\":\"Share the Love\",\"publisher\":{\"@id\":\"https:\\\/\\\/www.purejewels.com\\\/#organization\"},\"potentialAction\":[{\"@type\":\"SearchAction\",\"target\":{\"@type\":\"EntryPoint\",\"urlTemplate\":\"https:\\\/\\\/www.purejewels.com\\\/?s={search_term_string}\"},\"query-input\":{\"@type\":\"PropertyValueSpecification\",\"valueRequired\":true,\"valueName\":\"search_term_string\"}}],\"inLanguage\":\"tr\"},{\"@type\":\"Organization\",\"@id\":\"https:\\\/\\\/www.purejewels.com\\\/#organization\",\"name\":\"PureJewels UK\",\"url\":\"https:\\\/\\\/www.purejewels.com\\\/\",\"logo\":{\"@type\":\"ImageObject\",\"inLanguage\":\"tr\",\"@id\":\"https:\\\/\\\/www.purejewels.com\\\/#\\\/schema\\\/logo\\\/image\\\/\",\"url\":\"https:\\\/\\\/static.purejewels.com\\\/wp-content\\\/uploads\\\/2020\\\/11\\\/Logo-PJ-New-1.png\",\"contentUrl\":\"https:\\\/\\\/static.purejewels.com\\\/wp-content\\\/uploads\\\/2020\\\/11\\\/Logo-PJ-New-1.png\",\"width\":150,\"height\":80,\"caption\":\"PureJewels UK\"},\"image\":{\"@id\":\"https:\\\/\\\/www.purejewels.com\\\/#\\\/schema\\\/logo\\\/image\\\/\"}}]}<\/script>\n<!-- \/ Yoast SEO plugin. -->","yoast_head_json":{"title":"alt\u0131n zincir | 22ct Tilki Kuyru\u011fu Zincir | PureJewels UK","description":"PureJewels UK'den kolye ucu i\u00e7in en iyi alt\u0131n zinciri se\u00e7in. En iyi fiyatlarla online 22 ayar Alt\u0131n Zincir sat\u0131n al\u0131n. \u0130ngiltere genelinde \u00fccretsiz teslimat.","robots":{"index":"index","follow":"follow","max-snippet":"max-snippet:-1","max-image-preview":"max-image-preview:large","max-video-preview":"max-video-preview:-1"},"canonical":"https:\/\/www.purejewels.com\/tr\/urun\/22-ayar-altin-tilki-kuyrugu-zincir-33895\/","og_locale":"tr_TR","og_type":"article","og_title":"gold chain | 22ct Foxtail Chain | PureJewels UK","og_description":"Choose the best gold chain for pendant from PureJewels UK. Buy online 22k Gold Chains at the best prices. Free delivery across UK.","og_url":"https:\/\/www.purejewels.com\/tr\/urun\/22-ayar-altin-tilki-kuyrugu-zincir-33895\/","og_site_name":"PureJewels UK","article_modified_time":"2026-04-03T06:22:13+00:00","og_image":[{"width":1000,"height":1000,"url":"https:\/\/static.purejewels.com\/wp-content\/uploads\/2021\/10\/34347-1.jpg","type":"image\/jpeg"}],"twitter_card":"summary_large_image","twitter_misc":{"Tahmini okuma s\u00fcresi":"2 dakika"},"schema":{"@context":"https:\/\/schema.org","@graph":[{"@type":["WebPage","ItemPage"],"@id":"https:\/\/www.purejewels.com\/product\/22ct-gold-foxtail-chain-33895\/","url":"https:\/\/www.purejewels.com\/product\/22ct-gold-foxtail-chain-33895\/","name":"alt\u0131n zincir | 22ct Tilki Kuyru\u011fu Zincir | PureJewels UK","isPartOf":{"@id":"https:\/\/www.purejewels.com\/#website"},"primaryImageOfPage":{"@id":"https:\/\/www.purejewels.com\/product\/22ct-gold-foxtail-chain-33895\/#primaryimage"},"image":{"@id":"https:\/\/www.purejewels.com\/product\/22ct-gold-foxtail-chain-33895\/#primaryimage"},"thumbnailUrl":"https:\/\/static.purejewels.com\/wp-content\/uploads\/2021\/10\/34347-1.jpg","datePublished":"2021-12-28T06:52:30+00:00","dateModified":"2026-04-03T06:22:13+00:00","description":"PureJewels UK'den kolye ucu i\u00e7in en iyi alt\u0131n zinciri se\u00e7in. En iyi fiyatlarla online 22 ayar Alt\u0131n Zincir sat\u0131n al\u0131n. \u0130ngiltere genelinde \u00fccretsiz teslimat.","breadcrumb":{"@id":"https:\/\/www.purejewels.com\/product\/22ct-gold-foxtail-chain-33895\/#breadcrumb"},"inLanguage":"tr","potentialAction":[{"@type":"ReadAction","target":["https:\/\/www.purejewels.com\/product\/22ct-gold-foxtail-chain-33895\/"]}]},{"@type":"ImageObject","inLanguage":"tr","@id":"https:\/\/www.purejewels.com\/product\/22ct-gold-foxtail-chain-33895\/#primaryimage","url":"https:\/\/static.purejewels.com\/wp-content\/uploads\/2021\/10\/34347-1.jpg","contentUrl":"https:\/\/static.purejewels.com\/wp-content\/uploads\/2021\/10\/34347-1.jpg","width":1000,"height":1000,"caption":"22ct Gold Dragon Chain 34347-1"},{"@type":"BreadcrumbList","@id":"https:\/\/www.purejewels.com\/product\/22ct-gold-foxtail-chain-33895\/#breadcrumb","itemListElement":[{"@type":"ListItem","position":1,"name":"Home","item":"https:\/\/www.purejewels.com\/"},{"@type":"ListItem","position":2,"name":"Shop","item":"https:\/\/www.purejewels.com\/shop\/"},{"@type":"ListItem","position":3,"name":"22ct Gold | Foxtail Chain | 22 Inches | 1.7mm Thick"}]},{"@type":"WebSite","@id":"https:\/\/www.purejewels.com\/#website","url":"https:\/\/www.purejewels.com\/","name":"PureJewels \u0130ngiltere","description":"Sevgiyi Payla\u015f\u0131n","publisher":{"@id":"https:\/\/www.purejewels.com\/#organization"},"potentialAction":[{"@type":"SearchAction","target":{"@type":"EntryPoint","urlTemplate":"https:\/\/www.purejewels.com\/?s={search_term_string}"},"query-input":{"@type":"PropertyValueSpecification","valueRequired":true,"valueName":"search_term_string"}}],"inLanguage":"tr"},{"@type":"Organization","@id":"https:\/\/www.purejewels.com\/#organization","name":"PureJewels \u0130ngiltere","url":"https:\/\/www.purejewels.com\/","logo":{"@type":"ImageObject","inLanguage":"tr","@id":"https:\/\/www.purejewels.com\/#\/schema\/logo\/image\/","url":"https:\/\/static.purejewels.com\/wp-content\/uploads\/2020\/11\/Logo-PJ-New-1.png","contentUrl":"https:\/\/static.purejewels.com\/wp-content\/uploads\/2020\/11\/Logo-PJ-New-1.png","width":150,"height":80,"caption":"PureJewels UK"},"image":{"@id":"https:\/\/www.purejewels.com\/#\/schema\/logo\/image\/"}}]}},"_links":{"self":[{"href":"https:\/\/www.purejewels.com\/tr\/wp-json\/wp\/v2\/product\/330765","targetHints":{"allow":["GET"]}}],"collection":[{"href":"https:\/\/www.purejewels.com\/tr\/wp-json\/wp\/v2\/product"}],"about":[{"href":"https:\/\/www.purejewels.com\/tr\/wp-json\/wp\/v2\/types\/product"}],"replies":[{"embeddable":true,"href":"https:\/\/www.purejewels.com\/tr\/wp-json\/wp\/v2\/comments?post=330765"}],"version-history":[{"count":3,"href":"https:\/\/www.purejewels.com\/tr\/wp-json\/wp\/v2\/product\/330765\/revisions"}],"predecessor-version":[{"id":425736,"href":"https:\/\/www.purejewels.com\/tr\/wp-json\/wp\/v2\/product\/330765\/revisions\/425736"}],"wp:featuredmedia":[{"embeddable":true,"href":"https:\/\/www.purejewels.com\/tr\/wp-json\/wp\/v2\/media\/327596"}],"wp:attachment":[{"href":"https:\/\/www.purejewels.com\/tr\/wp-json\/wp\/v2\/media?parent=330765"}],"wp:term":[{"taxonomy":"product_brand","embeddable":true,"href":"https:\/\/www.purejewels.com\/tr\/wp-json\/wp\/v2\/product_brand?post=330765"},{"taxonomy":"product_cat","embeddable":true,"href":"https:\/\/www.purejewels.com\/tr\/wp-json\/wp\/v2\/product_cat?post=330765"},{"taxonomy":"product_tag","embeddable":true,"href":"https:\/\/www.purejewels.com\/tr\/wp-json\/wp\/v2\/product_tag?post=330765"}],"curies":[{"name":"wp","href":"https:\/\/api.w.org\/{rel}","templated":true}]}}