{"id":330800,"date":"2021-12-29T09:03:21","date_gmt":"2021-12-29T09:03:21","guid":{"rendered":"https:\/\/www.purejewels.com\/?post_type=product&#038;p=330800"},"modified":"2026-01-06T09:45:09","modified_gmt":"2026-01-06T09:45:09","slug":"kadinlar-icin-22-ayar-altin-bilezik-41295","status":"publish","type":"product","link":"https:\/\/www.purejewels.com\/tr\/product\/22ct-gold-bracelet-for-women-41295\/","title":{"rendered":"Kad\u0131nlar i\u00e7in 22 Ayar Alt\u0131n Bileklik"},"content":{"rendered":"<p data-start=\"510\" data-end=\"801\"><strong data-start=\"510\" data-end=\"529\">Tasar\u0131m Konsepti<\/strong><\/p>\n<p data-start=\"510\" data-end=\"801\">El dokumas\u0131 tekstillerin zarafetinden ilham alan \u00f6rg\u00fcl\u00fc tasar\u0131m, birlikteli\u011fi ve zamans\u0131z ba\u011flar\u0131 simgeliyor. Kalp t\u0131ls\u0131m\u0131, kolyeyi daha da <a href=\"https:\/\/www.purejewels.com\/tr\/product-category\/22ct-gold-jewellery\/gold-bracelet\/\">Bilezik<\/a> romantik bir dokunu\u015fla sadece bir m\u00fccevher de\u011fil, ayn\u0131 zamanda anlaml\u0131 bir hat\u0131ra haline getiriyor - a\u015fk ya da kendini kutlama hediyesi olarak m\u00fckemmel.<\/p>\n<hr data-start=\"803\" data-end=\"806\" \/>\n<p data-start=\"808\" data-end=\"1176\"><strong data-start=\"808\" data-end=\"826\">Zanaatkarl\u0131k<\/strong><\/p>\n<p data-start=\"808\" data-end=\"1176\">Ustal\u0131kla el yap\u0131m\u0131 <a href=\"https:\/\/www.purejewels.com\/tr\/product\/22ct-gold-jali-filigree-ring-jali-collection-31926\/\">22ct<\/a> sar\u0131 alt\u0131n, \u00f6rg\u00fcn\u00fcn her bir teli zengin bir doku ve \u0131\u015f\u0131lt\u0131l\u0131 bir parlakl\u0131k elde etmek i\u00e7in titizlikle i\u015flenmi\u015ftir. Bilezik, g\u00fcnl\u00fck kullan\u0131m i\u00e7in rahat kal\u0131rken dayan\u0131kl\u0131l\u0131k sa\u011flayan g\u00fcvenli bir \u0131stakoz toka ile donat\u0131lm\u0131\u015ft\u0131r. Londra Assay Ofisi taraf\u0131ndan tam damgalanm\u0131\u015f olmas\u0131, orijinalli\u011fini ve safl\u0131\u011f\u0131n\u0131 garanti eder.<\/p>\n<hr data-start=\"1178\" data-end=\"1181\" \/>\n<p data-start=\"1183\" data-end=\"1203\"><strong data-start=\"1183\" data-end=\"1201\">Stil Fikirleri<\/strong><\/p>\n<ul>\n<li data-start=\"1206\" data-end=\"1309\">G\u00fcnl\u00fck bileklik olarak tek ba\u015f\u0131na tak\u0131n, her g\u00f6r\u00fcn\u00fcme do\u011fru miktarda \u0131\u015f\u0131lt\u0131 kat\u0131n.<\/li>\n<li data-start=\"1312\" data-end=\"1402\">Katmanl\u0131, modern bir kombin i\u00e7in ince alt\u0131n bilezikler veya uyumlu bir alt\u0131n zincirle e\u015fle\u015ftirin.<\/li>\n<li data-start=\"1405\" data-end=\"1491\">Bayram kutlamalar\u0131, kilometre ta\u015f\u0131 hediyeleri veya gelin \u00e7eyizleri i\u00e7in m\u00fckemmel bir par\u00e7a.<\/li>\n<\/ul>","protected":false},"excerpt":{"rendered":"<ul>\n<li>22ct\u00a0<span id=\"urn:enhancement-96f9535d\" class=\"textannotation\">Alt\u0131n<\/span>\u00a0Bilezik<\/li>\n<li>a\u011f\u0131rl\u0131\u011f\u0131\u00a0<span id=\"urn:enhancement-71141257\" class=\"textannotation\">Bilezik<\/span> 6,9 gramd\u0131r<\/li>\n<li>SKU 41295<\/li>\n<li>T\u00fcm fiyatlara KDV dahildir<\/li>\n<li>22\u00a0<span id=\"urn:enhancement-bc82c59b\" class=\"textannotation\">karat<\/span>\u00a0<span id=\"urn:enhancement-9abf3d80\" class=\"textannotation\">Alt\u0131n<\/span>\u00a0Londra taraf\u0131ndan damgalanm\u0131\u015ft\u0131r\u00a0<span id=\"urn:enhancement-804ade87\" class=\"textannotation\">Tahlil Ofisi<\/span><\/li>\n<li>Sunum Kutusu ile Birlikte Gelir<\/li>\n<li>Teslimat Dahil<\/li>\n<li>\u015eu anda stokta bulunan benzer Lovely Daily, Officewear Kad\u0131n Bileklik modellerinin stok durumu ve daha fazla g\u00f6rsel i\u00e7in bizimle canl\u0131 sohbet edin.<\/li>\n<\/ul>","protected":false},"featured_media":327741,"comment_status":"closed","ping_status":"closed","template":"","meta":{"_eb_attr":"","_crsspst_to_jayantr4sg-hostcom":false},"product_brand":[],"product_cat":[1791,1559,1793,1792,1324,1627,1574],"product_tag":[1430],"class_list":{"0":"post-330800","1":"product","2":"type-product","3":"status-publish","4":"has-post-thumbnail","6":"product_cat-anniversary-gifts","7":"product_cat-birthday-gifts","8":"product_cat-diwali-gifts","9":"product_cat-festival-gifts","10":"product_cat-gold-bracelet","11":"product_cat-ladies-bracelet","12":"product_cat-womens-jewellery","13":"product_tag-diwali-gift","15":"first","16":"outofstock","17":"taxable","18":"shipping-taxable","19":"product-type-simple","20":"add-to-wishlist-before_image"},"yoast_head":"<!-- This site is optimized with the Yoast SEO plugin v27.3 - https:\/\/yoast.com\/product\/yoast-seo-wordpress\/ -->\n<title>Buy this real gold Bracelet for Women at PureJewels<\/title>\n<meta name=\"description\" content=\"Shop real gold bracelets online at the best price in the UK. Browse through the latest 22ct gold bracelet collection. Fast delivery &amp; easy returns.\" \/>\n<meta name=\"robots\" content=\"index, follow, max-snippet:-1, max-image-preview:large, max-video-preview:-1\" \/>\n<link rel=\"canonical\" href=\"https:\/\/www.purejewels.com\/tr\/urun\/kadinlar-icin-22-ayar-altin-bilezik-41295\/\" \/>\n<meta property=\"og:locale\" content=\"tr_TR\" \/>\n<meta property=\"og:type\" content=\"article\" \/>\n<meta property=\"og:title\" content=\"Buy this real gold Bracelet for Women at PureJewels\" \/>\n<meta property=\"og:description\" content=\"Shop real gold bracelets online at the best price in the UK. Browse through the latest 22ct gold bracelet collection. Fast delivery &amp; easy returns.\" \/>\n<meta property=\"og:url\" content=\"https:\/\/www.purejewels.com\/tr\/urun\/kadinlar-icin-22-ayar-altin-bilezik-41295\/\" \/>\n<meta property=\"og:site_name\" content=\"PureJewels UK\" \/>\n<meta property=\"article:modified_time\" content=\"2026-01-06T09:45:09+00:00\" \/>\n<meta property=\"og:image\" content=\"https:\/\/www.purejewels.com\/wp-content\/uploads\/2021\/10\/40744-2.jpg\" \/>\n\t<meta property=\"og:image:width\" content=\"1000\" \/>\n\t<meta property=\"og:image:height\" content=\"1000\" \/>\n\t<meta property=\"og:image:type\" content=\"image\/jpeg\" \/>\n<meta name=\"twitter:card\" content=\"summary_large_image\" \/>\n<meta name=\"twitter:label1\" content=\"Tahmini okuma s\u00fcresi\" \/>\n\t<meta name=\"twitter:data1\" content=\"1 dakika\" \/>\n<script type=\"application\/ld+json\" class=\"yoast-schema-graph\">{\"@context\":\"https:\\\/\\\/schema.org\",\"@graph\":[{\"@type\":[\"WebPage\",\"ItemPage\"],\"@id\":\"https:\\\/\\\/www.purejewels.com\\\/product\\\/22ct-gold-bracelet-for-women-41295\\\/\",\"url\":\"https:\\\/\\\/www.purejewels.com\\\/product\\\/22ct-gold-bracelet-for-women-41295\\\/\",\"name\":\"Buy this real gold Bracelet for Women at PureJewels\",\"isPartOf\":{\"@id\":\"https:\\\/\\\/www.purejewels.com\\\/#website\"},\"primaryImageOfPage\":{\"@id\":\"https:\\\/\\\/www.purejewels.com\\\/product\\\/22ct-gold-bracelet-for-women-41295\\\/#primaryimage\"},\"image\":{\"@id\":\"https:\\\/\\\/www.purejewels.com\\\/product\\\/22ct-gold-bracelet-for-women-41295\\\/#primaryimage\"},\"thumbnailUrl\":\"https:\\\/\\\/static.purejewels.com\\\/wp-content\\\/uploads\\\/2021\\\/10\\\/40744-2.jpg\",\"datePublished\":\"2021-12-29T09:03:21+00:00\",\"dateModified\":\"2026-01-06T09:45:09+00:00\",\"description\":\"Shop real gold bracelets online at the best price in the UK. Browse through the latest 22ct gold bracelet collection. Fast delivery & easy returns.\",\"breadcrumb\":{\"@id\":\"https:\\\/\\\/www.purejewels.com\\\/product\\\/22ct-gold-bracelet-for-women-41295\\\/#breadcrumb\"},\"inLanguage\":\"tr\",\"potentialAction\":[{\"@type\":\"ReadAction\",\"target\":[\"https:\\\/\\\/www.purejewels.com\\\/product\\\/22ct-gold-bracelet-for-women-41295\\\/\"]}]},{\"@type\":\"ImageObject\",\"inLanguage\":\"tr\",\"@id\":\"https:\\\/\\\/www.purejewels.com\\\/product\\\/22ct-gold-bracelet-for-women-41295\\\/#primaryimage\",\"url\":\"https:\\\/\\\/static.purejewels.com\\\/wp-content\\\/uploads\\\/2021\\\/10\\\/40744-2.jpg\",\"contentUrl\":\"https:\\\/\\\/static.purejewels.com\\\/wp-content\\\/uploads\\\/2021\\\/10\\\/40744-2.jpg\",\"width\":1000,\"height\":1000,\"caption\":\"22ct Gold Bracelet 40744-2\"},{\"@type\":\"BreadcrumbList\",\"@id\":\"https:\\\/\\\/www.purejewels.com\\\/product\\\/22ct-gold-bracelet-for-women-41295\\\/#breadcrumb\",\"itemListElement\":[{\"@type\":\"ListItem\",\"position\":1,\"name\":\"Home\",\"item\":\"https:\\\/\\\/www.purejewels.com\\\/\"},{\"@type\":\"ListItem\",\"position\":2,\"name\":\"Shop\",\"item\":\"https:\\\/\\\/www.purejewels.com\\\/shop\\\/\"},{\"@type\":\"ListItem\",\"position\":3,\"name\":\"22ct Gold Bracelet for women\"}]},{\"@type\":\"WebSite\",\"@id\":\"https:\\\/\\\/www.purejewels.com\\\/#website\",\"url\":\"https:\\\/\\\/www.purejewels.com\\\/\",\"name\":\"PureJewels UK\",\"description\":\"Share the Love\",\"publisher\":{\"@id\":\"https:\\\/\\\/www.purejewels.com\\\/#organization\"},\"potentialAction\":[{\"@type\":\"SearchAction\",\"target\":{\"@type\":\"EntryPoint\",\"urlTemplate\":\"https:\\\/\\\/www.purejewels.com\\\/?s={search_term_string}\"},\"query-input\":{\"@type\":\"PropertyValueSpecification\",\"valueRequired\":true,\"valueName\":\"search_term_string\"}}],\"inLanguage\":\"tr\"},{\"@type\":\"Organization\",\"@id\":\"https:\\\/\\\/www.purejewels.com\\\/#organization\",\"name\":\"PureJewels UK\",\"url\":\"https:\\\/\\\/www.purejewels.com\\\/\",\"logo\":{\"@type\":\"ImageObject\",\"inLanguage\":\"tr\",\"@id\":\"https:\\\/\\\/www.purejewels.com\\\/#\\\/schema\\\/logo\\\/image\\\/\",\"url\":\"https:\\\/\\\/static.purejewels.com\\\/wp-content\\\/uploads\\\/2020\\\/11\\\/Logo-PJ-New-1.png\",\"contentUrl\":\"https:\\\/\\\/static.purejewels.com\\\/wp-content\\\/uploads\\\/2020\\\/11\\\/Logo-PJ-New-1.png\",\"width\":150,\"height\":80,\"caption\":\"PureJewels UK\"},\"image\":{\"@id\":\"https:\\\/\\\/www.purejewels.com\\\/#\\\/schema\\\/logo\\\/image\\\/\"}}]}<\/script>\n<!-- \/ Yoast SEO plugin. -->","yoast_head_json":{"title":"Bu ger\u00e7ek alt\u0131n Kad\u0131n Bilezi\u011fini PureJewels'ten sat\u0131n al\u0131n","description":"\u0130ngiltere'deki en iyi fiyatlarla ger\u00e7ek alt\u0131n bilezikleri online sat\u0131n al\u0131n. En yeni 22 ayar alt\u0131n bilezik koleksiyonuna g\u00f6z at\u0131n. H\u0131zl\u0131 teslimat ve kolay iade.","robots":{"index":"index","follow":"follow","max-snippet":"max-snippet:-1","max-image-preview":"max-image-preview:large","max-video-preview":"max-video-preview:-1"},"canonical":"https:\/\/www.purejewels.com\/tr\/urun\/kadinlar-icin-22-ayar-altin-bilezik-41295\/","og_locale":"tr_TR","og_type":"article","og_title":"Buy this real gold Bracelet for Women at PureJewels","og_description":"Shop real gold bracelets online at the best price in the UK. Browse through the latest 22ct gold bracelet collection. Fast delivery & easy returns.","og_url":"https:\/\/www.purejewels.com\/tr\/urun\/kadinlar-icin-22-ayar-altin-bilezik-41295\/","og_site_name":"PureJewels UK","article_modified_time":"2026-01-06T09:45:09+00:00","og_image":[{"width":1000,"height":1000,"url":"https:\/\/www.purejewels.com\/wp-content\/uploads\/2021\/10\/40744-2.jpg","type":"image\/jpeg"}],"twitter_card":"summary_large_image","twitter_misc":{"Tahmini okuma s\u00fcresi":"1 dakika"},"schema":{"@context":"https:\/\/schema.org","@graph":[{"@type":["WebPage","ItemPage"],"@id":"https:\/\/www.purejewels.com\/product\/22ct-gold-bracelet-for-women-41295\/","url":"https:\/\/www.purejewels.com\/product\/22ct-gold-bracelet-for-women-41295\/","name":"Bu ger\u00e7ek alt\u0131n Kad\u0131n Bilezi\u011fini PureJewels'ten sat\u0131n al\u0131n","isPartOf":{"@id":"https:\/\/www.purejewels.com\/#website"},"primaryImageOfPage":{"@id":"https:\/\/www.purejewels.com\/product\/22ct-gold-bracelet-for-women-41295\/#primaryimage"},"image":{"@id":"https:\/\/www.purejewels.com\/product\/22ct-gold-bracelet-for-women-41295\/#primaryimage"},"thumbnailUrl":"https:\/\/static.purejewels.com\/wp-content\/uploads\/2021\/10\/40744-2.jpg","datePublished":"2021-12-29T09:03:21+00:00","dateModified":"2026-01-06T09:45:09+00:00","description":"\u0130ngiltere'deki en iyi fiyatlarla ger\u00e7ek alt\u0131n bilezikleri online sat\u0131n al\u0131n. En yeni 22 ayar alt\u0131n bilezik koleksiyonuna g\u00f6z at\u0131n. H\u0131zl\u0131 teslimat ve kolay iade.","breadcrumb":{"@id":"https:\/\/www.purejewels.com\/product\/22ct-gold-bracelet-for-women-41295\/#breadcrumb"},"inLanguage":"tr","potentialAction":[{"@type":"ReadAction","target":["https:\/\/www.purejewels.com\/product\/22ct-gold-bracelet-for-women-41295\/"]}]},{"@type":"ImageObject","inLanguage":"tr","@id":"https:\/\/www.purejewels.com\/product\/22ct-gold-bracelet-for-women-41295\/#primaryimage","url":"https:\/\/static.purejewels.com\/wp-content\/uploads\/2021\/10\/40744-2.jpg","contentUrl":"https:\/\/static.purejewels.com\/wp-content\/uploads\/2021\/10\/40744-2.jpg","width":1000,"height":1000,"caption":"22ct Gold Bracelet 40744-2"},{"@type":"BreadcrumbList","@id":"https:\/\/www.purejewels.com\/product\/22ct-gold-bracelet-for-women-41295\/#breadcrumb","itemListElement":[{"@type":"ListItem","position":1,"name":"Home","item":"https:\/\/www.purejewels.com\/"},{"@type":"ListItem","position":2,"name":"Shop","item":"https:\/\/www.purejewels.com\/shop\/"},{"@type":"ListItem","position":3,"name":"22ct Gold Bracelet for women"}]},{"@type":"WebSite","@id":"https:\/\/www.purejewels.com\/#website","url":"https:\/\/www.purejewels.com\/","name":"PureJewels \u0130ngiltere","description":"Sevgiyi Payla\u015f\u0131n","publisher":{"@id":"https:\/\/www.purejewels.com\/#organization"},"potentialAction":[{"@type":"SearchAction","target":{"@type":"EntryPoint","urlTemplate":"https:\/\/www.purejewels.com\/?s={search_term_string}"},"query-input":{"@type":"PropertyValueSpecification","valueRequired":true,"valueName":"search_term_string"}}],"inLanguage":"tr"},{"@type":"Organization","@id":"https:\/\/www.purejewels.com\/#organization","name":"PureJewels \u0130ngiltere","url":"https:\/\/www.purejewels.com\/","logo":{"@type":"ImageObject","inLanguage":"tr","@id":"https:\/\/www.purejewels.com\/#\/schema\/logo\/image\/","url":"https:\/\/static.purejewels.com\/wp-content\/uploads\/2020\/11\/Logo-PJ-New-1.png","contentUrl":"https:\/\/static.purejewels.com\/wp-content\/uploads\/2020\/11\/Logo-PJ-New-1.png","width":150,"height":80,"caption":"PureJewels UK"},"image":{"@id":"https:\/\/www.purejewels.com\/#\/schema\/logo\/image\/"}}]}},"_links":{"self":[{"href":"https:\/\/www.purejewels.com\/tr\/wp-json\/wp\/v2\/product\/330800","targetHints":{"allow":["GET"]}}],"collection":[{"href":"https:\/\/www.purejewels.com\/tr\/wp-json\/wp\/v2\/product"}],"about":[{"href":"https:\/\/www.purejewels.com\/tr\/wp-json\/wp\/v2\/types\/product"}],"replies":[{"embeddable":true,"href":"https:\/\/www.purejewels.com\/tr\/wp-json\/wp\/v2\/comments?post=330800"}],"version-history":[{"count":4,"href":"https:\/\/www.purejewels.com\/tr\/wp-json\/wp\/v2\/product\/330800\/revisions"}],"predecessor-version":[{"id":416437,"href":"https:\/\/www.purejewels.com\/tr\/wp-json\/wp\/v2\/product\/330800\/revisions\/416437"}],"wp:featuredmedia":[{"embeddable":true,"href":"https:\/\/www.purejewels.com\/tr\/wp-json\/wp\/v2\/media\/327741"}],"wp:attachment":[{"href":"https:\/\/www.purejewels.com\/tr\/wp-json\/wp\/v2\/media?parent=330800"}],"wp:term":[{"taxonomy":"product_brand","embeddable":true,"href":"https:\/\/www.purejewels.com\/tr\/wp-json\/wp\/v2\/product_brand?post=330800"},{"taxonomy":"product_cat","embeddable":true,"href":"https:\/\/www.purejewels.com\/tr\/wp-json\/wp\/v2\/product_cat?post=330800"},{"taxonomy":"product_tag","embeddable":true,"href":"https:\/\/www.purejewels.com\/tr\/wp-json\/wp\/v2\/product_tag?post=330800"}],"curies":[{"name":"wp","href":"https:\/\/api.w.org\/{rel}","templated":true}]}}