{"id":330863,"date":"2022-01-03T07:23:28","date_gmt":"2022-01-03T07:23:28","guid":{"rendered":"https:\/\/www.purejewels.com\/?post_type=product&#038;p=330863"},"modified":"2026-02-04T10:45:05","modified_gmt":"2026-02-04T10:45:05","slug":"22-ayar-altin-saplama-kupe-41335","status":"publish","type":"product","link":"https:\/\/www.purejewels.com\/tr\/product\/22ct-gold-stud-earring-41335\/","title":{"rendered":"22 Ayar Alt\u0131n Saplama K\u00fcpe"},"content":{"rendered":"<p>Bu zamans\u0131z \u00fcr\u00fcnlerle g\u00fcnl\u00fck stilinizi geli\u015ftirin <strong>22Ct <a href=\"https:\/\/www.purejewels.com\/tr\/product\/gold-stud-earrings-42487\/\">Alt\u0131n Saplama K\u00fcpe<\/a><\/strong>. Sadelik ve zarafet ile tasarlanan bu \u00fcr\u00fcnler, etnik bir cazibe dokunu\u015funu kucaklarken g\u00fcndelik giyim i\u00e7in m\u00fckemmeldir.<\/p>\n<ul>\n<li><strong>Malzeme:<\/strong> E\u015fsiz kalite, dayan\u0131kl\u0131l\u0131k ve \u0131\u015f\u0131lt\u0131l\u0131 bir parlakl\u0131k i\u00e7in saf 22 ayar alt\u0131ndan \u00fcretilmi\u015ftir.<\/li>\n<li><strong>Tasar\u0131m:<\/strong> Etnik esteti\u011fi modern sadelikle dengeleyen \u00e7ok y\u00f6nl\u00fc bir saplama tasar\u0131m\u0131.<\/li>\n<li><strong>G\u00fcnl\u00fck Giyim i\u00e7in M\u00fckemmel:<\/strong> Hafif ve rahat olan bu k\u00fcpeler, g\u00fcndelik geziler veya g\u00fcnl\u00fck kullan\u0131m i\u00e7in idealdir.<\/li>\n<li><strong>Etnik \u015e\u0131kl\u0131k:<\/strong> G\u00f6r\u00fcn\u00fcm\u00fcn\u00fcze ince ve geleneksel bir dokunu\u015f katarak t\u00fcm durumlar i\u00e7in uygun hale getirir.<\/li>\n<li><strong>Harika Hediye Fikri:<\/strong> Do\u011fum g\u00fcnleri, y\u0131l d\u00f6n\u00fcmleri ya da \u00f6ylesine i\u00e7in d\u00fc\u015f\u00fcnceli bir se\u00e7im.<\/li>\n<\/ul>\n<p>Bunlar <strong>22 Ayar Alt\u0131n Saplama K\u00fcpe<\/strong> etnik stil ve g\u00fcnl\u00fck \u00e7ok y\u00f6nl\u00fcl\u00fc\u011f\u00fcn bir kar\u0131\u015f\u0131m\u0131n\u0131 sunan abart\u0131s\u0131z zarafetin \u00f6z\u00fcd\u00fcr.<\/p>","protected":false},"excerpt":{"rendered":"<ul>\n<li>Antik Kaplama ile 22 Ayar Alt\u0131n Saplama K\u00fcpe<\/li>\n<li>Rozet Koleksiyonumuzdan<\/li>\n<li>A\u011f\u0131rl\u0131k 3,4 gms<\/li>\n<li>SKU. 43112<\/li>\n<li>Katalog kimli\u011fi. R1033<\/li>\n<li>Tak\u0131lar\u0131n\u0131za \u015fu \u015fekilde stil verebilirsiniz<\/li>\n<li><strong>\u00c7ift Spiral Halka<\/strong><\/li>\n<li><strong>Yuvarlak Mozaik Kolye<\/strong><\/li>\n<li>T\u00fcm fiyatlara KDV dahildir<\/li>\n<li>T\u00fcm \u00fcr\u00fcnlerimiz Londra Tahlil Ofisi taraf\u0131ndan damgalanm\u0131\u015ft\u0131r<\/li>\n<li>Sunum Kutusu ile Birlikte Gelir<\/li>\n<li>Teslimat Dahil<\/li>\n<li>Forest Gate, Londra, \u0130ngiltere'deki ma\u011fazam\u0131zda bulunan t\u00fcm yeni Yeni Gelin k\u00fcpeleri yelpazesini g\u00f6rmek i\u00e7in bizimle \/ Whatsapp \u00fczerinden sohbet edin<\/li>\n<\/ul>","protected":false},"featured_media":333746,"comment_status":"closed","ping_status":"closed","template":"","meta":{"_eb_attr":"","_crsspst_to_jayantr4sg-hostcom":false},"product_brand":[],"product_cat":[1791,1559,236,1254,1229,1570,6146,1656,5274,1577,1569,1573,1574],"product_tag":[66],"class_list":{"0":"post-330863","1":"product","2":"type-product","3":"status-publish","4":"has-post-thumbnail","6":"product_cat-anniversary-gifts","7":"product_cat-birthday-gifts","8":"product_cat-collections","9":"product_cat-gold-earrings","10":"product_cat-22ct-gold-jewellery","11":"product_cat-mothers-day-gifts","12":"product_cat-rosette-stud","13":"product_cat-rosettes-collections","14":"product_cat-rosettes-earring","15":"product_cat-stud-earrings","16":"product_cat-valentine-day-gifts","17":"product_cat-wedding-gifts","18":"product_cat-womens-jewellery","19":"product_tag-earrings","21":"first","22":"instock","23":"taxable","24":"shipping-taxable","25":"purchasable","26":"product-type-simple","27":"add-to-wishlist-before_image"},"yoast_head":"<!-- This site is optimized with the Yoast SEO plugin v27.5 - https:\/\/yoast.com\/product\/yoast-seo-wordpress\/ -->\n<title>Stud earrings | 22ct Gold studs | Purejewels UK<\/title>\n<meta name=\"description\" content=\"gold stud earrings price in UK. Buy these beautifully crafted stud earrings at PureJewels UK. Suitable for daily wear.\" \/>\n<meta name=\"robots\" content=\"index, follow, max-snippet:-1, max-image-preview:large, max-video-preview:-1\" \/>\n<link rel=\"canonical\" href=\"https:\/\/www.purejewels.com\/tr\/urun\/22-ayar-altin-saplama-kupe-41335\/\" \/>\n<meta property=\"og:locale\" content=\"tr_TR\" \/>\n<meta property=\"og:type\" content=\"article\" \/>\n<meta property=\"og:title\" content=\"Stud earrings | 22ct Gold studs | Purejewels UK\" \/>\n<meta property=\"og:description\" content=\"gold stud earrings price in UK. Buy these beautifully crafted stud earrings at PureJewels UK. Suitable for daily wear.\" \/>\n<meta property=\"og:url\" content=\"https:\/\/www.purejewels.com\/tr\/urun\/22-ayar-altin-saplama-kupe-41335\/\" \/>\n<meta property=\"og:site_name\" content=\"PureJewels UK\" \/>\n<meta property=\"article:modified_time\" content=\"2026-02-04T10:45:05+00:00\" \/>\n<meta property=\"og:image\" content=\"https:\/\/static.purejewels.com\/wp-content\/uploads\/2022\/01\/40583-1.jpg\" \/>\n\t<meta property=\"og:image:width\" content=\"1000\" \/>\n\t<meta property=\"og:image:height\" content=\"1000\" \/>\n\t<meta property=\"og:image:type\" content=\"image\/jpeg\" \/>\n<meta name=\"twitter:card\" content=\"summary_large_image\" \/>\n<meta name=\"twitter:label1\" content=\"Tahmini okuma s\u00fcresi\" \/>\n\t<meta name=\"twitter:data1\" content=\"1 dakika\" \/>\n<script type=\"application\/ld+json\" class=\"yoast-schema-graph\">{\"@context\":\"https:\\\/\\\/schema.org\",\"@graph\":[{\"@type\":[\"WebPage\",\"ItemPage\"],\"@id\":\"https:\\\/\\\/www.purejewels.com\\\/product\\\/22ct-gold-stud-earring-41335\\\/\",\"url\":\"https:\\\/\\\/www.purejewels.com\\\/product\\\/22ct-gold-stud-earring-41335\\\/\",\"name\":\"Stud earrings | 22ct Gold studs | Purejewels UK\",\"isPartOf\":{\"@id\":\"https:\\\/\\\/www.purejewels.com\\\/#website\"},\"primaryImageOfPage\":{\"@id\":\"https:\\\/\\\/www.purejewels.com\\\/product\\\/22ct-gold-stud-earring-41335\\\/#primaryimage\"},\"image\":{\"@id\":\"https:\\\/\\\/www.purejewels.com\\\/product\\\/22ct-gold-stud-earring-41335\\\/#primaryimage\"},\"thumbnailUrl\":\"https:\\\/\\\/static.purejewels.com\\\/wp-content\\\/uploads\\\/2022\\\/01\\\/40583-1.jpg\",\"datePublished\":\"2022-01-03T07:23:28+00:00\",\"dateModified\":\"2026-02-04T10:45:05+00:00\",\"description\":\"gold stud earrings price in UK. Buy these beautifully crafted stud earrings at PureJewels UK. Suitable for daily wear.\",\"breadcrumb\":{\"@id\":\"https:\\\/\\\/www.purejewels.com\\\/product\\\/22ct-gold-stud-earring-41335\\\/#breadcrumb\"},\"inLanguage\":\"tr\",\"potentialAction\":[{\"@type\":\"ReadAction\",\"target\":[\"https:\\\/\\\/www.purejewels.com\\\/product\\\/22ct-gold-stud-earring-41335\\\/\"]}]},{\"@type\":\"ImageObject\",\"inLanguage\":\"tr\",\"@id\":\"https:\\\/\\\/www.purejewels.com\\\/product\\\/22ct-gold-stud-earring-41335\\\/#primaryimage\",\"url\":\"https:\\\/\\\/static.purejewels.com\\\/wp-content\\\/uploads\\\/2022\\\/01\\\/40583-1.jpg\",\"contentUrl\":\"https:\\\/\\\/static.purejewels.com\\\/wp-content\\\/uploads\\\/2022\\\/01\\\/40583-1.jpg\",\"width\":1000,\"height\":1000,\"caption\":\"22ct Gold Stud 40583-1\"},{\"@type\":\"BreadcrumbList\",\"@id\":\"https:\\\/\\\/www.purejewels.com\\\/product\\\/22ct-gold-stud-earring-41335\\\/#breadcrumb\",\"itemListElement\":[{\"@type\":\"ListItem\",\"position\":1,\"name\":\"Home\",\"item\":\"https:\\\/\\\/www.purejewels.com\\\/\"},{\"@type\":\"ListItem\",\"position\":2,\"name\":\"Shop\",\"item\":\"https:\\\/\\\/www.purejewels.com\\\/shop\\\/\"},{\"@type\":\"ListItem\",\"position\":3,\"name\":\"22ct Gold Stud Earring\"}]},{\"@type\":\"WebSite\",\"@id\":\"https:\\\/\\\/www.purejewels.com\\\/#website\",\"url\":\"https:\\\/\\\/www.purejewels.com\\\/\",\"name\":\"PureJewels UK\",\"description\":\"Share the Love\",\"publisher\":{\"@id\":\"https:\\\/\\\/www.purejewels.com\\\/#organization\"},\"potentialAction\":[{\"@type\":\"SearchAction\",\"target\":{\"@type\":\"EntryPoint\",\"urlTemplate\":\"https:\\\/\\\/www.purejewels.com\\\/?s={search_term_string}\"},\"query-input\":{\"@type\":\"PropertyValueSpecification\",\"valueRequired\":true,\"valueName\":\"search_term_string\"}}],\"inLanguage\":\"tr\"},{\"@type\":\"Organization\",\"@id\":\"https:\\\/\\\/www.purejewels.com\\\/#organization\",\"name\":\"PureJewels UK\",\"url\":\"https:\\\/\\\/www.purejewels.com\\\/\",\"logo\":{\"@type\":\"ImageObject\",\"inLanguage\":\"tr\",\"@id\":\"https:\\\/\\\/www.purejewels.com\\\/#\\\/schema\\\/logo\\\/image\\\/\",\"url\":\"https:\\\/\\\/static.purejewels.com\\\/wp-content\\\/uploads\\\/2020\\\/11\\\/Logo-PJ-New-1.png\",\"contentUrl\":\"https:\\\/\\\/static.purejewels.com\\\/wp-content\\\/uploads\\\/2020\\\/11\\\/Logo-PJ-New-1.png\",\"width\":150,\"height\":80,\"caption\":\"PureJewels UK\"},\"image\":{\"@id\":\"https:\\\/\\\/www.purejewels.com\\\/#\\\/schema\\\/logo\\\/image\\\/\"}}]}<\/script>\n<!-- \/ Yoast SEO plugin. -->","yoast_head_json":{"title":"Saplama k\u00fcpeler | 22 ayar alt\u0131n saplamalar | Purejewels UK","description":"\u0130ngiltere'de alt\u0131n saplama k\u00fcpe fiyat\u0131. Bu g\u00fczel i\u015flenmi\u015f k\u00fcpeleri PureJewels UK'den sat\u0131n al\u0131n. G\u00fcnl\u00fck kullan\u0131m i\u00e7in uygundur.","robots":{"index":"index","follow":"follow","max-snippet":"max-snippet:-1","max-image-preview":"max-image-preview:large","max-video-preview":"max-video-preview:-1"},"canonical":"https:\/\/www.purejewels.com\/tr\/urun\/22-ayar-altin-saplama-kupe-41335\/","og_locale":"tr_TR","og_type":"article","og_title":"Stud earrings | 22ct Gold studs | Purejewels UK","og_description":"gold stud earrings price in UK. Buy these beautifully crafted stud earrings at PureJewels UK. Suitable for daily wear.","og_url":"https:\/\/www.purejewels.com\/tr\/urun\/22-ayar-altin-saplama-kupe-41335\/","og_site_name":"PureJewels UK","article_modified_time":"2026-02-04T10:45:05+00:00","og_image":[{"width":1000,"height":1000,"url":"https:\/\/static.purejewels.com\/wp-content\/uploads\/2022\/01\/40583-1.jpg","type":"image\/jpeg"}],"twitter_card":"summary_large_image","twitter_misc":{"Tahmini okuma s\u00fcresi":"1 dakika"},"schema":{"@context":"https:\/\/schema.org","@graph":[{"@type":["WebPage","ItemPage"],"@id":"https:\/\/www.purejewels.com\/product\/22ct-gold-stud-earring-41335\/","url":"https:\/\/www.purejewels.com\/product\/22ct-gold-stud-earring-41335\/","name":"Saplama k\u00fcpeler | 22 ayar alt\u0131n saplamalar | Purejewels UK","isPartOf":{"@id":"https:\/\/www.purejewels.com\/#website"},"primaryImageOfPage":{"@id":"https:\/\/www.purejewels.com\/product\/22ct-gold-stud-earring-41335\/#primaryimage"},"image":{"@id":"https:\/\/www.purejewels.com\/product\/22ct-gold-stud-earring-41335\/#primaryimage"},"thumbnailUrl":"https:\/\/static.purejewels.com\/wp-content\/uploads\/2022\/01\/40583-1.jpg","datePublished":"2022-01-03T07:23:28+00:00","dateModified":"2026-02-04T10:45:05+00:00","description":"\u0130ngiltere'de alt\u0131n saplama k\u00fcpe fiyat\u0131. Bu g\u00fczel i\u015flenmi\u015f k\u00fcpeleri PureJewels UK'den sat\u0131n al\u0131n. G\u00fcnl\u00fck kullan\u0131m i\u00e7in uygundur.","breadcrumb":{"@id":"https:\/\/www.purejewels.com\/product\/22ct-gold-stud-earring-41335\/#breadcrumb"},"inLanguage":"tr","potentialAction":[{"@type":"ReadAction","target":["https:\/\/www.purejewels.com\/product\/22ct-gold-stud-earring-41335\/"]}]},{"@type":"ImageObject","inLanguage":"tr","@id":"https:\/\/www.purejewels.com\/product\/22ct-gold-stud-earring-41335\/#primaryimage","url":"https:\/\/static.purejewels.com\/wp-content\/uploads\/2022\/01\/40583-1.jpg","contentUrl":"https:\/\/static.purejewels.com\/wp-content\/uploads\/2022\/01\/40583-1.jpg","width":1000,"height":1000,"caption":"22ct Gold Stud 40583-1"},{"@type":"BreadcrumbList","@id":"https:\/\/www.purejewels.com\/product\/22ct-gold-stud-earring-41335\/#breadcrumb","itemListElement":[{"@type":"ListItem","position":1,"name":"Home","item":"https:\/\/www.purejewels.com\/"},{"@type":"ListItem","position":2,"name":"Shop","item":"https:\/\/www.purejewels.com\/shop\/"},{"@type":"ListItem","position":3,"name":"22ct Gold Stud Earring"}]},{"@type":"WebSite","@id":"https:\/\/www.purejewels.com\/#website","url":"https:\/\/www.purejewels.com\/","name":"PureJewels \u0130ngiltere","description":"Sevgiyi Payla\u015f\u0131n","publisher":{"@id":"https:\/\/www.purejewels.com\/#organization"},"potentialAction":[{"@type":"SearchAction","target":{"@type":"EntryPoint","urlTemplate":"https:\/\/www.purejewels.com\/?s={search_term_string}"},"query-input":{"@type":"PropertyValueSpecification","valueRequired":true,"valueName":"search_term_string"}}],"inLanguage":"tr"},{"@type":"Organization","@id":"https:\/\/www.purejewels.com\/#organization","name":"PureJewels \u0130ngiltere","url":"https:\/\/www.purejewels.com\/","logo":{"@type":"ImageObject","inLanguage":"tr","@id":"https:\/\/www.purejewels.com\/#\/schema\/logo\/image\/","url":"https:\/\/static.purejewels.com\/wp-content\/uploads\/2020\/11\/Logo-PJ-New-1.png","contentUrl":"https:\/\/static.purejewels.com\/wp-content\/uploads\/2020\/11\/Logo-PJ-New-1.png","width":150,"height":80,"caption":"PureJewels UK"},"image":{"@id":"https:\/\/www.purejewels.com\/#\/schema\/logo\/image\/"}}]}},"_links":{"self":[{"href":"https:\/\/www.purejewels.com\/tr\/wp-json\/wp\/v2\/product\/330863","targetHints":{"allow":["GET"]}}],"collection":[{"href":"https:\/\/www.purejewels.com\/tr\/wp-json\/wp\/v2\/product"}],"about":[{"href":"https:\/\/www.purejewels.com\/tr\/wp-json\/wp\/v2\/types\/product"}],"replies":[{"embeddable":true,"href":"https:\/\/www.purejewels.com\/tr\/wp-json\/wp\/v2\/comments?post=330863"}],"version-history":[{"count":3,"href":"https:\/\/www.purejewels.com\/tr\/wp-json\/wp\/v2\/product\/330863\/revisions"}],"predecessor-version":[{"id":413699,"href":"https:\/\/www.purejewels.com\/tr\/wp-json\/wp\/v2\/product\/330863\/revisions\/413699"}],"wp:featuredmedia":[{"embeddable":true,"href":"https:\/\/www.purejewels.com\/tr\/wp-json\/wp\/v2\/media\/333746"}],"wp:attachment":[{"href":"https:\/\/www.purejewels.com\/tr\/wp-json\/wp\/v2\/media?parent=330863"}],"wp:term":[{"taxonomy":"product_brand","embeddable":true,"href":"https:\/\/www.purejewels.com\/tr\/wp-json\/wp\/v2\/product_brand?post=330863"},{"taxonomy":"product_cat","embeddable":true,"href":"https:\/\/www.purejewels.com\/tr\/wp-json\/wp\/v2\/product_cat?post=330863"},{"taxonomy":"product_tag","embeddable":true,"href":"https:\/\/www.purejewels.com\/tr\/wp-json\/wp\/v2\/product_tag?post=330863"}],"curies":[{"name":"wp","href":"https:\/\/api.w.org\/{rel}","templated":true}]}}