{"id":330915,"date":"2024-11-29T13:10:00","date_gmt":"2024-11-29T13:10:00","guid":{"rendered":"https:\/\/www.purejewels.com\/?post_type=product&#038;p=330915"},"modified":"2025-02-17T12:51:10","modified_gmt":"2025-02-17T12:51:10","slug":"22-ayar-altin-kalp-seklinde-kolye-46492","status":"publish","type":"product","link":"https:\/\/www.purejewels.com\/tr\/product\/22ct-gold-heart-shaped-pendant-46492\/","title":{"rendered":"22 Ayar Alt\u0131n Kalp \u015eeklinde Anne Kolyesi"},"content":{"rendered":"<h2>Annenizin Sevgisini Zamans\u0131z Bir Zarafetle Kutlay\u0131n<\/h2>\n<p>Annenize, sizin i\u00e7in ne kadar \u00f6nemli oldu\u011funu 22ct <a href=\"https:\/\/www.purejewels.com\/tr\/product\/22ct-gold-heart-shape-with-sigle-pearl-pendant-43591\/\">Alt\u0131n Kalp<\/a> \u015eekilli Anne Kolyesi, \u0131\u015f\u0131lt\u0131l\u0131 bir CZ ta\u015fla s\u00fcslenmi\u015ftir. Bu kolye ucu, hem zarafeti hem de i\u00e7ten duygular\u0131 bar\u0131nd\u0131ran m\u00fckemmel bir sevgi simgesidir.<\/p>\n<p><strong>Temel \u00d6zellikler:<\/strong><\/p>\n<ul>\n<li><strong>Premium 22 ayar alt\u0131n:<\/strong> Y\u00fcksek kaliteli 22 ayar alt\u0131ndan \u00fcretilen bu kolye ucu, a\u015fk\u0131n\u0131z\u0131n kal\u0131c\u0131 do\u011fas\u0131n\u0131 sembolize ederek asla solmayacak l\u00fcks bir parlakl\u0131k yayar.<\/li>\n<li><strong>\u0130\u00e7ten Tasar\u0131m:<\/strong> Kalp \u015feklindeki kolye ucu \"Anne\" kelimesini g\u00fczel bir \u015fekilde \u00e7evreleyerek annenizin sonsuza dek de\u011fer verece\u011fi anlaml\u0131 bir par\u00e7a haline getiriyor.<\/li>\n<li><strong>G\u00f6z kama\u015ft\u0131r\u0131c\u0131 CZ Ta\u015f:<\/strong> Parlak K\u00fcbik Zirkonya ta\u015f\u0131 \u0131\u015f\u0131lt\u0131l\u0131 bir dokunu\u015f katarak her harekette \u0131\u015f\u0131\u011f\u0131 yakalar ve par\u00e7aya sofistike bir katman ekler.<\/li>\n<li><strong>M\u00fckemmel Boyut:<\/strong> Narin ancak g\u00f6z al\u0131c\u0131 olacak \u015fekilde tasarlanan bu kolye ucu, g\u00fcnl\u00fck olarak veya \u00f6zel g\u00fcnlerde tak\u0131lmak i\u00e7in ideal boyuttad\u0131r.<\/li>\n<li><strong>\u00c7ok Y\u00f6nl\u00fc Hediye:<\/strong> \u0130ster Anneler G\u00fcn\u00fc, ister annenizin do\u011fum g\u00fcn\u00fc ya da herhangi bir \u00f6zel g\u00fcn olsun, bu kolye sevginizi ve minnettarl\u0131\u011f\u0131n\u0131z\u0131 ifade etmenin m\u00fckemmel bir yoludur.<\/li>\n<\/ul>\n<p><strong>Neden 22 Ayar Alt\u0131n Anne Kolyemizi Se\u00e7melisiniz?<\/strong><\/p>\n<ol>\n<li><strong>E\u015fsiz \u0130\u015f\u00e7ilik:<\/strong> Yetenekli zanaatkarlar\u0131m\u0131z her bir kolyenin detaylara titizlikle dikkat edilerek yap\u0131lmas\u0131n\u0131 sa\u011flayarak hem g\u00fczel hem de dayan\u0131kl\u0131 bir par\u00e7a ortaya \u00e7\u0131kar\u0131r.<\/li>\n<li><strong>A\u015fk\u0131n sembol\u00fc:<\/strong> Kalp \u015fekli evrensel olarak sevgiyi temsil eder ve bu kolyeyi annenize ne kadar de\u011fer verildi\u011fini g\u00f6stermek i\u00e7in m\u00fckemmel bir hediye haline getirir.<\/li>\n<li><strong>L\u00fcks ve Uygun Fiyatl\u0131:<\/strong> Birinci s\u0131n\u0131f 22 ayar alt\u0131ndan \u00fcretilen ve \u00e7arp\u0131c\u0131 bir CZ ta\u015fa sahip olan bu kolye ucu, eri\u015filebilir bir fiyata l\u00fcks bir his sunuyor.<\/li>\n<\/ol>\n<p><strong>\u00dcr\u00fcn \u00d6zellikleri:<\/strong><\/p>\n<ul>\n<li><strong>Malzeme:<\/strong> 22 Ayar Alt\u0131n<\/li>\n<li><strong>Ta\u015f:<\/strong> K\u00fcbik Zirkonya (CZ)<\/li>\n<li><strong>E\u015fle\u015fen Zincir:<\/strong> https:\/\/www.purejewels.com\/product-category\/22ct-gold-chain\/foxtail-chain\/<\/li>\n<\/ul>\n<p>Bu g\u00fczel 22 Ayar Alt\u0131n Kalp \u015eeklinde Anne Kolyesi ile annenize kalbinizden bir par\u00e7a hediye edin. Bir m\u00fccevher par\u00e7as\u0131ndan \u00e7ok daha fazlas\u0131; sevginizin ve minnettarl\u0131\u011f\u0131n\u0131z\u0131n i\u00e7ten bir hat\u0131rlat\u0131c\u0131s\u0131.<\/p>\n<p>Bu zamans\u0131z par\u00e7a ile onu g\u00fcl\u00fcmsetin ve \u0131\u015f\u0131ldamas\u0131na izin verin. Hemen sipari\u015f verin ve annenize sonsuza dek de\u011fer verece\u011fi bir hediye verin.<\/p>","protected":false},"excerpt":{"rendered":"<div class=\"woocommerce-product-details__short-description\">\n<table class=\"sh_desc\">\n<tbody>\n<tr>\n<td>Kolye Tipi<\/td>\n<td>Kalp Kolye<\/td>\n<\/tr>\n<tr>\n<td>SKU<\/td>\n<td>47725, 46492<\/td>\n<\/tr>\n<tr>\n<td>A\u011f\u0131rl\u0131k<\/td>\n<td>2.9 Gms<\/td>\n<\/tr>\n<tr>\n<td>Ta\u015f<\/td>\n<td>CZ<\/td>\n<\/tr>\n<tr>\n<td>Hallmark<\/td>\n<td>Londra Tahlil Ofisi Taraf\u0131ndan Damgalanm\u0131\u015f 22 Ayar Alt\u0131n<\/td>\n<\/tr>\n<tr>\n<td>\u00dccretler<\/td>\n<td>Teslimat ve KDV Dahil<\/td>\n<\/tr>\n<tr>\n<td>Paketleme<\/td>\n<td>Sunum Kutusu ile Birlikte Gelir<\/td>\n<\/tr>\n<tr>\n<td>Daha Fazla Bilgi<\/td>\n<td>\n<ul>\n<li>Zincir dahil de\u011fildir<\/li>\n<li>Bizim ke\u015ffedin<strong>\u00a0Zincir<\/strong>\u00a0Koleksiyon<\/li>\n<li>M\u00fcsaitlik durumu ve daha fazla resim i\u00e7in bizimle canl\u0131 sohbet edin<\/li>\n<\/ul>\n<\/td>\n<\/tr>\n<\/tbody>\n<\/table>\n<\/div>\n<div class=\"btn-atc atc-slide\"><\/div>\n<div class=\"product_meta\"><\/div>","protected":false},"featured_media":357902,"comment_status":"closed","ping_status":"closed","template":"","meta":{"_eb_attr":"","_crsspst_to_jayantr4sg-hostcom":false},"product_brand":[],"product_cat":[1559,1255,5683,5344,1767,1570,1574],"product_tag":[],"class_list":{"0":"post-330915","1":"product","2":"type-product","3":"status-publish","4":"has-post-thumbnail","6":"product_cat-birthday-gifts","7":"product_cat-gold-pendants","8":"product_cat-heart-pendant","9":"product_cat-jewellery-under-750","10":"product_cat-ladies-pendants","11":"product_cat-mothers-day-gifts","12":"product_cat-womens-jewellery","14":"first","15":"outofstock","16":"taxable","17":"shipping-taxable","18":"product-type-simple","19":"add-to-wishlist-before_image"},"yoast_head":"<!-- This site is optimized with the Yoast SEO plugin v27.3 - https:\/\/yoast.com\/product\/yoast-seo-wordpress\/ -->\n<title>22ct Gold Heart Shaped Mum Pendant with CZ Stone | PureJewels<\/title>\n<meta name=\"description\" content=\"Gift your mother a piece of your heart with this beautiful 22ct Gold Heart Shaped Mum Pendant. Browse our Gift for Mothers.\" \/>\n<meta name=\"robots\" content=\"index, follow, max-snippet:-1, max-image-preview:large, max-video-preview:-1\" \/>\n<link rel=\"canonical\" href=\"https:\/\/www.purejewels.com\/tr\/urun\/22-ayar-altin-kalp-seklinde-kolye-46492\/\" \/>\n<meta property=\"og:locale\" content=\"tr_TR\" \/>\n<meta property=\"og:type\" content=\"article\" \/>\n<meta property=\"og:title\" content=\"22ct Gold Heart Shaped Mum Pendant with CZ Stone | PureJewels\" \/>\n<meta property=\"og:description\" content=\"Gift your mother a piece of your heart with this beautiful 22ct Gold Heart Shaped Mum Pendant. Browse our Gift for Mothers.\" \/>\n<meta property=\"og:url\" content=\"https:\/\/www.purejewels.com\/tr\/urun\/22-ayar-altin-kalp-seklinde-kolye-46492\/\" \/>\n<meta property=\"og:site_name\" content=\"PureJewels UK\" \/>\n<meta property=\"article:modified_time\" content=\"2025-02-17T12:51:10+00:00\" \/>\n<meta property=\"og:image\" content=\"https:\/\/www.purejewels.com\/wp-content\/uploads\/2024\/01\/46492-1.png\" \/>\n\t<meta property=\"og:image:width\" content=\"1000\" \/>\n\t<meta property=\"og:image:height\" content=\"1000\" \/>\n\t<meta property=\"og:image:type\" content=\"image\/png\" \/>\n<meta name=\"twitter:card\" content=\"summary_large_image\" \/>\n<meta name=\"twitter:label1\" content=\"Tahmini okuma s\u00fcresi\" \/>\n\t<meta name=\"twitter:data1\" content=\"1 dakika\" \/>\n<script type=\"application\/ld+json\" class=\"yoast-schema-graph\">{\"@context\":\"https:\\\/\\\/schema.org\",\"@graph\":[{\"@type\":[\"WebPage\",\"ItemPage\"],\"@id\":\"https:\\\/\\\/www.purejewels.com\\\/product\\\/22ct-gold-heart-shaped-pendant-46492\\\/\",\"url\":\"https:\\\/\\\/www.purejewels.com\\\/product\\\/22ct-gold-heart-shaped-pendant-46492\\\/\",\"name\":\"22ct Gold Heart Shaped Mum Pendant with CZ Stone | PureJewels\",\"isPartOf\":{\"@id\":\"https:\\\/\\\/www.purejewels.com\\\/#website\"},\"primaryImageOfPage\":{\"@id\":\"https:\\\/\\\/www.purejewels.com\\\/product\\\/22ct-gold-heart-shaped-pendant-46492\\\/#primaryimage\"},\"image\":{\"@id\":\"https:\\\/\\\/www.purejewels.com\\\/product\\\/22ct-gold-heart-shaped-pendant-46492\\\/#primaryimage\"},\"thumbnailUrl\":\"https:\\\/\\\/static.purejewels.com\\\/wp-content\\\/uploads\\\/2024\\\/01\\\/46492-1.png\",\"datePublished\":\"2024-11-29T13:10:00+00:00\",\"dateModified\":\"2025-02-17T12:51:10+00:00\",\"description\":\"Gift your mother a piece of your heart with this beautiful 22ct Gold Heart Shaped Mum Pendant. Browse our Gift for Mothers.\",\"breadcrumb\":{\"@id\":\"https:\\\/\\\/www.purejewels.com\\\/product\\\/22ct-gold-heart-shaped-pendant-46492\\\/#breadcrumb\"},\"inLanguage\":\"tr\",\"potentialAction\":[{\"@type\":\"ReadAction\",\"target\":[\"https:\\\/\\\/www.purejewels.com\\\/product\\\/22ct-gold-heart-shaped-pendant-46492\\\/\"]}]},{\"@type\":\"ImageObject\",\"inLanguage\":\"tr\",\"@id\":\"https:\\\/\\\/www.purejewels.com\\\/product\\\/22ct-gold-heart-shaped-pendant-46492\\\/#primaryimage\",\"url\":\"https:\\\/\\\/static.purejewels.com\\\/wp-content\\\/uploads\\\/2024\\\/01\\\/46492-1.png\",\"contentUrl\":\"https:\\\/\\\/static.purejewels.com\\\/wp-content\\\/uploads\\\/2024\\\/01\\\/46492-1.png\",\"width\":1000,\"height\":1000,\"caption\":\"22ct Gold Pendant\"},{\"@type\":\"BreadcrumbList\",\"@id\":\"https:\\\/\\\/www.purejewels.com\\\/product\\\/22ct-gold-heart-shaped-pendant-46492\\\/#breadcrumb\",\"itemListElement\":[{\"@type\":\"ListItem\",\"position\":1,\"name\":\"Home\",\"item\":\"https:\\\/\\\/www.purejewels.com\\\/\"},{\"@type\":\"ListItem\",\"position\":2,\"name\":\"Shop\",\"item\":\"https:\\\/\\\/www.purejewels.com\\\/shop\\\/\"},{\"@type\":\"ListItem\",\"position\":3,\"name\":\"22ct Gold Heart Shaped Mum Pendant\"}]},{\"@type\":\"WebSite\",\"@id\":\"https:\\\/\\\/www.purejewels.com\\\/#website\",\"url\":\"https:\\\/\\\/www.purejewels.com\\\/\",\"name\":\"PureJewels UK\",\"description\":\"Share the Love\",\"publisher\":{\"@id\":\"https:\\\/\\\/www.purejewels.com\\\/#organization\"},\"potentialAction\":[{\"@type\":\"SearchAction\",\"target\":{\"@type\":\"EntryPoint\",\"urlTemplate\":\"https:\\\/\\\/www.purejewels.com\\\/?s={search_term_string}\"},\"query-input\":{\"@type\":\"PropertyValueSpecification\",\"valueRequired\":true,\"valueName\":\"search_term_string\"}}],\"inLanguage\":\"tr\"},{\"@type\":\"Organization\",\"@id\":\"https:\\\/\\\/www.purejewels.com\\\/#organization\",\"name\":\"PureJewels UK\",\"url\":\"https:\\\/\\\/www.purejewels.com\\\/\",\"logo\":{\"@type\":\"ImageObject\",\"inLanguage\":\"tr\",\"@id\":\"https:\\\/\\\/www.purejewels.com\\\/#\\\/schema\\\/logo\\\/image\\\/\",\"url\":\"https:\\\/\\\/static.purejewels.com\\\/wp-content\\\/uploads\\\/2020\\\/11\\\/Logo-PJ-New-1.png\",\"contentUrl\":\"https:\\\/\\\/static.purejewels.com\\\/wp-content\\\/uploads\\\/2020\\\/11\\\/Logo-PJ-New-1.png\",\"width\":150,\"height\":80,\"caption\":\"PureJewels UK\"},\"image\":{\"@id\":\"https:\\\/\\\/www.purejewels.com\\\/#\\\/schema\\\/logo\\\/image\\\/\"}}]}<\/script>\n<!-- \/ Yoast SEO plugin. -->","yoast_head_json":{"title":"CZ Ta\u015fl\u0131 22 Ayar Alt\u0131n Kalp \u015eeklinde Anne Kolyesi | PureJewels","description":"Bu g\u00fczel 22 Ayar Alt\u0131n Kalp \u015eeklinde Anne Kolyesi ile annenize kalbinizden bir par\u00e7a hediye edin. Anneler i\u00e7in Hediyelerimize g\u00f6z at\u0131n.","robots":{"index":"index","follow":"follow","max-snippet":"max-snippet:-1","max-image-preview":"max-image-preview:large","max-video-preview":"max-video-preview:-1"},"canonical":"https:\/\/www.purejewels.com\/tr\/urun\/22-ayar-altin-kalp-seklinde-kolye-46492\/","og_locale":"tr_TR","og_type":"article","og_title":"22ct Gold Heart Shaped Mum Pendant with CZ Stone | PureJewels","og_description":"Gift your mother a piece of your heart with this beautiful 22ct Gold Heart Shaped Mum Pendant. Browse our Gift for Mothers.","og_url":"https:\/\/www.purejewels.com\/tr\/urun\/22-ayar-altin-kalp-seklinde-kolye-46492\/","og_site_name":"PureJewels UK","article_modified_time":"2025-02-17T12:51:10+00:00","og_image":[{"width":1000,"height":1000,"url":"https:\/\/www.purejewels.com\/wp-content\/uploads\/2024\/01\/46492-1.png","type":"image\/png"}],"twitter_card":"summary_large_image","twitter_misc":{"Tahmini okuma s\u00fcresi":"1 dakika"},"schema":{"@context":"https:\/\/schema.org","@graph":[{"@type":["WebPage","ItemPage"],"@id":"https:\/\/www.purejewels.com\/product\/22ct-gold-heart-shaped-pendant-46492\/","url":"https:\/\/www.purejewels.com\/product\/22ct-gold-heart-shaped-pendant-46492\/","name":"CZ Ta\u015fl\u0131 22 Ayar Alt\u0131n Kalp \u015eeklinde Anne Kolyesi | PureJewels","isPartOf":{"@id":"https:\/\/www.purejewels.com\/#website"},"primaryImageOfPage":{"@id":"https:\/\/www.purejewels.com\/product\/22ct-gold-heart-shaped-pendant-46492\/#primaryimage"},"image":{"@id":"https:\/\/www.purejewels.com\/product\/22ct-gold-heart-shaped-pendant-46492\/#primaryimage"},"thumbnailUrl":"https:\/\/static.purejewels.com\/wp-content\/uploads\/2024\/01\/46492-1.png","datePublished":"2024-11-29T13:10:00+00:00","dateModified":"2025-02-17T12:51:10+00:00","description":"Bu g\u00fczel 22 Ayar Alt\u0131n Kalp \u015eeklinde Anne Kolyesi ile annenize kalbinizden bir par\u00e7a hediye edin. Anneler i\u00e7in Hediyelerimize g\u00f6z at\u0131n.","breadcrumb":{"@id":"https:\/\/www.purejewels.com\/product\/22ct-gold-heart-shaped-pendant-46492\/#breadcrumb"},"inLanguage":"tr","potentialAction":[{"@type":"ReadAction","target":["https:\/\/www.purejewels.com\/product\/22ct-gold-heart-shaped-pendant-46492\/"]}]},{"@type":"ImageObject","inLanguage":"tr","@id":"https:\/\/www.purejewels.com\/product\/22ct-gold-heart-shaped-pendant-46492\/#primaryimage","url":"https:\/\/static.purejewels.com\/wp-content\/uploads\/2024\/01\/46492-1.png","contentUrl":"https:\/\/static.purejewels.com\/wp-content\/uploads\/2024\/01\/46492-1.png","width":1000,"height":1000,"caption":"22ct Gold Pendant"},{"@type":"BreadcrumbList","@id":"https:\/\/www.purejewels.com\/product\/22ct-gold-heart-shaped-pendant-46492\/#breadcrumb","itemListElement":[{"@type":"ListItem","position":1,"name":"Home","item":"https:\/\/www.purejewels.com\/"},{"@type":"ListItem","position":2,"name":"Shop","item":"https:\/\/www.purejewels.com\/shop\/"},{"@type":"ListItem","position":3,"name":"22ct Gold Heart Shaped Mum Pendant"}]},{"@type":"WebSite","@id":"https:\/\/www.purejewels.com\/#website","url":"https:\/\/www.purejewels.com\/","name":"PureJewels \u0130ngiltere","description":"Sevgiyi Payla\u015f\u0131n","publisher":{"@id":"https:\/\/www.purejewels.com\/#organization"},"potentialAction":[{"@type":"SearchAction","target":{"@type":"EntryPoint","urlTemplate":"https:\/\/www.purejewels.com\/?s={search_term_string}"},"query-input":{"@type":"PropertyValueSpecification","valueRequired":true,"valueName":"search_term_string"}}],"inLanguage":"tr"},{"@type":"Organization","@id":"https:\/\/www.purejewels.com\/#organization","name":"PureJewels \u0130ngiltere","url":"https:\/\/www.purejewels.com\/","logo":{"@type":"ImageObject","inLanguage":"tr","@id":"https:\/\/www.purejewels.com\/#\/schema\/logo\/image\/","url":"https:\/\/static.purejewels.com\/wp-content\/uploads\/2020\/11\/Logo-PJ-New-1.png","contentUrl":"https:\/\/static.purejewels.com\/wp-content\/uploads\/2020\/11\/Logo-PJ-New-1.png","width":150,"height":80,"caption":"PureJewels UK"},"image":{"@id":"https:\/\/www.purejewels.com\/#\/schema\/logo\/image\/"}}]}},"_links":{"self":[{"href":"https:\/\/www.purejewels.com\/tr\/wp-json\/wp\/v2\/product\/330915","targetHints":{"allow":["GET"]}}],"collection":[{"href":"https:\/\/www.purejewels.com\/tr\/wp-json\/wp\/v2\/product"}],"about":[{"href":"https:\/\/www.purejewels.com\/tr\/wp-json\/wp\/v2\/types\/product"}],"replies":[{"embeddable":true,"href":"https:\/\/www.purejewels.com\/tr\/wp-json\/wp\/v2\/comments?post=330915"}],"version-history":[{"count":4,"href":"https:\/\/www.purejewels.com\/tr\/wp-json\/wp\/v2\/product\/330915\/revisions"}],"predecessor-version":[{"id":387576,"href":"https:\/\/www.purejewels.com\/tr\/wp-json\/wp\/v2\/product\/330915\/revisions\/387576"}],"wp:featuredmedia":[{"embeddable":true,"href":"https:\/\/www.purejewels.com\/tr\/wp-json\/wp\/v2\/media\/357902"}],"wp:attachment":[{"href":"https:\/\/www.purejewels.com\/tr\/wp-json\/wp\/v2\/media?parent=330915"}],"wp:term":[{"taxonomy":"product_brand","embeddable":true,"href":"https:\/\/www.purejewels.com\/tr\/wp-json\/wp\/v2\/product_brand?post=330915"},{"taxonomy":"product_cat","embeddable":true,"href":"https:\/\/www.purejewels.com\/tr\/wp-json\/wp\/v2\/product_cat?post=330915"},{"taxonomy":"product_tag","embeddable":true,"href":"https:\/\/www.purejewels.com\/tr\/wp-json\/wp\/v2\/product_tag?post=330915"}],"curies":[{"name":"wp","href":"https:\/\/api.w.org\/{rel}","templated":true}]}}