{"id":330946,"date":"2022-01-05T06:44:33","date_gmt":"2022-01-05T06:44:33","guid":{"rendered":"https:\/\/www.purejewels.com\/?post_type=product&#038;p=330946"},"modified":"2024-09-13T05:11:12","modified_gmt":"2024-09-13T04:11:12","slug":"18-ayar-beyaz-altin-zincir-unisex-41337","status":"publish","type":"product","link":"https:\/\/www.purejewels.com\/tr\/product\/18-carat-white-gold-chain-unisex-41337\/","title":{"rendered":"18 Ayar Beyaz Alt\u0131n | Spiga Zincir | 18 \u0130n\u00e7 | 1mm Kal\u0131nl\u0131k"},"content":{"rendered":"<h3><b>\u0130lham kayna\u011f\u0131<\/b><\/h3>\n<p><strong>Spiga alt\u0131n zincir<\/strong>\u00a0halk aras\u0131nda bu\u011fday zinciri olarak da bilinir. Bu karma\u015f\u0131k dokuma <a href=\"https:\/\/www.purejewels.com\/tr\/product-category\/22ct-gold-jewellery\/gold-chains\/\">Zincirler<\/a> bulmak \u00e7ok yayg\u0131n de\u011fildir ve yaln\u0131zca en deneyimli karigarlar taraf\u0131ndan \u00fcretilebilir. \u00c7ok y\u00f6nl\u00fcd\u00fcrler ve bu nedenle giydi\u011finiz hemen hemen her \u015feyle stil olu\u015fturmak kolayd\u0131r ve hem erkekler hem de kad\u0131nlar i\u00e7indir.<\/p>\n<h3><b>Tasar\u0131m<\/b><\/h3>\n<p>\u015e\u0131k bir g\u00f6r\u00fcn\u00fcmle birlikte karma\u015f\u0131k bir tasar\u0131ma sahip olan bu alt\u0131n <a href=\"https:\/\/www.purejewels.com\/tr\/product\/22ct-gold-spiga-chain-41359\/\">Spiga zincir<\/a> Purejewels kolye, d\u00f6rt adet b\u00fck\u00fclm\u00fc\u015f oval halkan\u0131n birbirine ba\u011flanmas\u0131yla elde \u00fcretilmi\u015ftir. <a href=\"https:\/\/www.purejewels.com\/tr\/product-category\/22ct-gold-jewellery\/gold-rings\/\">halkalar<\/a>. Zarif yap\u0131s\u0131n\u0131, siluetini ve \u00f6rg\u00fcl\u00fc g\u00f6r\u00fcn\u00fcm\u00fcn\u00fc elde etmek i\u00e7in halkalar son derece hassas bir \u015fekilde birbirine \u00f6r\u00fclm\u00fc\u015ft\u00fcr. Bu 18 in\u00e7 uzunlu\u011fundaki Spiga zincir, 22 ayar alt\u0131ndan \u00fcretilmi\u015ftir ve 1,4 milimetrelik hassas kal\u0131nl\u0131\u011f\u0131 ve yakla\u015f\u0131k 6,1 gram a\u011f\u0131rl\u0131\u011f\u0131yla boynunuza g\u00fczelce oturur.<\/p>\n<h3><b>Stil<\/b><\/h3>\n<p>Spiga beyaz alt\u0131n zincirimiz, g\u00fc\u00e7l\u00fc g\u00f6r\u00fcnd\u00fc\u011f\u00fc ve \u0131\u015f\u0131l \u0131\u015f\u0131l parlad\u0131\u011f\u0131 i\u00e7in mutlaka bir kolye ucuna veya ba\u015fka zincirlere ihtiya\u00e7 duymaz, ancak her zaman beyaz bir alt\u0131n zincir takarak g\u00f6r\u00fcn\u00fcm\u00fcn\u00fcz\u00fc zenginle\u015ftirebilirsiniz. <a href=\"https:\/\/www.purejewels.com\/tr\/product\/22ct-gold-spiga-chain-41721\/\">alt\u0131n spiga zincir<\/a> onunla birlikte. Kaplumba\u011fa yaka \u00fcstler, blazer ceketler, y\u00fcksek yakal\u0131 y\u00fcnl\u00fcler ve hatta sare ve kurta gibi Hint k\u0131yafetlerinizle m\u00fckemmel uyum sa\u011flar, evet bu kadar \u00e7ok y\u00f6nl\u00fc, narin ve \u015fekillendirmesi kolayd\u0131r.<\/p>","protected":false},"excerpt":{"rendered":"<table class=\"sh_desc\">\n<tbody>\n<tr>\n<td>Zincir Tipi<\/td>\n<td>Spiga Zincir<\/td>\n<\/tr>\n<tr>\n<td>SKU<\/td>\n<td>41337<\/td>\n<\/tr>\n<tr>\n<td>A\u011f\u0131rl\u0131k<\/td>\n<td>3.7 Gms<\/td>\n<\/tr>\n<tr>\n<td>Metal<\/td>\n<td>18 Ayar Beyaz Alt\u0131n<\/td>\n<\/tr>\n<tr>\n<td>Kal\u0131nl\u0131k<\/td>\n<td>1 mm<\/td>\n<\/tr>\n<tr>\n<td>Uzunluk<\/td>\n<td>18 in\u00e7<\/td>\n<\/tr>\n<tr>\n<td>Hallmark<\/td>\n<td>Londra Tahlil Ofisi Taraf\u0131ndan Damgalanm\u0131\u015f 18 Ayar Alt\u0131n<\/td>\n<\/tr>\n<tr>\n<td>\u00dccretler<\/td>\n<td>Teslimat ve KDV Dahil<\/td>\n<\/tr>\n<tr>\n<td>Paketleme<\/td>\n<td>Sunum Kutusu ile Birlikte Gelir<\/td>\n<\/tr>\n<tr>\n<td>Daha Fazla Bilgi<\/td>\n<td>M\u00fcsaitlik durumu ve daha fazla resim i\u00e7in bizimle canl\u0131 sohbet edin<\/td>\n<\/tr>\n<\/tbody>\n<\/table>","protected":false},"featured_media":330948,"comment_status":"closed","ping_status":"closed","template":"","meta":{"_eb_attr":"","_crsspst_to_jayantr4sg-hostcom":false},"product_brand":[],"product_cat":[5014,5316,1475,5344,1773,5348],"product_tag":[65],"class_list":{"0":"post-330946","1":"product","2":"type-product","3":"status-publish","4":"has-post-thumbnail","6":"product_cat-18-inch-ladies-chain","7":"product_cat-18ct-white-gold-chain","8":"product_cat-gold-chains","9":"product_cat-jewellery-under-750","10":"product_cat-ladies-chains","11":"product_cat-white-gold-jewellery","12":"product_tag-chains","14":"first","15":"outofstock","16":"taxable","17":"shipping-taxable","18":"product-type-simple","19":"add-to-wishlist-before_image"},"yoast_head":"<!-- This site is optimized with the Yoast SEO plugin v27.3 - https:\/\/yoast.com\/product\/yoast-seo-wordpress\/ -->\n<title>18 Carat White Gold Chain | Shop latest chains | PureJewels UK<\/title>\n<meta name=\"description\" content=\"18ct White Gold Chain in the UK | Explore a wide range of 18ct white gold Jewellery in the UK. Fast delivery &amp; easy returns.\" \/>\n<meta name=\"robots\" content=\"index, follow, max-snippet:-1, max-image-preview:large, max-video-preview:-1\" \/>\n<link rel=\"canonical\" href=\"https:\/\/www.purejewels.com\/tr\/urun\/18-ayar-beyaz-altin-zincir-unisex-41337\/\" \/>\n<meta property=\"og:locale\" content=\"tr_TR\" \/>\n<meta property=\"og:type\" content=\"article\" \/>\n<meta property=\"og:title\" content=\"18 Carat White Gold Chain | Shop latest chains | PureJewels UK\" \/>\n<meta property=\"og:description\" content=\"18ct White Gold Chain in the UK | Explore a wide range of 18ct white gold Jewellery in the UK. Fast delivery &amp; easy returns.\" \/>\n<meta property=\"og:url\" content=\"https:\/\/www.purejewels.com\/tr\/urun\/18-ayar-beyaz-altin-zincir-unisex-41337\/\" \/>\n<meta property=\"og:site_name\" content=\"PureJewels UK\" \/>\n<meta property=\"article:modified_time\" content=\"2024-09-13T04:11:12+00:00\" \/>\n<meta property=\"og:image\" content=\"https:\/\/www.purejewels.com\/wp-content\/uploads\/2022\/01\/41337-1.jpg\" \/>\n\t<meta property=\"og:image:width\" content=\"1000\" \/>\n\t<meta property=\"og:image:height\" content=\"1000\" \/>\n\t<meta property=\"og:image:type\" content=\"image\/jpeg\" \/>\n<meta name=\"twitter:card\" content=\"summary_large_image\" \/>\n<meta name=\"twitter:label1\" content=\"Tahmini okuma s\u00fcresi\" \/>\n\t<meta name=\"twitter:data1\" content=\"1 dakika\" \/>\n<script type=\"application\/ld+json\" class=\"yoast-schema-graph\">{\"@context\":\"https:\\\/\\\/schema.org\",\"@graph\":[{\"@type\":[\"WebPage\",\"ItemPage\"],\"@id\":\"https:\\\/\\\/www.purejewels.com\\\/product\\\/18-carat-white-gold-chain-unisex-41337\\\/\",\"url\":\"https:\\\/\\\/www.purejewels.com\\\/product\\\/18-carat-white-gold-chain-unisex-41337\\\/\",\"name\":\"18 Carat White Gold Chain | Shop latest chains | PureJewels UK\",\"isPartOf\":{\"@id\":\"https:\\\/\\\/www.purejewels.com\\\/#website\"},\"primaryImageOfPage\":{\"@id\":\"https:\\\/\\\/www.purejewels.com\\\/product\\\/18-carat-white-gold-chain-unisex-41337\\\/#primaryimage\"},\"image\":{\"@id\":\"https:\\\/\\\/www.purejewels.com\\\/product\\\/18-carat-white-gold-chain-unisex-41337\\\/#primaryimage\"},\"thumbnailUrl\":\"https:\\\/\\\/static.purejewels.com\\\/wp-content\\\/uploads\\\/2022\\\/01\\\/41337-1.jpg\",\"datePublished\":\"2022-01-05T06:44:33+00:00\",\"dateModified\":\"2024-09-13T04:11:12+00:00\",\"description\":\"18ct White Gold Chain in the UK | Explore a wide range of 18ct white gold Jewellery in the UK. Fast delivery & easy returns.\",\"breadcrumb\":{\"@id\":\"https:\\\/\\\/www.purejewels.com\\\/product\\\/18-carat-white-gold-chain-unisex-41337\\\/#breadcrumb\"},\"inLanguage\":\"tr\",\"potentialAction\":[{\"@type\":\"ReadAction\",\"target\":[\"https:\\\/\\\/www.purejewels.com\\\/product\\\/18-carat-white-gold-chain-unisex-41337\\\/\"]}]},{\"@type\":\"ImageObject\",\"inLanguage\":\"tr\",\"@id\":\"https:\\\/\\\/www.purejewels.com\\\/product\\\/18-carat-white-gold-chain-unisex-41337\\\/#primaryimage\",\"url\":\"https:\\\/\\\/static.purejewels.com\\\/wp-content\\\/uploads\\\/2022\\\/01\\\/41337-1.jpg\",\"contentUrl\":\"https:\\\/\\\/static.purejewels.com\\\/wp-content\\\/uploads\\\/2022\\\/01\\\/41337-1.jpg\",\"width\":1000,\"height\":1000,\"caption\":\"18 Carat White Gold Chain | Unisex\"},{\"@type\":\"BreadcrumbList\",\"@id\":\"https:\\\/\\\/www.purejewels.com\\\/product\\\/18-carat-white-gold-chain-unisex-41337\\\/#breadcrumb\",\"itemListElement\":[{\"@type\":\"ListItem\",\"position\":1,\"name\":\"Home\",\"item\":\"https:\\\/\\\/www.purejewels.com\\\/\"},{\"@type\":\"ListItem\",\"position\":2,\"name\":\"Shop\",\"item\":\"https:\\\/\\\/www.purejewels.com\\\/shop\\\/\"},{\"@type\":\"ListItem\",\"position\":3,\"name\":\"18ct White Gold | Spiga Chain | 18 Inches | 1mm Thick\"}]},{\"@type\":\"WebSite\",\"@id\":\"https:\\\/\\\/www.purejewels.com\\\/#website\",\"url\":\"https:\\\/\\\/www.purejewels.com\\\/\",\"name\":\"PureJewels UK\",\"description\":\"Share the Love\",\"publisher\":{\"@id\":\"https:\\\/\\\/www.purejewels.com\\\/#organization\"},\"potentialAction\":[{\"@type\":\"SearchAction\",\"target\":{\"@type\":\"EntryPoint\",\"urlTemplate\":\"https:\\\/\\\/www.purejewels.com\\\/?s={search_term_string}\"},\"query-input\":{\"@type\":\"PropertyValueSpecification\",\"valueRequired\":true,\"valueName\":\"search_term_string\"}}],\"inLanguage\":\"tr\"},{\"@type\":\"Organization\",\"@id\":\"https:\\\/\\\/www.purejewels.com\\\/#organization\",\"name\":\"PureJewels UK\",\"url\":\"https:\\\/\\\/www.purejewels.com\\\/\",\"logo\":{\"@type\":\"ImageObject\",\"inLanguage\":\"tr\",\"@id\":\"https:\\\/\\\/www.purejewels.com\\\/#\\\/schema\\\/logo\\\/image\\\/\",\"url\":\"https:\\\/\\\/static.purejewels.com\\\/wp-content\\\/uploads\\\/2020\\\/11\\\/Logo-PJ-New-1.png\",\"contentUrl\":\"https:\\\/\\\/static.purejewels.com\\\/wp-content\\\/uploads\\\/2020\\\/11\\\/Logo-PJ-New-1.png\",\"width\":150,\"height\":80,\"caption\":\"PureJewels UK\"},\"image\":{\"@id\":\"https:\\\/\\\/www.purejewels.com\\\/#\\\/schema\\\/logo\\\/image\\\/\"}}]}<\/script>\n<!-- \/ Yoast SEO plugin. -->","yoast_head_json":{"title":"18 Karat Beyaz Alt\u0131n Zincir | En yeni zincirleri sat\u0131n al\u0131n | PureJewels UK","description":"Birle\u015fik Krall\u0131k'ta 18 Ayar Beyaz Alt\u0131n Zincir | Birle\u015fik Krall\u0131k'taki \u00e7ok \u00e7e\u015fitli 18 ayar beyaz alt\u0131n Tak\u0131lar\u0131 ke\u015ffedin. H\u0131zl\u0131 teslimat ve kolay iade.","robots":{"index":"index","follow":"follow","max-snippet":"max-snippet:-1","max-image-preview":"max-image-preview:large","max-video-preview":"max-video-preview:-1"},"canonical":"https:\/\/www.purejewels.com\/tr\/urun\/18-ayar-beyaz-altin-zincir-unisex-41337\/","og_locale":"tr_TR","og_type":"article","og_title":"18 Carat White Gold Chain | Shop latest chains | PureJewels UK","og_description":"18ct White Gold Chain in the UK | Explore a wide range of 18ct white gold Jewellery in the UK. Fast delivery & easy returns.","og_url":"https:\/\/www.purejewels.com\/tr\/urun\/18-ayar-beyaz-altin-zincir-unisex-41337\/","og_site_name":"PureJewels UK","article_modified_time":"2024-09-13T04:11:12+00:00","og_image":[{"width":1000,"height":1000,"url":"https:\/\/www.purejewels.com\/wp-content\/uploads\/2022\/01\/41337-1.jpg","type":"image\/jpeg"}],"twitter_card":"summary_large_image","twitter_misc":{"Tahmini okuma s\u00fcresi":"1 dakika"},"schema":{"@context":"https:\/\/schema.org","@graph":[{"@type":["WebPage","ItemPage"],"@id":"https:\/\/www.purejewels.com\/product\/18-carat-white-gold-chain-unisex-41337\/","url":"https:\/\/www.purejewels.com\/product\/18-carat-white-gold-chain-unisex-41337\/","name":"18 Karat Beyaz Alt\u0131n Zincir | En yeni zincirleri sat\u0131n al\u0131n | PureJewels UK","isPartOf":{"@id":"https:\/\/www.purejewels.com\/#website"},"primaryImageOfPage":{"@id":"https:\/\/www.purejewels.com\/product\/18-carat-white-gold-chain-unisex-41337\/#primaryimage"},"image":{"@id":"https:\/\/www.purejewels.com\/product\/18-carat-white-gold-chain-unisex-41337\/#primaryimage"},"thumbnailUrl":"https:\/\/static.purejewels.com\/wp-content\/uploads\/2022\/01\/41337-1.jpg","datePublished":"2022-01-05T06:44:33+00:00","dateModified":"2024-09-13T04:11:12+00:00","description":"Birle\u015fik Krall\u0131k'ta 18 Ayar Beyaz Alt\u0131n Zincir | Birle\u015fik Krall\u0131k'taki \u00e7ok \u00e7e\u015fitli 18 ayar beyaz alt\u0131n Tak\u0131lar\u0131 ke\u015ffedin. H\u0131zl\u0131 teslimat ve kolay iade.","breadcrumb":{"@id":"https:\/\/www.purejewels.com\/product\/18-carat-white-gold-chain-unisex-41337\/#breadcrumb"},"inLanguage":"tr","potentialAction":[{"@type":"ReadAction","target":["https:\/\/www.purejewels.com\/product\/18-carat-white-gold-chain-unisex-41337\/"]}]},{"@type":"ImageObject","inLanguage":"tr","@id":"https:\/\/www.purejewels.com\/product\/18-carat-white-gold-chain-unisex-41337\/#primaryimage","url":"https:\/\/static.purejewels.com\/wp-content\/uploads\/2022\/01\/41337-1.jpg","contentUrl":"https:\/\/static.purejewels.com\/wp-content\/uploads\/2022\/01\/41337-1.jpg","width":1000,"height":1000,"caption":"18 Carat White Gold Chain | Unisex"},{"@type":"BreadcrumbList","@id":"https:\/\/www.purejewels.com\/product\/18-carat-white-gold-chain-unisex-41337\/#breadcrumb","itemListElement":[{"@type":"ListItem","position":1,"name":"Home","item":"https:\/\/www.purejewels.com\/"},{"@type":"ListItem","position":2,"name":"Shop","item":"https:\/\/www.purejewels.com\/shop\/"},{"@type":"ListItem","position":3,"name":"18ct White Gold | Spiga Chain | 18 Inches | 1mm Thick"}]},{"@type":"WebSite","@id":"https:\/\/www.purejewels.com\/#website","url":"https:\/\/www.purejewels.com\/","name":"PureJewels \u0130ngiltere","description":"Sevgiyi Payla\u015f\u0131n","publisher":{"@id":"https:\/\/www.purejewels.com\/#organization"},"potentialAction":[{"@type":"SearchAction","target":{"@type":"EntryPoint","urlTemplate":"https:\/\/www.purejewels.com\/?s={search_term_string}"},"query-input":{"@type":"PropertyValueSpecification","valueRequired":true,"valueName":"search_term_string"}}],"inLanguage":"tr"},{"@type":"Organization","@id":"https:\/\/www.purejewels.com\/#organization","name":"PureJewels \u0130ngiltere","url":"https:\/\/www.purejewels.com\/","logo":{"@type":"ImageObject","inLanguage":"tr","@id":"https:\/\/www.purejewels.com\/#\/schema\/logo\/image\/","url":"https:\/\/static.purejewels.com\/wp-content\/uploads\/2020\/11\/Logo-PJ-New-1.png","contentUrl":"https:\/\/static.purejewels.com\/wp-content\/uploads\/2020\/11\/Logo-PJ-New-1.png","width":150,"height":80,"caption":"PureJewels UK"},"image":{"@id":"https:\/\/www.purejewels.com\/#\/schema\/logo\/image\/"}}]}},"_links":{"self":[{"href":"https:\/\/www.purejewels.com\/tr\/wp-json\/wp\/v2\/product\/330946","targetHints":{"allow":["GET"]}}],"collection":[{"href":"https:\/\/www.purejewels.com\/tr\/wp-json\/wp\/v2\/product"}],"about":[{"href":"https:\/\/www.purejewels.com\/tr\/wp-json\/wp\/v2\/types\/product"}],"replies":[{"embeddable":true,"href":"https:\/\/www.purejewels.com\/tr\/wp-json\/wp\/v2\/comments?post=330946"}],"version-history":[{"count":1,"href":"https:\/\/www.purejewels.com\/tr\/wp-json\/wp\/v2\/product\/330946\/revisions"}],"predecessor-version":[{"id":371903,"href":"https:\/\/www.purejewels.com\/tr\/wp-json\/wp\/v2\/product\/330946\/revisions\/371903"}],"wp:featuredmedia":[{"embeddable":true,"href":"https:\/\/www.purejewels.com\/tr\/wp-json\/wp\/v2\/media\/330948"}],"wp:attachment":[{"href":"https:\/\/www.purejewels.com\/tr\/wp-json\/wp\/v2\/media?parent=330946"}],"wp:term":[{"taxonomy":"product_brand","embeddable":true,"href":"https:\/\/www.purejewels.com\/tr\/wp-json\/wp\/v2\/product_brand?post=330946"},{"taxonomy":"product_cat","embeddable":true,"href":"https:\/\/www.purejewels.com\/tr\/wp-json\/wp\/v2\/product_cat?post=330946"},{"taxonomy":"product_tag","embeddable":true,"href":"https:\/\/www.purejewels.com\/tr\/wp-json\/wp\/v2\/product_tag?post=330946"}],"curies":[{"name":"wp","href":"https:\/\/api.w.org\/{rel}","templated":true}]}}