{"id":330957,"date":"2022-01-05T10:05:06","date_gmt":"2022-01-05T10:05:06","guid":{"rendered":"https:\/\/www.purejewels.com\/?post_type=product&#038;p=330957"},"modified":"2026-03-30T06:09:02","modified_gmt":"2026-03-30T05:09:02","slug":"18-ayar-beyaz-altin-bordur-zincir-unisex-41339","status":"publish","type":"product","link":"https:\/\/www.purejewels.com\/tr\/product\/18ct-white-gold-curb-chain-unisex-41339\/","title":{"rendered":"18 Ayar Beyaz Alt\u0131n | Bord\u00fcr Zincir | 16 \u0130n\u00e7 | 0,9mm Kal\u0131nl\u0131k"},"content":{"rendered":"<h3>Sanat<\/h3>\n<p>Sadece l\u00fcks beyaz alt\u0131n\u0131n g\u00f6z al\u0131c\u0131 parlakl\u0131\u011f\u0131 de\u011fil, ayn\u0131 zamanda bu dramatik bord\u00fcr zincirin silueti de b\u00fcy\u00fcleyicidir ve cazibesiyle herkesin dikkatini \u00e7ekme g\u00fcc\u00fcne sahiptir. <a href=\"https:\/\/www.purejewels.com\/tr\/a-guide-to-die-stamping\/\">zanaatkarl\u0131k<\/a>.<\/p>\n<h3>Tasar\u0131m<\/h3>\n<p>M\u00fccevher kutunuza ve koleksiyonumuza anlaml\u0131 bir katk\u0131 sa\u011flayan bu <a href=\"https:\/\/www.purejewels.com\/tr\/product\/18ct-white-gold-diamond-ring-for-ladies-8775\/\">18 ayar beyaz alt\u0131n<\/a> <strong>bord\u00fcr zinciri<\/strong>, detaylara ve tasar\u0131ma azami \u00f6zen g\u00f6sterilerek \u00fcretilmi\u015ftir. Bord\u00fcr zincirimizin her bir halkas\u0131 el i\u015f\u00e7ili\u011fiyle \u00f6zenle haz\u0131rlanm\u0131\u015f olup, her biri kusursuz bir \u015fekilde m\u00fckemmelle\u015ftirilirken, bu halkalar\u0131n karma\u015f\u0131k bir \u015fekilde \u00f6r\u00fclmesi zinciri bir sanat eseri haline getirmektedir.<\/p>\n<h3><strong>Stil<\/strong><\/h3>\n<p>\u00c7ok abart\u0131l\u0131 olmayan tasar\u0131m\u0131ndaki sadelik ve \u00e7ok y\u00f6nl\u00fcl\u00fck, hem resmi hem de g\u00fcndelik topluluklarla bir a\u00e7\u0131klama yapma g\u00fcc\u00fcne sahiptir. Bizim narin <a href=\"https:\/\/www.purejewels.com\/tr\/product\/18ct-white-gold-khanda-sikh-religious-pendant-6226\/\">18ct<\/a> alt\u0131n bord\u00fcr zincir s\u00fcper dinamik ve ayarlanabilirdir, ba\u011f\u0131ms\u0131z olarak tak\u0131labilir veya di\u011ferleriyle birlikte istiflenebilir <a href=\"https:\/\/www.purejewels.com\/tr\/product-category\/22ct-gold-jewellery\/gold-necklaces\/\">KOLYELER<\/a> ya da \u00e7ok g\u00fczel bir <strong>kolye ucu<\/strong>Kendinizi oldu\u011funuzdan \u00e7ok daha muhte\u015fem hissetmeniz i\u00e7in titizlikle tasarlanan \u00e7arp\u0131c\u0131 m\u00fccevher koleksiyonumuzdan.<\/p>","protected":false},"excerpt":{"rendered":"<table class=\"sh_desc\" style=\"width: 100%; height: 280px;\">\n<tbody>\n<tr style=\"height: 28px;\">\n<td style=\"height: 28px;\">Zincir Tipi<\/td>\n<td style=\"height: 28px;\">Kald\u0131r\u0131m Zinciri<\/td>\n<\/tr>\n<tr style=\"height: 28px;\">\n<td style=\"height: 28px;\">SKU<\/td>\n<td style=\"height: 28px;\">54891<\/td>\n<\/tr>\n<tr style=\"height: 28px;\">\n<td style=\"height: 28px;\">A\u011f\u0131rl\u0131k<\/td>\n<td style=\"height: 28px;\">2.2 Gms<\/td>\n<\/tr>\n<tr style=\"height: 28px;\">\n<td style=\"height: 28px;\">Metal<\/td>\n<td style=\"height: 28px;\">18 Ayar Beyaz Alt\u0131n<\/td>\n<\/tr>\n<tr style=\"height: 28px;\">\n<td style=\"height: 28px;\">Kal\u0131nl\u0131k<\/td>\n<td style=\"height: 28px;\">0.9mm<\/td>\n<\/tr>\n<tr style=\"height: 28px;\">\n<td style=\"height: 28px;\">Uzunluk<\/td>\n<td style=\"height: 28px;\">16 in\u00e7<\/td>\n<\/tr>\n<tr style=\"height: 28px;\">\n<td style=\"height: 28px;\">Hallmark<\/td>\n<td style=\"height: 28px;\">Londra Tahlil Ofisi Taraf\u0131ndan Damgalanm\u0131\u015f 18 Ayar Beyaz Alt\u0131n<\/td>\n<\/tr>\n<tr style=\"height: 28px;\">\n<td style=\"height: 28px;\">\u00dccretler<\/td>\n<td style=\"height: 28px;\">Teslimat ve KDV Dahil<\/td>\n<\/tr>\n<tr style=\"height: 28px;\">\n<td style=\"height: 28px;\">Paketleme<\/td>\n<td style=\"height: 28px;\">Sunum Kutusu ile Birlikte Gelir<\/td>\n<\/tr>\n<tr style=\"height: 28px;\">\n<td style=\"height: 28px;\">Daha Fazla Bilgi<\/td>\n<td style=\"height: 28px;\">M\u00fcsaitlik durumu ve daha fazla resim i\u00e7in bizimle canl\u0131 sohbet edin<\/td>\n<\/tr>\n<\/tbody>\n<\/table>","protected":false},"featured_media":330959,"comment_status":"closed","ping_status":"closed","template":"","meta":{"_eb_attr":"","_crsspst_to_jayantr4sg-hostcom":true},"product_brand":[],"product_cat":[5020,5013,5316,1475,5343,1773,5348],"product_tag":[65],"class_list":{"0":"post-330957","1":"product","2":"type-product","3":"status-publish","4":"has-post-thumbnail","6":"product_cat-16-inch-kids-chain","7":"product_cat-16-inch-ladies-chain","8":"product_cat-18ct-white-gold-chain","9":"product_cat-gold-chains","10":"product_cat-jewellery-under-550","11":"product_cat-ladies-chains","12":"product_cat-white-gold-jewellery","13":"product_tag-chains","15":"first","16":"instock","17":"taxable","18":"shipping-taxable","19":"purchasable","20":"product-type-simple","21":"add-to-wishlist-before_image"},"yoast_head":"<!-- This site is optimized with the Yoast SEO plugin v27.5 - https:\/\/yoast.com\/product\/yoast-seo-wordpress\/ -->\n<title>white gold curb chain | Buy trendy Gold chains | PureJewels UK<\/title>\n<meta name=\"description\" content=\"18ct white gold chain | gold Curb chain | 16 inch white gold chain | unisex | Buy Curb chain in UK. Fast delivery &amp; easy returns.\" \/>\n<meta name=\"robots\" content=\"index, follow, max-snippet:-1, max-image-preview:large, max-video-preview:-1\" \/>\n<link rel=\"canonical\" href=\"https:\/\/www.purejewels.com\/tr\/urun\/18-ayar-beyaz-altin-bordur-zincir-unisex-41339\/\" \/>\n<meta property=\"og:locale\" content=\"tr_TR\" \/>\n<meta property=\"og:type\" content=\"article\" \/>\n<meta property=\"og:title\" content=\"white gold curb chain | Buy trendy Gold chains | PureJewels UK\" \/>\n<meta property=\"og:description\" content=\"18ct white gold chain | gold Curb chain | 16 inch white gold chain | unisex | Buy Curb chain in UK. Fast delivery &amp; easy returns.\" \/>\n<meta property=\"og:url\" content=\"https:\/\/www.purejewels.com\/tr\/urun\/18-ayar-beyaz-altin-bordur-zincir-unisex-41339\/\" \/>\n<meta property=\"og:site_name\" content=\"PureJewels UK\" \/>\n<meta property=\"article:modified_time\" content=\"2026-03-30T05:09:02+00:00\" \/>\n<meta property=\"og:image\" content=\"https:\/\/static.purejewels.com\/wp-content\/uploads\/2022\/01\/41339-1.jpg\" \/>\n\t<meta property=\"og:image:width\" content=\"1000\" \/>\n\t<meta property=\"og:image:height\" content=\"1000\" \/>\n\t<meta property=\"og:image:type\" content=\"image\/jpeg\" \/>\n<meta name=\"twitter:card\" content=\"summary_large_image\" \/>\n<meta name=\"twitter:label1\" content=\"Tahmini okuma s\u00fcresi\" \/>\n\t<meta name=\"twitter:data1\" content=\"1 dakika\" \/>\n<script type=\"application\/ld+json\" class=\"yoast-schema-graph\">{\"@context\":\"https:\\\/\\\/schema.org\",\"@graph\":[{\"@type\":[\"WebPage\",\"ItemPage\"],\"@id\":\"https:\\\/\\\/www.purejewels.com\\\/product\\\/18ct-white-gold-curb-chain-unisex-41339\\\/\",\"url\":\"https:\\\/\\\/www.purejewels.com\\\/product\\\/18ct-white-gold-curb-chain-unisex-41339\\\/\",\"name\":\"white gold curb chain | Buy trendy Gold chains | PureJewels UK\",\"isPartOf\":{\"@id\":\"https:\\\/\\\/www.purejewels.com\\\/#website\"},\"primaryImageOfPage\":{\"@id\":\"https:\\\/\\\/www.purejewels.com\\\/product\\\/18ct-white-gold-curb-chain-unisex-41339\\\/#primaryimage\"},\"image\":{\"@id\":\"https:\\\/\\\/www.purejewels.com\\\/product\\\/18ct-white-gold-curb-chain-unisex-41339\\\/#primaryimage\"},\"thumbnailUrl\":\"https:\\\/\\\/static.purejewels.com\\\/wp-content\\\/uploads\\\/2022\\\/01\\\/41339-1.jpg\",\"datePublished\":\"2022-01-05T10:05:06+00:00\",\"dateModified\":\"2026-03-30T05:09:02+00:00\",\"description\":\"18ct white gold chain | gold Curb chain | 16 inch white gold chain | unisex | Buy Curb chain in UK. Fast delivery & easy returns.\",\"breadcrumb\":{\"@id\":\"https:\\\/\\\/www.purejewels.com\\\/product\\\/18ct-white-gold-curb-chain-unisex-41339\\\/#breadcrumb\"},\"inLanguage\":\"tr\",\"potentialAction\":[{\"@type\":\"ReadAction\",\"target\":[\"https:\\\/\\\/www.purejewels.com\\\/product\\\/18ct-white-gold-curb-chain-unisex-41339\\\/\"]}]},{\"@type\":\"ImageObject\",\"inLanguage\":\"tr\",\"@id\":\"https:\\\/\\\/www.purejewels.com\\\/product\\\/18ct-white-gold-curb-chain-unisex-41339\\\/#primaryimage\",\"url\":\"https:\\\/\\\/static.purejewels.com\\\/wp-content\\\/uploads\\\/2022\\\/01\\\/41339-1.jpg\",\"contentUrl\":\"https:\\\/\\\/static.purejewels.com\\\/wp-content\\\/uploads\\\/2022\\\/01\\\/41339-1.jpg\",\"width\":1000,\"height\":1000,\"caption\":\"18ct White Gold Curb Chain | Unisex\"},{\"@type\":\"BreadcrumbList\",\"@id\":\"https:\\\/\\\/www.purejewels.com\\\/product\\\/18ct-white-gold-curb-chain-unisex-41339\\\/#breadcrumb\",\"itemListElement\":[{\"@type\":\"ListItem\",\"position\":1,\"name\":\"Home\",\"item\":\"https:\\\/\\\/www.purejewels.com\\\/\"},{\"@type\":\"ListItem\",\"position\":2,\"name\":\"Shop\",\"item\":\"https:\\\/\\\/www.purejewels.com\\\/shop\\\/\"},{\"@type\":\"ListItem\",\"position\":3,\"name\":\"18ct White Gold | Curb Chain | 16 Inches | 0.9mm Thick\"}]},{\"@type\":\"WebSite\",\"@id\":\"https:\\\/\\\/www.purejewels.com\\\/#website\",\"url\":\"https:\\\/\\\/www.purejewels.com\\\/\",\"name\":\"PureJewels UK\",\"description\":\"Share the Love\",\"publisher\":{\"@id\":\"https:\\\/\\\/www.purejewels.com\\\/#organization\"},\"potentialAction\":[{\"@type\":\"SearchAction\",\"target\":{\"@type\":\"EntryPoint\",\"urlTemplate\":\"https:\\\/\\\/www.purejewels.com\\\/?s={search_term_string}\"},\"query-input\":{\"@type\":\"PropertyValueSpecification\",\"valueRequired\":true,\"valueName\":\"search_term_string\"}}],\"inLanguage\":\"tr\"},{\"@type\":\"Organization\",\"@id\":\"https:\\\/\\\/www.purejewels.com\\\/#organization\",\"name\":\"PureJewels UK\",\"url\":\"https:\\\/\\\/www.purejewels.com\\\/\",\"logo\":{\"@type\":\"ImageObject\",\"inLanguage\":\"tr\",\"@id\":\"https:\\\/\\\/www.purejewels.com\\\/#\\\/schema\\\/logo\\\/image\\\/\",\"url\":\"https:\\\/\\\/static.purejewels.com\\\/wp-content\\\/uploads\\\/2020\\\/11\\\/Logo-PJ-New-1.png\",\"contentUrl\":\"https:\\\/\\\/static.purejewels.com\\\/wp-content\\\/uploads\\\/2020\\\/11\\\/Logo-PJ-New-1.png\",\"width\":150,\"height\":80,\"caption\":\"PureJewels UK\"},\"image\":{\"@id\":\"https:\\\/\\\/www.purejewels.com\\\/#\\\/schema\\\/logo\\\/image\\\/\"}}]}<\/script>\n<!-- \/ Yoast SEO plugin. -->","yoast_head_json":{"title":"beyaz alt\u0131n bord\u00fcr zincir | Son moda Alt\u0131n zincirler sat\u0131n al\u0131n | PureJewels UK","description":"18 ayar beyaz alt\u0131n zincir | alt\u0131n Curb zincir | 16 in\u00e7 beyaz alt\u0131n zincir | unisex | \u0130ngiltere'de Curb zincir sat\u0131n al\u0131n. H\u0131zl\u0131 teslimat ve kolay iade.","robots":{"index":"index","follow":"follow","max-snippet":"max-snippet:-1","max-image-preview":"max-image-preview:large","max-video-preview":"max-video-preview:-1"},"canonical":"https:\/\/www.purejewels.com\/tr\/urun\/18-ayar-beyaz-altin-bordur-zincir-unisex-41339\/","og_locale":"tr_TR","og_type":"article","og_title":"white gold curb chain | Buy trendy Gold chains | PureJewels UK","og_description":"18ct white gold chain | gold Curb chain | 16 inch white gold chain | unisex | Buy Curb chain in UK. Fast delivery & easy returns.","og_url":"https:\/\/www.purejewels.com\/tr\/urun\/18-ayar-beyaz-altin-bordur-zincir-unisex-41339\/","og_site_name":"PureJewels UK","article_modified_time":"2026-03-30T05:09:02+00:00","og_image":[{"width":1000,"height":1000,"url":"https:\/\/static.purejewels.com\/wp-content\/uploads\/2022\/01\/41339-1.jpg","type":"image\/jpeg"}],"twitter_card":"summary_large_image","twitter_misc":{"Tahmini okuma s\u00fcresi":"1 dakika"},"schema":{"@context":"https:\/\/schema.org","@graph":[{"@type":["WebPage","ItemPage"],"@id":"https:\/\/www.purejewels.com\/product\/18ct-white-gold-curb-chain-unisex-41339\/","url":"https:\/\/www.purejewels.com\/product\/18ct-white-gold-curb-chain-unisex-41339\/","name":"beyaz alt\u0131n bord\u00fcr zincir | Son moda Alt\u0131n zincirler sat\u0131n al\u0131n | PureJewels UK","isPartOf":{"@id":"https:\/\/www.purejewels.com\/#website"},"primaryImageOfPage":{"@id":"https:\/\/www.purejewels.com\/product\/18ct-white-gold-curb-chain-unisex-41339\/#primaryimage"},"image":{"@id":"https:\/\/www.purejewels.com\/product\/18ct-white-gold-curb-chain-unisex-41339\/#primaryimage"},"thumbnailUrl":"https:\/\/static.purejewels.com\/wp-content\/uploads\/2022\/01\/41339-1.jpg","datePublished":"2022-01-05T10:05:06+00:00","dateModified":"2026-03-30T05:09:02+00:00","description":"18 ayar beyaz alt\u0131n zincir | alt\u0131n Curb zincir | 16 in\u00e7 beyaz alt\u0131n zincir | unisex | \u0130ngiltere'de Curb zincir sat\u0131n al\u0131n. H\u0131zl\u0131 teslimat ve kolay iade.","breadcrumb":{"@id":"https:\/\/www.purejewels.com\/product\/18ct-white-gold-curb-chain-unisex-41339\/#breadcrumb"},"inLanguage":"tr","potentialAction":[{"@type":"ReadAction","target":["https:\/\/www.purejewels.com\/product\/18ct-white-gold-curb-chain-unisex-41339\/"]}]},{"@type":"ImageObject","inLanguage":"tr","@id":"https:\/\/www.purejewels.com\/product\/18ct-white-gold-curb-chain-unisex-41339\/#primaryimage","url":"https:\/\/static.purejewels.com\/wp-content\/uploads\/2022\/01\/41339-1.jpg","contentUrl":"https:\/\/static.purejewels.com\/wp-content\/uploads\/2022\/01\/41339-1.jpg","width":1000,"height":1000,"caption":"18ct White Gold Curb Chain | Unisex"},{"@type":"BreadcrumbList","@id":"https:\/\/www.purejewels.com\/product\/18ct-white-gold-curb-chain-unisex-41339\/#breadcrumb","itemListElement":[{"@type":"ListItem","position":1,"name":"Home","item":"https:\/\/www.purejewels.com\/"},{"@type":"ListItem","position":2,"name":"Shop","item":"https:\/\/www.purejewels.com\/shop\/"},{"@type":"ListItem","position":3,"name":"18ct White Gold | Curb Chain | 16 Inches | 0.9mm Thick"}]},{"@type":"WebSite","@id":"https:\/\/www.purejewels.com\/#website","url":"https:\/\/www.purejewels.com\/","name":"PureJewels \u0130ngiltere","description":"Sevgiyi Payla\u015f\u0131n","publisher":{"@id":"https:\/\/www.purejewels.com\/#organization"},"potentialAction":[{"@type":"SearchAction","target":{"@type":"EntryPoint","urlTemplate":"https:\/\/www.purejewels.com\/?s={search_term_string}"},"query-input":{"@type":"PropertyValueSpecification","valueRequired":true,"valueName":"search_term_string"}}],"inLanguage":"tr"},{"@type":"Organization","@id":"https:\/\/www.purejewels.com\/#organization","name":"PureJewels \u0130ngiltere","url":"https:\/\/www.purejewels.com\/","logo":{"@type":"ImageObject","inLanguage":"tr","@id":"https:\/\/www.purejewels.com\/#\/schema\/logo\/image\/","url":"https:\/\/static.purejewels.com\/wp-content\/uploads\/2020\/11\/Logo-PJ-New-1.png","contentUrl":"https:\/\/static.purejewels.com\/wp-content\/uploads\/2020\/11\/Logo-PJ-New-1.png","width":150,"height":80,"caption":"PureJewels UK"},"image":{"@id":"https:\/\/www.purejewels.com\/#\/schema\/logo\/image\/"}}]}},"_links":{"self":[{"href":"https:\/\/www.purejewels.com\/tr\/wp-json\/wp\/v2\/product\/330957","targetHints":{"allow":["GET"]}}],"collection":[{"href":"https:\/\/www.purejewels.com\/tr\/wp-json\/wp\/v2\/product"}],"about":[{"href":"https:\/\/www.purejewels.com\/tr\/wp-json\/wp\/v2\/types\/product"}],"replies":[{"embeddable":true,"href":"https:\/\/www.purejewels.com\/tr\/wp-json\/wp\/v2\/comments?post=330957"}],"version-history":[{"count":3,"href":"https:\/\/www.purejewels.com\/tr\/wp-json\/wp\/v2\/product\/330957\/revisions"}],"predecessor-version":[{"id":426930,"href":"https:\/\/www.purejewels.com\/tr\/wp-json\/wp\/v2\/product\/330957\/revisions\/426930"}],"wp:featuredmedia":[{"embeddable":true,"href":"https:\/\/www.purejewels.com\/tr\/wp-json\/wp\/v2\/media\/330959"}],"wp:attachment":[{"href":"https:\/\/www.purejewels.com\/tr\/wp-json\/wp\/v2\/media?parent=330957"}],"wp:term":[{"taxonomy":"product_brand","embeddable":true,"href":"https:\/\/www.purejewels.com\/tr\/wp-json\/wp\/v2\/product_brand?post=330957"},{"taxonomy":"product_cat","embeddable":true,"href":"https:\/\/www.purejewels.com\/tr\/wp-json\/wp\/v2\/product_cat?post=330957"},{"taxonomy":"product_tag","embeddable":true,"href":"https:\/\/www.purejewels.com\/tr\/wp-json\/wp\/v2\/product_tag?post=330957"}],"curies":[{"name":"wp","href":"https:\/\/api.w.org\/{rel}","templated":true}]}}