{"id":330969,"date":"2022-01-05T10:24:59","date_gmt":"2022-01-05T10:24:59","guid":{"rendered":"https:\/\/www.purejewels.com\/?post_type=product&#038;p=330969"},"modified":"2024-09-13T05:08:37","modified_gmt":"2024-09-13T04:08:37","slug":"18-ayar-beyaz-altin-kablo-zincir-unisex-41342","status":"publish","type":"product","link":"https:\/\/www.purejewels.com\/tr\/product\/18ct-white-gold-cable-chain-unisex-41342\/","title":{"rendered":"18 Ayar Beyaz Alt\u0131n | Kablo Zincir | 18 \u0130n\u00e7 | 0,8 mm Kal\u0131nl\u0131k"},"content":{"rendered":"<h3>\u0130lham kayna\u011f\u0131<\/h3>\n<p>\u00c7evremizdeki unsurlar \u00e7o\u011fu zaman b\u00fcy\u00fck ilham kaynaklar\u0131 haline gelir. Bu \u00f6zel <a href=\"https:\/\/www.purejewels.com\/tr\/product\/18-carat-white-gold-chain-20-inches\/\">18 ayar beyaz alt\u0131n<\/a> Kolye zinciri, etraf\u0131m\u0131zda g\u00f6rd\u00fc\u011f\u00fcm\u00fcz ham ve tekrarlayan sil\u00fcetlerden ilham al\u0131narak tasarlanm\u0131\u015ft\u0131r. <a href=\"https:\/\/www.purejewels.com\/tr\/product-category\/22ct-gold-jewellery\/gold-chains\/\">Zincirler<\/a> bug\u00fcn \u00e7ok \u00e7e\u015fitli stil ve tasar\u0131mlara sahiptir ve burada Purejewels'te sizin taraf\u0131n\u0131zdan se\u00e7ilmeye ve \u015fekillendirilmeye haz\u0131r bir\u00e7ok se\u00e7ene\u011fimiz bulunmaktad\u0131r.<\/p>\n<h3>Tasar\u0131m<\/h3>\n<p>Bu <a href=\"https:\/\/www.purejewels.com\/tr\/product\/18ct-white-gold-diamond-ring-for-ladies-8775\/\">18 ayar beyaz alt\u0131n<\/a> Kablo zincir en ba\u015f\u0131ndan itibaren \u00f6zenle elle yap\u0131lm\u0131\u015ft\u0131r ve 3 gram a\u011f\u0131rl\u0131\u011f\u0131ndad\u0131r. Bu \u015f\u0131k kablo zincir, \u00fczerine bakan herkese cesur g\u00f6r\u00fcnecek \u015fekilde haz\u0131rlanm\u0131\u015ft\u0131r. Her bir unsur el i\u015f\u00e7ili\u011fiyle \u00fcretilmi\u015f ve zincire kabloyu and\u0131ran bir g\u00f6r\u00fcn\u00fcm kazand\u0131racak \u015fekilde birbirine ba\u011flanm\u0131\u015ft\u0131r. Zincir boyunca kullan\u0131lan i\u015f\u00e7ilik, \u00fcst\u00fcn finisaj ve doku, ona d\u00fcnyevi ama l\u00fcks bir \u00e7ekicilik kazand\u0131r\u0131yor.<\/p>\n<h3>Stil<\/h3>\n<p>Geleneksel kurtalar\u0131n\u0131zla stilize edin, g\u00f6mleklerinizle e\u015fle\u015ftirirken bir a\u00e7\u0131klama yap\u0131n veya hatta \u00f6zel g\u00fcnlerde koleksiyonumuzdaki di\u011fer zincirlerle katmanlay\u0131n. Bu muhte\u015fem \u015f\u0131k ve detayl\u0131 kablo zincir, koleksiyonumuzdaki \u00e7e\u015fitli muhte\u015fem kolyelerle de \u015fekillendirilebilir ve \u00e7evredeki herkesin dikkatini \u00e7ekece\u011finden emin olabilirsiniz.<\/p>\n<p>Sadece bu da de\u011fil, tasar\u0131m\u0131 onu \u00e7ok y\u00f6nl\u00fc k\u0131l\u0131yor ve cinsiyetlerine bak\u0131lmaks\u0131z\u0131n herkes taraf\u0131ndan giyilebiliyor.<\/p>","protected":false},"excerpt":{"rendered":"<table class=\"sh_desc\">\n<tbody>\n<tr>\n<td>Zincir Tipi<\/td>\n<td>Kablo Zinciri<\/td>\n<\/tr>\n<tr>\n<td>SKU<\/td>\n<td>41342<\/td>\n<\/tr>\n<tr>\n<td>A\u011f\u0131rl\u0131k<\/td>\n<td>\u00a03 Gms<\/td>\n<\/tr>\n<tr>\n<td>Metal<\/td>\n<td>18 Ayar Beyaz Alt\u0131n<\/td>\n<\/tr>\n<tr>\n<td>Kal\u0131nl\u0131k<\/td>\n<td>0,8 mm<\/td>\n<\/tr>\n<tr>\n<td>Uzunluk<\/td>\n<td>18 in\u00e7<\/td>\n<\/tr>\n<tr>\n<td>Hallmark<\/td>\n<td>Londra Tahlil Ofisi Taraf\u0131ndan Damgalanm\u0131\u015f 18 Ayar Beyaz Alt\u0131n<\/td>\n<\/tr>\n<tr>\n<td>\u00dccretler<\/td>\n<td>Teslimat ve KDV Dahil<\/td>\n<\/tr>\n<tr>\n<td>Paketleme<\/td>\n<td>Sunum Kutusu ile Birlikte Gelir<\/td>\n<\/tr>\n<tr>\n<td>Daha Fazla Bilgi<\/td>\n<td>M\u00fcsaitlik durumu ve daha fazla resim i\u00e7in bizimle canl\u0131 sohbet edin<\/td>\n<\/tr>\n<\/tbody>\n<\/table>","protected":false},"featured_media":330970,"comment_status":"closed","ping_status":"closed","template":"","meta":{"_eb_attr":"","_crsspst_to_jayantr4sg-hostcom":false},"product_brand":[],"product_cat":[5014,5017,5021,5316,5344,1772,1773,1774,5348],"product_tag":[65],"class_list":{"0":"post-330969","1":"product","2":"type-product","3":"status-publish","4":"has-post-thumbnail","6":"product_cat-18-inch-ladies-chain","7":"product_cat-18-inch-mens-chain","8":"product_cat-18-inch-kids-chain","9":"product_cat-18ct-white-gold-chain","10":"product_cat-jewellery-under-750","11":"product_cat-kids-chains","12":"product_cat-ladies-chains","13":"product_cat-mens-chains","14":"product_cat-white-gold-jewellery","15":"product_tag-chains","17":"first","18":"outofstock","19":"taxable","20":"shipping-taxable","21":"product-type-simple","22":"add-to-wishlist-before_image"},"yoast_head":"<!-- This site is optimized with the Yoast SEO plugin v27.3 - https:\/\/yoast.com\/product\/yoast-seo-wordpress\/ -->\n<title>Cable chain in UK | 18ct White Gold chain | Purejewels UK<\/title>\n<meta name=\"description\" content=\"18ct White Gold Jewelry in UK. Shop the latest collection of gold chains in the UK. Buy 18 inch white gold chain. Free delivery &amp; easy returns.\" \/>\n<meta name=\"robots\" content=\"index, follow, max-snippet:-1, max-image-preview:large, max-video-preview:-1\" \/>\n<link rel=\"canonical\" href=\"https:\/\/www.purejewels.com\/tr\/urun\/18-ayar-beyaz-altin-kablo-zincir-unisex-41342\/\" \/>\n<meta property=\"og:locale\" content=\"tr_TR\" \/>\n<meta property=\"og:type\" content=\"article\" \/>\n<meta property=\"og:title\" content=\"Cable chain in UK | 18ct White Gold chain | Purejewels UK\" \/>\n<meta property=\"og:description\" content=\"18ct White Gold Jewelry in UK. Shop the latest collection of gold chains in the UK. Buy 18 inch white gold chain. Free delivery &amp; easy returns.\" \/>\n<meta property=\"og:url\" content=\"https:\/\/www.purejewels.com\/tr\/urun\/18-ayar-beyaz-altin-kablo-zincir-unisex-41342\/\" \/>\n<meta property=\"og:site_name\" content=\"PureJewels UK\" \/>\n<meta property=\"article:modified_time\" content=\"2024-09-13T04:08:37+00:00\" \/>\n<meta property=\"og:image\" content=\"https:\/\/www.purejewels.com\/wp-content\/uploads\/2022\/01\/41342-1.jpg\" \/>\n\t<meta property=\"og:image:width\" content=\"1000\" \/>\n\t<meta property=\"og:image:height\" content=\"1000\" \/>\n\t<meta property=\"og:image:type\" content=\"image\/jpeg\" \/>\n<meta name=\"twitter:card\" content=\"summary_large_image\" \/>\n<meta name=\"twitter:label1\" content=\"Tahmini okuma s\u00fcresi\" \/>\n\t<meta name=\"twitter:data1\" content=\"1 dakika\" \/>\n<script type=\"application\/ld+json\" class=\"yoast-schema-graph\">{\"@context\":\"https:\\\/\\\/schema.org\",\"@graph\":[{\"@type\":[\"WebPage\",\"ItemPage\"],\"@id\":\"https:\\\/\\\/www.purejewels.com\\\/product\\\/18ct-white-gold-cable-chain-unisex-41342\\\/\",\"url\":\"https:\\\/\\\/www.purejewels.com\\\/product\\\/18ct-white-gold-cable-chain-unisex-41342\\\/\",\"name\":\"Cable chain in UK | 18ct White Gold chain | Purejewels UK\",\"isPartOf\":{\"@id\":\"https:\\\/\\\/www.purejewels.com\\\/#website\"},\"primaryImageOfPage\":{\"@id\":\"https:\\\/\\\/www.purejewels.com\\\/product\\\/18ct-white-gold-cable-chain-unisex-41342\\\/#primaryimage\"},\"image\":{\"@id\":\"https:\\\/\\\/www.purejewels.com\\\/product\\\/18ct-white-gold-cable-chain-unisex-41342\\\/#primaryimage\"},\"thumbnailUrl\":\"https:\\\/\\\/static.purejewels.com\\\/wp-content\\\/uploads\\\/2022\\\/01\\\/41342-1.jpg\",\"datePublished\":\"2022-01-05T10:24:59+00:00\",\"dateModified\":\"2024-09-13T04:08:37+00:00\",\"description\":\"18ct White Gold Jewelry in UK. Shop the latest collection of gold chains in the UK. Buy 18 inch white gold chain. Free delivery & easy returns.\",\"breadcrumb\":{\"@id\":\"https:\\\/\\\/www.purejewels.com\\\/product\\\/18ct-white-gold-cable-chain-unisex-41342\\\/#breadcrumb\"},\"inLanguage\":\"tr\",\"potentialAction\":[{\"@type\":\"ReadAction\",\"target\":[\"https:\\\/\\\/www.purejewels.com\\\/product\\\/18ct-white-gold-cable-chain-unisex-41342\\\/\"]}]},{\"@type\":\"ImageObject\",\"inLanguage\":\"tr\",\"@id\":\"https:\\\/\\\/www.purejewels.com\\\/product\\\/18ct-white-gold-cable-chain-unisex-41342\\\/#primaryimage\",\"url\":\"https:\\\/\\\/static.purejewels.com\\\/wp-content\\\/uploads\\\/2022\\\/01\\\/41342-1.jpg\",\"contentUrl\":\"https:\\\/\\\/static.purejewels.com\\\/wp-content\\\/uploads\\\/2022\\\/01\\\/41342-1.jpg\",\"width\":1000,\"height\":1000,\"caption\":\"18ct White Gold Cable Chain | Unisex\"},{\"@type\":\"BreadcrumbList\",\"@id\":\"https:\\\/\\\/www.purejewels.com\\\/product\\\/18ct-white-gold-cable-chain-unisex-41342\\\/#breadcrumb\",\"itemListElement\":[{\"@type\":\"ListItem\",\"position\":1,\"name\":\"Home\",\"item\":\"https:\\\/\\\/www.purejewels.com\\\/\"},{\"@type\":\"ListItem\",\"position\":2,\"name\":\"Shop\",\"item\":\"https:\\\/\\\/www.purejewels.com\\\/shop\\\/\"},{\"@type\":\"ListItem\",\"position\":3,\"name\":\"18ct White Gold | Cable Chain | 18 Inches | 0.8mm Thick\"}]},{\"@type\":\"WebSite\",\"@id\":\"https:\\\/\\\/www.purejewels.com\\\/#website\",\"url\":\"https:\\\/\\\/www.purejewels.com\\\/\",\"name\":\"PureJewels UK\",\"description\":\"Share the Love\",\"publisher\":{\"@id\":\"https:\\\/\\\/www.purejewels.com\\\/#organization\"},\"potentialAction\":[{\"@type\":\"SearchAction\",\"target\":{\"@type\":\"EntryPoint\",\"urlTemplate\":\"https:\\\/\\\/www.purejewels.com\\\/?s={search_term_string}\"},\"query-input\":{\"@type\":\"PropertyValueSpecification\",\"valueRequired\":true,\"valueName\":\"search_term_string\"}}],\"inLanguage\":\"tr\"},{\"@type\":\"Organization\",\"@id\":\"https:\\\/\\\/www.purejewels.com\\\/#organization\",\"name\":\"PureJewels UK\",\"url\":\"https:\\\/\\\/www.purejewels.com\\\/\",\"logo\":{\"@type\":\"ImageObject\",\"inLanguage\":\"tr\",\"@id\":\"https:\\\/\\\/www.purejewels.com\\\/#\\\/schema\\\/logo\\\/image\\\/\",\"url\":\"https:\\\/\\\/static.purejewels.com\\\/wp-content\\\/uploads\\\/2020\\\/11\\\/Logo-PJ-New-1.png\",\"contentUrl\":\"https:\\\/\\\/static.purejewels.com\\\/wp-content\\\/uploads\\\/2020\\\/11\\\/Logo-PJ-New-1.png\",\"width\":150,\"height\":80,\"caption\":\"PureJewels UK\"},\"image\":{\"@id\":\"https:\\\/\\\/www.purejewels.com\\\/#\\\/schema\\\/logo\\\/image\\\/\"}}]}<\/script>\n<!-- \/ Yoast SEO plugin. -->","yoast_head_json":{"title":"\u0130ngiltere'de kablo zincir | 18 Ayar Beyaz Alt\u0131n zincir | Purejewels UK","description":"\u0130ngiltere'de 18 Ayar Beyaz Alt\u0131n Tak\u0131lar. \u0130ngiltere'deki en yeni alt\u0131n zincir koleksiyonunu sat\u0131n al\u0131n. 18 in\u00e7 beyaz alt\u0131n zincir sat\u0131n al\u0131n. \u00dccretsiz teslimat ve kolay iade.","robots":{"index":"index","follow":"follow","max-snippet":"max-snippet:-1","max-image-preview":"max-image-preview:large","max-video-preview":"max-video-preview:-1"},"canonical":"https:\/\/www.purejewels.com\/tr\/urun\/18-ayar-beyaz-altin-kablo-zincir-unisex-41342\/","og_locale":"tr_TR","og_type":"article","og_title":"Cable chain in UK | 18ct White Gold chain | Purejewels UK","og_description":"18ct White Gold Jewelry in UK. Shop the latest collection of gold chains in the UK. Buy 18 inch white gold chain. Free delivery & easy returns.","og_url":"https:\/\/www.purejewels.com\/tr\/urun\/18-ayar-beyaz-altin-kablo-zincir-unisex-41342\/","og_site_name":"PureJewels UK","article_modified_time":"2024-09-13T04:08:37+00:00","og_image":[{"width":1000,"height":1000,"url":"https:\/\/www.purejewels.com\/wp-content\/uploads\/2022\/01\/41342-1.jpg","type":"image\/jpeg"}],"twitter_card":"summary_large_image","twitter_misc":{"Tahmini okuma s\u00fcresi":"1 dakika"},"schema":{"@context":"https:\/\/schema.org","@graph":[{"@type":["WebPage","ItemPage"],"@id":"https:\/\/www.purejewels.com\/product\/18ct-white-gold-cable-chain-unisex-41342\/","url":"https:\/\/www.purejewels.com\/product\/18ct-white-gold-cable-chain-unisex-41342\/","name":"\u0130ngiltere'de kablo zincir | 18 Ayar Beyaz Alt\u0131n zincir | Purejewels UK","isPartOf":{"@id":"https:\/\/www.purejewels.com\/#website"},"primaryImageOfPage":{"@id":"https:\/\/www.purejewels.com\/product\/18ct-white-gold-cable-chain-unisex-41342\/#primaryimage"},"image":{"@id":"https:\/\/www.purejewels.com\/product\/18ct-white-gold-cable-chain-unisex-41342\/#primaryimage"},"thumbnailUrl":"https:\/\/static.purejewels.com\/wp-content\/uploads\/2022\/01\/41342-1.jpg","datePublished":"2022-01-05T10:24:59+00:00","dateModified":"2024-09-13T04:08:37+00:00","description":"\u0130ngiltere'de 18 Ayar Beyaz Alt\u0131n Tak\u0131lar. \u0130ngiltere'deki en yeni alt\u0131n zincir koleksiyonunu sat\u0131n al\u0131n. 18 in\u00e7 beyaz alt\u0131n zincir sat\u0131n al\u0131n. \u00dccretsiz teslimat ve kolay iade.","breadcrumb":{"@id":"https:\/\/www.purejewels.com\/product\/18ct-white-gold-cable-chain-unisex-41342\/#breadcrumb"},"inLanguage":"tr","potentialAction":[{"@type":"ReadAction","target":["https:\/\/www.purejewels.com\/product\/18ct-white-gold-cable-chain-unisex-41342\/"]}]},{"@type":"ImageObject","inLanguage":"tr","@id":"https:\/\/www.purejewels.com\/product\/18ct-white-gold-cable-chain-unisex-41342\/#primaryimage","url":"https:\/\/static.purejewels.com\/wp-content\/uploads\/2022\/01\/41342-1.jpg","contentUrl":"https:\/\/static.purejewels.com\/wp-content\/uploads\/2022\/01\/41342-1.jpg","width":1000,"height":1000,"caption":"18ct White Gold Cable Chain | Unisex"},{"@type":"BreadcrumbList","@id":"https:\/\/www.purejewels.com\/product\/18ct-white-gold-cable-chain-unisex-41342\/#breadcrumb","itemListElement":[{"@type":"ListItem","position":1,"name":"Home","item":"https:\/\/www.purejewels.com\/"},{"@type":"ListItem","position":2,"name":"Shop","item":"https:\/\/www.purejewels.com\/shop\/"},{"@type":"ListItem","position":3,"name":"18ct White Gold | Cable Chain | 18 Inches | 0.8mm Thick"}]},{"@type":"WebSite","@id":"https:\/\/www.purejewels.com\/#website","url":"https:\/\/www.purejewels.com\/","name":"PureJewels \u0130ngiltere","description":"Sevgiyi Payla\u015f\u0131n","publisher":{"@id":"https:\/\/www.purejewels.com\/#organization"},"potentialAction":[{"@type":"SearchAction","target":{"@type":"EntryPoint","urlTemplate":"https:\/\/www.purejewels.com\/?s={search_term_string}"},"query-input":{"@type":"PropertyValueSpecification","valueRequired":true,"valueName":"search_term_string"}}],"inLanguage":"tr"},{"@type":"Organization","@id":"https:\/\/www.purejewels.com\/#organization","name":"PureJewels \u0130ngiltere","url":"https:\/\/www.purejewels.com\/","logo":{"@type":"ImageObject","inLanguage":"tr","@id":"https:\/\/www.purejewels.com\/#\/schema\/logo\/image\/","url":"https:\/\/static.purejewels.com\/wp-content\/uploads\/2020\/11\/Logo-PJ-New-1.png","contentUrl":"https:\/\/static.purejewels.com\/wp-content\/uploads\/2020\/11\/Logo-PJ-New-1.png","width":150,"height":80,"caption":"PureJewels UK"},"image":{"@id":"https:\/\/www.purejewels.com\/#\/schema\/logo\/image\/"}}]}},"_links":{"self":[{"href":"https:\/\/www.purejewels.com\/tr\/wp-json\/wp\/v2\/product\/330969","targetHints":{"allow":["GET"]}}],"collection":[{"href":"https:\/\/www.purejewels.com\/tr\/wp-json\/wp\/v2\/product"}],"about":[{"href":"https:\/\/www.purejewels.com\/tr\/wp-json\/wp\/v2\/types\/product"}],"replies":[{"embeddable":true,"href":"https:\/\/www.purejewels.com\/tr\/wp-json\/wp\/v2\/comments?post=330969"}],"version-history":[{"count":1,"href":"https:\/\/www.purejewels.com\/tr\/wp-json\/wp\/v2\/product\/330969\/revisions"}],"predecessor-version":[{"id":371902,"href":"https:\/\/www.purejewels.com\/tr\/wp-json\/wp\/v2\/product\/330969\/revisions\/371902"}],"wp:featuredmedia":[{"embeddable":true,"href":"https:\/\/www.purejewels.com\/tr\/wp-json\/wp\/v2\/media\/330970"}],"wp:attachment":[{"href":"https:\/\/www.purejewels.com\/tr\/wp-json\/wp\/v2\/media?parent=330969"}],"wp:term":[{"taxonomy":"product_brand","embeddable":true,"href":"https:\/\/www.purejewels.com\/tr\/wp-json\/wp\/v2\/product_brand?post=330969"},{"taxonomy":"product_cat","embeddable":true,"href":"https:\/\/www.purejewels.com\/tr\/wp-json\/wp\/v2\/product_cat?post=330969"},{"taxonomy":"product_tag","embeddable":true,"href":"https:\/\/www.purejewels.com\/tr\/wp-json\/wp\/v2\/product_tag?post=330969"}],"curies":[{"name":"wp","href":"https:\/\/api.w.org\/{rel}","templated":true}]}}