{"id":330973,"date":"2022-01-05T10:36:17","date_gmt":"2022-01-05T10:36:17","guid":{"rendered":"https:\/\/www.purejewels.com\/?post_type=product&#038;p=330973"},"modified":"2025-06-25T09:28:01","modified_gmt":"2025-06-25T08:28:01","slug":"18-ayar-beyaz-altin-baklali-zincir-unisex","status":"publish","type":"product","link":"https:\/\/www.purejewels.com\/tr\/product\/18ct-white-gold-link-chain-unisex\/","title":{"rendered":"18 Ayar Beyaz Alt\u0131n | Baklal\u0131 Zincir | 18 \u0130n\u00e7 | 0,8 mm Kal\u0131nl\u0131k"},"content":{"rendered":"<h3>An<\/h3>\n<p>Hediye fikirlerinin t\u00fckendi\u011fi ya da ge\u00e7 kald\u0131\u011f\u0131n\u0131z ama yine de zarif, ki\u015fisel ve \u00f6zel bir \u015fey hediye etmek istedi\u011finiz zamanlar i\u00e7in bu \"m\u00fckemmel bir \u015fey\". Zarif zincir c\u00f6mert\u00e7e fiyatland\u0131r\u0131lm\u0131\u015f ve siz ve sevdikleriniz i\u00e7in m\u00fckemmel bir hediye olmas\u0131 i\u00e7in g\u00fczelce i\u015flenmi\u015ftir.<\/p>\n<h3>Tasar\u0131m<\/h3>\n<p>Bu ince ama \u00e7arp\u0131c\u0131 ba\u011flant\u0131 <strong>zincir<\/strong> ger\u00e7ekten de m\u00fccevher kutunuza anlaml\u0131 bir katk\u0131 olacakt\u0131r, t\u0131pk\u0131 bizimkine muhte\u015fem bir katk\u0131 oldu\u011fu gibi. Bizim <a href=\"https:\/\/www.purejewels.com\/tr\/product\/18-carat-white-gold-chain-20-inches\/\">18 ayar beyaz alt\u0131n<\/a> Kolye zinciri, detaylara ve tasar\u0131ma azami \u00f6zen g\u00f6sterilerek haz\u0131rlanm\u0131\u015ft\u0131r. Bu g\u00fczellik 18 in\u00e7 uzunlu\u011funda ve 0,8 mm kal\u0131nl\u0131\u011f\u0131ndad\u0131r. Beyaz alt\u0131n kolyemizin her bir halkas\u0131 <a href=\"https:\/\/www.purejewels.com\/tr\/product\/18ct-white-gold-link-chain-46414\/\">baklal\u0131 zincir<\/a> her biri el i\u015f\u00e7ili\u011fiyle \u00f6zenle haz\u0131rlanm\u0131\u015f ve benzersiz bir \u015fekilde m\u00fckemmel hale getirilmi\u015ftir; bu halkalar\u0131n karma\u015f\u0131k dokumas\u0131 ise bu narin Hint zincirini bir sanat eseri haline getirmektedir.<\/p>\n<h3>Stil<\/h3>\n<p>Hassasiyetimiz <strong>18 ayar beyaz alt\u0131n zincir<\/strong> s\u00fcper dinamik ve ayarlanabilirdir, ba\u011f\u0131ms\u0131z olarak giyilebilir veya di\u011ferleriyle birlikte istiflenebilir <a href=\"https:\/\/www.purejewels.com\/tr\/product-category\/22ct-gold-jewellery\/gold-necklaces\/\">KOLYELER<\/a> Ya da sizi kesinlikle muhte\u015fem hissettirmek i\u00e7in titizlikle tasarlanm\u0131\u015f \u00e7arp\u0131c\u0131 m\u00fccevher koleksiyonumuzdan g\u00fczel bir kolye bile se\u00e7ebilirsiniz.<\/p>","protected":false},"excerpt":{"rendered":"<table class=\"sh_desc\" style=\"width: 100%; height: 280px;\">\n<tbody>\n<tr style=\"height: 28px;\">\n<td style=\"height: 28px;\">Zincir Tipi<\/td>\n<td style=\"height: 28px;\">Ba\u011flant\u0131 Zinciri<\/td>\n<\/tr>\n<tr style=\"height: 28px;\">\n<td style=\"height: 28px;\">SKU<\/td>\n<td style=\"height: 28px;\">41325<\/td>\n<\/tr>\n<tr style=\"height: 28px;\">\n<td style=\"height: 28px;\">Metal<\/td>\n<td style=\"height: 28px;\">18 Ayar Beyaz Alt\u0131n<\/td>\n<\/tr>\n<tr style=\"height: 28px;\">\n<td style=\"height: 28px;\">Kal\u0131nl\u0131k<\/td>\n<td style=\"height: 28px;\">0,8 mm<\/td>\n<\/tr>\n<tr style=\"height: 28px;\">\n<td style=\"height: 28px;\">Uzunluk<\/td>\n<td style=\"height: 28px;\">18 in\u00e7<\/td>\n<\/tr>\n<tr style=\"height: 28px;\">\n<td style=\"height: 28px;\">Hallmark<\/td>\n<td style=\"height: 28px;\">Londra Tahlil Ofisi Taraf\u0131ndan Damgalanm\u0131\u015f 18 Ayar Beyaz Alt\u0131n<\/td>\n<\/tr>\n<tr style=\"height: 28px;\">\n<td style=\"height: 28px;\">\u00dccretler<\/td>\n<td style=\"height: 28px;\">Teslimat ve KDV Dahil<\/td>\n<\/tr>\n<tr style=\"height: 28px;\">\n<td style=\"height: 28px;\">Paketleme<\/td>\n<td style=\"height: 28px;\">Sunum Kutusu ile Birlikte Gelir<\/td>\n<\/tr>\n<tr style=\"height: 28px;\">\n<td style=\"height: 28px;\">Daha Fazla Bilgi<\/td>\n<td style=\"height: 28px;\">\n<ul>\n<li>M\u00fcsaitlik durumu ve daha fazla resim i\u00e7in bizimle canl\u0131 sohbet edin<\/li>\n<li>Erkek Zincirimizi Ke\u015ffedin<\/li>\n<\/ul>\n<\/td>\n<\/tr>\n<\/tbody>\n<\/table>","protected":false},"featured_media":330974,"comment_status":"closed","ping_status":"closed","template":"","meta":{"_eb_attr":"","_crsspst_to_jayantr4sg-hostcom":false},"product_brand":[],"product_cat":[5316,5679,1794,5344,1772,5597,1569,5348],"product_tag":[65],"class_list":{"0":"post-330973","1":"product","2":"type-product","3":"status-publish","4":"has-post-thumbnail","6":"product_cat-18ct-white-gold-chain","7":"product_cat-18ct-gold-jewellery","8":"product_cat-christmas-gifts","9":"product_cat-jewellery-under-750","10":"product_cat-kids-chains","11":"product_cat-link-chain","12":"product_cat-valentine-day-gifts","13":"product_cat-white-gold-jewellery","14":"product_tag-chains","16":"first","17":"outofstock","18":"taxable","19":"shipping-taxable","20":"product-type-simple","21":"add-to-wishlist-before_image"},"yoast_head":"<!-- This site is optimized with the Yoast SEO plugin v27.3 - https:\/\/yoast.com\/product\/yoast-seo-wordpress\/ -->\n<title>18ct white gold Link Chain | Designer Chains | PurejEwels UK<\/title>\n<meta name=\"description\" content=\"white gold link chains in UK | 18 inch Link Chain in UK | Dailywear unisex chains in white 18ct gold. Hurry up! Limited Stock only.\" \/>\n<meta name=\"robots\" content=\"index, follow, max-snippet:-1, max-image-preview:large, max-video-preview:-1\" \/>\n<link rel=\"canonical\" href=\"https:\/\/www.purejewels.com\/tr\/urun\/18-ayar-beyaz-altin-baklali-zincir-unisex\/\" \/>\n<meta property=\"og:locale\" content=\"tr_TR\" \/>\n<meta property=\"og:type\" content=\"article\" \/>\n<meta property=\"og:title\" content=\"18ct white gold Link Chain | Designer Chains | PurejEwels UK\" \/>\n<meta property=\"og:description\" content=\"white gold link chains in UK | 18 inch Link Chain in UK | Dailywear unisex chains in white 18ct gold. Hurry up! Limited Stock only.\" \/>\n<meta property=\"og:url\" content=\"https:\/\/www.purejewels.com\/tr\/urun\/18-ayar-beyaz-altin-baklali-zincir-unisex\/\" \/>\n<meta property=\"og:site_name\" content=\"PureJewels UK\" \/>\n<meta property=\"article:modified_time\" content=\"2025-06-25T08:28:01+00:00\" \/>\n<meta property=\"og:image\" content=\"https:\/\/www.purejewels.com\/wp-content\/uploads\/2022\/01\/41325-1.jpg\" \/>\n\t<meta property=\"og:image:width\" content=\"1000\" \/>\n\t<meta property=\"og:image:height\" content=\"1000\" \/>\n\t<meta property=\"og:image:type\" content=\"image\/jpeg\" \/>\n<meta name=\"twitter:card\" content=\"summary_large_image\" \/>\n<meta name=\"twitter:label1\" content=\"Tahmini okuma s\u00fcresi\" \/>\n\t<meta name=\"twitter:data1\" content=\"1 dakika\" \/>\n<script type=\"application\/ld+json\" class=\"yoast-schema-graph\">{\"@context\":\"https:\\\/\\\/schema.org\",\"@graph\":[{\"@type\":[\"WebPage\",\"ItemPage\"],\"@id\":\"https:\\\/\\\/www.purejewels.com\\\/product\\\/18ct-white-gold-link-chain-unisex\\\/\",\"url\":\"https:\\\/\\\/www.purejewels.com\\\/product\\\/18ct-white-gold-link-chain-unisex\\\/\",\"name\":\"18ct white gold Link Chain | Designer Chains | PurejEwels UK\",\"isPartOf\":{\"@id\":\"https:\\\/\\\/www.purejewels.com\\\/#website\"},\"primaryImageOfPage\":{\"@id\":\"https:\\\/\\\/www.purejewels.com\\\/product\\\/18ct-white-gold-link-chain-unisex\\\/#primaryimage\"},\"image\":{\"@id\":\"https:\\\/\\\/www.purejewels.com\\\/product\\\/18ct-white-gold-link-chain-unisex\\\/#primaryimage\"},\"thumbnailUrl\":\"https:\\\/\\\/static.purejewels.com\\\/wp-content\\\/uploads\\\/2022\\\/01\\\/41325-1.jpg\",\"datePublished\":\"2022-01-05T10:36:17+00:00\",\"dateModified\":\"2025-06-25T08:28:01+00:00\",\"description\":\"white gold link chains in UK | 18 inch Link Chain in UK | Dailywear unisex chains in white 18ct gold. Hurry up! Limited Stock only.\",\"breadcrumb\":{\"@id\":\"https:\\\/\\\/www.purejewels.com\\\/product\\\/18ct-white-gold-link-chain-unisex\\\/#breadcrumb\"},\"inLanguage\":\"tr\",\"potentialAction\":[{\"@type\":\"ReadAction\",\"target\":[\"https:\\\/\\\/www.purejewels.com\\\/product\\\/18ct-white-gold-link-chain-unisex\\\/\"]}]},{\"@type\":\"ImageObject\",\"inLanguage\":\"tr\",\"@id\":\"https:\\\/\\\/www.purejewels.com\\\/product\\\/18ct-white-gold-link-chain-unisex\\\/#primaryimage\",\"url\":\"https:\\\/\\\/static.purejewels.com\\\/wp-content\\\/uploads\\\/2022\\\/01\\\/41325-1.jpg\",\"contentUrl\":\"https:\\\/\\\/static.purejewels.com\\\/wp-content\\\/uploads\\\/2022\\\/01\\\/41325-1.jpg\",\"width\":1000,\"height\":1000,\"caption\":\"18ct White Gold Link Chain | Unisex\"},{\"@type\":\"BreadcrumbList\",\"@id\":\"https:\\\/\\\/www.purejewels.com\\\/product\\\/18ct-white-gold-link-chain-unisex\\\/#breadcrumb\",\"itemListElement\":[{\"@type\":\"ListItem\",\"position\":1,\"name\":\"Home\",\"item\":\"https:\\\/\\\/www.purejewels.com\\\/\"},{\"@type\":\"ListItem\",\"position\":2,\"name\":\"Shop\",\"item\":\"https:\\\/\\\/www.purejewels.com\\\/shop\\\/\"},{\"@type\":\"ListItem\",\"position\":3,\"name\":\"18ct White Gold | Link Chain | 18 Inches | 0.8mm Thick\"}]},{\"@type\":\"WebSite\",\"@id\":\"https:\\\/\\\/www.purejewels.com\\\/#website\",\"url\":\"https:\\\/\\\/www.purejewels.com\\\/\",\"name\":\"PureJewels UK\",\"description\":\"Share the Love\",\"publisher\":{\"@id\":\"https:\\\/\\\/www.purejewels.com\\\/#organization\"},\"potentialAction\":[{\"@type\":\"SearchAction\",\"target\":{\"@type\":\"EntryPoint\",\"urlTemplate\":\"https:\\\/\\\/www.purejewels.com\\\/?s={search_term_string}\"},\"query-input\":{\"@type\":\"PropertyValueSpecification\",\"valueRequired\":true,\"valueName\":\"search_term_string\"}}],\"inLanguage\":\"tr\"},{\"@type\":\"Organization\",\"@id\":\"https:\\\/\\\/www.purejewels.com\\\/#organization\",\"name\":\"PureJewels UK\",\"url\":\"https:\\\/\\\/www.purejewels.com\\\/\",\"logo\":{\"@type\":\"ImageObject\",\"inLanguage\":\"tr\",\"@id\":\"https:\\\/\\\/www.purejewels.com\\\/#\\\/schema\\\/logo\\\/image\\\/\",\"url\":\"https:\\\/\\\/static.purejewels.com\\\/wp-content\\\/uploads\\\/2020\\\/11\\\/Logo-PJ-New-1.png\",\"contentUrl\":\"https:\\\/\\\/static.purejewels.com\\\/wp-content\\\/uploads\\\/2020\\\/11\\\/Logo-PJ-New-1.png\",\"width\":150,\"height\":80,\"caption\":\"PureJewels UK\"},\"image\":{\"@id\":\"https:\\\/\\\/www.purejewels.com\\\/#\\\/schema\\\/logo\\\/image\\\/\"}}]}<\/script>\n<!-- \/ Yoast SEO plugin. -->","yoast_head_json":{"title":"18 ayar beyaz alt\u0131n Link Zincir | Tasar\u0131m Zincirler | PurejEwels UK","description":"\u0130ngiltere'de beyaz alt\u0131n baklal\u0131 zincirler | \u0130ngiltere'de 18 in\u00e7 Baklal\u0131 Zincir | Beyaz 18 ayar alt\u0131n Dailywear unisex zincirler. Acele edin! Sadece S\u0131n\u0131rl\u0131 Stok.","robots":{"index":"index","follow":"follow","max-snippet":"max-snippet:-1","max-image-preview":"max-image-preview:large","max-video-preview":"max-video-preview:-1"},"canonical":"https:\/\/www.purejewels.com\/tr\/urun\/18-ayar-beyaz-altin-baklali-zincir-unisex\/","og_locale":"tr_TR","og_type":"article","og_title":"18ct white gold Link Chain | Designer Chains | PurejEwels UK","og_description":"white gold link chains in UK | 18 inch Link Chain in UK | Dailywear unisex chains in white 18ct gold. Hurry up! Limited Stock only.","og_url":"https:\/\/www.purejewels.com\/tr\/urun\/18-ayar-beyaz-altin-baklali-zincir-unisex\/","og_site_name":"PureJewels UK","article_modified_time":"2025-06-25T08:28:01+00:00","og_image":[{"width":1000,"height":1000,"url":"https:\/\/www.purejewels.com\/wp-content\/uploads\/2022\/01\/41325-1.jpg","type":"image\/jpeg"}],"twitter_card":"summary_large_image","twitter_misc":{"Tahmini okuma s\u00fcresi":"1 dakika"},"schema":{"@context":"https:\/\/schema.org","@graph":[{"@type":["WebPage","ItemPage"],"@id":"https:\/\/www.purejewels.com\/product\/18ct-white-gold-link-chain-unisex\/","url":"https:\/\/www.purejewels.com\/product\/18ct-white-gold-link-chain-unisex\/","name":"18 ayar beyaz alt\u0131n Link Zincir | Tasar\u0131m Zincirler | PurejEwels UK","isPartOf":{"@id":"https:\/\/www.purejewels.com\/#website"},"primaryImageOfPage":{"@id":"https:\/\/www.purejewels.com\/product\/18ct-white-gold-link-chain-unisex\/#primaryimage"},"image":{"@id":"https:\/\/www.purejewels.com\/product\/18ct-white-gold-link-chain-unisex\/#primaryimage"},"thumbnailUrl":"https:\/\/static.purejewels.com\/wp-content\/uploads\/2022\/01\/41325-1.jpg","datePublished":"2022-01-05T10:36:17+00:00","dateModified":"2025-06-25T08:28:01+00:00","description":"\u0130ngiltere'de beyaz alt\u0131n baklal\u0131 zincirler | \u0130ngiltere'de 18 in\u00e7 Baklal\u0131 Zincir | Beyaz 18 ayar alt\u0131n Dailywear unisex zincirler. Acele edin! Sadece S\u0131n\u0131rl\u0131 Stok.","breadcrumb":{"@id":"https:\/\/www.purejewels.com\/product\/18ct-white-gold-link-chain-unisex\/#breadcrumb"},"inLanguage":"tr","potentialAction":[{"@type":"ReadAction","target":["https:\/\/www.purejewels.com\/product\/18ct-white-gold-link-chain-unisex\/"]}]},{"@type":"ImageObject","inLanguage":"tr","@id":"https:\/\/www.purejewels.com\/product\/18ct-white-gold-link-chain-unisex\/#primaryimage","url":"https:\/\/static.purejewels.com\/wp-content\/uploads\/2022\/01\/41325-1.jpg","contentUrl":"https:\/\/static.purejewels.com\/wp-content\/uploads\/2022\/01\/41325-1.jpg","width":1000,"height":1000,"caption":"18ct White Gold Link Chain | Unisex"},{"@type":"BreadcrumbList","@id":"https:\/\/www.purejewels.com\/product\/18ct-white-gold-link-chain-unisex\/#breadcrumb","itemListElement":[{"@type":"ListItem","position":1,"name":"Home","item":"https:\/\/www.purejewels.com\/"},{"@type":"ListItem","position":2,"name":"Shop","item":"https:\/\/www.purejewels.com\/shop\/"},{"@type":"ListItem","position":3,"name":"18ct White Gold | Link Chain | 18 Inches | 0.8mm Thick"}]},{"@type":"WebSite","@id":"https:\/\/www.purejewels.com\/#website","url":"https:\/\/www.purejewels.com\/","name":"PureJewels \u0130ngiltere","description":"Sevgiyi Payla\u015f\u0131n","publisher":{"@id":"https:\/\/www.purejewels.com\/#organization"},"potentialAction":[{"@type":"SearchAction","target":{"@type":"EntryPoint","urlTemplate":"https:\/\/www.purejewels.com\/?s={search_term_string}"},"query-input":{"@type":"PropertyValueSpecification","valueRequired":true,"valueName":"search_term_string"}}],"inLanguage":"tr"},{"@type":"Organization","@id":"https:\/\/www.purejewels.com\/#organization","name":"PureJewels \u0130ngiltere","url":"https:\/\/www.purejewels.com\/","logo":{"@type":"ImageObject","inLanguage":"tr","@id":"https:\/\/www.purejewels.com\/#\/schema\/logo\/image\/","url":"https:\/\/static.purejewels.com\/wp-content\/uploads\/2020\/11\/Logo-PJ-New-1.png","contentUrl":"https:\/\/static.purejewels.com\/wp-content\/uploads\/2020\/11\/Logo-PJ-New-1.png","width":150,"height":80,"caption":"PureJewels UK"},"image":{"@id":"https:\/\/www.purejewels.com\/#\/schema\/logo\/image\/"}}]}},"_links":{"self":[{"href":"https:\/\/www.purejewels.com\/tr\/wp-json\/wp\/v2\/product\/330973","targetHints":{"allow":["GET"]}}],"collection":[{"href":"https:\/\/www.purejewels.com\/tr\/wp-json\/wp\/v2\/product"}],"about":[{"href":"https:\/\/www.purejewels.com\/tr\/wp-json\/wp\/v2\/types\/product"}],"replies":[{"embeddable":true,"href":"https:\/\/www.purejewels.com\/tr\/wp-json\/wp\/v2\/comments?post=330973"}],"version-history":[{"count":2,"href":"https:\/\/www.purejewels.com\/tr\/wp-json\/wp\/v2\/product\/330973\/revisions"}],"predecessor-version":[{"id":402396,"href":"https:\/\/www.purejewels.com\/tr\/wp-json\/wp\/v2\/product\/330973\/revisions\/402396"}],"wp:featuredmedia":[{"embeddable":true,"href":"https:\/\/www.purejewels.com\/tr\/wp-json\/wp\/v2\/media\/330974"}],"wp:attachment":[{"href":"https:\/\/www.purejewels.com\/tr\/wp-json\/wp\/v2\/media?parent=330973"}],"wp:term":[{"taxonomy":"product_brand","embeddable":true,"href":"https:\/\/www.purejewels.com\/tr\/wp-json\/wp\/v2\/product_brand?post=330973"},{"taxonomy":"product_cat","embeddable":true,"href":"https:\/\/www.purejewels.com\/tr\/wp-json\/wp\/v2\/product_cat?post=330973"},{"taxonomy":"product_tag","embeddable":true,"href":"https:\/\/www.purejewels.com\/tr\/wp-json\/wp\/v2\/product_tag?post=330973"}],"curies":[{"name":"wp","href":"https:\/\/api.w.org\/{rel}","templated":true}]}}