{"id":331002,"date":"2022-01-05T11:39:37","date_gmt":"2022-01-05T11:39:37","guid":{"rendered":"https:\/\/www.purejewels.com\/?post_type=product&#038;p=331002"},"modified":"2026-04-29T09:08:38","modified_gmt":"2026-04-29T08:08:38","slug":"22-ayar-altin-cocuk-bilekligi-48184","status":"publish","type":"product","link":"https:\/\/www.purejewels.com\/tr\/product\/22ct-gold-kids-bracelet-48184\/","title":{"rendered":"22 Ayar Alt\u0131n \u00c7ocuk Bilekli\u011fi | 5 \u0130n\u00e7"},"content":{"rendered":"<p><strong>Tasar\u0131m Konsepti<\/strong><\/p>\n<p>K\u00f6kleri gelene\u011fe ve d\u00fc\u015f\u00fcnceli sembolizme dayanan bu bileklik, 22 ayar alt\u0131n\u0131n s\u0131cakl\u0131\u011f\u0131n\u0131 siyah boncuklar\u0131n koruyucu \u00f6z\u00fcyle bir araya getirerek \u00e7ocuklu\u011fun masumiyetini ve \u00f6zenini kutlayan uyumlu bir tasar\u0131m yarat\u0131yor. Yumu\u015fak dokulu alt\u0131n boncuklar nazik bir oyunculuk sunarken, ritmik desen dengeyi yans\u0131tarak onu hem anlaml\u0131 hem de g\u00f6rsel olarak zarif k\u0131l\u0131yor.<\/p>\n<p><strong>Zanaatkarl\u0131k<\/strong><\/p>\n<p>Parlak 22 ayar alt\u0131ndan titizlikle i\u015flenen her bir boncuk, PureJewels'in hassasiyet ve sanat miras\u0131n\u0131 yans\u0131tan parlakl\u0131\u011f\u0131n\u0131 ve derinli\u011fini art\u0131rmak i\u00e7in ince dokularla detayland\u0131r\u0131lm\u0131\u015ft\u0131r. Bileklik, p\u00fcr\u00fczs\u00fcz ba\u011flant\u0131lar ve g\u00fcvenli bir toka ile \u00f6zenle bir araya getirilmi\u015ftir ve hassas bilekler i\u00e7in hafif ve rahat kal\u0131rken dayan\u0131kl\u0131l\u0131k sa\u011flar.<\/p>\n<p><strong>Stil Fikirleri<\/strong><\/p>\n<p>Hem g\u00fcnl\u00fck kullan\u0131m hem de \u00f6zel d\u00f6n\u00fcm noktalar\u0131 i\u00e7in m\u00fckemmel olan bu bileklik, ince ama anlaml\u0131 bir par\u00e7a olarak tek ba\u015f\u0131na tak\u0131labilir veya koordineli bir g\u00f6r\u00fcn\u00fcm i\u00e7in tamamlay\u0131c\u0131 m\u00fccevherlerle e\u015fle\u015ftirilebilir. Do\u011fum g\u00fcnleri, kutlamalar veya kutsamalar i\u00e7in d\u00fc\u015f\u00fcnceli bir hediye olur ve ilk y\u0131llar boyunca hem g\u00fczelli\u011fi hem de duyguyu ta\u015f\u0131yan de\u011ferli bir hat\u0131ra haline gelir.<\/p>","protected":false},"excerpt":{"rendered":"<p>K\u00fc\u00e7\u00fck bileklere hem koruma hem de zamans\u0131z bir \u015f\u0131kl\u0131k sunmak i\u00e7in haz\u0131rlanm\u0131\u015f, geleneksel siyah boncuklarla e\u015fle\u015ftirilmi\u015f, karma\u015f\u0131k dokulu alt\u0131n boncuklar i\u00e7eren b\u00fcy\u00fcleyici bir 22 ayar alt\u0131n \u00e7ocuk bilezi\u011fi.<\/p>\n<ul>\n<li>Yeni do\u011fan bebek i\u00e7in 22 ayar alt\u0131n mania m\u00fccevher bileklik.<\/li>\n<li>\u00c7ocuklar, \u00c7ocuklar, \u00c7ocuk, Bebek, Yeni Do\u011fan i\u00e7in uygundur.<\/li>\n<li>22 ayar damgal\u0131 \u00e7ocuk alt\u0131n tak\u0131lar\u0131.<\/li>\n<li>\u00a0Uzunluk: 5 \u0130n\u00e7<\/li>\n<li>A\u011f\u0131rl\u0131k 1.8grms<\/li>\n<li>SKU 48183, 48184<\/li>\n<li>T\u00fcm fiyatlara KDV dahildir<\/li>\n<li>Londra Tahlil Ofisi Taraf\u0131ndan Damgalanm\u0131\u015f 22 Ayar Alt\u0131n<\/li>\n<li>Sunum Kutusu ile Birlikte Gelir<\/li>\n<li>Teslimat Dahil<\/li>\n<li>Stok durumu ve stokta bulunan benzer tasar\u0131mlar\u0131n daha fazla g\u00f6r\u00fcnt\u00fcs\u00fc i\u00e7in bizimle canl\u0131 sohbet edin<\/li>\n<\/ul>","protected":false},"featured_media":327608,"comment_status":"closed","ping_status":"closed","template":"","meta":{"_eb_attr":"","_crsspst_to_jayantr4sg-hostcom":true},"product_brand":[],"product_cat":[5672,1576,1790,1324,1229,5343,1436],"product_tag":[],"class_list":{"0":"post-331002","1":"product","2":"type-product","3":"status-publish","4":"has-post-thumbnail","6":"product_cat-baby-gold-bracelet","7":"product_cat-childrens-jewellery","8":"product_cat-for-whom-when","9":"product_cat-gold-bracelet","10":"product_cat-22ct-gold-jewellery","11":"product_cat-jewellery-under-550","12":"product_cat-kids-bracelet-kada","14":"first","15":"instock","16":"taxable","17":"shipping-taxable","18":"purchasable","19":"product-type-simple","20":"add-to-wishlist-before_image"},"yoast_head":"<!-- This site is optimized with the Yoast SEO plugin v27.6 - https:\/\/yoast.com\/product\/yoast-seo-wordpress\/ -->\n<title>22ct Gold mania Jewellery bracelet for new born baby<\/title>\n<meta name=\"description\" content=\"Elegant 22ct gold kids bracelet with black beads and intricately textured gold elements. Designed for comfort, protection, and timeless gifting. Length: 5 inches.\" \/>\n<meta name=\"robots\" content=\"index, follow, max-snippet:-1, max-image-preview:large, max-video-preview:-1\" \/>\n<link rel=\"canonical\" href=\"https:\/\/www.purejewels.com\/tr\/urun\/22-ayar-altin-cocuk-bilekligi-48184\/\" \/>\n<meta property=\"og:locale\" content=\"tr_TR\" \/>\n<meta property=\"og:type\" content=\"article\" \/>\n<meta property=\"og:title\" content=\"22ct Gold mania Jewellery bracelet for new born baby\" \/>\n<meta property=\"og:description\" content=\"Elegant 22ct gold kids bracelet with black beads and intricately textured gold elements. Designed for comfort, protection, and timeless gifting. Length: 5 inches.\" \/>\n<meta property=\"og:url\" content=\"https:\/\/www.purejewels.com\/tr\/urun\/22-ayar-altin-cocuk-bilekligi-48184\/\" \/>\n<meta property=\"og:site_name\" content=\"PureJewels UK\" \/>\n<meta property=\"article:modified_time\" content=\"2026-04-29T08:08:38+00:00\" \/>\n<meta property=\"og:image\" content=\"https:\/\/static.purejewels.com\/wp-content\/uploads\/2018\/08\/27208-1.jpg\" \/>\n\t<meta property=\"og:image:width\" content=\"1000\" \/>\n\t<meta property=\"og:image:height\" content=\"1000\" \/>\n\t<meta property=\"og:image:type\" content=\"image\/jpeg\" \/>\n<meta name=\"twitter:card\" content=\"summary_large_image\" \/>\n<meta name=\"twitter:label1\" content=\"Tahmini okuma s\u00fcresi\" \/>\n\t<meta name=\"twitter:data1\" content=\"1 dakika\" \/>\n<script type=\"application\/ld+json\" class=\"yoast-schema-graph\">{\"@context\":\"https:\\\/\\\/schema.org\",\"@graph\":[{\"@type\":[\"WebPage\",\"ItemPage\"],\"@id\":\"https:\\\/\\\/www.purejewels.com\\\/product\\\/22ct-gold-kids-bracelet-48184\\\/\",\"url\":\"https:\\\/\\\/www.purejewels.com\\\/product\\\/22ct-gold-kids-bracelet-48184\\\/\",\"name\":\"22ct Gold mania Jewellery bracelet for new born baby\",\"isPartOf\":{\"@id\":\"https:\\\/\\\/www.purejewels.com\\\/#website\"},\"primaryImageOfPage\":{\"@id\":\"https:\\\/\\\/www.purejewels.com\\\/product\\\/22ct-gold-kids-bracelet-48184\\\/#primaryimage\"},\"image\":{\"@id\":\"https:\\\/\\\/www.purejewels.com\\\/product\\\/22ct-gold-kids-bracelet-48184\\\/#primaryimage\"},\"thumbnailUrl\":\"https:\\\/\\\/static.purejewels.com\\\/wp-content\\\/uploads\\\/2018\\\/08\\\/27208-1.jpg\",\"datePublished\":\"2022-01-05T11:39:37+00:00\",\"dateModified\":\"2026-04-29T08:08:38+00:00\",\"description\":\"Elegant 22ct gold kids bracelet with black beads and intricately textured gold elements. Designed for comfort, protection, and timeless gifting. Length: 5 inches.\",\"breadcrumb\":{\"@id\":\"https:\\\/\\\/www.purejewels.com\\\/product\\\/22ct-gold-kids-bracelet-48184\\\/#breadcrumb\"},\"inLanguage\":\"tr\",\"potentialAction\":[{\"@type\":\"ReadAction\",\"target\":[\"https:\\\/\\\/www.purejewels.com\\\/product\\\/22ct-gold-kids-bracelet-48184\\\/\"]}]},{\"@type\":\"ImageObject\",\"inLanguage\":\"tr\",\"@id\":\"https:\\\/\\\/www.purejewels.com\\\/product\\\/22ct-gold-kids-bracelet-48184\\\/#primaryimage\",\"url\":\"https:\\\/\\\/static.purejewels.com\\\/wp-content\\\/uploads\\\/2018\\\/08\\\/27208-1.jpg\",\"contentUrl\":\"https:\\\/\\\/static.purejewels.com\\\/wp-content\\\/uploads\\\/2018\\\/08\\\/27208-1.jpg\",\"width\":1000,\"height\":1000,\"caption\":\"22ct Gold Baby Bracelet 27208-1\"},{\"@type\":\"BreadcrumbList\",\"@id\":\"https:\\\/\\\/www.purejewels.com\\\/product\\\/22ct-gold-kids-bracelet-48184\\\/#breadcrumb\",\"itemListElement\":[{\"@type\":\"ListItem\",\"position\":1,\"name\":\"Home\",\"item\":\"https:\\\/\\\/www.purejewels.com\\\/\"},{\"@type\":\"ListItem\",\"position\":2,\"name\":\"Shop\",\"item\":\"https:\\\/\\\/www.purejewels.com\\\/shop\\\/\"},{\"@type\":\"ListItem\",\"position\":3,\"name\":\"22ct Gold Kids Bracelet | 5 Inches\"}]},{\"@type\":\"WebSite\",\"@id\":\"https:\\\/\\\/www.purejewels.com\\\/#website\",\"url\":\"https:\\\/\\\/www.purejewels.com\\\/\",\"name\":\"PureJewels UK\",\"description\":\"Share the Love\",\"publisher\":{\"@id\":\"https:\\\/\\\/www.purejewels.com\\\/#organization\"},\"potentialAction\":[{\"@type\":\"SearchAction\",\"target\":{\"@type\":\"EntryPoint\",\"urlTemplate\":\"https:\\\/\\\/www.purejewels.com\\\/?s={search_term_string}\"},\"query-input\":{\"@type\":\"PropertyValueSpecification\",\"valueRequired\":true,\"valueName\":\"search_term_string\"}}],\"inLanguage\":\"tr\"},{\"@type\":\"Organization\",\"@id\":\"https:\\\/\\\/www.purejewels.com\\\/#organization\",\"name\":\"PureJewels UK\",\"url\":\"https:\\\/\\\/www.purejewels.com\\\/\",\"logo\":{\"@type\":\"ImageObject\",\"inLanguage\":\"tr\",\"@id\":\"https:\\\/\\\/www.purejewels.com\\\/#\\\/schema\\\/logo\\\/image\\\/\",\"url\":\"https:\\\/\\\/static.purejewels.com\\\/wp-content\\\/uploads\\\/2020\\\/11\\\/Logo-PJ-New-1.png\",\"contentUrl\":\"https:\\\/\\\/static.purejewels.com\\\/wp-content\\\/uploads\\\/2020\\\/11\\\/Logo-PJ-New-1.png\",\"width\":150,\"height\":80,\"caption\":\"PureJewels UK\"},\"image\":{\"@id\":\"https:\\\/\\\/www.purejewels.com\\\/#\\\/schema\\\/logo\\\/image\\\/\"}}]}<\/script>\n<!-- \/ Yoast SEO plugin. -->","yoast_head_json":{"title":"Yeni do\u011fan bebek i\u00e7in 22 ayar alt\u0131n mania tak\u0131 bileklik","description":"Siyah boncuklar ve karma\u015f\u0131k dokulu alt\u0131n unsurlar i\u00e7eren zarif 22 ayar alt\u0131n \u00e7ocuk bilezi\u011fi. Rahatl\u0131k, koruma ve zamans\u0131z hediye i\u00e7in tasarlanm\u0131\u015ft\u0131r. Uzunluk: 5 in\u00e7.","robots":{"index":"index","follow":"follow","max-snippet":"max-snippet:-1","max-image-preview":"max-image-preview:large","max-video-preview":"max-video-preview:-1"},"canonical":"https:\/\/www.purejewels.com\/tr\/urun\/22-ayar-altin-cocuk-bilekligi-48184\/","og_locale":"tr_TR","og_type":"article","og_title":"22ct Gold mania Jewellery bracelet for new born baby","og_description":"Elegant 22ct gold kids bracelet with black beads and intricately textured gold elements. Designed for comfort, protection, and timeless gifting. Length: 5 inches.","og_url":"https:\/\/www.purejewels.com\/tr\/urun\/22-ayar-altin-cocuk-bilekligi-48184\/","og_site_name":"PureJewels UK","article_modified_time":"2026-04-29T08:08:38+00:00","og_image":[{"width":1000,"height":1000,"url":"https:\/\/static.purejewels.com\/wp-content\/uploads\/2018\/08\/27208-1.jpg","type":"image\/jpeg"}],"twitter_card":"summary_large_image","twitter_misc":{"Tahmini okuma s\u00fcresi":"1 dakika"},"schema":{"@context":"https:\/\/schema.org","@graph":[{"@type":["WebPage","ItemPage"],"@id":"https:\/\/www.purejewels.com\/product\/22ct-gold-kids-bracelet-48184\/","url":"https:\/\/www.purejewels.com\/product\/22ct-gold-kids-bracelet-48184\/","name":"Yeni do\u011fan bebek i\u00e7in 22 ayar alt\u0131n mania tak\u0131 bileklik","isPartOf":{"@id":"https:\/\/www.purejewels.com\/#website"},"primaryImageOfPage":{"@id":"https:\/\/www.purejewels.com\/product\/22ct-gold-kids-bracelet-48184\/#primaryimage"},"image":{"@id":"https:\/\/www.purejewels.com\/product\/22ct-gold-kids-bracelet-48184\/#primaryimage"},"thumbnailUrl":"https:\/\/static.purejewels.com\/wp-content\/uploads\/2018\/08\/27208-1.jpg","datePublished":"2022-01-05T11:39:37+00:00","dateModified":"2026-04-29T08:08:38+00:00","description":"Siyah boncuklar ve karma\u015f\u0131k dokulu alt\u0131n unsurlar i\u00e7eren zarif 22 ayar alt\u0131n \u00e7ocuk bilezi\u011fi. Rahatl\u0131k, koruma ve zamans\u0131z hediye i\u00e7in tasarlanm\u0131\u015ft\u0131r. Uzunluk: 5 in\u00e7.","breadcrumb":{"@id":"https:\/\/www.purejewels.com\/product\/22ct-gold-kids-bracelet-48184\/#breadcrumb"},"inLanguage":"tr","potentialAction":[{"@type":"ReadAction","target":["https:\/\/www.purejewels.com\/product\/22ct-gold-kids-bracelet-48184\/"]}]},{"@type":"ImageObject","inLanguage":"tr","@id":"https:\/\/www.purejewels.com\/product\/22ct-gold-kids-bracelet-48184\/#primaryimage","url":"https:\/\/static.purejewels.com\/wp-content\/uploads\/2018\/08\/27208-1.jpg","contentUrl":"https:\/\/static.purejewels.com\/wp-content\/uploads\/2018\/08\/27208-1.jpg","width":1000,"height":1000,"caption":"22ct Gold Baby Bracelet 27208-1"},{"@type":"BreadcrumbList","@id":"https:\/\/www.purejewels.com\/product\/22ct-gold-kids-bracelet-48184\/#breadcrumb","itemListElement":[{"@type":"ListItem","position":1,"name":"Home","item":"https:\/\/www.purejewels.com\/"},{"@type":"ListItem","position":2,"name":"Shop","item":"https:\/\/www.purejewels.com\/shop\/"},{"@type":"ListItem","position":3,"name":"22ct Gold Kids Bracelet | 5 Inches"}]},{"@type":"WebSite","@id":"https:\/\/www.purejewels.com\/#website","url":"https:\/\/www.purejewels.com\/","name":"PureJewels \u0130ngiltere","description":"Sevgiyi Payla\u015f\u0131n","publisher":{"@id":"https:\/\/www.purejewels.com\/#organization"},"potentialAction":[{"@type":"SearchAction","target":{"@type":"EntryPoint","urlTemplate":"https:\/\/www.purejewels.com\/?s={search_term_string}"},"query-input":{"@type":"PropertyValueSpecification","valueRequired":true,"valueName":"search_term_string"}}],"inLanguage":"tr"},{"@type":"Organization","@id":"https:\/\/www.purejewels.com\/#organization","name":"PureJewels \u0130ngiltere","url":"https:\/\/www.purejewels.com\/","logo":{"@type":"ImageObject","inLanguage":"tr","@id":"https:\/\/www.purejewels.com\/#\/schema\/logo\/image\/","url":"https:\/\/static.purejewels.com\/wp-content\/uploads\/2020\/11\/Logo-PJ-New-1.png","contentUrl":"https:\/\/static.purejewels.com\/wp-content\/uploads\/2020\/11\/Logo-PJ-New-1.png","width":150,"height":80,"caption":"PureJewels UK"},"image":{"@id":"https:\/\/www.purejewels.com\/#\/schema\/logo\/image\/"}}]}},"_links":{"self":[{"href":"https:\/\/www.purejewels.com\/tr\/wp-json\/wp\/v2\/product\/331002","targetHints":{"allow":["GET"]}}],"collection":[{"href":"https:\/\/www.purejewels.com\/tr\/wp-json\/wp\/v2\/product"}],"about":[{"href":"https:\/\/www.purejewels.com\/tr\/wp-json\/wp\/v2\/types\/product"}],"replies":[{"embeddable":true,"href":"https:\/\/www.purejewels.com\/tr\/wp-json\/wp\/v2\/comments?post=331002"}],"version-history":[{"count":5,"href":"https:\/\/www.purejewels.com\/tr\/wp-json\/wp\/v2\/product\/331002\/revisions"}],"predecessor-version":[{"id":427856,"href":"https:\/\/www.purejewels.com\/tr\/wp-json\/wp\/v2\/product\/331002\/revisions\/427856"}],"wp:featuredmedia":[{"embeddable":true,"href":"https:\/\/www.purejewels.com\/tr\/wp-json\/wp\/v2\/media\/327608"}],"wp:attachment":[{"href":"https:\/\/www.purejewels.com\/tr\/wp-json\/wp\/v2\/media?parent=331002"}],"wp:term":[{"taxonomy":"product_brand","embeddable":true,"href":"https:\/\/www.purejewels.com\/tr\/wp-json\/wp\/v2\/product_brand?post=331002"},{"taxonomy":"product_cat","embeddable":true,"href":"https:\/\/www.purejewels.com\/tr\/wp-json\/wp\/v2\/product_cat?post=331002"},{"taxonomy":"product_tag","embeddable":true,"href":"https:\/\/www.purejewels.com\/tr\/wp-json\/wp\/v2\/product_tag?post=331002"}],"curies":[{"name":"wp","href":"https:\/\/api.w.org\/{rel}","templated":true}]}}