{"id":331022,"date":"2022-01-06T04:23:20","date_gmt":"2022-01-06T04:23:20","guid":{"rendered":"https:\/\/www.purejewels.com\/?post_type=product&#038;p=331022"},"modified":"2026-04-29T09:11:03","modified_gmt":"2026-04-29T08:11:03","slug":"bebek-altin-bileklik-41253","status":"publish","type":"product","link":"https:\/\/www.purejewels.com\/tr\/product\/baby-gold-bracelet-41253\/","title":{"rendered":"22 Ayar Alt\u0131n Bebek Koruma Bilezi\u011fi"},"content":{"rendered":"<p><strong>Tasar\u0131m Konsepti<\/strong><\/p>\n<p>K\u00f6kleri gelene\u011fe dayanan Bebek Koruma Bilezi\u011fi, kullan\u0131c\u0131y\u0131 pozitiflik ve \u00f6zenle \u00e7evrelerken negatif enerjilere kar\u015f\u0131 korudu\u011funa inan\u0131lan as\u0131rl\u0131k bir sembol olan nazariyeden ilham al\u0131yor. Siyah boncuklar ve alt\u0131n elementlerin birle\u015fimi, sembolizm ve g\u00fczelli\u011fin uyumlu bir dengesini olu\u015fturarak onu sadece koruyucu bir t\u0131ls\u0131m de\u011fil, ayn\u0131 zamanda de\u011ferli bir hat\u0131ra haline getiriyor.<\/p>\n<p><strong>Zanaatkarl\u0131k<\/strong><\/p>\n<p>Y\u00fcksek safl\u0131kta 22 ayar alt\u0131ndan \u00fcretilen bileklik, cilal\u0131 alt\u0131n vurgularla i\u00e7 i\u00e7e ge\u00e7mi\u015f ince siyah boncuklara sahiptir. Her bir unsur, hassas bilekler i\u00e7in nazik ve rahat kal\u0131rken dayan\u0131kl\u0131l\u0131\u011f\u0131 sa\u011flamak i\u00e7in \u00f6zenle bir araya getirilmi\u015ftir. G\u00fcvenli toka, kullan\u0131m kolayl\u0131\u011f\u0131 sa\u011flayarak bilezi\u011fi g\u00fcnl\u00fck kullan\u0131m i\u00e7in uygun hale getirir.<\/p>\n<p><strong>\u015eekillendirme \/ Hediye Fikirleri<\/strong><\/p>\n<p>Bebek Koruma Bilezi\u011fi yeni do\u011fanlar, isim koyma t\u00f6renleri, do\u011fum g\u00fcnleri veya \u00f6zel d\u00f6n\u00fcm noktalar\u0131 i\u00e7in i\u00e7ten bir hediye olarak m\u00fckemmeldir. Zamans\u0131z tasar\u0131m\u0131 g\u00fcnl\u00fck olarak tak\u0131lmas\u0131na olanak sa\u011flarken, derin anlam\u0131 onu sevgi ve kutsamalarla aktar\u0131lan de\u011ferli bir hat\u0131ra haline getirir.<\/p>","protected":false},"excerpt":{"rendered":"<p>22 Ayar Alt\u0131n Bebek Koruma Bilezi\u011fi, koruma ve bereket sa\u011flad\u0131\u011f\u0131na inan\u0131lan geleneksel nazariye tasar\u0131m\u0131ndan esinlenerek alt\u0131n desenli narin siyah boncuklara sahiptir. I\u015f\u0131lt\u0131l\u0131 22 ayar alt\u0131ndan \u00fcretilen bu bileklik, k\u00fc\u00e7\u00fckler i\u00e7in d\u00fc\u015f\u00fcnceli ve anlaml\u0131 bir par\u00e7ad\u0131r.<\/p>\n<ul>\n<li><strong>Metal:<\/strong> 22 Ayar Alt\u0131n<\/li>\n<li><strong>Uzunluk :<\/strong> 6 \u0130n\u00e7<\/li>\n<li><strong>A\u011f\u0131rl\u0131k:<\/strong> 3 gram<\/li>\n<li><strong>SKU:<\/strong> 41253<\/li>\n<\/ul>","protected":false},"featured_media":327163,"comment_status":"closed","ping_status":"closed","template":"","meta":{"_eb_attr":"","_crsspst_to_jayantr4sg-hostcom":true},"product_brand":[],"product_cat":[5672,5441,1576,1324,1229,5344,1436],"product_tag":[],"class_list":{"0":"post-331022","1":"product","2":"type-product","3":"status-publish","4":"has-post-thumbnail","6":"product_cat-baby-gold-bracelet","7":"product_cat-gold-bead-bracelets","8":"product_cat-childrens-jewellery","9":"product_cat-gold-bracelet","10":"product_cat-22ct-gold-jewellery","11":"product_cat-jewellery-under-750","12":"product_cat-kids-bracelet-kada","14":"first","15":"instock","16":"sale","17":"taxable","18":"shipping-taxable","19":"purchasable","20":"product-type-simple","21":"add-to-wishlist-before_image"},"yoast_head":"<!-- This site is optimized with the Yoast SEO plugin v27.5 - https:\/\/yoast.com\/product\/yoast-seo-wordpress\/ -->\n<title>Shop 22ct Gold Baby Protection Bracelet | Nazariya Baby Jewellery<\/title>\n<meta name=\"description\" content=\"Discover the 22ct Gold Baby Protection Bracelet with black beads, designed as a traditional nazariya for protection and blessings. A meaningful gift for newborns.\" \/>\n<meta name=\"robots\" content=\"index, follow, max-snippet:-1, max-image-preview:large, max-video-preview:-1\" \/>\n<link rel=\"canonical\" href=\"https:\/\/www.purejewels.com\/tr\/urun\/bebek-altin-bileklik-41253\/\" \/>\n<meta property=\"og:locale\" content=\"tr_TR\" \/>\n<meta property=\"og:type\" content=\"article\" \/>\n<meta property=\"og:title\" content=\"Shop 22ct Gold Baby Protection Bracelet | Nazariya Baby Jewellery\" \/>\n<meta property=\"og:description\" content=\"Discover the 22ct Gold Baby Protection Bracelet with black beads, designed as a traditional nazariya for protection and blessings. A meaningful gift for newborns.\" \/>\n<meta property=\"og:url\" content=\"https:\/\/www.purejewels.com\/tr\/urun\/bebek-altin-bileklik-41253\/\" \/>\n<meta property=\"og:site_name\" content=\"PureJewels UK\" \/>\n<meta property=\"article:modified_time\" content=\"2026-04-29T08:11:03+00:00\" \/>\n<meta property=\"og:image\" content=\"https:\/\/static.purejewels.com\/wp-content\/uploads\/2021\/09\/34732-2.jpg\" \/>\n\t<meta property=\"og:image:width\" content=\"1000\" \/>\n\t<meta property=\"og:image:height\" content=\"1000\" \/>\n\t<meta property=\"og:image:type\" content=\"image\/jpeg\" \/>\n<meta name=\"twitter:card\" content=\"summary_large_image\" \/>\n<meta name=\"twitter:label1\" content=\"Tahmini okuma s\u00fcresi\" \/>\n\t<meta name=\"twitter:data1\" content=\"1 dakika\" \/>\n<script type=\"application\/ld+json\" class=\"yoast-schema-graph\">{\"@context\":\"https:\\\/\\\/schema.org\",\"@graph\":[{\"@type\":[\"WebPage\",\"ItemPage\"],\"@id\":\"https:\\\/\\\/www.purejewels.com\\\/product\\\/baby-gold-bracelet-41253\\\/\",\"url\":\"https:\\\/\\\/www.purejewels.com\\\/product\\\/baby-gold-bracelet-41253\\\/\",\"name\":\"Shop 22ct Gold Baby Protection Bracelet | Nazariya Baby Jewellery\",\"isPartOf\":{\"@id\":\"https:\\\/\\\/www.purejewels.com\\\/#website\"},\"primaryImageOfPage\":{\"@id\":\"https:\\\/\\\/www.purejewels.com\\\/product\\\/baby-gold-bracelet-41253\\\/#primaryimage\"},\"image\":{\"@id\":\"https:\\\/\\\/www.purejewels.com\\\/product\\\/baby-gold-bracelet-41253\\\/#primaryimage\"},\"thumbnailUrl\":\"https:\\\/\\\/static.purejewels.com\\\/wp-content\\\/uploads\\\/2021\\\/09\\\/34732-2.jpg\",\"datePublished\":\"2022-01-06T04:23:20+00:00\",\"dateModified\":\"2026-04-29T08:11:03+00:00\",\"description\":\"Discover the 22ct Gold Baby Protection Bracelet with black beads, designed as a traditional nazariya for protection and blessings. A meaningful gift for newborns.\",\"breadcrumb\":{\"@id\":\"https:\\\/\\\/www.purejewels.com\\\/product\\\/baby-gold-bracelet-41253\\\/#breadcrumb\"},\"inLanguage\":\"tr\",\"potentialAction\":[{\"@type\":\"ReadAction\",\"target\":[\"https:\\\/\\\/www.purejewels.com\\\/product\\\/baby-gold-bracelet-41253\\\/\"]}]},{\"@type\":\"ImageObject\",\"inLanguage\":\"tr\",\"@id\":\"https:\\\/\\\/www.purejewels.com\\\/product\\\/baby-gold-bracelet-41253\\\/#primaryimage\",\"url\":\"https:\\\/\\\/static.purejewels.com\\\/wp-content\\\/uploads\\\/2021\\\/09\\\/34732-2.jpg\",\"contentUrl\":\"https:\\\/\\\/static.purejewels.com\\\/wp-content\\\/uploads\\\/2021\\\/09\\\/34732-2.jpg\",\"width\":1000,\"height\":1000,\"caption\":\"22ct Gold Baby Bracelet 34732-2\"},{\"@type\":\"BreadcrumbList\",\"@id\":\"https:\\\/\\\/www.purejewels.com\\\/product\\\/baby-gold-bracelet-41253\\\/#breadcrumb\",\"itemListElement\":[{\"@type\":\"ListItem\",\"position\":1,\"name\":\"Home\",\"item\":\"https:\\\/\\\/www.purejewels.com\\\/\"},{\"@type\":\"ListItem\",\"position\":2,\"name\":\"Shop\",\"item\":\"https:\\\/\\\/www.purejewels.com\\\/shop\\\/\"},{\"@type\":\"ListItem\",\"position\":3,\"name\":\"22ct Gold Baby Protection Bracelet\"}]},{\"@type\":\"WebSite\",\"@id\":\"https:\\\/\\\/www.purejewels.com\\\/#website\",\"url\":\"https:\\\/\\\/www.purejewels.com\\\/\",\"name\":\"PureJewels UK\",\"description\":\"Share the Love\",\"publisher\":{\"@id\":\"https:\\\/\\\/www.purejewels.com\\\/#organization\"},\"potentialAction\":[{\"@type\":\"SearchAction\",\"target\":{\"@type\":\"EntryPoint\",\"urlTemplate\":\"https:\\\/\\\/www.purejewels.com\\\/?s={search_term_string}\"},\"query-input\":{\"@type\":\"PropertyValueSpecification\",\"valueRequired\":true,\"valueName\":\"search_term_string\"}}],\"inLanguage\":\"tr\"},{\"@type\":\"Organization\",\"@id\":\"https:\\\/\\\/www.purejewels.com\\\/#organization\",\"name\":\"PureJewels UK\",\"url\":\"https:\\\/\\\/www.purejewels.com\\\/\",\"logo\":{\"@type\":\"ImageObject\",\"inLanguage\":\"tr\",\"@id\":\"https:\\\/\\\/www.purejewels.com\\\/#\\\/schema\\\/logo\\\/image\\\/\",\"url\":\"https:\\\/\\\/static.purejewels.com\\\/wp-content\\\/uploads\\\/2020\\\/11\\\/Logo-PJ-New-1.png\",\"contentUrl\":\"https:\\\/\\\/static.purejewels.com\\\/wp-content\\\/uploads\\\/2020\\\/11\\\/Logo-PJ-New-1.png\",\"width\":150,\"height\":80,\"caption\":\"PureJewels UK\"},\"image\":{\"@id\":\"https:\\\/\\\/www.purejewels.com\\\/#\\\/schema\\\/logo\\\/image\\\/\"}}]}<\/script>\n<!-- \/ Yoast SEO plugin. -->","yoast_head_json":{"title":"22 Ayar Alt\u0131n Bebek Koruma Bilezi\u011fi | Nazariya Baby Jewellery Al\u0131\u015fveri\u015fi","description":"Koruma ve bereket i\u00e7in geleneksel bir nazarl\u0131k olarak tasarlanan siyah boncuklu 22 Ayar Alt\u0131n Bebek Koruma Bilezi\u011fini ke\u015ffedin. Yeni do\u011fanlar i\u00e7in anlaml\u0131 bir hediye.","robots":{"index":"index","follow":"follow","max-snippet":"max-snippet:-1","max-image-preview":"max-image-preview:large","max-video-preview":"max-video-preview:-1"},"canonical":"https:\/\/www.purejewels.com\/tr\/urun\/bebek-altin-bileklik-41253\/","og_locale":"tr_TR","og_type":"article","og_title":"Shop 22ct Gold Baby Protection Bracelet | Nazariya Baby Jewellery","og_description":"Discover the 22ct Gold Baby Protection Bracelet with black beads, designed as a traditional nazariya for protection and blessings. A meaningful gift for newborns.","og_url":"https:\/\/www.purejewels.com\/tr\/urun\/bebek-altin-bileklik-41253\/","og_site_name":"PureJewels UK","article_modified_time":"2026-04-29T08:11:03+00:00","og_image":[{"width":1000,"height":1000,"url":"https:\/\/static.purejewels.com\/wp-content\/uploads\/2021\/09\/34732-2.jpg","type":"image\/jpeg"}],"twitter_card":"summary_large_image","twitter_misc":{"Tahmini okuma s\u00fcresi":"1 dakika"},"schema":{"@context":"https:\/\/schema.org","@graph":[{"@type":["WebPage","ItemPage"],"@id":"https:\/\/www.purejewels.com\/product\/baby-gold-bracelet-41253\/","url":"https:\/\/www.purejewels.com\/product\/baby-gold-bracelet-41253\/","name":"22 Ayar Alt\u0131n Bebek Koruma Bilezi\u011fi | Nazariya Baby Jewellery Al\u0131\u015fveri\u015fi","isPartOf":{"@id":"https:\/\/www.purejewels.com\/#website"},"primaryImageOfPage":{"@id":"https:\/\/www.purejewels.com\/product\/baby-gold-bracelet-41253\/#primaryimage"},"image":{"@id":"https:\/\/www.purejewels.com\/product\/baby-gold-bracelet-41253\/#primaryimage"},"thumbnailUrl":"https:\/\/static.purejewels.com\/wp-content\/uploads\/2021\/09\/34732-2.jpg","datePublished":"2022-01-06T04:23:20+00:00","dateModified":"2026-04-29T08:11:03+00:00","description":"Koruma ve bereket i\u00e7in geleneksel bir nazarl\u0131k olarak tasarlanan siyah boncuklu 22 Ayar Alt\u0131n Bebek Koruma Bilezi\u011fini ke\u015ffedin. Yeni do\u011fanlar i\u00e7in anlaml\u0131 bir hediye.","breadcrumb":{"@id":"https:\/\/www.purejewels.com\/product\/baby-gold-bracelet-41253\/#breadcrumb"},"inLanguage":"tr","potentialAction":[{"@type":"ReadAction","target":["https:\/\/www.purejewels.com\/product\/baby-gold-bracelet-41253\/"]}]},{"@type":"ImageObject","inLanguage":"tr","@id":"https:\/\/www.purejewels.com\/product\/baby-gold-bracelet-41253\/#primaryimage","url":"https:\/\/static.purejewels.com\/wp-content\/uploads\/2021\/09\/34732-2.jpg","contentUrl":"https:\/\/static.purejewels.com\/wp-content\/uploads\/2021\/09\/34732-2.jpg","width":1000,"height":1000,"caption":"22ct Gold Baby Bracelet 34732-2"},{"@type":"BreadcrumbList","@id":"https:\/\/www.purejewels.com\/product\/baby-gold-bracelet-41253\/#breadcrumb","itemListElement":[{"@type":"ListItem","position":1,"name":"Home","item":"https:\/\/www.purejewels.com\/"},{"@type":"ListItem","position":2,"name":"Shop","item":"https:\/\/www.purejewels.com\/shop\/"},{"@type":"ListItem","position":3,"name":"22ct Gold Baby Protection Bracelet"}]},{"@type":"WebSite","@id":"https:\/\/www.purejewels.com\/#website","url":"https:\/\/www.purejewels.com\/","name":"PureJewels \u0130ngiltere","description":"Sevgiyi Payla\u015f\u0131n","publisher":{"@id":"https:\/\/www.purejewels.com\/#organization"},"potentialAction":[{"@type":"SearchAction","target":{"@type":"EntryPoint","urlTemplate":"https:\/\/www.purejewels.com\/?s={search_term_string}"},"query-input":{"@type":"PropertyValueSpecification","valueRequired":true,"valueName":"search_term_string"}}],"inLanguage":"tr"},{"@type":"Organization","@id":"https:\/\/www.purejewels.com\/#organization","name":"PureJewels \u0130ngiltere","url":"https:\/\/www.purejewels.com\/","logo":{"@type":"ImageObject","inLanguage":"tr","@id":"https:\/\/www.purejewels.com\/#\/schema\/logo\/image\/","url":"https:\/\/static.purejewels.com\/wp-content\/uploads\/2020\/11\/Logo-PJ-New-1.png","contentUrl":"https:\/\/static.purejewels.com\/wp-content\/uploads\/2020\/11\/Logo-PJ-New-1.png","width":150,"height":80,"caption":"PureJewels UK"},"image":{"@id":"https:\/\/www.purejewels.com\/#\/schema\/logo\/image\/"}}]}},"_links":{"self":[{"href":"https:\/\/www.purejewels.com\/tr\/wp-json\/wp\/v2\/product\/331022","targetHints":{"allow":["GET"]}}],"collection":[{"href":"https:\/\/www.purejewels.com\/tr\/wp-json\/wp\/v2\/product"}],"about":[{"href":"https:\/\/www.purejewels.com\/tr\/wp-json\/wp\/v2\/types\/product"}],"replies":[{"embeddable":true,"href":"https:\/\/www.purejewels.com\/tr\/wp-json\/wp\/v2\/comments?post=331022"}],"version-history":[{"count":4,"href":"https:\/\/www.purejewels.com\/tr\/wp-json\/wp\/v2\/product\/331022\/revisions"}],"predecessor-version":[{"id":428521,"href":"https:\/\/www.purejewels.com\/tr\/wp-json\/wp\/v2\/product\/331022\/revisions\/428521"}],"wp:featuredmedia":[{"embeddable":true,"href":"https:\/\/www.purejewels.com\/tr\/wp-json\/wp\/v2\/media\/327163"}],"wp:attachment":[{"href":"https:\/\/www.purejewels.com\/tr\/wp-json\/wp\/v2\/media?parent=331022"}],"wp:term":[{"taxonomy":"product_brand","embeddable":true,"href":"https:\/\/www.purejewels.com\/tr\/wp-json\/wp\/v2\/product_brand?post=331022"},{"taxonomy":"product_cat","embeddable":true,"href":"https:\/\/www.purejewels.com\/tr\/wp-json\/wp\/v2\/product_cat?post=331022"},{"taxonomy":"product_tag","embeddable":true,"href":"https:\/\/www.purejewels.com\/tr\/wp-json\/wp\/v2\/product_tag?post=331022"}],"curies":[{"name":"wp","href":"https:\/\/api.w.org\/{rel}","templated":true}]}}